{"id":96,"date":"2021-06-11T13:58:19","date_gmt":"2021-06-11T11:58:19","guid":{"rendered":"http:\/\/www.solidarnosc.org.pl\/ksn\/?page_id=96"},"modified":"2021-06-11T13:59:21","modified_gmt":"2021-06-11T11:59:21","slug":"zostan-czlonkiem-nszz-solidarnosc","status":"publish","type":"page","link":"https:\/\/www.solidarnosc.org.pl\/ksn\/zostan-czlonkiem-nszz-solidarnosc\/","title":{"rendered":"Jak zosta\u0107 cz\u0142onkiem NSZZ &#8222;Solidarno\u015b\u0107&#8221;?"},"content":{"rendered":"<p>NSZZ \u201eSolidarno\u015b\u0107\u201d ma struktur\u0119 terytorialno \u2013 bran\u017cow\u0105. Jednostkami terytorialnymi s\u0105 organizacje zak\u0142adowe, mi\u0119dzyzak\u0142adowe i <a href=\"http:\/\/www.solidarnosc.org.pl\/o-nszz-solidarnosc\/o-nszz-solidarnosc\/gdzie-nas-znajdziesz#regiony\">regiony<\/a>. Bran\u017cowymi jednostkami organizacyjnymi Zwi\u0105zku s\u0105 krajowe i regionalne <a href=\"http:\/\/www.solidarnosc.org.pl\/o-nszz-solidarnosc\/o-nszz-solidarnosc\/gdzie-nas-znajdziesz#sekretariaty_branzowe\">sekretariaty bran\u017cowe<\/a> oraz krajowe, mi\u0119dzyregionalne i regionalne sekcje bran\u017cowe.<\/p>\n<ul>\n<li>Dowiedz si\u0119, czy w Twoim zak\u0142adzie pracy dzia\u0142a ju\u017c Niezale\u017cny Samorz\u0105dny Zwi\u0105zek Zawodowy \u201eSolidarno\u015b\u0107\u201d. Linki do uczelnianych Komisji Zak\u0142adowych znajdziesz na naszej stronie w zak\u0142adce \u201eLinki\u201d.<\/li>\n<li>Je\u015bli w Twoim zak\u0142adzie pracy dzia\u0142a ju\u017c Niezale\u017cny Samorz\u0105dny Zwi\u0105zek Zawodowy \u201eSolidarno\u015b\u0107\u201d wystarczy, \u017ce wype\u0142nisz <a href=\"http:\/\/www.solidarnosc.org.pl\/images\/files\/sekprez\/deklaracja_-_02_2015.pdf\">deklaracj\u0119 cz\u0142onkowsk\u0105<\/a> i dostarczysz j\u0105 do odpowiedniego reprezentanta Zwi\u0105zku. Uchwa\u0142\u0105 komisji zak\u0142adowej\/mi\u0119dzyzak\u0142adowej zostaniesz przyj\u0119ty do grona cz\u0142onk\u00f3w NSZZ \u201eSolidarno\u015b\u0107\u201d.<\/li>\n<li>Je\u015bli w Twoim zak\u0142adzie pracy nie ma zarejestrowanego Niezale\u017cnego Samorz\u0105dnego Zwi\u0105zku Zawodowego \u201eSolidarno\u015b\u0107\u201d zaproponuj swoim kolegom i kole\u017cankom za\u0142o\u017cenie zwi\u0105zku zawodowego. Do za\u0142o\u017cenia nowej organizacji zwi\u0105zkowej wystarcz\u0105 trzy osoby. <a href=\"http:\/\/www.solidarnosc.org.pl\/index.php?option=com_k2&amp;view=item&amp;layout=item&amp;id=4900&amp;Itemid=494\">Wi\u0119cej informacji na ten temat.<\/a><\/li>\n<\/ul>\n","protected":false},"excerpt":{"rendered":"<p>NSZZ \u201eSolidarno\u015b\u0107\u201d ma struktur\u0119 terytorialno \u2013 bran\u017cow\u0105. Jednostkami terytorialnymi s\u0105 [&hellip;]<\/p>\n","protected":false},"author":1,"featured_media":0,"parent":0,"menu_order":0,"comment_status":"closed","ping_status":"closed","template":"","meta":{"footnotes":""},"class_list":["post-96","page","type-page","status-publish","hentry"],"yoast_head":"<!-- This site is optimized with the Yoast SEO plugin v27.4 - https:\/\/yoast.com\/product\/yoast-seo-wordpress\/ -->\n<title>Jak zosta\u0107 cz\u0142onkiem NSZZ &quot;Solidarno\u015b\u0107&quot;? - Krajowa Sekcja Nauki NSZZ Solidarno\u015b\u0107<\/title>\n<meta name=\"robots\" content=\"index, follow, max-snippet:-1, max-image-preview:large, max-video-preview:-1\" \/>\n<link rel=\"canonical\" href=\"https:\/\/www.solidarnosc.org.pl\/ksn\/zostan-czlonkiem-nszz-solidarnosc\/\" \/>\n<meta property=\"og:locale\" content=\"pl_PL\" \/>\n<meta property=\"og:type\" content=\"article\" \/>\n<meta property=\"og:title\" content=\"Jak zosta\u0107 cz\u0142onkiem NSZZ &quot;Solidarno\u015b\u0107&quot;? - Krajowa Sekcja Nauki NSZZ Solidarno\u015b\u0107\" \/>\n<meta property=\"og:description\" content=\"NSZZ \u201eSolidarno\u015b\u0107\u201d ma struktur\u0119 terytorialno \u2013 bran\u017cow\u0105. Jednostkami terytorialnymi s\u0105 [&hellip;]\" \/>\n<meta property=\"og:url\" content=\"https:\/\/www.solidarnosc.org.pl\/ksn\/zostan-czlonkiem-nszz-solidarnosc\/\" \/>\n<meta property=\"og:site_name\" content=\"Krajowa Sekcja Nauki NSZZ Solidarno\u015b\u0107\" \/>\n<meta property=\"article:modified_time\" content=\"2021-06-11T11:59:21+00:00\" \/>\n<meta name=\"twitter:card\" content=\"summary_large_image\" \/>\n<meta name=\"twitter:label1\" content=\"Szacowany czas czytania\" \/>\n\t<meta name=\"twitter:data1\" content=\"1 minuta\" \/>\n<script type=\"application\/ld+json\" class=\"yoast-schema-graph\">{\"@context\":\"https:\\\/\\\/schema.org\",\"@graph\":[{\"@type\":\"WebPage\",\"@id\":\"https:\\\/\\\/www.solidarnosc.org.pl\\\/ksn\\\/zostan-czlonkiem-nszz-solidarnosc\\\/\",\"url\":\"https:\\\/\\\/www.solidarnosc.org.pl\\\/ksn\\\/zostan-czlonkiem-nszz-solidarnosc\\\/\",\"name\":\"Jak zosta\u0107 cz\u0142onkiem NSZZ \\\"Solidarno\u015b\u0107\\\"? - Krajowa Sekcja Nauki NSZZ Solidarno\u015b\u0107\",\"isPartOf\":{\"@id\":\"https:\\\/\\\/www.solidarnosc.org.pl\\\/ksn\\\/#website\"},\"datePublished\":\"2021-06-11T11:58:19+00:00\",\"dateModified\":\"2021-06-11T11:59:21+00:00\",\"breadcrumb\":{\"@id\":\"https:\\\/\\\/www.solidarnosc.org.pl\\\/ksn\\\/zostan-czlonkiem-nszz-solidarnosc\\\/#breadcrumb\"},\"inLanguage\":\"pl-PL\",\"potentialAction\":[{\"@type\":\"ReadAction\",\"target\":[\"https:\\\/\\\/www.solidarnosc.org.pl\\\/ksn\\\/zostan-czlonkiem-nszz-solidarnosc\\\/\"]}]},{\"@type\":\"BreadcrumbList\",\"@id\":\"https:\\\/\\\/www.solidarnosc.org.pl\\\/ksn\\\/zostan-czlonkiem-nszz-solidarnosc\\\/#breadcrumb\",\"itemListElement\":[{\"@type\":\"ListItem\",\"position\":1,\"name\":\"Strona g\u0142\u00f3wna\",\"item\":\"https:\\\/\\\/www.solidarnosc.org.pl\\\/ksn\\\/\"},{\"@type\":\"ListItem\",\"position\":2,\"name\":\"Jak zosta\u0107 cz\u0142onkiem NSZZ &#8222;Solidarno\u015b\u0107&#8221;?\"}]},{\"@type\":\"WebSite\",\"@id\":\"https:\\\/\\\/www.solidarnosc.org.pl\\\/ksn\\\/#website\",\"url\":\"https:\\\/\\\/www.solidarnosc.org.pl\\\/ksn\\\/\",\"name\":\"Krajowa Sekcja Nauki NSZZ Solidarno\u015b\u0107\",\"description\":\"Strona KSN to sprawy pracownik\u00f3w w szkolnictwie wy\u017cszym i nauce w Polsce\",\"publisher\":{\"@id\":\"https:\\\/\\\/www.solidarnosc.org.pl\\\/ksn\\\/#organization\"},\"potentialAction\":[{\"@type\":\"SearchAction\",\"target\":{\"@type\":\"EntryPoint\",\"urlTemplate\":\"https:\\\/\\\/www.solidarnosc.org.pl\\\/ksn\\\/?s={search_term_string}\"},\"query-input\":{\"@type\":\"PropertyValueSpecification\",\"valueRequired\":true,\"valueName\":\"search_term_string\"}}],\"inLanguage\":\"pl-PL\"},{\"@type\":\"Organization\",\"@id\":\"https:\\\/\\\/www.solidarnosc.org.pl\\\/ksn\\\/#organization\",\"name\":\"Krajowa Sekcja Nauki NSZZ Solidarno\u015b\u0107\",\"url\":\"https:\\\/\\\/www.solidarnosc.org.pl\\\/ksn\\\/\",\"logo\":{\"@type\":\"ImageObject\",\"inLanguage\":\"pl-PL\",\"@id\":\"https:\\\/\\\/www.solidarnosc.org.pl\\\/ksn\\\/#\\\/schema\\\/logo\\\/image\\\/\",\"url\":\"https:\\\/\\\/www.solidarnosc.org.pl\\\/ksn\\\/wp-content\\\/uploads\\\/2024\\\/10\\\/profilowe-fb.jpg\",\"contentUrl\":\"https:\\\/\\\/www.solidarnosc.org.pl\\\/ksn\\\/wp-content\\\/uploads\\\/2024\\\/10\\\/profilowe-fb.jpg\",\"width\":720,\"height\":719,\"caption\":\"Krajowa Sekcja Nauki NSZZ Solidarno\u015b\u0107\"},\"image\":{\"@id\":\"https:\\\/\\\/www.solidarnosc.org.pl\\\/ksn\\\/#\\\/schema\\\/logo\\\/image\\\/\"}}]}<\/script>\n<!-- \/ Yoast SEO plugin. -->","yoast_head_json":{"title":"Jak zosta\u0107 cz\u0142onkiem NSZZ \"Solidarno\u015b\u0107\"? - Krajowa Sekcja Nauki NSZZ Solidarno\u015b\u0107","robots":{"index":"index","follow":"follow","max-snippet":"max-snippet:-1","max-image-preview":"max-image-preview:large","max-video-preview":"max-video-preview:-1"},"canonical":"https:\/\/www.solidarnosc.org.pl\/ksn\/zostan-czlonkiem-nszz-solidarnosc\/","og_locale":"pl_PL","og_type":"article","og_title":"Jak zosta\u0107 cz\u0142onkiem NSZZ \"Solidarno\u015b\u0107\"? - Krajowa Sekcja Nauki NSZZ Solidarno\u015b\u0107","og_description":"NSZZ \u201eSolidarno\u015b\u0107\u201d ma struktur\u0119 terytorialno \u2013 bran\u017cow\u0105. Jednostkami terytorialnymi s\u0105 [&hellip;]","og_url":"https:\/\/www.solidarnosc.org.pl\/ksn\/zostan-czlonkiem-nszz-solidarnosc\/","og_site_name":"Krajowa Sekcja Nauki NSZZ Solidarno\u015b\u0107","article_modified_time":"2021-06-11T11:59:21+00:00","twitter_card":"summary_large_image","twitter_misc":{"Szacowany czas czytania":"1 minuta"},"schema":{"@context":"https:\/\/schema.org","@graph":[{"@type":"WebPage","@id":"https:\/\/www.solidarnosc.org.pl\/ksn\/zostan-czlonkiem-nszz-solidarnosc\/","url":"https:\/\/www.solidarnosc.org.pl\/ksn\/zostan-czlonkiem-nszz-solidarnosc\/","name":"Jak zosta\u0107 cz\u0142onkiem NSZZ \"Solidarno\u015b\u0107\"? - Krajowa Sekcja Nauki NSZZ Solidarno\u015b\u0107","isPartOf":{"@id":"https:\/\/www.solidarnosc.org.pl\/ksn\/#website"},"datePublished":"2021-06-11T11:58:19+00:00","dateModified":"2021-06-11T11:59:21+00:00","breadcrumb":{"@id":"https:\/\/www.solidarnosc.org.pl\/ksn\/zostan-czlonkiem-nszz-solidarnosc\/#breadcrumb"},"inLanguage":"pl-PL","potentialAction":[{"@type":"ReadAction","target":["https:\/\/www.solidarnosc.org.pl\/ksn\/zostan-czlonkiem-nszz-solidarnosc\/"]}]},{"@type":"BreadcrumbList","@id":"https:\/\/www.solidarnosc.org.pl\/ksn\/zostan-czlonkiem-nszz-solidarnosc\/#breadcrumb","itemListElement":[{"@type":"ListItem","position":1,"name":"Strona g\u0142\u00f3wna","item":"https:\/\/www.solidarnosc.org.pl\/ksn\/"},{"@type":"ListItem","position":2,"name":"Jak zosta\u0107 cz\u0142onkiem NSZZ &#8222;Solidarno\u015b\u0107&#8221;?"}]},{"@type":"WebSite","@id":"https:\/\/www.solidarnosc.org.pl\/ksn\/#website","url":"https:\/\/www.solidarnosc.org.pl\/ksn\/","name":"Krajowa Sekcja Nauki NSZZ Solidarno\u015b\u0107","description":"Strona KSN to sprawy pracownik\u00f3w w szkolnictwie wy\u017cszym i nauce w Polsce","publisher":{"@id":"https:\/\/www.solidarnosc.org.pl\/ksn\/#organization"},"potentialAction":[{"@type":"SearchAction","target":{"@type":"EntryPoint","urlTemplate":"https:\/\/www.solidarnosc.org.pl\/ksn\/?s={search_term_string}"},"query-input":{"@type":"PropertyValueSpecification","valueRequired":true,"valueName":"search_term_string"}}],"inLanguage":"pl-PL"},{"@type":"Organization","@id":"https:\/\/www.solidarnosc.org.pl\/ksn\/#organization","name":"Krajowa Sekcja Nauki NSZZ Solidarno\u015b\u0107","url":"https:\/\/www.solidarnosc.org.pl\/ksn\/","logo":{"@type":"ImageObject","inLanguage":"pl-PL","@id":"https:\/\/www.solidarnosc.org.pl\/ksn\/#\/schema\/logo\/image\/","url":"https:\/\/www.solidarnosc.org.pl\/ksn\/wp-content\/uploads\/2024\/10\/profilowe-fb.jpg","contentUrl":"https:\/\/www.solidarnosc.org.pl\/ksn\/wp-content\/uploads\/2024\/10\/profilowe-fb.jpg","width":720,"height":719,"caption":"Krajowa Sekcja Nauki NSZZ Solidarno\u015b\u0107"},"image":{"@id":"https:\/\/www.solidarnosc.org.pl\/ksn\/#\/schema\/logo\/image\/"}}]}},"_links":{"self":[{"href":"https:\/\/www.solidarnosc.org.pl\/ksn\/wp-json\/wp\/v2\/pages\/96","targetHints":{"allow":["GET"]}}],"collection":[{"href":"https:\/\/www.solidarnosc.org.pl\/ksn\/wp-json\/wp\/v2\/pages"}],"about":[{"href":"https:\/\/www.solidarnosc.org.pl\/ksn\/wp-json\/wp\/v2\/types\/page"}],"author":[{"embeddable":true,"href":"https:\/\/www.solidarnosc.org.pl\/ksn\/wp-json\/wp\/v2\/users\/1"}],"replies":[{"embeddable":true,"href":"https:\/\/www.solidarnosc.org.pl\/ksn\/wp-json\/wp\/v2\/comments?post=96"}],"version-history":[{"count":3,"href":"https:\/\/www.solidarnosc.org.pl\/ksn\/wp-json\/wp\/v2\/pages\/96\/revisions"}],"predecessor-version":[{"id":99,"href":"https:\/\/www.solidarnosc.org.pl\/ksn\/wp-json\/wp\/v2\/pages\/96\/revisions\/99"}],"wp:attachment":[{"href":"https:\/\/www.solidarnosc.org.pl\/ksn\/wp-json\/wp\/v2\/media?parent=96"}],"curies":[{"name":"wp","href":"https:\/\/api.w.org\/{rel}","templated":true}]}}