{"id":271,"date":"2022-02-07T18:26:30","date_gmt":"2022-02-07T17:26:30","guid":{"rendered":"http:\/\/www.solidarnosc.org.pl\/ksn\/?page_id=271"},"modified":"2024-02-14T11:16:33","modified_gmt":"2024-02-14T10:16:33","slug":"inne","status":"publish","type":"page","link":"https:\/\/www.solidarnosc.org.pl\/ksn\/inne\/","title":{"rendered":"Inne"},"content":{"rendered":"<p><strong>Kadencja Rady KSN 2023-2028 <\/strong>\u2191<\/p>\n<hr \/>\n<ul>\n<li><a href=\"http:\/\/www.solidarnosc.org.pl\/ksn\/wp-content\/uploads\/2023\/01\/KSN.13.2020-Premier_wzrost_wynagrodzen.pdf\">List do Mateusza Morawieckiego, Prezesa Rady Ministr\u00f3w RP, z dnia 10 sierpnia 2020 r.<\/a><\/li>\n<li><a href=\"http:\/\/www.solidarnosc.org.pl\/ksn\/wp-content\/uploads\/2023\/01\/KSN.14.2019.pdf\">List do Jaros\u0142awa Gowina, Wiceprezesa Rady Ministr\u00f3w i Ministra Nauki i Szkolnictwa Wy\u017cszego, z dnia 16 wrze\u015bnia 2019 r.<\/a><\/li>\n<li><a href=\"http:\/\/www.solidarnosc.org.pl\/ksn\/wp-content\/uploads\/2023\/01\/Tlumaczenie-Rezolucji-Wolnosc-Akademicka.pdf\">Rezolucja ETUCE &#8222;Wzmocnienie wolno\u015bci akademickiej w Europie&#8221; &#8211; przyj\u0119ta przez Specjaln\u0105 Konferencj\u0119 ETUCE, Regionaln\u0105 Specjaln\u0105 Konferencj\u0119 Edukacji Mi\u0119dzynarodowej na spotkaniu w Atenach w dniach 27-28 listopada 2018 roku.<\/a><\/li>\n<li><a href=\"http:\/\/www.solidarnosc.org.pl\/ksn\/wp-content\/uploads\/2023\/01\/List-Otwarty-WZD-KSN-18.05.2018-1.pdf\">List otwarty Walnego Zebrania Delegat\u00f3w Krajowej Sekcji Nauki NSZZ \u201eSolidarno\u015b\u0107\u201d, Warszawa-Falenty, 18 maja 2018 r.<\/a><\/li>\n<\/ul>\n<p><strong>Kadencja Rady KSN 2018-2023\u00a0<\/strong>\u2191<\/p>\n<hr \/>\n<ul>\n<li><a href=\"http:\/\/www.solidarnosc.org.pl\/ksn\/wp-content\/uploads\/2023\/01\/pismo-do-Premiera_24_02_2018.pdf\">List Krajowej Sekcji Nauki NSZZ &#8222;Solidarno\u015b\u0107&#8221; do Premiera Mateusza Morawieckiego w sprawie finansowania nauki i szkolnictwa wy\u017cszego. Warszawa, 24 lutego 2018 r.<\/a><\/li>\n<li><a href=\"http:\/\/www.solidarnosc.org.pl\/ksn\/wp-content\/uploads\/2023\/01\/list_PremierGlinski_02-stytczen-2018.pdf\">List Krajowej Sekcji Nauki NSZZ \u201eSolidarno\u015b\u0107&#8221; do prof. dr hab. Piotr Gli\u0144skiego, Ministra Kultury i Dziedzictwa Narodowego, z dnia 2 stycznia 2018 roku.<\/a><\/li>\n<li><a href=\"http:\/\/www.solidarnosc.org.pl\/ksn\/wp-content\/uploads\/2023\/01\/listMinFin_02_12_2017.pdf\">List do Mateusza Morawieckiego, Wiceprezesa Rady Ministr\u00f3w i Ministra Rozwoju i Finans\u00f3w, z dnia 2 grudnia\u00a0 2017 r.<\/a><\/li>\n<li><a href=\"http:\/\/www.solidarnosc.org.pl\/ksn\/wp-content\/uploads\/2023\/01\/Pismo_MinRozwoju-14-09-2017.pdf\">List do Mateusza Morawieckiego, Ministra Rozwoju i Finans\u00f3w, z dnia 14 wrze\u015bnia 2017 r.<\/a><\/li>\n<li><a href=\"http:\/\/www.solidarnosc.org.pl\/ksn\/wp-content\/uploads\/2023\/01\/List-do-Jaroslawa-Gowina-wiceprezesa-Rady-Ministrow-i-Ministra-Nauki-i-Szkolnictwa-Wyzszego-z-dnia-24-lipca-2017-r..pdf\">List do Jaros\u0142awa Gowina, Wiceprezesa Rady Ministr\u00f3w i Ministra Nauki i Szkolnictwa Wy\u017cszego, z dnia 24 lipca 2017 r.<\/a><\/li>\n<li><a href=\"http:\/\/www.solidarnosc.org.pl\/ksn\/wp-content\/uploads\/2023\/01\/ProsbaKSNdoPanaPrezydentaRP.pdf\">List do Prezydenta Rzeczypospolitej Polskiej Andrzeja Dudy, z dnia 14 stycznia 2017 r.<\/a><\/li>\n<li><a href=\"http:\/\/www.solidarnosc.org.pl\/ksn\/wp-content\/uploads\/2023\/01\/ListDoPslowPiSwSprawieNowelizacjiUstawyIB.pdf\">List do Klubu Parlamentarnego Prawa i Sprawiedliwo\u015bci, z dnia 5 listopada 2016 r.<\/a><\/li>\n<li><a href=\"http:\/\/www.solidarnosc.org.pl\/ksn\/wp-content\/uploads\/2023\/01\/ListDoMinJGowinaWsprawieNowelizacjiUstawyIB.pdf\">List do Jaros\u0142awa Gowina, wiceprezesa Rady Ministr\u00f3w i Ministra Nauki i Szkolnictwa Wy\u017cszego z dnia 5 listopada 2016 r.<\/a><\/li>\n<li><a href=\"http:\/\/www.solidarnosc.org.pl\/ksn\/wp-content\/uploads\/2023\/01\/List-do-wicepremiera-Morawieckiego.pdf\">List do\u00a0Wiceprezesa\u00a0Rady Ministr\u00f3w\u00a0Mateusza\u00a0Morawieckiego z dnia 3 listopada 2016 r.<\/a><\/li>\n<li><a href=\"http:\/\/www.solidarnosc.org.pl\/ksn\/wp-content\/uploads\/2023\/01\/KSN_MNiSzW_uwagi_deregulacja_zal1.pdf\">List do Jaros\u0142awa Gowina, Wiceprezesa Rady Ministr\u00f3w i Ministra Nauki i Szkolnictwa Wy\u017cszego z dnia 20 kwietnia 2016 r.<\/a>\u00a0 wraz za\u0142\u0105cznikiem 1 &#8211;\u00a0<a href=\"http:\/\/www.solidarnosc.org.pl\/ksn\/wp-content\/uploads\/2023\/01\/orzeczenie_II_PK_195_15.pdf\">Wyrok S\u0105du Najwy\u017cszego z dnia 12 stycznia 2016 roku (sygn. akt: II PK 195\/15)<\/a><\/li>\n<li><a href=\"http:\/\/www.solidarnosc.org.pl\/ksn\/wp-content\/uploads\/2023\/01\/List-do-posla-R.Grupinskiego.pdf\">List do pos\u0142a Rafa\u0142a Grupi\u0144skiego, Przewodnicz\u0105cego Komisji Edukacji, Nauki\u00a0 i M\u0142odzie\u017cy, z dnia 9 kwietnia 2016 r.<\/a><\/li>\n<li><a href=\"http:\/\/www.solidarnosc.org.pl\/ksn\/wp-content\/uploads\/2023\/01\/list-Do-Ministra-Jana-Szyszko.pdf\">List do Jana Szyszko, Ministra \u015arodowiska, z dnia 23 marca 2016 r.<\/a><\/li>\n<li><a href=\"http:\/\/www.solidarnosc.org.pl\/ksn\/wp-content\/uploads\/2023\/01\/list-o-zmianie-ustawy-o-instytutach-badawczych.pdf\">List do Przewodnicz\u0105cego Klubu Parlamentarnego PiS pana pos\u0142a prof. Ryszarda Terleckiego, z dnia 8 marca 2016 r.<\/a><\/li>\n<li><a href=\"http:\/\/www.solidarnosc.org.pl\/ksn\/wp-content\/uploads\/2023\/01\/MIN-MORAWIECKI.pdf\">List do Wiceprezesa Rady Ministr\u00f3w, Mateusza Morawieckiego &#8211; Ministra Rozwoju, z dnia 17 luty 2016 r.<\/a><\/li>\n<li><a href=\"http:\/\/www.solidarnosc.org.pl\/ksn\/wp-content\/uploads\/2023\/01\/list-do-Ministra-JGowina.pdf\">List do Jaros\u0142awa Gowina, Wiceprezesa Rady Ministr\u00f3w i Ministra Nauki i Szkolnictwa Wy\u017cszego, z dnia 23 listopada 2015 r.<\/a><\/li>\n<li><a href=\"http:\/\/www.solidarnosc.org.pl\/ksn\/wp-content\/uploads\/2023\/01\/SolidarnoscZNauczycielami.pdf\">List skierowany przez Rad\u0119 KSN do Ryszarda Proksy &#8211; Przewodnicz\u0105cego Sekcji O\u015bwiaty i Wychowania NSZZ \u201eSolidarno\u015b\u0107\u201d w sprawie manifestacji w dniu 14 pa\u017adziernika 2015 r.<\/a><\/li>\n<li><a href=\"http:\/\/www.solidarnosc.org.pl\/ksn\/wp-content\/uploads\/2023\/01\/ProsbaPrzewKZ.pdf\">List Przewodnicz\u0105cego KSN do Organizacji Zak\u0142adowych, z dnia 29 wrze\u015bnia 2015 r.<\/a><\/li>\n<\/ul>\n<p><strong>Kadencja Rady KSN 2014-2018\u00a0<\/strong>\u2191<\/p>\n","protected":false},"excerpt":{"rendered":"<p>Kadencja Rady KSN 2023-2028 \u2191 List do Mateusza Morawieckiego, Prezesa [&hellip;]<\/p>\n","protected":false},"author":1,"featured_media":0,"parent":0,"menu_order":0,"comment_status":"closed","ping_status":"closed","template":"","meta":{"footnotes":""},"class_list":["post-271","page","type-page","status-publish","hentry"],"yoast_head":"<!-- This site is optimized with the Yoast SEO plugin v27.4 - https:\/\/yoast.com\/product\/yoast-seo-wordpress\/ -->\n<title>Inne - Krajowa Sekcja Nauki NSZZ Solidarno\u015b\u0107<\/title>\n<meta name=\"robots\" content=\"index, follow, max-snippet:-1, max-image-preview:large, max-video-preview:-1\" \/>\n<link rel=\"canonical\" href=\"https:\/\/www.solidarnosc.org.pl\/ksn\/inne\/\" \/>\n<meta property=\"og:locale\" content=\"pl_PL\" \/>\n<meta property=\"og:type\" content=\"article\" \/>\n<meta property=\"og:title\" content=\"Inne - Krajowa Sekcja Nauki NSZZ Solidarno\u015b\u0107\" \/>\n<meta property=\"og:description\" content=\"Kadencja Rady KSN 2023-2028 \u2191 List do Mateusza Morawieckiego, Prezesa [&hellip;]\" \/>\n<meta property=\"og:url\" content=\"https:\/\/www.solidarnosc.org.pl\/ksn\/inne\/\" \/>\n<meta property=\"og:site_name\" content=\"Krajowa Sekcja Nauki NSZZ Solidarno\u015b\u0107\" \/>\n<meta property=\"article:modified_time\" content=\"2024-02-14T10:16:33+00:00\" \/>\n<meta name=\"twitter:card\" content=\"summary_large_image\" \/>\n<meta name=\"twitter:label1\" content=\"Szacowany czas czytania\" \/>\n\t<meta name=\"twitter:data1\" content=\"2 minuty\" \/>\n<script type=\"application\/ld+json\" class=\"yoast-schema-graph\">{\"@context\":\"https:\\\/\\\/schema.org\",\"@graph\":[{\"@type\":\"WebPage\",\"@id\":\"https:\\\/\\\/www.solidarnosc.org.pl\\\/ksn\\\/inne\\\/\",\"url\":\"https:\\\/\\\/www.solidarnosc.org.pl\\\/ksn\\\/inne\\\/\",\"name\":\"Inne - Krajowa Sekcja Nauki NSZZ Solidarno\u015b\u0107\",\"isPartOf\":{\"@id\":\"https:\\\/\\\/www.solidarnosc.org.pl\\\/ksn\\\/#website\"},\"datePublished\":\"2022-02-07T17:26:30+00:00\",\"dateModified\":\"2024-02-14T10:16:33+00:00\",\"breadcrumb\":{\"@id\":\"https:\\\/\\\/www.solidarnosc.org.pl\\\/ksn\\\/inne\\\/#breadcrumb\"},\"inLanguage\":\"pl-PL\",\"potentialAction\":[{\"@type\":\"ReadAction\",\"target\":[\"https:\\\/\\\/www.solidarnosc.org.pl\\\/ksn\\\/inne\\\/\"]}]},{\"@type\":\"BreadcrumbList\",\"@id\":\"https:\\\/\\\/www.solidarnosc.org.pl\\\/ksn\\\/inne\\\/#breadcrumb\",\"itemListElement\":[{\"@type\":\"ListItem\",\"position\":1,\"name\":\"Strona g\u0142\u00f3wna\",\"item\":\"https:\\\/\\\/www.solidarnosc.org.pl\\\/ksn\\\/\"},{\"@type\":\"ListItem\",\"position\":2,\"name\":\"Inne\"}]},{\"@type\":\"WebSite\",\"@id\":\"https:\\\/\\\/www.solidarnosc.org.pl\\\/ksn\\\/#website\",\"url\":\"https:\\\/\\\/www.solidarnosc.org.pl\\\/ksn\\\/\",\"name\":\"Krajowa Sekcja Nauki NSZZ Solidarno\u015b\u0107\",\"description\":\"Strona KSN to sprawy pracownik\u00f3w w szkolnictwie wy\u017cszym i nauce w Polsce\",\"publisher\":{\"@id\":\"https:\\\/\\\/www.solidarnosc.org.pl\\\/ksn\\\/#organization\"},\"potentialAction\":[{\"@type\":\"SearchAction\",\"target\":{\"@type\":\"EntryPoint\",\"urlTemplate\":\"https:\\\/\\\/www.solidarnosc.org.pl\\\/ksn\\\/?s={search_term_string}\"},\"query-input\":{\"@type\":\"PropertyValueSpecification\",\"valueRequired\":true,\"valueName\":\"search_term_string\"}}],\"inLanguage\":\"pl-PL\"},{\"@type\":\"Organization\",\"@id\":\"https:\\\/\\\/www.solidarnosc.org.pl\\\/ksn\\\/#organization\",\"name\":\"Krajowa Sekcja Nauki NSZZ Solidarno\u015b\u0107\",\"url\":\"https:\\\/\\\/www.solidarnosc.org.pl\\\/ksn\\\/\",\"logo\":{\"@type\":\"ImageObject\",\"inLanguage\":\"pl-PL\",\"@id\":\"https:\\\/\\\/www.solidarnosc.org.pl\\\/ksn\\\/#\\\/schema\\\/logo\\\/image\\\/\",\"url\":\"https:\\\/\\\/www.solidarnosc.org.pl\\\/ksn\\\/wp-content\\\/uploads\\\/2024\\\/10\\\/profilowe-fb.jpg\",\"contentUrl\":\"https:\\\/\\\/www.solidarnosc.org.pl\\\/ksn\\\/wp-content\\\/uploads\\\/2024\\\/10\\\/profilowe-fb.jpg\",\"width\":720,\"height\":719,\"caption\":\"Krajowa Sekcja Nauki NSZZ Solidarno\u015b\u0107\"},\"image\":{\"@id\":\"https:\\\/\\\/www.solidarnosc.org.pl\\\/ksn\\\/#\\\/schema\\\/logo\\\/image\\\/\"}}]}<\/script>\n<!-- \/ Yoast SEO plugin. -->","yoast_head_json":{"title":"Inne - Krajowa Sekcja Nauki NSZZ Solidarno\u015b\u0107","robots":{"index":"index","follow":"follow","max-snippet":"max-snippet:-1","max-image-preview":"max-image-preview:large","max-video-preview":"max-video-preview:-1"},"canonical":"https:\/\/www.solidarnosc.org.pl\/ksn\/inne\/","og_locale":"pl_PL","og_type":"article","og_title":"Inne - Krajowa Sekcja Nauki NSZZ Solidarno\u015b\u0107","og_description":"Kadencja Rady KSN 2023-2028 \u2191 List do Mateusza Morawieckiego, Prezesa [&hellip;]","og_url":"https:\/\/www.solidarnosc.org.pl\/ksn\/inne\/","og_site_name":"Krajowa Sekcja Nauki NSZZ Solidarno\u015b\u0107","article_modified_time":"2024-02-14T10:16:33+00:00","twitter_card":"summary_large_image","twitter_misc":{"Szacowany czas czytania":"2 minuty"},"schema":{"@context":"https:\/\/schema.org","@graph":[{"@type":"WebPage","@id":"https:\/\/www.solidarnosc.org.pl\/ksn\/inne\/","url":"https:\/\/www.solidarnosc.org.pl\/ksn\/inne\/","name":"Inne - Krajowa Sekcja Nauki NSZZ Solidarno\u015b\u0107","isPartOf":{"@id":"https:\/\/www.solidarnosc.org.pl\/ksn\/#website"},"datePublished":"2022-02-07T17:26:30+00:00","dateModified":"2024-02-14T10:16:33+00:00","breadcrumb":{"@id":"https:\/\/www.solidarnosc.org.pl\/ksn\/inne\/#breadcrumb"},"inLanguage":"pl-PL","potentialAction":[{"@type":"ReadAction","target":["https:\/\/www.solidarnosc.org.pl\/ksn\/inne\/"]}]},{"@type":"BreadcrumbList","@id":"https:\/\/www.solidarnosc.org.pl\/ksn\/inne\/#breadcrumb","itemListElement":[{"@type":"ListItem","position":1,"name":"Strona g\u0142\u00f3wna","item":"https:\/\/www.solidarnosc.org.pl\/ksn\/"},{"@type":"ListItem","position":2,"name":"Inne"}]},{"@type":"WebSite","@id":"https:\/\/www.solidarnosc.org.pl\/ksn\/#website","url":"https:\/\/www.solidarnosc.org.pl\/ksn\/","name":"Krajowa Sekcja Nauki NSZZ Solidarno\u015b\u0107","description":"Strona KSN to sprawy pracownik\u00f3w w szkolnictwie wy\u017cszym i nauce w Polsce","publisher":{"@id":"https:\/\/www.solidarnosc.org.pl\/ksn\/#organization"},"potentialAction":[{"@type":"SearchAction","target":{"@type":"EntryPoint","urlTemplate":"https:\/\/www.solidarnosc.org.pl\/ksn\/?s={search_term_string}"},"query-input":{"@type":"PropertyValueSpecification","valueRequired":true,"valueName":"search_term_string"}}],"inLanguage":"pl-PL"},{"@type":"Organization","@id":"https:\/\/www.solidarnosc.org.pl\/ksn\/#organization","name":"Krajowa Sekcja Nauki NSZZ Solidarno\u015b\u0107","url":"https:\/\/www.solidarnosc.org.pl\/ksn\/","logo":{"@type":"ImageObject","inLanguage":"pl-PL","@id":"https:\/\/www.solidarnosc.org.pl\/ksn\/#\/schema\/logo\/image\/","url":"https:\/\/www.solidarnosc.org.pl\/ksn\/wp-content\/uploads\/2024\/10\/profilowe-fb.jpg","contentUrl":"https:\/\/www.solidarnosc.org.pl\/ksn\/wp-content\/uploads\/2024\/10\/profilowe-fb.jpg","width":720,"height":719,"caption":"Krajowa Sekcja Nauki NSZZ Solidarno\u015b\u0107"},"image":{"@id":"https:\/\/www.solidarnosc.org.pl\/ksn\/#\/schema\/logo\/image\/"}}]}},"_links":{"self":[{"href":"https:\/\/www.solidarnosc.org.pl\/ksn\/wp-json\/wp\/v2\/pages\/271","targetHints":{"allow":["GET"]}}],"collection":[{"href":"https:\/\/www.solidarnosc.org.pl\/ksn\/wp-json\/wp\/v2\/pages"}],"about":[{"href":"https:\/\/www.solidarnosc.org.pl\/ksn\/wp-json\/wp\/v2\/types\/page"}],"author":[{"embeddable":true,"href":"https:\/\/www.solidarnosc.org.pl\/ksn\/wp-json\/wp\/v2\/users\/1"}],"replies":[{"embeddable":true,"href":"https:\/\/www.solidarnosc.org.pl\/ksn\/wp-json\/wp\/v2\/comments?post=271"}],"version-history":[{"count":5,"href":"https:\/\/www.solidarnosc.org.pl\/ksn\/wp-json\/wp\/v2\/pages\/271\/revisions"}],"predecessor-version":[{"id":4388,"href":"https:\/\/www.solidarnosc.org.pl\/ksn\/wp-json\/wp\/v2\/pages\/271\/revisions\/4388"}],"wp:attachment":[{"href":"https:\/\/www.solidarnosc.org.pl\/ksn\/wp-json\/wp\/v2\/media?parent=271"}],"curies":[{"name":"wp","href":"https:\/\/api.w.org\/{rel}","templated":true}]}}