{"id":269,"date":"2022-02-07T18:26:29","date_gmt":"2022-02-07T17:26:29","guid":{"rendered":"http:\/\/www.solidarnosc.org.pl\/ksn\/?page_id=269"},"modified":"2024-10-31T09:51:18","modified_gmt":"2024-10-31T08:51:18","slug":"stanowiska-ksn-nszz-solidarnosc","status":"publish","type":"page","link":"https:\/\/www.solidarnosc.org.pl\/ksn\/stanowiska-ksn-nszz-solidarnosc\/","title":{"rendered":"Stanowiska KSN NSZZ &#8222;Solidarno\u015b\u0107&#8221;"},"content":{"rendered":"<p><strong>Stanowiska Krajowej Sekcji Nauki NSZZ \u201eSolidarno\u015b\u0107&#8221;:<\/strong><\/p>\n<ul>\n<li><a href=\"https:\/\/www.solidarnosc.org.pl\/ksn\/2024\/10\/17\/stanowisko-prezydium-rady-krajowej-sekcji-nauki-nszz-solidarnosc-w-40-rocznice-meczenskiej-smierci-bl-ks-jerzego-popieluszki\/\"><strong>Stanowisko Prezydium Rady Krajowej Sekcji Nauki NSZZ \u201eSolidarno\u015b\u0107\u201d w 40. rocznic\u0119 m\u0119cze\u0144skiej \u015bmierci B\u0142. Ks. Jerzego Popie\u0142uszki<\/strong><\/a><\/li>\n<\/ul>\n<p><strong>Kadencja Rady KSN 2023-2028 <\/strong>\u2191<\/p>\n<hr \/>\n<ul>\n<li><a href=\"http:\/\/www.solidarnosc.org.pl\/ksn\/wp-content\/uploads\/2023\/01\/Stanowisko-Rady-KSN-nr-1e-PL.pdf\"><strong>Stanowisko nr 1e\u00a0<\/strong>Rady Krajowej Sekcji Nauki NSZZ \u201eSolidarno\u015b\u0107\u201d w sprawie sytuacji na Bia\u0142orusi z dnia 24 wrze\u015bnia 2020 r.\u00a0<\/a>\u00a0<a href=\"http:\/\/www.solidarnosc.org.pl\/ksn\/wp-content\/uploads\/2023\/01\/Stanowisko-Rady-KSN-nr-1e-PL.pdf\"><img decoding=\"async\" class=\"alignnone\" src=\"https:\/\/www.solidarnosc.org.pl\/ksn\/kcfinder\/upload\/images\/Polska%20flaga.jpg\" alt=\"\" width=\"38\" height=\"24\" \/><\/a>\u00a0\u00a0\u00a0<a href=\"http:\/\/www.solidarnosc.org.pl\/ksn\/wp-content\/uploads\/2023\/01\/Stanowisko-Rady-KSN-nr-1e-BY-.pdf\"><img decoding=\"async\" class=\"alignnone\" src=\"https:\/\/www.solidarnosc.org.pl\/ksn\/kcfinder\/upload\/images\/Bia%C5%82oru%C5%9B%20flaga.png\" alt=\"\" width=\"40\" height=\"20\" \/><\/a>\u00a0\u00a0\u00a0<a href=\"http:\/\/www.solidarnosc.org.pl\/ksn\/wp-content\/uploads\/2023\/01\/Stanowisko-Rady-KSN-nr-1e-EN.pdf\"><img decoding=\"async\" class=\"alignnone\" src=\"https:\/\/www.solidarnosc.org.pl\/ksn\/kcfinder\/upload\/images\/GB%20flaga.jpg\" alt=\"\" width=\"42\" height=\"21\" \/><\/a><\/li>\n<li><a href=\"http:\/\/www.solidarnosc.org.pl\/ksn\/wp-content\/uploads\/2023\/01\/KSN.06.2020-Stanowisko-Tarcza-3.0.pdf\"><strong>Stanowisko Prezydium Krajowej Sekcji Nauki NSZZ \u201eSolidarno\u015b\u0107\u201d w sprawie antypracowniczych zapis\u00f3w w projekcie ustawy tzw. Tarczy Antykryzysowej 3.0 z dnia 22 kwietnia 2020 r. Warszawa, 28 kwietnia 2020 r.<\/strong><\/a><\/li>\n<li><a href=\"http:\/\/www.solidarnosc.org.pl\/ksn\/wp-content\/uploads\/2023\/01\/Stanowisko-KSN-23.11.19.pdf\"><strong>Stanowisko Krajowej Sekcji Nauki NSZZ \u201eSolidarno\u015b\u0107\u201d. Warszawa, dnia 23 listopada 2019 r.<\/strong><\/a><\/li>\n<li><a href=\"http:\/\/www.solidarnosc.org.pl\/ksn\/wp-content\/uploads\/2023\/01\/Stanowisko-nr-6.pdf\"><strong>Stanowisko nr 6<\/strong>\u00a0Rady Krajowej Sekcji Nauki NSZZ \u201eSolidarno\u015b\u0107\u201d w sprawie prawa do wolno\u015bci s\u0142owa cz\u0142onk\u00f3w spo\u0142eczno\u015bci akademickiej. Warszawa, dnia 23 marca 2019 r.<\/a><\/li>\n<li><a href=\"http:\/\/www.solidarnosc.org.pl\/ksn\/wp-content\/uploads\/2023\/01\/Stanowisko-nr-5-1.pdf\"><strong>Stanowisko nr 5<\/strong>\u00a0Rady Krajowej Sekcji Nauki NSZZ \u201eSolidarno\u015b\u0107\u201d w sprawie uwzgl\u0119dnienia praw zwi\u0105zk\u00f3w zawodowych w procesie przemian w szkolnictwie wy\u017cszym w Polsce. Warszawa, dnia 23 marca 2019 r.<\/a><\/li>\n<li><a href=\"http:\/\/www.solidarnosc.org.pl\/ksn\/wp-content\/uploads\/2023\/01\/stanowisko-4.pdf\"><strong>Stanowisko nr 4<\/strong>\u00a0Krajowej Sekcji Nauki NSZZ \u201eSolidarno\u015b\u0107\u201d w sprawie wzrostu wynagrodze\u0144 pracownik\u00f3w w instytutach badawczych. Warszawa, dnia 23 marca 2019 r.<\/a><\/li>\n<li><a href=\"http:\/\/www.solidarnosc.org.pl\/ksn\/wp-content\/uploads\/2023\/01\/KSN.15.03.2019-Stanowisko-ws.-poparcia-protestu-nauczycieli.pdf\"><strong>Stanowisko Krajowej Sekcji Nauki NSZZ \u201eSolidarno\u015b\u0107\u201d w sprawie poparcia og\u00f3lnopolskiej akcji protestacyjnej Krajowej Sekcji O\u015bwiaty i Wychowania NSZZ \u201eSolidarno\u015b\u0107\u201d. Warszawa, 15 marca 2019 r.<\/strong><\/a><\/li>\n<li><a href=\"http:\/\/www.solidarnosc.org.pl\/ksn\/wp-content\/uploads\/2023\/01\/Stanowisko_nr3_Rady_KSN.pdf\"><strong>Stanowisko nr 3\u00a0<\/strong>Rady Krajowej Sekcji Nauki NSZZ \u201eSolidarno\u015b\u0107\u201d w sprawie zmian struktury organizacyjnej i zwolnie\u0144 grupowych w Instytucie Meteorologii i Gospodarki Wodnej \u2013 Pa\u0144stwowym Instytucie Badawczym. Warszawa, 13 pa\u017adziernika 2018 r.<\/a><\/li>\n<li><a href=\"http:\/\/www.solidarnosc.org.pl\/ksn\/wp-content\/uploads\/2023\/01\/stanowisko-nr-2.pdf\"><strong>Stanowisko nr 2<\/strong>\u00a0Rady Krajowej Sekcji Nauki NSZZ \u201eSolidarno\u015b\u0107\u201d w sprawie zwi\u0105zkowej sk\u0142adki cz\u0142onkowskiej. Warszawa, 13 pa\u017adziernika 2018 r.<\/a><\/li>\n<li><a href=\"http:\/\/www.solidarnosc.org.pl\/ksn\/wp-content\/uploads\/2023\/01\/stanowisko-nr-1.pdf\"><strong>Stanowisko nr 1<\/strong>\u00a0Rady Krajowej Sekcji Nauki NSZZ \u201eSolidarno\u015b\u0107\u201d w sprawie oceny dorobku naukowego nauczycieli akademickich i pracownik\u00f3w instytut\u00f3w badawczych. Warszawa, 13 pa\u017adziernika 2018 r.<\/a><\/li>\n<li><a href=\"http:\/\/www.solidarnosc.org.pl\/ksn\/wp-content\/uploads\/2023\/01\/Opinia-KSN-Ustawa-2.0-19.05.2018-1.pdf\"><strong>Stanowisko Krajowej Sekcji Nauki NSZZ \u201eSolidarno\u015b\u0107\u201d w sprawie projekt\u00f3w ustaw \u201ePrawo o szkolnictwie wy\u017cszym i nauce\u201d (druk 2446) oraz \u201ePrzepisy wprowadzaj\u0105ce ustaw\u0119 &#8211; Prawo o szkolnictwie wy\u017cszym i nauce\u201d (druk 2447). Warszawa, 19 maja 2018 r.<\/strong><\/a><\/li>\n<\/ul>\n<p><strong>Kadencja Rady KSN 2018-2023\u00a0<\/strong>\u2191<\/p>\n<hr \/>\n<ul>\n<li><a href=\"http:\/\/www.solidarnosc.org.pl\/ksn\/wp-content\/uploads\/2023\/01\/Stanowisko-10-Rady-KSN-z-dnia-3-czerwca-2017-roku.pdf\"><strong>Stanowisko nr 10\u00a0<\/strong>Rady Krajowej Sekcji Nauki NSZZ \u201eSolidarno\u015b\u0107\u201d w sprawie zagadnie\u0144 regulacji nowych przepis\u00f3w o szkolnictwie wy\u017cszym\u00a0 przygotowanych przez Ministerstwo Nauki i Szkolnictwa Wy\u017cszego. Informacje z dnia\u00a0 15 maja 2017 roku przekazane elektronicznie przez Pani\u0105 Ew\u0105 Trojanowsk\u0105. Toru\u0144, dnia\u00a0 3 czerwca 2017 r.<\/a><\/li>\n<li><a href=\"http:\/\/www.solidarnosc.org.pl\/ksn\/wp-content\/uploads\/2023\/01\/Stanowisko-9-KSN-z-dnia-3-czerwca-2017-roku.pdf\"><strong>Stanowisko nr 9<\/strong>\u00a0Krajowej Sekcji Nauki NSZZ \u201eSolidarno\u015b\u0107\u201d w sprawie dzia\u0142a\u0144 organizacji zak\u0142adowych zwi\u0105zanych \u00a0z analiz\u0105 i funkcjonowaniem algorytmu podzia\u0142u dotacji podstawowej dla uczelni publicznych w roku 2017. Toru\u0144, 3 czerwca 2017 r.<\/a><\/li>\n<li><a href=\"http:\/\/www.solidarnosc.org.pl\/ksn\/wp-content\/uploads\/2023\/01\/Stanowisko-8-KSN-z-dnia-3-czerwca-2017-roku.pdf\"><strong>Stanowisko nr 8<\/strong>\u00a0Krajowej Sekcji Nauki NSZZ \u201eSolidarno\u015b\u0107\u201d w sprawie polityki dotycz\u0105cej szkolnictwa wy\u017cszego w zawi\u0105zku z projektem Ustawa 2.0. Toru\u0144, 3 czerwca 2017 r.<\/a><\/li>\n<li><a href=\"http:\/\/www.solidarnosc.org.pl\/ksn\/wp-content\/uploads\/2023\/01\/Stanowisko-nr-7_Rada_do_KZ.pdf\"><strong>Stanowisko nr 7<\/strong>\u00a0Krajowej Sekcji Nauki NSZZ \u201eSolidarno\u015b\u0107\u201d w sprawie dzia\u0142a\u0144 organizacji zak\u0142adowych zwi\u0105zanych z pracami nad projektem ustawy 2.0, Sopot, dnia 18 marca 2017 r.<\/a><\/li>\n<li><a href=\"http:\/\/www.solidarnosc.org.pl\/ksn\/wp-content\/uploads\/2023\/01\/Stanowisko-nr-6_prawaPracownicze.pdf\"><strong>Stanowisko nr 6<\/strong>\u00a0Krajowej Sekcji Nauki NSZZ \u201eSolidarno\u015b\u0107\u201d w sprawie uwzgl\u0119dnienia praw pracowniczych w procesie przemian w nauce i szkolnictwie wy\u017cszym w Polsce, Sopot, dnia 18 marca 2017 r.<\/a><\/li>\n<li><a href=\"http:\/\/www.solidarnosc.org.pl\/ksn\/wp-content\/uploads\/2023\/01\/Stanowisko-5.pdf\"><strong>Stanowisko nr 5<\/strong>\u00a0Krajowej Sekcji Nauki NSZZ\u00a0\u00a0\u201eSolidarno\u015b\u0107&#8221; w sprawie sytuacji w Politechnice Wroc\u0142awskiej. Warszawa 27 czerwca 2015 r.<\/a><\/li>\n<li><a href=\"http:\/\/www.solidarnosc.org.pl\/ksn\/wp-content\/uploads\/2023\/01\/Stanowisko-4.pdf\"><strong>Stanowisko nr 4<\/strong>\u00a0Rady Krajowej Sekcji Nauki NSZZ \u201eSolidarno\u015b\u0107\u201d. Warszawa 7\u00a0 marca 2015 r.<\/a><\/li>\n<li><a href=\"http:\/\/www.solidarnosc.org.pl\/ksn\/wp-content\/uploads\/2023\/01\/Stanowisko-3.pdf\"><strong>Stanowisko nr 3<\/strong>\u00a0Rady Krajowej Sekcji Nauki NSZZ \u201eSolidarno\u015b\u0107\u201d w sprawie finansowania studi\u00f3w w zagranicznych uczelniach ze \u015brodk\u00f3w publicznych. Warszawa, 7 marca 2015 r.<\/a><\/li>\n<li><a href=\"http:\/\/www.solidarnosc.org.pl\/ksn\/wp-content\/uploads\/2023\/01\/Stanowisko-2.pdf\"><strong>Stanowisko nr 2<\/strong>\u00a0Rady Krajowej Sekcji Nauki NSZZ \u201eSolidarno\u015b\u0107\u201d. Warszawa, 7 marca 2015 r.<\/a><\/li>\n<li><a href=\"http:\/\/www.solidarnosc.org.pl\/ksn\/wp-content\/uploads\/2023\/01\/Stanowisko-1.pdf\"><strong>Stanowisko nr 1<\/strong>\u00a0Rady Krajowej Sekcji Nauki NSZZ \u201eSolidarno\u015b\u0107\u201d w sprawie Komitetu R\u00f3wno\u015bci ETUCE. Warszawa, 7 marca 2015 r.<\/a><\/li>\n<\/ul>\n<hr \/>\n<p><strong>Inne stanowiska<\/strong>\u00a0<strong>Krajowej Sekcji Nauki NSZZ \u201eSolidarno\u015b\u0107&#8221;:<\/strong><\/p>\n<ul>\n<li><strong><a href=\"http:\/\/www.solidarnosc.org.pl\/ksn\/wp-content\/uploads\/2023\/01\/stanowisko-KSN_24_02_2018.pdf\">Stanowisko Krajowej Sekcji Nauki NSZZ &#8222;Solidarno\u015b\u0107&#8221; w sprawie projektu ustawy o szkolnictwie wy\u017cszym i nauce z dnia 22 stycznia 2018. Warszawa, 24 lutego 2018 r.<\/a><\/strong><\/li>\n<li><a href=\"http:\/\/www.solidarnosc.org.pl\/ksn\/wp-content\/uploads\/2023\/01\/StanowiskoKSNdoRDSwSprawieProjektuUstawyZmIB.pdf\"><strong>Stanowisko Krajowej Sekcji Nauki NSZZ \u201eSolidarno\u015b\u0107\u201d w sprawie projektu ustawy o zmianie ustawy o instytutach badawczych (druk sejmowy nr 995), z dnia 22 listopada 2016 r.<\/strong><\/a><\/li>\n<li><a href=\"http:\/\/www.solidarnosc.org.pl\/ksn\/wp-content\/uploads\/2023\/01\/KSN-_stanowisko_NA_kodeks_pracy.pdf\"><strong>Stanowisko Krajowej Sekcji Nauki NSZZ \u201eSolidarno\u015b\u0107\u201d w sprawie zapowiedzi wy\u0142\u0105czenia nauczycieli akademickich spod zapis\u00f3w Kodeksu Pracy z dnia 19 maja 2015 r.<\/strong><\/a><\/li>\n<\/ul>\n<p><strong>Kadencja Rady KSN 2014-2018\u00a0<\/strong>\u2191<\/p>\n","protected":false},"excerpt":{"rendered":"<p>Stanowiska Krajowej Sekcji Nauki NSZZ \u201eSolidarno\u015b\u0107&#8221;: Stanowisko Prezydium Rady Krajowej [&hellip;]<\/p>\n","protected":false},"author":1,"featured_media":0,"parent":0,"menu_order":0,"comment_status":"closed","ping_status":"closed","template":"","meta":{"footnotes":""},"class_list":["post-269","page","type-page","status-publish","hentry"],"yoast_head":"<!-- This site is optimized with the Yoast SEO plugin v27.3 - https:\/\/yoast.com\/product\/yoast-seo-wordpress\/ -->\n<title>Stanowiska KSN NSZZ &quot;Solidarno\u015b\u0107&quot; - Krajowa Sekcja Nauki NSZZ Solidarno\u015b\u0107<\/title>\n<meta name=\"robots\" content=\"index, follow, max-snippet:-1, max-image-preview:large, max-video-preview:-1\" \/>\n<link rel=\"canonical\" href=\"https:\/\/www.solidarnosc.org.pl\/ksn\/stanowiska-ksn-nszz-solidarnosc\/\" \/>\n<meta property=\"og:locale\" content=\"pl_PL\" \/>\n<meta property=\"og:type\" content=\"article\" \/>\n<meta property=\"og:title\" content=\"Stanowiska KSN NSZZ &quot;Solidarno\u015b\u0107&quot; - Krajowa Sekcja Nauki NSZZ Solidarno\u015b\u0107\" \/>\n<meta property=\"og:description\" content=\"Stanowiska Krajowej Sekcji Nauki NSZZ \u201eSolidarno\u015b\u0107&#8221;: Stanowisko Prezydium Rady Krajowej [&hellip;]\" \/>\n<meta property=\"og:url\" content=\"https:\/\/www.solidarnosc.org.pl\/ksn\/stanowiska-ksn-nszz-solidarnosc\/\" \/>\n<meta property=\"og:site_name\" content=\"Krajowa Sekcja Nauki NSZZ Solidarno\u015b\u0107\" \/>\n<meta property=\"article:modified_time\" content=\"2024-10-31T08:51:18+00:00\" \/>\n<meta property=\"og:image\" content=\"https:\/\/www.solidarnosc.org.pl\/ksn\/kcfinder\/upload\/images\/Polska%20flaga.jpg\" \/>\n<meta name=\"twitter:card\" content=\"summary_large_image\" \/>\n<meta name=\"twitter:label1\" content=\"Szacowany czas czytania\" \/>\n\t<meta name=\"twitter:data1\" content=\"5 minut\" \/>\n<script type=\"application\/ld+json\" class=\"yoast-schema-graph\">{\"@context\":\"https:\\\/\\\/schema.org\",\"@graph\":[{\"@type\":\"WebPage\",\"@id\":\"https:\\\/\\\/www.solidarnosc.org.pl\\\/ksn\\\/stanowiska-ksn-nszz-solidarnosc\\\/\",\"url\":\"https:\\\/\\\/www.solidarnosc.org.pl\\\/ksn\\\/stanowiska-ksn-nszz-solidarnosc\\\/\",\"name\":\"Stanowiska KSN NSZZ \\\"Solidarno\u015b\u0107\\\" - Krajowa Sekcja Nauki NSZZ Solidarno\u015b\u0107\",\"isPartOf\":{\"@id\":\"https:\\\/\\\/www.solidarnosc.org.pl\\\/ksn\\\/#website\"},\"primaryImageOfPage\":{\"@id\":\"https:\\\/\\\/www.solidarnosc.org.pl\\\/ksn\\\/stanowiska-ksn-nszz-solidarnosc\\\/#primaryimage\"},\"image\":{\"@id\":\"https:\\\/\\\/www.solidarnosc.org.pl\\\/ksn\\\/stanowiska-ksn-nszz-solidarnosc\\\/#primaryimage\"},\"thumbnailUrl\":\"https:\\\/\\\/www.solidarnosc.org.pl\\\/ksn\\\/kcfinder\\\/upload\\\/images\\\/Polska%20flaga.jpg\",\"datePublished\":\"2022-02-07T17:26:29+00:00\",\"dateModified\":\"2024-10-31T08:51:18+00:00\",\"breadcrumb\":{\"@id\":\"https:\\\/\\\/www.solidarnosc.org.pl\\\/ksn\\\/stanowiska-ksn-nszz-solidarnosc\\\/#breadcrumb\"},\"inLanguage\":\"pl-PL\",\"potentialAction\":[{\"@type\":\"ReadAction\",\"target\":[\"https:\\\/\\\/www.solidarnosc.org.pl\\\/ksn\\\/stanowiska-ksn-nszz-solidarnosc\\\/\"]}]},{\"@type\":\"ImageObject\",\"inLanguage\":\"pl-PL\",\"@id\":\"https:\\\/\\\/www.solidarnosc.org.pl\\\/ksn\\\/stanowiska-ksn-nszz-solidarnosc\\\/#primaryimage\",\"url\":\"https:\\\/\\\/www.solidarnosc.org.pl\\\/ksn\\\/kcfinder\\\/upload\\\/images\\\/Polska%20flaga.jpg\",\"contentUrl\":\"https:\\\/\\\/www.solidarnosc.org.pl\\\/ksn\\\/kcfinder\\\/upload\\\/images\\\/Polska%20flaga.jpg\"},{\"@type\":\"BreadcrumbList\",\"@id\":\"https:\\\/\\\/www.solidarnosc.org.pl\\\/ksn\\\/stanowiska-ksn-nszz-solidarnosc\\\/#breadcrumb\",\"itemListElement\":[{\"@type\":\"ListItem\",\"position\":1,\"name\":\"Strona g\u0142\u00f3wna\",\"item\":\"https:\\\/\\\/www.solidarnosc.org.pl\\\/ksn\\\/\"},{\"@type\":\"ListItem\",\"position\":2,\"name\":\"Stanowiska KSN NSZZ &#8222;Solidarno\u015b\u0107&#8221;\"}]},{\"@type\":\"WebSite\",\"@id\":\"https:\\\/\\\/www.solidarnosc.org.pl\\\/ksn\\\/#website\",\"url\":\"https:\\\/\\\/www.solidarnosc.org.pl\\\/ksn\\\/\",\"name\":\"Krajowa Sekcja Nauki NSZZ Solidarno\u015b\u0107\",\"description\":\"Strona KSN to sprawy pracownik\u00f3w w szkolnictwie wy\u017cszym i nauce w Polsce\",\"publisher\":{\"@id\":\"https:\\\/\\\/www.solidarnosc.org.pl\\\/ksn\\\/#organization\"},\"potentialAction\":[{\"@type\":\"SearchAction\",\"target\":{\"@type\":\"EntryPoint\",\"urlTemplate\":\"https:\\\/\\\/www.solidarnosc.org.pl\\\/ksn\\\/?s={search_term_string}\"},\"query-input\":{\"@type\":\"PropertyValueSpecification\",\"valueRequired\":true,\"valueName\":\"search_term_string\"}}],\"inLanguage\":\"pl-PL\"},{\"@type\":\"Organization\",\"@id\":\"https:\\\/\\\/www.solidarnosc.org.pl\\\/ksn\\\/#organization\",\"name\":\"Krajowa Sekcja Nauki NSZZ Solidarno\u015b\u0107\",\"url\":\"https:\\\/\\\/www.solidarnosc.org.pl\\\/ksn\\\/\",\"logo\":{\"@type\":\"ImageObject\",\"inLanguage\":\"pl-PL\",\"@id\":\"https:\\\/\\\/www.solidarnosc.org.pl\\\/ksn\\\/#\\\/schema\\\/logo\\\/image\\\/\",\"url\":\"https:\\\/\\\/www.solidarnosc.org.pl\\\/ksn\\\/wp-content\\\/uploads\\\/2024\\\/10\\\/profilowe-fb.jpg\",\"contentUrl\":\"https:\\\/\\\/www.solidarnosc.org.pl\\\/ksn\\\/wp-content\\\/uploads\\\/2024\\\/10\\\/profilowe-fb.jpg\",\"width\":720,\"height\":719,\"caption\":\"Krajowa Sekcja Nauki NSZZ Solidarno\u015b\u0107\"},\"image\":{\"@id\":\"https:\\\/\\\/www.solidarnosc.org.pl\\\/ksn\\\/#\\\/schema\\\/logo\\\/image\\\/\"}}]}<\/script>\n<!-- \/ Yoast SEO plugin. -->","yoast_head_json":{"title":"Stanowiska KSN NSZZ \"Solidarno\u015b\u0107\" - Krajowa Sekcja Nauki NSZZ Solidarno\u015b\u0107","robots":{"index":"index","follow":"follow","max-snippet":"max-snippet:-1","max-image-preview":"max-image-preview:large","max-video-preview":"max-video-preview:-1"},"canonical":"https:\/\/www.solidarnosc.org.pl\/ksn\/stanowiska-ksn-nszz-solidarnosc\/","og_locale":"pl_PL","og_type":"article","og_title":"Stanowiska KSN NSZZ \"Solidarno\u015b\u0107\" - Krajowa Sekcja Nauki NSZZ Solidarno\u015b\u0107","og_description":"Stanowiska Krajowej Sekcji Nauki NSZZ \u201eSolidarno\u015b\u0107&#8221;: Stanowisko Prezydium Rady Krajowej [&hellip;]","og_url":"https:\/\/www.solidarnosc.org.pl\/ksn\/stanowiska-ksn-nszz-solidarnosc\/","og_site_name":"Krajowa Sekcja Nauki NSZZ Solidarno\u015b\u0107","article_modified_time":"2024-10-31T08:51:18+00:00","og_image":[{"url":"https:\/\/www.solidarnosc.org.pl\/ksn\/kcfinder\/upload\/images\/Polska%20flaga.jpg","type":"","width":"","height":""}],"twitter_card":"summary_large_image","twitter_misc":{"Szacowany czas czytania":"5 minut"},"schema":{"@context":"https:\/\/schema.org","@graph":[{"@type":"WebPage","@id":"https:\/\/www.solidarnosc.org.pl\/ksn\/stanowiska-ksn-nszz-solidarnosc\/","url":"https:\/\/www.solidarnosc.org.pl\/ksn\/stanowiska-ksn-nszz-solidarnosc\/","name":"Stanowiska KSN NSZZ \"Solidarno\u015b\u0107\" - Krajowa Sekcja Nauki NSZZ Solidarno\u015b\u0107","isPartOf":{"@id":"https:\/\/www.solidarnosc.org.pl\/ksn\/#website"},"primaryImageOfPage":{"@id":"https:\/\/www.solidarnosc.org.pl\/ksn\/stanowiska-ksn-nszz-solidarnosc\/#primaryimage"},"image":{"@id":"https:\/\/www.solidarnosc.org.pl\/ksn\/stanowiska-ksn-nszz-solidarnosc\/#primaryimage"},"thumbnailUrl":"https:\/\/www.solidarnosc.org.pl\/ksn\/kcfinder\/upload\/images\/Polska%20flaga.jpg","datePublished":"2022-02-07T17:26:29+00:00","dateModified":"2024-10-31T08:51:18+00:00","breadcrumb":{"@id":"https:\/\/www.solidarnosc.org.pl\/ksn\/stanowiska-ksn-nszz-solidarnosc\/#breadcrumb"},"inLanguage":"pl-PL","potentialAction":[{"@type":"ReadAction","target":["https:\/\/www.solidarnosc.org.pl\/ksn\/stanowiska-ksn-nszz-solidarnosc\/"]}]},{"@type":"ImageObject","inLanguage":"pl-PL","@id":"https:\/\/www.solidarnosc.org.pl\/ksn\/stanowiska-ksn-nszz-solidarnosc\/#primaryimage","url":"https:\/\/www.solidarnosc.org.pl\/ksn\/kcfinder\/upload\/images\/Polska%20flaga.jpg","contentUrl":"https:\/\/www.solidarnosc.org.pl\/ksn\/kcfinder\/upload\/images\/Polska%20flaga.jpg"},{"@type":"BreadcrumbList","@id":"https:\/\/www.solidarnosc.org.pl\/ksn\/stanowiska-ksn-nszz-solidarnosc\/#breadcrumb","itemListElement":[{"@type":"ListItem","position":1,"name":"Strona g\u0142\u00f3wna","item":"https:\/\/www.solidarnosc.org.pl\/ksn\/"},{"@type":"ListItem","position":2,"name":"Stanowiska KSN NSZZ &#8222;Solidarno\u015b\u0107&#8221;"}]},{"@type":"WebSite","@id":"https:\/\/www.solidarnosc.org.pl\/ksn\/#website","url":"https:\/\/www.solidarnosc.org.pl\/ksn\/","name":"Krajowa Sekcja Nauki NSZZ Solidarno\u015b\u0107","description":"Strona KSN to sprawy pracownik\u00f3w w szkolnictwie wy\u017cszym i nauce w Polsce","publisher":{"@id":"https:\/\/www.solidarnosc.org.pl\/ksn\/#organization"},"potentialAction":[{"@type":"SearchAction","target":{"@type":"EntryPoint","urlTemplate":"https:\/\/www.solidarnosc.org.pl\/ksn\/?s={search_term_string}"},"query-input":{"@type":"PropertyValueSpecification","valueRequired":true,"valueName":"search_term_string"}}],"inLanguage":"pl-PL"},{"@type":"Organization","@id":"https:\/\/www.solidarnosc.org.pl\/ksn\/#organization","name":"Krajowa Sekcja Nauki NSZZ Solidarno\u015b\u0107","url":"https:\/\/www.solidarnosc.org.pl\/ksn\/","logo":{"@type":"ImageObject","inLanguage":"pl-PL","@id":"https:\/\/www.solidarnosc.org.pl\/ksn\/#\/schema\/logo\/image\/","url":"https:\/\/www.solidarnosc.org.pl\/ksn\/wp-content\/uploads\/2024\/10\/profilowe-fb.jpg","contentUrl":"https:\/\/www.solidarnosc.org.pl\/ksn\/wp-content\/uploads\/2024\/10\/profilowe-fb.jpg","width":720,"height":719,"caption":"Krajowa Sekcja Nauki NSZZ Solidarno\u015b\u0107"},"image":{"@id":"https:\/\/www.solidarnosc.org.pl\/ksn\/#\/schema\/logo\/image\/"}}]}},"_links":{"self":[{"href":"https:\/\/www.solidarnosc.org.pl\/ksn\/wp-json\/wp\/v2\/pages\/269","targetHints":{"allow":["GET"]}}],"collection":[{"href":"https:\/\/www.solidarnosc.org.pl\/ksn\/wp-json\/wp\/v2\/pages"}],"about":[{"href":"https:\/\/www.solidarnosc.org.pl\/ksn\/wp-json\/wp\/v2\/types\/page"}],"author":[{"embeddable":true,"href":"https:\/\/www.solidarnosc.org.pl\/ksn\/wp-json\/wp\/v2\/users\/1"}],"replies":[{"embeddable":true,"href":"https:\/\/www.solidarnosc.org.pl\/ksn\/wp-json\/wp\/v2\/comments?post=269"}],"version-history":[{"count":7,"href":"https:\/\/www.solidarnosc.org.pl\/ksn\/wp-json\/wp\/v2\/pages\/269\/revisions"}],"predecessor-version":[{"id":4739,"href":"https:\/\/www.solidarnosc.org.pl\/ksn\/wp-json\/wp\/v2\/pages\/269\/revisions\/4739"}],"wp:attachment":[{"href":"https:\/\/www.solidarnosc.org.pl\/ksn\/wp-json\/wp\/v2\/media?parent=269"}],"curies":[{"name":"wp","href":"https:\/\/api.w.org\/{rel}","templated":true}]}}