{"id":2677,"date":"2023-01-03T19:54:33","date_gmt":"2023-01-03T18:54:33","guid":{"rendered":"http:\/\/www.solidarnosc.org.pl\/ksn\/?page_id=2677"},"modified":"2023-01-03T20:49:50","modified_gmt":"2023-01-03T19:49:50","slug":"dla-mediow","status":"publish","type":"page","link":"https:\/\/www.solidarnosc.org.pl\/ksn\/dla-mediow\/","title":{"rendered":"Dla medi\u00f3w"},"content":{"rendered":"<div class=\"fusion-fullwidth fullwidth-box fusion-builder-row-1 fusion-flex-container nonhundred-percent-fullwidth non-hundred-percent-height-scrolling\" style=\"background-color: rgba(255,255,255,0);background-position: center center;background-repeat: no-repeat;border-width: 0px 0px 0px 0px;border-color:#e2e2e2;border-style:solid;\" ><div class=\"fusion-builder-row fusion-row fusion-flex-align-items-flex-start\" style=\"max-width:1248px;margin-left: calc(-4% \/ 2 );margin-right: calc(-4% \/ 2 );\"><div class=\"fusion-layout-column fusion_builder_column fusion-builder-column-0 fusion_builder_column_1_1 1_1 fusion-flex-column\"><div class=\"fusion-column-wrapper fusion-flex-justify-content-flex-start fusion-content-layout-column\" style=\"background-position:left top;background-repeat:no-repeat;-webkit-background-size:cover;-moz-background-size:cover;-o-background-size:cover;background-size:cover;padding: 0px 0px 0px 0px;\"><div class=\"fusion-text fusion-text-1\"><div class=\"editable left-column cke_focus\">\n<p><strong>Rzecznik Prasowy Krajowej Sekcji Nauki NSZZ &#8222;Solidarno\u015b\u0107&#8221;<\/strong><\/p>\n<hr>\n<p><img decoding=\"async\" class=\"alignleft\" src=\"http:\/\/www.solidarnosc.org.pl\/ksn\/kcfinder\/upload\/images\/Marek%20Kisilowski%20fot.%20T.%20Gutry%20dla%20Tysol.jpg\" alt=\"\" width=\"324\" height=\"203\"><\/p>\n<h3 data-fontsize=\"32\" style=\"--fontSize:32; line-height: 1.3;\" data-lineheight=\"41.6px\" class=\"fusion-responsive-typography-calculated\">Marek Kisilowski<\/h3>\n<p>tel. 723 123 161<\/p>\n<p>mail: <a href=\"mailto:zprzew1.ksn@solidarnosc.org.pl\" target=\"_blank\" rel=\"noopener\">zprzew1.ksn@solidarnosc.org.pl<\/a><\/p>\n<\/div>\n<h6 data-fontsize=\"18\" style=\"--fontSize:18; line-height: 1.5; --minFontSize:18; font-size: 12px;\" data-lineheight=\"27px\" class=\"fusion-responsive-typography-calculated\" data-fusion-font=\"true\">fot. T. Gutry dla Tysol.pl<\/h6><\/p>\n<\/div><\/div><style type=\"text\/css\">.fusion-body .fusion-builder-column-0{width:100% !important;margin-top : 0px;margin-bottom : 0px;}.fusion-builder-column-0 > .fusion-column-wrapper {padding-top : 0px !important;padding-right : 0px !important;margin-right : 1.92%;padding-bottom : 0px !important;padding-left : 0px !important;margin-left : 1.92%;}@media only screen and (max-width:1024px) {.fusion-body .fusion-builder-column-0{width:100% !important;}.fusion-builder-column-0 > .fusion-column-wrapper {margin-right : 1.92%;margin-left : 1.92%;}}@media only screen and (max-width:640px) {.fusion-body .fusion-builder-column-0{width:100% !important;}.fusion-builder-column-0 > .fusion-column-wrapper {margin-right : 1.92%;margin-left : 1.92%;}}<\/style><\/div><\/div><style type=\"text\/css\">.fusion-body .fusion-flex-container.fusion-builder-row-1{ padding-top : 0px;margin-top : 0px;padding-right : 0px;padding-bottom : 0px;margin-bottom : 0px;padding-left : 0px;}<\/style><\/div>\n","protected":false},"excerpt":{"rendered":"","protected":false},"author":1,"featured_media":0,"parent":0,"menu_order":0,"comment_status":"closed","ping_status":"closed","template":"","meta":{"footnotes":""},"class_list":["post-2677","page","type-page","status-publish","hentry"],"yoast_head":"<!-- This site is optimized with the Yoast SEO plugin v27.3 - https:\/\/yoast.com\/product\/yoast-seo-wordpress\/ -->\n<title>Dla medi\u00f3w - Krajowa Sekcja Nauki NSZZ Solidarno\u015b\u0107<\/title>\n<meta name=\"robots\" content=\"index, follow, max-snippet:-1, max-image-preview:large, max-video-preview:-1\" \/>\n<link rel=\"canonical\" href=\"https:\/\/www.solidarnosc.org.pl\/ksn\/dla-mediow\/\" \/>\n<meta property=\"og:locale\" content=\"pl_PL\" \/>\n<meta property=\"og:type\" content=\"article\" \/>\n<meta property=\"og:title\" content=\"Dla medi\u00f3w - Krajowa Sekcja Nauki NSZZ Solidarno\u015b\u0107\" \/>\n<meta property=\"og:url\" content=\"https:\/\/www.solidarnosc.org.pl\/ksn\/dla-mediow\/\" \/>\n<meta property=\"og:site_name\" content=\"Krajowa Sekcja Nauki NSZZ Solidarno\u015b\u0107\" \/>\n<meta property=\"article:modified_time\" content=\"2023-01-03T19:49:50+00:00\" \/>\n<meta property=\"og:image\" content=\"http:\/\/www.solidarnosc.org.pl\/ksn\/kcfinder\/upload\/images\/Marek%20Kisilowski%20fot.%20T.%20Gutry%20dla%20Tysol.jpg\" \/>\n<meta name=\"twitter:card\" content=\"summary_large_image\" \/>\n<meta name=\"twitter:label1\" content=\"Szacowany czas czytania\" \/>\n\t<meta name=\"twitter:data1\" content=\"1 minuta\" \/>\n<script type=\"application\/ld+json\" class=\"yoast-schema-graph\">{\"@context\":\"https:\\\/\\\/schema.org\",\"@graph\":[{\"@type\":\"WebPage\",\"@id\":\"https:\\\/\\\/www.solidarnosc.org.pl\\\/ksn\\\/dla-mediow\\\/\",\"url\":\"https:\\\/\\\/www.solidarnosc.org.pl\\\/ksn\\\/dla-mediow\\\/\",\"name\":\"Dla medi\u00f3w - Krajowa Sekcja Nauki NSZZ Solidarno\u015b\u0107\",\"isPartOf\":{\"@id\":\"https:\\\/\\\/www.solidarnosc.org.pl\\\/ksn\\\/#website\"},\"primaryImageOfPage\":{\"@id\":\"https:\\\/\\\/www.solidarnosc.org.pl\\\/ksn\\\/dla-mediow\\\/#primaryimage\"},\"image\":{\"@id\":\"https:\\\/\\\/www.solidarnosc.org.pl\\\/ksn\\\/dla-mediow\\\/#primaryimage\"},\"thumbnailUrl\":\"http:\\\/\\\/www.solidarnosc.org.pl\\\/ksn\\\/kcfinder\\\/upload\\\/images\\\/Marek%20Kisilowski%20fot.%20T.%20Gutry%20dla%20Tysol.jpg\",\"datePublished\":\"2023-01-03T18:54:33+00:00\",\"dateModified\":\"2023-01-03T19:49:50+00:00\",\"breadcrumb\":{\"@id\":\"https:\\\/\\\/www.solidarnosc.org.pl\\\/ksn\\\/dla-mediow\\\/#breadcrumb\"},\"inLanguage\":\"pl-PL\",\"potentialAction\":[{\"@type\":\"ReadAction\",\"target\":[\"https:\\\/\\\/www.solidarnosc.org.pl\\\/ksn\\\/dla-mediow\\\/\"]}]},{\"@type\":\"ImageObject\",\"inLanguage\":\"pl-PL\",\"@id\":\"https:\\\/\\\/www.solidarnosc.org.pl\\\/ksn\\\/dla-mediow\\\/#primaryimage\",\"url\":\"http:\\\/\\\/www.solidarnosc.org.pl\\\/ksn\\\/kcfinder\\\/upload\\\/images\\\/Marek%20Kisilowski%20fot.%20T.%20Gutry%20dla%20Tysol.jpg\",\"contentUrl\":\"http:\\\/\\\/www.solidarnosc.org.pl\\\/ksn\\\/kcfinder\\\/upload\\\/images\\\/Marek%20Kisilowski%20fot.%20T.%20Gutry%20dla%20Tysol.jpg\"},{\"@type\":\"BreadcrumbList\",\"@id\":\"https:\\\/\\\/www.solidarnosc.org.pl\\\/ksn\\\/dla-mediow\\\/#breadcrumb\",\"itemListElement\":[{\"@type\":\"ListItem\",\"position\":1,\"name\":\"Strona g\u0142\u00f3wna\",\"item\":\"https:\\\/\\\/www.solidarnosc.org.pl\\\/ksn\\\/\"},{\"@type\":\"ListItem\",\"position\":2,\"name\":\"Dla medi\u00f3w\"}]},{\"@type\":\"WebSite\",\"@id\":\"https:\\\/\\\/www.solidarnosc.org.pl\\\/ksn\\\/#website\",\"url\":\"https:\\\/\\\/www.solidarnosc.org.pl\\\/ksn\\\/\",\"name\":\"Krajowa Sekcja Nauki NSZZ Solidarno\u015b\u0107\",\"description\":\"Strona KSN to sprawy pracownik\u00f3w w szkolnictwie wy\u017cszym i nauce w Polsce\",\"publisher\":{\"@id\":\"https:\\\/\\\/www.solidarnosc.org.pl\\\/ksn\\\/#organization\"},\"potentialAction\":[{\"@type\":\"SearchAction\",\"target\":{\"@type\":\"EntryPoint\",\"urlTemplate\":\"https:\\\/\\\/www.solidarnosc.org.pl\\\/ksn\\\/?s={search_term_string}\"},\"query-input\":{\"@type\":\"PropertyValueSpecification\",\"valueRequired\":true,\"valueName\":\"search_term_string\"}}],\"inLanguage\":\"pl-PL\"},{\"@type\":\"Organization\",\"@id\":\"https:\\\/\\\/www.solidarnosc.org.pl\\\/ksn\\\/#organization\",\"name\":\"Krajowa Sekcja Nauki NSZZ Solidarno\u015b\u0107\",\"url\":\"https:\\\/\\\/www.solidarnosc.org.pl\\\/ksn\\\/\",\"logo\":{\"@type\":\"ImageObject\",\"inLanguage\":\"pl-PL\",\"@id\":\"https:\\\/\\\/www.solidarnosc.org.pl\\\/ksn\\\/#\\\/schema\\\/logo\\\/image\\\/\",\"url\":\"https:\\\/\\\/www.solidarnosc.org.pl\\\/ksn\\\/wp-content\\\/uploads\\\/2024\\\/10\\\/profilowe-fb.jpg\",\"contentUrl\":\"https:\\\/\\\/www.solidarnosc.org.pl\\\/ksn\\\/wp-content\\\/uploads\\\/2024\\\/10\\\/profilowe-fb.jpg\",\"width\":720,\"height\":719,\"caption\":\"Krajowa Sekcja Nauki NSZZ Solidarno\u015b\u0107\"},\"image\":{\"@id\":\"https:\\\/\\\/www.solidarnosc.org.pl\\\/ksn\\\/#\\\/schema\\\/logo\\\/image\\\/\"}}]}<\/script>\n<!-- \/ Yoast SEO plugin. -->","yoast_head_json":{"title":"Dla medi\u00f3w - Krajowa Sekcja Nauki NSZZ Solidarno\u015b\u0107","robots":{"index":"index","follow":"follow","max-snippet":"max-snippet:-1","max-image-preview":"max-image-preview:large","max-video-preview":"max-video-preview:-1"},"canonical":"https:\/\/www.solidarnosc.org.pl\/ksn\/dla-mediow\/","og_locale":"pl_PL","og_type":"article","og_title":"Dla medi\u00f3w - Krajowa Sekcja Nauki NSZZ Solidarno\u015b\u0107","og_url":"https:\/\/www.solidarnosc.org.pl\/ksn\/dla-mediow\/","og_site_name":"Krajowa Sekcja Nauki NSZZ Solidarno\u015b\u0107","article_modified_time":"2023-01-03T19:49:50+00:00","og_image":[{"url":"http:\/\/www.solidarnosc.org.pl\/ksn\/kcfinder\/upload\/images\/Marek%20Kisilowski%20fot.%20T.%20Gutry%20dla%20Tysol.jpg","type":"","width":"","height":""}],"twitter_card":"summary_large_image","twitter_misc":{"Szacowany czas czytania":"1 minuta"},"schema":{"@context":"https:\/\/schema.org","@graph":[{"@type":"WebPage","@id":"https:\/\/www.solidarnosc.org.pl\/ksn\/dla-mediow\/","url":"https:\/\/www.solidarnosc.org.pl\/ksn\/dla-mediow\/","name":"Dla medi\u00f3w - Krajowa Sekcja Nauki NSZZ Solidarno\u015b\u0107","isPartOf":{"@id":"https:\/\/www.solidarnosc.org.pl\/ksn\/#website"},"primaryImageOfPage":{"@id":"https:\/\/www.solidarnosc.org.pl\/ksn\/dla-mediow\/#primaryimage"},"image":{"@id":"https:\/\/www.solidarnosc.org.pl\/ksn\/dla-mediow\/#primaryimage"},"thumbnailUrl":"http:\/\/www.solidarnosc.org.pl\/ksn\/kcfinder\/upload\/images\/Marek%20Kisilowski%20fot.%20T.%20Gutry%20dla%20Tysol.jpg","datePublished":"2023-01-03T18:54:33+00:00","dateModified":"2023-01-03T19:49:50+00:00","breadcrumb":{"@id":"https:\/\/www.solidarnosc.org.pl\/ksn\/dla-mediow\/#breadcrumb"},"inLanguage":"pl-PL","potentialAction":[{"@type":"ReadAction","target":["https:\/\/www.solidarnosc.org.pl\/ksn\/dla-mediow\/"]}]},{"@type":"ImageObject","inLanguage":"pl-PL","@id":"https:\/\/www.solidarnosc.org.pl\/ksn\/dla-mediow\/#primaryimage","url":"http:\/\/www.solidarnosc.org.pl\/ksn\/kcfinder\/upload\/images\/Marek%20Kisilowski%20fot.%20T.%20Gutry%20dla%20Tysol.jpg","contentUrl":"http:\/\/www.solidarnosc.org.pl\/ksn\/kcfinder\/upload\/images\/Marek%20Kisilowski%20fot.%20T.%20Gutry%20dla%20Tysol.jpg"},{"@type":"BreadcrumbList","@id":"https:\/\/www.solidarnosc.org.pl\/ksn\/dla-mediow\/#breadcrumb","itemListElement":[{"@type":"ListItem","position":1,"name":"Strona g\u0142\u00f3wna","item":"https:\/\/www.solidarnosc.org.pl\/ksn\/"},{"@type":"ListItem","position":2,"name":"Dla medi\u00f3w"}]},{"@type":"WebSite","@id":"https:\/\/www.solidarnosc.org.pl\/ksn\/#website","url":"https:\/\/www.solidarnosc.org.pl\/ksn\/","name":"Krajowa Sekcja Nauki NSZZ Solidarno\u015b\u0107","description":"Strona KSN to sprawy pracownik\u00f3w w szkolnictwie wy\u017cszym i nauce w Polsce","publisher":{"@id":"https:\/\/www.solidarnosc.org.pl\/ksn\/#organization"},"potentialAction":[{"@type":"SearchAction","target":{"@type":"EntryPoint","urlTemplate":"https:\/\/www.solidarnosc.org.pl\/ksn\/?s={search_term_string}"},"query-input":{"@type":"PropertyValueSpecification","valueRequired":true,"valueName":"search_term_string"}}],"inLanguage":"pl-PL"},{"@type":"Organization","@id":"https:\/\/www.solidarnosc.org.pl\/ksn\/#organization","name":"Krajowa Sekcja Nauki NSZZ Solidarno\u015b\u0107","url":"https:\/\/www.solidarnosc.org.pl\/ksn\/","logo":{"@type":"ImageObject","inLanguage":"pl-PL","@id":"https:\/\/www.solidarnosc.org.pl\/ksn\/#\/schema\/logo\/image\/","url":"https:\/\/www.solidarnosc.org.pl\/ksn\/wp-content\/uploads\/2024\/10\/profilowe-fb.jpg","contentUrl":"https:\/\/www.solidarnosc.org.pl\/ksn\/wp-content\/uploads\/2024\/10\/profilowe-fb.jpg","width":720,"height":719,"caption":"Krajowa Sekcja Nauki NSZZ Solidarno\u015b\u0107"},"image":{"@id":"https:\/\/www.solidarnosc.org.pl\/ksn\/#\/schema\/logo\/image\/"}}]}},"_links":{"self":[{"href":"https:\/\/www.solidarnosc.org.pl\/ksn\/wp-json\/wp\/v2\/pages\/2677","targetHints":{"allow":["GET"]}}],"collection":[{"href":"https:\/\/www.solidarnosc.org.pl\/ksn\/wp-json\/wp\/v2\/pages"}],"about":[{"href":"https:\/\/www.solidarnosc.org.pl\/ksn\/wp-json\/wp\/v2\/types\/page"}],"author":[{"embeddable":true,"href":"https:\/\/www.solidarnosc.org.pl\/ksn\/wp-json\/wp\/v2\/users\/1"}],"replies":[{"embeddable":true,"href":"https:\/\/www.solidarnosc.org.pl\/ksn\/wp-json\/wp\/v2\/comments?post=2677"}],"version-history":[{"count":10,"href":"https:\/\/www.solidarnosc.org.pl\/ksn\/wp-json\/wp\/v2\/pages\/2677\/revisions"}],"predecessor-version":[{"id":2696,"href":"https:\/\/www.solidarnosc.org.pl\/ksn\/wp-json\/wp\/v2\/pages\/2677\/revisions\/2696"}],"wp:attachment":[{"href":"https:\/\/www.solidarnosc.org.pl\/ksn\/wp-json\/wp\/v2\/media?parent=2677"}],"curies":[{"name":"wp","href":"https:\/\/api.w.org\/{rel}","templated":true}]}}