{"id":267,"date":"2022-02-07T18:26:29","date_gmt":"2022-02-07T17:26:29","guid":{"rendered":"http:\/\/www.solidarnosc.org.pl\/ksn\/?page_id=267"},"modified":"2023-07-30T15:05:34","modified_gmt":"2023-07-30T13:05:34","slug":"wzd-ksn-nszz-solidarnosc","status":"publish","type":"page","link":"https:\/\/www.solidarnosc.org.pl\/ksn\/wzd-ksn-nszz-solidarnosc\/","title":{"rendered":"WZD KSN NSZZ &#8222;Solidarno\u015b\u0107&#8221;"},"content":{"rendered":"<p><strong>Walne Zebranie Delegat\u00f3w Krajowej Sekcji NSZZ \u201e Solidarno\u015b\u0107\u201d, Zakopane, 26-27 maja 2023 roku:<\/strong><\/p>\n<p>Uchwa\u0142y i Stanowiska:<\/p>\n<ul>\n<li><a href=\"http:\/\/www.solidarnosc.org.pl\/ksn\/wp-content\/uploads\/2023\/07\/Uchwala_WZD_KSN_nr_1-1.pdf\"><strong>Uchwa\u0142a nr 1<\/strong> Walnego Zebrania Delegat\u00f3w Krajowej Sekcji Nauki NSZZ \u201eSolidarno\u015b\u0107\u201d w sprawie zagro\u017cenia polskiej edukacji, nauki i kultury; Zakopane, 27 maja 2023<\/a><\/li>\n<li><a href=\"http:\/\/www.solidarnosc.org.pl\/ksn\/wp-content\/uploads\/2023\/07\/Uchwala_WZD_KSN_nr_2.pdf\"><strong>Uchwa\u0142a nr 2<\/strong> Walnego Zebrania Delegat\u00f3w Krajowej Sekcji Nauki NSZZ \u201eSolidarno\u015b\u0107\u201d w sprawie obrony godno\u015bci, praw i interes\u00f3w cz\u0142onk\u00f3w Zwi\u0105zku oraz ich rodzin; Zakopane, 27 maja 2023<\/a><\/li>\n<li><a href=\"http:\/\/www.solidarnosc.org.pl\/ksn\/wp-content\/uploads\/2023\/07\/Uchwala_WZD_KSN_nr_3.pdf\"><strong>Uchwa\u0142a nr 3<\/strong> Walnego Zebrania Delegat\u00f3w Krajowej Sekcji Nauki NSZZ \u201eSolidarno\u015b\u0107\u201d w sprawie funkcjonowania instytut\u00f3w badawczych; Zakopane, 27 maja 2023<\/a><\/li>\n<li><a href=\"http:\/\/www.solidarnosc.org.pl\/ksn\/wp-content\/uploads\/2023\/07\/Stanowisko_WZD_KSN_nr_1.pdf\"><strong>Stanowisko nr 1<\/strong> Walnego Zebrania Delegat\u00f3w KSN NSZZ \u201eSolidarno\u015b\u0107\u201d w sprawie koniecznych zmian w ustawie Prawo o szkolnictwie wy\u017cszym i nauce; Zakopane, 27 maja 2023<\/a><\/li>\n<li><a href=\"http:\/\/www.solidarnosc.org.pl\/ksn\/wp-content\/uploads\/2023\/07\/Stanowisko_WZD_KSN_nr_2.pdf\"><strong>Stanowisko nr 2<\/strong> Walnego Zebrania Delegat\u00f3w KSN NSZZ \u201eSolidarno\u015b\u0107\u201d w sprawie finansowania oraz wynagrodze\u0144 w sferze szkolnictwa wy\u017cszego i nauki; Zakopane, 27 maja 2023<\/a><\/li>\n<li><a href=\"http:\/\/www.solidarnosc.org.pl\/ksn\/wp-content\/uploads\/2023\/07\/Stanowisko_WZD_KSN_nr_3.pdf\"><strong>Stanowisko nr 3<\/strong> Walnego Zebrania Delegat\u00f3w KSN NSZZ \u201eSolidarno\u015b\u0107\u201d w sprawie interdyscyplinarno\u015bci i multidyscyplinarno\u015bci w nauce; Zakopane, 27 maja 2023<\/a><\/li>\n<li><a href=\"http:\/\/www.solidarnosc.org.pl\/ksn\/wp-content\/uploads\/2023\/07\/Stanowisko_WZD_KSN_nr_4.pdf\"><strong>Stanowisko nr 4<\/strong> Walnego Zebranie Delegat\u00f3w KSN NSZZ \u201eSolidarno\u015b\u0107\u201d w sprawie zmiany sposobu naliczania Zak\u0142adowego Funduszu \u015awiadcze\u0144 Socjalnych; Zakopane, 27 maja 2023<\/a><\/li>\n<li><a href=\"http:\/\/www.solidarnosc.org.pl\/ksn\/wp-content\/uploads\/2023\/07\/Stanowisko_WZD_KSN_nr_5.pdf\"><strong>Stanowisko nr 5<\/strong> Walnego Zebrania Delegat\u00f3w Krajowej Sekcji Nauki NSZZ \u201eSolidarno\u015b\u0107\u201d w obronie dobrego imienia \u015bw. Jana Paw\u0142a II; Zakopane, 27 maja 2023<\/a><\/li>\n<li><a href=\"http:\/\/www.solidarnosc.org.pl\/ksn\/wp-content\/uploads\/2023\/07\/Stanowisko_WZD_KSN_nr_6.pdf\"><strong>Stanowisko nr 6<\/strong> Walnego Zebrania Delegat\u00f3w KSN NSZZ \u201eSolidarno\u015b\u0107\u201d w sprawie priorytet\u00f3w rozwoju pa\u0144stwa; Zakopane, 27 maja 2023<\/a><\/li>\n<\/ul>\n<p>Komunikaty Rzecznika prasowego WZD KSN NSZZ \u201eSolidarno\u015b\u0107\u201d:<\/p>\n<ul>\n<li><a href=\"https:\/\/www.solidarnosc.org.pl\/ksn\/2023\/05\/26\/komunikat-z-obrad-walnego-zebrania-delegatow-krajowej-sekcji-nauki-nszz-solidarnosc\/\"><strong>Komunikat nr 1<\/strong> z obrad WZD KSN NSZZ \u201eSolidarno\u015b\u0107\u201d w Zakopanem<\/a><\/li>\n<li><a href=\"https:\/\/www.solidarnosc.org.pl\/ksn\/2023\/05\/28\/komunikat-nr-2-z-obrad-wzd-ksn-nszz-solidarnosc-w-zakopanem\/\"><strong>Komunikat nr 2<\/strong> z obrad WZD KSN NSZZ \u201eSolidarno\u015b\u0107\u201d w Zakopanem<\/a><\/li>\n<\/ul>\n<hr \/>\n<p><strong>Walne Zebranie Delegat\u00f3w Krajowej Sekcji NSZZ \u201e Solidarno\u015b\u0107\u201d, Falenty k\/Warszawy, 18-20 maja 2018 roku:<\/strong><\/p>\n<ul>\n<li><strong><a href=\"http:\/\/www.solidarnosc.org.pl\/ksn\/wp-content\/uploads\/2023\/01\/Uchwala-nr-1-WZD.pdf\">Uchwa\u0142a nr 1<\/a>\u00a0<\/strong>Walnego Zebrania Delegat\u00f3w Krajowej Sekcji NSZZ \u201e Solidarno\u015b\u0107\u201d, Falenty k\/Warszawy, 18-20 maja 2018 roku, w sprawie wprowadzenia Regulaminu Krajowej Sekcji Nauki NSZZ \u201eSolidarno\u015b\u0107\u201d.\n<ul>\n<li><a href=\"http:\/\/www.solidarnosc.org.pl\/ksn\/wp-content\/uploads\/2023\/01\/Regulamin-KSN.pdf\"><strong>Regulamin Krajowej Sekcji Nauki NSZZ \u201eSolidarno\u015b\u0107\u201d z dnia 18-20 maja 2018 r. &#8211; Falenty k\/Warszawy<\/strong><\/a><\/li>\n<\/ul>\n<\/li>\n<li><a href=\"http:\/\/www.solidarnosc.org.pl\/ksn\/wp-content\/uploads\/2023\/01\/Uchwala-nr-8-WZD.pdf\"><strong>Uchwa\u0142a nr 8<\/strong><\/a>\u00a0Walnego Zebrania Delegat\u00f3w Krajowej Sekcji NSZZ \u201e Solidarno\u015b\u0107\u201d, Falenty k\/Warszawy, 18-20 maja 2018 roku, w sprawie podj\u0119cia dzia\u0142a\u0144 przeciw zmuszaniu pracownik\u00f3w uczelni do pracy w niedziele.<\/li>\n<li><strong><a href=\"http:\/\/www.solidarnosc.org.pl\/ksn\/wp-content\/uploads\/2023\/01\/Uchwala-nr-9-WZD.pdf\">Uchwa\u0142a nr 9<\/a>\u00a0<\/strong>Walnego Zebrania Delegat\u00f3w Krajowej Sekcji NSZZ \u201e Solidarno\u015b\u0107&#8221;, Falenty k\/Warszawy, 18-20 maja 2018 roku, w sprawie zaprzestanie dyskryminacji pracownik\u00f3w uczelni.<\/li>\n<li><a href=\"http:\/\/www.solidarnosc.org.pl\/ksn\/wp-content\/uploads\/2023\/01\/Uchwala-nr-10-WZD.pdf\"><strong>Uchwa\u0142a nr 10<\/strong><\/a>\u00a0Walnego Zebrania Delegat\u00f3w Krajowej Sekcji NSZZ \u201e Solidarno\u015b\u0107\u201d, Falenty k\/Warszawy, 18-20 maja 2018 roku, w sprawie interpretacji sposobu naliczania koszt\u00f3w uzyskania przychodu.<\/li>\n<li><a href=\"http:\/\/www.solidarnosc.org.pl\/ksn\/wp-content\/uploads\/2023\/01\/Stanowisko-nr-1-WZD.pdf\"><strong>Stanowisko nr 1<\/strong><\/a>\u00a0Walnego Zebrania Delegat\u00f3w Krajowej Sekcji NSZZ \u201e Solidarno\u015b\u0107\u201d, Falenty k\/Warszawy, 18-20 maja 2018 roku, w sprawie zakazu \u0142\u0105czenia funkcji kierownika katedry i\/lub kliniki z funkcj\u0105 ordynatora.<\/li>\n<li><a href=\"http:\/\/www.solidarnosc.org.pl\/ksn\/wp-content\/uploads\/2023\/01\/Stanowisko-nr-2-WZD.pdf\"><strong>Stanowisko nr 2<\/strong>\u00a0<\/a>Walnego Zebrania Delegat\u00f3w Krajowej Sekcji NSZZ \u201e Solidarno\u015b\u0107\u201d, Falenty k\/Warszawy, 18-20 maja 2018 roku, w sprawie zagwarantowania w ustawie Prawo o szkolnictwie wy\u017cszym i nauce prawa do 50% koszt\u00f3w uzyskania przychod\u00f3w.<\/li>\n<\/ul>\n<ul>\n<li><a href=\"http:\/\/www.solidarnosc.org.pl\/ksn\/wp-content\/uploads\/2023\/01\/List-Otwarty-WZD-KSN-18.05.2018.pdf\">List otwarty Walnego Zebrania Delegat\u00f3w Krajowej Sekcji Nauki NSZZ \u201eSolidarno\u015b\u0107\u201d, Warszawa-Falenty, 18 maja 2018 r.<\/a><\/li>\n<li><a href=\"http:\/\/www.solidarnosc.org.pl\/ksn\/wp-content\/uploads\/2023\/01\/Opinia-KSN-Ustawa-2.0-19.05.2018.pdf\">Stanowisko Krajowej Sekcji Nauki NSZZ \u201eSolidarno\u015b\u0107\u201d w sprawie projekt\u00f3w ustaw \u201ePrawo o szkolnictwie wy\u017cszym i nauce\u201d (druk 2446) oraz \u201ePrzepisy wprowadzaj\u0105ce ustaw\u0119 &#8211; Prawo o szkolnictwie wy\u017cszym i nauce\u201d (druk 2447).<\/a><\/li>\n<\/ul>\n","protected":false},"excerpt":{"rendered":"<p>Walne Zebranie Delegat\u00f3w Krajowej Sekcji NSZZ \u201e Solidarno\u015b\u0107\u201d, Zakopane, 26-27 [&hellip;]<\/p>\n","protected":false},"author":1,"featured_media":0,"parent":0,"menu_order":0,"comment_status":"closed","ping_status":"closed","template":"","meta":{"footnotes":""},"class_list":["post-267","page","type-page","status-publish","hentry"],"yoast_head":"<!-- This site is optimized with the Yoast SEO plugin v27.4 - https:\/\/yoast.com\/product\/yoast-seo-wordpress\/ -->\n<title>WZD KSN NSZZ &quot;Solidarno\u015b\u0107&quot; - Krajowa Sekcja Nauki NSZZ Solidarno\u015b\u0107<\/title>\n<meta name=\"robots\" content=\"index, follow, max-snippet:-1, max-image-preview:large, max-video-preview:-1\" \/>\n<link rel=\"canonical\" href=\"https:\/\/www.solidarnosc.org.pl\/ksn\/wzd-ksn-nszz-solidarnosc\/\" \/>\n<meta property=\"og:locale\" content=\"pl_PL\" \/>\n<meta property=\"og:type\" content=\"article\" \/>\n<meta property=\"og:title\" content=\"WZD KSN NSZZ &quot;Solidarno\u015b\u0107&quot; - Krajowa Sekcja Nauki NSZZ Solidarno\u015b\u0107\" \/>\n<meta property=\"og:description\" content=\"Walne Zebranie Delegat\u00f3w Krajowej Sekcji NSZZ \u201e Solidarno\u015b\u0107\u201d, Zakopane, 26-27 [&hellip;]\" \/>\n<meta property=\"og:url\" content=\"https:\/\/www.solidarnosc.org.pl\/ksn\/wzd-ksn-nszz-solidarnosc\/\" \/>\n<meta property=\"og:site_name\" content=\"Krajowa Sekcja Nauki NSZZ Solidarno\u015b\u0107\" \/>\n<meta property=\"article:modified_time\" content=\"2023-07-30T13:05:34+00:00\" \/>\n<meta name=\"twitter:card\" content=\"summary_large_image\" \/>\n<meta name=\"twitter:label1\" content=\"Szacowany czas czytania\" \/>\n\t<meta name=\"twitter:data1\" content=\"2 minuty\" \/>\n<script type=\"application\/ld+json\" class=\"yoast-schema-graph\">{\"@context\":\"https:\\\/\\\/schema.org\",\"@graph\":[{\"@type\":\"WebPage\",\"@id\":\"https:\\\/\\\/www.solidarnosc.org.pl\\\/ksn\\\/wzd-ksn-nszz-solidarnosc\\\/\",\"url\":\"https:\\\/\\\/www.solidarnosc.org.pl\\\/ksn\\\/wzd-ksn-nszz-solidarnosc\\\/\",\"name\":\"WZD KSN NSZZ \\\"Solidarno\u015b\u0107\\\" - Krajowa Sekcja Nauki NSZZ Solidarno\u015b\u0107\",\"isPartOf\":{\"@id\":\"https:\\\/\\\/www.solidarnosc.org.pl\\\/ksn\\\/#website\"},\"datePublished\":\"2022-02-07T17:26:29+00:00\",\"dateModified\":\"2023-07-30T13:05:34+00:00\",\"breadcrumb\":{\"@id\":\"https:\\\/\\\/www.solidarnosc.org.pl\\\/ksn\\\/wzd-ksn-nszz-solidarnosc\\\/#breadcrumb\"},\"inLanguage\":\"pl-PL\",\"potentialAction\":[{\"@type\":\"ReadAction\",\"target\":[\"https:\\\/\\\/www.solidarnosc.org.pl\\\/ksn\\\/wzd-ksn-nszz-solidarnosc\\\/\"]}]},{\"@type\":\"BreadcrumbList\",\"@id\":\"https:\\\/\\\/www.solidarnosc.org.pl\\\/ksn\\\/wzd-ksn-nszz-solidarnosc\\\/#breadcrumb\",\"itemListElement\":[{\"@type\":\"ListItem\",\"position\":1,\"name\":\"Strona g\u0142\u00f3wna\",\"item\":\"https:\\\/\\\/www.solidarnosc.org.pl\\\/ksn\\\/\"},{\"@type\":\"ListItem\",\"position\":2,\"name\":\"WZD KSN NSZZ &#8222;Solidarno\u015b\u0107&#8221;\"}]},{\"@type\":\"WebSite\",\"@id\":\"https:\\\/\\\/www.solidarnosc.org.pl\\\/ksn\\\/#website\",\"url\":\"https:\\\/\\\/www.solidarnosc.org.pl\\\/ksn\\\/\",\"name\":\"Krajowa Sekcja Nauki NSZZ Solidarno\u015b\u0107\",\"description\":\"Strona KSN to sprawy pracownik\u00f3w w szkolnictwie wy\u017cszym i nauce w Polsce\",\"publisher\":{\"@id\":\"https:\\\/\\\/www.solidarnosc.org.pl\\\/ksn\\\/#organization\"},\"potentialAction\":[{\"@type\":\"SearchAction\",\"target\":{\"@type\":\"EntryPoint\",\"urlTemplate\":\"https:\\\/\\\/www.solidarnosc.org.pl\\\/ksn\\\/?s={search_term_string}\"},\"query-input\":{\"@type\":\"PropertyValueSpecification\",\"valueRequired\":true,\"valueName\":\"search_term_string\"}}],\"inLanguage\":\"pl-PL\"},{\"@type\":\"Organization\",\"@id\":\"https:\\\/\\\/www.solidarnosc.org.pl\\\/ksn\\\/#organization\",\"name\":\"Krajowa Sekcja Nauki NSZZ Solidarno\u015b\u0107\",\"url\":\"https:\\\/\\\/www.solidarnosc.org.pl\\\/ksn\\\/\",\"logo\":{\"@type\":\"ImageObject\",\"inLanguage\":\"pl-PL\",\"@id\":\"https:\\\/\\\/www.solidarnosc.org.pl\\\/ksn\\\/#\\\/schema\\\/logo\\\/image\\\/\",\"url\":\"https:\\\/\\\/www.solidarnosc.org.pl\\\/ksn\\\/wp-content\\\/uploads\\\/2024\\\/10\\\/profilowe-fb.jpg\",\"contentUrl\":\"https:\\\/\\\/www.solidarnosc.org.pl\\\/ksn\\\/wp-content\\\/uploads\\\/2024\\\/10\\\/profilowe-fb.jpg\",\"width\":720,\"height\":719,\"caption\":\"Krajowa Sekcja Nauki NSZZ Solidarno\u015b\u0107\"},\"image\":{\"@id\":\"https:\\\/\\\/www.solidarnosc.org.pl\\\/ksn\\\/#\\\/schema\\\/logo\\\/image\\\/\"}}]}<\/script>\n<!-- \/ Yoast SEO plugin. -->","yoast_head_json":{"title":"WZD KSN NSZZ \"Solidarno\u015b\u0107\" - Krajowa Sekcja Nauki NSZZ Solidarno\u015b\u0107","robots":{"index":"index","follow":"follow","max-snippet":"max-snippet:-1","max-image-preview":"max-image-preview:large","max-video-preview":"max-video-preview:-1"},"canonical":"https:\/\/www.solidarnosc.org.pl\/ksn\/wzd-ksn-nszz-solidarnosc\/","og_locale":"pl_PL","og_type":"article","og_title":"WZD KSN NSZZ \"Solidarno\u015b\u0107\" - Krajowa Sekcja Nauki NSZZ Solidarno\u015b\u0107","og_description":"Walne Zebranie Delegat\u00f3w Krajowej Sekcji NSZZ \u201e Solidarno\u015b\u0107\u201d, Zakopane, 26-27 [&hellip;]","og_url":"https:\/\/www.solidarnosc.org.pl\/ksn\/wzd-ksn-nszz-solidarnosc\/","og_site_name":"Krajowa Sekcja Nauki NSZZ Solidarno\u015b\u0107","article_modified_time":"2023-07-30T13:05:34+00:00","twitter_card":"summary_large_image","twitter_misc":{"Szacowany czas czytania":"2 minuty"},"schema":{"@context":"https:\/\/schema.org","@graph":[{"@type":"WebPage","@id":"https:\/\/www.solidarnosc.org.pl\/ksn\/wzd-ksn-nszz-solidarnosc\/","url":"https:\/\/www.solidarnosc.org.pl\/ksn\/wzd-ksn-nszz-solidarnosc\/","name":"WZD KSN NSZZ \"Solidarno\u015b\u0107\" - Krajowa Sekcja Nauki NSZZ Solidarno\u015b\u0107","isPartOf":{"@id":"https:\/\/www.solidarnosc.org.pl\/ksn\/#website"},"datePublished":"2022-02-07T17:26:29+00:00","dateModified":"2023-07-30T13:05:34+00:00","breadcrumb":{"@id":"https:\/\/www.solidarnosc.org.pl\/ksn\/wzd-ksn-nszz-solidarnosc\/#breadcrumb"},"inLanguage":"pl-PL","potentialAction":[{"@type":"ReadAction","target":["https:\/\/www.solidarnosc.org.pl\/ksn\/wzd-ksn-nszz-solidarnosc\/"]}]},{"@type":"BreadcrumbList","@id":"https:\/\/www.solidarnosc.org.pl\/ksn\/wzd-ksn-nszz-solidarnosc\/#breadcrumb","itemListElement":[{"@type":"ListItem","position":1,"name":"Strona g\u0142\u00f3wna","item":"https:\/\/www.solidarnosc.org.pl\/ksn\/"},{"@type":"ListItem","position":2,"name":"WZD KSN NSZZ &#8222;Solidarno\u015b\u0107&#8221;"}]},{"@type":"WebSite","@id":"https:\/\/www.solidarnosc.org.pl\/ksn\/#website","url":"https:\/\/www.solidarnosc.org.pl\/ksn\/","name":"Krajowa Sekcja Nauki NSZZ Solidarno\u015b\u0107","description":"Strona KSN to sprawy pracownik\u00f3w w szkolnictwie wy\u017cszym i nauce w Polsce","publisher":{"@id":"https:\/\/www.solidarnosc.org.pl\/ksn\/#organization"},"potentialAction":[{"@type":"SearchAction","target":{"@type":"EntryPoint","urlTemplate":"https:\/\/www.solidarnosc.org.pl\/ksn\/?s={search_term_string}"},"query-input":{"@type":"PropertyValueSpecification","valueRequired":true,"valueName":"search_term_string"}}],"inLanguage":"pl-PL"},{"@type":"Organization","@id":"https:\/\/www.solidarnosc.org.pl\/ksn\/#organization","name":"Krajowa Sekcja Nauki NSZZ Solidarno\u015b\u0107","url":"https:\/\/www.solidarnosc.org.pl\/ksn\/","logo":{"@type":"ImageObject","inLanguage":"pl-PL","@id":"https:\/\/www.solidarnosc.org.pl\/ksn\/#\/schema\/logo\/image\/","url":"https:\/\/www.solidarnosc.org.pl\/ksn\/wp-content\/uploads\/2024\/10\/profilowe-fb.jpg","contentUrl":"https:\/\/www.solidarnosc.org.pl\/ksn\/wp-content\/uploads\/2024\/10\/profilowe-fb.jpg","width":720,"height":719,"caption":"Krajowa Sekcja Nauki NSZZ Solidarno\u015b\u0107"},"image":{"@id":"https:\/\/www.solidarnosc.org.pl\/ksn\/#\/schema\/logo\/image\/"}}]}},"_links":{"self":[{"href":"https:\/\/www.solidarnosc.org.pl\/ksn\/wp-json\/wp\/v2\/pages\/267","targetHints":{"allow":["GET"]}}],"collection":[{"href":"https:\/\/www.solidarnosc.org.pl\/ksn\/wp-json\/wp\/v2\/pages"}],"about":[{"href":"https:\/\/www.solidarnosc.org.pl\/ksn\/wp-json\/wp\/v2\/types\/page"}],"author":[{"embeddable":true,"href":"https:\/\/www.solidarnosc.org.pl\/ksn\/wp-json\/wp\/v2\/users\/1"}],"replies":[{"embeddable":true,"href":"https:\/\/www.solidarnosc.org.pl\/ksn\/wp-json\/wp\/v2\/comments?post=267"}],"version-history":[{"count":7,"href":"https:\/\/www.solidarnosc.org.pl\/ksn\/wp-json\/wp\/v2\/pages\/267\/revisions"}],"predecessor-version":[{"id":3989,"href":"https:\/\/www.solidarnosc.org.pl\/ksn\/wp-json\/wp\/v2\/pages\/267\/revisions\/3989"}],"wp:attachment":[{"href":"https:\/\/www.solidarnosc.org.pl\/ksn\/wp-json\/wp\/v2\/media?parent=267"}],"curies":[{"name":"wp","href":"https:\/\/api.w.org\/{rel}","templated":true}]}}