{"id":22,"date":"2021-06-11T12:17:47","date_gmt":"2021-06-11T10:17:47","guid":{"rendered":"http:\/\/www.solidarnosc.org.pl\/ksn\/?page_id=22"},"modified":"2026-03-10T21:40:05","modified_gmt":"2026-03-10T20:40:05","slug":"kalendarium","status":"publish","type":"page","link":"https:\/\/www.solidarnosc.org.pl\/ksn\/kalendarium\/","title":{"rendered":"Kalendarium"},"content":{"rendered":"<p>13.06.2026 r. WZD KSN NSZZ &#8222;Solidarno\u015b\u0107&#8221; &#8211; Warszawa<\/p>\n<p>28.05.2026 r. Prezydium KSN &#8211; posiedzenie zdalne<\/p>\n<p><strong>16.04.2026 r. Prezydium KSN &#8211; posiedzenie zdalne<\/strong><\/p>\n<p><a href=\"https:\/\/www.solidarnosc.org.pl\/ksn\/2026\/03\/10\/komunikat-z-obrad-rady-ksn-w-dn-05-03-2026-r\/\">05.03.2026 r. Rada KSN<\/a> &#8211; posiedzenie zdalne<\/p>\n<p><a href=\"https:\/\/www.solidarnosc.org.pl\/ksn\/2026\/03\/04\/komunikat-z-obrad-prezydium-ksn-w-dn-26-03-2026-r\/\">26.02.2026 r. Prezydium KSN<\/a> &#8211; posiedzenie zdalne<\/p>\n<p><a href=\"https:\/\/www.solidarnosc.org.pl\/ksn\/2026\/02\/06\/komunikat-z-obrad-prezydium-ksn-w-dn-28-01-2026-r\/\">28.01.2026 r. Prezydium KSN<\/a> &#8211; posiedzenie zdalne<\/p>\n<p><strong><span style=\"color: #800000;\">2026<\/span><\/strong><\/p>\n<hr \/>\n<p><strong>18.12.2025 r.<\/strong> <strong>Prezydium KSN &#8211; posiedzenie zdalne<\/strong><\/p>\n<p><a href=\"https:\/\/www.solidarnosc.org.pl\/ksn\/2025\/10\/27\/komunikat-z-obrad-rady-ksn-w-dn-05-09-2025-r\/\">05.09.2025 r. Rada KSN<\/a> &#8211; Bia\u0142ystok<\/p>\n<p><a href=\"https:\/\/www.solidarnosc.org.pl\/ksn\/2025\/06\/14\/komunikat-z-obrad-rady-ksn-w-dn-05-06-2025-r\/\">05.06.2025 r. Rada KSN<\/a> &#8211; posiedzenie zdalne<\/p>\n<p><a href=\"https:\/\/www.solidarnosc.org.pl\/ksn\/2025\/06\/05\/komunikat-z-obrad-prezydium-ksn-w-dn-30-05-2025-r\/\">30.05.2025 r. Prezydium KSN<\/a> &#8211; posiedzenie zdalne<\/p>\n<p><a href=\"https:\/\/www.solidarnosc.org.pl\/ksn\/2025\/04\/24\/komunikat-z-obrad-prezydium-ksn-w-dn-11-04-2025-r\/\">11.04.2025 r. Prezydium KSN<\/a> &#8211; posiedzenie zdalne<\/p>\n<p><a href=\"https:\/\/www.solidarnosc.org.pl\/ksn\/2025\/03\/25\/komunikat-z-obrad-rady-ksn-w-dn-14-03-2025\/\">14.03.2025 r. Rada KSN<\/a> &#8211; posiedzenie zdalne<\/p>\n<p><a href=\"https:\/\/www.solidarnosc.org.pl\/ksn\/2025\/03\/25\/komunikat-z-obrad-prezydium-ksn-w-dn-13-03-2025-r\/\">13.03.2025 r. Prezydium KSN<\/a> &#8211; posiedzenie zdalne<\/p>\n<p><a href=\"https:\/\/www.solidarnosc.org.pl\/ksn\/2025\/02\/10\/komunikat-z-obrad-rady-ksn-w-dn-01-02-2025\/\">01.02.2025 r. Rada KSN<\/a> &#8211; Warszawa<\/p>\n<p><a href=\"https:\/\/www.solidarnosc.org.pl\/ksn\/2025\/02\/07\/komunikat-z-obrad-prezydium-ksn-w-dn-31-01-2025-r\/\">31.01.2025 r. Prezydium KSN<\/a> &#8211; Warszawa<\/p>\n<p><span style=\"color: #800000;\"><strong>2025<\/strong><\/span><\/p>\n<hr \/>\n<p><a href=\"https:\/\/www.solidarnosc.org.pl\/ksn\/2024\/11\/29\/komunikat-z-obrad-rady-ksn-w-dn-15-11-2024\/\">15.11.2024 r. Rada KSN<\/a> &#8211; posiedzenie zdalne<\/p>\n<p><a href=\"https:\/\/www.solidarnosc.org.pl\/ksn\/2024\/11\/21\/komunikat-z-obrad-prezydium-ksn-w-dn-14-11-2024-r\/\">14.11.2024 r. Prezydium KSN<\/a> &#8211; posiedzenie zdalne<\/p>\n<p><a href=\"https:\/\/www.solidarnosc.org.pl\/ksn\/2024\/10\/17\/komunikat-z-obrad-prezydium-ksn-w-dn-10-10-2024-r\/\">10.10.2024 r. Prezydium KSN<\/a> &#8211; posiedzenie zdalne<\/p>\n<p><a href=\"https:\/\/www.solidarnosc.org.pl\/ksn\/2024\/06\/13\/komunikat-z-obrad-rady-ksn-w-dn-07-06-2024\/\">07.06.2024 r. Rada KSN<\/a> &#8211; posiedzenie zdalne<\/p>\n<p><a href=\"https:\/\/www.solidarnosc.org.pl\/ksn\/2024\/06\/10\/komunikat-z-obrad-prezydium-ksn-w-dn-06-06-2024\/\">06.06.2024 r. Prezydium KSN<\/a> &#8211; posiedzenie zdalne<\/p>\n<p>12.04.2024 r. Rada KSN i FUiIP &#8211; \u0141\u00f3d\u017a<\/p>\n<p>11.04.2024 r. Prezydium KSN &#8211; \u0141\u00f3d\u017a<\/p>\n<p><a href=\"https:\/\/www.solidarnosc.org.pl\/ksn\/2024\/03\/13\/komunikat-z-obrad-rady-ksn-w-dn-01-03-2024\/\">01.03.2024 r. Rada KSN<\/a> &#8211; Warszawa<\/p>\n<p><a href=\"https:\/\/www.solidarnosc.org.pl\/ksn\/2024\/03\/05\/komunikat-z-obrad-prezydium-ksn-w-dn-29-02-2024\/\">29.02.2024 r. Prezydium KSN<\/a> &#8211; posiedzenie w systemie hybrydowym<\/p>\n<p><a href=\"https:\/\/www.solidarnosc.org.pl\/ksn\/2024\/02\/14\/komunikat-ze-spotkania-prezydium-ksn-z-dariuszem-wieczorkiem-ministrem-nisw\/\">12.02.2024 r. &#8211; nowy termin spotkania Prezydium KSN z Ministrem NiSW<\/a><\/p>\n<p>07.02.2024 r.\u00a0 &#8211; spotkanie Prezydium KSN z Ministrem NiSW; spotkanie odwo\u0142ane przez Ministra<\/p>\n<p><span style=\"color: #800000;\"><strong>2024<\/strong><\/span><\/p>\n<hr \/>\n<p><a href=\"https:\/\/www.solidarnosc.org.pl\/ksn\/2024\/01\/16\/komunikat-z-obrad-rady-ksn-w-dn-12-12-2023\/\">12.12.2023 r. Rada KSN<\/a> &#8211; Katowice<\/p>\n<p><a href=\"https:\/\/www.solidarnosc.org.pl\/ksn\/2023\/12\/13\/komunikat-z-obrad-prezydium-ksn-w-dn-11-12-2023-r\/\">11.12.2023 r. Prezydium KSN<\/a> &#8211; Katowice<\/p>\n<p><a href=\"https:\/\/www.solidarnosc.org.pl\/ksn\/2023\/12\/06\/komunikat-z-obrad-rady-ksn-w-dn-17-11-2023\/\">17.11.2023 r. Rada KSN<\/a> &#8211; posiedzenie zdalne<\/p>\n<p><a href=\"https:\/\/www.solidarnosc.org.pl\/ksn\/2023\/11\/24\/posiedzenie-prezydium-17-11-2023\/\">17.11.2023 r. Prezydium KSN<\/a> &#8211; posiedzenie zdalne<\/p>\n<p><a href=\"https:\/\/www.solidarnosc.org.pl\/ksn\/2023\/07\/15\/komunikat-z-obrad-rady-ksn-w-dn-07-07-2023-r\/\">07.07.2023 r. Rada KSN<\/a> &#8211; Warszawa<\/p>\n<p>27.05.2023 r. Rada KSN &#8211; pierwsze posiedzenie Rady KSN w kadencji 2023-2028<\/p>\n<p><a href=\"https:\/\/www.solidarnosc.org.pl\/ksn\/2023\/07\/06\/uchwaly-i-stanowiska-wzd-ksn-nszz-solidarnosc-w-zakopanem\/\">26-27.05. 2023 r.- Walne Zebranie Delegat\u00f3w Krajowej Sekcji Nauki NSZZ \u201eSolidarno\u015b\u0107\u201d<\/a> &#8211; Zakopane &#8211; <a href=\"http:\/\/www.solidarnosc.org.pl\/ksn\/2023\/05\/26\/komunikat-z-obrad-walnego-zebrania-delegatow-krajowej-sekcji-nauki-nszz-solidarnosc\/\">Komunikat nr 1<\/a>, <a href=\"http:\/\/www.solidarnosc.org.pl\/ksn\/2023\/05\/28\/komunikat-nr-2-z-obrad-wzd-ksn-nszz-solidarnosc-w-zakopanem\/\">Komunikat nr 2<\/a><\/p>\n<p><strong><span style=\"color: #800000;\">Kadencja Rady KSN 2023-2028 \u2191<\/span><\/strong><\/p>\n<p><a href=\"http:\/\/www.solidarnosc.org.pl\/ksn\/2023\/05\/04\/komunikat-z-obrad-rady-ksn-w-dn-03-04-2023-r\/\">03.04.2023 r. Rada KSN<\/a> &#8211; posiedzenie zdalne<\/p>\n<p><a href=\"http:\/\/www.solidarnosc.org.pl\/ksn\/2023\/04\/17\/posiedzenie-prezydium-03-04-2023\/\">03.04.2023 r. Prezydium KSN<\/a> &#8211; posiedzenie zdalne<\/p>\n<p><a href=\"http:\/\/www.solidarnosc.org.pl\/ksn\/2022\/12\/18\/vzprxvrxxpfkjh95n\/\">02.12.2022 r. Rada KSN<\/a> &#8211; posiedzenie zdalne<\/p>\n<p><span style=\"color: #800000;\"><strong>2023<\/strong><\/span><\/p>\n<hr \/>\n<p><a href=\"http:\/\/www.solidarnosc.org.pl\/ksn\/2022\/12\/12\/posiedzenie-prezydium-28-11-2022\/\">28.11.2022 r. Prezydium KSN<\/a> &#8211; posiedzenie zdalne<\/p>\n<p><a href=\"http:\/\/www.solidarnosc.org.pl\/ksn\/2022\/10\/23\/komunikat-z-obrad-rady-ksn-w-dn-23-09-2022\/\">23.09.2022 r. Rada KSN<\/a> &#8211; Cz\u0119stochowa<\/p>\n<p><a href=\"http:\/\/www.solidarnosc.org.pl\/ksn\/2022\/09\/27\/komunikat-z-prezydium-ksn-19-09-2022\/\">19.09.2022 r. Prezydium KSN<\/a> &#8211; posiedzenie zdalne<\/p>\n<p><a href=\"http:\/\/www.solidarnosc.org.pl\/ksn\/2022\/05\/27\/komunikat-z-obrad-prezydium-ksn-w-dn-12-05-2022\/\">12.05.2022 r. Prezydium KSN<\/a> &#8211; posiedzenie zdalne<\/p>\n<p><a href=\"http:\/\/www.solidarnosc.org.pl\/ksn\/2022\/03\/10\/komunikat-z-obrad-rady-ksn-w-dn-03-03-2022\/\">03.03.2022 r. Rada KSN<\/a> &#8211; posiedzenie zdalne<\/p>\n<p><a href=\"http:\/\/www.solidarnosc.org.pl\/ksn\/2022\/03\/10\/komunikat-z-obrad-prezydium-ksn-w-dn-03-03-2022\/\">03.03.2022 r. Prezydium KSN<\/a> &#8211; posiedzenie zdalne<\/p>\n<p><a href=\"http:\/\/www.solidarnosc.org.pl\/ksn\/2022\/02\/02\/komunikat-z-obrad-prezydium-ksn-w-dn-27-01-2022\/\">27.01.2022 r. Prezydium KSN<\/a> &#8211; posiedzenie zdalne<\/p>\n<p><span style=\"color: #800000;\"><strong>2022<\/strong><\/span><\/p>\n<hr \/>\n<p><a href=\"http:\/\/www.solidarnosc.org.pl\/ksn\/2021\/11\/18\/komunikat-z-obrad-rady-ksn-w-dn-04-11-2021\/\">04.11.2021 r. Rada KSN<\/a> &#8211; posiedzenie zdalne &#8211; Rada Krajowej Sekcji Nauki NSZZ \u201eSolidarno\u015b\u0107\u201d przekszta\u0142cona w Sztab Protestacyjny<\/p>\n<p><a href=\"http:\/\/www.solidarnosc.org.pl\/ksn\/2021\/10\/26\/komunikat-z-obrad-prezydium-ksn-w-dn-21-10-2021\/\">21.10.2021 r. Prezydium KSN<\/a> &#8211; posiedzenie zdalne<\/p>\n<p>16.09.2021 r. Rada KSN &#8211; posiedzenie odwo\u0142ane<\/p>\n<p><a href=\"http:\/\/www.solidarnosc.org.pl\/ksn\/2021\/07\/02\/komunikat-z-obrad-rady-ksn\/\">10.06.2021 r. Rada KSN<\/a> &#8211; posiedzenie zdalne<\/p>\n<p><a href=\"http:\/\/www.solidarnosc.org.pl\/ksn\/2021\/06\/10\/komunikat-z-obrad-prezydium-ksn\/\">20.05.2021 r. Prezydium KSN<\/a> &#8211; posiedzenie zdalne<\/p>\n<p><a href=\"http:\/\/www.solidarnosc.org.pl\/ksn\/2021\/05\/26\/komunikat-z-posiedzenia-rady-ksn\/\">04.03.2021 r. Rada KSN<\/a> &#8211; posiedzenie zdalne<\/p>\n<p><a href=\"http:\/\/www.solidarnosc.org.pl\/ksn\/2021\/05\/26\/komunikat-z-obrad-prezydium-ksn-2\/\">18.02.2021 r. Prezydium KSN<\/a> &#8211; posiedzenie zdalne<\/p>\n<p><span style=\"color: #800000;\"><strong>2021<\/strong><\/span><\/p>\n<hr \/>\n<p><a href=\"http:\/\/www.solidarnosc.org.pl\/ksn\/2021\/01\/21\/komunikat-z-prezydium-ksn\/\">16.12.2020 r. Prezydium KSN<\/a> &#8211; posiedzenie zdalne<\/p>\n<p><a href=\"http:\/\/www.solidarnosc.org.pl\/ksn\/2020\/10\/12\/posiedzenie-rady-ksn\/\">24.09.2020 r. Rada KSN<\/a> &#8211; posiedzenie zdalne<\/p>\n<p><a href=\"http:\/\/www.solidarnosc.org.pl\/ksn\/2020\/10\/12\/posiedzenie-prezydium-ksn-11\/\">17.09.2020 r. Prezydium KSN &#8211; posiedzenie zdalne<\/a><\/p>\n<p><a href=\"http:\/\/www.solidarnosc.org.pl\/ksn\/2020\/06\/06\/komunikat-z-obrad-prezydium-ksn-posiedzenie-zdalne\/\">23.07.2020 r. Prezydium KSN<\/a> &#8211; posiedzenie zdalne<\/p>\n<p>27.06.2020 r. Rada KSN &#8211; Warszawa &#8211; posiedzenie odwo\u0142ane<\/p>\n<p>26.06.2020 r. Prezydium Rady KSN \u2013 Warszawa &#8211; termin rezerwowy (w razie konieczno\u015bci) &#8211; posiedzenie odwo\u0142ane<\/p>\n<p>16.05.2020 r. Prezydium Rady KSN &#8211; Warszawa &#8211; posiedzenie odwo\u0142ane<\/p>\n<p>25.04.2020 r. Prezydium Rady KSN &#8211; Warszawa &#8211; posiedzenie odwo\u0142ane<\/p>\n<p>21.03.2020 r. Rada KSN &#8211; Warszawa &#8211; w zwi\u0105zku z zagro\u017ceniem epidemicznym w Polsce, wywo\u0142anym przez koronawirusa SARS-CoV-2 posiedzenie zosta\u0142o odwo\u0142ane<\/p>\n<p><a href=\"http:\/\/www.solidarnosc.org.pl\/ksn\/2020\/03\/16\/komunikat-z-prezydium-ksn-2\/\">07.03.2020 r. Prezydium Rady KSN<\/a> &#8211; Warszawa<\/p>\n<p><a href=\"http:\/\/www.solidarnosc.org.pl\/ksn\/2020\/01\/28\/posiedzenie-prezydium-ksn\/\">18.01.2020 r. Prezydium Rady KSN<\/a> &#8211; Warszawa<\/p>\n<p><span style=\"color: #800000;\"><strong>2020<\/strong><\/span><\/p>\n<hr \/>\n<p>23.11. 2019 r. Rada KSN &#8211; Warszawa<\/p>\n<p><a href=\"http:\/\/www.solidarnosc.org.pl\/ksn\/2019\/12\/03\/komunikat-z-obrad-prezydium\/\">22.11.2019 r. Prezydium Rady KSN<\/a> &#8211; Warszawa<\/p>\n<p><a href=\"http:\/\/www.solidarnosc.org.pl\/ksn\/2019\/09\/26\/prezydium-ksn-w-krakowie\/\">20.09.2019 r. Prezydium Rady KSN<\/a> &#8211; Krak\u00f3w<\/p>\n<p><a href=\"http:\/\/www.solidarnosc.org.pl\/ksn\/2019\/06\/22\/rada-ksn-w-katowicach\/\">15.06.2019 r. Rada KSN<\/a> &#8211; Katowice<\/p>\n<p><a href=\"http:\/\/www.solidarnosc.org.pl\/ksn\/2019\/06\/21\/prezydium-ksn-w-katowicach\/\">14.06.2019 r. Prezydium Rady KSN<\/a><\/p>\n<p><a href=\"http:\/\/www.solidarnosc.org.pl\/ksn\/2019\/04\/25\/posiedzenie-prezydium-ksn-2\/\">13.04.2019 r. Prezydium Rady KSN<\/a><\/p>\n<p><a href=\"http:\/\/www.solidarnosc.org.pl\/ksn\/2019\/04\/01\/rada-ksn-23-03-2019\/\">23.03.2019 r. Rada KSN<\/a> &#8211; Warszawa<\/p>\n<p><a href=\"http:\/\/www.solidarnosc.org.pl\/ksn\/2019\/03\/05\/posiedzenie-prezydium-ksn-3\/\">23.02.2019 r. Prezydium Rady KSN<\/a><\/p>\n<p><a href=\"http:\/\/www.solidarnosc.org.pl\/ksn\/2019\/01\/22\/komunikat-z-obrad-prezydium-ksn-w-dn-12-01-2019-r\/\">12.01.2019 r. Prezydium Rady KSN<\/a><\/p>\n<p><span style=\"color: #800000;\"><strong>2019<\/strong><\/span><\/p>\n<hr \/>\n<p><a href=\"http:\/\/www.solidarnosc.org.pl\/ksn\/2018\/11\/29\/posiedzenie-prezydium-ksn-4\/\">24.11.2018 r. Prezydium Rady KSN<\/a> &#8211; Warszawa<\/p>\n<p><a href=\"http:\/\/www.solidarnosc.org.pl\/ksn\/2018\/10\/27\/rada-ksn-13-10-2018\/\">13.10.2018 r. Rada KSN<\/a> &#8211; Warszawa<\/p>\n<p>29.09.2018 r. Prezydium Rady KSN<\/p>\n<p><a href=\"http:\/\/www.solidarnosc.org.pl\/ksn\/2018\/06\/28\/rada-ksn-23-06-2018\/\">23.06.2018 r. Rada KSN<\/a> &#8211; Warszawa<\/p>\n<p><a href=\"http:\/\/www.solidarnosc.org.pl\/ksn\/2018\/06\/11\/stanowisko-kongresu-krajowego-sekretariatu-nauki-i-oswiaty\/\">09-10.06.2018 r. Kongres Krajowego Sekretariatu Nauki i O\u015bwiaty NSZZ \u201eSolidarno\u015b\u0107\u201d<\/a> &#8211; Gda\u0144sk<\/p>\n<p><a href=\"http:\/\/www.solidarnosc.org.pl\/ksn\/2018\/05\/20\/nowe-wladze-ksn\/\">18-19. 05. 2018 r.\u00a0 &#8211; Walne Zebranie Delegat\u00f3w Krajowej Sekcji Nauki NSZZ \u201eSolidarno\u015b\u0107\u201d<\/a> &#8211; Warszawa-Falenty<\/p>\n<p><strong><span style=\"color: #800000;\">Kadencja Rady KSN 2018-2023 \u2191<\/span><\/strong><\/p>\n<p>12.05.2018 r. Prezydium Rady KSN<\/p>\n<p>21.04.2018 r. Rada KSN<\/p>\n<p><a href=\"http:\/\/www.solidarnosc.org.pl\/ksn\/2018\/04\/09\/posiedzenie-prezydium-ksn-5\/\">24.03.2018 r. Prezydium Rady KSN<\/a> &#8211; Warszawa<\/p>\n<p><a href=\"http:\/\/www.solidarnosc.org.pl\/ksn\/2018\/03\/12\/rada-ksn-24-02-2018\/\">24.02.2018 r.\u00a0 Rada KSN<\/a> &#8211; Warszawa<\/p>\n<p><a href=\"http:\/\/www.solidarnosc.org.pl\/ksn\/2018\/02\/07\/posiedzenie-prezydium-ksn-6\/\">27.01.2018 r. Prezydium Rady KSN<\/a> &#8211; Warszawa<\/p>\n<p><span style=\"color: #800000;\"><strong>2018<\/strong><\/span><\/p>\n<hr \/>\n<p><a href=\"http:\/\/www.solidarnosc.org.pl\/ksn\/2017\/12\/13\/posiedzenie-prezydium-ksn-7\/\">02.12.2017 r. Prezydium Rady KSN<\/a> &#8211; Warszawa<\/p>\n<p><a href=\"http:\/\/www.solidarnosc.org.pl\/ksn\/2017\/10\/27\/rada-ksn-21-10-2017\/\">21.10.2017 r. Rada KSN<\/a> &#8211; Warszawa<\/p>\n<p><a href=\"http:\/\/www.solidarnosc.org.pl\/ksn\/2017\/10\/19\/posiedzenie-prezydium-ksn-8\/\">30.09.2017 r. Prezydium Rady KSN<\/a> &#8211; Warszawa<\/p>\n<p><a href=\"http:\/\/www.solidarnosc.org.pl\/ksn\/2017\/07\/12\/posiedzenie-prezydium-ksn-9\/\">01.07.2017 r. Prezydium Rady KSN<\/a> &#8211; Warszawa<\/p>\n<p><a href=\"http:\/\/www.solidarnosc.org.pl\/ksn\/2017\/06\/13\/rada-ksn-w-toruniu\/\">03.06.2017 r. Rada KSN<\/a> &#8211; Toru\u0144<\/p>\n<p><a href=\"http:\/\/www.solidarnosc.org.pl\/ksn\/2017\/05\/16\/posiedzenie-prezydium-ksn-10\/\">20.05.2017 r. Prezydium Rady KSN<\/a> &#8211; Warszawa<\/p>\n<p><a href=\"http:\/\/www.solidarnosc.org.pl\/ksn\/2017\/03\/19\/rada-ksn-18-marca-2017\/\">18.03.2017 r. Rada KSN<\/a> &#8211; Sopot<\/p>\n<p><a href=\"http:\/\/www.solidarnosc.org.pl\/ksn\/2017\/03\/16\/komunikat-z-prezydium-ksn-4\/\">04.03.2017 r. Prezydium Rady KSN<\/a> &#8211; Warszawa<\/p>\n<p><a href=\"http:\/\/www.solidarnosc.org.pl\/ksn\/2017\/02\/02\/komunikat-z-prezydium-ksn-5\/\">14.01.2017 r. Prezydium Rady KSN<\/a> &#8211; Warszawa<\/p>\n<p><strong><span style=\"color: #800000;\">2017<\/span><\/strong><\/p>\n<hr \/>\n<p><a href=\"http:\/\/www.solidarnosc.org.pl\/ksn\/2016\/12\/09\/rada-ksn-10-grudnia-2016\/\">10.12.2016 r. Rada KSN<\/a> &#8211; Warszawa<\/p>\n<p><a href=\"http:\/\/www.solidarnosc.org.pl\/ksn\/2016\/11\/18\/komunikat-z-prezydium-ksn-6\/\">05.11.2016 r. Prezydium Rady KSN<\/a> &#8211; Warszawa<\/p>\n<p><a href=\"http:\/\/www.solidarnosc.org.pl\/ksn\/2016\/11\/14\/walne-zebranie-delegatow-ksn-w-poznaniu\/\">22-25.09.2016 r. WZD KSN NSZZ \u201eSolidarno\u015b\u0107\u201d w 2016 r.<\/a>&#8211; zjazd w po\u0142owie kadencji \u2013 Pozna\u0144<\/p>\n<p>10.09.2016 r. Prezydium Rady KSN<\/p>\n<p><a href=\"http:\/\/www.solidarnosc.org.pl\/ksn\/2016\/06\/16\/rada-ksn-18-czerwca-2016\/\">18.06.2016 r. Rada KSN<\/a> &#8211; \u0141\u00f3d\u017a<\/p>\n<p><a href=\"http:\/\/www.solidarnosc.org.pl\/ksn\/2016\/06\/01\/komunikat-z-prezydium-ksn-7\/\">21.05.2016 r. Prezydium Rady KSN<\/a> &#8211; Warszawa<\/p>\n<p><a href=\"http:\/\/www.solidarnosc.org.pl\/ksn\/2016\/05\/10\/komunikat-z-prezydium-ksn-8\/\">09.04.2016 r. Prezydium Rady KSN<\/a> &#8211; Warszawa<\/p>\n<p><a href=\"http:\/\/www.solidarnosc.org.pl\/ksn\/wp-content\/uploads\/2023\/01\/Komunikat-ze-spotkania-z-prof.-Bobko-17.03.2016.pdf\">17.03.2016 r. Spotkanie KSN z prof. Aleksandrem Bobko, Sekretarzem Stanu w MNiSW<\/a> &#8211; oficjalny komunikat<\/p>\n<p><a href=\"http:\/\/www.solidarnosc.org.pl\/ksn\/2016\/03\/11\/posiedzenie-rady-ksn-warszawa-5-marca-2016-r\/\">05.03.2016 r. Rada KSN<\/a>&#8211; Warszawa<\/p>\n<p><a href=\"http:\/\/www.solidarnosc.org.pl\/ksn\/2016\/02\/23\/komunikat-z-prezydium-ksn-9\/\">12.02.2016 r. Prezydium Rady KSN<\/a> &#8211; Warszawa<\/p>\n<p><strong><span style=\"color: #800000;\">2016<\/span><\/strong><\/p>\n<hr \/>\n<p><a href=\"http:\/\/www.solidarnosc.org.pl\/ksn\/2016\/01\/11\/oficjalny-komunikat-ze-spotkania-ksn-z-ministrem-jaroslawem-gowinem\/\">28.12.2015 r.\u00a0 Spotkanie KSN z Jaros\u0142awem Gowinem, Ministrem NiSW<\/a> &#8211; oficjalny komunikat<\/p>\n<p><a href=\"http:\/\/www.solidarnosc.org.pl\/ksn\/2015\/12\/15\/komunikat-z-prezydium-ksn-10\/\">12.12.2015 r.\u00a0 Prezydium Rady KSN<\/a> &#8211; Warszawa<\/p>\n<p><a href=\"http:\/\/www.solidarnosc.org.pl\/ksn\/2015\/10\/23\/komunikat-z-rady-ksn\/\">10.10.2015 r.\u00a0 Rada KSN<\/a> &#8211; Krak\u00f3w<\/p>\n<p><a href=\"http:\/\/www.solidarnosc.org.pl\/ksn\/2015\/09\/26\/komunikat-z-prezydium-ksn-11\/\">26.09.2015 r.\u00a0 Prezydium Rady KSN<\/a> &#8211; Warszawa<\/p>\n<p><a href=\"http:\/\/www.solidarnosc.org.pl\/ksn\/2015\/01\/31\/nadzwyczajna-sesja-wzd-ksn\/\">31.01.2015 r. nadzwyczajna Sesja\u00a0WZD KSN NSZZ \u201eSolidarno\u015b\u0107\u201d<\/a>&#8211; Warszawa<\/p>\n<p><span style=\"color: #800000;\"><strong>2015<\/strong><\/span><\/p>\n<p><strong><span style=\"color: #800000;\">Kadencja Rady KSN 2014-2018 \u2191<\/span><\/strong><\/p>\n<p>&nbsp;<\/p>\n<p>&nbsp;<\/p>\n<p>&nbsp;<\/p>\n<p>&nbsp;<\/p>\n","protected":false},"excerpt":{"rendered":"<p>13.06.2026 r. WZD KSN NSZZ &#8222;Solidarno\u015b\u0107&#8221; &#8211; Warszawa 28.05.2026 r. [&hellip;]<\/p>\n","protected":false},"author":1,"featured_media":0,"parent":0,"menu_order":0,"comment_status":"closed","ping_status":"closed","template":"","meta":{"footnotes":""},"class_list":["post-22","page","type-page","status-publish","hentry"],"yoast_head":"<!-- This site is optimized with the Yoast SEO plugin v27.3 - https:\/\/yoast.com\/product\/yoast-seo-wordpress\/ -->\n<title>Kalendarium - Krajowa Sekcja Nauki NSZZ Solidarno\u015b\u0107<\/title>\n<meta name=\"robots\" content=\"index, follow, max-snippet:-1, max-image-preview:large, max-video-preview:-1\" \/>\n<link rel=\"canonical\" href=\"https:\/\/www.solidarnosc.org.pl\/ksn\/kalendarium\/\" \/>\n<meta property=\"og:locale\" content=\"pl_PL\" \/>\n<meta property=\"og:type\" content=\"article\" \/>\n<meta property=\"og:title\" content=\"Kalendarium - Krajowa Sekcja Nauki NSZZ Solidarno\u015b\u0107\" \/>\n<meta property=\"og:description\" content=\"13.06.2026 r. WZD KSN NSZZ &#8222;Solidarno\u015b\u0107&#8221; &#8211; Warszawa 28.05.2026 r. [&hellip;]\" \/>\n<meta property=\"og:url\" content=\"https:\/\/www.solidarnosc.org.pl\/ksn\/kalendarium\/\" \/>\n<meta property=\"og:site_name\" content=\"Krajowa Sekcja Nauki NSZZ Solidarno\u015b\u0107\" \/>\n<meta property=\"article:modified_time\" content=\"2026-03-10T20:40:05+00:00\" \/>\n<meta name=\"twitter:card\" content=\"summary_large_image\" \/>\n<meta name=\"twitter:label1\" content=\"Szacowany czas czytania\" \/>\n\t<meta name=\"twitter:data1\" content=\"5 minut\" \/>\n<script type=\"application\/ld+json\" class=\"yoast-schema-graph\">{\"@context\":\"https:\\\/\\\/schema.org\",\"@graph\":[{\"@type\":\"WebPage\",\"@id\":\"https:\\\/\\\/www.solidarnosc.org.pl\\\/ksn\\\/kalendarium\\\/\",\"url\":\"https:\\\/\\\/www.solidarnosc.org.pl\\\/ksn\\\/kalendarium\\\/\",\"name\":\"Kalendarium - Krajowa Sekcja Nauki NSZZ Solidarno\u015b\u0107\",\"isPartOf\":{\"@id\":\"https:\\\/\\\/www.solidarnosc.org.pl\\\/ksn\\\/#website\"},\"datePublished\":\"2021-06-11T10:17:47+00:00\",\"dateModified\":\"2026-03-10T20:40:05+00:00\",\"breadcrumb\":{\"@id\":\"https:\\\/\\\/www.solidarnosc.org.pl\\\/ksn\\\/kalendarium\\\/#breadcrumb\"},\"inLanguage\":\"pl-PL\",\"potentialAction\":[{\"@type\":\"ReadAction\",\"target\":[\"https:\\\/\\\/www.solidarnosc.org.pl\\\/ksn\\\/kalendarium\\\/\"]}]},{\"@type\":\"BreadcrumbList\",\"@id\":\"https:\\\/\\\/www.solidarnosc.org.pl\\\/ksn\\\/kalendarium\\\/#breadcrumb\",\"itemListElement\":[{\"@type\":\"ListItem\",\"position\":1,\"name\":\"Strona g\u0142\u00f3wna\",\"item\":\"https:\\\/\\\/www.solidarnosc.org.pl\\\/ksn\\\/\"},{\"@type\":\"ListItem\",\"position\":2,\"name\":\"Kalendarium\"}]},{\"@type\":\"WebSite\",\"@id\":\"https:\\\/\\\/www.solidarnosc.org.pl\\\/ksn\\\/#website\",\"url\":\"https:\\\/\\\/www.solidarnosc.org.pl\\\/ksn\\\/\",\"name\":\"Krajowa Sekcja Nauki NSZZ Solidarno\u015b\u0107\",\"description\":\"Strona KSN to sprawy pracownik\u00f3w w szkolnictwie wy\u017cszym i nauce w Polsce\",\"publisher\":{\"@id\":\"https:\\\/\\\/www.solidarnosc.org.pl\\\/ksn\\\/#organization\"},\"potentialAction\":[{\"@type\":\"SearchAction\",\"target\":{\"@type\":\"EntryPoint\",\"urlTemplate\":\"https:\\\/\\\/www.solidarnosc.org.pl\\\/ksn\\\/?s={search_term_string}\"},\"query-input\":{\"@type\":\"PropertyValueSpecification\",\"valueRequired\":true,\"valueName\":\"search_term_string\"}}],\"inLanguage\":\"pl-PL\"},{\"@type\":\"Organization\",\"@id\":\"https:\\\/\\\/www.solidarnosc.org.pl\\\/ksn\\\/#organization\",\"name\":\"Krajowa Sekcja Nauki NSZZ Solidarno\u015b\u0107\",\"url\":\"https:\\\/\\\/www.solidarnosc.org.pl\\\/ksn\\\/\",\"logo\":{\"@type\":\"ImageObject\",\"inLanguage\":\"pl-PL\",\"@id\":\"https:\\\/\\\/www.solidarnosc.org.pl\\\/ksn\\\/#\\\/schema\\\/logo\\\/image\\\/\",\"url\":\"https:\\\/\\\/www.solidarnosc.org.pl\\\/ksn\\\/wp-content\\\/uploads\\\/2024\\\/10\\\/profilowe-fb.jpg\",\"contentUrl\":\"https:\\\/\\\/www.solidarnosc.org.pl\\\/ksn\\\/wp-content\\\/uploads\\\/2024\\\/10\\\/profilowe-fb.jpg\",\"width\":720,\"height\":719,\"caption\":\"Krajowa Sekcja Nauki NSZZ Solidarno\u015b\u0107\"},\"image\":{\"@id\":\"https:\\\/\\\/www.solidarnosc.org.pl\\\/ksn\\\/#\\\/schema\\\/logo\\\/image\\\/\"}}]}<\/script>\n<!-- \/ Yoast SEO plugin. -->","yoast_head_json":{"title":"Kalendarium - Krajowa Sekcja Nauki NSZZ Solidarno\u015b\u0107","robots":{"index":"index","follow":"follow","max-snippet":"max-snippet:-1","max-image-preview":"max-image-preview:large","max-video-preview":"max-video-preview:-1"},"canonical":"https:\/\/www.solidarnosc.org.pl\/ksn\/kalendarium\/","og_locale":"pl_PL","og_type":"article","og_title":"Kalendarium - Krajowa Sekcja Nauki NSZZ Solidarno\u015b\u0107","og_description":"13.06.2026 r. WZD KSN NSZZ &#8222;Solidarno\u015b\u0107&#8221; &#8211; Warszawa 28.05.2026 r. [&hellip;]","og_url":"https:\/\/www.solidarnosc.org.pl\/ksn\/kalendarium\/","og_site_name":"Krajowa Sekcja Nauki NSZZ Solidarno\u015b\u0107","article_modified_time":"2026-03-10T20:40:05+00:00","twitter_card":"summary_large_image","twitter_misc":{"Szacowany czas czytania":"5 minut"},"schema":{"@context":"https:\/\/schema.org","@graph":[{"@type":"WebPage","@id":"https:\/\/www.solidarnosc.org.pl\/ksn\/kalendarium\/","url":"https:\/\/www.solidarnosc.org.pl\/ksn\/kalendarium\/","name":"Kalendarium - Krajowa Sekcja Nauki NSZZ Solidarno\u015b\u0107","isPartOf":{"@id":"https:\/\/www.solidarnosc.org.pl\/ksn\/#website"},"datePublished":"2021-06-11T10:17:47+00:00","dateModified":"2026-03-10T20:40:05+00:00","breadcrumb":{"@id":"https:\/\/www.solidarnosc.org.pl\/ksn\/kalendarium\/#breadcrumb"},"inLanguage":"pl-PL","potentialAction":[{"@type":"ReadAction","target":["https:\/\/www.solidarnosc.org.pl\/ksn\/kalendarium\/"]}]},{"@type":"BreadcrumbList","@id":"https:\/\/www.solidarnosc.org.pl\/ksn\/kalendarium\/#breadcrumb","itemListElement":[{"@type":"ListItem","position":1,"name":"Strona g\u0142\u00f3wna","item":"https:\/\/www.solidarnosc.org.pl\/ksn\/"},{"@type":"ListItem","position":2,"name":"Kalendarium"}]},{"@type":"WebSite","@id":"https:\/\/www.solidarnosc.org.pl\/ksn\/#website","url":"https:\/\/www.solidarnosc.org.pl\/ksn\/","name":"Krajowa Sekcja Nauki NSZZ Solidarno\u015b\u0107","description":"Strona KSN to sprawy pracownik\u00f3w w szkolnictwie wy\u017cszym i nauce w Polsce","publisher":{"@id":"https:\/\/www.solidarnosc.org.pl\/ksn\/#organization"},"potentialAction":[{"@type":"SearchAction","target":{"@type":"EntryPoint","urlTemplate":"https:\/\/www.solidarnosc.org.pl\/ksn\/?s={search_term_string}"},"query-input":{"@type":"PropertyValueSpecification","valueRequired":true,"valueName":"search_term_string"}}],"inLanguage":"pl-PL"},{"@type":"Organization","@id":"https:\/\/www.solidarnosc.org.pl\/ksn\/#organization","name":"Krajowa Sekcja Nauki NSZZ Solidarno\u015b\u0107","url":"https:\/\/www.solidarnosc.org.pl\/ksn\/","logo":{"@type":"ImageObject","inLanguage":"pl-PL","@id":"https:\/\/www.solidarnosc.org.pl\/ksn\/#\/schema\/logo\/image\/","url":"https:\/\/www.solidarnosc.org.pl\/ksn\/wp-content\/uploads\/2024\/10\/profilowe-fb.jpg","contentUrl":"https:\/\/www.solidarnosc.org.pl\/ksn\/wp-content\/uploads\/2024\/10\/profilowe-fb.jpg","width":720,"height":719,"caption":"Krajowa Sekcja Nauki NSZZ Solidarno\u015b\u0107"},"image":{"@id":"https:\/\/www.solidarnosc.org.pl\/ksn\/#\/schema\/logo\/image\/"}}]}},"_links":{"self":[{"href":"https:\/\/www.solidarnosc.org.pl\/ksn\/wp-json\/wp\/v2\/pages\/22","targetHints":{"allow":["GET"]}}],"collection":[{"href":"https:\/\/www.solidarnosc.org.pl\/ksn\/wp-json\/wp\/v2\/pages"}],"about":[{"href":"https:\/\/www.solidarnosc.org.pl\/ksn\/wp-json\/wp\/v2\/types\/page"}],"author":[{"embeddable":true,"href":"https:\/\/www.solidarnosc.org.pl\/ksn\/wp-json\/wp\/v2\/users\/1"}],"replies":[{"embeddable":true,"href":"https:\/\/www.solidarnosc.org.pl\/ksn\/wp-json\/wp\/v2\/comments?post=22"}],"version-history":[{"count":56,"href":"https:\/\/www.solidarnosc.org.pl\/ksn\/wp-json\/wp\/v2\/pages\/22\/revisions"}],"predecessor-version":[{"id":5322,"href":"https:\/\/www.solidarnosc.org.pl\/ksn\/wp-json\/wp\/v2\/pages\/22\/revisions\/5322"}],"wp:attachment":[{"href":"https:\/\/www.solidarnosc.org.pl\/ksn\/wp-json\/wp\/v2\/media?parent=22"}],"curies":[{"name":"wp","href":"https:\/\/api.w.org\/{rel}","templated":true}]}}