{"id":205,"date":"2022-02-07T16:29:30","date_gmt":"2022-02-07T15:29:30","guid":{"rendered":"http:\/\/www.solidarnosc.org.pl\/ksn\/?page_id=205"},"modified":"2025-04-11T13:31:41","modified_gmt":"2025-04-11T11:31:41","slug":"linki","status":"publish","type":"page","link":"https:\/\/www.solidarnosc.org.pl\/ksn\/linki\/","title":{"rendered":"Linki"},"content":{"rendered":"<h2>NSZZ SOLIDARNO\u015a\u0106<\/h2>\n<ul>\n<li><a href=\"http:\/\/www.solidarnosc.org.pl\/\" rel=\"noopener\">Komisja Krajowa<\/a><\/li>\n<\/ul>\n<h3>NAUKA I O\u015aWIATA<\/h3>\n<ul>\n<li><a href=\"https:\/\/oswiata-solidarnosc.pl\/\">Krajowy Sekretariat Nauki i O\u015bwiaty<\/a><\/li>\n<li><a href=\"http:\/\/www.solidarnosc.org.pl\/ksn\/\"><strong>Sekcja Krajowa Nauki<\/strong><\/a><\/li>\n<li><a href=\"http:\/\/www.nszz.pan.pl\/\">Sekcja Krajowa PAN<\/a><\/li>\n<li><a href=\"http:\/\/www.solidarnosc.org.pl\/oswiata\/\">Sekcja Krajowa O\u015bwiaty i Wychowania<\/a><\/li>\n<\/ul>\n<h3>ZARZ\u0104DY REGION\u00d3W<\/h3>\n<ul>\n<li><a href=\"http:\/\/www.solidarnosc.gda.pl\/\">Region Gda\u0144ski<\/a><\/li>\n<li><a href=\"https:\/\/www.solidarnosc.org.pl\/gorzow\/\">Region Gorzowski<\/a><\/li>\n<li><a href=\"http:\/\/www.solidarnosc.krakow.pl\/\">Region Ma\u0142opolska<\/a><\/li>\n<li><a href=\"https:\/\/solidarnosc.mazowsze.pl\/\">Region Mazowsze<\/a><\/li>\n<li><a href=\"http:\/\/www.solidarnosc.org.pl\/bbial\/\">Region Podbeskidzie<\/a><\/li>\n<li><a href=\"http:\/\/solidarnosc.szczecin.pl\/\">Region Pomorza Zachodniego<\/a><\/li>\n<li><a href=\"http:\/\/www.solidarnosc.rzeszow.org.pl\/\">Region Rzeszowski<\/a><\/li>\n<li><a href=\"https:\/\/www.solidarnosc.org.pl\/opole\/\">Region \u015al\u0105ska Opolskiego<\/a><\/li>\n<li><a href=\"https:\/\/solidarnosckatowice.pl\/\">Region \u015al\u0105sko-D\u0105browski<\/a><\/li>\n<li><a href=\"http:\/\/www.solidarnosc.org.pl\/lublin\/\">Region \u015arodkowo-Wschodni<\/a><\/li>\n<li><a href=\"http:\/\/www.solidarnosc-swietokrzyska.pl\/\">Region \u015awi\u0119tokrzyski<\/a><\/li>\n<li><a href=\"https:\/\/www.solidarnosc.org.pl\/torun\/\">Region Toru\u0144sko-W\u0142oc\u0142awski<\/a><\/li>\n<li><a href=\"http:\/\/www.solidarnosc.poznan.pl\/\">Region Wielkopolska<\/a><\/li>\n<li><a href=\"http:\/\/www.solidarnosc.kalisz.pl\/\">Region Wielkopolska Po\u0142udniowa<\/a><\/li>\n<li><a href=\"http:\/\/www.solidarnosc.lodz.pl\/\">Region Ziemi \u0141\u00f3dzkiej<\/a><\/li>\n<\/ul>\n<h3>UCZELNIANE KOMISJE ZAK\u0141ADOWE<\/h3>\n<ul>\n<li><a href=\"http:\/\/home.agh.edu.pl\/~solidagh\/\">Akademia G\u00f3rniczo-Hutnicza w Krakowie<\/a><\/li>\n<li><a href=\"http:\/\/www.awf.krakow.pl\/pdf\/solidarnosc\/index.php\">Akademia Kultury Fizycznej im. Bronis\u0142awa Czecha w Krakowie<\/a><\/li>\n<li><a href=\"https:\/\/www.awf.edu.pl\/pracownik\/zwiazki-zawodowe\/nszz-solidarnosc\">Akademia Wychowania Fizycznego J\u00f3zefa Pi\u0142sudskiego w Warszawie<\/a><\/li>\n<li><a href=\"https:\/\/krakow.ast.krakow.pl\/pracownicy\/nszz-solidarnosc-w-ast-w-krakowie\/\">Akademia Sztuk Pi\u0119knych w Krakowie<\/a><\/li>\n<li><a href=\"https:\/\/www.asp.lodz.pl\/index.php\/pl\/pl-struktura\/zwiazki-zawodowe2\/449-nszz-solidarnosc\">Akademia Sztuk Pi\u0119knych w \u0141odzi<\/a><\/li>\n<li><a href=\"https:\/\/solidarnosc-as.eu\/\">Akademia Sztuki w Szczecinie<\/a><\/li>\n<li><span style=\"color: #999999;\">Instytut Badawczy Le\u015bnictwa w Warszawie<\/span><\/li>\n<li><a href=\"http:\/\/info.ifpan.edu.pl\/solidarnosc\/\">Instytut Fizyki PAN<\/a><\/li>\n<li><a href=\"http:\/\/www.iopan.gda.pl\/strona_solidarnosci\/\">Instytut Oceanologii PAN w Sopocie<\/a><\/li>\n<li><a href=\"https:\/\/iz.edu.pl\/zwiazki-zawodowe\/\"><span style=\"color: #000000;\">Instytut Zootechniki<\/span><\/a><\/li>\n<li><a href=\"http:\/\/www.kul.pl\/biuro-komisji-nszz-solidarnosc,1460.html\">Katolicki Uniwersytet Lubelski Jana Paw\u0142a II<\/a><\/li>\n<li><a href=\"https:\/\/pb.edu.pl\/solidarnosc\/\">Politechnika Bia\u0142ostocka<\/a><\/li>\n<li><span style=\"color: #999999;\">Politechnika Cz\u0119stochowska<\/span><\/li>\n<li><a href=\"http:\/\/pg.edu.pl\/solidarnosc\">Politechnika Gda\u0144ska<\/a><\/li>\n<li><a href=\"https:\/\/www.tu.koszalin.pl\/kat\/988\/nszz-solidarnosc\">Politechnika Koszali\u0144ska<\/a><\/li>\n<li><a href=\"https:\/\/solidarnosc.pk.edu.pl\/\">Politechnika Krakowska<\/a><\/li>\n<li><span style=\"color: #999999;\">Politechnika Lubelska<\/span><\/li>\n<li><a href=\"http:\/\/solidarnosc.p.lodz.pl\/\">Politechnika \u0141\u00f3dzka<\/a><\/li>\n<li><a href=\"https:\/\/solidarnosc.po.edu.pl\/\">Politechnika Opolska<\/a><\/li>\n<li><a href=\"https:\/\/solidarnosc.prz.edu.pl\/\">Politechnika Rzeszowska<\/a><\/li>\n<li><a href=\"http:\/\/organizacje.polsl.pl\/Solidarnosc\/default.htm\">Politechnika \u015al\u0105ska<\/a><\/li>\n<li><a href=\"http:\/\/www.solidarnosc.pw.edu.pl\/\">Politechnika Warszawska<\/a><\/li>\n<li><a href=\"http:\/\/www.nszz-solidarnosc-pwr-wroc.pl\/\">Politechnika Wroc\u0142awska<\/a><\/li>\n<li><a href=\"https:\/\/www.facebook.com\/p\/Komisja-Zak%C5%82adowa-NSZZ-Solidarno%C5%9B%C4%87-PUM-W-Szczecinie-100063754380297\/\">Pomorski Uniwersytet Medyczny w Szczecinie<\/a><\/li>\n<li><a href=\"https:\/\/solidarnosc.sggw.edu.pl\/\">Szko\u0142a G\u0142\u00f3wna Gospodarstwa Wiejskiego<\/a><\/li>\n<li><a href=\"https:\/\/www.sgh.waw.pl\/nszz-solidarnosc\">Szko\u0142a G\u0142\u00f3wna Handlowa<\/a><\/li>\n<li><a href=\"http:\/\/solidarnosc-sum.eu\/\">\u015al\u0105ski Uniwersytet Medyczny w Katowicach<\/a><\/li>\n<li><span style=\"color: #999999;\">Uniwersytet Bielsko-Bialski<\/span><\/li>\n<li><a href=\"http:\/\/www.ue.katowice.pl\/jednostki\/solidarnosc.html\">Uniwersytet Ekonomiczny w Katowicach<\/a><\/li>\n<li><a href=\"https:\/\/ue.poznan.pl\/uniwersytet\/nszz-solidarnosc-uep\/\">Uniwersytet Ekonomiczny w Poznaniu<\/a><\/li>\n<li><a href=\"http:\/\/www.solidarnosc.ue.wroc.pl\/\">Uniwersytet Ekonomiczny we Wroc\u0142awiu<\/a><\/li>\n<li><a href=\"http:\/\/ug.edu.pl\/pracownicy\/zwiazki_zawodowe\/nszz_solidarnosc\">Uniwersytet Gda\u0144ski\u00a0<\/a><\/li>\n<li><a href=\"https:\/\/amu.edu.pl\/uniwersytet\/wyszukiwarka-pracownikow\/jednostka?id=10000963\">Uniwersytet im. Adama Mickiewicza w Poznaniu<\/a><\/li>\n<li><a href=\"http:\/\/www.uj.edu.pl\/web\/nszz-solidarnosc\">Uniwersytet Jagiello\u0144ski<\/a><\/li>\n<li><a href=\"http:\/\/www.ujk.edu.pl\/nszz-s\/\">Uniwersytet Jana Kochanowskiego w Kielcach<\/a><\/li>\n<li><a href=\"http:\/\/www.solidarnosc.uksw.edu.pl\/\">Uniwersytet Kardyna\u0142a Stefana Wyszy\u0144skiego<\/a><\/li>\n<li><a href=\"https:\/\/solidarnosc.ukw.edu.pl\/jednostka\/solidarnosc\">Uniwersytet Kazimierza Wielkiego w Bydgoszczy<\/a><\/li>\n<li><a href=\"https:\/\/solidarnosc.uken.krakow.pl\/\">Uniwersytet Komisji Edukacji Narodowej w Krakowie<\/a><\/li>\n<li><a href=\"http:\/\/www.solidarnosc.uni.lodz.pl\/\">Uniwersytet \u0141\u00f3dzki<\/a><\/li>\n<li><a href=\"http:\/\/www.umcs.pl\/pl\/nszz.htm\">Uniwersytet Marii Curie-Sk\u0142odowskiej<\/a><\/li>\n<li><a href=\"https:\/\/solidarnosc.ump.edu.pl\/\">Uniwersytet Medyczny im. Karola Marcinkowskiego w Poznaniu<\/a><\/li>\n<li><a href=\"https:\/\/www.umb.edu.pl\/zwiazki_zawodowe\/nszz_solidarnosc\">Uniwersytet Medyczny w Bia\u0142ymstoku<\/a><\/li>\n<li><a href=\"https:\/\/umlub.pl\/uczelnia\/zwiazki-zawodowe\/\">Uniwersytet Medyczny w Lublinie<\/a><\/li>\n<li><a href=\"https:\/\/solidarnosc.umed.pl\/\">Uniwersytet Medyczny w \u0141odzi<\/a><\/li>\n<li><a href=\"https:\/\/www.umw.edu.pl\/pl\/solid\"><span style=\"color: #000000;\">Uniwersytet Medyczny we Wroc\u0142awiu<\/span><\/a><\/li>\n<li><a href=\"http:\/\/www.solidarnosc.umk.pl\/\">Uniwersytet Miko\u0142aja Kopernika<\/a><\/li>\n<li><span style=\"color: #999999;\">Uniwersytet Muzyczny w Warszawie<\/span><\/li>\n<li><a href=\"https:\/\/solidarnosc.uni.opole.pl\/\">Uniwersytet Opolski<\/a><\/li>\n<li><a href=\"https:\/\/solidarnosc.uws.edu.pl\/\">Uniwersytet Przyrodniczo-Humanistyczny w Siedlcach<\/a><\/li>\n<li><a href=\"https:\/\/up.lublin.pl\/zwiazki-zawodowe\/zwiazki-zawodowe-solidarnosc\/\">Uniwersytet Przyrodniczy w Lublinie<\/a><\/li>\n<li><a href=\"https:\/\/solidarnosc.uppoz.pl\/\">Uniwersytet Przyrodniczy w Poznaniu<\/a><\/li>\n<li><a href=\"https:\/\/upwr.edu.pl\/pracownicy\/nszz-solidarnosc\">Uniwersytet Przyrodniczy we Wroc\u0142awiu<\/a><\/li>\n<li><span style=\"color: #999999;\">Uniwersytet Radomski im. Kazimierza Pu\u0142askiego<\/span><\/li>\n<li><a href=\"https:\/\/solidarnosc.urk.edu.pl\/\">Uniwersytet Rolniczy w Krakowie<\/a><\/li>\n<li><a href=\"https:\/\/www.ur.edu.pl\/pl\/pracownik\/zwiazki-zawodowe\/nszz-solidarnosc-ur\">Uniwersytet Rzeszowski<\/a><\/li>\n<li><a href=\"https:\/\/wsolidarnosci.pl\/\">Uniwersytet Szczeci\u0144ski<\/a><\/li>\n<li><a href=\"https:\/\/solidarnosc.us.edu.pl\/\">Uniwersytet \u015al\u0105ski w Katowicach<\/a><\/li>\n<li><a href=\"http:\/\/www.uwm.edu.pl\/solidarnosc\/\">Uniwersytet Warmi\u0144sko \u2013 Mazurski w Olsztynie<\/a><\/li>\n<li><a href=\"http:\/\/www.solidarnosc.uw.edu.pl\/\">Uniwersytet Warszawski<\/a><\/li>\n<li><a href=\"https:\/\/uwb.edu.pl\/pracownik\/zwiazki-zawodowe\/solidarnosc\">Uniwersytet w Bia\u0142ymstoku<\/a><\/li>\n<li><a href=\"https:\/\/www.facebook.com\/solidarnoscuwr\/?locale=pl_PL\">Uniwersytet Wroc\u0142awski<\/a><\/li>\n<li><a href=\"http:\/\/www.solidarnosc.uz.zgora.pl\/\">Uniwersytet Zielonog\u00f3rski<\/a><\/li>\n<li><a href=\"http:\/\/solidarnosc.zut.edu.pl\/\">Zachodniopomorski Uniwersytet Technologiczny w Szczecinie<\/a><\/li>\n<\/ul>\n<h2>W\u0141ADZE RP I LEGISLACJA<\/h2>\n<ul>\n<li><a href=\"http:\/\/www.prezydent.pl\/\">Prezydent RP Prezydent Rzeczypospolitej Polskiej<\/a><\/li>\n<li><a href=\"https:\/\/www.premier.gov.pl\/\">Kancelaria Prezesa Rady Ministr\u00f3w<\/a><\/li>\n<li><a href=\"http:\/\/www.sejm.gov.pl\/\">Sejm Rzeczypospolitej Polskiej<\/a><\/li>\n<li><a href=\"http:\/\/www.senat.gov.pl\/\">Senat Rzeczypospolitej Polskiej<\/a><\/li>\n<li><a href=\"http:\/\/trybunal.gov.pl\/\">Trybuna\u0142 Konstytucyjny<\/a><\/li>\n<li><a href=\"http:\/\/www.sn.pl\/SitePages\/Strona_startowa.aspx\">S\u0105d Najwy\u017cszy<\/a><\/li>\n<li><a href=\"http:\/\/www.nsa.gov.pl\/\">Naczelny S\u0105d Administracyjny<\/a><\/li>\n<li><a href=\"http:\/\/www.rcl.gov.pl\/\">Rz\u0105dowe Centrum Legislacji<\/a><\/li>\n<li><a href=\"https:\/\/legislacja.rcl.gov.pl\/\">Rz\u0105dowy Proces Legislacyjny<\/a><\/li>\n<\/ul>\n<h2>NAUKA W POLSCE<\/h2>\n<ul>\n<li><a href=\"https:\/\/www.gov.pl\/web\/nauka\">Ministerstwo Nauki i Szkolnictwa Wy\u017cszego<\/a><\/li>\n<li><a href=\"https:\/\/www.gov.pl\/web\/ncbr\">Narodowe Centrum Bada\u0144 i Rozwoju<\/a><\/li>\n<li><a href=\"http:\/\/www.pan.pl\/\">Polska Akademia Nauk<\/a><\/li>\n<li><a href=\"http:\/\/www.rgib.org.pl\/\">Rada G\u0142\u00f3wna Instytut\u00f3w Badawczych<\/a><\/li>\n<li><a href=\"http:\/\/www.krasp.org.pl\/\">KRASP<\/a><\/li>\n<li><a href=\"http:\/\/www.fnp.org.pl\/\">Fundacja Na Rzecz Nauki Polskiej<\/a><\/li>\n<li><a href=\"http:\/\/www.funduszeeuropejskie.gov.pl\/\">Portal Funduszy Europejskich<\/a><\/li>\n<li><a href=\"http:\/\/www.opi.org.pl\/\">O\u015brodek Przetwarzania Informacji\u00a0<\/a><\/li>\n<li><a href=\"https:\/\/uprp.gov.pl\/pl\">Urz\u0105d Patentowy Rzeczypospolitej Polskiej<\/a><\/li>\n<li><a href=\"http:\/\/www.parp.gov.pl\/index\/main\/\">Polska Agencja Rozwoju Przedsi\u0119biorczo\u015bci<\/a><\/li>\n<li><a href=\"http:\/\/www.shanghairanking.com\/index.html\">Academic Ranking of World Universities<\/a><\/li>\n<\/ul>\n<h2>WSP\u00d3\u0141PRACA MI\u0118DZYNARODOWA<\/h2>\n<ul>\n<li><a href=\"http:\/\/www.ei-ie.org\/\">Education International<\/a><\/li>\n<li><a href=\"https:\/\/www.etuc.org\/\">European Trade Union Confederation<\/a><\/li>\n<li><a href=\"http:\/\/www.eurocadres.org\/\">EUROCADRES<\/a><\/li>\n<\/ul>\n<h2>MEDIA<\/h2>\n<ul>\n<li><a href=\"https:\/\/www.tysol.pl\/\">Tygodnik &#8222;Solidarno\u015b\u0107&#8221;<\/a><\/li>\n<li><a href=\"http:\/\/naukawpolsce.pap.pl\/\">Serwis PAP: Nauka w Polsce<\/a><\/li>\n<li><a href=\"https:\/\/forumakademickie.pl\/\">Forum Akademickie<\/a><\/li>\n<li><a href=\"https:\/\/www.facebook.com\/people\/Niezale%C5%BCne-Forum-Akademickie-NFA\/100064656973265\/\">Niezale\u017cne Forum Akademickie<\/a><\/li>\n<\/ul>\n<h2><a href=\"http:\/\/www.solidarnosc.org.pl\/ksn\/strona-archiwalna\/\">ARCHIWALNA STRONA KSN<\/a><\/h2>\n","protected":false},"excerpt":{"rendered":"<p>NSZZ SOLIDARNO\u015a\u0106 Komisja Krajowa NAUKA I O\u015aWIATA Krajowy Sekretariat Nauki [&hellip;]<\/p>\n","protected":false},"author":1,"featured_media":0,"parent":0,"menu_order":0,"comment_status":"closed","ping_status":"closed","template":"","meta":{"footnotes":""},"class_list":["post-205","page","type-page","status-publish","hentry"],"yoast_head":"<!-- This site is optimized with the Yoast SEO plugin v27.4 - https:\/\/yoast.com\/product\/yoast-seo-wordpress\/ -->\n<title>Linki - Krajowa Sekcja Nauki NSZZ Solidarno\u015b\u0107<\/title>\n<meta name=\"robots\" content=\"index, follow, max-snippet:-1, max-image-preview:large, max-video-preview:-1\" \/>\n<link rel=\"canonical\" href=\"https:\/\/www.solidarnosc.org.pl\/ksn\/linki\/\" \/>\n<meta property=\"og:locale\" content=\"pl_PL\" \/>\n<meta property=\"og:type\" content=\"article\" \/>\n<meta property=\"og:title\" content=\"Linki - Krajowa Sekcja Nauki NSZZ Solidarno\u015b\u0107\" \/>\n<meta property=\"og:description\" content=\"NSZZ SOLIDARNO\u015a\u0106 Komisja Krajowa NAUKA I O\u015aWIATA Krajowy Sekretariat Nauki [&hellip;]\" \/>\n<meta property=\"og:url\" content=\"https:\/\/www.solidarnosc.org.pl\/ksn\/linki\/\" \/>\n<meta property=\"og:site_name\" content=\"Krajowa Sekcja Nauki NSZZ Solidarno\u015b\u0107\" \/>\n<meta property=\"article:modified_time\" content=\"2025-04-11T11:31:41+00:00\" \/>\n<meta name=\"twitter:card\" content=\"summary_large_image\" \/>\n<meta name=\"twitter:label1\" content=\"Szacowany czas czytania\" \/>\n\t<meta name=\"twitter:data1\" content=\"3 minuty\" \/>\n<script type=\"application\/ld+json\" class=\"yoast-schema-graph\">{\"@context\":\"https:\\\/\\\/schema.org\",\"@graph\":[{\"@type\":\"WebPage\",\"@id\":\"https:\\\/\\\/www.solidarnosc.org.pl\\\/ksn\\\/linki\\\/\",\"url\":\"https:\\\/\\\/www.solidarnosc.org.pl\\\/ksn\\\/linki\\\/\",\"name\":\"Linki - Krajowa Sekcja Nauki NSZZ Solidarno\u015b\u0107\",\"isPartOf\":{\"@id\":\"https:\\\/\\\/www.solidarnosc.org.pl\\\/ksn\\\/#website\"},\"datePublished\":\"2022-02-07T15:29:30+00:00\",\"dateModified\":\"2025-04-11T11:31:41+00:00\",\"breadcrumb\":{\"@id\":\"https:\\\/\\\/www.solidarnosc.org.pl\\\/ksn\\\/linki\\\/#breadcrumb\"},\"inLanguage\":\"pl-PL\",\"potentialAction\":[{\"@type\":\"ReadAction\",\"target\":[\"https:\\\/\\\/www.solidarnosc.org.pl\\\/ksn\\\/linki\\\/\"]}]},{\"@type\":\"BreadcrumbList\",\"@id\":\"https:\\\/\\\/www.solidarnosc.org.pl\\\/ksn\\\/linki\\\/#breadcrumb\",\"itemListElement\":[{\"@type\":\"ListItem\",\"position\":1,\"name\":\"Strona g\u0142\u00f3wna\",\"item\":\"https:\\\/\\\/www.solidarnosc.org.pl\\\/ksn\\\/\"},{\"@type\":\"ListItem\",\"position\":2,\"name\":\"Linki\"}]},{\"@type\":\"WebSite\",\"@id\":\"https:\\\/\\\/www.solidarnosc.org.pl\\\/ksn\\\/#website\",\"url\":\"https:\\\/\\\/www.solidarnosc.org.pl\\\/ksn\\\/\",\"name\":\"Krajowa Sekcja Nauki NSZZ Solidarno\u015b\u0107\",\"description\":\"Strona KSN to sprawy pracownik\u00f3w w szkolnictwie wy\u017cszym i nauce w Polsce\",\"publisher\":{\"@id\":\"https:\\\/\\\/www.solidarnosc.org.pl\\\/ksn\\\/#organization\"},\"potentialAction\":[{\"@type\":\"SearchAction\",\"target\":{\"@type\":\"EntryPoint\",\"urlTemplate\":\"https:\\\/\\\/www.solidarnosc.org.pl\\\/ksn\\\/?s={search_term_string}\"},\"query-input\":{\"@type\":\"PropertyValueSpecification\",\"valueRequired\":true,\"valueName\":\"search_term_string\"}}],\"inLanguage\":\"pl-PL\"},{\"@type\":\"Organization\",\"@id\":\"https:\\\/\\\/www.solidarnosc.org.pl\\\/ksn\\\/#organization\",\"name\":\"Krajowa Sekcja Nauki NSZZ Solidarno\u015b\u0107\",\"url\":\"https:\\\/\\\/www.solidarnosc.org.pl\\\/ksn\\\/\",\"logo\":{\"@type\":\"ImageObject\",\"inLanguage\":\"pl-PL\",\"@id\":\"https:\\\/\\\/www.solidarnosc.org.pl\\\/ksn\\\/#\\\/schema\\\/logo\\\/image\\\/\",\"url\":\"https:\\\/\\\/www.solidarnosc.org.pl\\\/ksn\\\/wp-content\\\/uploads\\\/2024\\\/10\\\/profilowe-fb.jpg\",\"contentUrl\":\"https:\\\/\\\/www.solidarnosc.org.pl\\\/ksn\\\/wp-content\\\/uploads\\\/2024\\\/10\\\/profilowe-fb.jpg\",\"width\":720,\"height\":719,\"caption\":\"Krajowa Sekcja Nauki NSZZ Solidarno\u015b\u0107\"},\"image\":{\"@id\":\"https:\\\/\\\/www.solidarnosc.org.pl\\\/ksn\\\/#\\\/schema\\\/logo\\\/image\\\/\"}}]}<\/script>\n<!-- \/ Yoast SEO plugin. -->","yoast_head_json":{"title":"Linki - Krajowa Sekcja Nauki NSZZ Solidarno\u015b\u0107","robots":{"index":"index","follow":"follow","max-snippet":"max-snippet:-1","max-image-preview":"max-image-preview:large","max-video-preview":"max-video-preview:-1"},"canonical":"https:\/\/www.solidarnosc.org.pl\/ksn\/linki\/","og_locale":"pl_PL","og_type":"article","og_title":"Linki - Krajowa Sekcja Nauki NSZZ Solidarno\u015b\u0107","og_description":"NSZZ SOLIDARNO\u015a\u0106 Komisja Krajowa NAUKA I O\u015aWIATA Krajowy Sekretariat Nauki [&hellip;]","og_url":"https:\/\/www.solidarnosc.org.pl\/ksn\/linki\/","og_site_name":"Krajowa Sekcja Nauki NSZZ Solidarno\u015b\u0107","article_modified_time":"2025-04-11T11:31:41+00:00","twitter_card":"summary_large_image","twitter_misc":{"Szacowany czas czytania":"3 minuty"},"schema":{"@context":"https:\/\/schema.org","@graph":[{"@type":"WebPage","@id":"https:\/\/www.solidarnosc.org.pl\/ksn\/linki\/","url":"https:\/\/www.solidarnosc.org.pl\/ksn\/linki\/","name":"Linki - Krajowa Sekcja Nauki NSZZ Solidarno\u015b\u0107","isPartOf":{"@id":"https:\/\/www.solidarnosc.org.pl\/ksn\/#website"},"datePublished":"2022-02-07T15:29:30+00:00","dateModified":"2025-04-11T11:31:41+00:00","breadcrumb":{"@id":"https:\/\/www.solidarnosc.org.pl\/ksn\/linki\/#breadcrumb"},"inLanguage":"pl-PL","potentialAction":[{"@type":"ReadAction","target":["https:\/\/www.solidarnosc.org.pl\/ksn\/linki\/"]}]},{"@type":"BreadcrumbList","@id":"https:\/\/www.solidarnosc.org.pl\/ksn\/linki\/#breadcrumb","itemListElement":[{"@type":"ListItem","position":1,"name":"Strona g\u0142\u00f3wna","item":"https:\/\/www.solidarnosc.org.pl\/ksn\/"},{"@type":"ListItem","position":2,"name":"Linki"}]},{"@type":"WebSite","@id":"https:\/\/www.solidarnosc.org.pl\/ksn\/#website","url":"https:\/\/www.solidarnosc.org.pl\/ksn\/","name":"Krajowa Sekcja Nauki NSZZ Solidarno\u015b\u0107","description":"Strona KSN to sprawy pracownik\u00f3w w szkolnictwie wy\u017cszym i nauce w Polsce","publisher":{"@id":"https:\/\/www.solidarnosc.org.pl\/ksn\/#organization"},"potentialAction":[{"@type":"SearchAction","target":{"@type":"EntryPoint","urlTemplate":"https:\/\/www.solidarnosc.org.pl\/ksn\/?s={search_term_string}"},"query-input":{"@type":"PropertyValueSpecification","valueRequired":true,"valueName":"search_term_string"}}],"inLanguage":"pl-PL"},{"@type":"Organization","@id":"https:\/\/www.solidarnosc.org.pl\/ksn\/#organization","name":"Krajowa Sekcja Nauki NSZZ Solidarno\u015b\u0107","url":"https:\/\/www.solidarnosc.org.pl\/ksn\/","logo":{"@type":"ImageObject","inLanguage":"pl-PL","@id":"https:\/\/www.solidarnosc.org.pl\/ksn\/#\/schema\/logo\/image\/","url":"https:\/\/www.solidarnosc.org.pl\/ksn\/wp-content\/uploads\/2024\/10\/profilowe-fb.jpg","contentUrl":"https:\/\/www.solidarnosc.org.pl\/ksn\/wp-content\/uploads\/2024\/10\/profilowe-fb.jpg","width":720,"height":719,"caption":"Krajowa Sekcja Nauki NSZZ Solidarno\u015b\u0107"},"image":{"@id":"https:\/\/www.solidarnosc.org.pl\/ksn\/#\/schema\/logo\/image\/"}}]}},"_links":{"self":[{"href":"https:\/\/www.solidarnosc.org.pl\/ksn\/wp-json\/wp\/v2\/pages\/205","targetHints":{"allow":["GET"]}}],"collection":[{"href":"https:\/\/www.solidarnosc.org.pl\/ksn\/wp-json\/wp\/v2\/pages"}],"about":[{"href":"https:\/\/www.solidarnosc.org.pl\/ksn\/wp-json\/wp\/v2\/types\/page"}],"author":[{"embeddable":true,"href":"https:\/\/www.solidarnosc.org.pl\/ksn\/wp-json\/wp\/v2\/users\/1"}],"replies":[{"embeddable":true,"href":"https:\/\/www.solidarnosc.org.pl\/ksn\/wp-json\/wp\/v2\/comments?post=205"}],"version-history":[{"count":17,"href":"https:\/\/www.solidarnosc.org.pl\/ksn\/wp-json\/wp\/v2\/pages\/205\/revisions"}],"predecessor-version":[{"id":5095,"href":"https:\/\/www.solidarnosc.org.pl\/ksn\/wp-json\/wp\/v2\/pages\/205\/revisions\/5095"}],"wp:attachment":[{"href":"https:\/\/www.solidarnosc.org.pl\/ksn\/wp-json\/wp\/v2\/media?parent=205"}],"curies":[{"name":"wp","href":"https:\/\/api.w.org\/{rel}","templated":true}]}}