{"id":1972,"date":"2022-12-27T14:04:32","date_gmt":"2022-12-27T13:04:32","guid":{"rendered":"http:\/\/www.solidarnosc.org.pl\/ksn\/?page_id=1972"},"modified":"2023-07-15T10:28:37","modified_gmt":"2023-07-15T08:28:37","slug":"kongres-ksnio-2","status":"publish","type":"page","link":"https:\/\/www.solidarnosc.org.pl\/ksn\/kongres-ksnio-2\/","title":{"rendered":"Kongres KSNiO"},"content":{"rendered":"<div class=\"main wrapper clearfix\">\n<h6><big>DELEGACI KSN NA KONGRES KRAJOWEGO SEKRETARIATU NAUKI I O\u015aWIATY NSZZ \u201eSOLIDARNO\u015a\u0106\u201d (WARSZAWA, 14.07.2023)<\/big><\/h6>\n<ul>\n<li><strong>Delecka-Bury Alicja<\/strong> &#8211; Akademia Sztuki w Szczecinie<\/li>\n<li><strong>Do\u0142\u0119ga Bogus\u0142aw<\/strong> &#8211; Politechnika Rzeszowska<\/li>\n<li><strong>Kaczy\u0144ska Ma\u0142gorzata<\/strong> &#8211; Uniwersytet Jagiello\u0144ski Krak\u00f3w<\/li>\n<li><strong>Kisilowski Marek<\/strong> &#8211; Politechnika Warszawska<\/li>\n<li><strong>Kruk Joanna<\/strong> &#8211; Pomorski Uniwersystet Medyczny w Szczecinie<\/li>\n<li><strong>Pszcz\u00f3\u0142ka Krzysztof<\/strong> &#8211; Uniwersytet \u015al\u0105ski<\/li>\n<li><strong>Sapor Maria<\/strong> &#8211; Akademia G\u00f3rniczo &#8211; Hutnicza w Krakowie<\/li>\n<li><strong>Sawicki Marek<\/strong> &#8211; Uniwersytet Jagiello\u0144ski Krak\u00f3w<\/li>\n<li><strong>Szczukocki Dominik<\/strong> &#8211; Uniwersytet \u0141\u00f3dzki<\/li>\n<li><strong>Tarnowski J\u00f3zef<\/strong> &#8211; Uniwersytet Gda\u0144ski<\/li>\n<\/ul>\n<h6><big>PRZEDSTAWICIELE KRAJOWEJ SEKCJI NAUKI W RADZIE KRAJOWEGO SEKRETARIATU NAUKI I O\u015aWIATY NSZZ \u201eSOLIDARNO\u015a\u0106\u201d w kadencji 2023-2028:<\/big><\/h6>\n<ul>\n<li><strong>\u00a0Do\u0142\u0119ga\u00a0<\/strong><strong>Bogus\u0142aw <\/strong>&#8211; cz\u0142onek Prezydium KSNiO<strong><br \/>\n<\/strong><\/li>\n<li><strong>\u00a0Kisilowski<\/strong><strong>\u00a0Marek<\/strong><\/li>\n<li><strong>\u00a0Sawicki\u00a0<\/strong><strong>Marek<\/strong><\/li>\n<li><strong>\u00a0Szczukocki\u00a0<\/strong><strong>Dominik <\/strong>&#8211; Wiceprzewodnicz\u0105cy Rady KSNiO<\/li>\n<\/ul>\n<h6><big>PRZEDSTAWICIELE KRAJOWEJ SEKCJI NAUKI W KOMISJI REWIZYJNEJ KRAJOWEGO SEKRETARIATU NAUKI I O\u015aWIATY NSZZ \u201eSOLIDARNO\u015a\u0106\u201d w kadencji 2023 &#8211; 2028:<\/big><\/h6>\n<ul>\n<li><strong>Krzysztof Pszcz\u00f3\u0142ka <\/strong>&#8211; Przewodnicz\u0105cy Komisji Rewizyjnej KSNiO<strong><br \/>\n<\/strong><\/li>\n<li><strong>J\u00f3zef Tarnowski<\/strong><\/li>\n<\/ul>\n<hr \/>\n<p style=\"text-align: center;\"><a href=\"http:\/\/www.solidarnosc.org.pl\/ksn\/wp-content\/uploads\/2023\/05\/Kongres-KSNiO-kadencja-2018_2023.pdf\"><strong>Kongres KSNiO \u2013 kadencja 2018-2023<\/strong><\/a><\/p>\n<\/div>\n<div class=\"main wrapper gallery-wrapper\">\n<article>\n<hr \/>\n<h4 class=\"fusion-responsive-typography-calculated\" style=\"text-align: center;\" data-fontsize=\"28\" data-lineheight=\"38.08px\">Galeria zdj\u0119\u0107:<\/h4>\n<h6 id=\"gallery-section-heading\" class=\"fusion-responsive-typography-calculated\" style=\"--fontsize: 32; line-height: 1.3;\" data-fontsize=\"32\" data-lineheight=\"41.6px\">KONGRES KRAJOWEGO SEKRETARIATU NAUKI I O\u015aWIATY NSZZ \u201eSOLIDARNO\u015a\u0106\u201d &#8211; GDA\u0143SK, 9-10 CZERWCA 2018<\/h6>\n<\/article>\n<\/div>\n<div class=\"fusion-image-carousel fusion-image-carousel-fixed fusion-image-carousel-1 fusion-carousel-border\"><div class=\"fusion-carousel\" data-autoplay=\"no\" data-columns=\"6\" data-itemmargin=\"13\" data-itemwidth=\"180\" data-touchscroll=\"no\" data-imagesize=\"fixed\"><div class=\"fusion-carousel-positioner\"><ul class=\"fusion-carousel-holder\"><li class=\"fusion-carousel-item\"><div class=\"fusion-carousel-item-wrapper\"><div class=\"fusion-image-wrapper hover-type-none\"><img decoding=\"async\" width=\"320\" height=\"202\" src=\"https:\/\/www.solidarnosc.org.pl\/ksn\/wp-content\/uploads\/2022\/12\/1528664754-320x202.jpg\" class=\"attachment-blog-medium size-blog-medium\" alt=\"\" \/><\/div><\/div><\/li><li class=\"fusion-carousel-item\"><div class=\"fusion-carousel-item-wrapper\"><div class=\"fusion-image-wrapper hover-type-none\"><img decoding=\"async\" width=\"320\" height=\"202\" src=\"https:\/\/www.solidarnosc.org.pl\/ksn\/wp-content\/uploads\/2022\/12\/1528666918-320x202.jpg\" class=\"attachment-blog-medium size-blog-medium\" alt=\"\" \/><\/div><\/div><\/li><li class=\"fusion-carousel-item\"><div class=\"fusion-carousel-item-wrapper\"><div class=\"fusion-image-wrapper hover-type-none\"><img decoding=\"async\" width=\"320\" height=\"202\" src=\"https:\/\/www.solidarnosc.org.pl\/ksn\/wp-content\/uploads\/2022\/12\/1528666981-320x202.jpg\" class=\"attachment-blog-medium size-blog-medium\" alt=\"\" \/><\/div><\/div><\/li><li class=\"fusion-carousel-item\"><div class=\"fusion-carousel-item-wrapper\"><div class=\"fusion-image-wrapper hover-type-none\"><img decoding=\"async\" width=\"320\" height=\"202\" src=\"https:\/\/www.solidarnosc.org.pl\/ksn\/wp-content\/uploads\/2022\/12\/1528667056-320x202.jpg\" class=\"attachment-blog-medium size-blog-medium\" alt=\"\" \/><\/div><\/div><\/li><li class=\"fusion-carousel-item\"><div class=\"fusion-carousel-item-wrapper\"><div class=\"fusion-image-wrapper hover-type-none\"><img decoding=\"async\" width=\"320\" height=\"202\" src=\"https:\/\/www.solidarnosc.org.pl\/ksn\/wp-content\/uploads\/2022\/12\/1528667096-320x202.jpg\" class=\"attachment-blog-medium size-blog-medium\" alt=\"\" \/><\/div><\/div><\/li><li class=\"fusion-carousel-item\"><div class=\"fusion-carousel-item-wrapper\"><div class=\"fusion-image-wrapper hover-type-none\"><img decoding=\"async\" width=\"320\" height=\"202\" src=\"https:\/\/www.solidarnosc.org.pl\/ksn\/wp-content\/uploads\/2022\/12\/1528667171-320x202.jpg\" class=\"attachment-blog-medium size-blog-medium\" alt=\"\" \/><\/div><\/div><\/li><li class=\"fusion-carousel-item\"><div class=\"fusion-carousel-item-wrapper\"><div class=\"fusion-image-wrapper hover-type-none\"><img decoding=\"async\" width=\"320\" height=\"202\" src=\"https:\/\/www.solidarnosc.org.pl\/ksn\/wp-content\/uploads\/2022\/12\/1528675788-320x202.jpg\" class=\"attachment-blog-medium size-blog-medium\" alt=\"\" \/><\/div><\/div><\/li><li class=\"fusion-carousel-item\"><div class=\"fusion-carousel-item-wrapper\"><div class=\"fusion-image-wrapper hover-type-none\"><img decoding=\"async\" width=\"320\" height=\"202\" src=\"https:\/\/www.solidarnosc.org.pl\/ksn\/wp-content\/uploads\/2022\/12\/1528677253-320x202.jpg\" class=\"attachment-blog-medium size-blog-medium\" alt=\"\" \/><\/div><\/div><\/li><\/ul><div class=\"fusion-carousel-nav\"><span class=\"fusion-nav-prev\"><\/span><span class=\"fusion-nav-next\"><\/span><\/div><\/div><\/div><\/div>\n","protected":false},"excerpt":{"rendered":"<p>DELEGACI KSN NA KONGRES KRAJOWEGO SEKRETARIATU NAUKI I O\u015aWIATY NSZZ [&hellip;]<\/p>\n","protected":false},"author":1,"featured_media":0,"parent":0,"menu_order":0,"comment_status":"closed","ping_status":"closed","template":"","meta":{"footnotes":""},"class_list":["post-1972","page","type-page","status-publish","hentry"],"yoast_head":"<!-- This site is optimized with the Yoast SEO plugin v27.3 - https:\/\/yoast.com\/product\/yoast-seo-wordpress\/ -->\n<title>Kongres KSNiO - Krajowa Sekcja Nauki NSZZ Solidarno\u015b\u0107<\/title>\n<meta name=\"robots\" content=\"index, follow, max-snippet:-1, max-image-preview:large, max-video-preview:-1\" \/>\n<link rel=\"canonical\" href=\"https:\/\/www.solidarnosc.org.pl\/ksn\/kongres-ksnio-2\/\" \/>\n<meta property=\"og:locale\" content=\"pl_PL\" \/>\n<meta property=\"og:type\" content=\"article\" \/>\n<meta property=\"og:title\" content=\"Kongres KSNiO - Krajowa Sekcja Nauki NSZZ Solidarno\u015b\u0107\" \/>\n<meta property=\"og:description\" content=\"DELEGACI KSN NA KONGRES KRAJOWEGO SEKRETARIATU NAUKI I O\u015aWIATY NSZZ [&hellip;]\" \/>\n<meta property=\"og:url\" content=\"https:\/\/www.solidarnosc.org.pl\/ksn\/kongres-ksnio-2\/\" \/>\n<meta property=\"og:site_name\" content=\"Krajowa Sekcja Nauki NSZZ Solidarno\u015b\u0107\" \/>\n<meta property=\"article:modified_time\" content=\"2023-07-15T08:28:37+00:00\" \/>\n<meta name=\"twitter:card\" content=\"summary_large_image\" \/>\n<meta name=\"twitter:label1\" content=\"Szacowany czas czytania\" \/>\n\t<meta name=\"twitter:data1\" content=\"2 minuty\" \/>\n<script type=\"application\/ld+json\" class=\"yoast-schema-graph\">{\"@context\":\"https:\\\/\\\/schema.org\",\"@graph\":[{\"@type\":\"WebPage\",\"@id\":\"https:\\\/\\\/www.solidarnosc.org.pl\\\/ksn\\\/kongres-ksnio-2\\\/\",\"url\":\"https:\\\/\\\/www.solidarnosc.org.pl\\\/ksn\\\/kongres-ksnio-2\\\/\",\"name\":\"Kongres KSNiO - Krajowa Sekcja Nauki NSZZ Solidarno\u015b\u0107\",\"isPartOf\":{\"@id\":\"https:\\\/\\\/www.solidarnosc.org.pl\\\/ksn\\\/#website\"},\"datePublished\":\"2022-12-27T13:04:32+00:00\",\"dateModified\":\"2023-07-15T08:28:37+00:00\",\"breadcrumb\":{\"@id\":\"https:\\\/\\\/www.solidarnosc.org.pl\\\/ksn\\\/kongres-ksnio-2\\\/#breadcrumb\"},\"inLanguage\":\"pl-PL\",\"potentialAction\":[{\"@type\":\"ReadAction\",\"target\":[\"https:\\\/\\\/www.solidarnosc.org.pl\\\/ksn\\\/kongres-ksnio-2\\\/\"]}]},{\"@type\":\"BreadcrumbList\",\"@id\":\"https:\\\/\\\/www.solidarnosc.org.pl\\\/ksn\\\/kongres-ksnio-2\\\/#breadcrumb\",\"itemListElement\":[{\"@type\":\"ListItem\",\"position\":1,\"name\":\"Strona g\u0142\u00f3wna\",\"item\":\"https:\\\/\\\/www.solidarnosc.org.pl\\\/ksn\\\/\"},{\"@type\":\"ListItem\",\"position\":2,\"name\":\"Kongres KSNiO\"}]},{\"@type\":\"WebSite\",\"@id\":\"https:\\\/\\\/www.solidarnosc.org.pl\\\/ksn\\\/#website\",\"url\":\"https:\\\/\\\/www.solidarnosc.org.pl\\\/ksn\\\/\",\"name\":\"Krajowa Sekcja Nauki NSZZ Solidarno\u015b\u0107\",\"description\":\"Strona KSN to sprawy pracownik\u00f3w w szkolnictwie wy\u017cszym i nauce w Polsce\",\"publisher\":{\"@id\":\"https:\\\/\\\/www.solidarnosc.org.pl\\\/ksn\\\/#organization\"},\"potentialAction\":[{\"@type\":\"SearchAction\",\"target\":{\"@type\":\"EntryPoint\",\"urlTemplate\":\"https:\\\/\\\/www.solidarnosc.org.pl\\\/ksn\\\/?s={search_term_string}\"},\"query-input\":{\"@type\":\"PropertyValueSpecification\",\"valueRequired\":true,\"valueName\":\"search_term_string\"}}],\"inLanguage\":\"pl-PL\"},{\"@type\":\"Organization\",\"@id\":\"https:\\\/\\\/www.solidarnosc.org.pl\\\/ksn\\\/#organization\",\"name\":\"Krajowa Sekcja Nauki NSZZ Solidarno\u015b\u0107\",\"url\":\"https:\\\/\\\/www.solidarnosc.org.pl\\\/ksn\\\/\",\"logo\":{\"@type\":\"ImageObject\",\"inLanguage\":\"pl-PL\",\"@id\":\"https:\\\/\\\/www.solidarnosc.org.pl\\\/ksn\\\/#\\\/schema\\\/logo\\\/image\\\/\",\"url\":\"https:\\\/\\\/www.solidarnosc.org.pl\\\/ksn\\\/wp-content\\\/uploads\\\/2024\\\/10\\\/profilowe-fb.jpg\",\"contentUrl\":\"https:\\\/\\\/www.solidarnosc.org.pl\\\/ksn\\\/wp-content\\\/uploads\\\/2024\\\/10\\\/profilowe-fb.jpg\",\"width\":720,\"height\":719,\"caption\":\"Krajowa Sekcja Nauki NSZZ Solidarno\u015b\u0107\"},\"image\":{\"@id\":\"https:\\\/\\\/www.solidarnosc.org.pl\\\/ksn\\\/#\\\/schema\\\/logo\\\/image\\\/\"}}]}<\/script>\n<!-- \/ Yoast SEO plugin. -->","yoast_head_json":{"title":"Kongres KSNiO - Krajowa Sekcja Nauki NSZZ Solidarno\u015b\u0107","robots":{"index":"index","follow":"follow","max-snippet":"max-snippet:-1","max-image-preview":"max-image-preview:large","max-video-preview":"max-video-preview:-1"},"canonical":"https:\/\/www.solidarnosc.org.pl\/ksn\/kongres-ksnio-2\/","og_locale":"pl_PL","og_type":"article","og_title":"Kongres KSNiO - Krajowa Sekcja Nauki NSZZ Solidarno\u015b\u0107","og_description":"DELEGACI KSN NA KONGRES KRAJOWEGO SEKRETARIATU NAUKI I O\u015aWIATY NSZZ [&hellip;]","og_url":"https:\/\/www.solidarnosc.org.pl\/ksn\/kongres-ksnio-2\/","og_site_name":"Krajowa Sekcja Nauki NSZZ Solidarno\u015b\u0107","article_modified_time":"2023-07-15T08:28:37+00:00","twitter_card":"summary_large_image","twitter_misc":{"Szacowany czas czytania":"2 minuty"},"schema":{"@context":"https:\/\/schema.org","@graph":[{"@type":"WebPage","@id":"https:\/\/www.solidarnosc.org.pl\/ksn\/kongres-ksnio-2\/","url":"https:\/\/www.solidarnosc.org.pl\/ksn\/kongres-ksnio-2\/","name":"Kongres KSNiO - Krajowa Sekcja Nauki NSZZ Solidarno\u015b\u0107","isPartOf":{"@id":"https:\/\/www.solidarnosc.org.pl\/ksn\/#website"},"datePublished":"2022-12-27T13:04:32+00:00","dateModified":"2023-07-15T08:28:37+00:00","breadcrumb":{"@id":"https:\/\/www.solidarnosc.org.pl\/ksn\/kongres-ksnio-2\/#breadcrumb"},"inLanguage":"pl-PL","potentialAction":[{"@type":"ReadAction","target":["https:\/\/www.solidarnosc.org.pl\/ksn\/kongres-ksnio-2\/"]}]},{"@type":"BreadcrumbList","@id":"https:\/\/www.solidarnosc.org.pl\/ksn\/kongres-ksnio-2\/#breadcrumb","itemListElement":[{"@type":"ListItem","position":1,"name":"Strona g\u0142\u00f3wna","item":"https:\/\/www.solidarnosc.org.pl\/ksn\/"},{"@type":"ListItem","position":2,"name":"Kongres KSNiO"}]},{"@type":"WebSite","@id":"https:\/\/www.solidarnosc.org.pl\/ksn\/#website","url":"https:\/\/www.solidarnosc.org.pl\/ksn\/","name":"Krajowa Sekcja Nauki NSZZ Solidarno\u015b\u0107","description":"Strona KSN to sprawy pracownik\u00f3w w szkolnictwie wy\u017cszym i nauce w Polsce","publisher":{"@id":"https:\/\/www.solidarnosc.org.pl\/ksn\/#organization"},"potentialAction":[{"@type":"SearchAction","target":{"@type":"EntryPoint","urlTemplate":"https:\/\/www.solidarnosc.org.pl\/ksn\/?s={search_term_string}"},"query-input":{"@type":"PropertyValueSpecification","valueRequired":true,"valueName":"search_term_string"}}],"inLanguage":"pl-PL"},{"@type":"Organization","@id":"https:\/\/www.solidarnosc.org.pl\/ksn\/#organization","name":"Krajowa Sekcja Nauki NSZZ Solidarno\u015b\u0107","url":"https:\/\/www.solidarnosc.org.pl\/ksn\/","logo":{"@type":"ImageObject","inLanguage":"pl-PL","@id":"https:\/\/www.solidarnosc.org.pl\/ksn\/#\/schema\/logo\/image\/","url":"https:\/\/www.solidarnosc.org.pl\/ksn\/wp-content\/uploads\/2024\/10\/profilowe-fb.jpg","contentUrl":"https:\/\/www.solidarnosc.org.pl\/ksn\/wp-content\/uploads\/2024\/10\/profilowe-fb.jpg","width":720,"height":719,"caption":"Krajowa Sekcja Nauki NSZZ Solidarno\u015b\u0107"},"image":{"@id":"https:\/\/www.solidarnosc.org.pl\/ksn\/#\/schema\/logo\/image\/"}}]}},"_links":{"self":[{"href":"https:\/\/www.solidarnosc.org.pl\/ksn\/wp-json\/wp\/v2\/pages\/1972","targetHints":{"allow":["GET"]}}],"collection":[{"href":"https:\/\/www.solidarnosc.org.pl\/ksn\/wp-json\/wp\/v2\/pages"}],"about":[{"href":"https:\/\/www.solidarnosc.org.pl\/ksn\/wp-json\/wp\/v2\/types\/page"}],"author":[{"embeddable":true,"href":"https:\/\/www.solidarnosc.org.pl\/ksn\/wp-json\/wp\/v2\/users\/1"}],"replies":[{"embeddable":true,"href":"https:\/\/www.solidarnosc.org.pl\/ksn\/wp-json\/wp\/v2\/comments?post=1972"}],"version-history":[{"count":21,"href":"https:\/\/www.solidarnosc.org.pl\/ksn\/wp-json\/wp\/v2\/pages\/1972\/revisions"}],"predecessor-version":[{"id":3941,"href":"https:\/\/www.solidarnosc.org.pl\/ksn\/wp-json\/wp\/v2\/pages\/1972\/revisions\/3941"}],"wp:attachment":[{"href":"https:\/\/www.solidarnosc.org.pl\/ksn\/wp-json\/wp\/v2\/media?parent=1972"}],"curies":[{"name":"wp","href":"https:\/\/api.w.org\/{rel}","templated":true}]}}