{"id":1910,"date":"2022-12-27T12:15:25","date_gmt":"2022-12-27T11:15:25","guid":{"rendered":"http:\/\/www.solidarnosc.org.pl\/ksn\/?page_id=1910"},"modified":"2024-11-13T13:53:33","modified_gmt":"2024-11-13T12:53:33","slug":"prezydium-ksn","status":"publish","type":"page","link":"https:\/\/www.solidarnosc.org.pl\/ksn\/prezydium-ksn\/","title":{"rendered":"Prezydium KSN"},"content":{"rendered":"<div class=\"main wrapper clearfix\">\n<article>\n<section>\n<div class=\"editable cke_focus\">\n<h4 style=\"text-align: center;\"><big>PREZYDIUM KSN W KADENCJI 2023 \u2013 2028<\/big><\/h4>\n<h5 style=\"text-align: center;\">PRZEWODNICZ\u0104CY KSN<\/h5>\n<ul>\n<li style=\"text-align: left;\"><strong>Dominik Szczukocki<\/strong>\u00a0&#8211;\u00a0<a href=\"mailto:przew.ksn@solidarnosc.org.pl%E2%80%8B\">przew.ksn@solidarnosc.org.pl\u200b<\/a><\/li>\n<\/ul>\n<hr \/>\n<\/div>\n<div class=\"columns clearfix\">\n<div class=\"editable left-column\">\n<h5 style=\"text-align: center;\">ZAST\u0118PCY PRZEWODNICZ\u0104CEGO KSN:<\/h5>\n<ul>\n<li><strong>Do\u0142\u0119ga Bogus\u0142aw<\/strong>\u00a0&#8211;\u00a0<a href=\"mailto:zprzew2.ksn@solidarnosc.org.pl\" target=\"_blank\" rel=\"noopener\">zprzew2.ksn@solidarnosc.org.pl<\/a><\/li>\n<li><strong>Kisilowski Marek &#8211; Rzecznik Prasowy KSN\u00a0<\/strong><a href=\"mailto:zprzew1.ksn@solidarnosc.org.pl\" target=\"_blank\" rel=\"noopener\">zprzew1.ksn@solidarnosc.org.pl<\/a><\/li>\n<li><strong>Pszcz\u00f3\u0142ka Krzysztof &#8211;\u00a0<\/strong><a href=\"mailto:zprzew1.ksn@solidarnosc.org.pl\" target=\"_blank\" rel=\"noopener\">zprzew3.ksn@solidarnosc.org.pl<\/a><\/li>\n<li><strong>Sapor Maria &#8211;\u00a0<\/strong><a href=\"mailto:skarbnik.ksn@solidarnosc.org.pl\" target=\"_blank\" rel=\"noopener\">skarbnik.ksn@solidarnosc.org.pl<\/a><\/li>\n<\/ul>\n<hr \/>\n<h5 style=\"text-align: center;\">SEKRETARZ KSN<\/h5>\n<ul>\n<li><strong>Sawicki Marek<\/strong>\u00a0&#8211;\u00a0<a href=\"mailto:sekretarz.ksn@solidarnosc.org.pl\">sekretarz.ksn@solidarnosc.org.pl\u200b<\/a><\/li>\n<\/ul>\n<h5 style=\"text-align: center;\">ZAST\u0118PCA SEKRETARZA KSN<\/h5>\n<ul>\n<li><strong>Lisok Joanna<\/strong><\/li>\n<\/ul>\n<hr \/>\n<h5 style=\"text-align: center;\">SKARBNIK KSN<\/h5>\n<ul>\n<li><strong>Sapor Maria &#8211;\u00a0<\/strong><a href=\"mailto:skarbnik.ksn@solidarnosc.org.pl\" target=\"_blank\" rel=\"noopener\">skarbnik.ksn@solidarnosc.org.pl<\/a><\/li>\n<\/ul>\n<hr \/>\n<\/div>\n<div class=\"editable right-column cke_focus\">\n<h5 style=\"text-align: center;\">PRZEWODNICZ\u0104CY KOMISJI:<\/h5>\n<h4>Przewodnicz\u0105ca Komisji ds. Wynagrodze\u0144 i Innych \u015awiadcze\u0144<\/h4>\n<ul>\n<li><strong>Andrzejewska Krystyna<\/strong><\/li>\n<\/ul>\n<h4>Przewodnicz\u0105ca Komisji ds. Wsp\u00f3\u0142pracy Mi\u0119dzynarodowej<\/h4>\n<ul>\n<li><strong>Bia\u0142owolska &#8211; Tejchman Aniela<\/strong><\/li>\n<\/ul>\n<h4>Przewodnicz\u0105cy Komisji ds. Finansowania Nauki i Szkolnictwa Wy\u017cszego<\/h4>\n<ul>\n<li><strong>Do\u0142\u0119ga\u00a0<\/strong><strong>Bogus\u0142aw<\/strong><\/li>\n<\/ul>\n<h4>Przewodnicz\u0105ca Komisji ds. Uczelni Medycznych<\/h4>\n<ul>\n<li><strong>J\u0119drychowska Iwona<\/strong><\/li>\n<\/ul>\n<h4>Przewodnicz\u0105ca Komisji ds. Komunikacji i Rozwoju Zwi\u0105zku<\/h4>\n<ul>\n<li><strong>Kaczy\u0144ska\u00a0<\/strong><strong>Ma\u0142gorzata &#8211; <\/strong><a href=\"mailto:skarbnik.ksn@solidarnosc.org.pl\" target=\"_blank\" rel=\"noopener\">info.ksn@solidarnosc.org.pl<\/a><\/li>\n<\/ul>\n<h4>Przewodnicz\u0105cy Komisji ds. Organizacyjnych Szkolnictwa Wy\u017cszego i Nauki<\/h4>\n<ul>\n<li><strong>Kisilowski\u00a0<\/strong><strong>Marek &#8211; <\/strong><a href=\"mailto:zprzew1.ksn@solidarnosc.org.pl\" target=\"_blank\" rel=\"noopener\">zprzew1.ksn@solidarnosc.org.pl<\/a><\/li>\n<\/ul>\n<h4>Przewodnicz\u0105ca Komisji ds. Instytut\u00f3w Badawczych i Jednostek PAN<\/h4>\n<ul>\n<li><strong>Piwowo\u0144ska Justyna<\/strong><\/li>\n<\/ul>\n<h4>Przewodnicz\u0105cy Komisji ds. Szkole\u0144<\/h4>\n<ul>\n<li><strong>Pszcz\u00f3\u0142ka Krzysztof<\/strong><\/li>\n<\/ul>\n<h4>Przewodnicz\u0105cy Komisji ds. Warunk\u00f3w Pracy<\/h4>\n<ul>\n<li><strong>Zawitowski\u00a0<\/strong><strong>Zbigniew<\/strong><\/li>\n<\/ul>\n<h4>Przewodnicz\u0105ca Komisji ds. Interwencji<\/h4>\n<ul>\n<li><strong>Zi\u0119ba-Zienkiewicz Beata<\/strong><\/li>\n<\/ul>\n<p><strong>Przewodnicz\u0105ca Komisji ds. Uczelni Artystycznych<\/strong><\/p>\n<ul>\n<li><strong>Katarzyna Winkler<\/strong><\/li>\n<\/ul>\n<h4>Pe\u0142nomocnik ds. kontakt\u00f3w z KRASP<\/h4>\n<ul>\n<li><strong>Kulik Tadeusz<\/strong><\/li>\n<\/ul>\n<p>&nbsp;<\/p>\n<hr \/>\n<\/div>\n<\/div>\n<div class=\"editable cke_focus\">\n<h5 style=\"text-align: center;\"><a href=\"http:\/\/www.solidarnosc.org.pl\/ksn\/wp-content\/uploads\/2023\/07\/PREZYDIUM-KSN-W-KADENCJI-2018-2023.pdf\"><big>PREZYDIUM KSN W KADENCJI 2018 \u2013 2023<\/big><\/a><\/h5>\n<h5 style=\"text-align: center;\"><a href=\"http:\/\/www.solidarnosc.org.pl\/ksn\/wp-content\/uploads\/2022\/12\/Prezydium-KSN-w-kadencji-2014-2018.pdf\"><big>PREZYDIUM KSN W KADENCJI 2014 \u2013 2018<\/big><\/a><\/h5>\n<hr \/>\n<h4 style=\"text-align: center;\">Galeria zdj\u0119\u0107:<big><\/big><\/h4>\n<\/div>\n<\/section>\n<\/article>\n<\/div>\n<div class=\"main wrapper gallery-wrapper\">\n<article>\n<h6 id=\"gallery-section-heading\">PREZYDIUM KSN, KATOWICE, 14.06.2019<\/h6>\n<div class=\"fusion-image-carousel fusion-image-carousel-fixed fusion-image-carousel-1 fusion-carousel-border\"><div class=\"fusion-carousel\" data-autoplay=\"no\" data-columns=\"5\" data-itemmargin=\"13\" data-itemwidth=\"180\" data-touchscroll=\"no\" data-imagesize=\"fixed\"><div class=\"fusion-carousel-positioner\"><ul class=\"fusion-carousel-holder\"><li class=\"fusion-carousel-item\"><div class=\"fusion-carousel-item-wrapper\"><div class=\"fusion-image-wrapper hover-type-none\"><img decoding=\"async\" width=\"320\" height=\"202\" src=\"https:\/\/www.solidarnosc.org.pl\/ksn\/wp-content\/uploads\/2022\/12\/DSCF8644-320x202.jpg\" class=\"attachment-blog-medium size-blog-medium\" alt=\"\" \/><\/div><\/div><\/li><li class=\"fusion-carousel-item\"><div class=\"fusion-carousel-item-wrapper\"><div class=\"fusion-image-wrapper hover-type-none\"><img decoding=\"async\" width=\"320\" height=\"202\" src=\"https:\/\/www.solidarnosc.org.pl\/ksn\/wp-content\/uploads\/2022\/12\/DSCF8651-320x202.jpg\" class=\"attachment-blog-medium size-blog-medium\" alt=\"\" \/><\/div><\/div><\/li><li class=\"fusion-carousel-item\"><div class=\"fusion-carousel-item-wrapper\"><div class=\"fusion-image-wrapper hover-type-none\"><img decoding=\"async\" width=\"320\" height=\"202\" src=\"https:\/\/www.solidarnosc.org.pl\/ksn\/wp-content\/uploads\/2022\/12\/DSCF8641-320x202.jpg\" class=\"attachment-blog-medium size-blog-medium\" alt=\"\" \/><\/div><\/div><\/li><li class=\"fusion-carousel-item\"><div class=\"fusion-carousel-item-wrapper\"><div class=\"fusion-image-wrapper hover-type-none\"><img decoding=\"async\" width=\"320\" height=\"202\" src=\"https:\/\/www.solidarnosc.org.pl\/ksn\/wp-content\/uploads\/2022\/12\/DSCF8660-320x202.jpg\" class=\"attachment-blog-medium size-blog-medium\" alt=\"\" \/><\/div><\/div><\/li><li class=\"fusion-carousel-item\"><div class=\"fusion-carousel-item-wrapper\"><div class=\"fusion-image-wrapper hover-type-none\"><img decoding=\"async\" width=\"320\" height=\"202\" src=\"https:\/\/www.solidarnosc.org.pl\/ksn\/wp-content\/uploads\/2022\/12\/DSCF8667-320x202.jpg\" class=\"attachment-blog-medium size-blog-medium\" alt=\"\" \/><\/div><\/div><\/li><li class=\"fusion-carousel-item\"><div class=\"fusion-carousel-item-wrapper\"><div class=\"fusion-image-wrapper hover-type-none\"><img decoding=\"async\" width=\"320\" height=\"202\" src=\"https:\/\/www.solidarnosc.org.pl\/ksn\/wp-content\/uploads\/2022\/12\/DSCF8671-320x202.jpg\" class=\"attachment-blog-medium size-blog-medium\" alt=\"\" \/><\/div><\/div><\/li><li class=\"fusion-carousel-item\"><div class=\"fusion-carousel-item-wrapper\"><div class=\"fusion-image-wrapper hover-type-none\"><img decoding=\"async\" width=\"320\" height=\"202\" src=\"https:\/\/www.solidarnosc.org.pl\/ksn\/wp-content\/uploads\/2022\/12\/DSCF8673-320x202.jpg\" class=\"attachment-blog-medium size-blog-medium\" alt=\"\" \/><\/div><\/div><\/li><li class=\"fusion-carousel-item\"><div class=\"fusion-carousel-item-wrapper\"><div class=\"fusion-image-wrapper hover-type-none\"><img decoding=\"async\" width=\"320\" height=\"202\" src=\"https:\/\/www.solidarnosc.org.pl\/ksn\/wp-content\/uploads\/2022\/12\/DSCF8676-320x202.jpg\" class=\"attachment-blog-medium size-blog-medium\" alt=\"\" \/><\/div><\/div><\/li><\/ul><div class=\"fusion-carousel-nav\"><span class=\"fusion-nav-prev\"><\/span><span class=\"fusion-nav-next\"><\/span><\/div><\/div><\/div><\/div>\n<\/article>\n<article>\n<h6 id=\"gallery-section-heading\">PREZYDIUM KSN, WARSZAWA, 12.01.2019<\/h6>\n<div class=\"gallery-images clearfix\"><div class=\"fusion-image-carousel fusion-image-carousel-fixed fusion-image-carousel-2 fusion-carousel-border\"><div class=\"fusion-carousel\" data-autoplay=\"no\" data-columns=\"6\" data-itemmargin=\"13\" data-itemwidth=\"180\" data-touchscroll=\"no\" data-imagesize=\"fixed\"><div class=\"fusion-carousel-positioner\"><ul class=\"fusion-carousel-holder\"><li class=\"fusion-carousel-item\"><div class=\"fusion-carousel-item-wrapper\"><div class=\"fusion-image-wrapper hover-type-none\"><img decoding=\"async\" width=\"320\" height=\"202\" src=\"https:\/\/www.solidarnosc.org.pl\/ksn\/wp-content\/uploads\/2022\/12\/DSCF6677-1-320x202.jpg\" class=\"attachment-blog-medium size-blog-medium\" alt=\"\" \/><\/div><\/div><\/li><li class=\"fusion-carousel-item\"><div class=\"fusion-carousel-item-wrapper\"><div class=\"fusion-image-wrapper hover-type-none\"><img decoding=\"async\" width=\"320\" height=\"202\" src=\"https:\/\/www.solidarnosc.org.pl\/ksn\/wp-content\/uploads\/2022\/12\/DSCF6680-320x202.jpg\" class=\"attachment-blog-medium size-blog-medium\" alt=\"\" \/><\/div><\/div><\/li><li class=\"fusion-carousel-item\"><div class=\"fusion-carousel-item-wrapper\"><div class=\"fusion-image-wrapper hover-type-none\"><img decoding=\"async\" width=\"320\" height=\"202\" src=\"https:\/\/www.solidarnosc.org.pl\/ksn\/wp-content\/uploads\/2022\/12\/DSCF6681-320x202.jpg\" class=\"attachment-blog-medium size-blog-medium\" alt=\"\" \/><\/div><\/div><\/li><li class=\"fusion-carousel-item\"><div class=\"fusion-carousel-item-wrapper\"><div class=\"fusion-image-wrapper hover-type-none\"><img decoding=\"async\" width=\"320\" height=\"202\" src=\"https:\/\/www.solidarnosc.org.pl\/ksn\/wp-content\/uploads\/2022\/12\/DSCF6683-320x202.jpg\" class=\"attachment-blog-medium size-blog-medium\" alt=\"\" \/><\/div><\/div><\/li><li class=\"fusion-carousel-item\"><div class=\"fusion-carousel-item-wrapper\"><div class=\"fusion-image-wrapper hover-type-none\"><img decoding=\"async\" width=\"320\" height=\"202\" src=\"https:\/\/www.solidarnosc.org.pl\/ksn\/wp-content\/uploads\/2022\/12\/DSCF6684-320x202.jpg\" class=\"attachment-blog-medium size-blog-medium\" alt=\"\" \/><\/div><\/div><\/li><li class=\"fusion-carousel-item\"><div class=\"fusion-carousel-item-wrapper\"><div class=\"fusion-image-wrapper hover-type-none\"><img decoding=\"async\" width=\"320\" height=\"202\" src=\"https:\/\/www.solidarnosc.org.pl\/ksn\/wp-content\/uploads\/2022\/12\/DSCF6726-320x202.jpg\" class=\"attachment-blog-medium size-blog-medium\" alt=\"\" \/><\/div><\/div><\/li><li class=\"fusion-carousel-item\"><div class=\"fusion-carousel-item-wrapper\"><div class=\"fusion-image-wrapper hover-type-none\"><img decoding=\"async\" width=\"320\" height=\"202\" src=\"https:\/\/www.solidarnosc.org.pl\/ksn\/wp-content\/uploads\/2022\/12\/DSCF6731-320x202.jpg\" class=\"attachment-blog-medium size-blog-medium\" alt=\"\" \/><\/div><\/div><\/li><li class=\"fusion-carousel-item\"><div class=\"fusion-carousel-item-wrapper\"><div class=\"fusion-image-wrapper hover-type-none\"><img decoding=\"async\" width=\"320\" height=\"202\" src=\"https:\/\/www.solidarnosc.org.pl\/ksn\/wp-content\/uploads\/2022\/12\/DSCF6736-320x202.jpg\" class=\"attachment-blog-medium size-blog-medium\" alt=\"\" \/><\/div><\/div><\/li><\/ul><div class=\"fusion-carousel-nav\"><span class=\"fusion-nav-prev\"><\/span><span class=\"fusion-nav-next\"><\/span><\/div><\/div><\/div><\/div><\/div>\n<\/article>\n<article>\n<h6 id=\"gallery-section-heading\">PREZYDIUM KSN, WARSZAWA, 24.11.2018<\/h6>\n<div class=\"gallery-images clearfix\"><div class=\"fusion-image-carousel fusion-image-carousel-fixed fusion-image-carousel-3 fusion-carousel-border\"><div class=\"fusion-carousel\" data-autoplay=\"no\" data-columns=\"6\" data-itemmargin=\"13\" data-itemwidth=\"180\" data-touchscroll=\"no\" data-imagesize=\"fixed\"><div class=\"fusion-carousel-positioner\"><ul class=\"fusion-carousel-holder\"><li class=\"fusion-carousel-item\"><div class=\"fusion-carousel-item-wrapper\"><div class=\"fusion-image-wrapper hover-type-none\"><img decoding=\"async\" width=\"320\" height=\"202\" src=\"https:\/\/www.solidarnosc.org.pl\/ksn\/wp-content\/uploads\/2022\/12\/DSCF6326-1-320x202.jpg\" class=\"attachment-blog-medium size-blog-medium\" alt=\"\" \/><\/div><\/div><\/li><li class=\"fusion-carousel-item\"><div class=\"fusion-carousel-item-wrapper\"><div class=\"fusion-image-wrapper hover-type-none\"><img decoding=\"async\" width=\"320\" height=\"202\" src=\"https:\/\/www.solidarnosc.org.pl\/ksn\/wp-content\/uploads\/2022\/12\/DSCF6336-320x202.jpg\" class=\"attachment-blog-medium size-blog-medium\" alt=\"\" \/><\/div><\/div><\/li><li class=\"fusion-carousel-item\"><div class=\"fusion-carousel-item-wrapper\"><div class=\"fusion-image-wrapper hover-type-none\"><img decoding=\"async\" width=\"320\" height=\"202\" src=\"https:\/\/www.solidarnosc.org.pl\/ksn\/wp-content\/uploads\/2022\/12\/DSCF6338-320x202.jpg\" class=\"attachment-blog-medium size-blog-medium\" alt=\"\" \/><\/div><\/div><\/li><li class=\"fusion-carousel-item\"><div class=\"fusion-carousel-item-wrapper\"><div class=\"fusion-image-wrapper hover-type-none\"><img decoding=\"async\" width=\"320\" height=\"202\" src=\"https:\/\/www.solidarnosc.org.pl\/ksn\/wp-content\/uploads\/2022\/12\/DSCF6350-320x202.jpg\" class=\"attachment-blog-medium size-blog-medium\" alt=\"\" \/><\/div><\/div><\/li><li class=\"fusion-carousel-item\"><div class=\"fusion-carousel-item-wrapper\"><div class=\"fusion-image-wrapper hover-type-none\"><img decoding=\"async\" width=\"320\" height=\"202\" src=\"https:\/\/www.solidarnosc.org.pl\/ksn\/wp-content\/uploads\/2022\/12\/DSCF6354-320x202.jpg\" class=\"attachment-blog-medium size-blog-medium\" alt=\"\" \/><\/div><\/div><\/li><li class=\"fusion-carousel-item\"><div class=\"fusion-carousel-item-wrapper\"><div class=\"fusion-image-wrapper hover-type-none\"><img decoding=\"async\" width=\"320\" height=\"202\" src=\"https:\/\/www.solidarnosc.org.pl\/ksn\/wp-content\/uploads\/2022\/12\/DSCF6356-320x202.jpg\" class=\"attachment-blog-medium size-blog-medium\" alt=\"\" \/><\/div><\/div><\/li><li class=\"fusion-carousel-item\"><div class=\"fusion-carousel-item-wrapper\"><div class=\"fusion-image-wrapper hover-type-none\"><img decoding=\"async\" width=\"320\" height=\"202\" src=\"https:\/\/www.solidarnosc.org.pl\/ksn\/wp-content\/uploads\/2022\/12\/DSCF6374-320x202.jpg\" class=\"attachment-blog-medium size-blog-medium\" alt=\"\" \/><\/div><\/div><\/li><li class=\"fusion-carousel-item\"><div class=\"fusion-carousel-item-wrapper\"><div class=\"fusion-image-wrapper hover-type-none\"><img decoding=\"async\" width=\"320\" height=\"202\" src=\"https:\/\/www.solidarnosc.org.pl\/ksn\/wp-content\/uploads\/2022\/12\/DSCF6341-320x202.jpg\" class=\"attachment-blog-medium size-blog-medium\" alt=\"\" \/><\/div><\/div><\/li><li class=\"fusion-carousel-item\"><div class=\"fusion-carousel-item-wrapper\"><div class=\"fusion-image-wrapper hover-type-none\"><img decoding=\"async\" width=\"320\" height=\"202\" src=\"https:\/\/www.solidarnosc.org.pl\/ksn\/wp-content\/uploads\/2022\/12\/DSCF6382-320x202.jpg\" class=\"attachment-blog-medium size-blog-medium\" alt=\"\" \/><\/div><\/div><\/li><\/ul><div class=\"fusion-carousel-nav\"><span class=\"fusion-nav-prev\"><\/span><span class=\"fusion-nav-next\"><\/span><\/div><\/div><\/div><\/div><\/div>\n<\/article>\n<\/div>\n","protected":false},"excerpt":{"rendered":"<p>PREZYDIUM KSN W KADENCJI 2023 \u2013 2028 PRZEWODNICZ\u0104CY KSN Dominik [&hellip;]<\/p>\n","protected":false},"author":1,"featured_media":0,"parent":0,"menu_order":0,"comment_status":"closed","ping_status":"closed","template":"","meta":{"footnotes":""},"class_list":["post-1910","page","type-page","status-publish","hentry"],"yoast_head":"<!-- This site is optimized with the Yoast SEO plugin v27.4 - https:\/\/yoast.com\/product\/yoast-seo-wordpress\/ -->\n<title>Prezydium KSN - Krajowa Sekcja Nauki NSZZ Solidarno\u015b\u0107<\/title>\n<meta name=\"robots\" content=\"index, follow, max-snippet:-1, max-image-preview:large, max-video-preview:-1\" \/>\n<link rel=\"canonical\" href=\"https:\/\/www.solidarnosc.org.pl\/ksn\/prezydium-ksn\/\" \/>\n<meta property=\"og:locale\" content=\"pl_PL\" \/>\n<meta property=\"og:type\" content=\"article\" \/>\n<meta property=\"og:title\" content=\"Prezydium KSN - Krajowa Sekcja Nauki NSZZ Solidarno\u015b\u0107\" \/>\n<meta property=\"og:description\" content=\"PREZYDIUM KSN W KADENCJI 2023 \u2013 2028 PRZEWODNICZ\u0104CY KSN Dominik [&hellip;]\" \/>\n<meta property=\"og:url\" content=\"https:\/\/www.solidarnosc.org.pl\/ksn\/prezydium-ksn\/\" \/>\n<meta property=\"og:site_name\" content=\"Krajowa Sekcja Nauki NSZZ Solidarno\u015b\u0107\" \/>\n<meta property=\"article:modified_time\" content=\"2024-11-13T12:53:33+00:00\" \/>\n<meta name=\"twitter:card\" content=\"summary_large_image\" \/>\n<meta name=\"twitter:label1\" content=\"Szacowany czas czytania\" \/>\n\t<meta name=\"twitter:data1\" content=\"3 minuty\" \/>\n<script type=\"application\/ld+json\" class=\"yoast-schema-graph\">{\"@context\":\"https:\\\/\\\/schema.org\",\"@graph\":[{\"@type\":\"WebPage\",\"@id\":\"https:\\\/\\\/www.solidarnosc.org.pl\\\/ksn\\\/prezydium-ksn\\\/\",\"url\":\"https:\\\/\\\/www.solidarnosc.org.pl\\\/ksn\\\/prezydium-ksn\\\/\",\"name\":\"Prezydium KSN - Krajowa Sekcja Nauki NSZZ Solidarno\u015b\u0107\",\"isPartOf\":{\"@id\":\"https:\\\/\\\/www.solidarnosc.org.pl\\\/ksn\\\/#website\"},\"datePublished\":\"2022-12-27T11:15:25+00:00\",\"dateModified\":\"2024-11-13T12:53:33+00:00\",\"breadcrumb\":{\"@id\":\"https:\\\/\\\/www.solidarnosc.org.pl\\\/ksn\\\/prezydium-ksn\\\/#breadcrumb\"},\"inLanguage\":\"pl-PL\",\"potentialAction\":[{\"@type\":\"ReadAction\",\"target\":[\"https:\\\/\\\/www.solidarnosc.org.pl\\\/ksn\\\/prezydium-ksn\\\/\"]}]},{\"@type\":\"BreadcrumbList\",\"@id\":\"https:\\\/\\\/www.solidarnosc.org.pl\\\/ksn\\\/prezydium-ksn\\\/#breadcrumb\",\"itemListElement\":[{\"@type\":\"ListItem\",\"position\":1,\"name\":\"Strona g\u0142\u00f3wna\",\"item\":\"https:\\\/\\\/www.solidarnosc.org.pl\\\/ksn\\\/\"},{\"@type\":\"ListItem\",\"position\":2,\"name\":\"Prezydium KSN\"}]},{\"@type\":\"WebSite\",\"@id\":\"https:\\\/\\\/www.solidarnosc.org.pl\\\/ksn\\\/#website\",\"url\":\"https:\\\/\\\/www.solidarnosc.org.pl\\\/ksn\\\/\",\"name\":\"Krajowa Sekcja Nauki NSZZ Solidarno\u015b\u0107\",\"description\":\"Strona KSN to sprawy pracownik\u00f3w w szkolnictwie wy\u017cszym i nauce w Polsce\",\"publisher\":{\"@id\":\"https:\\\/\\\/www.solidarnosc.org.pl\\\/ksn\\\/#organization\"},\"potentialAction\":[{\"@type\":\"SearchAction\",\"target\":{\"@type\":\"EntryPoint\",\"urlTemplate\":\"https:\\\/\\\/www.solidarnosc.org.pl\\\/ksn\\\/?s={search_term_string}\"},\"query-input\":{\"@type\":\"PropertyValueSpecification\",\"valueRequired\":true,\"valueName\":\"search_term_string\"}}],\"inLanguage\":\"pl-PL\"},{\"@type\":\"Organization\",\"@id\":\"https:\\\/\\\/www.solidarnosc.org.pl\\\/ksn\\\/#organization\",\"name\":\"Krajowa Sekcja Nauki NSZZ Solidarno\u015b\u0107\",\"url\":\"https:\\\/\\\/www.solidarnosc.org.pl\\\/ksn\\\/\",\"logo\":{\"@type\":\"ImageObject\",\"inLanguage\":\"pl-PL\",\"@id\":\"https:\\\/\\\/www.solidarnosc.org.pl\\\/ksn\\\/#\\\/schema\\\/logo\\\/image\\\/\",\"url\":\"https:\\\/\\\/www.solidarnosc.org.pl\\\/ksn\\\/wp-content\\\/uploads\\\/2024\\\/10\\\/profilowe-fb.jpg\",\"contentUrl\":\"https:\\\/\\\/www.solidarnosc.org.pl\\\/ksn\\\/wp-content\\\/uploads\\\/2024\\\/10\\\/profilowe-fb.jpg\",\"width\":720,\"height\":719,\"caption\":\"Krajowa Sekcja Nauki NSZZ Solidarno\u015b\u0107\"},\"image\":{\"@id\":\"https:\\\/\\\/www.solidarnosc.org.pl\\\/ksn\\\/#\\\/schema\\\/logo\\\/image\\\/\"}}]}<\/script>\n<!-- \/ Yoast SEO plugin. -->","yoast_head_json":{"title":"Prezydium KSN - Krajowa Sekcja Nauki NSZZ Solidarno\u015b\u0107","robots":{"index":"index","follow":"follow","max-snippet":"max-snippet:-1","max-image-preview":"max-image-preview:large","max-video-preview":"max-video-preview:-1"},"canonical":"https:\/\/www.solidarnosc.org.pl\/ksn\/prezydium-ksn\/","og_locale":"pl_PL","og_type":"article","og_title":"Prezydium KSN - Krajowa Sekcja Nauki NSZZ Solidarno\u015b\u0107","og_description":"PREZYDIUM KSN W KADENCJI 2023 \u2013 2028 PRZEWODNICZ\u0104CY KSN Dominik [&hellip;]","og_url":"https:\/\/www.solidarnosc.org.pl\/ksn\/prezydium-ksn\/","og_site_name":"Krajowa Sekcja Nauki NSZZ Solidarno\u015b\u0107","article_modified_time":"2024-11-13T12:53:33+00:00","twitter_card":"summary_large_image","twitter_misc":{"Szacowany czas czytania":"3 minuty"},"schema":{"@context":"https:\/\/schema.org","@graph":[{"@type":"WebPage","@id":"https:\/\/www.solidarnosc.org.pl\/ksn\/prezydium-ksn\/","url":"https:\/\/www.solidarnosc.org.pl\/ksn\/prezydium-ksn\/","name":"Prezydium KSN - Krajowa Sekcja Nauki NSZZ Solidarno\u015b\u0107","isPartOf":{"@id":"https:\/\/www.solidarnosc.org.pl\/ksn\/#website"},"datePublished":"2022-12-27T11:15:25+00:00","dateModified":"2024-11-13T12:53:33+00:00","breadcrumb":{"@id":"https:\/\/www.solidarnosc.org.pl\/ksn\/prezydium-ksn\/#breadcrumb"},"inLanguage":"pl-PL","potentialAction":[{"@type":"ReadAction","target":["https:\/\/www.solidarnosc.org.pl\/ksn\/prezydium-ksn\/"]}]},{"@type":"BreadcrumbList","@id":"https:\/\/www.solidarnosc.org.pl\/ksn\/prezydium-ksn\/#breadcrumb","itemListElement":[{"@type":"ListItem","position":1,"name":"Strona g\u0142\u00f3wna","item":"https:\/\/www.solidarnosc.org.pl\/ksn\/"},{"@type":"ListItem","position":2,"name":"Prezydium KSN"}]},{"@type":"WebSite","@id":"https:\/\/www.solidarnosc.org.pl\/ksn\/#website","url":"https:\/\/www.solidarnosc.org.pl\/ksn\/","name":"Krajowa Sekcja Nauki NSZZ Solidarno\u015b\u0107","description":"Strona KSN to sprawy pracownik\u00f3w w szkolnictwie wy\u017cszym i nauce w Polsce","publisher":{"@id":"https:\/\/www.solidarnosc.org.pl\/ksn\/#organization"},"potentialAction":[{"@type":"SearchAction","target":{"@type":"EntryPoint","urlTemplate":"https:\/\/www.solidarnosc.org.pl\/ksn\/?s={search_term_string}"},"query-input":{"@type":"PropertyValueSpecification","valueRequired":true,"valueName":"search_term_string"}}],"inLanguage":"pl-PL"},{"@type":"Organization","@id":"https:\/\/www.solidarnosc.org.pl\/ksn\/#organization","name":"Krajowa Sekcja Nauki NSZZ Solidarno\u015b\u0107","url":"https:\/\/www.solidarnosc.org.pl\/ksn\/","logo":{"@type":"ImageObject","inLanguage":"pl-PL","@id":"https:\/\/www.solidarnosc.org.pl\/ksn\/#\/schema\/logo\/image\/","url":"https:\/\/www.solidarnosc.org.pl\/ksn\/wp-content\/uploads\/2024\/10\/profilowe-fb.jpg","contentUrl":"https:\/\/www.solidarnosc.org.pl\/ksn\/wp-content\/uploads\/2024\/10\/profilowe-fb.jpg","width":720,"height":719,"caption":"Krajowa Sekcja Nauki NSZZ Solidarno\u015b\u0107"},"image":{"@id":"https:\/\/www.solidarnosc.org.pl\/ksn\/#\/schema\/logo\/image\/"}}]}},"_links":{"self":[{"href":"https:\/\/www.solidarnosc.org.pl\/ksn\/wp-json\/wp\/v2\/pages\/1910","targetHints":{"allow":["GET"]}}],"collection":[{"href":"https:\/\/www.solidarnosc.org.pl\/ksn\/wp-json\/wp\/v2\/pages"}],"about":[{"href":"https:\/\/www.solidarnosc.org.pl\/ksn\/wp-json\/wp\/v2\/types\/page"}],"author":[{"embeddable":true,"href":"https:\/\/www.solidarnosc.org.pl\/ksn\/wp-json\/wp\/v2\/users\/1"}],"replies":[{"embeddable":true,"href":"https:\/\/www.solidarnosc.org.pl\/ksn\/wp-json\/wp\/v2\/comments?post=1910"}],"version-history":[{"count":24,"href":"https:\/\/www.solidarnosc.org.pl\/ksn\/wp-json\/wp\/v2\/pages\/1910\/revisions"}],"predecessor-version":[{"id":4858,"href":"https:\/\/www.solidarnosc.org.pl\/ksn\/wp-json\/wp\/v2\/pages\/1910\/revisions\/4858"}],"wp:attachment":[{"href":"https:\/\/www.solidarnosc.org.pl\/ksn\/wp-json\/wp\/v2\/media?parent=1910"}],"curies":[{"name":"wp","href":"https:\/\/api.w.org\/{rel}","templated":true}]}}