{"id":1899,"date":"2022-12-27T12:08:43","date_gmt":"2022-12-27T11:08:43","guid":{"rendered":"http:\/\/www.solidarnosc.org.pl\/ksn\/?page_id=1899"},"modified":"2022-12-27T13:09:54","modified_gmt":"2022-12-27T12:09:54","slug":"dzialalnosc","status":"publish","type":"page","link":"https:\/\/www.solidarnosc.org.pl\/ksn\/dzialalnosc\/","title":{"rendered":"Dzia\u0142alno\u015b\u0107"},"content":{"rendered":"<p>KSN podejmuje wiele dzia\u0142a\u0144 dla dobra nauki i edukacji oraz cz\u0142onk\u00f3w Sekcji, a w szczeg\u00f3lno\u015bci:<\/p>\n<h5>DZIA\u0141A NA RZECZ POPRAWY WARUNK\u00d3W ZATRUDNIENIA, PRACY I UPRAWNIE\u0143 SOCJALNYCH<\/h5>\n<p>Prowadzone s\u0105 dzia\u0142ania na rzecz poprawy sytuacji materialnej pracownik\u00f3w, co z racji wieloletnich zaniedba\u0144 ze strony w\u0142adz naszego kraju jest zadaniem pierwszoplanowym. Sprawa ta jest przedmiotem ci\u0105g\u0142ych stara\u0144 i stanowi jeden z wa\u017cniejszych temat\u00f3w negocjacji z Rz\u0105dem RP. W negocjacjach tych KSN wspierana jest przez Komisj\u0119 Krajow\u0105 NSZZ \u201eSolidarno\u015b\u0107\u201d. Prowadzone s\u0105 negocjacje i rozmowy z Ministrem Nauki i Szkolnictwa Wy\u017cszego i z ministrami kieruj\u0105cymi prac\u0105 innych resort\u00f3w, w tym w szczeg\u00f3lno\u015bci z Ministrem Gospodarki. KSN przygotowuje opinie i wnioski wnoszone w negocjacjach na forum Komisji Tr\u00f3jstronnej ds. Spo\u0142eczno-Gospodarczych. Wspomagane s\u0105 organizacje zak\u0142adowe w ich walce o warunki pracy i sprawiedliwe p\u0142ace.<\/p>\n<p>Z inicjatywy KSN w 2001 r. Parlament RP wprowadzi\u0142 ustaw\u0105 trzyetapowy system poprawy wynagrodze\u0144 pracownik\u00f3w szkolnictwa wy\u017cszego, co uratowa\u0142o szkolnictwo wy\u017csze przed ca\u0142kowit\u0105 zapa\u015bci\u0105.<br \/>\nPodejmuje szereg dora\u017anych zada\u0144, np. w 1997 r. doprowadzono w wi\u0119kszo\u015bci uczelni i plac\u00f3wek naukowych do stosowania przy obliczaniu podatku dochodowego od os\u00f3b fizycznych normy 50% koszt\u00f3w uzyskania przychodu z tytu\u0142u wykonywania przez pracownik\u00f3w prac korzystaj\u0105cych z ochrony prawa autorskiego.<\/p>\n<h5>AKTYWNIE WYST\u0118PUJE NA RZECZ ROZWOJU SZKOLNICTWA WY\u017bSZEGO I NAUKI<\/h5>\n<ul>\n<li>Jest rzecznikiem upowszechnienia kszta\u0142cenia, wskazuje na zagro\u017cenia wynikaj\u0105ce z niedostatecznego finansowania szk\u00f3\u0142 wy\u017cszych i plac\u00f3wek naukowych. Wskazuje na konieczno\u015b\u0107 zmian systemowych w nauce i szkolnictwie wy\u017cszym. Zg\u0142asza pakiety propozycji maj\u0105cych na celu popraw\u0119 sytuacji nauki i szkolnictwa wy\u017cszego i stworzenie warunk\u00f3w pozwalaj\u0105cych na realizacj\u0119 zada\u0144 stoj\u0105cych przed tymi dziedzinami. Podejmowane s\u0105 rozmowy z w\u0142adzami Pa\u0144stwa.<\/li>\n<li>Prowadzi prace koncepcyjne nad doskonaleniem ca\u0142ego obszaru szkolnictwa wy\u017cszego i nauki, organizuje konferencje i sympozja po\u015bwi\u0119cone tej problematyce.<\/li>\n<li>Wskazuje na konieczno\u015b\u0107 powi\u0105zania nauki z gospodark\u0105 &#8211; postuluje tworzenie mechanizm\u00f3w sk\u0142aniaj\u0105cych podmioty gospodarcze do podejmowania zada\u0144 innowacyjnych i do korzystania z mo\u017cliwo\u015bci oraz osi\u0105gni\u0119\u0107 polskich plac\u00f3wek naukowych.<\/li>\n<li>Uczestniczy w procesach tworzenia oraz udoskonalania prawa w obszarze nauki i szkolnictwa wy\u017cszego.<\/li>\n<li>Opiniuje projekty ustaw i rozporz\u0105dze\u0144 dotycz\u0105cych sfery nauki. Zg\u0142asza w\u0142asne propozycje ustawowych rozwi\u0105za\u0144. Jako partner spo\u0142eczny uczestniczy w pracach parlamentarnych, w szczeg\u00f3lno\u015bci w pracach komisji Sejmu RP.<\/li>\n<li>Podejmuje dzia\u0142ania na rzecz racjonalnego przebiegu procesu restrukturyzacji sfery nauki, dotyczy to szczeg\u00f3lnie przekszta\u0142ce\u0144 jednostek badawczo-rozwojowych.<\/li>\n<li>Uczestniczy w ramach Procesu Bolo\u0144skiego w formowaniu europejskiej przestrzeni szkolnictwa wy\u017cszego.<\/li>\n<\/ul>\n<h5>PROWADZI DZIA\u0141ANIA INTERWENCYJNE NA RZECZ ORGANIZACJI ZAK\u0141ADOWYCH I ICH CZ\u0141ONK\u00d3W<\/h5>\n<p>Trudna sytuacja materialna instytucji nauki, nieraz tendencje do podejmowania arbitralnych i niesprawiedliwych decyzji, a tak\u017ce niewystarczaj\u0105ca znajomo\u015b\u0107 obowi\u0105zuj\u0105cych przepis\u00f3w prawa prowadz\u0105 niejednokrotnie do powstawania sytuacji konfliktowych pomi\u0119dzy pracodawc\u0105 i organizacj\u0105 zwi\u0105zkow\u0105 wyst\u0119puj\u0105c\u0105 w obronie racji dotycz\u0105cych zbiorowo\u015bci lub poszczeg\u00f3lnych pracownik\u00f3w. Wi\u0119kszo\u015b\u0107 tych konflikt\u00f3w organizacje zak\u0142adowe rozwi\u0105zuj\u0105 w\u0142asnymi si\u0142ami, lecz coraz cz\u0119\u015bciej potrzebne jest wsparcie ze strony KSN. Podejmowane s\u0105 wtedy dzia\u0142ania interwencyjne. D\u0105\u017cy si\u0119 do znalezienia rozwi\u0105za\u0144 polubownych, lecz bywa, \u017ce rozstrzygni\u0119cie jest mo\u017cliwe dopiero na drodze s\u0105dowej.<\/p>\n<p>W celu podniesienia wiedzy o przepisach prawa i o umiej\u0119tno\u015bci ich stosowania prowadzone s\u0105 szkolenia dla przedstawicieli organizacji zak\u0142adowych. Udzielane s\u0105 porady prawne, publikowane s\u0105 tak\u017ce opracowania wyja\u015bniaj\u0105ce interpretacje norm prawa.<\/p>\n<h5>AKTYWNIE UCZESTNICZY W MI\u0118DZYNARODOWYM RUCHU ZWI\u0104ZKOWYM<\/h5>\n<p>Mi\u0119dzynarodowy ruch zwi\u0105zkowy ma wp\u0142yw na kszta\u0142towanie wielu wa\u017cnych standard\u00f3w zwi\u0105zanych z warunkami \u017cycia i pracy, tak\u017ce w odniesieniu do edukacji i nauki. Mo\u017ce to stanowi\u0107 istotne wsparcie w dzia\u0142aniach narodowych organizacji zwi\u0105zkowych. Szczeg\u00f3lne znaczenie ma to dla polskiego ruchu zwi\u0105zkowego, w kontek\u015bcie jednocz\u0105cej si\u0119 Europy.<\/p>\n<ul>\n<li>Przedstawiciele KSN uczestnicz\u0105 w zjazdach, konferencjach, seminariach i kolokwiach organizowanych przez zagraniczne i mi\u0119dzynarodowe zwi\u0105zki zawodowe.<\/li>\n<li>Wsp\u00f3\u0142organizowane s\u0105 konferencje, sympozja i szkolenia mi\u0119dzynarodowe.<\/li>\n<li>Rozwijana jest tak\u017ce wsp\u00f3\u0142praca dwustronna, w szczeg\u00f3lno\u015bci ze zwi\u0105zkiem zawodowymi w Niemczech.<\/li>\n<\/ul>\n<h5>ORGANIZUJE INFORMACJ\u0118 WEWN\u0104TRZZWI\u0104ZKOW\u0104 I PROMUJE DZIA\u0141ALNO\u015a\u0106 SEKCJI NA ZEWN\u0104TRZ<\/h5>\n<ul>\n<li>Wydawany jest Biuletyn Informacyjny &#8222;Wiadomo\u015bci KSN&#8221; oraz redagowana i aktualizowana witryna internetowa KSN.<\/li>\n<li>Okazjonalnie kolportowane s\u0105 materia\u0142y skierowane do ca\u0142ego spo\u0142ecze\u0144stwa, informuj\u0105ce o problemach i o znaczeniu edukacji i nauki.<\/li>\n<\/ul>\n<h5>INICJUJE DZIA\u0141ANIA O CHARAKTERZE HUMANITARNYM<\/h5>\n<ul>\n<li>Powo\u0142ano Fundusz Pomocy Stypendialnej &#8222;Kresy&#8221;, wspomagaj\u0105cy m\u0142odzie\u017c polsk\u0105 spoza granic w podejmowaniu studi\u00f3w w Polsce.<\/li>\n<li>Krajowa Sekcja Nauki traktuje polsk\u0105 nauk\u0119 jako ca\u0142o\u015b\u0107, lecz faktem jest podzia\u0142 plac\u00f3wek naukowych na trzy piony: Polsk\u0105 Akademie Nauk, jednostki badawczo-rozwojowe i szkolnictwo wy\u017csze. Ka\u017cdy z tych &#8222;pion\u00f3w&#8221; ma swoj\u0105 specyfik\u0119 wynikaj\u0105c\u0105 z odr\u0119bnych przepis\u00f3w, r\u00f3\u017cnych sposob\u00f3w finansowania i innego zakresu zada\u0144. KSN d\u0105\u017cy do stworzenia warunk\u00f3w pozwalaj\u0105cych wszystkim plac\u00f3wkom na podejmowanie ambitnych zada\u0144 edukacyjnych, naukowych i wdro\u017ceniowych.<\/li>\n<li>Z biegiem lat, wytwory my\u015bli, a wi\u0119c przede wszystkim opracowania naukowe i pochodne od nich nowe opracowania wdro\u017ceniowe b\u0119d\u0105 w wymianie handlowej podstawowym i cennym produktem decyduj\u0105cym o dobrobycie materialnym pa\u0144stwa. Znaczenie nauki i edukacji wybiega daleko poza dokonania materialne. Nauka nieustannie otwiera nowe perspektywy przed lud\u017ami. Rozw\u00f3j edukacji i nauki jest nieodzownym warunkiem wszechstronnego rozwoju Kraju.<\/li>\n<\/ul>\n","protected":false},"excerpt":{"rendered":"<p>KSN podejmuje wiele dzia\u0142a\u0144 dla dobra nauki i edukacji oraz [&hellip;]<\/p>\n","protected":false},"author":1,"featured_media":0,"parent":0,"menu_order":0,"comment_status":"closed","ping_status":"closed","template":"","meta":{"footnotes":""},"class_list":["post-1899","page","type-page","status-publish","hentry"],"yoast_head":"<!-- This site is optimized with the Yoast SEO plugin v27.4 - https:\/\/yoast.com\/product\/yoast-seo-wordpress\/ -->\n<title>Dzia\u0142alno\u015b\u0107 - Krajowa Sekcja Nauki NSZZ Solidarno\u015b\u0107<\/title>\n<meta name=\"robots\" content=\"index, follow, max-snippet:-1, max-image-preview:large, max-video-preview:-1\" \/>\n<link rel=\"canonical\" href=\"https:\/\/www.solidarnosc.org.pl\/ksn\/dzialalnosc\/\" \/>\n<meta property=\"og:locale\" content=\"pl_PL\" \/>\n<meta property=\"og:type\" content=\"article\" \/>\n<meta property=\"og:title\" content=\"Dzia\u0142alno\u015b\u0107 - Krajowa Sekcja Nauki NSZZ Solidarno\u015b\u0107\" \/>\n<meta property=\"og:description\" content=\"KSN podejmuje wiele dzia\u0142a\u0144 dla dobra nauki i edukacji oraz [&hellip;]\" \/>\n<meta property=\"og:url\" content=\"https:\/\/www.solidarnosc.org.pl\/ksn\/dzialalnosc\/\" \/>\n<meta property=\"og:site_name\" content=\"Krajowa Sekcja Nauki NSZZ Solidarno\u015b\u0107\" \/>\n<meta property=\"article:modified_time\" content=\"2022-12-27T12:09:54+00:00\" \/>\n<meta name=\"twitter:card\" content=\"summary_large_image\" \/>\n<meta name=\"twitter:label1\" content=\"Szacowany czas czytania\" \/>\n\t<meta name=\"twitter:data1\" content=\"5 minut\" \/>\n<script type=\"application\/ld+json\" class=\"yoast-schema-graph\">{\"@context\":\"https:\\\/\\\/schema.org\",\"@graph\":[{\"@type\":\"WebPage\",\"@id\":\"https:\\\/\\\/www.solidarnosc.org.pl\\\/ksn\\\/dzialalnosc\\\/\",\"url\":\"https:\\\/\\\/www.solidarnosc.org.pl\\\/ksn\\\/dzialalnosc\\\/\",\"name\":\"Dzia\u0142alno\u015b\u0107 - Krajowa Sekcja Nauki NSZZ Solidarno\u015b\u0107\",\"isPartOf\":{\"@id\":\"https:\\\/\\\/www.solidarnosc.org.pl\\\/ksn\\\/#website\"},\"datePublished\":\"2022-12-27T11:08:43+00:00\",\"dateModified\":\"2022-12-27T12:09:54+00:00\",\"breadcrumb\":{\"@id\":\"https:\\\/\\\/www.solidarnosc.org.pl\\\/ksn\\\/dzialalnosc\\\/#breadcrumb\"},\"inLanguage\":\"pl-PL\",\"potentialAction\":[{\"@type\":\"ReadAction\",\"target\":[\"https:\\\/\\\/www.solidarnosc.org.pl\\\/ksn\\\/dzialalnosc\\\/\"]}]},{\"@type\":\"BreadcrumbList\",\"@id\":\"https:\\\/\\\/www.solidarnosc.org.pl\\\/ksn\\\/dzialalnosc\\\/#breadcrumb\",\"itemListElement\":[{\"@type\":\"ListItem\",\"position\":1,\"name\":\"Strona g\u0142\u00f3wna\",\"item\":\"https:\\\/\\\/www.solidarnosc.org.pl\\\/ksn\\\/\"},{\"@type\":\"ListItem\",\"position\":2,\"name\":\"Dzia\u0142alno\u015b\u0107\"}]},{\"@type\":\"WebSite\",\"@id\":\"https:\\\/\\\/www.solidarnosc.org.pl\\\/ksn\\\/#website\",\"url\":\"https:\\\/\\\/www.solidarnosc.org.pl\\\/ksn\\\/\",\"name\":\"Krajowa Sekcja Nauki NSZZ Solidarno\u015b\u0107\",\"description\":\"Strona KSN to sprawy pracownik\u00f3w w szkolnictwie wy\u017cszym i nauce w Polsce\",\"publisher\":{\"@id\":\"https:\\\/\\\/www.solidarnosc.org.pl\\\/ksn\\\/#organization\"},\"potentialAction\":[{\"@type\":\"SearchAction\",\"target\":{\"@type\":\"EntryPoint\",\"urlTemplate\":\"https:\\\/\\\/www.solidarnosc.org.pl\\\/ksn\\\/?s={search_term_string}\"},\"query-input\":{\"@type\":\"PropertyValueSpecification\",\"valueRequired\":true,\"valueName\":\"search_term_string\"}}],\"inLanguage\":\"pl-PL\"},{\"@type\":\"Organization\",\"@id\":\"https:\\\/\\\/www.solidarnosc.org.pl\\\/ksn\\\/#organization\",\"name\":\"Krajowa Sekcja Nauki NSZZ Solidarno\u015b\u0107\",\"url\":\"https:\\\/\\\/www.solidarnosc.org.pl\\\/ksn\\\/\",\"logo\":{\"@type\":\"ImageObject\",\"inLanguage\":\"pl-PL\",\"@id\":\"https:\\\/\\\/www.solidarnosc.org.pl\\\/ksn\\\/#\\\/schema\\\/logo\\\/image\\\/\",\"url\":\"https:\\\/\\\/www.solidarnosc.org.pl\\\/ksn\\\/wp-content\\\/uploads\\\/2024\\\/10\\\/profilowe-fb.jpg\",\"contentUrl\":\"https:\\\/\\\/www.solidarnosc.org.pl\\\/ksn\\\/wp-content\\\/uploads\\\/2024\\\/10\\\/profilowe-fb.jpg\",\"width\":720,\"height\":719,\"caption\":\"Krajowa Sekcja Nauki NSZZ Solidarno\u015b\u0107\"},\"image\":{\"@id\":\"https:\\\/\\\/www.solidarnosc.org.pl\\\/ksn\\\/#\\\/schema\\\/logo\\\/image\\\/\"}}]}<\/script>\n<!-- \/ Yoast SEO plugin. -->","yoast_head_json":{"title":"Dzia\u0142alno\u015b\u0107 - Krajowa Sekcja Nauki NSZZ Solidarno\u015b\u0107","robots":{"index":"index","follow":"follow","max-snippet":"max-snippet:-1","max-image-preview":"max-image-preview:large","max-video-preview":"max-video-preview:-1"},"canonical":"https:\/\/www.solidarnosc.org.pl\/ksn\/dzialalnosc\/","og_locale":"pl_PL","og_type":"article","og_title":"Dzia\u0142alno\u015b\u0107 - Krajowa Sekcja Nauki NSZZ Solidarno\u015b\u0107","og_description":"KSN podejmuje wiele dzia\u0142a\u0144 dla dobra nauki i edukacji oraz [&hellip;]","og_url":"https:\/\/www.solidarnosc.org.pl\/ksn\/dzialalnosc\/","og_site_name":"Krajowa Sekcja Nauki NSZZ Solidarno\u015b\u0107","article_modified_time":"2022-12-27T12:09:54+00:00","twitter_card":"summary_large_image","twitter_misc":{"Szacowany czas czytania":"5 minut"},"schema":{"@context":"https:\/\/schema.org","@graph":[{"@type":"WebPage","@id":"https:\/\/www.solidarnosc.org.pl\/ksn\/dzialalnosc\/","url":"https:\/\/www.solidarnosc.org.pl\/ksn\/dzialalnosc\/","name":"Dzia\u0142alno\u015b\u0107 - Krajowa Sekcja Nauki NSZZ Solidarno\u015b\u0107","isPartOf":{"@id":"https:\/\/www.solidarnosc.org.pl\/ksn\/#website"},"datePublished":"2022-12-27T11:08:43+00:00","dateModified":"2022-12-27T12:09:54+00:00","breadcrumb":{"@id":"https:\/\/www.solidarnosc.org.pl\/ksn\/dzialalnosc\/#breadcrumb"},"inLanguage":"pl-PL","potentialAction":[{"@type":"ReadAction","target":["https:\/\/www.solidarnosc.org.pl\/ksn\/dzialalnosc\/"]}]},{"@type":"BreadcrumbList","@id":"https:\/\/www.solidarnosc.org.pl\/ksn\/dzialalnosc\/#breadcrumb","itemListElement":[{"@type":"ListItem","position":1,"name":"Strona g\u0142\u00f3wna","item":"https:\/\/www.solidarnosc.org.pl\/ksn\/"},{"@type":"ListItem","position":2,"name":"Dzia\u0142alno\u015b\u0107"}]},{"@type":"WebSite","@id":"https:\/\/www.solidarnosc.org.pl\/ksn\/#website","url":"https:\/\/www.solidarnosc.org.pl\/ksn\/","name":"Krajowa Sekcja Nauki NSZZ Solidarno\u015b\u0107","description":"Strona KSN to sprawy pracownik\u00f3w w szkolnictwie wy\u017cszym i nauce w Polsce","publisher":{"@id":"https:\/\/www.solidarnosc.org.pl\/ksn\/#organization"},"potentialAction":[{"@type":"SearchAction","target":{"@type":"EntryPoint","urlTemplate":"https:\/\/www.solidarnosc.org.pl\/ksn\/?s={search_term_string}"},"query-input":{"@type":"PropertyValueSpecification","valueRequired":true,"valueName":"search_term_string"}}],"inLanguage":"pl-PL"},{"@type":"Organization","@id":"https:\/\/www.solidarnosc.org.pl\/ksn\/#organization","name":"Krajowa Sekcja Nauki NSZZ Solidarno\u015b\u0107","url":"https:\/\/www.solidarnosc.org.pl\/ksn\/","logo":{"@type":"ImageObject","inLanguage":"pl-PL","@id":"https:\/\/www.solidarnosc.org.pl\/ksn\/#\/schema\/logo\/image\/","url":"https:\/\/www.solidarnosc.org.pl\/ksn\/wp-content\/uploads\/2024\/10\/profilowe-fb.jpg","contentUrl":"https:\/\/www.solidarnosc.org.pl\/ksn\/wp-content\/uploads\/2024\/10\/profilowe-fb.jpg","width":720,"height":719,"caption":"Krajowa Sekcja Nauki NSZZ Solidarno\u015b\u0107"},"image":{"@id":"https:\/\/www.solidarnosc.org.pl\/ksn\/#\/schema\/logo\/image\/"}}]}},"_links":{"self":[{"href":"https:\/\/www.solidarnosc.org.pl\/ksn\/wp-json\/wp\/v2\/pages\/1899","targetHints":{"allow":["GET"]}}],"collection":[{"href":"https:\/\/www.solidarnosc.org.pl\/ksn\/wp-json\/wp\/v2\/pages"}],"about":[{"href":"https:\/\/www.solidarnosc.org.pl\/ksn\/wp-json\/wp\/v2\/types\/page"}],"author":[{"embeddable":true,"href":"https:\/\/www.solidarnosc.org.pl\/ksn\/wp-json\/wp\/v2\/users\/1"}],"replies":[{"embeddable":true,"href":"https:\/\/www.solidarnosc.org.pl\/ksn\/wp-json\/wp\/v2\/comments?post=1899"}],"version-history":[{"count":10,"href":"https:\/\/www.solidarnosc.org.pl\/ksn\/wp-json\/wp\/v2\/pages\/1899\/revisions"}],"predecessor-version":[{"id":1942,"href":"https:\/\/www.solidarnosc.org.pl\/ksn\/wp-json\/wp\/v2\/pages\/1899\/revisions\/1942"}],"wp:attachment":[{"href":"https:\/\/www.solidarnosc.org.pl\/ksn\/wp-json\/wp\/v2\/media?parent=1899"}],"curies":[{"name":"wp","href":"https:\/\/api.w.org\/{rel}","templated":true}]}}