{"id":173,"date":"2021-06-11T15:01:23","date_gmt":"2021-06-11T13:01:23","guid":{"rendered":"http:\/\/www.solidarnosc.org.pl\/ksn\/?page_id=173"},"modified":"2021-06-11T15:01:23","modified_gmt":"2021-06-11T13:01:23","slug":"rodo","status":"publish","type":"page","link":"https:\/\/www.solidarnosc.org.pl\/ksn\/rodo\/","title":{"rendered":"RODO"},"content":{"rendered":"<h5><strong>INFORMACJA O PRZETWARZANIU DANYCH OSOBOWYCH PRZEZ <\/strong><\/h5>\n<h5><strong>KRAJOW\u0104 SEKCJ\u0118 NAUKI NSZZ \u201eSOLIDARNO\u015a\u0106\u201d <\/strong><\/h5>\n<hr \/>\n<p>Zgodnie z art. 13 ust. 1 i ust. 2 rozporz\u0105dzenia Parlamentu Europejskiego i Rady (UE) 2016\/679 z 27 kwietnia 2016 r. w sprawie ochrony os\u00f3b fizycznych w zwi\u0105zku z przetwarzaniem danych osobowych i w sprawie swobodnego przep\u0142ywu takich danych oraz uchylenia dyrektywy 95\/46\/WE (RODO), a tak\u017ce ustawy o ochronie danych osobowych z dnia 10 maja 2018 roku (Dz.U. z 2018 roku, poz. 1000)<strong> osoby pozostawiaj\u0105ce swoje dane osobowe (imi\u0119, nazwisko, adres mailowy) na stronie internetowej <\/strong><a href=\"http:\/\/www.solidarnosc.org.pl\/ksn\" target=\"_blank\" rel=\"noopener\">http:\/\/www.solidarnosc.org.pl\/ksn<\/a> <strong>w celu skontaktowania si\u0119 z Krajow\u0105 Sekcj\u0105 Nauki NSZZ \u201eSolidarno\u015b\u0107\u201d, wyra\u017cenia opinii oraz w celu realizacji innych widniej\u0105cych na stronie zg\u0142osze\u0144 informujemy, \u017ce:<\/strong><\/p>\n<p>1.\u00a0\u00a0 administratorem danych osobowych pozostawionych za po\u015brednictwem strony internetowej <a href=\"http:\/\/www.solidarnosc.org.pl\/ksn\" target=\"_blank\" rel=\"noopener\">http:\/\/www.solidarnosc.org.pl\/ksn<\/a> oraz innych \u015brodk\u00f3w porozumiewania si\u0119 na odleg\u0142o\u015b\u0107 jest Krajowa Sekcja Nauki NSZZ \u201eSolidarno\u015b\u0107\u201d, adres biura: ul. Wary\u0144skiego 12, lok. A 221, 00-631 Warszawa; \u00a0tel. (22) 234 98 78, 603 123 438; tel.\/fax (22) 825 73 63; e-mail: <a href=\"mailto:ksn@solidarnosc.org.pl\" target=\"_blank\" rel=\"noopener\">ksn@solidarnosc.org.pl<\/a><\/p>\n<p>2.\u00a0\u00a0 pozostawione przez Pana\/Pani\u0105 dane osobowe b\u0119d\u0105 przetwarzane wy\u0142\u0105cznie w celach statutowych Zwi\u0105zku oraz w celu realizacji zg\u0142oszenia, w szczeg\u00f3lno\u015bci \u2013 poprzez ich dekretowanie przez adresat\u00f3w zg\u0142osze\u0144: Przewodnicz\u0105cego Krajowej Sekcji Nauki i in. Cz\u0142onk\u00f3w Prezydium Krajowej Sekcji Nauki oraz Biura Krajowej Sekcji Nauki \u2013 przekazywane b\u0119d\u0105 osobom lub strukturom dzia\u0142aj\u0105cym w Krajowej Sekcji Nauki, odpowiedzialnym merytorycznie za przedmiot zg\u0142oszenia,<\/p>\n<p>3.\u00a0\u00a0 podanie danych jest dobrowolne, lecz niezb\u0119dne do skontaktowania si\u0119 z Pani\u0105\/Panem w celu rozpoznania zg\u0142oszenia oraz realizacji zapewnienia dost\u0119pu do informacji o stanie sprawy i o czynno\u015bciach podejmowanych w sprawie; odmowa podania danych skutkowa\u0107 b\u0119dzie niemo\u017cno\u015bci\u0105 udzielenia odpowiedzi w zg\u0142oszonej sprawie,<\/p>\n<p>4.\u00a0\u00a0 podstaw\u0119 przetwarzania danych osobowych stanowi wyra\u017cona przez Pani\u0105\/Pana zgoda w my\u015bl art. 6 ust. 1 pkt a), b), c) i f) oraz art. 9 ust. 2 a), b) i c) RODO,<\/p>\n<p>5.\u00a0\u00a0 osobie, kt\u00f3rej dotycz\u0105 przetwarzane dane osobowe przys\u0142uguje prawo do:<\/p>\n<p>a)\u00a0\u00a0\u00a0\u00a0\u00a0 dost\u0119pu do swoich danych osobowych i otrzymania kopii danych osobowych podlegaj\u0105cych przetwarzaniu;<\/p>\n<p>b)\u00a0\u00a0\u00a0\u00a0 sprostowania swoich nieprawid\u0142owych danych;<\/p>\n<p>c)\u00a0\u00a0\u00a0\u00a0\u00a0 \u017c\u0105dania usuni\u0119cia danych (prawo do bycia zapomnianym) w przypadku wyst\u0105pienia okoliczno\u015bci przewidzianych w art. 17 RODO;<\/p>\n<p>d)\u00a0\u00a0\u00a0\u00a0 \u017c\u0105dania ograniczenia przetwarzania danych w przypadkach wskazanych w art. 18 RODO;<\/p>\n<p>e)\u00a0\u00a0\u00a0\u00a0\u00a0 wniesienia sprzeciwu wobec przetwarzania danych w przypadkach\u00a0 wskazanych w art. 21 RODO;<\/p>\n<p>f)\u00a0\u00a0\u00a0\u00a0\u00a0\u00a0 przenoszenia dostarczonych danych, przetwarzanych w spos\u00f3b zautomatyzowany,<\/p>\n<p>6.\u00a0\u00a0 podane przez Pani\u0105\/Pana dane osobowe &#8211; poza adresatami Pani\/Pana zg\u0142oszenia i podmiotami wymienionym w pkt 2 oraz za wyj\u0105tkiem podmiot\u00f3w \u015bwiadcz\u0105cych us\u0142ugi\u00a0IT &#8211; nie b\u0119d\u0105 udost\u0119pniane innym odbiorcom, w tym pa\u0144stwom trzecim czy organizacjom mi\u0119dzynarodowym, ani te\u017c udost\u0119pniane w celach marketingowych, za\u015b czas ich przechowywania ograniczony b\u0119dzie czynno\u015bciami wskazanymi w pkt 2,<\/p>\n<p>7.\u00a0\u00a0 w szczeg\u00f3lno\u015bci dane osobowe b\u0119d\u0105 przechowywane do czasu ustania okoliczno\u015bci zwi\u0105zanych z podj\u0119tym kontaktem, a nast\u0119pnie na czas niezb\u0119dny do zabezpieczenia informacji na wypadek prawnej potrzeby wykazania fakt\u00f3w albo zabezpieczenia lub dochodzenia roszcze\u0144, a po tym czasie usuni\u0119te,<\/p>\n<p>8.\u00a0\u00a0 w przypadkach uznania, i\u017c przetwarzanie Pani\/Pana danych osobowych narusza przepisy Rozporz\u0105dzenia, przys\u0142uguje Pa\u0144stwu prawo do wniesienia skargi do organu nadzorczego (tj. do dnia 25 maja 2018 r. do Generalnego Inspektora Ochrony Danych Osobowych, a po tej dacie do organu b\u0119d\u0105cego jego nast\u0119pc\u0105).<\/p>\n<p>9.\u00a0 wycofanie zgody na przetwarzanie danych osobowych nale\u017cy z\u0142o\u017cy\u0107 drog\u0105 poczty elektronicznej na adres mailowy <a href=\"mailto:ksn@solidarnosc.org.pl\" target=\"_blank\" rel=\"noopener\">ksn@solidarnosc.org.pl<\/a>\u00a0lub drog\u0105 poczty tradycyjnej, w formie pisemnej na adres biura Krajowej Sekcji Nauki: ul. Wary\u0144skiego 12, lok. A 221, 00-631 Warszawa.<\/p>\n<p>&nbsp;<\/p>\n<p><strong>ZGODA<\/strong><\/p>\n<p>\u00b7\u00a0\u00a0 Dokonuj\u0105c zg\u0142oszenia\/wysy\u0142aj\u0105c formularz zg\u0142oszenia, wyra\u017ca Pani\/Pan na podstawie art.\u00a0 art. 6 ust. 1 lit. a &#8211; Rozporz\u0105dzenia Parlamentu Europejskiego i Rady &#8211; w sprawie ochrony os\u00f3b fizycznych w zwi\u0105zku z przetwarzaniem danych osobowych i w sprawie swobodnego przep\u0142ywu takich danych zgod\u0119 na przetwarzanie Pani\/Pana danych osobowych przez administratora okre\u015blonego w pkt. 1 niniejszej Informacji, w celu realizacji Pani\/Pana zg\u0142oszenia.<\/p>\n<p>\u00b7\u00a0\u00a0 Jednocze\u015bnie dokonuj\u0105c zg\u0142oszenia\/wysy\u0142aj\u0105c formularz zg\u0142oszenia potwierdza Pani\/Pan \u017ce ma \u015bwiadomo\u015b\u0107, \u017ce dane umieszczone w zg\u0142oszeniu zostan\u0105 automatycznie uzupe\u0142nione o IP komputera, z kt\u00f3rego zostan\u0105 wys\u0142ane i wyra\u017ca Pani\/Pan na to zgod\u0119.<\/p>\n<p>\u00b7\u00a0\u00a0 Potwierdza Pani\/Pan, \u017ce jest \u015bwiadoma(y) praw wynikaj\u0105cych z postanowie\u0144 rozporz\u0105dzenia Parlamentu Europejskiego i Rady (UE) 2016\/679 z dnia 27 kwietnia 2016 r. w sprawie ochrony os\u00f3b fizycznych w zwi\u0105zku z przetwarzaniem danych osobowych i w sprawie swobodnego przep\u0142ywu takich danych oraz uchylenia dyrektywy 95\/46\/WE (og\u00f3lne rozporz\u0105dzenie o ochronie danych) umieszczonych w powy\u017cszej informacji.<\/p>\n","protected":false},"excerpt":{"rendered":"<p>INFORMACJA O PRZETWARZANIU DANYCH OSOBOWYCH PRZEZ KRAJOW\u0104 SEKCJ\u0118 NAUKI NSZZ [&hellip;]<\/p>\n","protected":false},"author":1,"featured_media":0,"parent":0,"menu_order":0,"comment_status":"closed","ping_status":"closed","template":"","meta":{"footnotes":""},"class_list":["post-173","page","type-page","status-publish","hentry"],"yoast_head":"<!-- This site is optimized with the Yoast SEO plugin v27.4 - https:\/\/yoast.com\/product\/yoast-seo-wordpress\/ -->\n<title>RODO - Krajowa Sekcja Nauki NSZZ Solidarno\u015b\u0107<\/title>\n<meta name=\"robots\" content=\"index, follow, max-snippet:-1, max-image-preview:large, max-video-preview:-1\" \/>\n<link rel=\"canonical\" href=\"https:\/\/www.solidarnosc.org.pl\/ksn\/rodo\/\" \/>\n<meta property=\"og:locale\" content=\"pl_PL\" \/>\n<meta property=\"og:type\" content=\"article\" \/>\n<meta property=\"og:title\" content=\"RODO - Krajowa Sekcja Nauki NSZZ Solidarno\u015b\u0107\" \/>\n<meta property=\"og:description\" content=\"INFORMACJA O PRZETWARZANIU DANYCH OSOBOWYCH PRZEZ KRAJOW\u0104 SEKCJ\u0118 NAUKI NSZZ [&hellip;]\" \/>\n<meta property=\"og:url\" content=\"https:\/\/www.solidarnosc.org.pl\/ksn\/rodo\/\" \/>\n<meta property=\"og:site_name\" content=\"Krajowa Sekcja Nauki NSZZ Solidarno\u015b\u0107\" \/>\n<meta name=\"twitter:card\" content=\"summary_large_image\" \/>\n<meta name=\"twitter:label1\" content=\"Szacowany czas czytania\" \/>\n\t<meta name=\"twitter:data1\" content=\"4 minuty\" \/>\n<script type=\"application\/ld+json\" class=\"yoast-schema-graph\">{\"@context\":\"https:\\\/\\\/schema.org\",\"@graph\":[{\"@type\":\"WebPage\",\"@id\":\"https:\\\/\\\/www.solidarnosc.org.pl\\\/ksn\\\/rodo\\\/\",\"url\":\"https:\\\/\\\/www.solidarnosc.org.pl\\\/ksn\\\/rodo\\\/\",\"name\":\"RODO - Krajowa Sekcja Nauki NSZZ Solidarno\u015b\u0107\",\"isPartOf\":{\"@id\":\"https:\\\/\\\/www.solidarnosc.org.pl\\\/ksn\\\/#website\"},\"datePublished\":\"2021-06-11T13:01:23+00:00\",\"breadcrumb\":{\"@id\":\"https:\\\/\\\/www.solidarnosc.org.pl\\\/ksn\\\/rodo\\\/#breadcrumb\"},\"inLanguage\":\"pl-PL\",\"potentialAction\":[{\"@type\":\"ReadAction\",\"target\":[\"https:\\\/\\\/www.solidarnosc.org.pl\\\/ksn\\\/rodo\\\/\"]}]},{\"@type\":\"BreadcrumbList\",\"@id\":\"https:\\\/\\\/www.solidarnosc.org.pl\\\/ksn\\\/rodo\\\/#breadcrumb\",\"itemListElement\":[{\"@type\":\"ListItem\",\"position\":1,\"name\":\"Strona g\u0142\u00f3wna\",\"item\":\"https:\\\/\\\/www.solidarnosc.org.pl\\\/ksn\\\/\"},{\"@type\":\"ListItem\",\"position\":2,\"name\":\"RODO\"}]},{\"@type\":\"WebSite\",\"@id\":\"https:\\\/\\\/www.solidarnosc.org.pl\\\/ksn\\\/#website\",\"url\":\"https:\\\/\\\/www.solidarnosc.org.pl\\\/ksn\\\/\",\"name\":\"Krajowa Sekcja Nauki NSZZ Solidarno\u015b\u0107\",\"description\":\"Strona KSN to sprawy pracownik\u00f3w w szkolnictwie wy\u017cszym i nauce w Polsce\",\"publisher\":{\"@id\":\"https:\\\/\\\/www.solidarnosc.org.pl\\\/ksn\\\/#organization\"},\"potentialAction\":[{\"@type\":\"SearchAction\",\"target\":{\"@type\":\"EntryPoint\",\"urlTemplate\":\"https:\\\/\\\/www.solidarnosc.org.pl\\\/ksn\\\/?s={search_term_string}\"},\"query-input\":{\"@type\":\"PropertyValueSpecification\",\"valueRequired\":true,\"valueName\":\"search_term_string\"}}],\"inLanguage\":\"pl-PL\"},{\"@type\":\"Organization\",\"@id\":\"https:\\\/\\\/www.solidarnosc.org.pl\\\/ksn\\\/#organization\",\"name\":\"Krajowa Sekcja Nauki NSZZ Solidarno\u015b\u0107\",\"url\":\"https:\\\/\\\/www.solidarnosc.org.pl\\\/ksn\\\/\",\"logo\":{\"@type\":\"ImageObject\",\"inLanguage\":\"pl-PL\",\"@id\":\"https:\\\/\\\/www.solidarnosc.org.pl\\\/ksn\\\/#\\\/schema\\\/logo\\\/image\\\/\",\"url\":\"https:\\\/\\\/www.solidarnosc.org.pl\\\/ksn\\\/wp-content\\\/uploads\\\/2024\\\/10\\\/profilowe-fb.jpg\",\"contentUrl\":\"https:\\\/\\\/www.solidarnosc.org.pl\\\/ksn\\\/wp-content\\\/uploads\\\/2024\\\/10\\\/profilowe-fb.jpg\",\"width\":720,\"height\":719,\"caption\":\"Krajowa Sekcja Nauki NSZZ Solidarno\u015b\u0107\"},\"image\":{\"@id\":\"https:\\\/\\\/www.solidarnosc.org.pl\\\/ksn\\\/#\\\/schema\\\/logo\\\/image\\\/\"}}]}<\/script>\n<!-- \/ Yoast SEO plugin. -->","yoast_head_json":{"title":"RODO - Krajowa Sekcja Nauki NSZZ Solidarno\u015b\u0107","robots":{"index":"index","follow":"follow","max-snippet":"max-snippet:-1","max-image-preview":"max-image-preview:large","max-video-preview":"max-video-preview:-1"},"canonical":"https:\/\/www.solidarnosc.org.pl\/ksn\/rodo\/","og_locale":"pl_PL","og_type":"article","og_title":"RODO - Krajowa Sekcja Nauki NSZZ Solidarno\u015b\u0107","og_description":"INFORMACJA O PRZETWARZANIU DANYCH OSOBOWYCH PRZEZ KRAJOW\u0104 SEKCJ\u0118 NAUKI NSZZ [&hellip;]","og_url":"https:\/\/www.solidarnosc.org.pl\/ksn\/rodo\/","og_site_name":"Krajowa Sekcja Nauki NSZZ Solidarno\u015b\u0107","twitter_card":"summary_large_image","twitter_misc":{"Szacowany czas czytania":"4 minuty"},"schema":{"@context":"https:\/\/schema.org","@graph":[{"@type":"WebPage","@id":"https:\/\/www.solidarnosc.org.pl\/ksn\/rodo\/","url":"https:\/\/www.solidarnosc.org.pl\/ksn\/rodo\/","name":"RODO - Krajowa Sekcja Nauki NSZZ Solidarno\u015b\u0107","isPartOf":{"@id":"https:\/\/www.solidarnosc.org.pl\/ksn\/#website"},"datePublished":"2021-06-11T13:01:23+00:00","breadcrumb":{"@id":"https:\/\/www.solidarnosc.org.pl\/ksn\/rodo\/#breadcrumb"},"inLanguage":"pl-PL","potentialAction":[{"@type":"ReadAction","target":["https:\/\/www.solidarnosc.org.pl\/ksn\/rodo\/"]}]},{"@type":"BreadcrumbList","@id":"https:\/\/www.solidarnosc.org.pl\/ksn\/rodo\/#breadcrumb","itemListElement":[{"@type":"ListItem","position":1,"name":"Strona g\u0142\u00f3wna","item":"https:\/\/www.solidarnosc.org.pl\/ksn\/"},{"@type":"ListItem","position":2,"name":"RODO"}]},{"@type":"WebSite","@id":"https:\/\/www.solidarnosc.org.pl\/ksn\/#website","url":"https:\/\/www.solidarnosc.org.pl\/ksn\/","name":"Krajowa Sekcja Nauki NSZZ Solidarno\u015b\u0107","description":"Strona KSN to sprawy pracownik\u00f3w w szkolnictwie wy\u017cszym i nauce w Polsce","publisher":{"@id":"https:\/\/www.solidarnosc.org.pl\/ksn\/#organization"},"potentialAction":[{"@type":"SearchAction","target":{"@type":"EntryPoint","urlTemplate":"https:\/\/www.solidarnosc.org.pl\/ksn\/?s={search_term_string}"},"query-input":{"@type":"PropertyValueSpecification","valueRequired":true,"valueName":"search_term_string"}}],"inLanguage":"pl-PL"},{"@type":"Organization","@id":"https:\/\/www.solidarnosc.org.pl\/ksn\/#organization","name":"Krajowa Sekcja Nauki NSZZ Solidarno\u015b\u0107","url":"https:\/\/www.solidarnosc.org.pl\/ksn\/","logo":{"@type":"ImageObject","inLanguage":"pl-PL","@id":"https:\/\/www.solidarnosc.org.pl\/ksn\/#\/schema\/logo\/image\/","url":"https:\/\/www.solidarnosc.org.pl\/ksn\/wp-content\/uploads\/2024\/10\/profilowe-fb.jpg","contentUrl":"https:\/\/www.solidarnosc.org.pl\/ksn\/wp-content\/uploads\/2024\/10\/profilowe-fb.jpg","width":720,"height":719,"caption":"Krajowa Sekcja Nauki NSZZ Solidarno\u015b\u0107"},"image":{"@id":"https:\/\/www.solidarnosc.org.pl\/ksn\/#\/schema\/logo\/image\/"}}]}},"_links":{"self":[{"href":"https:\/\/www.solidarnosc.org.pl\/ksn\/wp-json\/wp\/v2\/pages\/173","targetHints":{"allow":["GET"]}}],"collection":[{"href":"https:\/\/www.solidarnosc.org.pl\/ksn\/wp-json\/wp\/v2\/pages"}],"about":[{"href":"https:\/\/www.solidarnosc.org.pl\/ksn\/wp-json\/wp\/v2\/types\/page"}],"author":[{"embeddable":true,"href":"https:\/\/www.solidarnosc.org.pl\/ksn\/wp-json\/wp\/v2\/users\/1"}],"replies":[{"embeddable":true,"href":"https:\/\/www.solidarnosc.org.pl\/ksn\/wp-json\/wp\/v2\/comments?post=173"}],"version-history":[{"count":1,"href":"https:\/\/www.solidarnosc.org.pl\/ksn\/wp-json\/wp\/v2\/pages\/173\/revisions"}],"predecessor-version":[{"id":174,"href":"https:\/\/www.solidarnosc.org.pl\/ksn\/wp-json\/wp\/v2\/pages\/173\/revisions\/174"}],"wp:attachment":[{"href":"https:\/\/www.solidarnosc.org.pl\/ksn\/wp-json\/wp\/v2\/media?parent=173"}],"curies":[{"name":"wp","href":"https:\/\/api.w.org\/{rel}","templated":true}]}}