{"id":126,"date":"2021-06-11T14:55:13","date_gmt":"2021-06-11T12:55:13","guid":{"rendered":"http:\/\/www.solidarnosc.org.pl\/ksn\/?page_id=126"},"modified":"2023-01-04T12:52:10","modified_gmt":"2023-01-04T11:52:10","slug":"komisja-ds-organizacyjnych-i-legislacyjnych","status":"publish","type":"page","link":"https:\/\/www.solidarnosc.org.pl\/ksn\/komisja-ds-organizacyjnych-i-legislacyjnych\/","title":{"rendered":"Komisja ds. Organizacyjnych i Legislacyjnych"},"content":{"rendered":"<div class=\"fusion-fullwidth fullwidth-box fusion-builder-row-1 fusion-flex-container nonhundred-percent-fullwidth non-hundred-percent-height-scrolling\" style=\"background-color: rgba(255,255,255,0);background-position: center center;background-repeat: no-repeat;border-width: 0px 0px 0px 0px;border-color:#e2e2e2;border-style:solid;\" ><div class=\"fusion-builder-row fusion-row fusion-flex-align-items-flex-start\" style=\"max-width:1248px;margin-left: calc(-4% \/ 2 );margin-right: calc(-4% \/ 2 );\"><div class=\"fusion-layout-column fusion_builder_column fusion-builder-column-0 fusion_builder_column_1_1 1_1 fusion-flex-column\"><div class=\"fusion-column-wrapper fusion-flex-justify-content-flex-start fusion-content-layout-column\" style=\"background-position:left top;background-repeat:no-repeat;-webkit-background-size:cover;-moz-background-size:cover;-o-background-size:cover;background-size:cover;padding: 0px 0px 0px 0px;\"><div class=\"fusion-text fusion-text-1\"><p><strong>Komisja ds. Organizacyjnych i Legislacyjnych<\/strong>\u00a0zosta\u0142a powo\u0142ana\u00a0<a href=\"http:\/\/www.solidarnosc.org.pl\/ksn\/wp-content\/uploads\/2022\/12\/uchwala_nr_6_rady_KSN.pdf\">Uchwa\u0142\u0105 Rady Krajowej Sekcji Nauki NSZZ \u201eSolidarno\u015b\u0107\u201d z dn. 23 czerwca 2018 r.<\/a><\/p>\n<p>G\u0142\u00f3wne cele dzia\u0142ania Komisji:<\/p>\n<ul>\n<li>opracowanie strategii rozwoju oraz modelu nauki i szkolnictwa wy\u017cszego w Polsce<\/li>\n<li>opiniowanie projekt\u00f3w akt\u00f3w prawnych w obszarze nauki i szkolnictwa wy\u017cszego<\/li>\n<li>opracowywanie wzorcowych akt\u00f3w prawa wewn\u0105trzuczelnianego (statuty, uchwa\u0142y, kryteria oceny okresowej pracownik\u00f3w, itd.)<\/li>\n<li>pomoc komisjom uczelnianym w procedowaniu zmian akt\u00f3w prawa wewn\u0105trzuczelnianego<\/li>\n<li>informuje o dzia\u0142aniach Komisji oraz Sekcji oraz zbiera opinie \u015brodowiska w sprawach z obszaru dzia\u0142ania Komisji<\/li>\n<li>realizuje zadania zlecone przez w\u0142adze Sekcji z obszaru dzia\u0142ania Komisji<\/li>\n<li>podejmuje stanowiska, opinie oraz uchwa\u0142y w sprawach z obszaru dzia\u0142ania Komisji dla cel\u00f3w wewn\u0119trznych Komisji lub przedstawienia ich w\u0142adzom wykonawczym Sekcji<br \/>\n<hr \/>\n<p>Kontakt z Komisj\u0105 &#8211;\u00a0formularz kontaktowy<\/li>\n<\/ul>\n<\/div><div class=\"fusion-builder-row fusion-builder-row-inner fusion-row fusion-flex-align-items-flex-start\" style=\"width:104% !important;max-width:104% !important;margin-left: calc(-4% \/ 2 );margin-right: calc(-4% \/ 2 );\"><div class=\"fusion-layout-column fusion_builder_column_inner fusion-builder-nested-column-0 fusion_builder_column_inner_1_5 1_5 fusion-flex-column\"><div class=\"fusion-column-wrapper fusion-flex-justify-content-flex-start fusion-content-layout-column\" style=\"background-position:left top;background-repeat:no-repeat;-webkit-background-size:cover;-moz-background-size:cover;-o-background-size:cover;background-size:cover;padding: 0px 0px 0px 0px;\"><\/div><style type=\"text\/css\">.fusion-body .fusion-builder-nested-column-0{width:20% !important;margin-top : 0px;margin-bottom : 20px;}.fusion-builder-nested-column-0 > .fusion-column-wrapper {padding-top : 0px !important;padding-right : 0px !important;margin-right : 9.6%;padding-bottom : 0px !important;padding-left : 0px !important;margin-left : 9.6%;}@media only screen and (max-width:1024px) {.fusion-body .fusion-builder-nested-column-0{width:20% !important;order : 0;}.fusion-builder-nested-column-0 > .fusion-column-wrapper {margin-right : 9.6%;margin-left : 9.6%;}}@media only screen and (max-width:640px) {.fusion-body .fusion-builder-nested-column-0{width:100% !important;order : 0;}.fusion-builder-nested-column-0 > .fusion-column-wrapper {margin-right : 1.92%;margin-left : 1.92%;}}<\/style><\/div><div class=\"fusion-layout-column fusion_builder_column_inner fusion-builder-nested-column-1 fusion_builder_column_inner_3_5 3_5 fusion-flex-column\"><div class=\"fusion-column-wrapper fusion-flex-justify-content-flex-start fusion-content-layout-column\" style=\"background-position:left top;background-repeat:no-repeat;-webkit-background-size:cover;-moz-background-size:cover;-o-background-size:cover;background-size:cover;padding: 0px 0px 0px 0px;\"><div class=\"fusion-blog-shortcode fusion-blog-shortcode-1 fusion-blog-archive fusion-blog-layout-large-alternate fusion-blog-pagination\"><div class=\"fusion-posts-container fusion-posts-container-pagination fusion-no-meta-info fusion-blog-rollover\" data-pages=\"2\"><article id=\"blog-1-post-504\" class=\"fusion-post-large-alternate post-504 post type-post status-publish format-standard hentry category-aktualnosci category-komisja-ds-organizacyjnych-i-legislacyjnych\">\n\t<style type=\"text\/css\">\n\t\t\n\t\t\n\t\t\n\t\t\n\t\t\t<\/style>\n\n\n<div class=\"fusion-date-and-formats\"><div class=\"fusion-date-box updated\"><span class=\"fusion-date\">21<\/span><span class=\"fusion-month-year\">05, 2021<\/span><\/div><div class=\"fusion-format-box\"><i class=\"awb-icon-pen\" aria-hidden=\"true\"><\/i><\/div><\/div><div class=\"fusion-post-content post-content\"><h2 class=\"blog-shortcode-post-title entry-title\"><a href=\"https:\/\/www.solidarnosc.org.pl\/ksn\/2021\/05\/21\/opinia-ksn-ws-nowelizacji-poszwin-pakiet-wolnosciowy\/\">Opinia KSN ws. nowelizacji PoSzWiN &#8211; pakiet wolno\u015bciowy<\/a><\/h2><div class=\"fusion-post-content-container\"><p>Krajowa Sekcja Nauki NSZZ \u201eSolidarno\u015b\u0107\u201d wystosowa\u0142a opini\u0119 do projektu\u00a0ustawy o\u00a0zmianie [...]<\/p><\/div><\/div><div class=\"fusion-clearfix\"><\/div><\/article>\n<article id=\"blog-1-post-1055\" class=\"fusion-post-large-alternate post-1055 post type-post status-publish format-standard hentry category-komisja-ds-organizacyjnych-i-legislacyjnych\">\n\t<style type=\"text\/css\">\n\t\t\n\t\t\n\t\t\n\t\t\n\t\t\t<\/style>\n\n\n<div class=\"fusion-date-and-formats\"><div class=\"fusion-date-box updated\"><span class=\"fusion-date\">31<\/span><span class=\"fusion-month-year\">08, 2018<\/span><\/div><div class=\"fusion-format-box\"><i class=\"awb-icon-pen\" aria-hidden=\"true\"><\/i><\/div><\/div><div class=\"fusion-post-content post-content\"><h2 class=\"blog-shortcode-post-title entry-title\"><a href=\"https:\/\/www.solidarnosc.org.pl\/ksn\/2018\/08\/31\/opinie-ksn-do-projektow-nowych-rozporzadzen-mnisw\/\">Opinie KSN do projekt\u00f3w nowych rozporz\u0105dze\u0144 MNiSW<\/a><\/h2><div class=\"fusion-post-content-container\"><p>Krajowa Sekcja Nauki NSZZ \u201eSolidarno\u015b\u0107\u201d wystosowa\u0142a nast\u0119puj\u0105ce opinie do \u00a0projekt\u00f3w [...]<\/p><\/div><\/div><div class=\"fusion-clearfix\"><\/div><\/article>\n<article id=\"blog-1-post-1263\" class=\"fusion-post-large-alternate post-1263 post type-post status-publish format-standard hentry category-komisja-ds-organizacyjnych-i-legislacyjnych\">\n\t<style type=\"text\/css\">\n\t\t\n\t\t\n\t\t\n\t\t\n\t\t\t<\/style>\n\n\n<div class=\"fusion-date-and-formats\"><div class=\"fusion-date-box updated\"><span class=\"fusion-date\">5<\/span><span class=\"fusion-month-year\">01, 2018<\/span><\/div><div class=\"fusion-format-box\"><i class=\"awb-icon-pen\" aria-hidden=\"true\"><\/i><\/div><\/div><div class=\"fusion-post-content post-content\"><h2 class=\"blog-shortcode-post-title entry-title\"><a href=\"https:\/\/www.solidarnosc.org.pl\/ksn\/2018\/01\/05\/opinia-ksn-w-sprawie-polaczenia-nask-i-imm\/\">Opinia KSN w sprawie po\u0142\u0105czenia NASK i IMM<\/a><\/h2><div class=\"fusion-post-content-container\"><p>Krajowa Sekcja Nauki NSZZ \"Solidarno\u015b\u0107\" przes\u0142a\u0142a do pana Marka Zag\u00f3rskiego [...]<\/p><\/div><\/div><div class=\"fusion-clearfix\"><\/div><\/article>\n<article id=\"blog-1-post-1496\" class=\"fusion-post-large-alternate post-1496 post type-post status-publish format-standard hentry category-komisja-ds-organizacyjnych-i-legislacyjnych\">\n\t<style type=\"text\/css\">\n\t\t\n\t\t\n\t\t\n\t\t\n\t\t\t<\/style>\n\n\n<div class=\"fusion-date-and-formats\"><div class=\"fusion-date-box updated\"><span class=\"fusion-date\">15<\/span><span class=\"fusion-month-year\">02, 2017<\/span><\/div><div class=\"fusion-format-box\"><i class=\"awb-icon-pen\" aria-hidden=\"true\"><\/i><\/div><\/div><div class=\"fusion-post-content post-content\"><h2 class=\"blog-shortcode-post-title entry-title\"><a href=\"https:\/\/www.solidarnosc.org.pl\/ksn\/2017\/02\/15\/opinia-ksn-w-sprawie-projektu-ustawy-o-nawa\/\">Opinia KSN w sprawie projektu ustawy o NAWA<\/a><\/h2><div class=\"fusion-post-content-container\"><p>W dniu 06 lutego 2017 roku KSN NSZZ \u201cSolidarno\u015b\u0107\u201d przekaza\u0142a [...]<\/p><\/div><\/div><div class=\"fusion-clearfix\"><\/div><\/article>\n<article id=\"blog-1-post-1509\" class=\"fusion-post-large-alternate post-1509 post type-post status-publish format-standard hentry category-komisja-ds-organizacyjnych-i-legislacyjnych\">\n\t<style type=\"text\/css\">\n\t\t\n\t\t\n\t\t\n\t\t\n\t\t\t<\/style>\n\n\n<div class=\"fusion-date-and-formats\"><div class=\"fusion-date-box updated\"><span class=\"fusion-date\">10<\/span><span class=\"fusion-month-year\">01, 2017<\/span><\/div><div class=\"fusion-format-box\"><i class=\"awb-icon-pen\" aria-hidden=\"true\"><\/i><\/div><\/div><div class=\"fusion-post-content post-content\"><h2 class=\"blog-shortcode-post-title entry-title\"><a href=\"https:\/\/www.solidarnosc.org.pl\/ksn\/2017\/01\/10\/uwagi-ksn-do-projektu-zalozen-do-nowej-ustawy-o-szkolnictwie-wyzszym\/\">Uwagi KSN do projektu za\u0142o\u017ce\u0144 do nowej ustawy o szkolnictwie wy\u017cszym<\/a><\/h2><div class=\"fusion-post-content-container\"><p>Krajowa Sekcja Nauki NSZZ \u201eSolidarno\u015b\u0107\u201d wystosowa\u0142a uwagi do projektu za\u0142o\u017ce\u0144 [...]<\/p><\/div><\/div><div class=\"fusion-clearfix\"><\/div><\/article>\n<article id=\"blog-1-post-1556\" class=\"fusion-post-large-alternate post-1556 post type-post status-publish format-standard hentry category-komisja-ds-organizacyjnych-i-legislacyjnych\">\n\t<style type=\"text\/css\">\n\t\t\n\t\t\n\t\t\n\t\t\n\t\t\t<\/style>\n\n\n<div class=\"fusion-date-and-formats\"><div class=\"fusion-date-box updated\"><span class=\"fusion-date\">13<\/span><span class=\"fusion-month-year\">11, 2016<\/span><\/div><div class=\"fusion-format-box\"><i class=\"awb-icon-pen\" aria-hidden=\"true\"><\/i><\/div><\/div><div class=\"fusion-post-content post-content\"><h2 class=\"blog-shortcode-post-title entry-title\"><a href=\"https:\/\/www.solidarnosc.org.pl\/ksn\/2016\/11\/13\/uwagi-ksn-do-projektu-ustawy-o-stopniach-naukowych\/\">Uwagi KSN do projektu ustawy o stopniach naukowych<\/a><\/h2><div class=\"fusion-post-content-container\"><p>Krajowa Sekcja Nauki NSZZ \u201eSolidarno\u015b\u0107\u201d wystosowa\u0142a uwagi do projektu ustawy [...]<\/p><\/div><\/div><div class=\"fusion-clearfix\"><\/div><\/article>\n<article id=\"blog-1-post-1581\" class=\"fusion-post-large-alternate post-1581 post type-post status-publish format-standard hentry category-komisja-ds-organizacyjnych-i-legislacyjnych\">\n\t<style type=\"text\/css\">\n\t\t\n\t\t\n\t\t\n\t\t\n\t\t\t<\/style>\n\n\n<div class=\"fusion-date-and-formats\"><div class=\"fusion-date-box updated\"><span class=\"fusion-date\">22<\/span><span class=\"fusion-month-year\">04, 2016<\/span><\/div><div class=\"fusion-format-box\"><i class=\"awb-icon-pen\" aria-hidden=\"true\"><\/i><\/div><\/div><div class=\"fusion-post-content post-content\"><h2 class=\"blog-shortcode-post-title entry-title\"><a href=\"https:\/\/www.solidarnosc.org.pl\/ksn\/2016\/04\/22\/uwagi-ksn-do-nowelizacji-ustawy-prawo-o-szkolnictwie-wyzszym\/\">Uwagi KSN do nowelizacji ustawy Prawo o szkolnictwie wy\u017cszym<\/a><\/h2><div class=\"fusion-post-content-container\"><p>W dniu 20 kwietnia zosta\u0142y przekazane do Ministerstwa Nauki i [...]<\/p><\/div><\/div><div class=\"fusion-clearfix\"><\/div><\/article>\n<article id=\"blog-1-post-1598\" class=\"fusion-post-large-alternate post-1598 post type-post status-publish format-standard hentry category-komisja-ds-organizacyjnych-i-legislacyjnych\">\n\t<style type=\"text\/css\">\n\t\t\n\t\t\n\t\t\n\t\t\n\t\t\t<\/style>\n\n\n<div class=\"fusion-date-and-formats\"><div class=\"fusion-date-box updated\"><span class=\"fusion-date\">15<\/span><span class=\"fusion-month-year\">04, 2016<\/span><\/div><div class=\"fusion-format-box\"><i class=\"awb-icon-pen\" aria-hidden=\"true\"><\/i><\/div><\/div><div class=\"fusion-post-content post-content\"><h2 class=\"blog-shortcode-post-title entry-title\"><a href=\"https:\/\/www.solidarnosc.org.pl\/ksn\/2016\/04\/15\/uwagi-ksn-do-projektu-ustawy-o-zmianie-ustawy-o-zwiazkach-zawodowych\/\">Uwagi KSN do projektu ustawy o zmianie ustawy o zwi\u0105zkach zawodowych<\/a><\/h2><div class=\"fusion-post-content-container\"><p>Krajowa Sekcja Nauki NSZZ \u201eSolidarno\u015b\u0107\u201d wystosowa\u0142a uwagi do projektu ustawy [...]<\/p><\/div><\/div><div class=\"fusion-clearfix\"><\/div><\/article>\n<article id=\"blog-1-post-1675\" class=\"fusion-post-large-alternate post-1675 post type-post status-publish format-standard hentry category-komisja-ds-organizacyjnych-i-legislacyjnych\">\n\t<style type=\"text\/css\">\n\t\t\n\t\t\n\t\t\n\t\t\n\t\t\t<\/style>\n\n\n<div class=\"fusion-date-and-formats\"><div class=\"fusion-date-box updated\"><span class=\"fusion-date\">20<\/span><span class=\"fusion-month-year\">11, 2015<\/span><\/div><div class=\"fusion-format-box\"><i class=\"awb-icon-pen\" aria-hidden=\"true\"><\/i><\/div><\/div><div class=\"fusion-post-content post-content\"><h2 class=\"blog-shortcode-post-title entry-title\"><a href=\"https:\/\/www.solidarnosc.org.pl\/ksn\/2015\/11\/20\/uwagi-ksn-do-ustaw-okolobudzetowych-na-rok-2016\/\">Uwagi KSN do ustaw oko\u0142obud\u017cetowych na rok 2016<\/a><\/h2><div class=\"fusion-post-content-container\"><p>Krajowa Sekcja Nauki NSZZ \u201eSolidarno\u015b\u0107\u201d wystosowa\u0142a uwagi dotycz\u0105ce zakresu szkolnictwa [...]<\/p><\/div><\/div><div class=\"fusion-clearfix\"><\/div><\/article>\n<article id=\"blog-1-post-1678\" class=\"fusion-post-large-alternate post-1678 post type-post status-publish format-standard hentry category-komisja-ds-organizacyjnych-i-legislacyjnych\">\n\t<style type=\"text\/css\">\n\t\t\n\t\t\n\t\t\n\t\t\n\t\t\t<\/style>\n\n\n<div class=\"fusion-date-and-formats\"><div class=\"fusion-date-box updated\"><span class=\"fusion-date\">21<\/span><span class=\"fusion-month-year\">09, 2015<\/span><\/div><div class=\"fusion-format-box\"><i class=\"awb-icon-pen\" aria-hidden=\"true\"><\/i><\/div><\/div><div class=\"fusion-post-content post-content\"><h2 class=\"blog-shortcode-post-title entry-title\"><a href=\"https:\/\/www.solidarnosc.org.pl\/ksn\/2015\/09\/21\/opinia-ksn-do-projektu-ustawy-budzetowej-na-rok-2016\/\">Opinia KSN do projektu Ustawy bud\u017cetowej na rok 2016<\/a><\/h2><div class=\"fusion-post-content-container\"><p>Krajowa Sekcja Nauki NSZZ \"Solidarno\u015b\u0107\" wystosowa\u0142a\u00a0opini\u0119\u00a0do\u00a0projektu Ustawy bud\u017cetowej na rok [...]<\/p><\/div><\/div><div class=\"fusion-clearfix\"><\/div><\/article>\n<\/div><div class=\"pagination clearfix\"><span class=\"current\">1<\/span><a href=\"https:\/\/www.solidarnosc.org.pl\/ksn\/wp-json\/wp\/v2\/pages\/126\/page\/2\/\" class=\"inactive\">2<\/a><a class=\"pagination-next\" rel=\"next\" href=\"https:\/\/www.solidarnosc.org.pl\/ksn\/wp-json\/wp\/v2\/pages\/126\/page\/2\/\"><span class=\"page-text\">Kolejny<\/span><span class=\"page-next\"><\/span><\/a><\/div><div class=\"fusion-clearfix\"><\/div><\/div><\/div><style type=\"text\/css\">.fusion-body .fusion-builder-nested-column-1{width:60% !important;margin-top : 0px;margin-bottom : 20px;}.fusion-builder-nested-column-1 > .fusion-column-wrapper {padding-top : 0px !important;padding-right : 0px !important;margin-right : 3.2%;padding-bottom : 0px !important;padding-left : 0px !important;margin-left : 3.2%;}@media only screen and (max-width:1024px) {.fusion-body .fusion-builder-nested-column-1{width:60% !important;order : 0;}.fusion-builder-nested-column-1 > .fusion-column-wrapper {margin-right : 3.2%;margin-left : 3.2%;}}@media only screen and (max-width:640px) {.fusion-body .fusion-builder-nested-column-1{width:100% !important;order : 0;}.fusion-builder-nested-column-1 > .fusion-column-wrapper {margin-right : 1.92%;margin-left : 1.92%;}}<\/style><\/div><div class=\"fusion-layout-column fusion_builder_column_inner fusion-builder-nested-column-2 fusion_builder_column_inner_1_5 1_5 fusion-flex-column\"><div class=\"fusion-column-wrapper fusion-flex-justify-content-flex-start fusion-content-layout-column\" style=\"background-position:left top;background-repeat:no-repeat;-webkit-background-size:cover;-moz-background-size:cover;-o-background-size:cover;background-size:cover;padding: 0px 0px 0px 0px;\"><\/div><style type=\"text\/css\">.fusion-body .fusion-builder-nested-column-2{width:20% !important;margin-top : 0px;margin-bottom : 20px;}.fusion-builder-nested-column-2 > .fusion-column-wrapper {padding-top : 0px !important;padding-right : 0px !important;margin-right : 9.6%;padding-bottom : 0px !important;padding-left : 0px !important;margin-left : 9.6%;}@media only screen and (max-width:1024px) {.fusion-body .fusion-builder-nested-column-2{width:20% !important;order : 0;}.fusion-builder-nested-column-2 > .fusion-column-wrapper {margin-right : 9.6%;margin-left : 9.6%;}}@media only screen and (max-width:640px) {.fusion-body .fusion-builder-nested-column-2{width:100% !important;order : 0;}.fusion-builder-nested-column-2 > .fusion-column-wrapper {margin-right : 1.92%;margin-left : 1.92%;}}<\/style><\/div><\/div><\/div><style type=\"text\/css\">.fusion-body .fusion-builder-column-0{width:100% !important;margin-top : 0px;margin-bottom : 0px;}.fusion-builder-column-0 > .fusion-column-wrapper {padding-top : 0px !important;padding-right : 0px !important;margin-right : 1.92%;padding-bottom : 0px !important;padding-left : 0px !important;margin-left : 1.92%;}@media only screen and (max-width:1024px) {.fusion-body .fusion-builder-column-0{width:100% !important;}.fusion-builder-column-0 > .fusion-column-wrapper {margin-right : 1.92%;margin-left : 1.92%;}}@media only screen and (max-width:640px) {.fusion-body .fusion-builder-column-0{width:100% !important;}.fusion-builder-column-0 > .fusion-column-wrapper {margin-right : 1.92%;margin-left : 1.92%;}}<\/style><\/div><\/div><style type=\"text\/css\">.fusion-body .fusion-flex-container.fusion-builder-row-1{ padding-top : 0px;margin-top : 0px;padding-right : 0px;padding-bottom : 0px;margin-bottom : 0px;padding-left : 0px;}<\/style><\/div>\n","protected":false},"excerpt":{"rendered":"","protected":false},"author":1,"featured_media":0,"parent":0,"menu_order":0,"comment_status":"closed","ping_status":"closed","template":"","meta":{"footnotes":""},"class_list":["post-126","page","type-page","status-publish","hentry"],"yoast_head":"<!-- This site is optimized with the Yoast SEO plugin v27.4 - https:\/\/yoast.com\/product\/yoast-seo-wordpress\/ -->\n<title>Komisja ds. Organizacyjnych i Legislacyjnych - Krajowa Sekcja Nauki NSZZ Solidarno\u015b\u0107<\/title>\n<meta name=\"robots\" content=\"index, follow, max-snippet:-1, max-image-preview:large, max-video-preview:-1\" \/>\n<link rel=\"canonical\" href=\"https:\/\/www.solidarnosc.org.pl\/ksn\/komisja-ds-organizacyjnych-i-legislacyjnych\/\" \/>\n<meta property=\"og:locale\" content=\"pl_PL\" \/>\n<meta property=\"og:type\" content=\"article\" \/>\n<meta property=\"og:title\" content=\"Komisja ds. Organizacyjnych i Legislacyjnych - Krajowa Sekcja Nauki NSZZ Solidarno\u015b\u0107\" \/>\n<meta property=\"og:url\" content=\"https:\/\/www.solidarnosc.org.pl\/ksn\/komisja-ds-organizacyjnych-i-legislacyjnych\/\" \/>\n<meta property=\"og:site_name\" content=\"Krajowa Sekcja Nauki NSZZ Solidarno\u015b\u0107\" \/>\n<meta property=\"article:modified_time\" content=\"2023-01-04T11:52:10+00:00\" \/>\n<meta name=\"twitter:card\" content=\"summary_large_image\" \/>\n<meta name=\"twitter:label1\" content=\"Szacowany czas czytania\" \/>\n\t<meta name=\"twitter:data1\" content=\"4 minuty\" \/>\n<script type=\"application\/ld+json\" class=\"yoast-schema-graph\">{\"@context\":\"https:\\\/\\\/schema.org\",\"@graph\":[{\"@type\":\"WebPage\",\"@id\":\"https:\\\/\\\/www.solidarnosc.org.pl\\\/ksn\\\/komisja-ds-organizacyjnych-i-legislacyjnych\\\/\",\"url\":\"https:\\\/\\\/www.solidarnosc.org.pl\\\/ksn\\\/komisja-ds-organizacyjnych-i-legislacyjnych\\\/\",\"name\":\"Komisja ds. Organizacyjnych i Legislacyjnych - Krajowa Sekcja Nauki NSZZ Solidarno\u015b\u0107\",\"isPartOf\":{\"@id\":\"https:\\\/\\\/www.solidarnosc.org.pl\\\/ksn\\\/#website\"},\"datePublished\":\"2021-06-11T12:55:13+00:00\",\"dateModified\":\"2023-01-04T11:52:10+00:00\",\"breadcrumb\":{\"@id\":\"https:\\\/\\\/www.solidarnosc.org.pl\\\/ksn\\\/komisja-ds-organizacyjnych-i-legislacyjnych\\\/#breadcrumb\"},\"inLanguage\":\"pl-PL\",\"potentialAction\":[{\"@type\":\"ReadAction\",\"target\":[\"https:\\\/\\\/www.solidarnosc.org.pl\\\/ksn\\\/komisja-ds-organizacyjnych-i-legislacyjnych\\\/\"]}]},{\"@type\":\"BreadcrumbList\",\"@id\":\"https:\\\/\\\/www.solidarnosc.org.pl\\\/ksn\\\/komisja-ds-organizacyjnych-i-legislacyjnych\\\/#breadcrumb\",\"itemListElement\":[{\"@type\":\"ListItem\",\"position\":1,\"name\":\"Strona g\u0142\u00f3wna\",\"item\":\"https:\\\/\\\/www.solidarnosc.org.pl\\\/ksn\\\/\"},{\"@type\":\"ListItem\",\"position\":2,\"name\":\"Komisja ds. Organizacyjnych i Legislacyjnych\"}]},{\"@type\":\"WebSite\",\"@id\":\"https:\\\/\\\/www.solidarnosc.org.pl\\\/ksn\\\/#website\",\"url\":\"https:\\\/\\\/www.solidarnosc.org.pl\\\/ksn\\\/\",\"name\":\"Krajowa Sekcja Nauki NSZZ Solidarno\u015b\u0107\",\"description\":\"Strona KSN to sprawy pracownik\u00f3w w szkolnictwie wy\u017cszym i nauce w Polsce\",\"publisher\":{\"@id\":\"https:\\\/\\\/www.solidarnosc.org.pl\\\/ksn\\\/#organization\"},\"potentialAction\":[{\"@type\":\"SearchAction\",\"target\":{\"@type\":\"EntryPoint\",\"urlTemplate\":\"https:\\\/\\\/www.solidarnosc.org.pl\\\/ksn\\\/?s={search_term_string}\"},\"query-input\":{\"@type\":\"PropertyValueSpecification\",\"valueRequired\":true,\"valueName\":\"search_term_string\"}}],\"inLanguage\":\"pl-PL\"},{\"@type\":\"Organization\",\"@id\":\"https:\\\/\\\/www.solidarnosc.org.pl\\\/ksn\\\/#organization\",\"name\":\"Krajowa Sekcja Nauki NSZZ Solidarno\u015b\u0107\",\"url\":\"https:\\\/\\\/www.solidarnosc.org.pl\\\/ksn\\\/\",\"logo\":{\"@type\":\"ImageObject\",\"inLanguage\":\"pl-PL\",\"@id\":\"https:\\\/\\\/www.solidarnosc.org.pl\\\/ksn\\\/#\\\/schema\\\/logo\\\/image\\\/\",\"url\":\"https:\\\/\\\/www.solidarnosc.org.pl\\\/ksn\\\/wp-content\\\/uploads\\\/2024\\\/10\\\/profilowe-fb.jpg\",\"contentUrl\":\"https:\\\/\\\/www.solidarnosc.org.pl\\\/ksn\\\/wp-content\\\/uploads\\\/2024\\\/10\\\/profilowe-fb.jpg\",\"width\":720,\"height\":719,\"caption\":\"Krajowa Sekcja Nauki NSZZ Solidarno\u015b\u0107\"},\"image\":{\"@id\":\"https:\\\/\\\/www.solidarnosc.org.pl\\\/ksn\\\/#\\\/schema\\\/logo\\\/image\\\/\"}}]}<\/script>\n<!-- \/ Yoast SEO plugin. -->","yoast_head_json":{"title":"Komisja ds. Organizacyjnych i Legislacyjnych - Krajowa Sekcja Nauki NSZZ Solidarno\u015b\u0107","robots":{"index":"index","follow":"follow","max-snippet":"max-snippet:-1","max-image-preview":"max-image-preview:large","max-video-preview":"max-video-preview:-1"},"canonical":"https:\/\/www.solidarnosc.org.pl\/ksn\/komisja-ds-organizacyjnych-i-legislacyjnych\/","og_locale":"pl_PL","og_type":"article","og_title":"Komisja ds. Organizacyjnych i Legislacyjnych - Krajowa Sekcja Nauki NSZZ Solidarno\u015b\u0107","og_url":"https:\/\/www.solidarnosc.org.pl\/ksn\/komisja-ds-organizacyjnych-i-legislacyjnych\/","og_site_name":"Krajowa Sekcja Nauki NSZZ Solidarno\u015b\u0107","article_modified_time":"2023-01-04T11:52:10+00:00","twitter_card":"summary_large_image","twitter_misc":{"Szacowany czas czytania":"4 minuty"},"schema":{"@context":"https:\/\/schema.org","@graph":[{"@type":"WebPage","@id":"https:\/\/www.solidarnosc.org.pl\/ksn\/komisja-ds-organizacyjnych-i-legislacyjnych\/","url":"https:\/\/www.solidarnosc.org.pl\/ksn\/komisja-ds-organizacyjnych-i-legislacyjnych\/","name":"Komisja ds. Organizacyjnych i Legislacyjnych - Krajowa Sekcja Nauki NSZZ Solidarno\u015b\u0107","isPartOf":{"@id":"https:\/\/www.solidarnosc.org.pl\/ksn\/#website"},"datePublished":"2021-06-11T12:55:13+00:00","dateModified":"2023-01-04T11:52:10+00:00","breadcrumb":{"@id":"https:\/\/www.solidarnosc.org.pl\/ksn\/komisja-ds-organizacyjnych-i-legislacyjnych\/#breadcrumb"},"inLanguage":"pl-PL","potentialAction":[{"@type":"ReadAction","target":["https:\/\/www.solidarnosc.org.pl\/ksn\/komisja-ds-organizacyjnych-i-legislacyjnych\/"]}]},{"@type":"BreadcrumbList","@id":"https:\/\/www.solidarnosc.org.pl\/ksn\/komisja-ds-organizacyjnych-i-legislacyjnych\/#breadcrumb","itemListElement":[{"@type":"ListItem","position":1,"name":"Strona g\u0142\u00f3wna","item":"https:\/\/www.solidarnosc.org.pl\/ksn\/"},{"@type":"ListItem","position":2,"name":"Komisja ds. Organizacyjnych i Legislacyjnych"}]},{"@type":"WebSite","@id":"https:\/\/www.solidarnosc.org.pl\/ksn\/#website","url":"https:\/\/www.solidarnosc.org.pl\/ksn\/","name":"Krajowa Sekcja Nauki NSZZ Solidarno\u015b\u0107","description":"Strona KSN to sprawy pracownik\u00f3w w szkolnictwie wy\u017cszym i nauce w Polsce","publisher":{"@id":"https:\/\/www.solidarnosc.org.pl\/ksn\/#organization"},"potentialAction":[{"@type":"SearchAction","target":{"@type":"EntryPoint","urlTemplate":"https:\/\/www.solidarnosc.org.pl\/ksn\/?s={search_term_string}"},"query-input":{"@type":"PropertyValueSpecification","valueRequired":true,"valueName":"search_term_string"}}],"inLanguage":"pl-PL"},{"@type":"Organization","@id":"https:\/\/www.solidarnosc.org.pl\/ksn\/#organization","name":"Krajowa Sekcja Nauki NSZZ Solidarno\u015b\u0107","url":"https:\/\/www.solidarnosc.org.pl\/ksn\/","logo":{"@type":"ImageObject","inLanguage":"pl-PL","@id":"https:\/\/www.solidarnosc.org.pl\/ksn\/#\/schema\/logo\/image\/","url":"https:\/\/www.solidarnosc.org.pl\/ksn\/wp-content\/uploads\/2024\/10\/profilowe-fb.jpg","contentUrl":"https:\/\/www.solidarnosc.org.pl\/ksn\/wp-content\/uploads\/2024\/10\/profilowe-fb.jpg","width":720,"height":719,"caption":"Krajowa Sekcja Nauki NSZZ Solidarno\u015b\u0107"},"image":{"@id":"https:\/\/www.solidarnosc.org.pl\/ksn\/#\/schema\/logo\/image\/"}}]}},"_links":{"self":[{"href":"https:\/\/www.solidarnosc.org.pl\/ksn\/wp-json\/wp\/v2\/pages\/126","targetHints":{"allow":["GET"]}}],"collection":[{"href":"https:\/\/www.solidarnosc.org.pl\/ksn\/wp-json\/wp\/v2\/pages"}],"about":[{"href":"https:\/\/www.solidarnosc.org.pl\/ksn\/wp-json\/wp\/v2\/types\/page"}],"author":[{"embeddable":true,"href":"https:\/\/www.solidarnosc.org.pl\/ksn\/wp-json\/wp\/v2\/users\/1"}],"replies":[{"embeddable":true,"href":"https:\/\/www.solidarnosc.org.pl\/ksn\/wp-json\/wp\/v2\/comments?post=126"}],"version-history":[{"count":5,"href":"https:\/\/www.solidarnosc.org.pl\/ksn\/wp-json\/wp\/v2\/pages\/126\/revisions"}],"predecessor-version":[{"id":2757,"href":"https:\/\/www.solidarnosc.org.pl\/ksn\/wp-json\/wp\/v2\/pages\/126\/revisions\/2757"}],"wp:attachment":[{"href":"https:\/\/www.solidarnosc.org.pl\/ksn\/wp-json\/wp\/v2\/media?parent=126"}],"curies":[{"name":"wp","href":"https:\/\/api.w.org\/{rel}","templated":true}]}}