{"id":38,"date":"2023-10-18T12:12:27","date_gmt":"2023-10-18T10:12:27","guid":{"rendered":"https:\/\/www.solidarnosc.org.pl\/gorzow\/?page_id=38"},"modified":"2026-01-26T09:44:43","modified_gmt":"2026-01-26T08:44:43","slug":"wladze-zwiazku","status":"publish","type":"page","link":"https:\/\/www.solidarnosc.org.pl\/gorzow\/wladze-zwiazku\/","title":{"rendered":"W\u0142adze Zwi\u0105zku"},"content":{"rendered":"\n<div class=\"wp-block-uagb-image aligncenter uagb-block-80ca586a wp-block-uagb-image--layout-default wp-block-uagb-image--effect-static wp-block-uagb-image--align-center\"><figure class=\"wp-block-uagb-image__figure\"><img decoding=\"async\" srcset=\"https:\/\/www.solidarnosc.org.pl\/gorzow\/wp-content\/uploads\/2023\/10\/Zarzad.jpg ,https:\/\/www.solidarnosc.org.pl\/gorzow\/wp-content\/uploads\/2023\/10\/Zarzad.jpg 780w, https:\/\/www.solidarnosc.org.pl\/gorzow\/wp-content\/uploads\/2023\/10\/Zarzad.jpg 360w\" sizes=\"(max-width: 480px) 150px\" src=\"https:\/\/www.solidarnosc.org.pl\/gorzow\/wp-content\/uploads\/2023\/10\/Zarzad.jpg\" alt=\"\" class=\"uag-image-93\" width=\"752\" height=\"241\" title=\"\" loading=\"lazy\"\/><\/figure><\/div>\n\n\n\n<h1 class=\"wp-block-heading has-ast-global-color-0-color has-text-color has-large-font-size\" id=\"article_title\">Prezydium Zarz\u0105du Regionu Gorzowskiego<\/h1>\n\n\n\n<p><strong>Waldemar Rusakiewicz &#8211; Przewodnicz\u0105cy<\/strong><\/p>\n\n\n\n<p>W latach 80-tych dzia\u0142acz opozycji antykomunistycznej (M\u0142odzie\u017cowy Ruch Oporu, Ruch M\u0142odzie\u017cy Niezale\u017cnej). W latach 1991-2006 przewodnicz\u0105cy MKZ NSZZ &#8222;Solidarno\u015b\u0107&#8221; w Zak\u0142adach W\u0142\u00f3kien Chemicznych &#8222;Stilon&#8221; S.A. w Gorzowie Wielkopolskim. 1998-2002 kierowa\u0142 gorzowsk\u0105 &#8222;Fundacj\u0105 dla Solidarno\u015bci&#8221;. Za\u0142o\u017cyciel i cz\u0142onek Rady Nadzorczej SKOK w ZWCh \u201eStilon\u201d (2007-obecnie).<br>Wieloletni cz\u0142onek Zarz\u0105du Regionu. W kadencjach 1992-95 i 2014-2018 delegat na Krajowy Zjazd Delegat\u00f3w NSZZ &#8222;Solidarno\u015b\u0107&#8221;. Cz\u0142onek Krajowej Komisji Rewizyjnej Zwi\u0105zku ( 2014-2015). 14 grudnia 2015 r. wybrany Przewodnicz\u0105cym Zarz\u0105du Regionu Gorzowskiego. Cz\u0142onek zarz\u0105du Stowarzyszenia na rzecz budowy pomnika konnego Marsza\u0142ka J\u00f3zefa Pi\u0142sudskiego w Gorzowie Wielkopolskim. W 2013 roku odznaczony przez Prezydenta RP Krzy\u017cem Wolno\u015bci i Solidarno\u015bci a w 2014 Krzy\u017cem Kawalerskim Orderu Odrodzenia Polski.<br>Bezpartyjny. \u017bonaty, c\u00f3rka Marta.<\/p>\n\n\n\n<div class=\"wp-block-uagb-separator uagb-block-caf06e4e\"><div class=\"wp-block-uagb-separator__inner\" style=\"--my-background-image:url(&quot;data:image\/svg+xml,%3Csvg width='16' height='16' viewBox='0 0 16 16' fill='none' xmlns='http:\/\/www.w3.org\/2000\/svg'%3E%3Cpath d='M6.29312 16.9999L17 6.29302M14.2931 16.9999L17 14.293M-0.707031 15.9999L16.0002 -0.707153M8.00017 -0.707153L-0.706882 7.9999' stroke='black'\/%3E%3C\/svg%3E&quot;)\"><\/div><\/div>\n\n\n\n<p><strong>S\u0142awomir Steltmann &#8211; Zast\u0119pca &#8211; Skarbnik<\/strong><\/p>\n\n\n\n<p>W Solidarno\u015bci od 1989 roku, od 1992 roku przewodnicz\u0105cy Organizacji Podzak\u0142adowej NSZZ Solidarno\u015b\u0107 Pracownik\u00f3w Poczty Polskiej w Gorzowie Wielkopolskim, w bie\u017c\u0105cej kadencji wiceprzewodnicz\u0105cy Komisji Mi\u0119dzyzak\u0142adowej NSZZ Solidarno\u015b\u0107 Pracownik\u00f3w Poczty Polskiej, sekretarz Krajowego Sekretariatu \u0141\u0105czno\u015bci NSZZ Solidarno\u015b\u0107. Uko\u0144czone studia magisterskie na Uniwersytecie Miko\u0142aja Kopernika w Poznaniu Wydzia\u0142 Politologii i Dziennikarstwa.<\/p>\n\n\n\n<div class=\"wp-block-uagb-separator uagb-block-a352e83a\"><div class=\"wp-block-uagb-separator__inner\" style=\"--my-background-image:url(&quot;data:image\/svg+xml,%3Csvg width='16' height='16' viewBox='0 0 16 16' fill='none' xmlns='http:\/\/www.w3.org\/2000\/svg'%3E%3Cpath d='M6.29312 16.9999L17 6.29302M14.2931 16.9999L17 14.293M-0.707031 15.9999L16.0002 -0.707153M8.00017 -0.707153L-0.706882 7.9999' stroke='black'\/%3E%3C\/svg%3E&quot;)\"><\/div><\/div>\n\n\n\n<p><strong>W\u0142odzimierz Sap\u00f3r &#8211; Sekretarz<\/strong><\/p>\n\n\n\n<p>W\u0142odzimierz Sap\u00f3r lat 60, od urodzenia zwi\u0105zany z Drezdenkiem. \u017bonaty, dw\u00f3jka dzieci, od 1988 nauczyciel w szkole podstawowej, a nast\u0119pnie gimnazjum. Obecnie nauczyciel wychowania fizycznego w Gimnazjum nr 1 im. J\u00f3zefa Nojego w Drezdenku.<br>Cz\u0142onek NSZZ Solidarno\u015b\u0107 od 1989 roku. Wsp\u00f3\u0142za\u0142o\u017cyciel Mi\u0119dzyszkolnej Komisji O\u015bwiaty i Wychowania w Drezdenku. Od 10 lat przewodnicz\u0105cy MKOiW NSZZ Solidarno\u015b\u0107 w Drezdenku, kt\u00f3ra skupia 182 cz\u0142onk\u00f3w na 300 pracownik\u00f3w o\u015bwiaty.<br>Radny 4 kadencji Rady Miejskiej w Drezdenku.<\/p>\n\n\n\n<div class=\"wp-block-uagb-separator uagb-block-beb23520\"><div class=\"wp-block-uagb-separator__inner\" style=\"--my-background-image:url(&quot;data:image\/svg+xml,%3Csvg width='16' height='16' viewBox='0 0 16 16' fill='none' xmlns='http:\/\/www.w3.org\/2000\/svg'%3E%3Cpath d='M6.29312 16.9999L17 6.29302M14.2931 16.9999L17 14.293M-0.707031 15.9999L16.0002 -0.707153M8.00017 -0.707153L-0.706882 7.9999' stroke='black'\/%3E%3C\/svg%3E&quot;)\"><\/div><\/div>\n\n\n\n<p><strong>Arkadiusz Berdowski &#8211; Cz\u0142onek<\/strong><\/p>\n\n\n\n<p><\/p>\n\n\n\n<div class=\"wp-block-uagb-separator uagb-block-87ae1167\"><div class=\"wp-block-uagb-separator__inner\" style=\"--my-background-image:url(&quot;data:image\/svg+xml,%3Csvg width='16' height='16' viewBox='0 0 16 16' fill='none' xmlns='http:\/\/www.w3.org\/2000\/svg'%3E%3Cpath d='M6.29312 16.9999L17 6.29302M14.2931 16.9999L17 14.293M-0.707031 15.9999L16.0002 -0.707153M8.00017 -0.707153L-0.706882 7.9999' stroke='black'\/%3E%3C\/svg%3E&quot;)\"><\/div><\/div>\n\n\n\n<p><strong>Robert Michna &#8211; Cz\u0142onek<\/strong><\/p>\n\n\n\n<p>Cz\u0142onek NSZZ &#8222;Solidarno\u015b\u0107&#8221; od 2002r. Przewodnicz\u0105cy Komisji Zak\u0142adowej\/Mi\u0119dzyzak\u0142adowej NSZZ &#8222;Solidarno\u015b\u0107&#8221; przy Wojew\u00f3dzkiej Stacji Sanitarno-Epidemiologicznej w Gorzowie Wlkp. od 2005r. Uko\u0144czone studia magisterskie na kierunku &#8222;In\u017cynieria chemiczna i procesowa&#8221; na Politechnice Szczeci\u0144skiej. Bezpartyjny.<\/p>\n\n\n\n<div class=\"wp-block-uagb-separator uagb-block-0756b913\"><div class=\"wp-block-uagb-separator__inner\" style=\"--my-background-image:url(&quot;data:image\/svg+xml,%3Csvg width='16' height='16' viewBox='0 0 16 16' fill='none' xmlns='http:\/\/www.w3.org\/2000\/svg'%3E%3Cpath d='M6.29312 16.9999L17 6.29302M14.2931 16.9999L17 14.293M-0.707031 15.9999L16.0002 -0.707153M8.00017 -0.707153L-0.706882 7.9999' stroke='black'\/%3E%3C\/svg%3E&quot;)\"><\/div><\/div>\n\n\n\n<h1 class=\"wp-block-heading has-ast-global-color-0-color has-text-color has-large-font-size\" id=\"article_title\">Pozostali cz\u0142onkowie Zarz\u0105du Regionu Gorzowskiego<\/h1>\n\n\n\n<ol>\n<li>Balcerzak Robert \u2013 przew. Sekcji Prac. Stacji Sanitarno-Epidemiologicznych. Organizacja Zak\u0142adowa NSZZ &#8222;Solidarno\u015b\u0107&#8221; przy Powiatowej Stacji Sanitarno-Epidemiologicznej w Gorzowie Wlkp.<\/li>\n\n\n\n<li>Bonczek Magdalena \u2013 Organizacja Zak\u0142adowa NSZZ &#8222;Solidarno\u015b\u0107&#8221; przy Lubuskim Urz\u0119dzie Wojew\u00f3dzkim w Gorzowie Wlkp.<\/li>\n\n\n\n<li>Drozdowicz Tomasz \u2013 Organizacja Podzak\u0142adowa NSZZ &#8222;Solidarno\u015b\u0107&#8221; przy PKP Cargotabor w Gorzowie Wlkp.<\/li>\n\n\n\n<li>Gonerski Krzysztof \u2013 Organizacja Podzak\u0142adowa NSZZ &#8222;Solidarno\u015b\u0107&#8221; przy Enea w Gorzowie Wlkp.<\/li>\n\n\n\n<li>Halaba-Bruzdewicz Katarzyna \u2013 Organizacja Zak\u0142adowa NSZZ &#8222;Solidarno\u015b\u0107&#8221; przy Urz\u0119dzie Miasta Gorz\u00f3w Wlkp.<\/li>\n\n\n\n<li>Ha\u0144bicki Krzysztof \u2013 (ko\u0142o terenowe b. Pracownik\u00f3w PPGR \u2013 Rzepin)<\/li>\n\n\n\n<li>Kot J\u00f3zef \u2013 (\u00a7 50 pkt 2 lit. b Statutu NSZZ \u201eSolidarno\u015b\u0107\u201d &#8211; Witnica)<\/li>\n\n\n\n<li>Lepiesza Katarzyna \u2013 Organizacja Mi\u0119dzyzak\u0142adowa NSZZ &#8222;Solidarno\u015b\u0107&#8221; przy Wielospecjalistycznym Szpitalu wojew\u00f3dzkim w Gorzowie Wlkp.<\/li>\n\n\n\n<li>Lewy Artur \u2013 Organizacja Mi\u0119dzyzak\u0142adowa NSZZ &#8222;Solidarno\u015b\u0107&#8221; przy Wielospecjalistycznym Szpitalu wojew\u00f3dzkim w Gorzowie Wlkp.<\/li>\n\n\n\n<li>Miszczyk Andrzej &#8211; Organizacja Podzak\u0142adowa NSZZ &#8222;Solidarno\u015b\u0107&#8221; przy Enea w Gorzowie Wlkp.<\/li>\n\n\n\n<li>Morawiec Jerzy \u2013 (Sekcja Emeryt\u00f3w i Rencist\u00f3w \u2013 Gorz\u00f3w)<\/li>\n\n\n\n<li>Onichimowski Sylwester \u2013 Organizacja Mi\u0119dzyzak\u0142adowa NSZZ &#8222;Solidarno\u015b\u0107\u201d przy Urz\u0119dzie Miejskim w Drezdenku<\/li>\n\n\n\n<li>Ossowski Krzysztof \u2013 Organizacja Zak\u0142adowa NSZZ &#8222;Solidarno\u015b\u0107&#8221; przy Komendzie Powiatowej PSP w Strzelcach Kraj.<\/li>\n\n\n\n<li>Rojek Krzysztof \u2013 Organizacja Zak\u0142adowa NSZZ &#8222;Solidarno\u015b\u0107&#8221; przy ICT Kostrzyn nad Odr\u0105<\/li>\n\n\n\n<li>Sauermann Jaros\u0142aw \u2013 Organizacja Zak\u0142adowa NSZZ &#8222;Solidarno\u015b\u0107&#8221; przy Victaulic Polska w Drezdenku<\/li>\n\n\n\n<li>Strza\u0142kowski Piotr \u2013 Organizacja Podzak\u0142adowa NSZZ &#8222;Solidarno\u015b\u0107&#8221; przy Polskiej Sp\u00f3\u0142ce Gazownictwa w Gorzowie Wielkopolskim<\/li>\n\n\n\n<li>Szadura Beata \u2013 Organizacja Zak\u0142adowa NSZZ &#8222;Solidarno\u015b\u0107&#8221; przy Szpitalu dla Psychicznie i Nerwowo Chorych w Mi\u0119dzyrzeczu<\/li>\n\n\n\n<li>Szyrwi\u0144ski Bernard \u2013 Organizacja Zak\u0142adowa NSZZ &#8222;Solidarno\u015b\u0107&#8221; przy PILOUS Packaging Polska Sp. z o.o. w Dobiegniewie<\/li>\n\n\n\n<li>Wawryniuk Piotr \u2013 Organizacja Mi\u0119dzyzak\u0142adowa NSZZ &#8222;Solidarno\u015b\u0107&#8221; przy ZWCh Stilon w Gorzowie Wlkp.<\/li>\n<\/ol>\n","protected":false},"excerpt":{"rendered":"<p>Prezydium Zarz\u0105du Regionu Gorzowskiego Waldemar Rusakiewicz &#8211; Przewodnicz\u0105cy W latach 80-tych dzia\u0142acz opozycji antykomunistycznej (M\u0142odzie\u017cowy Ruch Oporu, Ruch M\u0142odzie\u017cy Niezale\u017cnej). W latach 1991-2006 przewodnicz\u0105cy MKZ NSZZ &#8222;Solidarno\u015b\u0107&#8221; w Zak\u0142adach W\u0142\u00f3kien Chemicznych &#8222;Stilon&#8221; S.A. w Gorzowie Wielkopolskim. 1998-2002 kierowa\u0142 gorzowsk\u0105 &#8222;Fundacj\u0105 dla Solidarno\u015bci&#8221;. Za\u0142o\u017cyciel i cz\u0142onek Rady Nadzorczej SKOK w ZWCh \u201eStilon\u201d (2007-obecnie).Wieloletni cz\u0142onek Zarz\u0105du Regionu. &hellip;<\/p>\n<p class=\"read-more\"> <a class=\"\" href=\"https:\/\/www.solidarnosc.org.pl\/gorzow\/wladze-zwiazku\/\"> <span class=\"screen-reader-text\">W\u0142adze Zwi\u0105zku<\/span> Czytaj wi\u0119cej &raquo;<\/a><\/p>\n","protected":false},"author":1,"featured_media":0,"parent":0,"menu_order":0,"comment_status":"closed","ping_status":"closed","template":"","meta":{"_eb_attr":"","_uag_custom_page_level_css":"","site-sidebar-layout":"default","site-content-layout":"","ast-site-content-layout":"","site-content-style":"default","site-sidebar-style":"default","ast-global-header-display":"","ast-banner-title-visibility":"disabled","ast-main-header-display":"","ast-hfb-above-header-display":"","ast-hfb-below-header-display":"","ast-hfb-mobile-header-display":"","site-post-title":"","ast-breadcrumbs-content":"","ast-featured-img":"","footer-sml-layout":"","theme-transparent-header-meta":"","adv-header-id-meta":"","stick-header-meta":"","header-above-stick-meta":"","header-main-stick-meta":"","header-below-stick-meta":"","astra-migrate-meta-layouts":"","footnotes":""},"uagb_featured_image_src":{"full":false,"thumbnail":false,"medium":false,"medium_large":false,"large":false,"1536x1536":false,"2048x2048":false},"uagb_author_info":{"display_name":"Region Gorzowski","author_link":"https:\/\/www.solidarnosc.org.pl\/gorzow\/author\/region\/"},"uagb_comment_info":0,"uagb_excerpt":"Prezydium Zarz\u0105du Regionu Gorzowskiego Waldemar Rusakiewicz &#8211; Przewodnicz\u0105cy W latach 80-tych dzia\u0142acz opozycji antykomunistycznej (M\u0142odzie\u017cowy Ruch Oporu, Ruch M\u0142odzie\u017cy Niezale\u017cnej). W latach 1991-2006 przewodnicz\u0105cy MKZ NSZZ &#8222;Solidarno\u015b\u0107&#8221; w Zak\u0142adach W\u0142\u00f3kien Chemicznych &#8222;Stilon&#8221; S.A. w Gorzowie Wielkopolskim. 1998-2002 kierowa\u0142 gorzowsk\u0105 &#8222;Fundacj\u0105 dla Solidarno\u015bci&#8221;. Za\u0142o\u017cyciel i cz\u0142onek Rady Nadzorczej SKOK w ZWCh \u201eStilon\u201d (2007-obecnie).Wieloletni cz\u0142onek Zarz\u0105du Regionu.&hellip;","_links":{"self":[{"href":"https:\/\/www.solidarnosc.org.pl\/gorzow\/wp-json\/wp\/v2\/pages\/38"}],"collection":[{"href":"https:\/\/www.solidarnosc.org.pl\/gorzow\/wp-json\/wp\/v2\/pages"}],"about":[{"href":"https:\/\/www.solidarnosc.org.pl\/gorzow\/wp-json\/wp\/v2\/types\/page"}],"author":[{"embeddable":true,"href":"https:\/\/www.solidarnosc.org.pl\/gorzow\/wp-json\/wp\/v2\/users\/1"}],"replies":[{"embeddable":true,"href":"https:\/\/www.solidarnosc.org.pl\/gorzow\/wp-json\/wp\/v2\/comments?post=38"}],"version-history":[{"count":11,"href":"https:\/\/www.solidarnosc.org.pl\/gorzow\/wp-json\/wp\/v2\/pages\/38\/revisions"}],"predecessor-version":[{"id":1636,"href":"https:\/\/www.solidarnosc.org.pl\/gorzow\/wp-json\/wp\/v2\/pages\/38\/revisions\/1636"}],"wp:attachment":[{"href":"https:\/\/www.solidarnosc.org.pl\/gorzow\/wp-json\/wp\/v2\/media?parent=38"}],"curies":[{"name":"wp","href":"https:\/\/api.w.org\/{rel}","templated":true}]}}