{"id":244,"date":"2023-10-30T15:54:14","date_gmt":"2023-10-30T14:54:14","guid":{"rendered":"https:\/\/www.solidarnosc.org.pl\/gorzow\/?page_id=244"},"modified":"2025-04-02T11:19:38","modified_gmt":"2025-04-02T09:19:38","slug":"powiat-gorzow-wielkopolski-miasto","status":"publish","type":"page","link":"https:\/\/www.solidarnosc.org.pl\/gorzow\/powiat-gorzow-wielkopolski-miasto\/","title":{"rendered":"Powiat Gorz\u00f3w Wielkopolski Miasto"},"content":{"rendered":"\n<p><strong>Organizacje zwi\u0105zkowe NSZZ Solidarno\u015b\u0107 na obszarze powiatu Gorz\u00f3w Wielkopolski Miasto<\/strong><\/p>\n\n\n\n<figure class=\"wp-block-table\"><table><tbody><tr><td>Lp.<\/td><td>Nazwa organizacji zwi\u0105zkowej<\/td><td>Przewodnicz\u0105cy<\/td><td>Kontakt<\/td><\/tr><tr><td>1.<\/td><td>Organizacja Mi\u0119dzyzak\u0142adowa NSZZ &#8222;Solidarno\u015b\u0107\u201d przy ZWCh Stilon S.A. w Gorzowie Wlkp.<\/td><td>Piotr Wawryniuk<\/td><td>663&nbsp;460&nbsp;345<br>mkz-solidarnosc@o2.pl<\/td><\/tr><tr><td>2.<\/td><td>Organizacja Mi\u0119dzyzak\u0142adowa NSZZ \u201eSolidarno\u015b\u0107\u201d przy PGE Energia Ciep\u0142a&nbsp; S.A. Oddzia\u0142 Elektrociep\u0142ownia w Gorzowie Wlkp.<\/td><td>Krzysztof Nadrowski<\/td><td>668&nbsp;191&nbsp;740<br>krzysztof.nadrowski@gkpge.pl<\/td><\/tr><tr><td>3.<\/td><td>Organizacja Zak\u0142adowa NSZZ \u201eSolidarno\u015b\u0107\u201d przy Sp\u00f3\u0142dzielni Inwalid\u00f3w \u201eWarta\u201d w Gorzowie Wlkp.<\/td><td>Marcin Madali\u0144ski<\/td><td>603&nbsp;849&nbsp;759<br>Okgw1976@gmail.com<\/td><\/tr><tr><td>4.<\/td><td>Organizacja Podzak\u0142adowa NSZZ \u201eSolidarno\u015b\u0107\u201d przy PGE &nbsp;Energia Ciep\u0142a S.A. Oddzia\u0142 Elektrociep\u0142ownia Gorz\u00f3w<\/td><td>Krzysztof Nadrowski<\/td><td>668&nbsp;191&nbsp;740<br>krzysztof.nadrowski@gkpge.pl<\/td><\/tr><tr><td>5.<\/td><td>Organizacja Mi\u0119dzyzak\u0142adowa NSZZ \u201eSolidarno\u015b\u0107\u201d przy Wojew\u00f3dzkiej Stacji Sanitarno-Epidemiologicznej w Gorzowie Wlkp.<\/td><td>Robert Michna<\/td><td>&nbsp;792 276&nbsp;586<br>microbe@o2.pl<\/td><\/tr><tr><td>6.<\/td><td>Organizacja Podzak\u0142adowa NSZZ \u201eSolidarno\u015b\u0107\u201d przy \u201eEnea\u201d Operator Oddzia\u0142 w Gorzowie Wlkp.<\/td><td>Krzysztof Gonerski<\/td><td>601 577&nbsp;384<br>krzysztof.gonerski@operator.enea.pl<\/td><\/tr><tr><td>7.<\/td><td>Organizacja Zak\u0142adowa NSZZ \u201eSolidarno\u015b\u0107\u201d przy Przedsi\u0119biorstwie Wodoci\u0105g\u00f3w i Kanalizacji sp. z o. o. w Gorzowie Wlkp.<\/td><td>Katarzyna Pilawka<\/td><td>661&nbsp;077&nbsp;098<br>pilawka_kas@interia.eu<\/td><\/tr><tr><td>8.<\/td><td>Organizacja Zak\u0142adowa NSZZ \u201eSolidarno\u015b\u0107\u201d przy PKS sp. z o.o. w Gorzowie Wlkp.<\/td><td>Gra\u017cyna Parzuchowska<\/td><td>608 497 582<br>&nbsp;ksiegowosc@pks-gorzow.pl<\/td><\/tr><tr><td>9.<\/td><td>Organizacja Zak\u0142adowa NSZZ \u201eSolidarno\u015b\u0107\u201d przy Miejskim Zak\u0142adzie Komunikacji w Gorzowie Wlkp.<\/td><td>Mariusz Ko\u015bciuszko<\/td><td>600&nbsp;524&nbsp;034<br>kosciuszko@onet.eu<\/td><\/tr><tr><td>10.<\/td><td>Organizacja Zak\u0142adowa NSZZ \u201eSolidarno\u015b\u0107\u201d przy Teatrze im. J. Osterwy w Gorzowie Wlkp.<\/td><td>Krystyna Zienkiewicz<\/td><td>607 103&nbsp;203<br>krystyna.zienkiewicz@vp.pl<\/td><\/tr><tr><td>11.<\/td><td>Organizacja Zak\u0142adowa NSZZ \u201eSolidarno\u015b\u0107\u201d przy Zak\u0142adzie Gospodarki Mieszkaniowej w Gorzowie Wlkp.<\/td><td>Micha\u0142 Mielnik<\/td><td>509&nbsp;497&nbsp;509<br>mmielnik@zgm.gorzow.pl<\/td><\/tr><tr><td>12.<\/td><td>Organizacja Mi\u0119dzyzak\u0142adowa&nbsp; NSZZ \u201eSolidarno\u015b\u0107\u201d przy Szpitalu Wojew\u00f3dzkim w Gorzowie Wlkp.<\/td><td>Andrzej Andrzejczak<\/td><td>608 500&nbsp;322<br>a_andrzejczak@wp.pl<\/td><\/tr><tr><td>13.<\/td><td>Organizacja Zak\u0142adowa NSZZ \u201eSolidarno\u015b\u0107\u201d przy Pa\u0144stwowym Domu Pomocy Spo\u0142ecznej w Gorzowie Wlkp.<\/td><td>Jolanta Ka\u0142os<\/td><td>693&nbsp;351&nbsp;971<br>j.kalos@dps.gorzow.pl<\/td><\/tr><tr><td>14.<\/td><td>Organizacja Zak\u0142adowa NSZZ \u201eSolidarno\u015b\u0107\u201d przy Miejskiej Bibliotece Publicznej w Gorzowie Wlkp.<\/td><td>Karolina Zbierska<\/td><td>95 7 27 70 72<br>wimbp.nszz@gmail.com<\/td><\/tr><tr><td>15.<\/td><td>Mi\u0119dzyszkolna Komisja O\u015bwiaty i Wychowania NSZZ \u201eSolidarno\u015b\u0107\u201d w Gorzowie Wlkp.<\/td><td>Gabriela Gronowska<\/td><td>500&nbsp;222&nbsp;294<br>gabrielagronowska@onet.eu<\/td><\/tr><tr><td>16.<\/td><td>Organizacja Zak\u0142adowa NSZZ \u201eSolidarno\u015b\u0107\u201d przy Sp\u00f3\u0142dzielni Mieszkaniowej \u201eDolinki\u201d w Gorzowie Wlkp.<\/td><td>Iwona Lotko<\/td><td>509&nbsp;377&nbsp;083<br>iwonalotko@poczta.onet.pl<\/td><\/tr><tr><td>17.<\/td><td>Organizacja Zak\u0142adowa NSZZ \u201eSolidarno\u015b\u0107\u201d przy Sp\u00f3\u0142dzielni Mieszkaniowej \u201eStaszica\u201d w Gorzowie Wlkp.<\/td><td>Renata Bi\u017cek<\/td><td>600\u00a0538\u00a0924<br>r.bizek@smstaszica.pl<\/td><\/tr><tr><td>18.<\/td><td>Organizacja Podzak\u0142adowa NSZZ \u201eSolidarno\u015b\u0107\u201d Pracownik\u00f3w Poczty Polskiej w Gorzowie Wlkp.<\/td><td>S\u0142awomir Steltmann<\/td><td>506 538 924 s.steltmann@gmail.com<\/td><\/tr><tr><td>19.<\/td><td>Organizacja Zak\u0142adowa NSZZ \u201eSolidarno\u015b\u0107\u201d przy PKP Cargotabor w<br>Gorzowie Wlkp.<\/td><td>Tomasz Drozdowicz<\/td><td>507\u00a0046\u00a0324<br>nszz.gorzowznt@o2.pl<\/td><\/tr><tr><td>20.<\/td><td>Organizacja Zak\u0142adowa NSZZ \u201eSolidarno\u015b\u0107\u201d przy SE Bordnetze Polska sp. z o.o. w Gorzowie Wlkp.<\/td><td>Marek Tymanowski<\/td><td>606 474\u00a0273<br>solidarnosc@sebn.pl<\/td><\/tr><tr><td>21.<\/td><td>Organizacja Zak\u0142adowa NSZZ &#8222;Solidarno\u015b\u0107&#8221; przy ENKA Sp. z o.o. w Gorzowie Wlkp.<\/td><td>Krzysztof Nowacki<\/td><td>793\u00a0934\u00a0192<br>enka.solidarnosc2023@wp.pl<\/td><\/tr><tr><td>22.<\/td><td>Organizacja Zak\u0142adowa NSZZ &#8222;Solidarno\u015b\u0107&#8221; przy Zak\u0142adach Mechanicznych MESTIL Sp. z o.o. w Gorzowie Wlkp.<\/td><td>Marek Oblizajek<\/td><td>607\u00a0836\u00a0709<br>marekoblizajek@mestil.pl<\/td><\/tr><tr><td>23.<\/td><td>Organizacja Podzak\u0142adowa NSZZ \u201dSolidarno\u015b\u0107\u201d<br>przy Lubuskim Urz\u0119dzie Celno-Skarbowym w Gorzowie Wlkp.<\/td><td>Tomasz Gajos<\/td><td>603\u00a0664\u00a0828<br>tomasz.gajos@skarbowcy.pl<\/td><\/tr><tr><td>24.<\/td><td>Organizacja Zak\u0142adowa NSZZ \u201eSolidarno\u015b\u0107\u201d przy PRR EL-GOR Sp. z o.o. w Gorzowie Wlkp.<\/td><td>Miros\u0142aw Kowalczewski<\/td><td><\/td><\/tr><tr><td>25.<\/td><td>Organizacja Mi\u0119dzyzak\u0142adowa NSZZ \u201dSolidarno\u015b\u0107\u201d<br>przy Zarz\u0105dzie Regionu<\/td><td>Pawe\u0142 Kamrad<\/td><td><\/td><\/tr><tr><td>26.<\/td><td>Organizacja Oddzia\u0142owa NSZZ \u201dSolidarno\u015b\u0107\u201d<br>przy Zak\u0142adzie Ubezpiecze\u0144 Spo\u0142ecznych Oddzia\u0142 w Gorzowie Wlkp.<\/td><td>Piotr Pawlak<\/td><td>519\u00a0119\u00a0950<br>piotr.pawlak@zus.pl<\/td><\/tr><tr><td>27.<\/td><td>Organizacja Zak\u0142adowa NSZZ &#8222;Solidarno\u015b\u0107&#8221; przy Komendzie Miejskiej Pa\u0144stwowej Stra\u017cy Po\u017carnej w Gorzowie Wlkp.<\/td><td>Marcin Szachnowski<\/td><td>697 027\u00a0177<br>marcin.szachnowski@wp.pl<\/td><\/tr><tr><td>28.<\/td><td>Organizacja Zak\u0142adowa NSZZ &#8222;Solidarno\u015b\u0107&#8221; przy Lubuskim Urz\u0119dzie Wojew\u00f3dzkim<\/td><td>Magdalena Bonczek<\/td><td>661\u00a0064\u00a0328<br>nszz.solidarnosc.luw@gmail.com<\/td><\/tr><tr><td>29.<\/td><td>Organizacja Zak\u0142adowa NSZZ \u201eSolidarno\u015b\u0107\u201d przy PUP w Gorzowie Wlkp.<\/td><td>Bogus\u0142awa Wr\u00f3bel<\/td><td>697\u00a0900\u00a0505<br>b.wrobel@pup.gorzow.pl<\/td><\/tr><tr><td>30.<\/td><td>Organizacja Zak\u0142adowa NSZZ \u201eSolidarno\u015b\u0107\u201d przy Powiatowej Stacji sanitarno &#8211; Epidemiologicznej<\/td><td>Robert Balcerzak<\/td><td>691\u00a0652\u00a0527<br>rbalcerzak1@wp.pl<\/td><\/tr><tr><td>31.<\/td><td>Organizacja Podzak\u0142adowa NSZZ \u201eSolidarno\u015b\u0107\u201d przy Polskiej Sp\u00f3\u0142ce Gazownictwa<\/td><td>Piotr Strza\u0142kowski<\/td><td>690\u00a0014\u00a0770<br>Piotr.strzalkowski@psgaz.pl<\/td><\/tr><tr><td>32.<\/td><td>Organizacja Zak\u0142adowa NSZZ \u201eSolidarno\u015b\u0107\u201d przy Urz\u0119dzie Miasta Gorzowa Wlkp.<\/td><td>Katarzyna Halaba-Bruzdewicz<\/td><td>503\u00a0143\u00a0441<br>solidarni.um@gmail.com<\/td><\/tr><tr><td><\/td><td><\/td><td><\/td><td><\/td><\/tr><tr><td><\/td><td><\/td><td><\/td><td><\/td><\/tr><\/tbody><\/table><\/figure>\n","protected":false},"excerpt":{"rendered":"<p>Organizacje zwi\u0105zkowe NSZZ Solidarno\u015b\u0107 na obszarze powiatu Gorz\u00f3w Wielkopolski Miasto Lp. Nazwa organizacji zwi\u0105zkowej Przewodnicz\u0105cy Kontakt 1. Organizacja Mi\u0119dzyzak\u0142adowa NSZZ &#8222;Solidarno\u015b\u0107\u201d przy ZWCh Stilon S.A. w Gorzowie Wlkp. Piotr Wawryniuk 663&nbsp;460&nbsp;345mkz-solidarnosc@o2.pl 2. Organizacja Mi\u0119dzyzak\u0142adowa NSZZ \u201eSolidarno\u015b\u0107\u201d przy PGE Energia Ciep\u0142a&nbsp; S.A. Oddzia\u0142 Elektrociep\u0142ownia w Gorzowie Wlkp. Krzysztof Nadrowski 668&nbsp;191&nbsp;740krzysztof.nadrowski@gkpge.pl 3. Organizacja Zak\u0142adowa NSZZ \u201eSolidarno\u015b\u0107\u201d przy &hellip;<\/p>\n<p class=\"read-more\"> <a class=\"\" href=\"https:\/\/www.solidarnosc.org.pl\/gorzow\/powiat-gorzow-wielkopolski-miasto\/\"> <span class=\"screen-reader-text\">Powiat Gorz\u00f3w Wielkopolski Miasto<\/span> Czytaj wi\u0119cej &raquo;<\/a><\/p>\n","protected":false},"author":1,"featured_media":215,"parent":0,"menu_order":0,"comment_status":"closed","ping_status":"closed","template":"","meta":{"_eb_attr":"","_uag_custom_page_level_css":"","site-sidebar-layout":"default","site-content-layout":"","ast-site-content-layout":"","site-content-style":"default","site-sidebar-style":"default","ast-global-header-display":"","ast-banner-title-visibility":"","ast-main-header-display":"","ast-hfb-above-header-display":"","ast-hfb-below-header-display":"","ast-hfb-mobile-header-display":"","site-post-title":"","ast-breadcrumbs-content":"","ast-featured-img":"","footer-sml-layout":"","theme-transparent-header-meta":"","adv-header-id-meta":"","stick-header-meta":"","header-above-stick-meta":"","header-main-stick-meta":"","header-below-stick-meta":"","astra-migrate-meta-layouts":"","footnotes":""},"uagb_featured_image_src":{"full":["https:\/\/www.solidarnosc.org.pl\/gorzow\/wp-content\/uploads\/2023\/10\/organizacje_z.jpg",300,193,false],"thumbnail":["https:\/\/www.solidarnosc.org.pl\/gorzow\/wp-content\/uploads\/2023\/10\/organizacje_z.jpg",150,97,false],"medium":["https:\/\/www.solidarnosc.org.pl\/gorzow\/wp-content\/uploads\/2023\/10\/organizacje_z.jpg",300,193,false],"medium_large":["https:\/\/www.solidarnosc.org.pl\/gorzow\/wp-content\/uploads\/2023\/10\/organizacje_z.jpg",300,193,false],"large":["https:\/\/www.solidarnosc.org.pl\/gorzow\/wp-content\/uploads\/2023\/10\/organizacje_z.jpg",300,193,false],"1536x1536":["https:\/\/www.solidarnosc.org.pl\/gorzow\/wp-content\/uploads\/2023\/10\/organizacje_z.jpg",300,193,false],"2048x2048":["https:\/\/www.solidarnosc.org.pl\/gorzow\/wp-content\/uploads\/2023\/10\/organizacje_z.jpg",300,193,false]},"uagb_author_info":{"display_name":"Region Gorzowski","author_link":"https:\/\/www.solidarnosc.org.pl\/gorzow\/author\/region\/"},"uagb_comment_info":0,"uagb_excerpt":"Organizacje zwi\u0105zkowe NSZZ Solidarno\u015b\u0107 na obszarze powiatu Gorz\u00f3w Wielkopolski Miasto Lp. Nazwa organizacji zwi\u0105zkowej Przewodnicz\u0105cy Kontakt 1. Organizacja Mi\u0119dzyzak\u0142adowa NSZZ &#8222;Solidarno\u015b\u0107\u201d przy ZWCh Stilon S.A. w Gorzowie Wlkp. Piotr Wawryniuk 663&nbsp;460&nbsp;345mkz-solidarnosc@o2.pl 2. Organizacja Mi\u0119dzyzak\u0142adowa NSZZ \u201eSolidarno\u015b\u0107\u201d przy PGE Energia Ciep\u0142a&nbsp; S.A. Oddzia\u0142 Elektrociep\u0142ownia w Gorzowie Wlkp. Krzysztof Nadrowski 668&nbsp;191&nbsp;740krzysztof.nadrowski@gkpge.pl 3. Organizacja Zak\u0142adowa NSZZ \u201eSolidarno\u015b\u0107\u201d przy&hellip;","_links":{"self":[{"href":"https:\/\/www.solidarnosc.org.pl\/gorzow\/wp-json\/wp\/v2\/pages\/244"}],"collection":[{"href":"https:\/\/www.solidarnosc.org.pl\/gorzow\/wp-json\/wp\/v2\/pages"}],"about":[{"href":"https:\/\/www.solidarnosc.org.pl\/gorzow\/wp-json\/wp\/v2\/types\/page"}],"author":[{"embeddable":true,"href":"https:\/\/www.solidarnosc.org.pl\/gorzow\/wp-json\/wp\/v2\/users\/1"}],"replies":[{"embeddable":true,"href":"https:\/\/www.solidarnosc.org.pl\/gorzow\/wp-json\/wp\/v2\/comments?post=244"}],"version-history":[{"count":6,"href":"https:\/\/www.solidarnosc.org.pl\/gorzow\/wp-json\/wp\/v2\/pages\/244\/revisions"}],"predecessor-version":[{"id":1293,"href":"https:\/\/www.solidarnosc.org.pl\/gorzow\/wp-json\/wp\/v2\/pages\/244\/revisions\/1293"}],"wp:featuredmedia":[{"embeddable":true,"href":"https:\/\/www.solidarnosc.org.pl\/gorzow\/wp-json\/wp\/v2\/media\/215"}],"wp:attachment":[{"href":"https:\/\/www.solidarnosc.org.pl\/gorzow\/wp-json\/wp\/v2\/media?parent=244"}],"curies":[{"name":"wp","href":"https:\/\/api.w.org\/{rel}","templated":true}]}}