{"id":237,"date":"2023-10-29T11:16:07","date_gmt":"2023-10-29T10:16:07","guid":{"rendered":"https:\/\/www.solidarnosc.org.pl\/gorzow\/?page_id=237"},"modified":"2025-04-02T11:22:15","modified_gmt":"2025-04-02T09:22:15","slug":"powiat-sulecinski","status":"publish","type":"page","link":"https:\/\/www.solidarnosc.org.pl\/gorzow\/powiat-sulecinski\/","title":{"rendered":"Powiat sul\u0119ci\u0144ski"},"content":{"rendered":"\n<p><strong>Organizacje zwi\u0105zkowe NSZZ Solidarno\u015b\u0107 na obszarze powiatu sul\u0119ci\u0144skiego<\/strong><\/p>\n\n\n\n<figure class=\"wp-block-table\"><table><tbody><tr><td>Lp.<\/td><td>Nazwa organizacji zwi\u0105zkowej<\/td><td>Przewodnicz\u0105cy<\/td><td>Kontakt<\/td><\/tr><tr><td>1.<\/td><td>Organizacja Zak\u0142adowa NSZZ \u201eSolidarno\u015b\u0107\u201d przy Zak\u0142adzie Opieki Zdrowotnej w Sul\u0119cinie<\/td><td>Joanna Sochacka<\/td><td>797&nbsp;411&nbsp;101<br>asiagabi38@wp.pl<\/td><\/tr><tr><td>2.<\/td><td>Organizacja Zak\u0142adowa NSZZ \u201eSolidarno\u015b\u0107\u201d przy Grupie PKO S.A Oddzia\u0142 w Sul\u0119cinie<\/td><td>Danuta Muzyka<\/td><td><\/td><\/tr><tr><td>3.<\/td><td>Organizacja Mi\u0119dzyzak\u0142adowa NSZZ \u201eSolidarno\u015b\u0107\u201d przy Szkole Podstawowej w Sul\u0119cinie<\/td><td>Krystyna P\u0142awuszewska<\/td><td> 531 124 811<br>pkrystyna@tlen.pl<\/td><\/tr><tr><td>4.<\/td><td>Organizacja Zak\u0142adowa przy Celowym Zwi\u0105zku Gmin \u201eCZG \u2013 12\u201d w D\u0142ugoszynie<\/td><td>Roman Dominik<\/td><td>691&nbsp;668 255<br>Solidarnosc.czg12@ interia .pl<\/td><\/tr><tr><td>5.<\/td><td>Organizacja Zak\u0142adowa NSZZ &#8222;Solidarno\u015b\u0107&#8221; przy Zespole Szk\u00f3\u0142 w S\u0142o\u0144sku<\/td><td>Miros\u0142awa Lipie\u0144<\/td><td>604\u00a0833\u00a0180<br>mikalipien@op.pl<\/td><\/tr><tr><td>6.<\/td><td>Organizacja Zak\u0142adowa NSZZ &#8222;Solidarno\u015b\u0107&#8221; przy Komendzie Powiatowej Pa\u0144stwowej Stra\u017cy Po\u017carnej w Sul\u0119cinie<\/td><td>Daniel Naranowicz<\/td><td>693\u00a0052\u00a0317<br>daniel.naranowicz@straz.sulecin.pl<\/td><\/tr><tr><td><\/td><td><\/td><td>Daniel Naranowicz<\/td><td><\/td><\/tr><\/tbody><\/table><\/figure>\n","protected":false},"excerpt":{"rendered":"<p>Organizacje zwi\u0105zkowe NSZZ Solidarno\u015b\u0107 na obszarze powiatu sul\u0119ci\u0144skiego Lp. Nazwa organizacji zwi\u0105zkowej Przewodnicz\u0105cy Kontakt 1. Organizacja Zak\u0142adowa NSZZ \u201eSolidarno\u015b\u0107\u201d przy Zak\u0142adzie Opieki Zdrowotnej w Sul\u0119cinie Joanna Sochacka 797&nbsp;411&nbsp;101asiagabi38@wp.pl 2. Organizacja Zak\u0142adowa NSZZ \u201eSolidarno\u015b\u0107\u201d przy Grupie PKO S.A Oddzia\u0142 w Sul\u0119cinie Danuta Muzyka 3. Organizacja Mi\u0119dzyzak\u0142adowa NSZZ \u201eSolidarno\u015b\u0107\u201d przy Szkole Podstawowej w Sul\u0119cinie Krystyna P\u0142awuszewska 531 &hellip;<\/p>\n<p class=\"read-more\"> <a class=\"\" href=\"https:\/\/www.solidarnosc.org.pl\/gorzow\/powiat-sulecinski\/\"> <span class=\"screen-reader-text\">Powiat sul\u0119ci\u0144ski<\/span> Czytaj wi\u0119cej &raquo;<\/a><\/p>\n","protected":false},"author":1,"featured_media":215,"parent":0,"menu_order":0,"comment_status":"closed","ping_status":"closed","template":"","meta":{"_eb_attr":"","_uag_custom_page_level_css":"","site-sidebar-layout":"default","site-content-layout":"","ast-site-content-layout":"","site-content-style":"default","site-sidebar-style":"default","ast-global-header-display":"","ast-banner-title-visibility":"","ast-main-header-display":"","ast-hfb-above-header-display":"","ast-hfb-below-header-display":"","ast-hfb-mobile-header-display":"","site-post-title":"","ast-breadcrumbs-content":"","ast-featured-img":"","footer-sml-layout":"","theme-transparent-header-meta":"","adv-header-id-meta":"","stick-header-meta":"","header-above-stick-meta":"","header-main-stick-meta":"","header-below-stick-meta":"","astra-migrate-meta-layouts":"","footnotes":""},"uagb_featured_image_src":{"full":["https:\/\/www.solidarnosc.org.pl\/gorzow\/wp-content\/uploads\/2023\/10\/organizacje_z.jpg",300,193,false],"thumbnail":["https:\/\/www.solidarnosc.org.pl\/gorzow\/wp-content\/uploads\/2023\/10\/organizacje_z.jpg",150,97,false],"medium":["https:\/\/www.solidarnosc.org.pl\/gorzow\/wp-content\/uploads\/2023\/10\/organizacje_z.jpg",300,193,false],"medium_large":["https:\/\/www.solidarnosc.org.pl\/gorzow\/wp-content\/uploads\/2023\/10\/organizacje_z.jpg",300,193,false],"large":["https:\/\/www.solidarnosc.org.pl\/gorzow\/wp-content\/uploads\/2023\/10\/organizacje_z.jpg",300,193,false],"1536x1536":["https:\/\/www.solidarnosc.org.pl\/gorzow\/wp-content\/uploads\/2023\/10\/organizacje_z.jpg",300,193,false],"2048x2048":["https:\/\/www.solidarnosc.org.pl\/gorzow\/wp-content\/uploads\/2023\/10\/organizacje_z.jpg",300,193,false]},"uagb_author_info":{"display_name":"Region Gorzowski","author_link":"https:\/\/www.solidarnosc.org.pl\/gorzow\/author\/region\/"},"uagb_comment_info":0,"uagb_excerpt":"Organizacje zwi\u0105zkowe NSZZ Solidarno\u015b\u0107 na obszarze powiatu sul\u0119ci\u0144skiego Lp. Nazwa organizacji zwi\u0105zkowej Przewodnicz\u0105cy Kontakt 1. Organizacja Zak\u0142adowa NSZZ \u201eSolidarno\u015b\u0107\u201d przy Zak\u0142adzie Opieki Zdrowotnej w Sul\u0119cinie Joanna Sochacka 797&nbsp;411&nbsp;101asiagabi38@wp.pl 2. Organizacja Zak\u0142adowa NSZZ \u201eSolidarno\u015b\u0107\u201d przy Grupie PKO S.A Oddzia\u0142 w Sul\u0119cinie Danuta Muzyka 3. Organizacja Mi\u0119dzyzak\u0142adowa NSZZ \u201eSolidarno\u015b\u0107\u201d przy Szkole Podstawowej w Sul\u0119cinie Krystyna P\u0142awuszewska 531&hellip;","_links":{"self":[{"href":"https:\/\/www.solidarnosc.org.pl\/gorzow\/wp-json\/wp\/v2\/pages\/237"}],"collection":[{"href":"https:\/\/www.solidarnosc.org.pl\/gorzow\/wp-json\/wp\/v2\/pages"}],"about":[{"href":"https:\/\/www.solidarnosc.org.pl\/gorzow\/wp-json\/wp\/v2\/types\/page"}],"author":[{"embeddable":true,"href":"https:\/\/www.solidarnosc.org.pl\/gorzow\/wp-json\/wp\/v2\/users\/1"}],"replies":[{"embeddable":true,"href":"https:\/\/www.solidarnosc.org.pl\/gorzow\/wp-json\/wp\/v2\/comments?post=237"}],"version-history":[{"count":5,"href":"https:\/\/www.solidarnosc.org.pl\/gorzow\/wp-json\/wp\/v2\/pages\/237\/revisions"}],"predecessor-version":[{"id":1296,"href":"https:\/\/www.solidarnosc.org.pl\/gorzow\/wp-json\/wp\/v2\/pages\/237\/revisions\/1296"}],"wp:featuredmedia":[{"embeddable":true,"href":"https:\/\/www.solidarnosc.org.pl\/gorzow\/wp-json\/wp\/v2\/media\/215"}],"wp:attachment":[{"href":"https:\/\/www.solidarnosc.org.pl\/gorzow\/wp-json\/wp\/v2\/media?parent=237"}],"curies":[{"name":"wp","href":"https:\/\/api.w.org\/{rel}","templated":true}]}}