{"id":235,"date":"2023-10-29T11:15:08","date_gmt":"2023-10-29T10:15:08","guid":{"rendered":"https:\/\/www.solidarnosc.org.pl\/gorzow\/?page_id=235"},"modified":"2023-11-20T09:06:09","modified_gmt":"2023-11-20T08:06:09","slug":"powiat-strzelecko-drezdenecki","status":"publish","type":"page","link":"https:\/\/www.solidarnosc.org.pl\/gorzow\/powiat-strzelecko-drezdenecki\/","title":{"rendered":"Powiat strzelecko-drezdenecki"},"content":{"rendered":"\n<p><strong>Organizacje zwi\u0105zkowe NSZZ Solidarno\u015b\u0107 na obszarze powiatu strzelecko-drezdeneckiego<\/strong><\/p>\n\n\n\n<figure class=\"wp-block-table\"><table><tbody><tr><td>Lp.<\/td><td>Nazwa organizacji zwi\u0105zkowej<\/td><td>Przewodnicz\u0105cy<\/td><td>Kontakt<\/td><\/tr><tr><td>1.<\/td><td>Organizacja Zak\u0142adowa NSZZ \u201eSolidarno\u015b\u0107\u201d przy \u201eVICTAULIC POLSKA\u201d sp. z o. o. w Drezdenku<\/td><td>Jaros\u0142aw Sauermann<\/td><td>507 708\u00a0995<br>nszzvict@interia.pl<\/td><\/tr><tr><td>2.<\/td><td>Organizacja Zak\u0142adowa NSZZ \u201eSolidarno\u015b\u0107\u201d przy \u201eMeprozet\u201d sp. z o. o. w Starym Kurowie<\/td><td>Marcin Wili\u0144ski<\/td><td>509 719\u00a0426<br>wila1@onet.eu<\/td><\/tr><tr><td>3.<\/td><td>Organizacja Zak\u0142adowa NSZZ \u201eSolidarno\u015b\u0107\u201d przy Smurfit Kappa w Drezdenku<\/td><td>Zbigniew Gadocha<\/td><td>609\u00a0797\u00a0631<br>zbigniewgadocha@wp.pl<\/td><\/tr><tr><td>4.<\/td><td>Mi\u0119dzyszkolna Komisja O\u015bwiaty i Wychowania NSZZ \u201eSolidarno\u015b\u0107\u201d w Drezdenku<\/td><td>W\u0142odzimierz Sap\u00f3r<\/td><td>606 756\u00a0033<br>wowka.sapor@op.pl<\/td><\/tr><tr><td>5.<\/td><td>Organizacja Zak\u0142adowa NSZZ \u201eSolidarno\u015b\u0107\u201d przy Komendzie Powiatowej Pa\u0144stwowej Stra\u017cy Po\u017carnej w Strzelcach Kraj.<\/td><td>Mateusz Jankowski<\/td><td> 609 497 451<br>mateusz140889@wp.pl<\/td><\/tr><tr><td>6.<\/td><td>Organizacja Zak\u0142adowa NSZZ \u201eSolidarno\u015b\u0107\u201d przy PILOUS Packaging Polska\u00a0 Sp. z o.o. w Dobiegniewie<\/td><td>Bernard Szyrwi\u0144ski<\/td><td>665 489\u00a0508<br>nszzzdd@wp.pl<\/td><\/tr><tr><td>7.<\/td><td>Organizacja Mi\u0119dzyzak\u0142adowa NSZZ \u201eSolidarno\u015b\u0107\u201d przy Urz\u0119dzie Miejskim w Drezdenku<\/td><td><span style=\"font-size:9.0pt;line-height:115%;\nfont-family:&quot;Times New Roman&quot;,&quot;serif&quot;;mso-fareast-font-family:&quot;Times New Roman&quot;;\ncolor:#444444;mso-ansi-language:PL;mso-fareast-language:PL;mso-bidi-language:\nAR-SA\"><\/span>Sylwester Onichimowski<\/td><td>519 137\u00a0029<br>solidarnosc.drezdenko@interia.pl<\/td><\/tr><\/tbody><\/table><\/figure>\n","protected":false},"excerpt":{"rendered":"<p>Organizacje zwi\u0105zkowe NSZZ Solidarno\u015b\u0107 na obszarze powiatu strzelecko-drezdeneckiego Lp. Nazwa organizacji zwi\u0105zkowej Przewodnicz\u0105cy Kontakt 1. Organizacja Zak\u0142adowa NSZZ \u201eSolidarno\u015b\u0107\u201d przy \u201eVICTAULIC POLSKA\u201d sp. z o. o. w Drezdenku Jaros\u0142aw Sauermann 507 708\u00a0995nszzvict@interia.pl 2. Organizacja Zak\u0142adowa NSZZ \u201eSolidarno\u015b\u0107\u201d przy \u201eMeprozet\u201d sp. z o. o. w Starym Kurowie Marcin Wili\u0144ski 509 719\u00a0426wila1@onet.eu 3. Organizacja Zak\u0142adowa NSZZ \u201eSolidarno\u015b\u0107\u201d &hellip;<\/p>\n<p class=\"read-more\"> <a class=\"\" href=\"https:\/\/www.solidarnosc.org.pl\/gorzow\/powiat-strzelecko-drezdenecki\/\"> <span class=\"screen-reader-text\">Powiat strzelecko-drezdenecki<\/span> Czytaj wi\u0119cej &raquo;<\/a><\/p>\n","protected":false},"author":1,"featured_media":215,"parent":0,"menu_order":0,"comment_status":"closed","ping_status":"closed","template":"","meta":{"_eb_attr":"","_uag_custom_page_level_css":"","site-sidebar-layout":"default","site-content-layout":"","ast-site-content-layout":"","site-content-style":"default","site-sidebar-style":"default","ast-global-header-display":"","ast-banner-title-visibility":"","ast-main-header-display":"","ast-hfb-above-header-display":"","ast-hfb-below-header-display":"","ast-hfb-mobile-header-display":"","site-post-title":"","ast-breadcrumbs-content":"","ast-featured-img":"","footer-sml-layout":"","theme-transparent-header-meta":"","adv-header-id-meta":"","stick-header-meta":"","header-above-stick-meta":"","header-main-stick-meta":"","header-below-stick-meta":"","astra-migrate-meta-layouts":"","footnotes":""},"uagb_featured_image_src":{"full":["https:\/\/www.solidarnosc.org.pl\/gorzow\/wp-content\/uploads\/2023\/10\/organizacje_z.jpg",300,193,false],"thumbnail":["https:\/\/www.solidarnosc.org.pl\/gorzow\/wp-content\/uploads\/2023\/10\/organizacje_z.jpg",150,97,false],"medium":["https:\/\/www.solidarnosc.org.pl\/gorzow\/wp-content\/uploads\/2023\/10\/organizacje_z.jpg",300,193,false],"medium_large":["https:\/\/www.solidarnosc.org.pl\/gorzow\/wp-content\/uploads\/2023\/10\/organizacje_z.jpg",300,193,false],"large":["https:\/\/www.solidarnosc.org.pl\/gorzow\/wp-content\/uploads\/2023\/10\/organizacje_z.jpg",300,193,false],"1536x1536":["https:\/\/www.solidarnosc.org.pl\/gorzow\/wp-content\/uploads\/2023\/10\/organizacje_z.jpg",300,193,false],"2048x2048":["https:\/\/www.solidarnosc.org.pl\/gorzow\/wp-content\/uploads\/2023\/10\/organizacje_z.jpg",300,193,false]},"uagb_author_info":{"display_name":"Region Gorzowski","author_link":"https:\/\/www.solidarnosc.org.pl\/gorzow\/author\/region\/"},"uagb_comment_info":0,"uagb_excerpt":"Organizacje zwi\u0105zkowe NSZZ Solidarno\u015b\u0107 na obszarze powiatu strzelecko-drezdeneckiego Lp. Nazwa organizacji zwi\u0105zkowej Przewodnicz\u0105cy Kontakt 1. Organizacja Zak\u0142adowa NSZZ \u201eSolidarno\u015b\u0107\u201d przy \u201eVICTAULIC POLSKA\u201d sp. z o. o. w Drezdenku Jaros\u0142aw Sauermann 507 708\u00a0995nszzvict@interia.pl 2. Organizacja Zak\u0142adowa NSZZ \u201eSolidarno\u015b\u0107\u201d przy \u201eMeprozet\u201d sp. z o. o. w Starym Kurowie Marcin Wili\u0144ski 509 719\u00a0426wila1@onet.eu 3. Organizacja Zak\u0142adowa NSZZ \u201eSolidarno\u015b\u0107\u201d&hellip;","_links":{"self":[{"href":"https:\/\/www.solidarnosc.org.pl\/gorzow\/wp-json\/wp\/v2\/pages\/235"}],"collection":[{"href":"https:\/\/www.solidarnosc.org.pl\/gorzow\/wp-json\/wp\/v2\/pages"}],"about":[{"href":"https:\/\/www.solidarnosc.org.pl\/gorzow\/wp-json\/wp\/v2\/types\/page"}],"author":[{"embeddable":true,"href":"https:\/\/www.solidarnosc.org.pl\/gorzow\/wp-json\/wp\/v2\/users\/1"}],"replies":[{"embeddable":true,"href":"https:\/\/www.solidarnosc.org.pl\/gorzow\/wp-json\/wp\/v2\/comments?post=235"}],"version-history":[{"count":3,"href":"https:\/\/www.solidarnosc.org.pl\/gorzow\/wp-json\/wp\/v2\/pages\/235\/revisions"}],"predecessor-version":[{"id":345,"href":"https:\/\/www.solidarnosc.org.pl\/gorzow\/wp-json\/wp\/v2\/pages\/235\/revisions\/345"}],"wp:featuredmedia":[{"embeddable":true,"href":"https:\/\/www.solidarnosc.org.pl\/gorzow\/wp-json\/wp\/v2\/media\/215"}],"wp:attachment":[{"href":"https:\/\/www.solidarnosc.org.pl\/gorzow\/wp-json\/wp\/v2\/media?parent=235"}],"curies":[{"name":"wp","href":"https:\/\/api.w.org\/{rel}","templated":true}]}}