{"id":230,"date":"2023-10-29T11:12:35","date_gmt":"2023-10-29T10:12:35","guid":{"rendered":"https:\/\/www.solidarnosc.org.pl\/gorzow\/?page_id=230"},"modified":"2023-11-20T09:17:38","modified_gmt":"2023-11-20T08:17:38","slug":"powiat-miedzyrzecki","status":"publish","type":"page","link":"https:\/\/www.solidarnosc.org.pl\/gorzow\/powiat-miedzyrzecki\/","title":{"rendered":"Powiat mi\u0119dzyrzecki"},"content":{"rendered":"\n<p><strong>Organizacje zwi\u0105zkowe NSZZ Solidarno\u015b\u0107 na obszarze powiatu <\/strong>mi\u0119dzyrzeckiego<\/p>\n\n\n\n<figure class=\"wp-block-table\"><table><tbody><tr><td>Lp.<\/td><td>Nazwa organizacji zwi\u0105zkowej<\/td><td>Przewodnicz\u0105cy<\/td><td>Kontakt<\/td><\/tr><tr><td>1.<\/td><td>Organizacja Zak\u0142adowa NSZZ \u201eSolidarno\u015b\u0107\u201d przy Szpitalu Psychiatrycznym dla Nerwowo i Psychicznie Chorych w Mi\u0119dzyrzeczu<\/td><td>Beta Szadura<\/td><td>509 868 993<br>szad_14ja@vp.pl<\/td><\/tr><tr><td>2.<\/td><td>Mi\u0119dzyszkolna Komisja O\u015bwiaty i Wychowania NSZZ \u201eSolidarno\u015b\u0107\u201d w Mi\u0119dzyrzeczu<\/td><td>Andrzej Kaczmarek<\/td><td>693 645\u00a0035<br>mkoiw.miedzyrzecz@wp.pl<\/td><\/tr><tr><td>3.<\/td><td>Organizacja Zak\u0142adowa NSZZ &#8222;Solidarno\u015b\u0107&#8221; przy Towarzystwie Budownictwa Spo\u0142ecznego w Mi\u0119dzyrzeczu<\/td><td>Miros\u0142aw Dajczak<\/td><td>607\u00a0988\u00a0038<br>miroslaw.dajczak@mtbs.com.pl<\/td><\/tr><tr><td>4.<\/td><td>Organizacja Zak\u0142adowa NSZZ &#8222;Solidarno\u015b\u0107&#8221; przy Powiatowej Stacji Sanitarno- Epidemiologicznej w Mi\u0119dzyrzeczu<\/td><td>Renata Grocka<\/td><td>663\u00a0235\u00a0210<br>aleksandrag77@interia.pl<\/td><\/tr><tr><td>5.<\/td><td>Organizacja Zak\u0142adowa NSZZ &#8222;Solidarno\u015b\u0107&#8221; przy Powiatowej Komendzie Pa\u0144stwowej Stra\u017cy Po\u017carnej w Mi\u0119dzyrzeczu<\/td><td>Micha\u0142 Ros\u00f3\u0142<\/td><td>781\u00a0778\u00a0453<br>michal.rosool@gmail.com<\/td><\/tr><\/tbody><\/table><\/figure>\n","protected":false},"excerpt":{"rendered":"<p>Organizacje zwi\u0105zkowe NSZZ Solidarno\u015b\u0107 na obszarze powiatu mi\u0119dzyrzeckiego Lp. Nazwa organizacji zwi\u0105zkowej Przewodnicz\u0105cy Kontakt 1. Organizacja Zak\u0142adowa NSZZ \u201eSolidarno\u015b\u0107\u201d przy Szpitalu Psychiatrycznym dla Nerwowo i Psychicznie Chorych w Mi\u0119dzyrzeczu Beta Szadura 509 868 993szad_14ja@vp.pl 2. Mi\u0119dzyszkolna Komisja O\u015bwiaty i Wychowania NSZZ \u201eSolidarno\u015b\u0107\u201d w Mi\u0119dzyrzeczu Andrzej Kaczmarek 693 645\u00a0035mkoiw.miedzyrzecz@wp.pl 3. Organizacja Zak\u0142adowa NSZZ &#8222;Solidarno\u015b\u0107&#8221; przy Towarzystwie &hellip;<\/p>\n<p class=\"read-more\"> <a class=\"\" href=\"https:\/\/www.solidarnosc.org.pl\/gorzow\/powiat-miedzyrzecki\/\"> <span class=\"screen-reader-text\">Powiat mi\u0119dzyrzecki<\/span> Czytaj wi\u0119cej &raquo;<\/a><\/p>\n","protected":false},"author":1,"featured_media":215,"parent":0,"menu_order":0,"comment_status":"closed","ping_status":"closed","template":"","meta":{"_eb_attr":"","_uag_custom_page_level_css":"","site-sidebar-layout":"default","site-content-layout":"","ast-site-content-layout":"","site-content-style":"default","site-sidebar-style":"default","ast-global-header-display":"","ast-banner-title-visibility":"","ast-main-header-display":"","ast-hfb-above-header-display":"","ast-hfb-below-header-display":"","ast-hfb-mobile-header-display":"","site-post-title":"","ast-breadcrumbs-content":"","ast-featured-img":"","footer-sml-layout":"","theme-transparent-header-meta":"","adv-header-id-meta":"","stick-header-meta":"","header-above-stick-meta":"","header-main-stick-meta":"","header-below-stick-meta":"","astra-migrate-meta-layouts":"","footnotes":""},"uagb_featured_image_src":{"full":["https:\/\/www.solidarnosc.org.pl\/gorzow\/wp-content\/uploads\/2023\/10\/organizacje_z.jpg",300,193,false],"thumbnail":["https:\/\/www.solidarnosc.org.pl\/gorzow\/wp-content\/uploads\/2023\/10\/organizacje_z.jpg",150,97,false],"medium":["https:\/\/www.solidarnosc.org.pl\/gorzow\/wp-content\/uploads\/2023\/10\/organizacje_z.jpg",300,193,false],"medium_large":["https:\/\/www.solidarnosc.org.pl\/gorzow\/wp-content\/uploads\/2023\/10\/organizacje_z.jpg",300,193,false],"large":["https:\/\/www.solidarnosc.org.pl\/gorzow\/wp-content\/uploads\/2023\/10\/organizacje_z.jpg",300,193,false],"1536x1536":["https:\/\/www.solidarnosc.org.pl\/gorzow\/wp-content\/uploads\/2023\/10\/organizacje_z.jpg",300,193,false],"2048x2048":["https:\/\/www.solidarnosc.org.pl\/gorzow\/wp-content\/uploads\/2023\/10\/organizacje_z.jpg",300,193,false]},"uagb_author_info":{"display_name":"Region Gorzowski","author_link":"https:\/\/www.solidarnosc.org.pl\/gorzow\/author\/region\/"},"uagb_comment_info":0,"uagb_excerpt":"Organizacje zwi\u0105zkowe NSZZ Solidarno\u015b\u0107 na obszarze powiatu mi\u0119dzyrzeckiego Lp. Nazwa organizacji zwi\u0105zkowej Przewodnicz\u0105cy Kontakt 1. Organizacja Zak\u0142adowa NSZZ \u201eSolidarno\u015b\u0107\u201d przy Szpitalu Psychiatrycznym dla Nerwowo i Psychicznie Chorych w Mi\u0119dzyrzeczu Beta Szadura 509 868 993szad_14ja@vp.pl 2. Mi\u0119dzyszkolna Komisja O\u015bwiaty i Wychowania NSZZ \u201eSolidarno\u015b\u0107\u201d w Mi\u0119dzyrzeczu Andrzej Kaczmarek 693 645\u00a0035mkoiw.miedzyrzecz@wp.pl 3. Organizacja Zak\u0142adowa NSZZ &#8222;Solidarno\u015b\u0107&#8221; przy Towarzystwie&hellip;","_links":{"self":[{"href":"https:\/\/www.solidarnosc.org.pl\/gorzow\/wp-json\/wp\/v2\/pages\/230"}],"collection":[{"href":"https:\/\/www.solidarnosc.org.pl\/gorzow\/wp-json\/wp\/v2\/pages"}],"about":[{"href":"https:\/\/www.solidarnosc.org.pl\/gorzow\/wp-json\/wp\/v2\/types\/page"}],"author":[{"embeddable":true,"href":"https:\/\/www.solidarnosc.org.pl\/gorzow\/wp-json\/wp\/v2\/users\/1"}],"replies":[{"embeddable":true,"href":"https:\/\/www.solidarnosc.org.pl\/gorzow\/wp-json\/wp\/v2\/comments?post=230"}],"version-history":[{"count":3,"href":"https:\/\/www.solidarnosc.org.pl\/gorzow\/wp-json\/wp\/v2\/pages\/230\/revisions"}],"predecessor-version":[{"id":347,"href":"https:\/\/www.solidarnosc.org.pl\/gorzow\/wp-json\/wp\/v2\/pages\/230\/revisions\/347"}],"wp:featuredmedia":[{"embeddable":true,"href":"https:\/\/www.solidarnosc.org.pl\/gorzow\/wp-json\/wp\/v2\/media\/215"}],"wp:attachment":[{"href":"https:\/\/www.solidarnosc.org.pl\/gorzow\/wp-json\/wp\/v2\/media?parent=230"}],"curies":[{"name":"wp","href":"https:\/\/api.w.org\/{rel}","templated":true}]}}