{"id":223,"date":"2023-10-29T10:53:34","date_gmt":"2023-10-29T09:53:34","guid":{"rendered":"https:\/\/www.solidarnosc.org.pl\/gorzow\/?page_id=223"},"modified":"2023-11-20T09:32:49","modified_gmt":"2023-11-20T08:32:49","slug":"powiat-gorzowski","status":"publish","type":"page","link":"https:\/\/www.solidarnosc.org.pl\/gorzow\/powiat-gorzowski\/","title":{"rendered":"Powiat gorzowski ziemski"},"content":{"rendered":"\n<p><strong>Organizacje zwi\u0105zkowe NSZZ Solidarno\u015b\u0107 na obszarze powiatu gorzowskiego<\/strong> <strong>ziemskiego<\/strong><\/p>\n\n\n\n<figure class=\"wp-block-table\"><table><tbody><tr><td>Lp.<\/td><td>Nazwa organizacji zwi\u0105zkowej<\/td><td>Przewodnicz\u0105cy<\/td><td>Kontakt<\/td><\/tr><tr><td>1.<\/td><td>Organizacja Zak\u0142adowa NSZZ \u201eSolidarno\u015b\u0107\u201d przy Henke Tissue w Kostrzynie n\/O<\/td><td>Barbara Walerowicz<\/td><td>796\u00a0445 770<\/td><\/tr><tr><td>2.<\/td><td>Organizacja Zak\u0142adowa NSZZ \u201eSolidarno\u015b\u0107\u201d przy Arctic Paper Kostrzyn S.A w Kostrzynie n\/O<\/td><td>Ryszard Dziduch<\/td><td>601\u00a0383\u00a0465<br>ryszard.dziduch@arcticpaper.com<\/td><\/tr><tr><td>3.<\/td><td>Organizacja Zak\u0142adowa NSZZ &#8222;Solidarno\u015b\u0107&#8221; przy Miejskich Zak\u0142adach Komunalnych Sp. z o.o. w Kostrzynie nad Odr\u0105<\/td><td>Tadeusz Fedorczuk<\/td><td>605 434\u00a0312<br>tadeuszfedorczuk@wp.pl<\/td><\/tr><tr><td>4.<\/td><td>Organizacja Zak\u0142adowa NSZZ &#8222;Solidarno\u015b\u0107&#8221; przy Domu Pomocy Spo\u0142ecznej w Kamieniu Wielkim<\/td><td>Karina Mr\u00f3z<\/td><td>607\u00a0034\u00a0704<br>karinabielak09@gmail.com<\/td><\/tr><tr><td>5.<\/td><td>Organizacja<br>Zak\u0142adowa NSZZ \u201eSolidarno\u015b\u0107\u201d przy \u201eSteinpol Central Services\u201d sp. z o. o. w Rzepinie oddzia\u0142 w Witnicy<\/td><td>Piotr Stieler<\/td><td>606\u00a0752\u00a0308<br>stielerpiotr@wp.pl<\/td><\/tr><tr><td>6.<\/td><td>Organizacja Zak\u0142adowa NSZZ &#8222;Solidarno\u015b\u0107&#8221; przy Witnica Metal Sp. z o.o.<\/td><td>Marek Krukowski<\/td><td>661\u00a0055\u00a0543<br>Kruku782@gmail.com<\/td><\/tr><tr><td>7.<\/td><td>Organizacja Zak\u0142adowa NSZZ \u201eSolidarno\u015b\u0107\u201d przy Podravka Sp. z o.o. w Kostrzynie nad Odr\u0105<\/td><td>Barbara Miko\u0142ajuk<\/td><td>694\u00a0484\u00a0922<br>mikolajuk.b@interia.pl<\/td><\/tr><tr><td>8.<\/td><td>Organizacja Zak\u0142adowa NSZZ \u201eSolidarno\u015b\u0107\u201d przy NZOZ \u201eNOWY<br>SZPITAL\u201d Kostrzyn n\/O<\/td><td>Marcin Ko\u0142odziejczak<\/td><td>502\u00a0821\u00a0236<br>marcin.kolodziejczak0593@gmail.com<\/td><\/tr><tr><td>9.<\/td><td>Organizacja Zak\u0142adowa NSZZ \u201eSolidarno\u015b\u0107\u201d przy Steinform Produktion Sp. z o.o.<\/td><td>Rados\u0142aw Szalc<\/td><td>669\u00a0640\u00a0487<br>helmes1983@o2.pl<\/td><\/tr><tr><td>10.<\/td><td>Organizacja Zak\u0142adowa NSZZ \u201eSolidarno\u015b\u0107\u201d przy ICT Poland Kostrzyn nad Odr\u0105<\/td><td>Krzysztof Rojek<\/td><td>660\u00a0495\u00a0062<br>szaszlyk17@wp.pl<\/td><\/tr><\/tbody><\/table><\/figure>\n","protected":false},"excerpt":{"rendered":"<p>Organizacje zwi\u0105zkowe NSZZ Solidarno\u015b\u0107 na obszarze powiatu gorzowskiego ziemskiego Lp. Nazwa organizacji zwi\u0105zkowej Przewodnicz\u0105cy Kontakt 1. Organizacja Zak\u0142adowa NSZZ \u201eSolidarno\u015b\u0107\u201d przy Henke Tissue w Kostrzynie n\/O Barbara Walerowicz 796\u00a0445 770 2. Organizacja Zak\u0142adowa NSZZ \u201eSolidarno\u015b\u0107\u201d przy Arctic Paper Kostrzyn S.A w Kostrzynie n\/O Ryszard Dziduch 601\u00a0383\u00a0465ryszard.dziduch@arcticpaper.com 3. Organizacja Zak\u0142adowa NSZZ &#8222;Solidarno\u015b\u0107&#8221; przy Miejskich Zak\u0142adach Komunalnych &hellip;<\/p>\n<p class=\"read-more\"> <a class=\"\" href=\"https:\/\/www.solidarnosc.org.pl\/gorzow\/powiat-gorzowski\/\"> <span class=\"screen-reader-text\">Powiat gorzowski ziemski<\/span> Czytaj wi\u0119cej &raquo;<\/a><\/p>\n","protected":false},"author":1,"featured_media":215,"parent":0,"menu_order":0,"comment_status":"closed","ping_status":"closed","template":"","meta":{"_eb_attr":"","_uag_custom_page_level_css":"","site-sidebar-layout":"default","site-content-layout":"","ast-site-content-layout":"","site-content-style":"default","site-sidebar-style":"default","ast-global-header-display":"","ast-banner-title-visibility":"","ast-main-header-display":"","ast-hfb-above-header-display":"","ast-hfb-below-header-display":"","ast-hfb-mobile-header-display":"","site-post-title":"","ast-breadcrumbs-content":"","ast-featured-img":"","footer-sml-layout":"","theme-transparent-header-meta":"","adv-header-id-meta":"","stick-header-meta":"","header-above-stick-meta":"","header-main-stick-meta":"","header-below-stick-meta":"","astra-migrate-meta-layouts":"","footnotes":""},"uagb_featured_image_src":{"full":["https:\/\/www.solidarnosc.org.pl\/gorzow\/wp-content\/uploads\/2023\/10\/organizacje_z.jpg",300,193,false],"thumbnail":["https:\/\/www.solidarnosc.org.pl\/gorzow\/wp-content\/uploads\/2023\/10\/organizacje_z.jpg",150,97,false],"medium":["https:\/\/www.solidarnosc.org.pl\/gorzow\/wp-content\/uploads\/2023\/10\/organizacje_z.jpg",300,193,false],"medium_large":["https:\/\/www.solidarnosc.org.pl\/gorzow\/wp-content\/uploads\/2023\/10\/organizacje_z.jpg",300,193,false],"large":["https:\/\/www.solidarnosc.org.pl\/gorzow\/wp-content\/uploads\/2023\/10\/organizacje_z.jpg",300,193,false],"1536x1536":["https:\/\/www.solidarnosc.org.pl\/gorzow\/wp-content\/uploads\/2023\/10\/organizacje_z.jpg",300,193,false],"2048x2048":["https:\/\/www.solidarnosc.org.pl\/gorzow\/wp-content\/uploads\/2023\/10\/organizacje_z.jpg",300,193,false]},"uagb_author_info":{"display_name":"Region Gorzowski","author_link":"https:\/\/www.solidarnosc.org.pl\/gorzow\/author\/region\/"},"uagb_comment_info":0,"uagb_excerpt":"Organizacje zwi\u0105zkowe NSZZ Solidarno\u015b\u0107 na obszarze powiatu gorzowskiego ziemskiego Lp. Nazwa organizacji zwi\u0105zkowej Przewodnicz\u0105cy Kontakt 1. Organizacja Zak\u0142adowa NSZZ \u201eSolidarno\u015b\u0107\u201d przy Henke Tissue w Kostrzynie n\/O Barbara Walerowicz 796\u00a0445 770 2. Organizacja Zak\u0142adowa NSZZ \u201eSolidarno\u015b\u0107\u201d przy Arctic Paper Kostrzyn S.A w Kostrzynie n\/O Ryszard Dziduch 601\u00a0383\u00a0465ryszard.dziduch@arcticpaper.com 3. Organizacja Zak\u0142adowa NSZZ &#8222;Solidarno\u015b\u0107&#8221; przy Miejskich Zak\u0142adach Komunalnych&hellip;","_links":{"self":[{"href":"https:\/\/www.solidarnosc.org.pl\/gorzow\/wp-json\/wp\/v2\/pages\/223"}],"collection":[{"href":"https:\/\/www.solidarnosc.org.pl\/gorzow\/wp-json\/wp\/v2\/pages"}],"about":[{"href":"https:\/\/www.solidarnosc.org.pl\/gorzow\/wp-json\/wp\/v2\/types\/page"}],"author":[{"embeddable":true,"href":"https:\/\/www.solidarnosc.org.pl\/gorzow\/wp-json\/wp\/v2\/users\/1"}],"replies":[{"embeddable":true,"href":"https:\/\/www.solidarnosc.org.pl\/gorzow\/wp-json\/wp\/v2\/comments?post=223"}],"version-history":[{"count":4,"href":"https:\/\/www.solidarnosc.org.pl\/gorzow\/wp-json\/wp\/v2\/pages\/223\/revisions"}],"predecessor-version":[{"id":351,"href":"https:\/\/www.solidarnosc.org.pl\/gorzow\/wp-json\/wp\/v2\/pages\/223\/revisions\/351"}],"wp:featuredmedia":[{"embeddable":true,"href":"https:\/\/www.solidarnosc.org.pl\/gorzow\/wp-json\/wp\/v2\/media\/215"}],"wp:attachment":[{"href":"https:\/\/www.solidarnosc.org.pl\/gorzow\/wp-json\/wp\/v2\/media?parent=223"}],"curies":[{"name":"wp","href":"https:\/\/api.w.org\/{rel}","templated":true}]}}