{"id":45,"date":"2025-03-02T11:16:23","date_gmt":"2025-03-02T10:16:23","guid":{"rendered":"https:\/\/dm74866.domenomania.eu\/solidarnosc\/?page_id=45"},"modified":"2025-05-29T15:19:15","modified_gmt":"2025-05-29T13:19:15","slug":"benefity","status":"publish","type":"page","link":"https:\/\/www.solidarnosc.org.pl\/elblag\/pomoc-i-wsparcie\/benefity\/","title":{"rendered":"Benefity"},"content":{"rendered":"\n<div class=\"wp-block-uagb-container uagb-block-2a473b5a default uagb-is-root-container\">\n<div data-id=\"84732fe0\" class=\"wp-block-blocksy-query\">\n<h2 class=\"wp-block-heading has-palette-color-1-color has-text-color has-link-color wp-elements-ae3b35a38b849f23b94963b53a643f97\">Benefity<\/h2>\n\n\n\n<div class=\"wp-block-uagb-container uagb-layout-flex uagb-block-c9164cb9 default uagb-is-root-container\"><div class=\"ct-query-template-grid\"><article class=\"wp-block-post is-layout-flow post-3229 post type-post status-publish format-standard has-post-thumbnail hentry category-benefity\">\n\n<div class=\"wp-block-group is-vertical is-content-justification-stretch is-nowrap is-layout-flex wp-container-core-group-is-layout-d43721b1 wp-block-group-is-layout-flex\" style=\"min-height:100%\"><a style=\"margin-bottom:0;\" class=\"ct-dynamic-media wp-elements-8d3a2d55d86b4983cff1a3805f736735\" href=\"https:\/\/www.solidarnosc.org.pl\/elblag\/rabaty-paliwowe-dla-czlonkow-nszz-solidarnosc-wspolpraca-z-siecia-moya\/\"><span data-hover=\"zoom-in\" class=\"ct-dynamic-media-inner\" style=\"\"><img loading=\"lazy\" decoding=\"async\" width=\"1900\" height=\"900\" src=\"https:\/\/www.solidarnosc.org.pl\/elblag\/wp-content\/uploads\/2025\/11\/Bez-nazwy-Zdjecie-w-tle-na-Facebooka.jpg\" class=\"attachment-full size-full\" alt=\"\" style=\"width:100%;height:100%;object-fit: cover;aspect-ratio: 16\/9;\" srcset=\"https:\/\/www.solidarnosc.org.pl\/elblag\/wp-content\/uploads\/2025\/11\/Bez-nazwy-Zdjecie-w-tle-na-Facebooka.jpg 1900w, https:\/\/www.solidarnosc.org.pl\/elblag\/wp-content\/uploads\/2025\/11\/Bez-nazwy-Zdjecie-w-tle-na-Facebooka-300x142.jpg 300w, https:\/\/www.solidarnosc.org.pl\/elblag\/wp-content\/uploads\/2025\/11\/Bez-nazwy-Zdjecie-w-tle-na-Facebooka-1024x485.jpg 1024w, https:\/\/www.solidarnosc.org.pl\/elblag\/wp-content\/uploads\/2025\/11\/Bez-nazwy-Zdjecie-w-tle-na-Facebooka-768x364.jpg 768w, https:\/\/www.solidarnosc.org.pl\/elblag\/wp-content\/uploads\/2025\/11\/Bez-nazwy-Zdjecie-w-tle-na-Facebooka-1536x728.jpg 1536w\" sizes=\"auto, (max-width: 1900px) 100vw, 1900px\" \/><\/span><\/a>\n\n<h1 style=\"font-size:clamp(14.082px, 0.88rem + ((1vw - 3.2px) * 0.54), 21px);\" class=\"ct-dynamic-data wp-elements-844274efbc1b1d28a656cc3c3be8152e wp-elements-133ebd814e80106407fffe74e904c18b\"><a href=\"https:\/\/www.solidarnosc.org.pl\/elblag\/rabaty-paliwowe-dla-czlonkow-nszz-solidarnosc-wspolpraca-z-siecia-moya\/\">Rabaty paliwowe dla cz\u0142onk\u00f3w NSZZ \u201eSolidarno\u015b\u0107\u201d \u2013 wsp\u00f3\u0142praca z sieci\u0105 MOYA<\/a><\/h1><\/div>\n\n<\/article><article class=\"wp-block-post is-layout-flow post-2071 post type-post status-publish format-standard has-post-thumbnail hentry category-aktualnosci category-benefity\">\n\n<div class=\"wp-block-group is-vertical is-content-justification-stretch is-nowrap is-layout-flex wp-container-core-group-is-layout-d43721b1 wp-block-group-is-layout-flex\" style=\"min-height:100%\"><a style=\"margin-bottom:0;\" class=\"ct-dynamic-media wp-elements-8d3a2d55d86b4983cff1a3805f736735\" href=\"https:\/\/www.solidarnosc.org.pl\/elblag\/solidarnosc-program-lojalnosciowy-benefit-w-mol-move\/\"><span data-hover=\"zoom-in\" class=\"ct-dynamic-media-inner\" style=\"\"><img loading=\"lazy\" decoding=\"async\" width=\"1284\" height=\"699\" src=\"https:\/\/www.solidarnosc.org.pl\/elblag\/wp-content\/uploads\/2025\/06\/IMG_4637.jpg\" class=\"attachment-full size-full\" alt=\"\" style=\"width:100%;height:100%;object-fit: cover;aspect-ratio: 16\/9;\" srcset=\"https:\/\/www.solidarnosc.org.pl\/elblag\/wp-content\/uploads\/2025\/06\/IMG_4637.jpg 1284w, https:\/\/www.solidarnosc.org.pl\/elblag\/wp-content\/uploads\/2025\/06\/IMG_4637-300x163.jpg 300w, https:\/\/www.solidarnosc.org.pl\/elblag\/wp-content\/uploads\/2025\/06\/IMG_4637-1024x557.jpg 1024w, https:\/\/www.solidarnosc.org.pl\/elblag\/wp-content\/uploads\/2025\/06\/IMG_4637-768x418.jpg 768w\" sizes=\"auto, (max-width: 1284px) 100vw, 1284px\" \/><\/span><\/a>\n\n<h1 style=\"font-size:clamp(14.082px, 0.88rem + ((1vw - 3.2px) * 0.54), 21px);\" class=\"ct-dynamic-data wp-elements-844274efbc1b1d28a656cc3c3be8152e wp-elements-133ebd814e80106407fffe74e904c18b\"><a href=\"https:\/\/www.solidarnosc.org.pl\/elblag\/solidarnosc-program-lojalnosciowy-benefit-w-mol-move\/\">SOLIDARNO\u015a\u0106 program lojalno\u015bciowy BENEFIT w\u00a0MOL Move<\/a><\/h1><\/div>\n\n<\/article><article class=\"wp-block-post is-layout-flow post-1431 post type-post status-publish format-standard has-post-thumbnail hentry category-benefity\">\n\n<div class=\"wp-block-group is-vertical is-content-justification-stretch is-nowrap is-layout-flex wp-container-core-group-is-layout-d43721b1 wp-block-group-is-layout-flex\" style=\"min-height:100%\"><a style=\"margin-bottom:0;\" class=\"ct-dynamic-media wp-elements-8d3a2d55d86b4983cff1a3805f736735\" href=\"https:\/\/www.solidarnosc.org.pl\/elblag\/tankuj-taniej-z-nszz-solidarnosc\/\"><span data-hover=\"zoom-in\" class=\"ct-dynamic-media-inner\" style=\"\"><img loading=\"lazy\" decoding=\"async\" width=\"1071\" height=\"2112\" src=\"https:\/\/www.solidarnosc.org.pl\/elblag\/wp-content\/uploads\/Benefity\/Sta\u0142e\/IMG_1436-2.jpg\" class=\"attachment-full size-full\" alt=\"\" style=\"width:100%;height:100%;object-fit: cover;aspect-ratio: 16\/9;\" srcset=\"https:\/\/www.solidarnosc.org.pl\/elblag\/wp-content\/uploads\/Benefity\/Sta\u0142e\/IMG_1436-2.jpg 1071w, https:\/\/www.solidarnosc.org.pl\/elblag\/wp-content\/uploads\/Benefity\/Sta\u0142e\/IMG_1436-2-152x300.jpg 152w, https:\/\/www.solidarnosc.org.pl\/elblag\/wp-content\/uploads\/Benefity\/Sta\u0142e\/IMG_1436-2-519x1024.jpg 519w, https:\/\/www.solidarnosc.org.pl\/elblag\/wp-content\/uploads\/Benefity\/Sta\u0142e\/IMG_1436-2-768x1514.jpg 768w, https:\/\/www.solidarnosc.org.pl\/elblag\/wp-content\/uploads\/Benefity\/Sta\u0142e\/IMG_1436-2-779x1536.jpg 779w, https:\/\/www.solidarnosc.org.pl\/elblag\/wp-content\/uploads\/Benefity\/Sta\u0142e\/IMG_1436-2-1039x2048.jpg 1039w\" sizes=\"auto, (max-width: 1071px) 100vw, 1071px\" \/><\/span><\/a>\n\n<h1 style=\"font-size:clamp(14.082px, 0.88rem + ((1vw - 3.2px) * 0.54), 21px);\" class=\"ct-dynamic-data wp-elements-844274efbc1b1d28a656cc3c3be8152e wp-elements-133ebd814e80106407fffe74e904c18b\"><a href=\"https:\/\/www.solidarnosc.org.pl\/elblag\/tankuj-taniej-z-nszz-solidarnosc\/\">TANKUJ TANIEJ Z NSZZ SOLIDARNO\u015a\u0106<\/a><\/h1><\/div>\n\n<\/article><article class=\"wp-block-post is-layout-flow post-1281 post type-post status-publish format-standard has-post-thumbnail hentry category-benefity\">\n\n<div class=\"wp-block-group is-vertical is-content-justification-stretch is-nowrap is-layout-flex wp-container-core-group-is-layout-d43721b1 wp-block-group-is-layout-flex\" style=\"min-height:100%\"><a style=\"margin-bottom:0;\" class=\"ct-dynamic-media wp-elements-8d3a2d55d86b4983cff1a3805f736735\" href=\"https:\/\/www.solidarnosc.org.pl\/elblag\/klub-pzu-pomoc-dla-nszz-solidarnosc\/\"><span data-hover=\"zoom-in\" class=\"ct-dynamic-media-inner\" style=\"\"><img loading=\"lazy\" decoding=\"async\" width=\"900\" height=\"530\" src=\"https:\/\/www.solidarnosc.org.pl\/elblag\/wp-content\/uploads\/Benefity\/Sta\u0142e\/pzu.jpg\" class=\"attachment-full size-full\" alt=\"\" style=\"width:100%;height:100%;object-fit: cover;aspect-ratio: 16\/9;\" srcset=\"https:\/\/www.solidarnosc.org.pl\/elblag\/wp-content\/uploads\/Benefity\/Sta\u0142e\/pzu.jpg 900w, https:\/\/www.solidarnosc.org.pl\/elblag\/wp-content\/uploads\/Benefity\/Sta\u0142e\/pzu-300x177.jpg 300w, https:\/\/www.solidarnosc.org.pl\/elblag\/wp-content\/uploads\/Benefity\/Sta\u0142e\/pzu-768x452.jpg 768w\" sizes=\"auto, (max-width: 900px) 100vw, 900px\" \/><\/span><\/a>\n\n<h1 style=\"font-size:clamp(14.082px, 0.88rem + ((1vw - 3.2px) * 0.54), 21px);\" class=\"ct-dynamic-data wp-elements-844274efbc1b1d28a656cc3c3be8152e wp-elements-133ebd814e80106407fffe74e904c18b\"><a href=\"https:\/\/www.solidarnosc.org.pl\/elblag\/klub-pzu-pomoc-dla-nszz-solidarnosc\/\">Klub PZU Pomoc dla NSZZ Solidarno\u015b\u0107<\/a><\/h1><\/div>\n\n<\/article><\/div><style>[data-id='84732fe0'] {--grid-columns-width:3;}@media (max-width: 999.98px) {[data-id='84732fe0'] {--grid-columns-width:2;}}@media (max-width: 689.98px) {[data-id='84732fe0'] {--grid-columns-width:1;}}<\/style><\/div>\n<\/div>\n\n\n\n<h2 class=\"wp-block-heading\"><\/h2>\n\n\n\n<hr class=\"wp-block-separator has-text-color has-palette-color-1-color has-alpha-channel-opacity has-palette-color-1-background-color has-background is-style-wide\"\/>\n\n\n\n<h2 class=\"wp-block-heading has-palette-color-1-color has-text-color has-link-color wp-elements-10ce735f0a20b98dbb5ec9955dc958a7\">Benefity czasowe<\/h2>\n\n\n\n<div data-id=\"263b6a8f\" class=\"wp-block-blocksy-query\">\n<div class=\"wp-block-uagb-container uagb-layout-flex uagb-block-80b1716f default uagb-is-root-container\"><div class=\"ct-query-template-grid\"><article class=\"wp-block-post is-layout-flow post-2273 post type-post status-publish format-standard has-post-thumbnail hentry category-benefity-chwilowe\">\n\n<div class=\"wp-block-group is-vertical is-content-justification-stretch is-nowrap is-layout-flex wp-container-core-group-is-layout-d43721b1 wp-block-group-is-layout-flex\" style=\"min-height:100%\"><a style=\"margin-bottom:0;\" class=\"ct-dynamic-media wp-elements-8d3a2d55d86b4983cff1a3805f736735\" href=\"https:\/\/www.solidarnosc.org.pl\/elblag\/nowa-inicjatywa-edukacyjna-dla-czlonkow-nszz-solidarnosc\/\"><span data-hover=\"zoom-in\" class=\"ct-dynamic-media-inner\" style=\"\"><img loading=\"lazy\" decoding=\"async\" width=\"940\" height=\"788\" src=\"https:\/\/www.solidarnosc.org.pl\/elblag\/wp-content\/uploads\/2025\/08\/Projekt-bez-nazwy-6.jpg\" class=\"attachment-full size-full\" alt=\"\" style=\"width:100%;height:100%;object-fit: cover;aspect-ratio: 16\/9;\" srcset=\"https:\/\/www.solidarnosc.org.pl\/elblag\/wp-content\/uploads\/2025\/08\/Projekt-bez-nazwy-6.jpg 940w, https:\/\/www.solidarnosc.org.pl\/elblag\/wp-content\/uploads\/2025\/08\/Projekt-bez-nazwy-6-300x251.jpg 300w, https:\/\/www.solidarnosc.org.pl\/elblag\/wp-content\/uploads\/2025\/08\/Projekt-bez-nazwy-6-768x644.jpg 768w\" sizes=\"auto, (max-width: 940px) 100vw, 940px\" \/><\/span><\/a>\n\n<h1 style=\"font-size:clamp(14.082px, 0.88rem + ((1vw - 3.2px) * 0.54), 21px);\" class=\"ct-dynamic-data wp-elements-844274efbc1b1d28a656cc3c3be8152e wp-elements-133ebd814e80106407fffe74e904c18b\"><a href=\"https:\/\/www.solidarnosc.org.pl\/elblag\/nowa-inicjatywa-edukacyjna-dla-czlonkow-nszz-solidarnosc\/\">Nowa inicjatywa edukacyjna dla cz\u0142onk\u00f3w NSZZ \u201eSolidarno\u015b\u0107\u201d!<\/a><\/h1><\/div>\n\n<\/article><article class=\"wp-block-post is-layout-flow post-2188 post type-post status-publish format-standard has-post-thumbnail hentry category-benefity-chwilowe\">\n\n<div class=\"wp-block-group is-vertical is-content-justification-stretch is-nowrap is-layout-flex wp-container-core-group-is-layout-d43721b1 wp-block-group-is-layout-flex\" style=\"min-height:100%\"><a style=\"margin-bottom:0;\" class=\"ct-dynamic-media wp-elements-8d3a2d55d86b4983cff1a3805f736735\" href=\"https:\/\/www.solidarnosc.org.pl\/elblag\/tylko-dla-czlonkow-solidarnosci-hyrny\/\"><span data-hover=\"zoom-in\" class=\"ct-dynamic-media-inner\" style=\"\"><img loading=\"lazy\" decoding=\"async\" width=\"1080\" height=\"1350\" src=\"https:\/\/www.solidarnosc.org.pl\/elblag\/wp-content\/uploads\/2025\/08\/IMG_5665.jpeg\" class=\"attachment-full size-full\" alt=\"\" style=\"width:100%;height:100%;object-fit: cover;aspect-ratio: 16\/9;\" srcset=\"https:\/\/www.solidarnosc.org.pl\/elblag\/wp-content\/uploads\/2025\/08\/IMG_5665.jpeg 1080w, https:\/\/www.solidarnosc.org.pl\/elblag\/wp-content\/uploads\/2025\/08\/IMG_5665-240x300.jpeg 240w, https:\/\/www.solidarnosc.org.pl\/elblag\/wp-content\/uploads\/2025\/08\/IMG_5665-819x1024.jpeg 819w, https:\/\/www.solidarnosc.org.pl\/elblag\/wp-content\/uploads\/2025\/08\/IMG_5665-768x960.jpeg 768w\" sizes=\"auto, (max-width: 1080px) 100vw, 1080px\" \/><\/span><\/a>\n\n<h1 style=\"font-size:clamp(14.082px, 0.88rem + ((1vw - 3.2px) * 0.54), 21px);\" class=\"ct-dynamic-data wp-elements-844274efbc1b1d28a656cc3c3be8152e wp-elements-133ebd814e80106407fffe74e904c18b\"><a href=\"https:\/\/www.solidarnosc.org.pl\/elblag\/tylko-dla-czlonkow-solidarnosci-hyrny\/\">Tylko dla cz\u0142onk\u00f3w Solidarno\u015bci! Hyrny &#8211; Giewont jak na d\u0142oni, basen pod nosem, Krup\u00f3wki za rogiem.<\/a><\/h1><\/div>\n\n<\/article><article class=\"wp-block-post is-layout-flow post-2182 post type-post status-publish format-standard has-post-thumbnail hentry category-benefity-chwilowe\">\n\n<div class=\"wp-block-group is-vertical is-content-justification-stretch is-nowrap is-layout-flex wp-container-core-group-is-layout-d43721b1 wp-block-group-is-layout-flex\" style=\"min-height:100%\"><a style=\"margin-bottom:0;\" class=\"ct-dynamic-media wp-elements-8d3a2d55d86b4983cff1a3805f736735\" href=\"https:\/\/www.solidarnosc.org.pl\/elblag\/last-minute-ziemowit-tylko-dla-czlonkow-solidarnosci\/\"><span data-hover=\"zoom-in\" class=\"ct-dynamic-media-inner\" style=\"\"><img loading=\"lazy\" decoding=\"async\" width=\"1080\" height=\"1350\" src=\"https:\/\/www.solidarnosc.org.pl\/elblag\/wp-content\/uploads\/2025\/07\/IMG_5470.jpeg\" class=\"attachment-full size-full\" alt=\"\" style=\"width:100%;height:100%;object-fit: cover;aspect-ratio: 16\/9;\" srcset=\"https:\/\/www.solidarnosc.org.pl\/elblag\/wp-content\/uploads\/2025\/07\/IMG_5470.jpeg 1080w, https:\/\/www.solidarnosc.org.pl\/elblag\/wp-content\/uploads\/2025\/07\/IMG_5470-240x300.jpeg 240w, https:\/\/www.solidarnosc.org.pl\/elblag\/wp-content\/uploads\/2025\/07\/IMG_5470-819x1024.jpeg 819w, https:\/\/www.solidarnosc.org.pl\/elblag\/wp-content\/uploads\/2025\/07\/IMG_5470-768x960.jpeg 768w\" sizes=\"auto, (max-width: 1080px) 100vw, 1080px\" \/><\/span><\/a>\n\n<h1 style=\"font-size:clamp(14.082px, 0.88rem + ((1vw - 3.2px) * 0.54), 21px);\" class=\"ct-dynamic-data wp-elements-844274efbc1b1d28a656cc3c3be8152e wp-elements-133ebd814e80106407fffe74e904c18b\"><a href=\"https:\/\/www.solidarnosc.org.pl\/elblag\/last-minute-ziemowit-tylko-dla-czlonkow-solidarnosci\/\">LAST MINUTE ZIEMOWIT Tylko dla cz\u0142onk\u00f3w Solidarno\u015bci!<\/a><\/h1><\/div>\n\n<\/article><article class=\"wp-block-post is-layout-flow post-1279 post type-post status-publish format-standard has-post-thumbnail hentry category-benefity-chwilowe\">\n\n<div class=\"wp-block-group is-vertical is-content-justification-stretch is-nowrap is-layout-flex wp-container-core-group-is-layout-d43721b1 wp-block-group-is-layout-flex\" style=\"min-height:100%\"><a style=\"margin-bottom:0;\" class=\"ct-dynamic-media wp-elements-8d3a2d55d86b4983cff1a3805f736735\" href=\"https:\/\/www.solidarnosc.org.pl\/elblag\/pobyty-w-spale-osrodki-savoy-i-reset\/\"><span data-hover=\"zoom-in\" class=\"ct-dynamic-media-inner\" style=\"\"><img loading=\"lazy\" decoding=\"async\" width=\"1772\" height=\"1258\" src=\"https:\/\/www.solidarnosc.org.pl\/elblag\/wp-content\/uploads\/Benefity\/Chwilowe\/image1-1.jpeg\" class=\"attachment-full size-full\" alt=\"\" style=\"width:100%;height:100%;object-fit: cover;aspect-ratio: 16\/9;\" srcset=\"https:\/\/www.solidarnosc.org.pl\/elblag\/wp-content\/uploads\/Benefity\/Chwilowe\/image1-1.jpeg 1772w, https:\/\/www.solidarnosc.org.pl\/elblag\/wp-content\/uploads\/Benefity\/Chwilowe\/image1-1-1536x1090.jpeg 1536w, https:\/\/www.solidarnosc.org.pl\/elblag\/wp-content\/uploads\/Benefity\/Chwilowe\/image1-1-300x213.jpeg 300w, https:\/\/www.solidarnosc.org.pl\/elblag\/wp-content\/uploads\/Benefity\/Chwilowe\/image1-1-768x545.jpeg 768w, https:\/\/www.solidarnosc.org.pl\/elblag\/wp-content\/uploads\/Benefity\/Chwilowe\/image1-1-1024x727.jpeg 1024w\" sizes=\"auto, (max-width: 1772px) 100vw, 1772px\" \/><\/span><\/a>\n\n<h1 style=\"font-size:clamp(14.082px, 0.88rem + ((1vw - 3.2px) * 0.54), 21px);\" class=\"ct-dynamic-data wp-elements-844274efbc1b1d28a656cc3c3be8152e wp-elements-133ebd814e80106407fffe74e904c18b\"><a href=\"https:\/\/www.solidarnosc.org.pl\/elblag\/pobyty-w-spale-osrodki-savoy-i-reset\/\">Pobyty w Spale \u2013 O\u015brodki Savoy i Reset\u00a0<\/a><\/h1><\/div>\n\n<\/article><\/div><style>[data-id='263b6a8f'] {--grid-columns-width:3;}@media (max-width: 999.98px) {[data-id='263b6a8f'] {--grid-columns-width:2;}}@media (max-width: 689.98px) {[data-id='263b6a8f'] {--grid-columns-width:1;}}<\/style><\/div>\n<\/div>\n<\/div>\n","protected":false},"excerpt":{"rendered":"<p>Benefity czasowe<\/p>\n","protected":false},"author":1,"featured_media":0,"parent":43,"menu_order":0,"comment_status":"closed","ping_status":"closed","template":"","meta":{"_coblocks_attr":"","_coblocks_dimensions":"","_coblocks_responsive_height":"","_coblocks_accordion_ie_support":"","_uag_custom_page_level_css":"","footnotes":""},"class_list":["post-45","page","type-page","status-publish","hentry"],"blocksy_meta":[],"yoast_head":"<!-- This site is optimized with the Yoast SEO plugin v25.4 - https:\/\/yoast.com\/wordpress\/plugins\/seo\/ -->\n<title>Benefity - Solidarno\u015b\u0107 Region Elbl\u0105ski<\/title>\n<meta name=\"robots\" content=\"index, follow, max-snippet:-1, max-image-preview:large, max-video-preview:-1\" \/>\n<link rel=\"canonical\" href=\"https:\/\/www.solidarnosc.org.pl\/elblag\/pomoc-i-wsparcie\/benefity\/\" \/>\n<meta property=\"og:locale\" content=\"pl_PL\" \/>\n<meta property=\"og:type\" content=\"article\" \/>\n<meta property=\"og:title\" content=\"Benefity - Solidarno\u015b\u0107 Region Elbl\u0105ski\" \/>\n<meta property=\"og:description\" content=\"Benefity czasowe\" \/>\n<meta property=\"og:url\" content=\"https:\/\/www.solidarnosc.org.pl\/elblag\/pomoc-i-wsparcie\/benefity\/\" \/>\n<meta property=\"og:site_name\" content=\"Solidarno\u015b\u0107 Region Elbl\u0105ski\" \/>\n<meta property=\"article:publisher\" content=\"https:\/\/www.facebook.com\/RegionElblaskiNszzSolidarnosc\" \/>\n<meta property=\"article:modified_time\" content=\"2025-05-29T13:19:15+00:00\" \/>\n<meta property=\"og:image\" content=\"https:\/\/www.solidarnosc.org.pl\/elblag\/wp-content\/uploads\/Plik_system\/Motyw\/image0-3.jpeg\" \/>\n\t<meta property=\"og:image:width\" content=\"1920\" \/>\n\t<meta property=\"og:image:height\" content=\"1080\" \/>\n\t<meta property=\"og:image:type\" content=\"image\/jpeg\" \/>\n<meta name=\"twitter:card\" content=\"summary_large_image\" \/>\n<meta name=\"twitter:label1\" content=\"Szacowany czas czytania\" \/>\n\t<meta name=\"twitter:data1\" content=\"1 minuta\" \/>\n<script type=\"application\/ld+json\" class=\"yoast-schema-graph\">{\"@context\":\"https:\/\/schema.org\",\"@graph\":[{\"@type\":\"WebPage\",\"@id\":\"https:\/\/www.solidarnosc.org.pl\/elblag\/pomoc-i-wsparcie\/benefity\/\",\"url\":\"https:\/\/www.solidarnosc.org.pl\/elblag\/pomoc-i-wsparcie\/benefity\/\",\"name\":\"Benefity - Solidarno\u015b\u0107 Region Elbl\u0105ski\",\"isPartOf\":{\"@id\":\"https:\/\/www.solidarnosc.org.pl\/elblag\/#website\"},\"datePublished\":\"2025-03-02T10:16:23+00:00\",\"dateModified\":\"2025-05-29T13:19:15+00:00\",\"breadcrumb\":{\"@id\":\"https:\/\/www.solidarnosc.org.pl\/elblag\/pomoc-i-wsparcie\/benefity\/#breadcrumb\"},\"inLanguage\":\"pl-PL\",\"potentialAction\":[{\"@type\":\"ReadAction\",\"target\":[\"https:\/\/www.solidarnosc.org.pl\/elblag\/pomoc-i-wsparcie\/benefity\/\"]}]},{\"@type\":\"BreadcrumbList\",\"@id\":\"https:\/\/www.solidarnosc.org.pl\/elblag\/pomoc-i-wsparcie\/benefity\/#breadcrumb\",\"itemListElement\":[{\"@type\":\"ListItem\",\"position\":1,\"name\":\"Home\",\"item\":\"https:\/\/www.solidarnosc.org.pl\/elblag\/\"},{\"@type\":\"ListItem\",\"position\":2,\"name\":\"Strefa Zwi\u0105zkowa (tylko dzia\u0142 &#8211; nie jest podpi\u0119te pod menu)\",\"item\":\"https:\/\/www.solidarnosc.org.pl\/elblag\/pomoc-i-wsparcie\/\"},{\"@type\":\"ListItem\",\"position\":3,\"name\":\"Benefity\"}]},{\"@type\":\"WebSite\",\"@id\":\"https:\/\/www.solidarnosc.org.pl\/elblag\/#website\",\"url\":\"https:\/\/www.solidarnosc.org.pl\/elblag\/\",\"name\":\"Solidarno\u015b\u0107 Region Elbl\u0105ski\",\"description\":\"\",\"publisher\":{\"@id\":\"https:\/\/www.solidarnosc.org.pl\/elblag\/#organization\"},\"potentialAction\":[{\"@type\":\"SearchAction\",\"target\":{\"@type\":\"EntryPoint\",\"urlTemplate\":\"https:\/\/www.solidarnosc.org.pl\/elblag\/?s={search_term_string}\"},\"query-input\":{\"@type\":\"PropertyValueSpecification\",\"valueRequired\":true,\"valueName\":\"search_term_string\"}}],\"inLanguage\":\"pl-PL\"},{\"@type\":\"Organization\",\"@id\":\"https:\/\/www.solidarnosc.org.pl\/elblag\/#organization\",\"name\":\"Solidarno\u015b\u0107 Region Elbl\u0105ski\",\"url\":\"https:\/\/www.solidarnosc.org.pl\/elblag\/\",\"logo\":{\"@type\":\"ImageObject\",\"inLanguage\":\"pl-PL\",\"@id\":\"https:\/\/www.solidarnosc.org.pl\/elblag\/#\/schema\/logo\/image\/\",\"url\":\"https:\/\/www.solidarnosc.org.pl\/elblag\/wp-content\/uploads\/Plik_system\/Motyw\/Region.png\",\"contentUrl\":\"https:\/\/www.solidarnosc.org.pl\/elblag\/wp-content\/uploads\/Plik_system\/Motyw\/Region.png\",\"width\":2200,\"height\":1300,\"caption\":\"Solidarno\u015b\u0107 Region Elbl\u0105ski\"},\"image\":{\"@id\":\"https:\/\/www.solidarnosc.org.pl\/elblag\/#\/schema\/logo\/image\/\"},\"sameAs\":[\"https:\/\/www.facebook.com\/RegionElblaskiNszzSolidarnosc\"]}]}<\/script>\n<!-- \/ Yoast SEO plugin. -->","yoast_head_json":{"title":"Benefity - Solidarno\u015b\u0107 Region Elbl\u0105ski","robots":{"index":"index","follow":"follow","max-snippet":"max-snippet:-1","max-image-preview":"max-image-preview:large","max-video-preview":"max-video-preview:-1"},"canonical":"https:\/\/www.solidarnosc.org.pl\/elblag\/pomoc-i-wsparcie\/benefity\/","og_locale":"pl_PL","og_type":"article","og_title":"Benefity - Solidarno\u015b\u0107 Region Elbl\u0105ski","og_description":"Benefity czasowe","og_url":"https:\/\/www.solidarnosc.org.pl\/elblag\/pomoc-i-wsparcie\/benefity\/","og_site_name":"Solidarno\u015b\u0107 Region Elbl\u0105ski","article_publisher":"https:\/\/www.facebook.com\/RegionElblaskiNszzSolidarnosc","article_modified_time":"2025-05-29T13:19:15+00:00","og_image":[{"width":1920,"height":1080,"url":"https:\/\/www.solidarnosc.org.pl\/elblag\/wp-content\/uploads\/Plik_system\/Motyw\/image0-3.jpeg","type":"image\/jpeg"}],"twitter_card":"summary_large_image","twitter_misc":{"Szacowany czas czytania":"1 minuta"},"schema":{"@context":"https:\/\/schema.org","@graph":[{"@type":"WebPage","@id":"https:\/\/www.solidarnosc.org.pl\/elblag\/pomoc-i-wsparcie\/benefity\/","url":"https:\/\/www.solidarnosc.org.pl\/elblag\/pomoc-i-wsparcie\/benefity\/","name":"Benefity - Solidarno\u015b\u0107 Region Elbl\u0105ski","isPartOf":{"@id":"https:\/\/www.solidarnosc.org.pl\/elblag\/#website"},"datePublished":"2025-03-02T10:16:23+00:00","dateModified":"2025-05-29T13:19:15+00:00","breadcrumb":{"@id":"https:\/\/www.solidarnosc.org.pl\/elblag\/pomoc-i-wsparcie\/benefity\/#breadcrumb"},"inLanguage":"pl-PL","potentialAction":[{"@type":"ReadAction","target":["https:\/\/www.solidarnosc.org.pl\/elblag\/pomoc-i-wsparcie\/benefity\/"]}]},{"@type":"BreadcrumbList","@id":"https:\/\/www.solidarnosc.org.pl\/elblag\/pomoc-i-wsparcie\/benefity\/#breadcrumb","itemListElement":[{"@type":"ListItem","position":1,"name":"Home","item":"https:\/\/www.solidarnosc.org.pl\/elblag\/"},{"@type":"ListItem","position":2,"name":"Strefa Zwi\u0105zkowa (tylko dzia\u0142 &#8211; nie jest podpi\u0119te pod menu)","item":"https:\/\/www.solidarnosc.org.pl\/elblag\/pomoc-i-wsparcie\/"},{"@type":"ListItem","position":3,"name":"Benefity"}]},{"@type":"WebSite","@id":"https:\/\/www.solidarnosc.org.pl\/elblag\/#website","url":"https:\/\/www.solidarnosc.org.pl\/elblag\/","name":"Solidarno\u015b\u0107 Region Elbl\u0105ski","description":"","publisher":{"@id":"https:\/\/www.solidarnosc.org.pl\/elblag\/#organization"},"potentialAction":[{"@type":"SearchAction","target":{"@type":"EntryPoint","urlTemplate":"https:\/\/www.solidarnosc.org.pl\/elblag\/?s={search_term_string}"},"query-input":{"@type":"PropertyValueSpecification","valueRequired":true,"valueName":"search_term_string"}}],"inLanguage":"pl-PL"},{"@type":"Organization","@id":"https:\/\/www.solidarnosc.org.pl\/elblag\/#organization","name":"Solidarno\u015b\u0107 Region Elbl\u0105ski","url":"https:\/\/www.solidarnosc.org.pl\/elblag\/","logo":{"@type":"ImageObject","inLanguage":"pl-PL","@id":"https:\/\/www.solidarnosc.org.pl\/elblag\/#\/schema\/logo\/image\/","url":"https:\/\/www.solidarnosc.org.pl\/elblag\/wp-content\/uploads\/Plik_system\/Motyw\/Region.png","contentUrl":"https:\/\/www.solidarnosc.org.pl\/elblag\/wp-content\/uploads\/Plik_system\/Motyw\/Region.png","width":2200,"height":1300,"caption":"Solidarno\u015b\u0107 Region Elbl\u0105ski"},"image":{"@id":"https:\/\/www.solidarnosc.org.pl\/elblag\/#\/schema\/logo\/image\/"},"sameAs":["https:\/\/www.facebook.com\/RegionElblaskiNszzSolidarnosc"]}]}},"uagb_featured_image_src":{"full":false,"thumbnail":false,"medium":false,"medium_large":false,"large":false,"1536x1536":false,"2048x2048":false},"uagb_author_info":{"display_name":"admin","author_link":"https:\/\/www.solidarnosc.org.pl\/elblag\/author\/admin\/"},"uagb_comment_info":0,"uagb_excerpt":"Benefity czasowe","_links":{"self":[{"href":"https:\/\/www.solidarnosc.org.pl\/elblag\/wp-json\/wp\/v2\/pages\/45","targetHints":{"allow":["GET"]}}],"collection":[{"href":"https:\/\/www.solidarnosc.org.pl\/elblag\/wp-json\/wp\/v2\/pages"}],"about":[{"href":"https:\/\/www.solidarnosc.org.pl\/elblag\/wp-json\/wp\/v2\/types\/page"}],"author":[{"embeddable":true,"href":"https:\/\/www.solidarnosc.org.pl\/elblag\/wp-json\/wp\/v2\/users\/1"}],"replies":[{"embeddable":true,"href":"https:\/\/www.solidarnosc.org.pl\/elblag\/wp-json\/wp\/v2\/comments?post=45"}],"version-history":[{"count":11,"href":"https:\/\/www.solidarnosc.org.pl\/elblag\/wp-json\/wp\/v2\/pages\/45\/revisions"}],"predecessor-version":[{"id":1764,"href":"https:\/\/www.solidarnosc.org.pl\/elblag\/wp-json\/wp\/v2\/pages\/45\/revisions\/1764"}],"up":[{"embeddable":true,"href":"https:\/\/www.solidarnosc.org.pl\/elblag\/wp-json\/wp\/v2\/pages\/43"}],"wp:attachment":[{"href":"https:\/\/www.solidarnosc.org.pl\/elblag\/wp-json\/wp\/v2\/media?parent=45"}],"curies":[{"name":"wp","href":"https:\/\/api.w.org\/{rel}","templated":true}]}}