{"id":41,"date":"2025-03-02T11:15:55","date_gmt":"2025-03-02T10:15:55","guid":{"rendered":"https:\/\/dm74866.domenomania.eu\/solidarnosc\/?page_id=41"},"modified":"2025-05-29T15:18:59","modified_gmt":"2025-05-29T13:18:59","slug":"misja-i-wartosci","status":"publish","type":"page","link":"https:\/\/www.solidarnosc.org.pl\/elblag\/o-nas\/misja-i-wartosci\/","title":{"rendered":"Misja i warto\u015bci"},"content":{"rendered":"\n<h2 class=\"wp-block-heading has-vivid-red-color has-text-color has-link-color wp-elements-9bcc10347b82e9dace025aa311361a8e\">Misja i warto\u015bci<\/h2>\n\n\n\n<p><strong>NASZA MISJA:<\/strong><\/p>\n\n\n\n<p>Nasz\u0105 misj\u0105 jest\u00a0obrona praw pracownik\u00f3w, troska o\u00a0godne warunki pracy,\u00a0sprawiedliwe traktowanie\u00a0i\u00a0stabilne zatrudnienie. Tworzymy\u00a0solidarn\u0105 wsp\u00f3lnot\u0119 ludzi pracy, kt\u00f3ra wspiera si\u0119 wzajemnie i dba o dobro wsp\u00f3lne. Dzia\u0142amy na rzecz budowania \u015brodowiska pracy opartego na szacunku, uczciwo\u015bci i dialogu \u2013 zar\u00f3wno w relacjach z pracodawcami, jak i w strukturach spo\u0142ecznych.<\/p>\n\n\n\n<p><strong>NASZE CELE:<\/strong><\/p>\n\n\n\n<p>D\u0105\u017cymy do:<\/p>\n\n\n\n<p>\u2714&nbsp;Godnych wynagrodze\u0144&nbsp;i stabilno\u015bci zatrudnienia<\/p>\n\n\n\n<p>\u2714&nbsp;Ochrony przed bezprawnym zwolnieniem<\/p>\n\n\n\n<p>\u2714&nbsp;Poprawy warunk\u00f3w pracy&nbsp;i przestrzegania przepis\u00f3w BHP<\/p>\n\n\n\n<p>\u2714&nbsp;Sprawiedliwego i r\u00f3wnego traktowania&nbsp;pracownik\u00f3w<\/p>\n\n\n\n<p>\u2714&nbsp;R\u00f3wno\u015bci szans&nbsp;i przeciwdzia\u0142ania wszelkim formom dyskryminacji<\/p>\n\n\n\n<hr class=\"wp-block-separator has-alpha-channel-opacity\"\/>\n\n\n\n<p><strong>WARTO\u015aCI, KT\u00d3RE NAS PROWADZ\u0104:<\/strong><\/p>\n\n\n\n<p>\u2022&nbsp;<strong>Solidarno\u015b\u0107<\/strong>&nbsp;\u2013 wzajemne wsparcie, jedno\u015b\u0107, odpowiedzialno\u015b\u0107<\/p>\n\n\n\n<p>\u2022&nbsp;<strong>Godno\u015b\u0107 pracy<\/strong>&nbsp;\u2013 szacunek dla ka\u017cdego zawodu i pracownika<\/p>\n\n\n\n<p>\u2022&nbsp;<strong>Sprawiedliwo\u015b\u0107 spo\u0142eczna<\/strong>&nbsp;\u2013 r\u00f3wno\u015b\u0107 praw i obowi\u0105zk\u00f3w<\/p>\n\n\n\n<p>\u2022&nbsp;<strong>Wolno\u015b\u0107 i prawda<\/strong>&nbsp;\u2013 uczciwo\u015b\u0107, przejrzysto\u015b\u0107, autonomia<\/p>\n\n\n\n<p>\u2022&nbsp;<strong>Demokracja&nbsp;<\/strong>\u2013 wsp\u00f3\u0142decydowanie i dialog spo\u0142eczny<\/p>\n\n\n\n<p>\u2022&nbsp;<strong>Wra\u017cliwo\u015b\u0107 spo\u0142eczna<\/strong>&nbsp;\u2013 troska o osoby s\u0142absze i potrzebuj\u0105ce wsparcia<\/p>\n\n\n\n<hr class=\"wp-block-separator has-alpha-channel-opacity\"\/>\n\n\n\n<p><strong>TEREN NASZEJ DZIA\u0141ALNO\u015aCI<\/strong>:<\/p>\n\n\n\n<p>Region Elbl\u0105ski NSZZ \u201eSolidarno\u015b\u0107\u201d dzia\u0142a w p\u00f3\u0142nocno-wschodniej Polsce, obejmuj\u0105c:<\/p>\n\n\n\n<p><strong>Elbl\u0105g,&nbsp;Braniewo,&nbsp;Pas\u0142\u0119k,&nbsp;Frombork,&nbsp;Tolkmicko,&nbsp;M\u0142ynary,&nbsp;Nowy Dw\u00f3r Gda\u0144ski,&nbsp;Malbork,&nbsp;Sztum,&nbsp;Kwidzyn,&nbsp;Dzierzgo\u0144&nbsp;i okoliczne miejscowo\u015bci.<\/strong><\/p>\n\n\n\n<p>Siedziba Regionu znajduje si\u0119 w Elbl\u0105gu, a dzia\u0142alno\u015b\u0107 wspiera r\u00f3wnie\u017c&nbsp;Delegatura w Kwidzynie.<\/p>\n\n\n\n<p><\/p>\n","protected":false},"excerpt":{"rendered":"<p>Misja i warto\u015bci NASZA MISJA: Nasz\u0105 misj\u0105 jest\u00a0obrona praw pracownik\u00f3w, troska o\u00a0godne warunki pracy,\u00a0sprawiedliwe traktowanie\u00a0i\u00a0stabilne zatrudnienie. Tworzymy\u00a0solidarn\u0105 wsp\u00f3lnot\u0119 ludzi pracy, kt\u00f3ra wspiera si\u0119 wzajemnie i dba o dobro wsp\u00f3lne. Dzia\u0142amy na rzecz budowania \u015brodowiska pracy opartego na szacunku, uczciwo\u015bci i dialogu \u2013 zar\u00f3wno w relacjach z pracodawcami, jak i w strukturach spo\u0142ecznych. NASZE CELE: D\u0105\u017cymy [&hellip;]<\/p>\n","protected":false},"author":1,"featured_media":0,"parent":35,"menu_order":0,"comment_status":"closed","ping_status":"closed","template":"","meta":{"_coblocks_attr":"","_coblocks_dimensions":"","_coblocks_responsive_height":"","_coblocks_accordion_ie_support":"","_uag_custom_page_level_css":"","footnotes":""},"class_list":["post-41","page","type-page","status-publish","hentry"],"blocksy_meta":[],"yoast_head":"<!-- This site is optimized with the Yoast SEO plugin v25.4 - https:\/\/yoast.com\/wordpress\/plugins\/seo\/ -->\n<title>Misja i warto\u015bci - Solidarno\u015b\u0107 Region Elbl\u0105ski<\/title>\n<meta name=\"robots\" content=\"index, follow, max-snippet:-1, max-image-preview:large, max-video-preview:-1\" \/>\n<link rel=\"canonical\" href=\"https:\/\/www.solidarnosc.org.pl\/elblag\/o-nas\/misja-i-wartosci\/\" \/>\n<meta property=\"og:locale\" content=\"pl_PL\" \/>\n<meta property=\"og:type\" content=\"article\" \/>\n<meta property=\"og:title\" content=\"Misja i warto\u015bci - Solidarno\u015b\u0107 Region Elbl\u0105ski\" \/>\n<meta property=\"og:description\" content=\"Misja i warto\u015bci NASZA MISJA: Nasz\u0105 misj\u0105 jest\u00a0obrona praw pracownik\u00f3w, troska o\u00a0godne warunki pracy,\u00a0sprawiedliwe traktowanie\u00a0i\u00a0stabilne zatrudnienie. Tworzymy\u00a0solidarn\u0105 wsp\u00f3lnot\u0119 ludzi pracy, kt\u00f3ra wspiera si\u0119 wzajemnie i dba o dobro wsp\u00f3lne. Dzia\u0142amy na rzecz budowania \u015brodowiska pracy opartego na szacunku, uczciwo\u015bci i dialogu \u2013 zar\u00f3wno w relacjach z pracodawcami, jak i w strukturach spo\u0142ecznych. NASZE CELE: D\u0105\u017cymy [&hellip;]\" \/>\n<meta property=\"og:url\" content=\"https:\/\/www.solidarnosc.org.pl\/elblag\/o-nas\/misja-i-wartosci\/\" \/>\n<meta property=\"og:site_name\" content=\"Solidarno\u015b\u0107 Region Elbl\u0105ski\" \/>\n<meta property=\"article:publisher\" content=\"https:\/\/www.facebook.com\/RegionElblaskiNszzSolidarnosc\" \/>\n<meta property=\"article:modified_time\" content=\"2025-05-29T13:18:59+00:00\" \/>\n<meta property=\"og:image\" content=\"https:\/\/www.solidarnosc.org.pl\/elblag\/wp-content\/uploads\/Plik_system\/Motyw\/image0-3.jpeg\" \/>\n\t<meta property=\"og:image:width\" content=\"1920\" \/>\n\t<meta property=\"og:image:height\" content=\"1080\" \/>\n\t<meta property=\"og:image:type\" content=\"image\/jpeg\" \/>\n<meta name=\"twitter:card\" content=\"summary_large_image\" \/>\n<meta name=\"twitter:label1\" content=\"Szacowany czas czytania\" \/>\n\t<meta name=\"twitter:data1\" content=\"2 minuty\" \/>\n<script type=\"application\/ld+json\" class=\"yoast-schema-graph\">{\"@context\":\"https:\/\/schema.org\",\"@graph\":[{\"@type\":\"WebPage\",\"@id\":\"https:\/\/www.solidarnosc.org.pl\/elblag\/o-nas\/misja-i-wartosci\/\",\"url\":\"https:\/\/www.solidarnosc.org.pl\/elblag\/o-nas\/misja-i-wartosci\/\",\"name\":\"Misja i warto\u015bci - Solidarno\u015b\u0107 Region Elbl\u0105ski\",\"isPartOf\":{\"@id\":\"https:\/\/www.solidarnosc.org.pl\/elblag\/#website\"},\"datePublished\":\"2025-03-02T10:15:55+00:00\",\"dateModified\":\"2025-05-29T13:18:59+00:00\",\"breadcrumb\":{\"@id\":\"https:\/\/www.solidarnosc.org.pl\/elblag\/o-nas\/misja-i-wartosci\/#breadcrumb\"},\"inLanguage\":\"pl-PL\",\"potentialAction\":[{\"@type\":\"ReadAction\",\"target\":[\"https:\/\/www.solidarnosc.org.pl\/elblag\/o-nas\/misja-i-wartosci\/\"]}]},{\"@type\":\"BreadcrumbList\",\"@id\":\"https:\/\/www.solidarnosc.org.pl\/elblag\/o-nas\/misja-i-wartosci\/#breadcrumb\",\"itemListElement\":[{\"@type\":\"ListItem\",\"position\":1,\"name\":\"Home\",\"item\":\"https:\/\/www.solidarnosc.org.pl\/elblag\/\"},{\"@type\":\"ListItem\",\"position\":2,\"name\":\"O nas (tylko dzia\u0142 &#8211; nie jest podpi\u0119te pod menu)\",\"item\":\"https:\/\/www.solidarnosc.org.pl\/elblag\/o-nas\/\"},{\"@type\":\"ListItem\",\"position\":3,\"name\":\"Misja i warto\u015bci\"}]},{\"@type\":\"WebSite\",\"@id\":\"https:\/\/www.solidarnosc.org.pl\/elblag\/#website\",\"url\":\"https:\/\/www.solidarnosc.org.pl\/elblag\/\",\"name\":\"Solidarno\u015b\u0107 Region Elbl\u0105ski\",\"description\":\"\",\"publisher\":{\"@id\":\"https:\/\/www.solidarnosc.org.pl\/elblag\/#organization\"},\"potentialAction\":[{\"@type\":\"SearchAction\",\"target\":{\"@type\":\"EntryPoint\",\"urlTemplate\":\"https:\/\/www.solidarnosc.org.pl\/elblag\/?s={search_term_string}\"},\"query-input\":{\"@type\":\"PropertyValueSpecification\",\"valueRequired\":true,\"valueName\":\"search_term_string\"}}],\"inLanguage\":\"pl-PL\"},{\"@type\":\"Organization\",\"@id\":\"https:\/\/www.solidarnosc.org.pl\/elblag\/#organization\",\"name\":\"Solidarno\u015b\u0107 Region Elbl\u0105ski\",\"url\":\"https:\/\/www.solidarnosc.org.pl\/elblag\/\",\"logo\":{\"@type\":\"ImageObject\",\"inLanguage\":\"pl-PL\",\"@id\":\"https:\/\/www.solidarnosc.org.pl\/elblag\/#\/schema\/logo\/image\/\",\"url\":\"https:\/\/www.solidarnosc.org.pl\/elblag\/wp-content\/uploads\/Plik_system\/Motyw\/Region.png\",\"contentUrl\":\"https:\/\/www.solidarnosc.org.pl\/elblag\/wp-content\/uploads\/Plik_system\/Motyw\/Region.png\",\"width\":2200,\"height\":1300,\"caption\":\"Solidarno\u015b\u0107 Region Elbl\u0105ski\"},\"image\":{\"@id\":\"https:\/\/www.solidarnosc.org.pl\/elblag\/#\/schema\/logo\/image\/\"},\"sameAs\":[\"https:\/\/www.facebook.com\/RegionElblaskiNszzSolidarnosc\"]}]}<\/script>\n<!-- \/ Yoast SEO plugin. -->","yoast_head_json":{"title":"Misja i warto\u015bci - Solidarno\u015b\u0107 Region Elbl\u0105ski","robots":{"index":"index","follow":"follow","max-snippet":"max-snippet:-1","max-image-preview":"max-image-preview:large","max-video-preview":"max-video-preview:-1"},"canonical":"https:\/\/www.solidarnosc.org.pl\/elblag\/o-nas\/misja-i-wartosci\/","og_locale":"pl_PL","og_type":"article","og_title":"Misja i warto\u015bci - Solidarno\u015b\u0107 Region Elbl\u0105ski","og_description":"Misja i warto\u015bci NASZA MISJA: Nasz\u0105 misj\u0105 jest\u00a0obrona praw pracownik\u00f3w, troska o\u00a0godne warunki pracy,\u00a0sprawiedliwe traktowanie\u00a0i\u00a0stabilne zatrudnienie. Tworzymy\u00a0solidarn\u0105 wsp\u00f3lnot\u0119 ludzi pracy, kt\u00f3ra wspiera si\u0119 wzajemnie i dba o dobro wsp\u00f3lne. Dzia\u0142amy na rzecz budowania \u015brodowiska pracy opartego na szacunku, uczciwo\u015bci i dialogu \u2013 zar\u00f3wno w relacjach z pracodawcami, jak i w strukturach spo\u0142ecznych. NASZE CELE: D\u0105\u017cymy [&hellip;]","og_url":"https:\/\/www.solidarnosc.org.pl\/elblag\/o-nas\/misja-i-wartosci\/","og_site_name":"Solidarno\u015b\u0107 Region Elbl\u0105ski","article_publisher":"https:\/\/www.facebook.com\/RegionElblaskiNszzSolidarnosc","article_modified_time":"2025-05-29T13:18:59+00:00","og_image":[{"width":1920,"height":1080,"url":"https:\/\/www.solidarnosc.org.pl\/elblag\/wp-content\/uploads\/Plik_system\/Motyw\/image0-3.jpeg","type":"image\/jpeg"}],"twitter_card":"summary_large_image","twitter_misc":{"Szacowany czas czytania":"2 minuty"},"schema":{"@context":"https:\/\/schema.org","@graph":[{"@type":"WebPage","@id":"https:\/\/www.solidarnosc.org.pl\/elblag\/o-nas\/misja-i-wartosci\/","url":"https:\/\/www.solidarnosc.org.pl\/elblag\/o-nas\/misja-i-wartosci\/","name":"Misja i warto\u015bci - Solidarno\u015b\u0107 Region Elbl\u0105ski","isPartOf":{"@id":"https:\/\/www.solidarnosc.org.pl\/elblag\/#website"},"datePublished":"2025-03-02T10:15:55+00:00","dateModified":"2025-05-29T13:18:59+00:00","breadcrumb":{"@id":"https:\/\/www.solidarnosc.org.pl\/elblag\/o-nas\/misja-i-wartosci\/#breadcrumb"},"inLanguage":"pl-PL","potentialAction":[{"@type":"ReadAction","target":["https:\/\/www.solidarnosc.org.pl\/elblag\/o-nas\/misja-i-wartosci\/"]}]},{"@type":"BreadcrumbList","@id":"https:\/\/www.solidarnosc.org.pl\/elblag\/o-nas\/misja-i-wartosci\/#breadcrumb","itemListElement":[{"@type":"ListItem","position":1,"name":"Home","item":"https:\/\/www.solidarnosc.org.pl\/elblag\/"},{"@type":"ListItem","position":2,"name":"O nas (tylko dzia\u0142 &#8211; nie jest podpi\u0119te pod menu)","item":"https:\/\/www.solidarnosc.org.pl\/elblag\/o-nas\/"},{"@type":"ListItem","position":3,"name":"Misja i warto\u015bci"}]},{"@type":"WebSite","@id":"https:\/\/www.solidarnosc.org.pl\/elblag\/#website","url":"https:\/\/www.solidarnosc.org.pl\/elblag\/","name":"Solidarno\u015b\u0107 Region Elbl\u0105ski","description":"","publisher":{"@id":"https:\/\/www.solidarnosc.org.pl\/elblag\/#organization"},"potentialAction":[{"@type":"SearchAction","target":{"@type":"EntryPoint","urlTemplate":"https:\/\/www.solidarnosc.org.pl\/elblag\/?s={search_term_string}"},"query-input":{"@type":"PropertyValueSpecification","valueRequired":true,"valueName":"search_term_string"}}],"inLanguage":"pl-PL"},{"@type":"Organization","@id":"https:\/\/www.solidarnosc.org.pl\/elblag\/#organization","name":"Solidarno\u015b\u0107 Region Elbl\u0105ski","url":"https:\/\/www.solidarnosc.org.pl\/elblag\/","logo":{"@type":"ImageObject","inLanguage":"pl-PL","@id":"https:\/\/www.solidarnosc.org.pl\/elblag\/#\/schema\/logo\/image\/","url":"https:\/\/www.solidarnosc.org.pl\/elblag\/wp-content\/uploads\/Plik_system\/Motyw\/Region.png","contentUrl":"https:\/\/www.solidarnosc.org.pl\/elblag\/wp-content\/uploads\/Plik_system\/Motyw\/Region.png","width":2200,"height":1300,"caption":"Solidarno\u015b\u0107 Region Elbl\u0105ski"},"image":{"@id":"https:\/\/www.solidarnosc.org.pl\/elblag\/#\/schema\/logo\/image\/"},"sameAs":["https:\/\/www.facebook.com\/RegionElblaskiNszzSolidarnosc"]}]}},"uagb_featured_image_src":{"full":false,"thumbnail":false,"medium":false,"medium_large":false,"large":false,"1536x1536":false,"2048x2048":false},"uagb_author_info":{"display_name":"admin","author_link":"https:\/\/www.solidarnosc.org.pl\/elblag\/author\/admin\/"},"uagb_comment_info":0,"uagb_excerpt":"Misja i warto\u015bci NASZA MISJA: Nasz\u0105 misj\u0105 jest\u00a0obrona praw pracownik\u00f3w, troska o\u00a0godne warunki pracy,\u00a0sprawiedliwe traktowanie\u00a0i\u00a0stabilne zatrudnienie. Tworzymy\u00a0solidarn\u0105 wsp\u00f3lnot\u0119 ludzi pracy, kt\u00f3ra wspiera si\u0119 wzajemnie i dba o dobro wsp\u00f3lne. Dzia\u0142amy na rzecz budowania \u015brodowiska pracy opartego na szacunku, uczciwo\u015bci i dialogu \u2013 zar\u00f3wno w relacjach z pracodawcami, jak i w strukturach spo\u0142ecznych. NASZE CELE: D\u0105\u017cymy&hellip;","_links":{"self":[{"href":"https:\/\/www.solidarnosc.org.pl\/elblag\/wp-json\/wp\/v2\/pages\/41","targetHints":{"allow":["GET"]}}],"collection":[{"href":"https:\/\/www.solidarnosc.org.pl\/elblag\/wp-json\/wp\/v2\/pages"}],"about":[{"href":"https:\/\/www.solidarnosc.org.pl\/elblag\/wp-json\/wp\/v2\/types\/page"}],"author":[{"embeddable":true,"href":"https:\/\/www.solidarnosc.org.pl\/elblag\/wp-json\/wp\/v2\/users\/1"}],"replies":[{"embeddable":true,"href":"https:\/\/www.solidarnosc.org.pl\/elblag\/wp-json\/wp\/v2\/comments?post=41"}],"version-history":[{"count":4,"href":"https:\/\/www.solidarnosc.org.pl\/elblag\/wp-json\/wp\/v2\/pages\/41\/revisions"}],"predecessor-version":[{"id":1325,"href":"https:\/\/www.solidarnosc.org.pl\/elblag\/wp-json\/wp\/v2\/pages\/41\/revisions\/1325"}],"up":[{"embeddable":true,"href":"https:\/\/www.solidarnosc.org.pl\/elblag\/wp-json\/wp\/v2\/pages\/35"}],"wp:attachment":[{"href":"https:\/\/www.solidarnosc.org.pl\/elblag\/wp-json\/wp\/v2\/media?parent=41"}],"curies":[{"name":"wp","href":"https:\/\/api.w.org\/{rel}","templated":true}]}}