{"id":27,"date":"2025-03-02T11:14:44","date_gmt":"2025-03-02T10:14:44","guid":{"rendered":"https:\/\/dm74866.domenomania.eu\/solidarnosc\/?page_id=27"},"modified":"2025-05-29T15:16:54","modified_gmt":"2025-05-29T13:16:54","slug":"kontakt","status":"publish","type":"page","link":"https:\/\/www.solidarnosc.org.pl\/elblag\/kontakt\/kontakt\/","title":{"rendered":"Kontakt"},"content":{"rendered":"\n<h2 class=\"wp-block-heading has-vivid-red-color has-text-color has-link-color wp-elements-0f32d3dd7819555ec9557a0db0f44bd5\">Kontakt<\/h2>\n\n\n\n<div class=\"wp-block-columns is-layout-flex wp-container-core-columns-is-layout-28f84493 wp-block-columns-is-layout-flex\">\n<div class=\"wp-block-column is-layout-flow wp-block-column-is-layout-flow\">\n<div class=\"wpcf7 no-js\" id=\"wpcf7-f445-o1\" lang=\"pl-PL\" dir=\"ltr\" data-wpcf7-id=\"445\">\n<div class=\"screen-reader-response\"><p role=\"status\" aria-live=\"polite\" aria-atomic=\"true\"><\/p> <ul><\/ul><\/div>\n<form action=\"\/elblag\/wp-json\/wp\/v2\/pages\/27#wpcf7-f445-o1\" method=\"post\" class=\"wpcf7-form init\" aria-label=\"Formularz kontaktowy\" novalidate=\"novalidate\" data-status=\"init\">\n<fieldset class=\"hidden-fields-container\"><input type=\"hidden\" name=\"_wpcf7\" value=\"445\" \/><input type=\"hidden\" name=\"_wpcf7_version\" value=\"6.1\" \/><input type=\"hidden\" name=\"_wpcf7_locale\" value=\"pl_PL\" \/><input type=\"hidden\" name=\"_wpcf7_unit_tag\" value=\"wpcf7-f445-o1\" \/><input type=\"hidden\" name=\"_wpcf7_container_post\" value=\"0\" \/><input type=\"hidden\" name=\"_wpcf7_posted_data_hash\" value=\"\" \/>\n<\/fieldset>\n<style>\n\/* Stylizacja formularza *\/\n.wpcf7-form {\n max-width: 800px;\n margin: 0;\n padding: 20px;\n background: #f8f8f8;\n border-radius: 10px;\n box-shadow: 0px 4px 10px rgba(0, 0, 0, 0.1);\n}\n\n\/* Stylizacja p\u00f3l formularza *\/\n.wpcf7-form label {\n display: block;\n font-weight: bold;\n margin-bottom: 5px;\n font-size: 16px;\n color: #333;\n\n}\n\n.wpcf7-form input, .wpcf7-form textarea {\n width: 100%;\n padding: 10px;\n margin-bottom: 15px;\n border: 1px solid #ccc;\n border-radius: 5px;\n font-size: 16px;\n background: white;\n}\n\n\/* Stylizacja przycisku *\/\n.wpcf7-form input[type=\"submit\"] {\n background: #E30613;\n color: white;\n font-weight: bold;\n font-size: 18px;\n padding: 10px 15px;\n border: none;\n border-radius: 5px;\n cursor: pointer;\n transition: background 0.3s;\n}\n\n.wpcf7-form input[type=\"submit\"]:hover {\n background: #0056b3;\n}\n\n\/* Stylizacja CAPTCHA *\/\n.captcha-container {\n position: relative;\n display: inline-block;\n margin-bottom: 10px;\n}\n\n#captcha-canvas {\n border: 2px solid #ccc;\n display: block;\n border-radius: 5px;\n}\n\n\/* Ikona od\u015bwie\u017cania CAPTCHA *\/\n#captcha-refresh {\n position: absolute;\n top: 5px;\n right: 5px;\n background: rgba(255, 255, 255, 0.8);\n border-radius: 50%;\n padding: 5px;\n cursor: pointer;\n width: 30px;\n height: 30px;\n}\n\n#captcha-refresh img {\n width: 100%;\n height: 100%;\n}\n\n\/* Komunikat b\u0142\u0119du *\/\n#captcha-error {\n color: red;\n font-size: 16px;\n display: none;\n font-weight: bold;\n}\n<\/style>\n<p><label> Twoje imi\u0119 i nazwisko<br \/>\n<span class=\"wpcf7-form-control-wrap\" data-name=\"your-name\"><input size=\"40\" maxlength=\"400\" class=\"wpcf7-form-control wpcf7-text wpcf7-validates-as-required\" autocomplete=\"name\" aria-required=\"true\" aria-invalid=\"false\" value=\"\" type=\"text\" name=\"your-name\" \/><\/span> <\/label>\n<\/p>\n<p><label> Tw\u00f3j adres e-mail<br \/>\n<span class=\"wpcf7-form-control-wrap\" data-name=\"your-email\"><input size=\"40\" maxlength=\"400\" class=\"wpcf7-form-control wpcf7-email wpcf7-validates-as-required wpcf7-text wpcf7-validates-as-email\" autocomplete=\"email\" aria-required=\"true\" aria-invalid=\"false\" value=\"\" type=\"email\" name=\"your-email\" \/><\/span> <\/label>\n<\/p>\n<p><label> Temat<br \/>\n<span class=\"wpcf7-form-control-wrap\" data-name=\"your-subject\"><input size=\"40\" maxlength=\"400\" class=\"wpcf7-form-control wpcf7-text wpcf7-validates-as-required\" aria-required=\"true\" aria-invalid=\"false\" value=\"\" type=\"text\" name=\"your-subject\" \/><\/span> <\/label>\n<\/p>\n<p><label> Twoja wiadomo\u015b\u0107<br \/>\n<span class=\"wpcf7-form-control-wrap\" data-name=\"your-message\"><textarea cols=\"40\" rows=\"10\" maxlength=\"2000\" class=\"wpcf7-form-control wpcf7-textarea wpcf7-validates-as-required\" aria-required=\"true\" aria-invalid=\"false\" name=\"your-message\"><\/textarea><\/span> <\/label>\n<\/p>\n<p><span class=\"wpcf7-form-control-wrap\" data-name=\"acceptance-502\"><span class=\"wpcf7-form-control wpcf7-acceptance\"><span class=\"wpcf7-list-item\"><label><input type=\"checkbox\" name=\"acceptance-502\" value=\"1\" aria-invalid=\"false\" \/><span class=\"wpcf7-list-item-label\">Wyra\u017cam zgod\u0119 na przetwarzanie moich danych osobowych zgodnie z Polityk\u0105 Prywatno\u015bci i RODO.<\/span><\/label><\/span><\/span><\/span>\n<\/p>\n<p><label><br \/>\n<span id=\"captcha-instruction\"><\/span><br \/>\n<\/label>\n<\/p>\n<div class=\"captcha-container\">\n\t<p><canvas id=\"captcha-canvas\" width=\"300\" height=\"80\"><\/canvas>\n\t<\/p>\n\t<div id=\"captcha-refresh\">\n\t\t<p><img decoding=\"async\" src=\"https:\/\/cdn-icons-png.flaticon.com\/512\/61\/61444.png\" alt=\"Od\u015bwie\u017c CAPTCHA\" title=\"Od\u015bwie\u017c CAPTCHA\" \/>\n\t\t<\/p>\n\t<\/div>\n<\/div>\n<p><span class=\"wpcf7-form-control-wrap\" data-name=\"captcha_answer\"><input size=\"40\" maxlength=\"400\" class=\"wpcf7-form-control wpcf7-text wpcf7-validates-as-required\" aria-required=\"true\" aria-invalid=\"false\" value=\"\" type=\"text\" name=\"captcha_answer\" \/><\/span><br \/>\n<\/p>\n<p id=\"captcha-error\">Niepoprawna odpowied\u017a. Spr\u00f3buj ponownie.\n<\/p>\n<p><input class=\"wpcf7-form-control wpcf7-submit has-spinner\" type=\"submit\" value=\"Wy\u015blij\" \/>\n<\/p>\n<p><script>\ndocument.addEventListener(\"DOMContentLoaded\", function() {\n var captchaType;\n var correctAnswer;\n var canvas = document.getElementById(\"captcha-canvas\");\n var ctx = canvas.getContext(\"2d\");\n\n function generateCaptcha() {\n captchaType = Math.random() < 0.5 ? \"math\" : \"string\";\n ctx.clearRect(0, 0, canvas.width, canvas.height);\n ctx.fillStyle = \"#f8f8f8\";\n ctx.fillRect(0, 0, canvas.width, canvas.height);\n ctx.font = \"bold 32px Arial\";\n ctx.fillStyle = \"#333\";\n \n if (captchaType === \"math\") {\n var num1 = Math.floor(Math.random() * 10) + 1;\n var num2 = Math.floor(Math.random() * 10) + 1;\n var operators = [\"+\", \"-\", \"*\", \"\/\"];\n var operator = operators[Math.floor(Math.random() * operators.length)];\n \n if (operator === \"\/\") {\n num1 = num1 * num2;\n }\n\n correctAnswer = eval(num1 + operator + num2);\n document.getElementById(\"captcha-instruction\").textContent = \"Podaj prawid\u0142owy wynik:\";\n ctx.fillText(num1 + \" \" + operator + \" \" + num2 + \" = ?\", 30, 50);\n } \n else {\n var chars = \"ABCDEFGHIJKLMNOPQRSTUVWXYZabcdefghijklmnopqrstuvwxyz0123456789!@#$%^&*\";\n var randomString = \"\";\n for (var i = 0; i < 8; i++) {\n randomString += chars.charAt(Math.floor(Math.random() * chars.length));\n }\n correctAnswer = randomString;\n document.getElementById(\"captcha-instruction\").textContent = \"Przepisz dok\u0142adnie poni\u017cszy ci\u0105g znak\u00f3w:\";\n ctx.fillText(correctAnswer, 30, 50);\n }\n }\n\n generateCaptcha();\n\n \/\/ Obs\u0142uga od\u015bwie\u017cania CAPTCHA po klikni\u0119ciu\n document.getElementById(\"captcha-refresh\").addEventListener(\"click\", function() {\n generateCaptcha();\n });\n\n var form = document.querySelector('.wpcf7-form');\n var errorMessage = document.getElementById(\"captcha-error\");\n\n form.addEventListener(\"submit\", function(event) {\n var userAnswerField = document.querySelector('[name=\"captcha_answer\"]');\n var userAnswer = userAnswerField.value.trim();\n\n if (userAnswer !== correctAnswer.toString()) {\n event.preventDefault();\n errorMessage.style.display = \"block\";\n userAnswerField.value = \"\";\n userAnswerField.focus();\n } else {\n errorMessage.style.display = \"none\";\n }\n }, false);\n});\n<\/script>\n<\/p><div class=\"wpcf7-response-output\" aria-hidden=\"true\"><\/div>\n<\/form>\n<\/div>\n\n<\/div>\n\n\n\n<div class=\"wp-block-column is-layout-flow wp-block-column-is-layout-flow\">\n<h2 class=\"wp-block-heading\">Biuro NSZZ Solidarno\u015b\u0107 &#8211; Elbl\u0105g<\/h2>\n\n\n\n<p>Adres: 1 Maja 2, 82-300 Elbl\u0105g<\/p>\n\n\n\n<p>Kontakt: +48 55 641 58 85<\/p>\n\n\n\n<p><font style=\"vertical-align: inherit;\"><font style=\"vertical-align: inherit;\">Adres e-mail: elblag@solidarnosc.org.pl<\/font><\/font><\/p>\n\n\n\t\t\t<div \n\t\t\tclass=\"wp-block-uagb-google-map uagb-google-map__wrap uagb-block-3c031038     \"\n\t\t\tstyle=\"\" >\n\t\t\t\t<embed\n\t\t\t\t\tclass=\"uagb-google-map__iframe\"\n\t\t\t\t\ttitle=\"Mapa Google dla \"\n\t\t\t\t\tsrc=\"https:\/\/maps.google.com\/maps?q=1%20maja%202%20elbl%C4%85g&#038;z=17&#038;hl=pl&#038;t=k&#038;output=embed&#038;iwloc=near\"\n\t\t\t\t\twidth=\"640\"\n\t\t\t\t\theight=\"450\"\n\t\t\t\t\tloading=\"lazy\"\n\t\t\t\t><\/embed>\n\t\t\t<\/div>\n\t\t\t<\/div>\n\n\n\n<div class=\"wp-block-column is-layout-flow wp-block-column-is-layout-flow\">\n<h2 class=\"wp-block-heading\">Biuro NSZZ Solidarno\u015b\u0107 &#8211; Kwidzyn<\/h2>\n\n\n\n<p>Adres: 11 Listopada 1, 82-500 Kwidzyn<\/p>\n\n\n\n<p>Kontakt: +48 55 645 64 46<\/p>\n\n\n\n<p>Email: kwidzyn@solidarnosc.org.pl<\/p>\n\n\n\t\t\t<div \n\t\t\tclass=\"wp-block-uagb-google-map uagb-google-map__wrap uagb-block-0c029fc0     \"\n\t\t\tstyle=\"\" >\n\t\t\t\t<embed\n\t\t\t\t\tclass=\"uagb-google-map__iframe\"\n\t\t\t\t\ttitle=\"Mapa Google dla \"\n\t\t\t\t\tsrc=\"https:\/\/maps.google.com\/maps?q=1%20maja%202%20elbl%C4%85g&#038;z=17&#038;hl=pl&#038;t=k&#038;output=embed&#038;iwloc=near\"\n\t\t\t\t\twidth=\"640\"\n\t\t\t\t\theight=\"450\"\n\t\t\t\t\tloading=\"lazy\"\n\t\t\t\t><\/embed>\n\t\t\t<\/div>\n\t\t\t<\/div>\n<\/div>\n\n\n\n<p><\/p>\n","protected":false},"excerpt":{"rendered":"<p>Kontakt Biuro NSZZ Solidarno\u015b\u0107 &#8211; Elbl\u0105g Adres: 1 Maja 2, 82-300 Elbl\u0105g Kontakt: +48 55 641 58 85 Adres e-mail: elblag@solidarnosc.org.pl Biuro NSZZ Solidarno\u015b\u0107 &#8211; Kwidzyn Adres: 11 Listopada 1, 82-500 Kwidzyn Kontakt: +48 55 645 64 46 Email: kwidzyn@solidarnosc.org.pl<\/p>\n","protected":false},"author":1,"featured_media":0,"parent":23,"menu_order":0,"comment_status":"closed","ping_status":"closed","template":"","meta":{"_coblocks_attr":"","_coblocks_dimensions":"","_coblocks_responsive_height":"","_coblocks_accordion_ie_support":"","_uag_custom_page_level_css":"","footnotes":""},"class_list":["post-27","page","type-page","status-publish","hentry"],"blocksy_meta":[],"yoast_head":"<!-- This site is optimized with the Yoast SEO plugin v25.4 - https:\/\/yoast.com\/wordpress\/plugins\/seo\/ -->\n<title>Kontakt - Solidarno\u015b\u0107 Region Elbl\u0105ski<\/title>\n<meta name=\"robots\" content=\"index, follow, max-snippet:-1, max-image-preview:large, max-video-preview:-1\" \/>\n<link rel=\"canonical\" href=\"https:\/\/www.solidarnosc.org.pl\/elblag\/kontakt\/kontakt\/\" \/>\n<meta property=\"og:locale\" content=\"pl_PL\" \/>\n<meta property=\"og:type\" content=\"article\" \/>\n<meta property=\"og:title\" content=\"Kontakt - Solidarno\u015b\u0107 Region Elbl\u0105ski\" \/>\n<meta property=\"og:description\" content=\"Kontakt Biuro NSZZ Solidarno\u015b\u0107 &#8211; Elbl\u0105g Adres: 1 Maja 2, 82-300 Elbl\u0105g Kontakt: +48 55 641 58 85 Adres e-mail: elblag@solidarnosc.org.pl Biuro NSZZ Solidarno\u015b\u0107 &#8211; Kwidzyn Adres: 11 Listopada 1, 82-500 Kwidzyn Kontakt: +48 55 645 64 46 Email: kwidzyn@solidarnosc.org.pl\" \/>\n<meta property=\"og:url\" content=\"https:\/\/www.solidarnosc.org.pl\/elblag\/kontakt\/kontakt\/\" \/>\n<meta property=\"og:site_name\" content=\"Solidarno\u015b\u0107 Region Elbl\u0105ski\" \/>\n<meta property=\"article:publisher\" content=\"https:\/\/www.facebook.com\/RegionElblaskiNszzSolidarnosc\" \/>\n<meta property=\"article:modified_time\" content=\"2025-05-29T13:16:54+00:00\" \/>\n<meta property=\"og:image\" content=\"https:\/\/www.solidarnosc.org.pl\/elblag\/wp-content\/uploads\/Plik_system\/Motyw\/image0-3.jpeg\" \/>\n\t<meta property=\"og:image:width\" content=\"1920\" \/>\n\t<meta property=\"og:image:height\" content=\"1080\" \/>\n\t<meta property=\"og:image:type\" content=\"image\/jpeg\" \/>\n<meta name=\"twitter:card\" content=\"summary_large_image\" \/>\n<meta name=\"twitter:label1\" content=\"Szacowany czas czytania\" \/>\n\t<meta name=\"twitter:data1\" content=\"1 minuta\" \/>\n<script type=\"application\/ld+json\" class=\"yoast-schema-graph\">{\"@context\":\"https:\/\/schema.org\",\"@graph\":[{\"@type\":\"WebPage\",\"@id\":\"https:\/\/www.solidarnosc.org.pl\/elblag\/kontakt\/kontakt\/\",\"url\":\"https:\/\/www.solidarnosc.org.pl\/elblag\/kontakt\/kontakt\/\",\"name\":\"Kontakt - Solidarno\u015b\u0107 Region Elbl\u0105ski\",\"isPartOf\":{\"@id\":\"https:\/\/www.solidarnosc.org.pl\/elblag\/#website\"},\"datePublished\":\"2025-03-02T10:14:44+00:00\",\"dateModified\":\"2025-05-29T13:16:54+00:00\",\"breadcrumb\":{\"@id\":\"https:\/\/www.solidarnosc.org.pl\/elblag\/kontakt\/kontakt\/#breadcrumb\"},\"inLanguage\":\"pl-PL\",\"potentialAction\":[{\"@type\":\"ReadAction\",\"target\":[\"https:\/\/www.solidarnosc.org.pl\/elblag\/kontakt\/kontakt\/\"]}]},{\"@type\":\"BreadcrumbList\",\"@id\":\"https:\/\/www.solidarnosc.org.pl\/elblag\/kontakt\/kontakt\/#breadcrumb\",\"itemListElement\":[{\"@type\":\"ListItem\",\"position\":1,\"name\":\"Home\",\"item\":\"https:\/\/www.solidarnosc.org.pl\/elblag\/\"},{\"@type\":\"ListItem\",\"position\":2,\"name\":\"Kontakt (tylko dzia\u0142 &#8211; nie jest podpi\u0119te pod menu)\",\"item\":\"https:\/\/www.solidarnosc.org.pl\/elblag\/kontakt\/\"},{\"@type\":\"ListItem\",\"position\":3,\"name\":\"Kontakt\"}]},{\"@type\":\"WebSite\",\"@id\":\"https:\/\/www.solidarnosc.org.pl\/elblag\/#website\",\"url\":\"https:\/\/www.solidarnosc.org.pl\/elblag\/\",\"name\":\"Solidarno\u015b\u0107 Region Elbl\u0105ski\",\"description\":\"\",\"publisher\":{\"@id\":\"https:\/\/www.solidarnosc.org.pl\/elblag\/#organization\"},\"potentialAction\":[{\"@type\":\"SearchAction\",\"target\":{\"@type\":\"EntryPoint\",\"urlTemplate\":\"https:\/\/www.solidarnosc.org.pl\/elblag\/?s={search_term_string}\"},\"query-input\":{\"@type\":\"PropertyValueSpecification\",\"valueRequired\":true,\"valueName\":\"search_term_string\"}}],\"inLanguage\":\"pl-PL\"},{\"@type\":\"Organization\",\"@id\":\"https:\/\/www.solidarnosc.org.pl\/elblag\/#organization\",\"name\":\"Solidarno\u015b\u0107 Region Elbl\u0105ski\",\"url\":\"https:\/\/www.solidarnosc.org.pl\/elblag\/\",\"logo\":{\"@type\":\"ImageObject\",\"inLanguage\":\"pl-PL\",\"@id\":\"https:\/\/www.solidarnosc.org.pl\/elblag\/#\/schema\/logo\/image\/\",\"url\":\"https:\/\/www.solidarnosc.org.pl\/elblag\/wp-content\/uploads\/Plik_system\/Motyw\/Region.png\",\"contentUrl\":\"https:\/\/www.solidarnosc.org.pl\/elblag\/wp-content\/uploads\/Plik_system\/Motyw\/Region.png\",\"width\":2200,\"height\":1300,\"caption\":\"Solidarno\u015b\u0107 Region Elbl\u0105ski\"},\"image\":{\"@id\":\"https:\/\/www.solidarnosc.org.pl\/elblag\/#\/schema\/logo\/image\/\"},\"sameAs\":[\"https:\/\/www.facebook.com\/RegionElblaskiNszzSolidarnosc\"]}]}<\/script>\n<!-- \/ Yoast SEO plugin. -->","yoast_head_json":{"title":"Kontakt - Solidarno\u015b\u0107 Region Elbl\u0105ski","robots":{"index":"index","follow":"follow","max-snippet":"max-snippet:-1","max-image-preview":"max-image-preview:large","max-video-preview":"max-video-preview:-1"},"canonical":"https:\/\/www.solidarnosc.org.pl\/elblag\/kontakt\/kontakt\/","og_locale":"pl_PL","og_type":"article","og_title":"Kontakt - Solidarno\u015b\u0107 Region Elbl\u0105ski","og_description":"Kontakt Biuro NSZZ Solidarno\u015b\u0107 &#8211; Elbl\u0105g Adres: 1 Maja 2, 82-300 Elbl\u0105g Kontakt: +48 55 641 58 85 Adres e-mail: elblag@solidarnosc.org.pl Biuro NSZZ Solidarno\u015b\u0107 &#8211; Kwidzyn Adres: 11 Listopada 1, 82-500 Kwidzyn Kontakt: +48 55 645 64 46 Email: kwidzyn@solidarnosc.org.pl","og_url":"https:\/\/www.solidarnosc.org.pl\/elblag\/kontakt\/kontakt\/","og_site_name":"Solidarno\u015b\u0107 Region Elbl\u0105ski","article_publisher":"https:\/\/www.facebook.com\/RegionElblaskiNszzSolidarnosc","article_modified_time":"2025-05-29T13:16:54+00:00","og_image":[{"width":1920,"height":1080,"url":"https:\/\/www.solidarnosc.org.pl\/elblag\/wp-content\/uploads\/Plik_system\/Motyw\/image0-3.jpeg","type":"image\/jpeg"}],"twitter_card":"summary_large_image","twitter_misc":{"Szacowany czas czytania":"1 minuta"},"schema":{"@context":"https:\/\/schema.org","@graph":[{"@type":"WebPage","@id":"https:\/\/www.solidarnosc.org.pl\/elblag\/kontakt\/kontakt\/","url":"https:\/\/www.solidarnosc.org.pl\/elblag\/kontakt\/kontakt\/","name":"Kontakt - Solidarno\u015b\u0107 Region Elbl\u0105ski","isPartOf":{"@id":"https:\/\/www.solidarnosc.org.pl\/elblag\/#website"},"datePublished":"2025-03-02T10:14:44+00:00","dateModified":"2025-05-29T13:16:54+00:00","breadcrumb":{"@id":"https:\/\/www.solidarnosc.org.pl\/elblag\/kontakt\/kontakt\/#breadcrumb"},"inLanguage":"pl-PL","potentialAction":[{"@type":"ReadAction","target":["https:\/\/www.solidarnosc.org.pl\/elblag\/kontakt\/kontakt\/"]}]},{"@type":"BreadcrumbList","@id":"https:\/\/www.solidarnosc.org.pl\/elblag\/kontakt\/kontakt\/#breadcrumb","itemListElement":[{"@type":"ListItem","position":1,"name":"Home","item":"https:\/\/www.solidarnosc.org.pl\/elblag\/"},{"@type":"ListItem","position":2,"name":"Kontakt (tylko dzia\u0142 &#8211; nie jest podpi\u0119te pod menu)","item":"https:\/\/www.solidarnosc.org.pl\/elblag\/kontakt\/"},{"@type":"ListItem","position":3,"name":"Kontakt"}]},{"@type":"WebSite","@id":"https:\/\/www.solidarnosc.org.pl\/elblag\/#website","url":"https:\/\/www.solidarnosc.org.pl\/elblag\/","name":"Solidarno\u015b\u0107 Region Elbl\u0105ski","description":"","publisher":{"@id":"https:\/\/www.solidarnosc.org.pl\/elblag\/#organization"},"potentialAction":[{"@type":"SearchAction","target":{"@type":"EntryPoint","urlTemplate":"https:\/\/www.solidarnosc.org.pl\/elblag\/?s={search_term_string}"},"query-input":{"@type":"PropertyValueSpecification","valueRequired":true,"valueName":"search_term_string"}}],"inLanguage":"pl-PL"},{"@type":"Organization","@id":"https:\/\/www.solidarnosc.org.pl\/elblag\/#organization","name":"Solidarno\u015b\u0107 Region Elbl\u0105ski","url":"https:\/\/www.solidarnosc.org.pl\/elblag\/","logo":{"@type":"ImageObject","inLanguage":"pl-PL","@id":"https:\/\/www.solidarnosc.org.pl\/elblag\/#\/schema\/logo\/image\/","url":"https:\/\/www.solidarnosc.org.pl\/elblag\/wp-content\/uploads\/Plik_system\/Motyw\/Region.png","contentUrl":"https:\/\/www.solidarnosc.org.pl\/elblag\/wp-content\/uploads\/Plik_system\/Motyw\/Region.png","width":2200,"height":1300,"caption":"Solidarno\u015b\u0107 Region Elbl\u0105ski"},"image":{"@id":"https:\/\/www.solidarnosc.org.pl\/elblag\/#\/schema\/logo\/image\/"},"sameAs":["https:\/\/www.facebook.com\/RegionElblaskiNszzSolidarnosc"]}]}},"uagb_featured_image_src":{"full":false,"thumbnail":false,"medium":false,"medium_large":false,"large":false,"1536x1536":false,"2048x2048":false},"uagb_author_info":{"display_name":"admin","author_link":"https:\/\/www.solidarnosc.org.pl\/elblag\/author\/admin\/"},"uagb_comment_info":0,"uagb_excerpt":"Kontakt Biuro NSZZ Solidarno\u015b\u0107 &#8211; Elbl\u0105g Adres: 1 Maja 2, 82-300 Elbl\u0105g Kontakt: +48 55 641 58 85 Adres e-mail: elblag@solidarnosc.org.pl Biuro NSZZ Solidarno\u015b\u0107 &#8211; Kwidzyn Adres: 11 Listopada 1, 82-500 Kwidzyn Kontakt: +48 55 645 64 46 Email: kwidzyn@solidarnosc.org.pl","_links":{"self":[{"href":"https:\/\/www.solidarnosc.org.pl\/elblag\/wp-json\/wp\/v2\/pages\/27","targetHints":{"allow":["GET"]}}],"collection":[{"href":"https:\/\/www.solidarnosc.org.pl\/elblag\/wp-json\/wp\/v2\/pages"}],"about":[{"href":"https:\/\/www.solidarnosc.org.pl\/elblag\/wp-json\/wp\/v2\/types\/page"}],"author":[{"embeddable":true,"href":"https:\/\/www.solidarnosc.org.pl\/elblag\/wp-json\/wp\/v2\/users\/1"}],"replies":[{"embeddable":true,"href":"https:\/\/www.solidarnosc.org.pl\/elblag\/wp-json\/wp\/v2\/comments?post=27"}],"version-history":[{"count":11,"href":"https:\/\/www.solidarnosc.org.pl\/elblag\/wp-json\/wp\/v2\/pages\/27\/revisions"}],"predecessor-version":[{"id":1490,"href":"https:\/\/www.solidarnosc.org.pl\/elblag\/wp-json\/wp\/v2\/pages\/27\/revisions\/1490"}],"up":[{"embeddable":true,"href":"https:\/\/www.solidarnosc.org.pl\/elblag\/wp-json\/wp\/v2\/pages\/23"}],"wp:attachment":[{"href":"https:\/\/www.solidarnosc.org.pl\/elblag\/wp-json\/wp\/v2\/media?parent=27"}],"curies":[{"name":"wp","href":"https:\/\/api.w.org\/{rel}","templated":true}]}}