{"id":20,"date":"2025-03-02T11:13:28","date_gmt":"2025-03-02T10:13:28","guid":{"rendered":"https:\/\/dm74866.domenomania.eu\/solidarnosc\/?page_id=20"},"modified":"2026-02-11T11:13:13","modified_gmt":"2026-02-11T10:13:13","slug":"projekty","status":"publish","type":"page","link":"https:\/\/www.solidarnosc.org.pl\/elblag\/aktualnosci-i-wydarzenia\/projekty\/","title":{"rendered":"Projekty"},"content":{"rendered":"\n<h2 class=\"wp-block-heading has-text-align-center has-vivid-red-color has-text-color has-link-color wp-elements-70b27092ea0476132897c991d8a19551\">Projekty<\/h2>\n\n\n\n<p><\/p>\n\n\n\n<p><\/p>\n\n\n\n<p class=\"has-text-align-center\"><img decoding=\"async\" src=\"https:\/\/fonts.gstatic.com\/s\/e\/notoemoji\/16.0\/1f4e2\/32.png\" alt=\"\ud83d\udce2\">&nbsp;Dzia\u0142 \u201eProjekty\u201d prezentuje inicjatywy realizowane przez Region Elbl\u0105ski NSZZ \u201eSolidarno\u015b\u0107\u201d w ramach dzia\u0142a\u0144 edukacyjnych, szkoleniowych i spo\u0142ecznych. Projekty te maj\u0105 na celu podnoszenie kompetencji zawodowych, rozw\u00f3j kapita\u0142u spo\u0142ecznego oraz wspieranie dialogu spo\u0142ecznego na poziomie regionalnym.<\/p>\n\n\n\n<p class=\"has-text-align-center\">Podejmowane dzia\u0142ania s\u0105 zgodne z aktualnymi potrzebami pracownik\u00f3w i rynku pracy oraz realizowane we wsp\u00f3\u0142pracy z partnerami instytucjonalnymi i spo\u0142ecznymi.<\/p>\n\n\n\n<div class=\"wp-block-group is-layout-grid wp-container-core-group-is-layout-478b6e6b wp-block-group-is-layout-grid\"><\/div>\n\n\n\n<div class=\"wp-block-group is-layout-constrained wp-block-group-is-layout-constrained\">\n<div class=\"wp-block-uagb-container uagb-block-2a473b5a default uagb-is-root-container\">\n<div data-id=\"84732fe0\" class=\"wp-block-blocksy-query\">\n<div class=\"wp-block-uagb-container uagb-layout-flex uagb-block-c9164cb9 default uagb-is-root-container\"><div class=\"ct-query-template-grid\"><article class=\"wp-block-post is-layout-flow post-712 post type-post status-publish format-standard has-post-thumbnail hentry category-aktualnosci category-biuletyn\">\n\n<div class=\"wp-block-group is-vertical is-content-justification-stretch is-nowrap is-layout-flex wp-container-core-group-is-layout-d43721b1 wp-block-group-is-layout-flex\" style=\"min-height:100%\"><a style=\"margin-bottom:0;\" class=\"ct-dynamic-media wp-elements-1136f7ca0d12f350e38e250a4d856f71\" href=\"https:\/\/www.solidarnosc.org.pl\/elblag\/projekt-regionu-elblaskiego-w-partnerstwie-z-regionem-slupskim\/\"><span data-hover=\"zoom-in\" class=\"ct-dynamic-media-inner\" style=\"\"><img loading=\"lazy\" decoding=\"async\" width=\"940\" height=\"683\" src=\"https:\/\/www.solidarnosc.org.pl\/elblag\/wp-content\/uploads\/2026\/02\/Region-Elblaski-e1770804872515.jpg\" class=\"attachment-full size-full\" alt=\"\" style=\"width:100%;height:100%;object-fit: cover;aspect-ratio: 3\/2;\" srcset=\"https:\/\/www.solidarnosc.org.pl\/elblag\/wp-content\/uploads\/2026\/02\/Region-Elblaski-e1770804872515.jpg 940w, https:\/\/www.solidarnosc.org.pl\/elblag\/wp-content\/uploads\/2026\/02\/Region-Elblaski-e1770804872515-300x218.jpg 300w, https:\/\/www.solidarnosc.org.pl\/elblag\/wp-content\/uploads\/2026\/02\/Region-Elblaski-e1770804872515-768x558.jpg 768w\" sizes=\"auto, (max-width: 940px) 100vw, 940px\" \/><\/span><\/a>\n\n\n<div class=\"wp-block-group is-nowrap is-layout-flex wp-container-core-group-is-layout-6c531013 wp-block-group-is-layout-flex\"><h1 style=\"font-size:clamp(14.082px, 0.88rem + ((1vw - 3.2px) * 0.54), 21px);\" class=\"ct-dynamic-data wp-elements-844274efbc1b1d28a656cc3c3be8152e wp-elements-e74bf0dc2cb67a9fe1470019cb8aed6e\"><a href=\"https:\/\/www.solidarnosc.org.pl\/elblag\/projekt-regionu-elblaskiego-w-partnerstwie-z-regionem-slupskim\/\">Projekt Regionu Elbl\u0105skiego w partnerstwie z Regionem S\u0142upskim NSZZ &#8220;Solidarno\u015b\u0107&#8221; pt. &#8220;Dostosowujemy si\u0119 do wsp\u00f3\u0142czesnych zasad&#8221;<\/a><\/h1>\n\n<div style=\"font-size:clamp(14px, 0.875rem + ((1vw - 3.2px) * 0.078), 15px);font-style:normal;font-weight:500;text-transform:uppercase;\" class=\"ct-dynamic-data has-text-align-right wp-elements-355b9cfa4b00065d7775b9872a27dbf0 wp-container-content-36c51660\">2026-02-05<\/div><\/div>\n\n\n<div class=\"ct-dynamic-data wp-elements-cbd48fd2cd3906010161371af18f47cb\"><p>&nbsp;Projekt 2021-2027 &#8220;Dostosowujemy si\u0119 do wsp\u00f3\u0142czesnych zasad&#8221;! Region Elbl\u0105ski NSZZ \u201eSolidarno\u015b\u0107\u201d, w partnerstwie z Regionem S\u0142upskim NSZZ \u201eSolidarno\u015b\u0107\u201d, realizuje projekt&nbsp;\u201eDostosowujemy\u2026<\/p>\n<\/div><\/div>\n\n<\/article><\/div><style>[data-id='84732fe0'] {--grid-columns-width:2;}@media (max-width: 999.98px) {[data-id='84732fe0'] {--grid-columns-width:2;}}@media (max-width: 689.98px) {[data-id='84732fe0'] {--grid-columns-width:1;}}<\/style><\/div>\n<\/div>\n<\/div>\n<\/div>\n\n\n\n<p><\/p>\n","protected":false},"excerpt":{"rendered":"<p>Projekty &nbsp;Dzia\u0142 \u201eProjekty\u201d prezentuje inicjatywy realizowane przez Region Elbl\u0105ski NSZZ \u201eSolidarno\u015b\u0107\u201d w ramach dzia\u0142a\u0144 edukacyjnych, szkoleniowych i spo\u0142ecznych. Projekty te maj\u0105 na celu podnoszenie kompetencji zawodowych, rozw\u00f3j kapita\u0142u spo\u0142ecznego oraz wspieranie dialogu spo\u0142ecznego na poziomie regionalnym. Podejmowane dzia\u0142ania s\u0105 zgodne z aktualnymi potrzebami pracownik\u00f3w i rynku pracy oraz realizowane we wsp\u00f3\u0142pracy z partnerami instytucjonalnymi i [&hellip;]<\/p>\n","protected":false},"author":1,"featured_media":0,"parent":16,"menu_order":0,"comment_status":"closed","ping_status":"closed","template":"","meta":{"_coblocks_attr":"","_coblocks_dimensions":"","_coblocks_responsive_height":"","_coblocks_accordion_ie_support":"","_uag_custom_page_level_css":"","footnotes":""},"class_list":["post-20","page","type-page","status-publish","hentry"],"blocksy_meta":[],"yoast_head":"<!-- This site is optimized with the Yoast SEO plugin v25.4 - https:\/\/yoast.com\/wordpress\/plugins\/seo\/ -->\n<title>Projekty - Solidarno\u015b\u0107 Region Elbl\u0105ski<\/title>\n<meta name=\"robots\" content=\"index, follow, max-snippet:-1, max-image-preview:large, max-video-preview:-1\" \/>\n<link rel=\"canonical\" href=\"https:\/\/www.solidarnosc.org.pl\/elblag\/aktualnosci-i-wydarzenia\/projekty\/\" \/>\n<meta property=\"og:locale\" content=\"pl_PL\" \/>\n<meta property=\"og:type\" content=\"article\" \/>\n<meta property=\"og:title\" content=\"Projekty - Solidarno\u015b\u0107 Region Elbl\u0105ski\" \/>\n<meta property=\"og:description\" content=\"Projekty &nbsp;Dzia\u0142 \u201eProjekty\u201d prezentuje inicjatywy realizowane przez Region Elbl\u0105ski NSZZ \u201eSolidarno\u015b\u0107\u201d w ramach dzia\u0142a\u0144 edukacyjnych, szkoleniowych i spo\u0142ecznych. Projekty te maj\u0105 na celu podnoszenie kompetencji zawodowych, rozw\u00f3j kapita\u0142u spo\u0142ecznego oraz wspieranie dialogu spo\u0142ecznego na poziomie regionalnym. Podejmowane dzia\u0142ania s\u0105 zgodne z aktualnymi potrzebami pracownik\u00f3w i rynku pracy oraz realizowane we wsp\u00f3\u0142pracy z partnerami instytucjonalnymi i [&hellip;]\" \/>\n<meta property=\"og:url\" content=\"https:\/\/www.solidarnosc.org.pl\/elblag\/aktualnosci-i-wydarzenia\/projekty\/\" \/>\n<meta property=\"og:site_name\" content=\"Solidarno\u015b\u0107 Region Elbl\u0105ski\" \/>\n<meta property=\"article:publisher\" content=\"https:\/\/www.facebook.com\/RegionElblaskiNszzSolidarnosc\" \/>\n<meta property=\"article:modified_time\" content=\"2026-02-11T10:13:13+00:00\" \/>\n<meta property=\"og:image\" content=\"https:\/\/fonts.gstatic.com\/s\/e\/notoemoji\/16.0\/1f4e2\/32.png\" \/>\n<meta name=\"twitter:card\" content=\"summary_large_image\" \/>\n<meta name=\"twitter:label1\" content=\"Szacowany czas czytania\" \/>\n\t<meta name=\"twitter:data1\" content=\"1 minuta\" \/>\n<script type=\"application\/ld+json\" class=\"yoast-schema-graph\">{\"@context\":\"https:\/\/schema.org\",\"@graph\":[{\"@type\":\"WebPage\",\"@id\":\"https:\/\/www.solidarnosc.org.pl\/elblag\/aktualnosci-i-wydarzenia\/projekty\/\",\"url\":\"https:\/\/www.solidarnosc.org.pl\/elblag\/aktualnosci-i-wydarzenia\/projekty\/\",\"name\":\"Projekty - Solidarno\u015b\u0107 Region Elbl\u0105ski\",\"isPartOf\":{\"@id\":\"https:\/\/www.solidarnosc.org.pl\/elblag\/#website\"},\"primaryImageOfPage\":{\"@id\":\"https:\/\/www.solidarnosc.org.pl\/elblag\/aktualnosci-i-wydarzenia\/projekty\/#primaryimage\"},\"image\":{\"@id\":\"https:\/\/www.solidarnosc.org.pl\/elblag\/aktualnosci-i-wydarzenia\/projekty\/#primaryimage\"},\"thumbnailUrl\":\"https:\/\/fonts.gstatic.com\/s\/e\/notoemoji\/16.0\/1f4e2\/32.png\",\"datePublished\":\"2025-03-02T10:13:28+00:00\",\"dateModified\":\"2026-02-11T10:13:13+00:00\",\"breadcrumb\":{\"@id\":\"https:\/\/www.solidarnosc.org.pl\/elblag\/aktualnosci-i-wydarzenia\/projekty\/#breadcrumb\"},\"inLanguage\":\"pl-PL\",\"potentialAction\":[{\"@type\":\"ReadAction\",\"target\":[\"https:\/\/www.solidarnosc.org.pl\/elblag\/aktualnosci-i-wydarzenia\/projekty\/\"]}]},{\"@type\":\"ImageObject\",\"inLanguage\":\"pl-PL\",\"@id\":\"https:\/\/www.solidarnosc.org.pl\/elblag\/aktualnosci-i-wydarzenia\/projekty\/#primaryimage\",\"url\":\"https:\/\/fonts.gstatic.com\/s\/e\/notoemoji\/16.0\/1f4e2\/32.png\",\"contentUrl\":\"https:\/\/fonts.gstatic.com\/s\/e\/notoemoji\/16.0\/1f4e2\/32.png\"},{\"@type\":\"BreadcrumbList\",\"@id\":\"https:\/\/www.solidarnosc.org.pl\/elblag\/aktualnosci-i-wydarzenia\/projekty\/#breadcrumb\",\"itemListElement\":[{\"@type\":\"ListItem\",\"position\":1,\"name\":\"Home\",\"item\":\"https:\/\/www.solidarnosc.org.pl\/elblag\/\"},{\"@type\":\"ListItem\",\"position\":2,\"name\":\"Aktualno\u015bci i wydarzenia (tylko dzia\u0142 &#8211; nie jest podpi\u0119te pod menu)\",\"item\":\"https:\/\/www.solidarnosc.org.pl\/elblag\/aktualnosci-i-wydarzenia\/\"},{\"@type\":\"ListItem\",\"position\":3,\"name\":\"Projekty\"}]},{\"@type\":\"WebSite\",\"@id\":\"https:\/\/www.solidarnosc.org.pl\/elblag\/#website\",\"url\":\"https:\/\/www.solidarnosc.org.pl\/elblag\/\",\"name\":\"Solidarno\u015b\u0107 Region Elbl\u0105ski\",\"description\":\"\",\"publisher\":{\"@id\":\"https:\/\/www.solidarnosc.org.pl\/elblag\/#organization\"},\"potentialAction\":[{\"@type\":\"SearchAction\",\"target\":{\"@type\":\"EntryPoint\",\"urlTemplate\":\"https:\/\/www.solidarnosc.org.pl\/elblag\/?s={search_term_string}\"},\"query-input\":{\"@type\":\"PropertyValueSpecification\",\"valueRequired\":true,\"valueName\":\"search_term_string\"}}],\"inLanguage\":\"pl-PL\"},{\"@type\":\"Organization\",\"@id\":\"https:\/\/www.solidarnosc.org.pl\/elblag\/#organization\",\"name\":\"Solidarno\u015b\u0107 Region Elbl\u0105ski\",\"url\":\"https:\/\/www.solidarnosc.org.pl\/elblag\/\",\"logo\":{\"@type\":\"ImageObject\",\"inLanguage\":\"pl-PL\",\"@id\":\"https:\/\/www.solidarnosc.org.pl\/elblag\/#\/schema\/logo\/image\/\",\"url\":\"https:\/\/www.solidarnosc.org.pl\/elblag\/wp-content\/uploads\/Plik_system\/Motyw\/Region.png\",\"contentUrl\":\"https:\/\/www.solidarnosc.org.pl\/elblag\/wp-content\/uploads\/Plik_system\/Motyw\/Region.png\",\"width\":2200,\"height\":1300,\"caption\":\"Solidarno\u015b\u0107 Region Elbl\u0105ski\"},\"image\":{\"@id\":\"https:\/\/www.solidarnosc.org.pl\/elblag\/#\/schema\/logo\/image\/\"},\"sameAs\":[\"https:\/\/www.facebook.com\/RegionElblaskiNszzSolidarnosc\"]}]}<\/script>\n<!-- \/ Yoast SEO plugin. -->","yoast_head_json":{"title":"Projekty - Solidarno\u015b\u0107 Region Elbl\u0105ski","robots":{"index":"index","follow":"follow","max-snippet":"max-snippet:-1","max-image-preview":"max-image-preview:large","max-video-preview":"max-video-preview:-1"},"canonical":"https:\/\/www.solidarnosc.org.pl\/elblag\/aktualnosci-i-wydarzenia\/projekty\/","og_locale":"pl_PL","og_type":"article","og_title":"Projekty - Solidarno\u015b\u0107 Region Elbl\u0105ski","og_description":"Projekty &nbsp;Dzia\u0142 \u201eProjekty\u201d prezentuje inicjatywy realizowane przez Region Elbl\u0105ski NSZZ \u201eSolidarno\u015b\u0107\u201d w ramach dzia\u0142a\u0144 edukacyjnych, szkoleniowych i spo\u0142ecznych. Projekty te maj\u0105 na celu podnoszenie kompetencji zawodowych, rozw\u00f3j kapita\u0142u spo\u0142ecznego oraz wspieranie dialogu spo\u0142ecznego na poziomie regionalnym. Podejmowane dzia\u0142ania s\u0105 zgodne z aktualnymi potrzebami pracownik\u00f3w i rynku pracy oraz realizowane we wsp\u00f3\u0142pracy z partnerami instytucjonalnymi i [&hellip;]","og_url":"https:\/\/www.solidarnosc.org.pl\/elblag\/aktualnosci-i-wydarzenia\/projekty\/","og_site_name":"Solidarno\u015b\u0107 Region Elbl\u0105ski","article_publisher":"https:\/\/www.facebook.com\/RegionElblaskiNszzSolidarnosc","article_modified_time":"2026-02-11T10:13:13+00:00","og_image":[{"url":"https:\/\/fonts.gstatic.com\/s\/e\/notoemoji\/16.0\/1f4e2\/32.png","type":"","width":"","height":""}],"twitter_card":"summary_large_image","twitter_misc":{"Szacowany czas czytania":"1 minuta"},"schema":{"@context":"https:\/\/schema.org","@graph":[{"@type":"WebPage","@id":"https:\/\/www.solidarnosc.org.pl\/elblag\/aktualnosci-i-wydarzenia\/projekty\/","url":"https:\/\/www.solidarnosc.org.pl\/elblag\/aktualnosci-i-wydarzenia\/projekty\/","name":"Projekty - Solidarno\u015b\u0107 Region Elbl\u0105ski","isPartOf":{"@id":"https:\/\/www.solidarnosc.org.pl\/elblag\/#website"},"primaryImageOfPage":{"@id":"https:\/\/www.solidarnosc.org.pl\/elblag\/aktualnosci-i-wydarzenia\/projekty\/#primaryimage"},"image":{"@id":"https:\/\/www.solidarnosc.org.pl\/elblag\/aktualnosci-i-wydarzenia\/projekty\/#primaryimage"},"thumbnailUrl":"https:\/\/fonts.gstatic.com\/s\/e\/notoemoji\/16.0\/1f4e2\/32.png","datePublished":"2025-03-02T10:13:28+00:00","dateModified":"2026-02-11T10:13:13+00:00","breadcrumb":{"@id":"https:\/\/www.solidarnosc.org.pl\/elblag\/aktualnosci-i-wydarzenia\/projekty\/#breadcrumb"},"inLanguage":"pl-PL","potentialAction":[{"@type":"ReadAction","target":["https:\/\/www.solidarnosc.org.pl\/elblag\/aktualnosci-i-wydarzenia\/projekty\/"]}]},{"@type":"ImageObject","inLanguage":"pl-PL","@id":"https:\/\/www.solidarnosc.org.pl\/elblag\/aktualnosci-i-wydarzenia\/projekty\/#primaryimage","url":"https:\/\/fonts.gstatic.com\/s\/e\/notoemoji\/16.0\/1f4e2\/32.png","contentUrl":"https:\/\/fonts.gstatic.com\/s\/e\/notoemoji\/16.0\/1f4e2\/32.png"},{"@type":"BreadcrumbList","@id":"https:\/\/www.solidarnosc.org.pl\/elblag\/aktualnosci-i-wydarzenia\/projekty\/#breadcrumb","itemListElement":[{"@type":"ListItem","position":1,"name":"Home","item":"https:\/\/www.solidarnosc.org.pl\/elblag\/"},{"@type":"ListItem","position":2,"name":"Aktualno\u015bci i wydarzenia (tylko dzia\u0142 &#8211; nie jest podpi\u0119te pod menu)","item":"https:\/\/www.solidarnosc.org.pl\/elblag\/aktualnosci-i-wydarzenia\/"},{"@type":"ListItem","position":3,"name":"Projekty"}]},{"@type":"WebSite","@id":"https:\/\/www.solidarnosc.org.pl\/elblag\/#website","url":"https:\/\/www.solidarnosc.org.pl\/elblag\/","name":"Solidarno\u015b\u0107 Region Elbl\u0105ski","description":"","publisher":{"@id":"https:\/\/www.solidarnosc.org.pl\/elblag\/#organization"},"potentialAction":[{"@type":"SearchAction","target":{"@type":"EntryPoint","urlTemplate":"https:\/\/www.solidarnosc.org.pl\/elblag\/?s={search_term_string}"},"query-input":{"@type":"PropertyValueSpecification","valueRequired":true,"valueName":"search_term_string"}}],"inLanguage":"pl-PL"},{"@type":"Organization","@id":"https:\/\/www.solidarnosc.org.pl\/elblag\/#organization","name":"Solidarno\u015b\u0107 Region Elbl\u0105ski","url":"https:\/\/www.solidarnosc.org.pl\/elblag\/","logo":{"@type":"ImageObject","inLanguage":"pl-PL","@id":"https:\/\/www.solidarnosc.org.pl\/elblag\/#\/schema\/logo\/image\/","url":"https:\/\/www.solidarnosc.org.pl\/elblag\/wp-content\/uploads\/Plik_system\/Motyw\/Region.png","contentUrl":"https:\/\/www.solidarnosc.org.pl\/elblag\/wp-content\/uploads\/Plik_system\/Motyw\/Region.png","width":2200,"height":1300,"caption":"Solidarno\u015b\u0107 Region Elbl\u0105ski"},"image":{"@id":"https:\/\/www.solidarnosc.org.pl\/elblag\/#\/schema\/logo\/image\/"},"sameAs":["https:\/\/www.facebook.com\/RegionElblaskiNszzSolidarnosc"]}]}},"uagb_featured_image_src":{"full":false,"thumbnail":false,"medium":false,"medium_large":false,"large":false,"1536x1536":false,"2048x2048":false},"uagb_author_info":{"display_name":"admin","author_link":"https:\/\/www.solidarnosc.org.pl\/elblag\/author\/admin\/"},"uagb_comment_info":0,"uagb_excerpt":"Projekty &nbsp;Dzia\u0142 \u201eProjekty\u201d prezentuje inicjatywy realizowane przez Region Elbl\u0105ski NSZZ \u201eSolidarno\u015b\u0107\u201d w ramach dzia\u0142a\u0144 edukacyjnych, szkoleniowych i spo\u0142ecznych. Projekty te maj\u0105 na celu podnoszenie kompetencji zawodowych, rozw\u00f3j kapita\u0142u spo\u0142ecznego oraz wspieranie dialogu spo\u0142ecznego na poziomie regionalnym. Podejmowane dzia\u0142ania s\u0105 zgodne z aktualnymi potrzebami pracownik\u00f3w i rynku pracy oraz realizowane we wsp\u00f3\u0142pracy z partnerami instytucjonalnymi i&hellip;","_links":{"self":[{"href":"https:\/\/www.solidarnosc.org.pl\/elblag\/wp-json\/wp\/v2\/pages\/20","targetHints":{"allow":["GET"]}}],"collection":[{"href":"https:\/\/www.solidarnosc.org.pl\/elblag\/wp-json\/wp\/v2\/pages"}],"about":[{"href":"https:\/\/www.solidarnosc.org.pl\/elblag\/wp-json\/wp\/v2\/types\/page"}],"author":[{"embeddable":true,"href":"https:\/\/www.solidarnosc.org.pl\/elblag\/wp-json\/wp\/v2\/users\/1"}],"replies":[{"embeddable":true,"href":"https:\/\/www.solidarnosc.org.pl\/elblag\/wp-json\/wp\/v2\/comments?post=20"}],"version-history":[{"count":24,"href":"https:\/\/www.solidarnosc.org.pl\/elblag\/wp-json\/wp\/v2\/pages\/20\/revisions"}],"predecessor-version":[{"id":3308,"href":"https:\/\/www.solidarnosc.org.pl\/elblag\/wp-json\/wp\/v2\/pages\/20\/revisions\/3308"}],"up":[{"embeddable":true,"href":"https:\/\/www.solidarnosc.org.pl\/elblag\/wp-json\/wp\/v2\/pages\/16"}],"wp:attachment":[{"href":"https:\/\/www.solidarnosc.org.pl\/elblag\/wp-json\/wp\/v2\/media?parent=20"}],"curies":[{"name":"wp","href":"https:\/\/api.w.org\/{rel}","templated":true}]}}