{"id":10122,"date":"2023-01-22T11:09:01","date_gmt":"2023-01-22T10:09:01","guid":{"rendered":"https:\/\/www.solidarnosc.org.pl\/dok\/?page_id=10122"},"modified":"2023-01-23T08:37:54","modified_gmt":"2023-01-23T07:37:54","slug":"21-postulatow","status":"publish","type":"page","link":"https:\/\/www.solidarnosc.org.pl\/dok\/21-postulatow\/","title":{"rendered":"21 postulat\u00f3w z Sierpnia 1980 roku"},"content":{"rendered":"<ol>\n<li style=\"text-align: justify;\">Akceptacja niezale\u017cnych od partii i pracodawc\u00f3w wolnych zwi\u0105zk\u00f3w zawodowych wynikaj\u0105cych z ratyfikowanych przez PRL Konwencji nr 87 Mi\u0119dzynarodowej Organizacji Pracy, dotycz\u0105cych wolno\u015bci zwi\u0105zk\u00f3w zawodowych.<\/li>\n<li style=\"text-align: justify;\">Zagwarantowanie prawa do strajku oraz bezpiecze\u0144stwa strajkuj\u0105cym i osobom wspomagaj\u0105cym.<\/li>\n<li style=\"text-align: justify;\">Przestrzega\u0107 zagwarantowanej w Konstytucji PRL wolno\u015bci s\u0142owa, druku, publikacji, a tym samym nie represjonowa\u0107 niezale\u017cnych wydawnictw oraz udost\u0119pni\u0107 \u015brodki masowego przekazu dla przedstawicieli wszystkich wyzna\u0144.<\/li>\n<li style=\"text-align: justify;\">Przywr\u00f3ci\u0107 do poprzednich praw:\u00a01.\u00a0\u00a0ludzi zwolnionych z pracy po strajkach w 1970 i 1976 r. student\u00f3w wydalonych z uczelni za przekonania,<br \/>2. zwolni\u0107 wszystkich wi\u0119\u017ani\u00f3w politycznych (w tym Edmunda Zadro\u017cy\u0144skiego, Jana Koz\u0142owskiego, Marka Koz\u0142owskiego),<br \/>3. znie\u015b\u0107 represje za przekonania.<\/li>\n<li style=\"text-align: justify;\">Poda\u0107 w \u015brodkach masowego przekazu informacj\u0119 o utworzeniu Mi\u0119dzyzak\u0142adowego Komitetu Strajkowego oraz publikowa\u0107 jego \u017c\u0105dania.<\/li>\n<li style=\"text-align: justify;\">Poda\u0107 realne dzia\u0142ania maj\u0105ce na celu wyprowadzenie kraju z sytuacji kryzysowej poprzez:\u00a0\u00a0\u00a0\u00a0 1.\u00a0 podanie do publicznej wiadomo\u015bci pe\u0142nej informacji o sytuacji spo\u0142eczno-gospodarczej,<br \/>2.\u00a0 umo\u017cliwienie wszystkim \u015brodowiskom i warstwom spo\u0142ecznym uczestniczenie w dyskusji nad programem reform.<\/li>\n<li style=\"text-align: justify;\">Wyp\u0142aci\u0107 wszystkim pracownikom bior\u0105cym udzia\u0142 w strajku wynagrodzenie za okres strajku, jak za urlop wypoczynkowy, z funduszu CRZZ.<\/li>\n<li style=\"text-align: justify;\">Podnie\u015b\u0107 zasadnicze uposa\u017cenie ka\u017cdego pracownika o 2000 z\u0142 na miesi\u0105c, jako rekompensat\u0119 dotychczasowego wzrostu cen.<\/li>\n<li style=\"text-align: justify;\">Zagwarantowa\u0107 automatyczny wzrost p\u0142ac r\u00f3wnolegle do wzrostu cen i spadku warto\u015bci pieni\u0105dza.<\/li>\n<li style=\"text-align: justify;\">Realizowa\u0107 pe\u0142ne zaopatrzenie rynku wewn\u0119trznego w artyku\u0142y \u017cywno\u015bciowe, a eksportowa\u0107 tylko nadwy\u017cki.<\/li>\n<li style=\"text-align: justify;\">Znie\u015b\u0107 ceny komercyjne oraz sprzeda\u017c za dewizy w tzw. eksporcie wewn\u0119trznym.<\/li>\n<li style=\"text-align: justify;\">Wprowadzi\u0107 zasady doboru kadry kierowniczej na zasadach kwalifikacji, a nie przynale\u017cno\u015bci partyjnej oraz znie\u015b\u0107 przywileje MO, SB i aparatu partyjnego poprzez: zr\u00f3wnanie zasi\u0142k\u00f3w rodzinnych zlikwidowanie specjalnych sprzeda\u017cy, itp.<\/li>\n<li style=\"text-align: justify;\">Wprowadzi\u0107 na mi\u0119so i jego przetwory kartki &#8211; bony \u017cywno\u015bciowe (do czasu opanowania sytuacji na rynku).<\/li>\n<li style=\"text-align: justify;\">Obni\u017cy\u0107 wiek emerytalny dla kobiet do 55 lat, a dla m\u0119\u017cczyzn do lat 60 lub przepracowanie w PRL 30 lat dla kobiet i 35 lat dla m\u0119\u017cczyzn bez wzgl\u0119du na wiek.<\/li>\n<li style=\"text-align: justify;\">Zr\u00f3wna\u0107 renty i emerytury starego portfela do poziomu aktualnie wyp\u0142acanych.<\/li>\n<li style=\"text-align: justify;\">Poprawi\u0107 warunki pracy s\u0142u\u017cby zdrowia, co zapewni pe\u0142n\u0105 opiek\u0119 medyczn\u0105 osobom pracuj\u0105cym.<\/li>\n<li style=\"text-align: justify;\">Zapewni\u0107 odpowiedni\u0105 ilo\u015b\u0107 miejsc w \u017c\u0142obkach i przedszkolach dla dzieci kobiet pracuj\u0105cych.<\/li>\n<li style=\"text-align: justify;\">Wprowadzi\u0107 urlop macierzy\u0144ski p\u0142atny przez okres trzech lat na wychowanie dziecka.<\/li>\n<li style=\"text-align: justify;\">Skr\u00f3ci\u0107 czas oczekiwania na mieszkania.<\/li>\n<li style=\"text-align: justify;\">Podnie\u015b\u0107 diety z 40 z\u0142 na 100 z\u0142otych i dodatek za roz\u0142\u0105k\u0119.<\/li>\n<li style=\"text-align: justify;\">Wprowadzi\u0107 wszystkie soboty wolne od pracy. Pracownikom w ruchu ci\u0105g\u0142ym i systemie czterobrygadowym brak wolnych sob\u00f3t zrekompensowa\u0107 zwi\u0119kszonym wymiarem urlopu wypoczynkowego lub innymi p\u0142atnymi dniami wolnymi od pracy.<\/li>\n<\/ol>\n\n\n<p><strong>Do pobrania<\/strong><\/p>\n\n\n\n<div class=\"wp-block-file\"><a id=\"wp-block-file--media-42e103d8-5d9f-45a9-a596-b9cc31a8b32b\" href=\"https:\/\/www.solidarnosc.org.pl\/dok\/wp-content\/uploads\/2012\/10\/21-POSTULAT\u00d3W-T.1.jpg\">21 POSTULAT\u00d3W Tablica 1<\/a><a href=\"https:\/\/www.solidarnosc.org.pl\/dok\/wp-content\/uploads\/2012\/10\/21-POSTULAT\u00d3W-T.1.jpg\" class=\"wp-block-file__button wp-element-button\" download aria-describedby=\"wp-block-file--media-42e103d8-5d9f-45a9-a596-b9cc31a8b32b\">Pobierz<\/a><\/div>\n\n\n\n<div class=\"wp-block-file\"><a id=\"wp-block-file--media-f4c24ebd-4d78-473c-9334-e8cc50f8036e\" href=\"https:\/\/www.solidarnosc.org.pl\/dok\/wp-content\/uploads\/2012\/10\/21-POSTULAT\u00d3W-T.2.jpg\">21 POSTULAT\u00d3W Tablica 2<\/a><a href=\"https:\/\/www.solidarnosc.org.pl\/dok\/wp-content\/uploads\/2012\/10\/21-POSTULAT\u00d3W-T.2.jpg\" class=\"wp-block-file__button wp-element-button\" download aria-describedby=\"wp-block-file--media-f4c24ebd-4d78-473c-9334-e8cc50f8036e\">Pobierz<\/a><\/div>\n","protected":false},"excerpt":{"rendered":"<p>Akceptacja niezale\u017cnych od partii i pracodawc\u00f3w wolnych zwi\u0105zk\u00f3w zawodowych wynikaj\u0105cych z ratyfikowanych przez PRL Konwencji nr 87 Mi\u0119dzynarodowej Organizacji Pracy, dotycz\u0105cych wolno\u015bci zwi\u0105zk\u00f3w zawodowych. Zagwarantowanie prawa do strajku oraz bezpiecze\u0144stwa strajkuj\u0105cym i osobom wspomagaj\u0105cym. Przestrzega\u0107 zagwarantowanej w Konstytucji PRL wolno\u015bci s\u0142owa, druku, publikacji, a tym samym nie represjonowa\u0107 niezale\u017cnych wydawnictw oraz udost\u0119pni\u0107 \u015brodki masowego przekazu [&hellip;]<\/p>\n","protected":false},"author":3,"featured_media":0,"parent":0,"menu_order":0,"comment_status":"closed","ping_status":"closed","template":"","meta":{"footnotes":""},"class_list":["post-10122","page","type-page","status-publish","hentry"],"_links":{"self":[{"href":"https:\/\/www.solidarnosc.org.pl\/dok\/wp-json\/wp\/v2\/pages\/10122","targetHints":{"allow":["GET"]}}],"collection":[{"href":"https:\/\/www.solidarnosc.org.pl\/dok\/wp-json\/wp\/v2\/pages"}],"about":[{"href":"https:\/\/www.solidarnosc.org.pl\/dok\/wp-json\/wp\/v2\/types\/page"}],"author":[{"embeddable":true,"href":"https:\/\/www.solidarnosc.org.pl\/dok\/wp-json\/wp\/v2\/users\/3"}],"replies":[{"embeddable":true,"href":"https:\/\/www.solidarnosc.org.pl\/dok\/wp-json\/wp\/v2\/comments?post=10122"}],"version-history":[{"count":4,"href":"https:\/\/www.solidarnosc.org.pl\/dok\/wp-json\/wp\/v2\/pages\/10122\/revisions"}],"predecessor-version":[{"id":10142,"href":"https:\/\/www.solidarnosc.org.pl\/dok\/wp-json\/wp\/v2\/pages\/10122\/revisions\/10142"}],"wp:attachment":[{"href":"https:\/\/www.solidarnosc.org.pl\/dok\/wp-json\/wp\/v2\/media?parent=10122"}],"curies":[{"name":"wp","href":"https:\/\/api.w.org\/{rel}","templated":true}]}}