{"id":41907,"date":"2024-12-19T13:33:34","date_gmt":"2024-12-19T11:33:34","guid":{"rendered":"https:\/\/www.solidarnosc.org.pl\/bbial\/?page_id=41907"},"modified":"2025-02-12T10:06:50","modified_gmt":"2025-02-12T08:06:50","slug":"solidarni-w-potrzebie","status":"publish","type":"page","link":"https:\/\/www.solidarnosc.org.pl\/bbial\/dokumenty-i-informacje\/solidarni-w-potrzebie\/","title":{"rendered":"Solidarni w potrzebie"},"content":{"rendered":"\t\t<div data-elementor-type=\"wp-page\" data-elementor-id=\"41907\" class=\"elementor elementor-41907\" data-elementor-post-type=\"page\">\n\t\t\t\t\t\t<section class=\"elementor-section elementor-top-section elementor-element elementor-element-58f8fe3 elementor-section-boxed elementor-section-height-default elementor-section-height-default\" data-id=\"58f8fe3\" data-element_type=\"section\" data-e-type=\"section\">\n\t\t\t\t\t\t<div class=\"elementor-container elementor-column-gap-default\">\n\t\t\t\t\t<div class=\"elementor-column elementor-col-100 elementor-top-column elementor-element elementor-element-82b160f\" data-id=\"82b160f\" data-element_type=\"column\" data-e-type=\"column\">\n\t\t\t<div class=\"elementor-widget-wrap elementor-element-populated\">\n\t\t\t\t\t\t<div class=\"elementor-element elementor-element-401b7f3 elementor-widget elementor-widget-heading\" data-id=\"401b7f3\" data-element_type=\"widget\" data-e-type=\"widget\" data-widget_type=\"heading.default\">\n\t\t\t\t<div class=\"elementor-widget-container\">\n\t\t\t\t\t<h3 class=\"elementor-heading-title elementor-size-default\">Solidarni w potrzebie<\/h3>\t\t\t\t<\/div>\n\t\t\t\t<\/div>\n\t\t\t\t<div class=\"elementor-element elementor-element-5ec62b3 elementor-widget__width-initial elementor-widget-mobile__width-inherit elementor-widget elementor-widget-text-editor\" data-id=\"5ec62b3\" data-element_type=\"widget\" data-e-type=\"widget\" data-widget_type=\"text-editor.default\">\n\t\t\t\t<div class=\"elementor-widget-container\">\n\t\t\t\t\t\t\t\t\t<p><strong>O\u015bwiadczenie\u00a0<\/strong><strong>wnioskodawcy o przychodach rodziny<\/strong><\/p><p><a href=\"http:\/\/www.solidarnosc.org.pl\/bbial\/wp-content\/uploads\/2024\/04\/Oswiadczenie-wnioskodawcy-o-przychodach-rodziny.pdf\"><strong>PDF<\/strong><\/a><\/p><hr \/><p><strong>Zg\u0142oszenie wniosku do rady funduszu\u00a0<\/strong><\/p><p><a href=\"http:\/\/www.solidarnosc.org.pl\/bbial\/wp-content\/uploads\/2024\/04\/Zgloszenie-wniosku-do-rady-funduszu.pdf\"><strong>PDF<\/strong><\/a><\/p><hr \/><p><strong>Solidarni w potrzebie \u2013 wniosek<\/strong><\/p><p><a href=\"https:\/\/www.solidarnosc.org.pl\/bbial\/wp-content\/uploads\/2025\/02\/Solidarni-w-potrzebie-wniosek.pdf\"><strong>PDF<\/strong><\/a><\/p><hr \/><p><strong>Regulamin<\/strong><\/p><p><a href=\"https:\/\/www.solidarnosc.org.pl\/bbial\/wp-content\/uploads\/2025\/02\/REGULAMIN-Funduszu-Solidarni-w-potrzebie.pdf\"><strong>PDF<\/strong><\/a><\/p>\t\t\t\t\t\t\t\t<\/div>\n\t\t\t\t<\/div>\n\t\t\t\t<div class=\"elementor-element elementor-element-8aa1b1f elementor-widget__width-inherit elementor-widget elementor-widget-text-editor\" data-id=\"8aa1b1f\" data-element_type=\"widget\" data-e-type=\"widget\" data-widget_type=\"text-editor.default\">\n\t\t\t\t<div class=\"elementor-widget-container\">\n\t\t\t\t\t\t\t\t\t<p>Je\u015bli plik <strong>nie zacznie<\/strong> si\u0119 automatycznie pobiera\u0107 prosz\u0119 klikn\u0105\u0107 prawym przyciskiem myszy, a nast\u0119pnie <strong>&#8222;Zapisz link jako&#8221;<\/strong>.<\/p>\t\t\t\t\t\t\t\t<\/div>\n\t\t\t\t<\/div>\n\t\t\t\t\t<\/div>\n\t\t<\/div>\n\t\t\t\t\t<\/div>\n\t\t<\/section>\n\t\t\t\t<\/div>\n\t\t","protected":false},"excerpt":{"rendered":"<p>Solidarni w potrzebie O\u015bwiadczenie\u00a0wnioskodawcy o przychodach rodziny PDF Zg\u0142oszenie wniosku do rady funduszu\u00a0 PDF Solidarni w potrzebie \u2013 wniosek PDF Regulamin PDF Je\u015bli plik nie zacznie si\u0119 automatycznie pobiera\u0107 prosz\u0119 klikn\u0105\u0107 prawym przyciskiem myszy, a nast\u0119pnie &#8222;Zapisz link jako&#8221;.<\/p>\n","protected":false},"author":1,"featured_media":0,"parent":39068,"menu_order":0,"comment_status":"closed","ping_status":"closed","template":"","meta":{"footnotes":""},"class_list":["post-41907","page","type-page","status-publish","hentry"],"_links":{"self":[{"href":"https:\/\/www.solidarnosc.org.pl\/bbial\/wp-json\/wp\/v2\/pages\/41907","targetHints":{"allow":["GET"]}}],"collection":[{"href":"https:\/\/www.solidarnosc.org.pl\/bbial\/wp-json\/wp\/v2\/pages"}],"about":[{"href":"https:\/\/www.solidarnosc.org.pl\/bbial\/wp-json\/wp\/v2\/types\/page"}],"author":[{"embeddable":true,"href":"https:\/\/www.solidarnosc.org.pl\/bbial\/wp-json\/wp\/v2\/users\/1"}],"replies":[{"embeddable":true,"href":"https:\/\/www.solidarnosc.org.pl\/bbial\/wp-json\/wp\/v2\/comments?post=41907"}],"version-history":[{"count":25,"href":"https:\/\/www.solidarnosc.org.pl\/bbial\/wp-json\/wp\/v2\/pages\/41907\/revisions"}],"predecessor-version":[{"id":43167,"href":"https:\/\/www.solidarnosc.org.pl\/bbial\/wp-json\/wp\/v2\/pages\/41907\/revisions\/43167"}],"up":[{"embeddable":true,"href":"https:\/\/www.solidarnosc.org.pl\/bbial\/wp-json\/wp\/v2\/pages\/39068"}],"wp:attachment":[{"href":"https:\/\/www.solidarnosc.org.pl\/bbial\/wp-json\/wp\/v2\/media?parent=41907"}],"curies":[{"name":"wp","href":"https:\/\/api.w.org\/{rel}","templated":true}]}}