{"id":41903,"date":"2024-12-19T13:32:29","date_gmt":"2024-12-19T11:32:29","guid":{"rendered":"https:\/\/www.solidarnosc.org.pl\/bbial\/?page_id=41903"},"modified":"2024-12-19T13:34:52","modified_gmt":"2024-12-19T11:34:52","slug":"chce-zalozyc-nowa-organizacje","status":"publish","type":"page","link":"https:\/\/www.solidarnosc.org.pl\/bbial\/dokumenty-i-informacje\/chce-zalozyc-nowa-organizacje\/","title":{"rendered":"Chc\u0119 za\u0142o\u017cy\u0107 now\u0105 organizacj\u0119"},"content":{"rendered":"\t\t<div data-elementor-type=\"wp-page\" data-elementor-id=\"41903\" class=\"elementor elementor-41903\" data-elementor-post-type=\"page\">\n\t\t\t\t\t\t<section class=\"elementor-section elementor-top-section elementor-element elementor-element-e6666e0 elementor-section-boxed elementor-section-height-default elementor-section-height-default\" data-id=\"e6666e0\" data-element_type=\"section\" data-e-type=\"section\">\n\t\t\t\t\t\t<div class=\"elementor-container elementor-column-gap-default\">\n\t\t\t\t\t<div class=\"elementor-column elementor-col-100 elementor-top-column elementor-element elementor-element-ca4c805\" data-id=\"ca4c805\" data-element_type=\"column\" data-e-type=\"column\">\n\t\t\t<div class=\"elementor-widget-wrap elementor-element-populated\">\n\t\t\t\t\t\t<div class=\"elementor-element elementor-element-d0cbfff elementor-widget elementor-widget-heading\" data-id=\"d0cbfff\" data-element_type=\"widget\" data-e-type=\"widget\" data-widget_type=\"heading.default\">\n\t\t\t\t<div class=\"elementor-widget-container\">\n\t\t\t\t\t<h3 class=\"elementor-heading-title elementor-size-default\">Chc\u0119 za\u0142o\u017cy\u0107 now\u0105 organizacj\u0119<\/h3>\t\t\t\t<\/div>\n\t\t\t\t<\/div>\n\t\t\t\t<div class=\"elementor-element elementor-element-4e4eb8a elementor-widget__width-initial elementor-widget-mobile__width-inherit elementor-widget elementor-widget-text-editor\" data-id=\"4e4eb8a\" data-element_type=\"widget\" data-e-type=\"widget\" data-widget_type=\"text-editor.default\">\n\t\t\t\t<div class=\"elementor-widget-container\">\n\t\t\t\t\t\t\t\t\t<p><strong>Dokumenty do za\u0142o\u017cenia nowej organizacji zwi\u0105zkowej:<\/strong><\/p><hr \/><p><strong>Etap 1<br \/><\/strong>\u2013\u00a0<a href=\"http:\/\/www.solidarnosc.org.pl\/bbial\/wp-content\/uploads\/2019\/10\/etap_1_korekta.rtf\" target=\"_blank\" rel=\"noopener noreferrer\">Lista os\u00f3b<\/a><\/p><hr \/><p><strong>Etap 2<\/strong><br \/>\u2013\u00a0<a href=\"http:\/\/www.solidarnosc.org.pl\/bbial\/wp-content\/uploads\/2019\/10\/etap_2_korekta.rtf\" target=\"_blank\" rel=\"noopener noreferrer\">Uchwa\u0142a ws. za\u0142o\u017cenia organizacji zwi\u0105zkowe<\/a><\/p><hr \/><p><strong>Etap 3\u00a0<br \/><\/strong>\u2013\u00a0<a href=\"http:\/\/www.solidarnosc.org.pl\/bbial\/wp-content\/uploads\/2020\/11\/Wniosek-o-rejestracj%C4%99-nowej-organizacji-w-Regionie-Podbeskidzie.doc\" target=\"_blank\" rel=\"noopener noreferrer\">Wniosek o zarejestrowanie organizacji zwi\u0105zkowej w Regionie Podbeskidzie<strong><br \/><\/strong><\/a>\u2013\u00a0<a href=\"http:\/\/www.solidarnosc.org.pl\/bbial\/dok\/skladki_wniosek.doc\" target=\"_blank\" rel=\"noopener noreferrer\">Wniosek ws. przekazywania sk\u0142adki zwi\u0105zkowej na rachunki bankowe<\/a><\/p>\t\t\t\t\t\t\t\t<\/div>\n\t\t\t\t<\/div>\n\t\t\t\t\t<\/div>\n\t\t<\/div>\n\t\t\t\t\t<\/div>\n\t\t<\/section>\n\t\t\t\t<\/div>\n\t\t","protected":false},"excerpt":{"rendered":"<p>Chc\u0119 za\u0142o\u017cy\u0107 now\u0105 organizacj\u0119 Dokumenty do za\u0142o\u017cenia nowej organizacji zwi\u0105zkowej: Etap 1\u2013\u00a0Lista os\u00f3b Etap 2\u2013\u00a0Uchwa\u0142a ws. za\u0142o\u017cenia organizacji zwi\u0105zkowe Etap 3\u00a0\u2013\u00a0Wniosek o zarejestrowanie organizacji zwi\u0105zkowej w Regionie Podbeskidzie\u2013\u00a0Wniosek ws. przekazywania sk\u0142adki zwi\u0105zkowej na rachunki bankowe<\/p>\n","protected":false},"author":1,"featured_media":0,"parent":39068,"menu_order":0,"comment_status":"closed","ping_status":"closed","template":"","meta":{"footnotes":""},"class_list":["post-41903","page","type-page","status-publish","hentry"],"_links":{"self":[{"href":"https:\/\/www.solidarnosc.org.pl\/bbial\/wp-json\/wp\/v2\/pages\/41903","targetHints":{"allow":["GET"]}}],"collection":[{"href":"https:\/\/www.solidarnosc.org.pl\/bbial\/wp-json\/wp\/v2\/pages"}],"about":[{"href":"https:\/\/www.solidarnosc.org.pl\/bbial\/wp-json\/wp\/v2\/types\/page"}],"author":[{"embeddable":true,"href":"https:\/\/www.solidarnosc.org.pl\/bbial\/wp-json\/wp\/v2\/users\/1"}],"replies":[{"embeddable":true,"href":"https:\/\/www.solidarnosc.org.pl\/bbial\/wp-json\/wp\/v2\/comments?post=41903"}],"version-history":[{"count":4,"href":"https:\/\/www.solidarnosc.org.pl\/bbial\/wp-json\/wp\/v2\/pages\/41903\/revisions"}],"predecessor-version":[{"id":41918,"href":"https:\/\/www.solidarnosc.org.pl\/bbial\/wp-json\/wp\/v2\/pages\/41903\/revisions\/41918"}],"up":[{"embeddable":true,"href":"https:\/\/www.solidarnosc.org.pl\/bbial\/wp-json\/wp\/v2\/pages\/39068"}],"wp:attachment":[{"href":"https:\/\/www.solidarnosc.org.pl\/bbial\/wp-json\/wp\/v2\/media?parent=41903"}],"curies":[{"name":"wp","href":"https:\/\/api.w.org\/{rel}","templated":true}]}}