{"id":41860,"date":"2024-12-19T13:23:33","date_gmt":"2024-12-19T11:23:33","guid":{"rendered":"https:\/\/www.solidarnosc.org.pl\/bbial\/?page_id=41860"},"modified":"2024-12-19T13:28:08","modified_gmt":"2024-12-19T11:28:08","slug":"ogloszenia-rozne","status":"publish","type":"page","link":"https:\/\/www.solidarnosc.org.pl\/bbial\/spotkania-i-wydarzenia\/ogloszenia-rozne\/","title":{"rendered":"Og\u0142oszenia r\u00f3\u017cne"},"content":{"rendered":"\t\t<div data-elementor-type=\"wp-page\" data-elementor-id=\"41860\" class=\"elementor elementor-41860\" data-elementor-post-type=\"page\">\n\t\t\t\t\t\t<section class=\"elementor-section elementor-top-section elementor-element elementor-element-695faf5 elementor-section-boxed elementor-section-height-default elementor-section-height-default\" data-id=\"695faf5\" data-element_type=\"section\" data-e-type=\"section\">\n\t\t\t\t\t\t<div class=\"elementor-container elementor-column-gap-default\">\n\t\t\t\t\t<div class=\"elementor-column elementor-col-100 elementor-top-column elementor-element elementor-element-0123788\" data-id=\"0123788\" data-element_type=\"column\" data-e-type=\"column\">\n\t\t\t<div class=\"elementor-widget-wrap elementor-element-populated\">\n\t\t\t\t\t\t<div class=\"elementor-element elementor-element-922263f elementor-widget elementor-widget-heading\" data-id=\"922263f\" data-element_type=\"widget\" data-e-type=\"widget\" data-widget_type=\"heading.default\">\n\t\t\t\t<div class=\"elementor-widget-container\">\n\t\t\t\t\t<h3 class=\"elementor-heading-title elementor-size-default\">Og\u0142oszenia r\u00f3\u017cne<\/h3>\t\t\t\t<\/div>\n\t\t\t\t<\/div>\n\t\t\t\t<div class=\"elementor-element elementor-element-0908233 elementor-widget__width-initial elementor-widget-mobile__width-inherit elementor-widget elementor-widget-text-editor\" data-id=\"0908233\" data-element_type=\"widget\" data-e-type=\"widget\" data-widget_type=\"text-editor.default\">\n\t\t\t\t<div class=\"elementor-widget-container\">\n\t\t\t\t\t\t\t\t\t<p><strong>ZR PODBESKIDZIE DYSPONUJE SAL\u0104 KONFERENCYJN\u0104 NA OK. 50 OS\u00d3B, WYPOSA\u017bON\u0104&nbsp;<\/strong><strong>W MULTIMEDIA.<\/strong><br>Zainteresowanych wynaj\u0119ciem sali prosimy o kontakt ze skarbnikiem ZR<\/p>\n<p>Andrzejem Ko\u0142odziejskim:&nbsp;<\/p>\n<p><strong>tel:<\/strong> 603 321 939 | 33 812 67 52<br><strong>e-mail:<\/strong>&nbsp;<a href=\"mailto:skarb.bbial@solidarnosc.org.pl\">skarb.bbial@solidarnosc.org.pl<\/a><\/p>\t\t\t\t\t\t\t\t<\/div>\n\t\t\t\t<\/div>\n\t\t\t\t\t<\/div>\n\t\t<\/div>\n\t\t\t\t\t<\/div>\n\t\t<\/section>\n\t\t\t\t<\/div>\n\t\t","protected":false},"excerpt":{"rendered":"<p>Og\u0142oszenia r\u00f3\u017cne ZR PODBESKIDZIE DYSPONUJE SAL\u0104 KONFERENCYJN\u0104 NA OK. 50 OS\u00d3B, WYPOSA\u017bON\u0104&nbsp;W MULTIMEDIA.Zainteresowanych wynaj\u0119ciem sali prosimy o kontakt ze skarbnikiem ZR Andrzejem Ko\u0142odziejskim:&nbsp; tel: 603 321 939 | 33 812 67 52e-mail:&nbsp;skarb.bbial@solidarnosc.org.pl<\/p>\n","protected":false},"author":1,"featured_media":0,"parent":39036,"menu_order":0,"comment_status":"closed","ping_status":"closed","template":"","meta":{"footnotes":""},"class_list":["post-41860","page","type-page","status-publish","hentry"],"_links":{"self":[{"href":"https:\/\/www.solidarnosc.org.pl\/bbial\/wp-json\/wp\/v2\/pages\/41860","targetHints":{"allow":["GET"]}}],"collection":[{"href":"https:\/\/www.solidarnosc.org.pl\/bbial\/wp-json\/wp\/v2\/pages"}],"about":[{"href":"https:\/\/www.solidarnosc.org.pl\/bbial\/wp-json\/wp\/v2\/types\/page"}],"author":[{"embeddable":true,"href":"https:\/\/www.solidarnosc.org.pl\/bbial\/wp-json\/wp\/v2\/users\/1"}],"replies":[{"embeddable":true,"href":"https:\/\/www.solidarnosc.org.pl\/bbial\/wp-json\/wp\/v2\/comments?post=41860"}],"version-history":[{"count":7,"href":"https:\/\/www.solidarnosc.org.pl\/bbial\/wp-json\/wp\/v2\/pages\/41860\/revisions"}],"predecessor-version":[{"id":41883,"href":"https:\/\/www.solidarnosc.org.pl\/bbial\/wp-json\/wp\/v2\/pages\/41860\/revisions\/41883"}],"up":[{"embeddable":true,"href":"https:\/\/www.solidarnosc.org.pl\/bbial\/wp-json\/wp\/v2\/pages\/39036"}],"wp:attachment":[{"href":"https:\/\/www.solidarnosc.org.pl\/bbial\/wp-json\/wp\/v2\/media?parent=41860"}],"curies":[{"name":"wp","href":"https:\/\/api.w.org\/{rel}","templated":true}]}}