{"id":41856,"date":"2024-12-19T13:23:07","date_gmt":"2024-12-19T11:23:07","guid":{"rendered":"https:\/\/www.solidarnosc.org.pl\/bbial\/?page_id=41856"},"modified":"2026-02-24T13:38:03","modified_gmt":"2026-02-24T11:38:03","slug":"terminy-posiedzen-zarzadu-regionu","status":"publish","type":"page","link":"https:\/\/www.solidarnosc.org.pl\/bbial\/spotkania-i-wydarzenia\/terminy-posiedzen-zarzadu-regionu\/","title":{"rendered":"Terminy posiedze\u0144 Zarz\u0105du Regionu"},"content":{"rendered":"\t\t<div data-elementor-type=\"wp-page\" data-elementor-id=\"41856\" class=\"elementor elementor-41856\" data-elementor-post-type=\"page\">\n\t\t\t\t\t\t<section class=\"elementor-section elementor-top-section elementor-element elementor-element-c698e74 elementor-section-boxed elementor-section-height-default elementor-section-height-default\" data-id=\"c698e74\" data-element_type=\"section\" data-e-type=\"section\">\n\t\t\t\t\t\t<div class=\"elementor-container elementor-column-gap-default\">\n\t\t\t\t\t<div class=\"elementor-column elementor-col-100 elementor-top-column elementor-element elementor-element-f18d90b\" data-id=\"f18d90b\" data-element_type=\"column\" data-e-type=\"column\">\n\t\t\t<div class=\"elementor-widget-wrap elementor-element-populated\">\n\t\t\t\t\t\t<div class=\"elementor-element elementor-element-4defa0f elementor-widget elementor-widget-heading\" data-id=\"4defa0f\" data-element_type=\"widget\" data-e-type=\"widget\" data-widget_type=\"heading.default\">\n\t\t\t\t<div class=\"elementor-widget-container\">\n\t\t\t\t\t<h3 class=\"elementor-heading-title elementor-size-default\">Terminy posiedze\u0144 Zarz\u0105du Regionu<\/h3>\t\t\t\t<\/div>\n\t\t\t\t<\/div>\n\t\t\t\t<div class=\"elementor-element elementor-element-a20c623 elementor-widget__width-initial elementor-widget-mobile__width-inherit elementor-widget elementor-widget-text-editor\" data-id=\"a20c623\" data-element_type=\"widget\" data-e-type=\"widget\" data-widget_type=\"text-editor.default\">\n\t\t\t\t<div class=\"elementor-widget-container\">\n\t\t\t\t\t\t\t\t\t<p><span style=\"text-decoration: underline;\"><strong>I p\u00f3\u0142rocze 2026 r.<\/strong><\/span><\/p>\n<p>27 stycznia<\/p>\n<p>24 lutego<\/p>\n<p>30 marca<\/p>\n<p>27 kwietnia<\/p>\n<p>25 maja<\/p>\n<p>29 czerwca<\/p>\n<p><span style=\"text-decoration: underline;\"><strong>II p\u00f3\u0142rocze 2026 r.<\/strong><\/span><\/p>\n<p><br><\/p>\n<p><strong>Pocz\u0105tek zawsze o godz. 9.00<\/strong><\/p>\t\t\t\t\t\t\t\t<\/div>\n\t\t\t\t<\/div>\n\t\t\t\t\t<\/div>\n\t\t<\/div>\n\t\t\t\t\t<\/div>\n\t\t<\/section>\n\t\t\t\t<\/div>\n\t\t","protected":false},"excerpt":{"rendered":"<p>Terminy posiedze\u0144 Zarz\u0105du Regionu I p\u00f3\u0142rocze 2026 r. 27 stycznia 24 lutego 30 marca 27 kwietnia 25 maja 29 czerwca II p\u00f3\u0142rocze 2026 r. Pocz\u0105tek zawsze o godz. 9.00<\/p>\n","protected":false},"author":1,"featured_media":0,"parent":39036,"menu_order":0,"comment_status":"closed","ping_status":"closed","template":"","meta":{"footnotes":""},"class_list":["post-41856","page","type-page","status-publish","hentry"],"_links":{"self":[{"href":"https:\/\/www.solidarnosc.org.pl\/bbial\/wp-json\/wp\/v2\/pages\/41856","targetHints":{"allow":["GET"]}}],"collection":[{"href":"https:\/\/www.solidarnosc.org.pl\/bbial\/wp-json\/wp\/v2\/pages"}],"about":[{"href":"https:\/\/www.solidarnosc.org.pl\/bbial\/wp-json\/wp\/v2\/types\/page"}],"author":[{"embeddable":true,"href":"https:\/\/www.solidarnosc.org.pl\/bbial\/wp-json\/wp\/v2\/users\/1"}],"replies":[{"embeddable":true,"href":"https:\/\/www.solidarnosc.org.pl\/bbial\/wp-json\/wp\/v2\/comments?post=41856"}],"version-history":[{"count":23,"href":"https:\/\/www.solidarnosc.org.pl\/bbial\/wp-json\/wp\/v2\/pages\/41856\/revisions"}],"predecessor-version":[{"id":46290,"href":"https:\/\/www.solidarnosc.org.pl\/bbial\/wp-json\/wp\/v2\/pages\/41856\/revisions\/46290"}],"up":[{"embeddable":true,"href":"https:\/\/www.solidarnosc.org.pl\/bbial\/wp-json\/wp\/v2\/pages\/39036"}],"wp:attachment":[{"href":"https:\/\/www.solidarnosc.org.pl\/bbial\/wp-json\/wp\/v2\/media?parent=41856"}],"curies":[{"name":"wp","href":"https:\/\/api.w.org\/{rel}","templated":true}]}}