{"id":39140,"date":"2024-12-13T17:43:36","date_gmt":"2024-12-13T15:43:36","guid":{"rendered":"https:\/\/www.solidarnosc.org.pl\/bbial\/?page_id=39140"},"modified":"2024-12-19T11:21:19","modified_gmt":"2024-12-19T09:21:19","slug":"dlaczegowarto","status":"publish","type":"page","link":"https:\/\/www.solidarnosc.org.pl\/bbial\/dlaczegowarto\/","title":{"rendered":"Dlaczego warto?"},"content":{"rendered":"\t\t<div data-elementor-type=\"wp-page\" data-elementor-id=\"39140\" class=\"elementor elementor-39140\" data-elementor-post-type=\"page\">\n\t\t\t\t\t\t<section class=\"elementor-section elementor-top-section elementor-element elementor-element-1f4ca08 elementor-section-boxed elementor-section-height-default elementor-section-height-default\" data-id=\"1f4ca08\" data-element_type=\"section\" data-e-type=\"section\">\n\t\t\t\t\t\t<div class=\"elementor-container elementor-column-gap-default\">\n\t\t\t\t\t<div class=\"elementor-column elementor-col-100 elementor-top-column elementor-element elementor-element-78b9cd9\" data-id=\"78b9cd9\" data-element_type=\"column\" data-e-type=\"column\">\n\t\t\t<div class=\"elementor-widget-wrap elementor-element-populated\">\n\t\t\t\t\t\t<div class=\"elementor-element elementor-element-43696ad elementor-widget elementor-widget-heading\" data-id=\"43696ad\" data-element_type=\"widget\" data-e-type=\"widget\" data-widget_type=\"heading.default\">\n\t\t\t\t<div class=\"elementor-widget-container\">\n\t\t\t\t\t<h2 class=\"elementor-heading-title elementor-size-default\">Dlaczego warto?<\/h2>\t\t\t\t<\/div>\n\t\t\t\t<\/div>\n\t\t\t\t<div class=\"elementor-element elementor-element-321e436 elementor-widget elementor-widget-text-editor\" data-id=\"321e436\" data-element_type=\"widget\" data-e-type=\"widget\" data-widget_type=\"text-editor.default\">\n\t\t\t\t<div class=\"elementor-widget-container\">\n\t\t\t\t\t\t\t\t\t<p>Bez wzgl\u0119du na to, gdzie pracujesz i czym zajmujesz si\u0119 zawodowo, Solidarno\u015b\u0107 to realne wsparcie, dla ca\u0142ej pracowniczej spo\u0142eczno\u015bci. Praca to warto\u015b\u0107, kt\u00f3ra zas\u0142uguje na docenienie.<\/p><p>Masz w\u0105tpliwo\u015bci? Obok znajdziesz odpowied\u017a na najwa\u017cniejsze, najcz\u0119\u015bciej zadawane pytania.<\/p>\t\t\t\t\t\t\t\t<\/div>\n\t\t\t\t<\/div>\n\t\t\t\t\t<\/div>\n\t\t<\/div>\n\t\t\t\t\t<\/div>\n\t\t<\/section>\n\t\t\t\t<\/div>\n\t\t","protected":false},"excerpt":{"rendered":"<p>Dlaczego warto? Bez wzgl\u0119du na to, gdzie pracujesz i czym zajmujesz si\u0119 zawodowo, Solidarno\u015b\u0107 to realne wsparcie, dla ca\u0142ej pracowniczej spo\u0142eczno\u015bci. Praca to warto\u015b\u0107, kt\u00f3ra zas\u0142uguje na docenienie. Masz w\u0105tpliwo\u015bci? Obok znajdziesz odpowied\u017a na najwa\u017cniejsze, najcz\u0119\u015bciej zadawane pytania.<\/p>\n","protected":false},"author":1,"featured_media":0,"parent":0,"menu_order":0,"comment_status":"closed","ping_status":"closed","template":"","meta":{"footnotes":""},"class_list":["post-39140","page","type-page","status-publish","hentry"],"_links":{"self":[{"href":"https:\/\/www.solidarnosc.org.pl\/bbial\/wp-json\/wp\/v2\/pages\/39140","targetHints":{"allow":["GET"]}}],"collection":[{"href":"https:\/\/www.solidarnosc.org.pl\/bbial\/wp-json\/wp\/v2\/pages"}],"about":[{"href":"https:\/\/www.solidarnosc.org.pl\/bbial\/wp-json\/wp\/v2\/types\/page"}],"author":[{"embeddable":true,"href":"https:\/\/www.solidarnosc.org.pl\/bbial\/wp-json\/wp\/v2\/users\/1"}],"replies":[{"embeddable":true,"href":"https:\/\/www.solidarnosc.org.pl\/bbial\/wp-json\/wp\/v2\/comments?post=39140"}],"version-history":[{"count":13,"href":"https:\/\/www.solidarnosc.org.pl\/bbial\/wp-json\/wp\/v2\/pages\/39140\/revisions"}],"predecessor-version":[{"id":41801,"href":"https:\/\/www.solidarnosc.org.pl\/bbial\/wp-json\/wp\/v2\/pages\/39140\/revisions\/41801"}],"wp:attachment":[{"href":"https:\/\/www.solidarnosc.org.pl\/bbial\/wp-json\/wp\/v2\/media?parent=39140"}],"curies":[{"name":"wp","href":"https:\/\/api.w.org\/{rel}","templated":true}]}}