{"id":39029,"date":"2024-12-13T14:34:27","date_gmt":"2024-12-13T12:34:27","guid":{"rendered":"https:\/\/www.solidarnosc.org.pl\/bbial\/?page_id=39029"},"modified":"2024-12-19T15:57:04","modified_gmt":"2024-12-19T13:57:04","slug":"dolacz-do-nas","status":"publish","type":"page","link":"https:\/\/www.solidarnosc.org.pl\/bbial\/dolacz-do-nas\/","title":{"rendered":"Do\u0142\u0105cz do nas"},"content":{"rendered":"\t\t<div data-elementor-type=\"wp-page\" data-elementor-id=\"39029\" class=\"elementor elementor-39029\" data-elementor-post-type=\"page\">\n\t\t\t\t\t\t<section class=\"elementor-section elementor-top-section elementor-element elementor-element-c61e4c6 elementor-section-boxed elementor-section-height-default elementor-section-height-default\" data-id=\"c61e4c6\" data-element_type=\"section\" data-e-type=\"section\">\n\t\t\t\t\t\t<div class=\"elementor-container elementor-column-gap-default\">\n\t\t\t\t\t<div class=\"elementor-column elementor-col-100 elementor-top-column elementor-element elementor-element-84209ea\" data-id=\"84209ea\" data-element_type=\"column\" data-e-type=\"column\">\n\t\t\t<div class=\"elementor-widget-wrap elementor-element-populated\">\n\t\t\t\t\t\t<div class=\"elementor-element elementor-element-bd6a9e2 elementor-widget elementor-widget-text-editor\" data-id=\"bd6a9e2\" data-element_type=\"widget\" data-e-type=\"widget\" data-widget_type=\"text-editor.default\">\n\t\t\t\t<div class=\"elementor-widget-container\">\n\t\t\t\t\t\t\t\t\t<h3>Chcesz do nas do\u0142\u0105czy\u0107?<\/h3><h5>Masz pytania?<\/h5><p>Skontaktuj si\u0119 z nami za pomoc\u0105 formularza lub wybierz kontakt z listy zamieszczonej\u00a0<a href=\"https:\/\/www.solidarnosc.org.pl\/bbial\/kontakt\/\" target=\"blank\" rel=\"noopener\"><strong>TUTAJ<\/strong>.<\/a><\/p>\t\t\t\t\t\t\t\t<\/div>\n\t\t\t\t<\/div>\n\t\t\t\t<div class=\"elementor-element elementor-element-0918420 elementor-widget elementor-widget-heading\" data-id=\"0918420\" data-element_type=\"widget\" data-e-type=\"widget\" data-widget_type=\"heading.default\">\n\t\t\t\t<div class=\"elementor-widget-container\">\n\t\t\t\t\t<h4 class=\"elementor-heading-title elementor-size-default\">DO\u0141\u0104CZ DO NAS:<\/h4>\t\t\t\t<\/div>\n\t\t\t\t<\/div>\n\t\t\t\t<div class=\"elementor-element elementor-element-395ceb8 elementor-widget__width-initial elementor-widget-mobile__width-inherit elementor-button-align-stretch elementor-widget elementor-widget-form\" data-id=\"395ceb8\" data-element_type=\"widget\" data-e-type=\"widget\" data-settings=\"{&quot;step_next_label&quot;:&quot;Next&quot;,&quot;step_previous_label&quot;:&quot;Previous&quot;,&quot;button_width&quot;:&quot;100&quot;,&quot;step_type&quot;:&quot;number_text&quot;,&quot;step_icon_shape&quot;:&quot;circle&quot;}\" data-widget_type=\"form.default\">\n\t\t\t\t<div class=\"elementor-widget-container\">\n\t\t\t\t\t\t\t<form class=\"elementor-form\" method=\"post\" name=\"New Form\">\n\t\t\t<input type=\"hidden\" name=\"post_id\" value=\"39029\"\/>\n\t\t\t<input type=\"hidden\" name=\"form_id\" value=\"395ceb8\"\/>\n\t\t\t<input type=\"hidden\" name=\"referer_title\" value=\"Do\u0142\u0105cz do nas\" \/>\n\n\t\t\t\t\t\t\t<input type=\"hidden\" name=\"queried_id\" value=\"39029\"\/>\n\t\t\t\n\t\t\t<div class=\"elementor-form-fields-wrapper elementor-labels-above\">\n\t\t\t\t\t\t\t\t<div class=\"elementor-field-type-text elementor-field-group elementor-column elementor-field-group-name elementor-col-100\">\n\t\t\t\t\t\t\t\t\t\t\t\t<label for=\"form-field-name\" class=\"elementor-field-label\">\n\t\t\t\t\t\t\t\tImi\u0119 Nazwisko:\t\t\t\t\t\t\t<\/label>\n\t\t\t\t\t\t\t\t\t\t\t\t\t\t<input size=\"1\" type=\"text\" name=\"form_fields[name]\" id=\"form-field-name\" class=\"elementor-field elementor-size-sm  elementor-field-textual\" placeholder=\"Imi\u0119 Nazwisko\">\n\t\t\t\t\t\t\t\t\t\t\t<\/div>\n\t\t\t\t\t\t\t\t<div class=\"elementor-field-type-email elementor-field-group elementor-column elementor-field-group-email elementor-col-100 elementor-field-required\">\n\t\t\t\t\t\t\t\t\t\t\t\t<label for=\"form-field-email\" class=\"elementor-field-label\">\n\t\t\t\t\t\t\t\tAdres email:\t\t\t\t\t\t\t<\/label>\n\t\t\t\t\t\t\t\t\t\t\t\t\t\t<input size=\"1\" type=\"email\" name=\"form_fields[email]\" id=\"form-field-email\" class=\"elementor-field elementor-size-sm  elementor-field-textual\" placeholder=\"Adres email:\" required=\"required\">\n\t\t\t\t\t\t\t\t\t\t\t<\/div>\n\t\t\t\t\t\t\t\t<div class=\"elementor-field-type-number elementor-field-group elementor-column elementor-field-group-field_ce8f297 elementor-col-100\">\n\t\t\t\t\t\t\t\t\t\t\t\t<label for=\"form-field-field_ce8f297\" class=\"elementor-field-label\">\n\t\t\t\t\t\t\t\tNumer telefonu:\t\t\t\t\t\t\t<\/label>\n\t\t\t\t\t\t\t\t\t<input type=\"number\" name=\"form_fields[field_ce8f297]\" id=\"form-field-field_ce8f297\" class=\"elementor-field elementor-size-sm  elementor-field-textual\" placeholder=\"Numer telefonu:\" min=\"\" max=\"\" >\n\t\t\t\t\t\t<\/div>\n\t\t\t\t\t\t\t\t<div class=\"elementor-field-type-text elementor-field-group elementor-column elementor-field-group-field_97645e2 elementor-col-100\">\n\t\t\t\t\t\t\t\t\t\t\t\t<label for=\"form-field-field_97645e2\" class=\"elementor-field-label\">\n\t\t\t\t\t\t\t\tBran\u017ca\t\t\t\t\t\t\t<\/label>\n\t\t\t\t\t\t\t\t\t\t\t\t\t\t<input size=\"1\" type=\"text\" name=\"form_fields[field_97645e2]\" id=\"form-field-field_97645e2\" class=\"elementor-field elementor-size-sm  elementor-field-textual\" placeholder=\"Bran\u017ca\">\n\t\t\t\t\t\t\t\t\t\t\t<\/div>\n\t\t\t\t\t\t\t\t<div class=\"elementor-field-type-textarea elementor-field-group elementor-column elementor-field-group-message elementor-col-100\">\n\t\t\t\t\t\t\t\t\t\t\t\t<label for=\"form-field-message\" class=\"elementor-field-label\">\n\t\t\t\t\t\t\t\tTre\u015b\u0107 wiadomo\u015bci\t\t\t\t\t\t\t<\/label>\n\t\t\t\t\t\t<textarea class=\"elementor-field-textual elementor-field  elementor-size-sm\" name=\"form_fields[message]\" id=\"form-field-message\" rows=\"4\" placeholder=\"Tre\u015b\u0107 wiadomo\u015bci\"><\/textarea>\t\t\t\t<\/div>\n\t\t\t\t\t\t\t\t<div class=\"elementor-field-type-acceptance elementor-field-group elementor-column elementor-field-group-field_7820b79 elementor-col-100 elementor-field-required\">\n\t\t\t\t\t\t\t<div class=\"elementor-field-subgroup\">\n\t\t\t<span class=\"elementor-field-option\">\n\t\t\t\t<input type=\"checkbox\" name=\"form_fields[field_7820b79]\" id=\"form-field-field_7820b79\" class=\"elementor-field elementor-size-sm  elementor-acceptance-field\" required=\"required\">\n\t\t\t\t<label for=\"form-field-field_7820b79\">Wyra\u017cam zgod\u0119 na przetwarzanie moich danych osobowych zgodnie z ustaw\u0105 o ochronie danych osobowych w zwi\u0105zku z realizacj\u0105 zg\u0142oszenia. Podanie danych jest dobrowolne, ale niezb\u0119dne do przetworzenia zapytania. Zosta\u0142em \/am poinformowany \/a, \u017ce przys\u0142uguje mi prawo dost\u0119pu do swoich danych, mo\u017cliwo\u015bci ich poprawiania, \u017c\u0105dania zaprzestania ich przetwarzania. Administratorem danych osobowych jest: Region Podbeskidzie NSZZ \u201eSolidarno\u015b\u0107\u201d, ul. Adama Asnyka 19, 43-300 Bielsko-Bia\u0142a<\/label>\t\t\t<\/span>\n\t\t<\/div>\n\t\t\t\t\t\t<\/div>\n\t\t\t\t\t\t\t\t<div class=\"elementor-field-group elementor-column elementor-field-type-submit elementor-col-100 e-form__buttons\">\n\t\t\t\t\t<button class=\"elementor-button elementor-size-sm\" type=\"submit\">\n\t\t\t\t\t\t<span class=\"elementor-button-content-wrapper\">\n\t\t\t\t\t\t\t\t\t\t\t\t\t\t\t\t\t\t\t\t\t\t<span class=\"elementor-button-text\">Wy\u015blij wiadomo\u015b\u0107<\/span>\n\t\t\t\t\t\t\t\t\t\t\t\t\t<\/span>\n\t\t\t\t\t<\/button>\n\t\t\t\t<\/div>\n\t\t\t<\/div>\n\t\t<\/form>\n\t\t\t\t\t\t<\/div>\n\t\t\t\t<\/div>\n\t\t\t\t\t<\/div>\n\t\t<\/div>\n\t\t\t\t\t<\/div>\n\t\t<\/section>\n\t\t\t\t<\/div>\n\t\t","protected":false},"excerpt":{"rendered":"<p>Chcesz do nas do\u0142\u0105czy\u0107? Masz pytania? Skontaktuj si\u0119 z nami za pomoc\u0105 formularza lub wybierz kontakt z listy zamieszczonej\u00a0TUTAJ. DO\u0141\u0104CZ DO NAS:<\/p>\n","protected":false},"author":1,"featured_media":0,"parent":0,"menu_order":0,"comment_status":"closed","ping_status":"closed","template":"","meta":{"footnotes":""},"class_list":["post-39029","page","type-page","status-publish","hentry"],"_links":{"self":[{"href":"https:\/\/www.solidarnosc.org.pl\/bbial\/wp-json\/wp\/v2\/pages\/39029","targetHints":{"allow":["GET"]}}],"collection":[{"href":"https:\/\/www.solidarnosc.org.pl\/bbial\/wp-json\/wp\/v2\/pages"}],"about":[{"href":"https:\/\/www.solidarnosc.org.pl\/bbial\/wp-json\/wp\/v2\/types\/page"}],"author":[{"embeddable":true,"href":"https:\/\/www.solidarnosc.org.pl\/bbial\/wp-json\/wp\/v2\/users\/1"}],"replies":[{"embeddable":true,"href":"https:\/\/www.solidarnosc.org.pl\/bbial\/wp-json\/wp\/v2\/comments?post=39029"}],"version-history":[{"count":7,"href":"https:\/\/www.solidarnosc.org.pl\/bbial\/wp-json\/wp\/v2\/pages\/39029\/revisions"}],"predecessor-version":[{"id":41956,"href":"https:\/\/www.solidarnosc.org.pl\/bbial\/wp-json\/wp\/v2\/pages\/39029\/revisions\/41956"}],"wp:attachment":[{"href":"https:\/\/www.solidarnosc.org.pl\/bbial\/wp-json\/wp\/v2\/media?parent=39029"}],"curies":[{"name":"wp","href":"https:\/\/api.w.org\/{rel}","templated":true}]}}