{"id":38417,"date":"2024-12-03T16:20:18","date_gmt":"2024-12-03T14:20:18","guid":{"rendered":"https:\/\/www.solidarnosc.org.pl\/bbial\/?page_id=38417"},"modified":"2024-12-12T13:22:12","modified_gmt":"2024-12-12T11:22:12","slug":"krajowa-sekcja-sluzby-wieziennej","status":"publish","type":"page","link":"https:\/\/www.solidarnosc.org.pl\/bbial\/krajowa-sekcja-sluzby-wieziennej\/","title":{"rendered":"KRAJOWA SEKCJA S\u0141U\u017bBY WI\u0118ZIENNEJ"},"content":{"rendered":"\t\t<div data-elementor-type=\"wp-page\" data-elementor-id=\"38417\" class=\"elementor elementor-38417\" data-elementor-post-type=\"page\">\n\t\t\t\t\t\t<section class=\"elementor-section elementor-top-section elementor-element elementor-element-b3b2443 elementor-section-boxed elementor-section-height-default elementor-section-height-default\" data-id=\"b3b2443\" data-element_type=\"section\" data-e-type=\"section\">\n\t\t\t\t\t\t<div class=\"elementor-container elementor-column-gap-default\">\n\t\t\t\t\t<div class=\"elementor-column elementor-col-50 elementor-top-column elementor-element elementor-element-86af936\" data-id=\"86af936\" data-element_type=\"column\" data-e-type=\"column\">\n\t\t\t<div class=\"elementor-widget-wrap elementor-element-populated\">\n\t\t\t\t\t\t<div class=\"elementor-element elementor-element-6a6999a elementor-widget elementor-widget-image\" data-id=\"6a6999a\" data-element_type=\"widget\" data-e-type=\"widget\" data-widget_type=\"image.default\">\n\t\t\t\t<div class=\"elementor-widget-container\">\n\t\t\t\t\t\t\t\t\t\t\t\t\t\t\t<img fetchpriority=\"high\" decoding=\"async\" width=\"800\" height=\"595\" src=\"https:\/\/www.solidarnosc.org.pl\/bbial\/wp-content\/uploads\/2024\/12\/7329-tysol_pl-1024x762.jpg\" class=\"attachment-large size-large wp-image-38866\" alt=\"\" srcset=\"https:\/\/www.solidarnosc.org.pl\/bbial\/wp-content\/uploads\/2024\/12\/7329-tysol_pl-1024x762.jpg 1024w, https:\/\/www.solidarnosc.org.pl\/bbial\/wp-content\/uploads\/2024\/12\/7329-tysol_pl-300x223.jpg 300w, https:\/\/www.solidarnosc.org.pl\/bbial\/wp-content\/uploads\/2024\/12\/7329-tysol_pl-768x571.jpg 768w, https:\/\/www.solidarnosc.org.pl\/bbial\/wp-content\/uploads\/2024\/12\/7329-tysol_pl-1536x1142.jpg 1536w, https:\/\/www.solidarnosc.org.pl\/bbial\/wp-content\/uploads\/2024\/12\/7329-tysol_pl-2048x1523.jpg 2048w\" sizes=\"(max-width: 800px) 100vw, 800px\" \/>\t\t\t\t\t\t\t\t\t\t\t\t\t\t\t<\/div>\n\t\t\t\t<\/div>\n\t\t\t\t\t<\/div>\n\t\t<\/div>\n\t\t\t\t<div class=\"elementor-column elementor-col-50 elementor-top-column elementor-element elementor-element-f5bba9f\" data-id=\"f5bba9f\" data-element_type=\"column\" data-e-type=\"column\">\n\t\t\t<div class=\"elementor-widget-wrap elementor-element-populated\">\n\t\t\t\t\t\t<div class=\"elementor-element elementor-element-2e1a44a elementor-widget elementor-widget-text-editor\" data-id=\"2e1a44a\" data-element_type=\"widget\" data-e-type=\"widget\" data-widget_type=\"text-editor.default\">\n\t\t\t\t<div class=\"elementor-widget-container\">\n\t\t\t\t\t\t\t\t\t<p><strong>Krajowa Sekcja S\u0142u\u017cby Wi\u0119ziennej NSZZ \u201eSolidarno\u015b\u0107\u201d<\/strong><\/p>\t\t\t\t\t\t\t\t<\/div>\n\t\t\t\t<\/div>\n\t\t\t\t<div class=\"elementor-element elementor-element-bb6ec4c elementor-widget elementor-widget-text-editor\" data-id=\"bb6ec4c\" data-element_type=\"widget\" data-e-type=\"widget\" data-widget_type=\"text-editor.default\">\n\t\t\t\t<div class=\"elementor-widget-container\">\n\t\t\t\t\t\t\t\t\t<p><strong>Przewodnicz\u0105cy:<\/strong><br \/>Andrzej Ko\u0142odziejski<\/p>\t\t\t\t\t\t\t\t<\/div>\n\t\t\t\t<\/div>\n\t\t\t\t<div class=\"elementor-element elementor-element-ba6ae0f elementor-widget elementor-widget-image\" data-id=\"ba6ae0f\" data-element_type=\"widget\" data-e-type=\"widget\" data-widget_type=\"image.default\">\n\t\t\t\t<div class=\"elementor-widget-container\">\n\t\t\t\t\t\t\t\t\t\t\t\t\t\t\t<img decoding=\"async\" width=\"800\" height=\"800\" src=\"https:\/\/www.solidarnosc.org.pl\/bbial\/wp-content\/uploads\/2024\/12\/Kolodziejski-A-1024x1024.jpg\" class=\"attachment-large size-large wp-image-38865\" alt=\"\" srcset=\"https:\/\/www.solidarnosc.org.pl\/bbial\/wp-content\/uploads\/2024\/12\/Kolodziejski-A-1024x1024.jpg 1024w, https:\/\/www.solidarnosc.org.pl\/bbial\/wp-content\/uploads\/2024\/12\/Kolodziejski-A-300x300.jpg 300w, https:\/\/www.solidarnosc.org.pl\/bbial\/wp-content\/uploads\/2024\/12\/Kolodziejski-A-150x150.jpg 150w, https:\/\/www.solidarnosc.org.pl\/bbial\/wp-content\/uploads\/2024\/12\/Kolodziejski-A-768x768.jpg 768w, https:\/\/www.solidarnosc.org.pl\/bbial\/wp-content\/uploads\/2024\/12\/Kolodziejski-A.jpg 1238w\" sizes=\"(max-width: 800px) 100vw, 800px\" \/>\t\t\t\t\t\t\t\t\t\t\t\t\t\t\t<\/div>\n\t\t\t\t<\/div>\n\t\t\t\t<div class=\"elementor-element elementor-element-aa96172 elementor-widget elementor-widget-text-editor\" data-id=\"aa96172\" data-element_type=\"widget\" data-e-type=\"widget\" data-widget_type=\"text-editor.default\">\n\t\t\t\t<div class=\"elementor-widget-container\">\n\t\t\t\t\t\t\t\t\t<p><i class=\"fa i_box fa-home size_tiny \"><\/i>\u00a0ul. Adama Asnyka 19, 43-300 Bielsko-Bia\u0142a<\/p>\t\t\t\t\t\t\t\t<\/div>\n\t\t\t\t<\/div>\n\t\t\t\t\t<\/div>\n\t\t<\/div>\n\t\t\t\t\t<\/div>\n\t\t<\/section>\n\t\t\t\t<\/div>\n\t\t","protected":false},"excerpt":{"rendered":"<p>Krajowa Sekcja S\u0142u\u017cby Wi\u0119ziennej NSZZ \u201eSolidarno\u015b\u0107\u201d Przewodnicz\u0105cy:Andrzej Ko\u0142odziejski \u00a0ul. Adama Asnyka 19, 43-300 Bielsko-Bia\u0142a<\/p>\n","protected":false},"author":1,"featured_media":0,"parent":0,"menu_order":0,"comment_status":"closed","ping_status":"closed","template":"","meta":{"footnotes":""},"class_list":["post-38417","page","type-page","status-publish","hentry"],"_links":{"self":[{"href":"https:\/\/www.solidarnosc.org.pl\/bbial\/wp-json\/wp\/v2\/pages\/38417","targetHints":{"allow":["GET"]}}],"collection":[{"href":"https:\/\/www.solidarnosc.org.pl\/bbial\/wp-json\/wp\/v2\/pages"}],"about":[{"href":"https:\/\/www.solidarnosc.org.pl\/bbial\/wp-json\/wp\/v2\/types\/page"}],"author":[{"embeddable":true,"href":"https:\/\/www.solidarnosc.org.pl\/bbial\/wp-json\/wp\/v2\/users\/1"}],"replies":[{"embeddable":true,"href":"https:\/\/www.solidarnosc.org.pl\/bbial\/wp-json\/wp\/v2\/comments?post=38417"}],"version-history":[{"count":13,"href":"https:\/\/www.solidarnosc.org.pl\/bbial\/wp-json\/wp\/v2\/pages\/38417\/revisions"}],"predecessor-version":[{"id":38880,"href":"https:\/\/www.solidarnosc.org.pl\/bbial\/wp-json\/wp\/v2\/pages\/38417\/revisions\/38880"}],"wp:attachment":[{"href":"https:\/\/www.solidarnosc.org.pl\/bbial\/wp-json\/wp\/v2\/media?parent=38417"}],"curies":[{"name":"wp","href":"https:\/\/api.w.org\/{rel}","templated":true}]}}