{"id":38411,"date":"2024-12-03T16:19:31","date_gmt":"2024-12-03T14:19:31","guid":{"rendered":"https:\/\/www.solidarnosc.org.pl\/bbial\/?page_id=38411"},"modified":"2024-12-13T13:18:25","modified_gmt":"2024-12-13T11:18:25","slug":"sekcja-emerytow-i-rencistow","status":"publish","type":"page","link":"https:\/\/www.solidarnosc.org.pl\/bbial\/sekcja-emerytow-i-rencistow\/","title":{"rendered":"SEKCJA EMERYT\u00d3W I RENCIST\u00d3W"},"content":{"rendered":"\t\t<div data-elementor-type=\"wp-page\" data-elementor-id=\"38411\" class=\"elementor elementor-38411\" data-elementor-post-type=\"page\">\n\t\t\t\t\t\t<section class=\"elementor-section elementor-top-section elementor-element elementor-element-ce08f8f elementor-section-boxed elementor-section-height-default elementor-section-height-default\" data-id=\"ce08f8f\" data-element_type=\"section\" data-e-type=\"section\">\n\t\t\t\t\t\t<div class=\"elementor-container elementor-column-gap-default\">\n\t\t\t\t\t<div class=\"elementor-column elementor-col-50 elementor-top-column elementor-element elementor-element-56e26dd\" data-id=\"56e26dd\" data-element_type=\"column\" data-e-type=\"column\">\n\t\t\t<div class=\"elementor-widget-wrap elementor-element-populated\">\n\t\t\t\t\t\t<div class=\"elementor-element elementor-element-8912dc2 elementor-grid-2 elementor-grid-tablet-2 elementor-grid-mobile-1 elementor-posts--thumbnail-top elementor-posts--show-avatar elementor-card-shadow-yes elementor-posts__hover-gradient elementor-widget elementor-widget-posts\" data-id=\"8912dc2\" data-element_type=\"widget\" data-e-type=\"widget\" data-settings=\"{&quot;cards_columns&quot;:&quot;2&quot;,&quot;cards_row_gap&quot;:{&quot;unit&quot;:&quot;px&quot;,&quot;size&quot;:15,&quot;sizes&quot;:[]},&quot;cards_columns_tablet&quot;:&quot;2&quot;,&quot;cards_columns_mobile&quot;:&quot;1&quot;,&quot;cards_row_gap_tablet&quot;:{&quot;unit&quot;:&quot;px&quot;,&quot;size&quot;:&quot;&quot;,&quot;sizes&quot;:[]},&quot;cards_row_gap_mobile&quot;:{&quot;unit&quot;:&quot;px&quot;,&quot;size&quot;:&quot;&quot;,&quot;sizes&quot;:[]}}\" data-widget_type=\"posts.cards\">\n\t\t\t\t<div class=\"elementor-widget-container\">\n\t\t\t\t\t\t\t<div class=\"elementor-posts-container elementor-posts elementor-posts--skin-cards elementor-grid\">\n\t\t\t\t<article class=\"elementor-post elementor-grid-item post-44499 post type-post status-publish format-standard has-post-thumbnail hentry category-sekcja-emerytow-i-rencistow category-solidarnosc tag-emeryci tag-stowarzyszenie tag-wroclaw tag-wycieczka\">\n\t\t\t<div class=\"elementor-post__card\">\n\t\t\t\t<a class=\"elementor-post__thumbnail__link\" href=\"https:\/\/www.solidarnosc.org.pl\/bbial\/zwiazkowi-seniorzy-we-wroclawiu\/\" tabindex=\"-1\" ><div class=\"elementor-post__thumbnail\"><img fetchpriority=\"high\" decoding=\"async\" width=\"400\" height=\"246\" src=\"https:\/\/www.solidarnosc.org.pl\/bbial\/wp-content\/uploads\/2025\/09\/IMG20250909111736-400x246.jpg\" class=\"attachment-medium size-medium wp-image-44498\" alt=\"\" srcset=\"https:\/\/www.solidarnosc.org.pl\/bbial\/wp-content\/uploads\/2025\/09\/IMG20250909111736-400x246.jpg 400w, https:\/\/www.solidarnosc.org.pl\/bbial\/wp-content\/uploads\/2025\/09\/IMG20250909111736-1024x629.jpg 1024w, https:\/\/www.solidarnosc.org.pl\/bbial\/wp-content\/uploads\/2025\/09\/IMG20250909111736-768x472.jpg 768w, https:\/\/www.solidarnosc.org.pl\/bbial\/wp-content\/uploads\/2025\/09\/IMG20250909111736-1536x944.jpg 1536w, https:\/\/www.solidarnosc.org.pl\/bbial\/wp-content\/uploads\/2025\/09\/IMG20250909111736-2048x1258.jpg 2048w\" sizes=\"(max-width: 400px) 100vw, 400px\" \/><\/div><\/a>\n\t\t\t\t<div class=\"elementor-post__badge\">Sekcja emeryt\u00f3w i rencist\u00f3w<\/div>\n\t\t\t\t<div class=\"elementor-post__avatar\">\n\t\t\t\t\t<\/div>\n\t\t\t\t<div class=\"elementor-post__text\">\n\t\t\t\t<h3 class=\"elementor-post__title\">\n\t\t\t<a href=\"https:\/\/www.solidarnosc.org.pl\/bbial\/zwiazkowi-seniorzy-we-wroclawiu\/\" >\n\t\t\t\tZwi\u0105zkowi seniorzy we Wroc\u0142awiu\t\t\t<\/a>\n\t\t<\/h3>\n\t\t\n\t\t<a class=\"elementor-post__read-more\" href=\"https:\/\/www.solidarnosc.org.pl\/bbial\/zwiazkowi-seniorzy-we-wroclawiu\/\" aria-label=\"Read more about Zwi\u0105zkowi seniorzy we Wroc\u0142awiu\" tabindex=\"-1\" >\n\t\t\t&gt; CZYTAJ CA\u0141O\u015a\u0106\t\t<\/a>\n\n\t\t\t\t<\/div>\n\t\t\t\t<div class=\"elementor-post__meta-data\">\n\t\t\t\t\t<span class=\"elementor-post-date\">\n\t\t\t12 wrze\u015bnia, 2025\t\t<\/span>\n\t\t\t\t<\/div>\n\t\t\t\t\t<\/div>\n\t\t<\/article>\n\t\t\t\t<\/div>\n\t\t\n\t\t\t\t\t\t<\/div>\n\t\t\t\t<\/div>\n\t\t\t\t\t<\/div>\n\t\t<\/div>\n\t\t\t\t<div class=\"elementor-column elementor-col-50 elementor-top-column elementor-element elementor-element-5145911\" data-id=\"5145911\" data-element_type=\"column\" data-e-type=\"column\">\n\t\t\t<div class=\"elementor-widget-wrap elementor-element-populated\">\n\t\t\t\t\t\t<div class=\"elementor-element elementor-element-4e46192 elementor-widget elementor-widget-text-editor\" data-id=\"4e46192\" data-element_type=\"widget\" data-e-type=\"widget\" data-widget_type=\"text-editor.default\">\n\t\t\t\t<div class=\"elementor-widget-container\">\n\t\t\t\t\t\t\t\t\t<p><strong>Regionalna Sekcja Emeryt\u00f3w i Rencist\u00f3w Regionu Podbeskidzie NSZZ &#8222;Solidarno\u015b\u0107&#8221;<\/strong><\/p>\t\t\t\t\t\t\t\t<\/div>\n\t\t\t\t<\/div>\n\t\t\t\t<div class=\"elementor-element elementor-element-b7c19b5 elementor-widget elementor-widget-text-editor\" data-id=\"b7c19b5\" data-element_type=\"widget\" data-e-type=\"widget\" data-widget_type=\"text-editor.default\">\n\t\t\t\t<div class=\"elementor-widget-container\">\n\t\t\t\t\t\t\t\t\t<p><i class=\"fa i_box fa-phone-square size_tiny \"><\/i>\u00a0tel. 33 812 67 90<\/p><p><i class=\"fa i_box fa-keyboard-o size_tiny \"><\/i>\u00a0e-mail: biuro.bbial@solidarnosc.org.pl<\/p><p><i class=\"fa i_box fa-home size_tiny \"><\/i>\u00a0ul. Adama Asnyka 19, 43-300 Bielsko-Bia\u0142a<\/p><div class=\"su-divider su-divider-style-default\">\u00a0<\/div><h4>Przewodnicz\u0105ca:\u00a0<\/h4><h6>Maria Szczepa\u0144ska<\/h6>\t\t\t\t\t\t\t\t<\/div>\n\t\t\t\t<\/div>\n\t\t\t\t\t<\/div>\n\t\t<\/div>\n\t\t\t\t\t<\/div>\n\t\t<\/section>\n\t\t\t\t<\/div>\n\t\t","protected":false},"excerpt":{"rendered":"<p>Regionalna Sekcja Emeryt\u00f3w i Rencist\u00f3w Regionu Podbeskidzie NSZZ &#8222;Solidarno\u015b\u0107&#8221; \u00a0tel. 33 812 67 90 \u00a0e-mail: biuro.bbial@solidarnosc.org.pl \u00a0ul. Adama Asnyka 19, 43-300 Bielsko-Bia\u0142a \u00a0 Przewodnicz\u0105ca:\u00a0 Maria<\/p>\n","protected":false},"author":1,"featured_media":0,"parent":0,"menu_order":0,"comment_status":"closed","ping_status":"closed","template":"","meta":{"footnotes":""},"class_list":["post-38411","page","type-page","status-publish","hentry"],"_links":{"self":[{"href":"https:\/\/www.solidarnosc.org.pl\/bbial\/wp-json\/wp\/v2\/pages\/38411","targetHints":{"allow":["GET"]}}],"collection":[{"href":"https:\/\/www.solidarnosc.org.pl\/bbial\/wp-json\/wp\/v2\/pages"}],"about":[{"href":"https:\/\/www.solidarnosc.org.pl\/bbial\/wp-json\/wp\/v2\/types\/page"}],"author":[{"embeddable":true,"href":"https:\/\/www.solidarnosc.org.pl\/bbial\/wp-json\/wp\/v2\/users\/1"}],"replies":[{"embeddable":true,"href":"https:\/\/www.solidarnosc.org.pl\/bbial\/wp-json\/wp\/v2\/comments?post=38411"}],"version-history":[{"count":10,"href":"https:\/\/www.solidarnosc.org.pl\/bbial\/wp-json\/wp\/v2\/pages\/38411\/revisions"}],"predecessor-version":[{"id":38988,"href":"https:\/\/www.solidarnosc.org.pl\/bbial\/wp-json\/wp\/v2\/pages\/38411\/revisions\/38988"}],"wp:attachment":[{"href":"https:\/\/www.solidarnosc.org.pl\/bbial\/wp-json\/wp\/v2\/media?parent=38411"}],"curies":[{"name":"wp","href":"https:\/\/api.w.org\/{rel}","templated":true}]}}