{"id":38409,"date":"2024-12-03T16:19:20","date_gmt":"2024-12-03T14:19:20","guid":{"rendered":"https:\/\/www.solidarnosc.org.pl\/bbial\/?page_id=38409"},"modified":"2024-12-13T13:18:18","modified_gmt":"2024-12-13T11:18:18","slug":"sekcja-metalowcow","status":"publish","type":"page","link":"https:\/\/www.solidarnosc.org.pl\/bbial\/sekcja-metalowcow\/","title":{"rendered":"SEKCJA METALOWC\u00d3W"},"content":{"rendered":"\t\t<div data-elementor-type=\"wp-page\" data-elementor-id=\"38409\" class=\"elementor elementor-38409\" data-elementor-post-type=\"page\">\n\t\t\t\t\t\t<section class=\"elementor-section elementor-top-section elementor-element elementor-element-5c7a7d5 elementor-section-boxed elementor-section-height-default elementor-section-height-default\" data-id=\"5c7a7d5\" data-element_type=\"section\" data-e-type=\"section\">\n\t\t\t\t\t\t<div class=\"elementor-container elementor-column-gap-default\">\n\t\t\t\t\t<div class=\"elementor-column elementor-col-50 elementor-top-column elementor-element elementor-element-da1bf63\" data-id=\"da1bf63\" data-element_type=\"column\" data-e-type=\"column\">\n\t\t\t<div class=\"elementor-widget-wrap elementor-element-populated\">\n\t\t\t\t\t\t<div class=\"elementor-element elementor-element-2f5b07e elementor-widget elementor-widget-text-editor\" data-id=\"2f5b07e\" data-element_type=\"widget\" data-e-type=\"widget\" data-widget_type=\"text-editor.default\">\n\t\t\t\t<div class=\"elementor-widget-container\">\n\t\t\t\t\t\t\t\t\t<p align=\"justify\">Serdecznie witamy w istniej\u0105cej od 1 stycznia 1994 roku Regionalnej Sekcji Bran\u017cy Metalowc\u00f3w NSZZ \u201eSolidarno\u015b\u0107\u201d.<\/p><hr \/><p align=\"justify\">Siedziba Rady Regionalnej Sekcji Bran\u017cy Metalowc\u00f3<a href=\"http:\/\/www.solidarnosc.org.pl\/bbial\/wp-content\/uploads\/2015\/09\/SEKCJA-METLOWOCOW_SOLIDARNO%C5%9A%C4%86.png\" rel=\"lightbox[img_gallery1]\"><img fetchpriority=\"high\" decoding=\"async\" class=\"alignnone size-medium wp-image-1433 alignright lazyloaded\" src=\"http:\/\/www.solidarnosc.org.pl\/bbial\/wp-content\/uploads\/2015\/09\/SEKCJA-METLOWOCOW_SOLIDARNO%C5%9A%C4%86-300x215.png\" sizes=\"(max-width: 300px) 100vw, 300px\" srcset=\"https:\/\/www.solidarnosc.org.pl\/bbial\/wp-content\/uploads\/2015\/09\/SEKCJA-METLOWOCOW_SOLIDARNO\u015a\u0106-300x215.png 300w, https:\/\/www.solidarnosc.org.pl\/bbial\/wp-content\/uploads\/2015\/09\/SEKCJA-METLOWOCOW_SOLIDARNO\u015a\u0106-478x342.png 478w, https:\/\/www.solidarnosc.org.pl\/bbial\/wp-content\/uploads\/2015\/09\/SEKCJA-METLOWOCOW_SOLIDARNO\u015a\u0106.png 629w\" alt=\"SEKCJA-METLOWOCOW_SOLIDARNO\u015a\u0106\" width=\"300\" height=\"215\" data-srcset=\"https:\/\/www.solidarnosc.org.pl\/bbial\/wp-content\/uploads\/2015\/09\/SEKCJA-METLOWOCOW_SOLIDARNO\u015a\u0106-300x215.png 300w, https:\/\/www.solidarnosc.org.pl\/bbial\/wp-content\/uploads\/2015\/09\/SEKCJA-METLOWOCOW_SOLIDARNO\u015a\u0106-478x342.png 478w, https:\/\/www.solidarnosc.org.pl\/bbial\/wp-content\/uploads\/2015\/09\/SEKCJA-METLOWOCOW_SOLIDARNO\u015a\u0106.png 629w\" data-src=\"http:\/\/www.solidarnosc.org.pl\/bbial\/wp-content\/uploads\/2015\/09\/SEKCJA-METLOWOCOW_SOLIDARNO\u015a\u0106-300x215.png\" data-sizes=\"(max-width: 300px) 100vw, 300px\" \/><\/a>w NSZZ \u201eSolidarno\u015b\u0107\u201d mie\u015bci si\u0119 w siedzibie Zarz\u0105du Regionu Podbeskidzie NSZZ \u201eSolidarno\u015b\u0107\u201d.<\/p><p>Celem naszej sekcji jest:<\/p><ul><li>reprezentowanie swoich cz\u0142onk\u00f3w wobec pracodawc\u00f3w,<\/li><li>ochrona praw pracowniczych,<\/li><li>ochrona interes\u00f3w materialnych, zdrowotnych i socjalnych,<\/li><li>zabezpieczenie odpowiednich warunk\u00f3w bezpiecze\u0144stwa i higieny pracy,<\/li><li>obrona miejsc pracy i walka o godziwe zarobki pracownik\u00f3w,<\/li><li>interwencja i pomoc w przypadku naruszania praw pracowniczych,<\/li><li>interwencja w przypadku konflikt\u00f3w z prze\u0142o\u017conym,<\/li><li>wsp\u00f3\u0142tworzenie Uk\u0142ad\u00f3w Zbiorowego Pracy,<\/li><li>profesjonalna pomoc z zakresu prawa,<\/li><li>przeciwdzia\u0142anie bezrobociu i pomoc bezrobotnym cz\u0142onkom Zwi\u0105zku,<\/li><li>szkolenie i pog\u0142\u0119bianie wiedzy cz\u0142onk\u00f3w Zwi\u0105zku.<\/li><\/ul><p><b>\u00a0\u00a0<\/b><\/p><p><b>PRZY\u0141\u0104CZ SI\u0118 DO NAS! POCZUJESZ SI\u0118 JESZCZE\u00a0PEWNIEJ I BEZPIECZNIEJ!<\/b><\/p><hr \/><p><strong>Rada Regionalna podejmuje inicjatywy w obronie interes\u00f3w pracowniczych, poprzez przyjmowanie uchwa\u0142 i stanowisk kierowanych do krajowych organ\u00f3w NSZZ \u201eSolidarno\u015b\u0107\u201d.<\/strong><br \/>Dotycz\u0105 one m.in.:<\/p><ul><li>ratyfikowania przez Rz\u0105d R.P. punktu, dotycz\u0105cego prawa pracownik\u00f3w do sprawiedliwych wynagrodze\u0144 Europejskiej Karty Spo\u0142ecznej,<\/li><li>nowelizacji ustawy o emeryturach pomostowych,<\/li><li>pomocy w rozwi\u0105zywaniu sytuacji konfliktowych Komisji Zak\u0142adowych wchodz\u0105cych w sk\u0142ad SKBM,<\/li><li>organizowania szkole\u0144 dla dzia\u0142aczy Komisji Zak\u0142adowych SKBM,<\/li><li>inicjowania wybor\u00f3w i pomoc w pracy Zak\u0142adowych Spo\u0142ecznych Inspektor\u00f3w Pracy,<\/li><li>organizowania szkole\u0144 dla Spo\u0142ecznych Inspektor\u00f3w Pracy, koordynowanie spraw zwi\u0105zanych z BHP,<\/li><li>wymiany do\u015bwiadcze\u0144.<\/li><\/ul><p><strong>\u00a0\u00a0<\/strong><\/p><p><strong>Rada Regionalna Sekcji Bran\u017cy Metalowc\u00f3w NSZZ \u201eSOLIDARNO\u015a\u0106\u201d ka\u017cdego roku wydaje kalendarz, kt\u00f3ry sta\u0142 si\u0119 symbolem i dokumentem wsp\u00f3lnych dzia\u0142a\u0144 Komisji Zak\u0142adowych wchodz\u0105cych w sk\u0142ad Regionalnej Sekcji Bran\u017cy Metalowc\u00f3w NSZZ \u201eSOLIDARNO\u015a\u0106\u201d Regionu Podbeskidzie.\u00a0<\/strong><\/p>\t\t\t\t\t\t\t\t<\/div>\n\t\t\t\t<\/div>\n\t\t\t\t\t<\/div>\n\t\t<\/div>\n\t\t\t\t<div class=\"elementor-column elementor-col-50 elementor-top-column elementor-element elementor-element-fde0ea7\" data-id=\"fde0ea7\" data-element_type=\"column\" data-e-type=\"column\">\n\t\t\t<div class=\"elementor-widget-wrap elementor-element-populated\">\n\t\t\t\t\t\t<div class=\"elementor-element elementor-element-ded7927 elementor-widget elementor-widget-text-editor\" data-id=\"ded7927\" data-element_type=\"widget\" data-e-type=\"widget\" data-widget_type=\"text-editor.default\">\n\t\t\t\t<div class=\"elementor-widget-container\">\n\t\t\t\t\t\t\t\t\t<p><strong>Sekcja Bran\u017cy Metalowc\u00f3w Rada Regionalna Regionu Podbeskidzie NSZZ &#8222;Solidarno\u015b\u0107&#8221;<\/strong><\/p>\t\t\t\t\t\t\t\t<\/div>\n\t\t\t\t<\/div>\n\t\t\t\t<div class=\"elementor-element elementor-element-a6f7050 elementor-widget elementor-widget-text-editor\" data-id=\"a6f7050\" data-element_type=\"widget\" data-e-type=\"widget\" data-widget_type=\"text-editor.default\">\n\t\t\t\t<div class=\"elementor-widget-container\">\n\t\t\t\t\t\t\t\t\t<p><i class=\"fa i_box fa-keyboard-o size_tiny \"><\/i>\u00a0e-mail:\u00a0 biuro.bbial@solidarnosc.org.pl<\/p><p><i class=\"fa i_box fa-home size_tiny \"><\/i>\u00a0ul. Adama Asnyka 19, 43-300 Bielsko-Bia\u0142a<\/p><div class=\"su-divider su-divider-style-default\">\u00a0<\/div><h4>Przewodnicz\u0105cy:\u00a0<\/h4><h6>Jan Pezda<\/h6><hr \/><p><i class=\"fa i_box fa-phone-square size_tiny \"><\/i>\u00a0tel. 33 812 67 90<\/p><p><i class=\"fa i_box fa-keyboard-o size_tiny \"><\/i>\u00a0e-mail:\u00a0 biuro.bbial@solidarnosc.org.pl<\/p>\t\t\t\t\t\t\t\t<\/div>\n\t\t\t\t<\/div>\n\t\t\t\t\t<\/div>\n\t\t<\/div>\n\t\t\t\t\t<\/div>\n\t\t<\/section>\n\t\t\t\t<\/div>\n\t\t","protected":false},"excerpt":{"rendered":"<p>Serdecznie witamy w istniej\u0105cej od 1 stycznia 1994 roku Regionalnej Sekcji Bran\u017cy Metalowc\u00f3w NSZZ \u201eSolidarno\u015b\u0107\u201d. Siedziba Rady Regionalnej Sekcji Bran\u017cy Metalowc\u00f3w NSZZ \u201eSolidarno\u015b\u0107\u201d mie\u015bci si\u0119 w siedzibie Zarz\u0105du Regionu Podbeskidzie NSZZ \u201eSolidarno\u015b\u0107\u201d. Celem naszej sekcji jest: reprezentowanie swoich cz\u0142onk\u00f3w wobec pracodawc\u00f3w, ochrona praw pracowniczych, ochrona interes\u00f3w materialnych, zdrowotnych i socjalnych, zabezpieczenie odpowiednich warunk\u00f3w bezpiecze\u0144stwa i [&hellip;]<\/p>\n","protected":false},"author":1,"featured_media":0,"parent":0,"menu_order":0,"comment_status":"closed","ping_status":"closed","template":"","meta":{"footnotes":""},"class_list":["post-38409","page","type-page","status-publish","hentry"],"_links":{"self":[{"href":"https:\/\/www.solidarnosc.org.pl\/bbial\/wp-json\/wp\/v2\/pages\/38409","targetHints":{"allow":["GET"]}}],"collection":[{"href":"https:\/\/www.solidarnosc.org.pl\/bbial\/wp-json\/wp\/v2\/pages"}],"about":[{"href":"https:\/\/www.solidarnosc.org.pl\/bbial\/wp-json\/wp\/v2\/types\/page"}],"author":[{"embeddable":true,"href":"https:\/\/www.solidarnosc.org.pl\/bbial\/wp-json\/wp\/v2\/users\/1"}],"replies":[{"embeddable":true,"href":"https:\/\/www.solidarnosc.org.pl\/bbial\/wp-json\/wp\/v2\/comments?post=38409"}],"version-history":[{"count":10,"href":"https:\/\/www.solidarnosc.org.pl\/bbial\/wp-json\/wp\/v2\/pages\/38409\/revisions"}],"predecessor-version":[{"id":38985,"href":"https:\/\/www.solidarnosc.org.pl\/bbial\/wp-json\/wp\/v2\/pages\/38409\/revisions\/38985"}],"wp:attachment":[{"href":"https:\/\/www.solidarnosc.org.pl\/bbial\/wp-json\/wp\/v2\/media?parent=38409"}],"curies":[{"name":"wp","href":"https:\/\/api.w.org\/{rel}","templated":true}]}}