{"id":38407,"date":"2024-12-03T16:19:05","date_gmt":"2024-12-03T14:19:05","guid":{"rendered":"https:\/\/www.solidarnosc.org.pl\/bbial\/?page_id=38407"},"modified":"2024-12-12T13:50:23","modified_gmt":"2024-12-12T11:50:23","slug":"sekcja-ochrony-zdrowia","status":"publish","type":"page","link":"https:\/\/www.solidarnosc.org.pl\/bbial\/sekcja-ochrony-zdrowia\/","title":{"rendered":"SEKCJA OCHRONY ZDROWIA"},"content":{"rendered":"\t\t<div data-elementor-type=\"wp-page\" data-elementor-id=\"38407\" class=\"elementor elementor-38407\" data-elementor-post-type=\"page\">\n\t\t\t\t\t\t<section class=\"elementor-section elementor-top-section elementor-element elementor-element-c754898 elementor-section-boxed elementor-section-height-default elementor-section-height-default\" data-id=\"c754898\" data-element_type=\"section\" data-e-type=\"section\">\n\t\t\t\t\t\t<div class=\"elementor-container elementor-column-gap-default\">\n\t\t\t\t\t<div class=\"elementor-column elementor-col-50 elementor-top-column elementor-element elementor-element-4b83d90\" data-id=\"4b83d90\" data-element_type=\"column\" data-e-type=\"column\">\n\t\t\t<div class=\"elementor-widget-wrap elementor-element-populated\">\n\t\t\t\t\t\t<div class=\"elementor-element elementor-element-a5afa05 elementor-grid-2 elementor-grid-tablet-2 elementor-grid-mobile-1 elementor-posts--thumbnail-top elementor-posts--show-avatar elementor-card-shadow-yes elementor-posts__hover-gradient elementor-widget elementor-widget-posts\" data-id=\"a5afa05\" data-element_type=\"widget\" data-e-type=\"widget\" data-settings=\"{&quot;cards_columns&quot;:&quot;2&quot;,&quot;cards_row_gap&quot;:{&quot;unit&quot;:&quot;px&quot;,&quot;size&quot;:15,&quot;sizes&quot;:[]},&quot;cards_columns_tablet&quot;:&quot;2&quot;,&quot;cards_columns_mobile&quot;:&quot;1&quot;,&quot;cards_row_gap_tablet&quot;:{&quot;unit&quot;:&quot;px&quot;,&quot;size&quot;:&quot;&quot;,&quot;sizes&quot;:[]},&quot;cards_row_gap_mobile&quot;:{&quot;unit&quot;:&quot;px&quot;,&quot;size&quot;:&quot;&quot;,&quot;sizes&quot;:[]}}\" data-widget_type=\"posts.cards\">\n\t\t\t\t<div class=\"elementor-widget-container\">\n\t\t\t\t\t\t\t<div class=\"elementor-posts-container elementor-posts elementor-posts--skin-cards elementor-grid\">\n\t\t\t\t<article class=\"elementor-post elementor-grid-item post-43997 post type-post status-publish format-standard has-post-thumbnail hentry category-sekcja-ochrony-zdrowia category-solidarnosc category-zywiec tag-szpital-zywiec tag-sluzba-zdrowia tag-zwolnienia\">\n\t\t\t<div class=\"elementor-post__card\">\n\t\t\t\t<a class=\"elementor-post__thumbnail__link\" href=\"https:\/\/www.solidarnosc.org.pl\/bbial\/media-alarmuja-szpital-zywiec-zwolni-z-pracy-250-osob\/\" tabindex=\"-1\" ><div class=\"elementor-post__thumbnail\"><img fetchpriority=\"high\" decoding=\"async\" width=\"400\" height=\"207\" src=\"https:\/\/www.solidarnosc.org.pl\/bbial\/wp-content\/uploads\/2025\/06\/szpital_zywiec_z_gory_05-400x207.jpg\" class=\"attachment-medium size-medium wp-image-43996\" alt=\"\" srcset=\"https:\/\/www.solidarnosc.org.pl\/bbial\/wp-content\/uploads\/2025\/06\/szpital_zywiec_z_gory_05-400x207.jpg 400w, https:\/\/www.solidarnosc.org.pl\/bbial\/wp-content\/uploads\/2025\/06\/szpital_zywiec_z_gory_05-1024x529.jpg 1024w, https:\/\/www.solidarnosc.org.pl\/bbial\/wp-content\/uploads\/2025\/06\/szpital_zywiec_z_gory_05-768x397.jpg 768w, https:\/\/www.solidarnosc.org.pl\/bbial\/wp-content\/uploads\/2025\/06\/szpital_zywiec_z_gory_05.jpg 1243w\" sizes=\"(max-width: 400px) 100vw, 400px\" \/><\/div><\/a>\n\t\t\t\t<div class=\"elementor-post__badge\">Sekcja Ochrony Zdrowia<\/div>\n\t\t\t\t<div class=\"elementor-post__avatar\">\n\t\t\t\t\t<\/div>\n\t\t\t\t<div class=\"elementor-post__text\">\n\t\t\t\t<h3 class=\"elementor-post__title\">\n\t\t\t<a href=\"https:\/\/www.solidarnosc.org.pl\/bbial\/media-alarmuja-szpital-zywiec-zwolni-z-pracy-250-osob\/\" >\n\t\t\t\tMedia alarmuj\u0105: Szpital \u017bywiec zwolni z pracy 250 os\u00f3b?\t\t\t<\/a>\n\t\t<\/h3>\n\t\t\n\t\t<a class=\"elementor-post__read-more\" href=\"https:\/\/www.solidarnosc.org.pl\/bbial\/media-alarmuja-szpital-zywiec-zwolni-z-pracy-250-osob\/\" aria-label=\"Read more about Media alarmuj\u0105: Szpital \u017bywiec zwolni z pracy 250 os\u00f3b?\" tabindex=\"-1\" >\n\t\t\t&gt; CZYTAJ CA\u0141O\u015a\u0106\t\t<\/a>\n\n\t\t\t\t<\/div>\n\t\t\t\t<div class=\"elementor-post__meta-data\">\n\t\t\t\t\t<span class=\"elementor-post-date\">\n\t\t\t5 czerwca, 2025\t\t<\/span>\n\t\t\t\t<\/div>\n\t\t\t\t\t<\/div>\n\t\t<\/article>\n\t\t\t\t<article class=\"elementor-post elementor-grid-item post-43412 post type-post status-publish format-standard has-post-thumbnail hentry category-sekcja-ochrony-zdrowia category-solidarnosc tag-kondolencje tag-nekrolog tag-pozegnanie\">\n\t\t\t<div class=\"elementor-post__card\">\n\t\t\t\t<a class=\"elementor-post__thumbnail__link\" href=\"https:\/\/www.solidarnosc.org.pl\/bbial\/zmarla-doktor-alicja-pawlusiak\/\" tabindex=\"-1\" ><div class=\"elementor-post__thumbnail\"><img decoding=\"async\" width=\"390\" height=\"400\" src=\"https:\/\/www.solidarnosc.org.pl\/bbial\/wp-content\/uploads\/2025\/03\/Spotkanie-przy-Debie-Wolnosci-2-a-390x400.jpg\" class=\"attachment-medium size-medium wp-image-43396\" alt=\"\" srcset=\"https:\/\/www.solidarnosc.org.pl\/bbial\/wp-content\/uploads\/2025\/03\/Spotkanie-przy-Debie-Wolnosci-2-a-390x400.jpg 390w, https:\/\/www.solidarnosc.org.pl\/bbial\/wp-content\/uploads\/2025\/03\/Spotkanie-przy-Debie-Wolnosci-2-a.jpg 411w\" sizes=\"(max-width: 390px) 100vw, 390px\" \/><\/div><\/a>\n\t\t\t\t<div class=\"elementor-post__badge\">Sekcja Ochrony Zdrowia<\/div>\n\t\t\t\t<div class=\"elementor-post__avatar\">\n\t\t\t\t\t<\/div>\n\t\t\t\t<div class=\"elementor-post__text\">\n\t\t\t\t<h3 class=\"elementor-post__title\">\n\t\t\t<a href=\"https:\/\/www.solidarnosc.org.pl\/bbial\/zmarla-doktor-alicja-pawlusiak\/\" >\n\t\t\t\tZmar\u0142a doktor Alicja Pawlusiak\t\t\t<\/a>\n\t\t<\/h3>\n\t\t\n\t\t<a class=\"elementor-post__read-more\" href=\"https:\/\/www.solidarnosc.org.pl\/bbial\/zmarla-doktor-alicja-pawlusiak\/\" aria-label=\"Read more about Zmar\u0142a doktor Alicja Pawlusiak\" tabindex=\"-1\" >\n\t\t\t&gt; CZYTAJ CA\u0141O\u015a\u0106\t\t<\/a>\n\n\t\t\t\t<\/div>\n\t\t\t\t<div class=\"elementor-post__meta-data\">\n\t\t\t\t\t<span class=\"elementor-post-date\">\n\t\t\t19 marca, 2025\t\t<\/span>\n\t\t\t\t<\/div>\n\t\t\t\t\t<\/div>\n\t\t<\/article>\n\t\t\t\t<\/div>\n\t\t\n\t\t\t\t\t\t<\/div>\n\t\t\t\t<\/div>\n\t\t\t\t\t<\/div>\n\t\t<\/div>\n\t\t\t\t<div class=\"elementor-column elementor-col-50 elementor-top-column elementor-element elementor-element-f736923\" data-id=\"f736923\" data-element_type=\"column\" data-e-type=\"column\">\n\t\t\t<div class=\"elementor-widget-wrap elementor-element-populated\">\n\t\t\t\t\t\t<div class=\"elementor-element elementor-element-b2ad67c elementor-widget elementor-widget-text-editor\" data-id=\"b2ad67c\" data-element_type=\"widget\" data-e-type=\"widget\" data-widget_type=\"text-editor.default\">\n\t\t\t\t<div class=\"elementor-widget-container\">\n\t\t\t\t\t\t\t\t\t<p><strong>Regionalna Sekcja Ochrony Zdrowia Region Podbeskidzie NSZZ &#8222;Solidarno\u015b\u0107&#8221;<\/strong><\/p>\t\t\t\t\t\t\t\t<\/div>\n\t\t\t\t<\/div>\n\t\t\t\t<div class=\"elementor-element elementor-element-901d1fa elementor-widget elementor-widget-text-editor\" data-id=\"901d1fa\" data-element_type=\"widget\" data-e-type=\"widget\" data-widget_type=\"text-editor.default\">\n\t\t\t\t<div class=\"elementor-widget-container\">\n\t\t\t\t\t\t\t\t\t<p>\u00a0e-mail:\u00a0soz.bbial@solidarnosc.org.pl<\/p><p><i class=\"fa i_box  fa-home size_tiny \"><\/i>\u00a0ul. Adama Asnyka 19 43-300 Bielsko-Bia\u0142a<\/p><div class=\"su-divider su-divider-style-default\">\u00a0<\/div><h4>Przewodnicz\u0105cy:\u00a0<\/h4><h6>Piotr Go\u0142\u0105b<\/h6><hr \/><p><i class=\"fa i_box  fa-phone-square size_tiny \"><\/i>\u00a0tel. 530 760 060<\/p><p><i class=\"fa i_box  fa-keyboard-o size_tiny \"><\/i>\u00a0e-mail:\u00a0pgolab5@wp.pl<\/p>\t\t\t\t\t\t\t\t<\/div>\n\t\t\t\t<\/div>\n\t\t\t\t\t<\/div>\n\t\t<\/div>\n\t\t\t\t\t<\/div>\n\t\t<\/section>\n\t\t\t\t<\/div>\n\t\t","protected":false},"excerpt":{"rendered":"<p>Regionalna Sekcja Ochrony Zdrowia Region Podbeskidzie NSZZ &#8222;Solidarno\u015b\u0107&#8221; \u00a0e-mail:\u00a0soz.bbial@solidarnosc.org.pl \u00a0ul. Adama Asnyka 19 43-300 Bielsko-Bia\u0142a \u00a0 Przewodnicz\u0105cy:\u00a0 Piotr Go\u0142\u0105b \u00a0tel. 530 760 060 \u00a0e-mail:\u00a0pgolab5@wp.pl<\/p>\n","protected":false},"author":1,"featured_media":0,"parent":0,"menu_order":0,"comment_status":"closed","ping_status":"closed","template":"","meta":{"footnotes":""},"class_list":["post-38407","page","type-page","status-publish","hentry"],"_links":{"self":[{"href":"https:\/\/www.solidarnosc.org.pl\/bbial\/wp-json\/wp\/v2\/pages\/38407","targetHints":{"allow":["GET"]}}],"collection":[{"href":"https:\/\/www.solidarnosc.org.pl\/bbial\/wp-json\/wp\/v2\/pages"}],"about":[{"href":"https:\/\/www.solidarnosc.org.pl\/bbial\/wp-json\/wp\/v2\/types\/page"}],"author":[{"embeddable":true,"href":"https:\/\/www.solidarnosc.org.pl\/bbial\/wp-json\/wp\/v2\/users\/1"}],"replies":[{"embeddable":true,"href":"https:\/\/www.solidarnosc.org.pl\/bbial\/wp-json\/wp\/v2\/comments?post=38407"}],"version-history":[{"count":7,"href":"https:\/\/www.solidarnosc.org.pl\/bbial\/wp-json\/wp\/v2\/pages\/38407\/revisions"}],"predecessor-version":[{"id":38889,"href":"https:\/\/www.solidarnosc.org.pl\/bbial\/wp-json\/wp\/v2\/pages\/38407\/revisions\/38889"}],"wp:attachment":[{"href":"https:\/\/www.solidarnosc.org.pl\/bbial\/wp-json\/wp\/v2\/media?parent=38407"}],"curies":[{"name":"wp","href":"https:\/\/api.w.org\/{rel}","templated":true}]}}