{"id":38405,"date":"2024-12-03T16:18:53","date_gmt":"2024-12-03T14:18:53","guid":{"rendered":"https:\/\/www.solidarnosc.org.pl\/bbial\/?page_id=38405"},"modified":"2024-12-12T13:12:03","modified_gmt":"2024-12-12T11:12:03","slug":"sekcja-oswiaty","status":"publish","type":"page","link":"https:\/\/www.solidarnosc.org.pl\/bbial\/sekcja-oswiaty\/","title":{"rendered":"SEKCJA O\u015aWIATY"},"content":{"rendered":"\t\t<div data-elementor-type=\"wp-page\" data-elementor-id=\"38405\" class=\"elementor elementor-38405\" data-elementor-post-type=\"page\">\n\t\t\t\t\t\t<section class=\"elementor-section elementor-top-section elementor-element elementor-element-733dd2a elementor-section-boxed elementor-section-height-default elementor-section-height-default\" data-id=\"733dd2a\" data-element_type=\"section\" data-e-type=\"section\">\n\t\t\t\t\t\t<div class=\"elementor-container elementor-column-gap-default\">\n\t\t\t\t\t<div class=\"elementor-column elementor-col-50 elementor-top-column elementor-element elementor-element-61cb035\" data-id=\"61cb035\" data-element_type=\"column\" data-e-type=\"column\">\n\t\t\t<div class=\"elementor-widget-wrap elementor-element-populated\">\n\t\t\t\t\t\t<div class=\"elementor-element elementor-element-6595772 elementor-grid-2 elementor-grid-tablet-2 elementor-grid-mobile-1 elementor-posts--thumbnail-top elementor-posts--show-avatar elementor-card-shadow-yes elementor-posts__hover-gradient elementor-widget elementor-widget-posts\" data-id=\"6595772\" data-element_type=\"widget\" data-e-type=\"widget\" data-settings=\"{&quot;cards_columns&quot;:&quot;2&quot;,&quot;cards_row_gap&quot;:{&quot;unit&quot;:&quot;px&quot;,&quot;size&quot;:15,&quot;sizes&quot;:[]},&quot;cards_columns_tablet&quot;:&quot;2&quot;,&quot;cards_columns_mobile&quot;:&quot;1&quot;,&quot;cards_row_gap_tablet&quot;:{&quot;unit&quot;:&quot;px&quot;,&quot;size&quot;:&quot;&quot;,&quot;sizes&quot;:[]},&quot;cards_row_gap_mobile&quot;:{&quot;unit&quot;:&quot;px&quot;,&quot;size&quot;:&quot;&quot;,&quot;sizes&quot;:[]}}\" data-widget_type=\"posts.cards\">\n\t\t\t\t<div class=\"elementor-widget-container\">\n\t\t\t\t\t\t\t<div class=\"elementor-posts-container elementor-posts elementor-posts--skin-cards elementor-grid\">\n\t\t\t\t<article class=\"elementor-post elementor-grid-item post-46541 post type-post status-publish format-standard has-post-thumbnail hentry category-sekcja-oswiaty\">\n\t\t\t<div class=\"elementor-post__card\">\n\t\t\t\t<a class=\"elementor-post__thumbnail__link\" href=\"https:\/\/www.solidarnosc.org.pl\/bbial\/wazny-glos-w-sprawie-edukacji\/\" tabindex=\"-1\" ><div class=\"elementor-post__thumbnail\"><img fetchpriority=\"high\" decoding=\"async\" width=\"400\" height=\"267\" src=\"https:\/\/www.solidarnosc.org.pl\/bbial\/wp-content\/uploads\/2026\/03\/task_01kn1wf3h7f0wr1npd8hmm5a2c_1774958701_img_0-400x267.webp\" class=\"attachment-medium size-medium wp-image-46545\" alt=\"\" srcset=\"https:\/\/www.solidarnosc.org.pl\/bbial\/wp-content\/uploads\/2026\/03\/task_01kn1wf3h7f0wr1npd8hmm5a2c_1774958701_img_0-400x267.webp 400w, https:\/\/www.solidarnosc.org.pl\/bbial\/wp-content\/uploads\/2026\/03\/task_01kn1wf3h7f0wr1npd8hmm5a2c_1774958701_img_0-1024x683.webp 1024w, https:\/\/www.solidarnosc.org.pl\/bbial\/wp-content\/uploads\/2026\/03\/task_01kn1wf3h7f0wr1npd8hmm5a2c_1774958701_img_0-768x512.webp 768w, https:\/\/www.solidarnosc.org.pl\/bbial\/wp-content\/uploads\/2026\/03\/task_01kn1wf3h7f0wr1npd8hmm5a2c_1774958701_img_0.webp 1536w\" sizes=\"(max-width: 400px) 100vw, 400px\" \/><\/div><\/a>\n\t\t\t\t<div class=\"elementor-post__badge\">Sekcja O\u015bwiaty<\/div>\n\t\t\t\t<div class=\"elementor-post__avatar\">\n\t\t\t\t\t<\/div>\n\t\t\t\t<div class=\"elementor-post__text\">\n\t\t\t\t<h3 class=\"elementor-post__title\">\n\t\t\t<a href=\"https:\/\/www.solidarnosc.org.pl\/bbial\/wazny-glos-w-sprawie-edukacji\/\" >\n\t\t\t\tWa\u017cny g\u0142os w sprawie edukacji!\t\t\t<\/a>\n\t\t<\/h3>\n\t\t\n\t\t<a class=\"elementor-post__read-more\" href=\"https:\/\/www.solidarnosc.org.pl\/bbial\/wazny-glos-w-sprawie-edukacji\/\" aria-label=\"Read more about Wa\u017cny g\u0142os w sprawie edukacji!\" tabindex=\"-1\" >\n\t\t\t&gt; CZYTAJ CA\u0141O\u015a\u0106\t\t<\/a>\n\n\t\t\t\t<\/div>\n\t\t\t\t<div class=\"elementor-post__meta-data\">\n\t\t\t\t\t<span class=\"elementor-post-date\">\n\t\t\t31 marca, 2026\t\t<\/span>\n\t\t\t\t<\/div>\n\t\t\t\t\t<\/div>\n\t\t<\/article>\n\t\t\t\t<article class=\"elementor-post elementor-grid-item post-45815 post type-post status-publish format-standard has-post-thumbnail hentry category-sekcja-oswiaty category-solidarnosc tag-konkurs tag-licealisci\">\n\t\t\t<div class=\"elementor-post__card\">\n\t\t\t\t<a class=\"elementor-post__thumbnail__link\" href=\"https:\/\/www.solidarnosc.org.pl\/bbial\/zbliza-sie-final-xv-konkursu-historycznego-solidarni\/\" tabindex=\"-1\" ><div class=\"elementor-post__thumbnail\"><img decoding=\"async\" width=\"400\" height=\"267\" src=\"https:\/\/www.solidarnosc.org.pl\/bbial\/wp-content\/uploads\/2026\/01\/IMG_3968-400x267.jpg\" class=\"attachment-medium size-medium wp-image-45814\" alt=\"\" srcset=\"https:\/\/www.solidarnosc.org.pl\/bbial\/wp-content\/uploads\/2026\/01\/IMG_3968-400x267.jpg 400w, https:\/\/www.solidarnosc.org.pl\/bbial\/wp-content\/uploads\/2026\/01\/IMG_3968-1024x683.jpg 1024w, https:\/\/www.solidarnosc.org.pl\/bbial\/wp-content\/uploads\/2026\/01\/IMG_3968-768x512.jpg 768w, https:\/\/www.solidarnosc.org.pl\/bbial\/wp-content\/uploads\/2026\/01\/IMG_3968-1536x1024.jpg 1536w, https:\/\/www.solidarnosc.org.pl\/bbial\/wp-content\/uploads\/2026\/01\/IMG_3968-2048x1365.jpg 2048w\" sizes=\"(max-width: 400px) 100vw, 400px\" \/><\/div><\/a>\n\t\t\t\t<div class=\"elementor-post__badge\">Sekcja O\u015bwiaty<\/div>\n\t\t\t\t<div class=\"elementor-post__avatar\">\n\t\t\t\t\t<\/div>\n\t\t\t\t<div class=\"elementor-post__text\">\n\t\t\t\t<h3 class=\"elementor-post__title\">\n\t\t\t<a href=\"https:\/\/www.solidarnosc.org.pl\/bbial\/zbliza-sie-final-xv-konkursu-historycznego-solidarni\/\" >\n\t\t\t\tZbli\u017ca si\u0119 fina\u0142 XV Konkursu Historycznego \u201eSolidarni\u201d\t\t\t<\/a>\n\t\t<\/h3>\n\t\t\n\t\t<a class=\"elementor-post__read-more\" href=\"https:\/\/www.solidarnosc.org.pl\/bbial\/zbliza-sie-final-xv-konkursu-historycznego-solidarni\/\" aria-label=\"Read more about Zbli\u017ca si\u0119 fina\u0142 XV Konkursu Historycznego \u201eSolidarni\u201d\" tabindex=\"-1\" >\n\t\t\t&gt; CZYTAJ CA\u0141O\u015a\u0106\t\t<\/a>\n\n\t\t\t\t<\/div>\n\t\t\t\t<div class=\"elementor-post__meta-data\">\n\t\t\t\t\t<span class=\"elementor-post-date\">\n\t\t\t26 stycznia, 2026\t\t<\/span>\n\t\t\t\t<\/div>\n\t\t\t\t\t<\/div>\n\t\t<\/article>\n\t\t\t\t<article class=\"elementor-post elementor-grid-item post-45236 post type-post status-publish format-standard has-post-thumbnail hentry category-sekcja-oswiaty\">\n\t\t\t<div class=\"elementor-post__card\">\n\t\t\t\t<a class=\"elementor-post__thumbnail__link\" href=\"https:\/\/www.solidarnosc.org.pl\/bbial\/protest-oswiaty-przed-kuratorium-w-bielsku-bialej\/\" tabindex=\"-1\" ><div class=\"elementor-post__thumbnail\"><img decoding=\"async\" width=\"400\" height=\"225\" src=\"https:\/\/www.solidarnosc.org.pl\/bbial\/wp-content\/uploads\/2025\/11\/15.587443127_1272239128280603_6352345991766946543_n-400x225.jpg\" class=\"attachment-medium size-medium wp-image-45252\" alt=\"\" srcset=\"https:\/\/www.solidarnosc.org.pl\/bbial\/wp-content\/uploads\/2025\/11\/15.587443127_1272239128280603_6352345991766946543_n-400x225.jpg 400w, https:\/\/www.solidarnosc.org.pl\/bbial\/wp-content\/uploads\/2025\/11\/15.587443127_1272239128280603_6352345991766946543_n-1024x577.jpg 1024w, https:\/\/www.solidarnosc.org.pl\/bbial\/wp-content\/uploads\/2025\/11\/15.587443127_1272239128280603_6352345991766946543_n-768x432.jpg 768w, https:\/\/www.solidarnosc.org.pl\/bbial\/wp-content\/uploads\/2025\/11\/15.587443127_1272239128280603_6352345991766946543_n-1536x865.jpg 1536w, https:\/\/www.solidarnosc.org.pl\/bbial\/wp-content\/uploads\/2025\/11\/15.587443127_1272239128280603_6352345991766946543_n.jpg 2048w\" sizes=\"(max-width: 400px) 100vw, 400px\" \/><\/div><\/a>\n\t\t\t\t<div class=\"elementor-post__badge\">Sekcja O\u015bwiaty<\/div>\n\t\t\t\t<div class=\"elementor-post__avatar\">\n\t\t\t\t\t<\/div>\n\t\t\t\t<div class=\"elementor-post__text\">\n\t\t\t\t<h3 class=\"elementor-post__title\">\n\t\t\t<a href=\"https:\/\/www.solidarnosc.org.pl\/bbial\/protest-oswiaty-przed-kuratorium-w-bielsku-bialej\/\" >\n\t\t\t\tProtest O\u015bwiaty przed Kuratorium w Bielsku-Bia\u0142ej\t\t\t<\/a>\n\t\t<\/h3>\n\t\t\n\t\t<a class=\"elementor-post__read-more\" href=\"https:\/\/www.solidarnosc.org.pl\/bbial\/protest-oswiaty-przed-kuratorium-w-bielsku-bialej\/\" aria-label=\"Read more about Protest O\u015bwiaty przed Kuratorium w Bielsku-Bia\u0142ej\" tabindex=\"-1\" >\n\t\t\t&gt; CZYTAJ CA\u0141O\u015a\u0106\t\t<\/a>\n\n\t\t\t\t<\/div>\n\t\t\t\t<div class=\"elementor-post__meta-data\">\n\t\t\t\t\t<span class=\"elementor-post-date\">\n\t\t\t27 listopada, 2025\t\t<\/span>\n\t\t\t\t<\/div>\n\t\t\t\t\t<\/div>\n\t\t<\/article>\n\t\t\t\t<article class=\"elementor-post elementor-grid-item post-45197 post type-post status-publish format-standard has-post-thumbnail hentry category-sekcja-oswiaty category-solidarnosc tag-gra tag-rocznica tag-stan-wojenny\">\n\t\t\t<div class=\"elementor-post__card\">\n\t\t\t\t<a class=\"elementor-post__thumbnail__link\" href=\"https:\/\/www.solidarnosc.org.pl\/bbial\/gra-miejska-tropami-solidarnosci\/\" tabindex=\"-1\" ><div class=\"elementor-post__thumbnail\"><img loading=\"lazy\" decoding=\"async\" width=\"283\" height=\"400\" src=\"https:\/\/www.solidarnosc.org.pl\/bbial\/wp-content\/uploads\/2025\/11\/GRA-MIEJSKA-2025-PLAKAT-283x400.png\" class=\"attachment-medium size-medium wp-image-45195\" alt=\"\" srcset=\"https:\/\/www.solidarnosc.org.pl\/bbial\/wp-content\/uploads\/2025\/11\/GRA-MIEJSKA-2025-PLAKAT-283x400.png 283w, https:\/\/www.solidarnosc.org.pl\/bbial\/wp-content\/uploads\/2025\/11\/GRA-MIEJSKA-2025-PLAKAT-724x1024.png 724w, https:\/\/www.solidarnosc.org.pl\/bbial\/wp-content\/uploads\/2025\/11\/GRA-MIEJSKA-2025-PLAKAT-768x1086.png 768w, https:\/\/www.solidarnosc.org.pl\/bbial\/wp-content\/uploads\/2025\/11\/GRA-MIEJSKA-2025-PLAKAT-1086x1536.png 1086w, https:\/\/www.solidarnosc.org.pl\/bbial\/wp-content\/uploads\/2025\/11\/GRA-MIEJSKA-2025-PLAKAT-1448x2048.png 1448w, https:\/\/www.solidarnosc.org.pl\/bbial\/wp-content\/uploads\/2025\/11\/GRA-MIEJSKA-2025-PLAKAT.png 1587w\" sizes=\"(max-width: 283px) 100vw, 283px\" \/><\/div><\/a>\n\t\t\t\t<div class=\"elementor-post__badge\">Sekcja O\u015bwiaty<\/div>\n\t\t\t\t<div class=\"elementor-post__avatar\">\n\t\t\t\t\t<\/div>\n\t\t\t\t<div class=\"elementor-post__text\">\n\t\t\t\t<h3 class=\"elementor-post__title\">\n\t\t\t<a href=\"https:\/\/www.solidarnosc.org.pl\/bbial\/gra-miejska-tropami-solidarnosci\/\" >\n\t\t\t\tGRA MIEJSKA TROPAMI\u00a0 SOLIDARNO\u015aCI\t\t\t<\/a>\n\t\t<\/h3>\n\t\t\n\t\t<a class=\"elementor-post__read-more\" href=\"https:\/\/www.solidarnosc.org.pl\/bbial\/gra-miejska-tropami-solidarnosci\/\" aria-label=\"Read more about GRA MIEJSKA TROPAMI\u00a0 SOLIDARNO\u015aCI\" tabindex=\"-1\" >\n\t\t\t&gt; CZYTAJ CA\u0141O\u015a\u0106\t\t<\/a>\n\n\t\t\t\t<\/div>\n\t\t\t\t<div class=\"elementor-post__meta-data\">\n\t\t\t\t\t<span class=\"elementor-post-date\">\n\t\t\t24 listopada, 2025\t\t<\/span>\n\t\t\t\t<\/div>\n\t\t\t\t\t<\/div>\n\t\t<\/article>\n\t\t\t\t<article class=\"elementor-post elementor-grid-item post-44641 post type-post status-publish format-standard has-post-thumbnail hentry category-sekcja-oswiaty category-solidarnosc\">\n\t\t\t<div class=\"elementor-post__card\">\n\t\t\t\t<a class=\"elementor-post__thumbnail__link\" href=\"https:\/\/www.solidarnosc.org.pl\/bbial\/nauczycielskie-swieto\/\" tabindex=\"-1\" ><div class=\"elementor-post__thumbnail\"><img loading=\"lazy\" decoding=\"async\" width=\"354\" height=\"400\" src=\"https:\/\/www.solidarnosc.org.pl\/bbial\/wp-content\/uploads\/2025\/10\/kwiaty-354x400.jpg\" class=\"attachment-medium size-medium wp-image-44640\" alt=\"\" srcset=\"https:\/\/www.solidarnosc.org.pl\/bbial\/wp-content\/uploads\/2025\/10\/kwiaty-354x400.jpg 354w, https:\/\/www.solidarnosc.org.pl\/bbial\/wp-content\/uploads\/2025\/10\/kwiaty.jpg 458w\" sizes=\"(max-width: 354px) 100vw, 354px\" \/><\/div><\/a>\n\t\t\t\t<div class=\"elementor-post__badge\">Sekcja O\u015bwiaty<\/div>\n\t\t\t\t<div class=\"elementor-post__avatar\">\n\t\t\t\t\t<\/div>\n\t\t\t\t<div class=\"elementor-post__text\">\n\t\t\t\t<h3 class=\"elementor-post__title\">\n\t\t\t<a href=\"https:\/\/www.solidarnosc.org.pl\/bbial\/nauczycielskie-swieto\/\" >\n\t\t\t\tNauczycielskie \u015awi\u0119to\t\t\t<\/a>\n\t\t<\/h3>\n\t\t\n\t\t<a class=\"elementor-post__read-more\" href=\"https:\/\/www.solidarnosc.org.pl\/bbial\/nauczycielskie-swieto\/\" aria-label=\"Read more about Nauczycielskie \u015awi\u0119to\" tabindex=\"-1\" >\n\t\t\t&gt; CZYTAJ CA\u0141O\u015a\u0106\t\t<\/a>\n\n\t\t\t\t<\/div>\n\t\t\t\t<div class=\"elementor-post__meta-data\">\n\t\t\t\t\t<span class=\"elementor-post-date\">\n\t\t\t13 pa\u017adziernika, 2025\t\t<\/span>\n\t\t\t\t<\/div>\n\t\t\t\t\t<\/div>\n\t\t<\/article>\n\t\t\t\t<article class=\"elementor-post elementor-grid-item post-44142 post type-post status-publish format-standard has-post-thumbnail hentry category-sekcja-oswiaty category-solidarnosc tag-obrona tag-pikieta tag-szkol\">\n\t\t\t<div class=\"elementor-post__card\">\n\t\t\t\t<a class=\"elementor-post__thumbnail__link\" href=\"https:\/\/www.solidarnosc.org.pl\/bbial\/w-obronie-szkoly-w-miedzybrodziu-bialskim\/\" tabindex=\"-1\" ><div class=\"elementor-post__thumbnail\"><img loading=\"lazy\" decoding=\"async\" width=\"347\" height=\"400\" src=\"https:\/\/www.solidarnosc.org.pl\/bbial\/wp-content\/uploads\/2025\/06\/sowa-347x400.jpg\" class=\"attachment-medium size-medium wp-image-44139\" alt=\"\" srcset=\"https:\/\/www.solidarnosc.org.pl\/bbial\/wp-content\/uploads\/2025\/06\/sowa-347x400.jpg 347w, https:\/\/www.solidarnosc.org.pl\/bbial\/wp-content\/uploads\/2025\/06\/sowa.jpg 385w\" sizes=\"(max-width: 347px) 100vw, 347px\" \/><\/div><\/a>\n\t\t\t\t<div class=\"elementor-post__badge\">Sekcja O\u015bwiaty<\/div>\n\t\t\t\t<div class=\"elementor-post__avatar\">\n\t\t\t\t\t<\/div>\n\t\t\t\t<div class=\"elementor-post__text\">\n\t\t\t\t<h3 class=\"elementor-post__title\">\n\t\t\t<a href=\"https:\/\/www.solidarnosc.org.pl\/bbial\/w-obronie-szkoly-w-miedzybrodziu-bialskim\/\" >\n\t\t\t\tW obronie szko\u0142y w Mi\u0119dzybrodziu Bialskim\t\t\t<\/a>\n\t\t<\/h3>\n\t\t\n\t\t<a class=\"elementor-post__read-more\" href=\"https:\/\/www.solidarnosc.org.pl\/bbial\/w-obronie-szkoly-w-miedzybrodziu-bialskim\/\" aria-label=\"Read more about W obronie szko\u0142y w Mi\u0119dzybrodziu Bialskim\" tabindex=\"-1\" >\n\t\t\t&gt; CZYTAJ CA\u0141O\u015a\u0106\t\t<\/a>\n\n\t\t\t\t<\/div>\n\t\t\t\t<div class=\"elementor-post__meta-data\">\n\t\t\t\t\t<span class=\"elementor-post-date\">\n\t\t\t26 czerwca, 2025\t\t<\/span>\n\t\t\t\t<\/div>\n\t\t\t\t\t<\/div>\n\t\t<\/article>\n\t\t\t\t<\/div>\n\t\t\n\t\t\t\t\t\t<\/div>\n\t\t\t\t<\/div>\n\t\t\t\t\t<\/div>\n\t\t<\/div>\n\t\t\t\t<div class=\"elementor-column elementor-col-50 elementor-top-column elementor-element elementor-element-f2efc87\" data-id=\"f2efc87\" data-element_type=\"column\" data-e-type=\"column\">\n\t\t\t<div class=\"elementor-widget-wrap elementor-element-populated\">\n\t\t\t\t\t\t<div class=\"elementor-element elementor-element-86612e9 elementor-widget elementor-widget-text-editor\" data-id=\"86612e9\" data-element_type=\"widget\" data-e-type=\"widget\" data-widget_type=\"text-editor.default\">\n\t\t\t\t<div class=\"elementor-widget-container\">\n\t\t\t\t\t\t\t\t\t<p><strong>Regionalna Sekcja O\u015bwiaty Region Podbeskidzie NSZZ &#8222;Solidarno\u015b\u0107&#8221;<\/strong><\/p>\t\t\t\t\t\t\t\t<\/div>\n\t\t\t\t<\/div>\n\t\t\t\t<div class=\"elementor-element elementor-element-a706386 elementor-widget elementor-widget-text-editor\" data-id=\"a706386\" data-element_type=\"widget\" data-e-type=\"widget\" data-widget_type=\"text-editor.default\">\n\t\t\t\t<div class=\"elementor-widget-container\">\n\t\t\t\t\t\t\t\t\t<p>tel.\/fax\u00a033\/812-67-70<\/p><p><i class=\"fa i_box fa-keyboard-o size_tiny \"><\/i>\u00a0e-mail:\u00a0oswiata.bbial@solidarnosc.org.pl<\/p><p><i class=\"fa i_box fa-home size_tiny \"><\/i>\u00a0ul. Adama Asnyka 19 43-300 Bielsko-Bia\u0142a<\/p><div class=\"su-divider su-divider-style-default\">\u00a0<\/div><h4>Przewodnicz\u0105ca:\u00a0<\/h4><h6>Justyna Kurasiewicz<\/h6><hr \/><p><i class=\"fa i_box fa-phone-square size_tiny \"><\/i>\u00a0tel. 536-558-535<\/p><h4>Wiceprzewodnicz\u0105cy:\u00a0<\/h4><h6>B\u0142a\u017cej Dobrogoszcz<\/h6><hr \/><p><i class=\"fa i_box fa-phone-square size_tiny \"><\/i>\u00a0tel. 512-282-957<\/p><div class=\"su-divider su-divider-style-default\">\u00a0<\/div><h4>Oddzia\u0142y<\/h4><div class=\"su-divider su-divider-style-default\">\u00a0<\/div><h5>Mi\u0119dzyzak\u0142adowa Komisja NSZZ &#8222;Solidarno\u015b\u0107&#8221;<br \/>Pracownik\u00f3w O\u015bwiaty i Wychowania w Bielsku-Bia\u0142ej<\/h5><p><strong><i class=\"fa i_box fa-phone-square size_tiny \"><\/i>\u00a0tel.<\/strong>\/fax 33\/812-67-70<\/p><p><i class=\"fa i_box fa-home size_tiny \"><\/i>\u00a0ul. Adama Asnyka 19<br \/>43-300 Bielsko-Bia\u0142a<\/p><hr \/><h5>Mi\u0119dzyzak\u0142adowa Komisja NSZZ &#8222;Solidarno\u015b\u0107&#8221;<br \/>Pracownik\u00f3w O\u015bwiaty i Wychowania w \u017bywcu<\/h5><hr \/><h6>Przewodnicz\u0105cy: Agata Wandzel<\/h6><p><i class=\"fa i_box fa-phone-square size_tiny \"><\/i>\u00a0<strong>tel.<\/strong>\u00a033\/861-25-56<\/p><p><i class=\"fa i_box fa-home size_tiny \"><\/i>\u00a0\u00a0ul. Komisji Edukacji Narodowej 3<br \/>34-300 \u017bywiec<\/p><hr \/><h5>Mi\u0119dzyzak\u0142adowa Organizacja NSZZ &#8222;Solidarno\u015b\u0107&#8221;<br \/>Pracownik\u00f3w O\u015bwiaty i Wychowania w Cieszynie<\/h5><hr \/><h6>Przewodnicz\u0105ca: Anna Szczerba-Marek<\/h6><p><i class=\"fa i_box fa-phone-square size_tiny \"><\/i>\u00a0tel. 531 899 247<\/p><p>e-mail: solidarnosc.oswiata.cieszyn@op.pl<\/p><p><i class=\"fa i_box fa-home size_tiny \"><\/i>\u00a0ul. G\u0142\u0119boka 58<br \/>43-400 Cieszyn<\/p><hr \/><h5>Mi\u0119dzyzak\u0142adowa Komisja NSZZ &#8222;Solidarno\u015b\u0107&#8221;<br \/>Pracownik\u00f3w O\u015bwiaty i Wychowania w Wilamowicach<\/h5><hr \/><h6>Przewodnicz\u0105cy:\u00a0Tomasz Stasiak<\/h6><p><strong><i class=\"fa i_box fa-phone-square size_tiny \"><\/i>\u00a0<\/strong>tel. 33\/845-78-98<\/p><p><i class=\"fa i_box fa-home size_tiny \"><\/i>\u00a0Zesp\u00f3\u0142 Szkolno-Przedszkolny<br \/>ul. Rynek 14<br \/>43-330 Wilamowice<\/p><hr \/><h5>Mi\u0119dzyzak\u0142adowa Komisja NSZZ &#8222;Solidarno\u015b\u0107&#8221;<br \/>Pracownik\u00f3w O\u015bwiaty i Wychowania w Skoczowie<\/h5><hr \/><h6>Przewodnicz\u0105cy:\u00a0Mariusz Por\u0119bski<\/h6><p><i class=\"fa i_box fa-home size_tiny \"><\/i>\u00a0Zesp\u00f3\u0142 Szk\u00f3\u0142 Nr 1<br \/>ul. Morcinka 20<br \/>43-300 Skocz\u00f3w<\/p>\t\t\t\t\t\t\t\t<\/div>\n\t\t\t\t<\/div>\n\t\t\t\t\t<\/div>\n\t\t<\/div>\n\t\t\t\t\t<\/div>\n\t\t<\/section>\n\t\t\t\t<\/div>\n\t\t","protected":false},"excerpt":{"rendered":"<p>Regionalna Sekcja O\u015bwiaty Region Podbeskidzie NSZZ &#8222;Solidarno\u015b\u0107&#8221; tel.\/fax\u00a033\/812-67-70 \u00a0e-mail:\u00a0oswiata.bbial@solidarnosc.org.pl \u00a0ul. Adama Asnyka 19 43-300 Bielsko-Bia\u0142a \u00a0 Przewodnicz\u0105ca:\u00a0 Justyna Kurasiewicz \u00a0tel. 536-558-535 Wiceprzewodnicz\u0105cy:\u00a0 B\u0142a\u017cej Dobrogoszcz \u00a0tel.<\/p>\n","protected":false},"author":1,"featured_media":0,"parent":0,"menu_order":0,"comment_status":"closed","ping_status":"closed","template":"","meta":{"footnotes":""},"class_list":["post-38405","page","type-page","status-publish","hentry"],"_links":{"self":[{"href":"https:\/\/www.solidarnosc.org.pl\/bbial\/wp-json\/wp\/v2\/pages\/38405","targetHints":{"allow":["GET"]}}],"collection":[{"href":"https:\/\/www.solidarnosc.org.pl\/bbial\/wp-json\/wp\/v2\/pages"}],"about":[{"href":"https:\/\/www.solidarnosc.org.pl\/bbial\/wp-json\/wp\/v2\/types\/page"}],"author":[{"embeddable":true,"href":"https:\/\/www.solidarnosc.org.pl\/bbial\/wp-json\/wp\/v2\/users\/1"}],"replies":[{"embeddable":true,"href":"https:\/\/www.solidarnosc.org.pl\/bbial\/wp-json\/wp\/v2\/comments?post=38405"}],"version-history":[{"count":22,"href":"https:\/\/www.solidarnosc.org.pl\/bbial\/wp-json\/wp\/v2\/pages\/38405\/revisions"}],"predecessor-version":[{"id":38853,"href":"https:\/\/www.solidarnosc.org.pl\/bbial\/wp-json\/wp\/v2\/pages\/38405\/revisions\/38853"}],"wp:attachment":[{"href":"https:\/\/www.solidarnosc.org.pl\/bbial\/wp-json\/wp\/v2\/media?parent=38405"}],"curies":[{"name":"wp","href":"https:\/\/api.w.org\/{rel}","templated":true}]}}