{"id":38399,"date":"2024-12-03T16:18:10","date_gmt":"2024-12-03T14:18:10","guid":{"rendered":"https:\/\/www.solidarnosc.org.pl\/bbial\/?page_id=38399"},"modified":"2024-12-19T15:56:20","modified_gmt":"2024-12-19T13:56:20","slug":"dzial-porad-prawnych","status":"publish","type":"page","link":"https:\/\/www.solidarnosc.org.pl\/bbial\/dzial-porad-prawnych\/","title":{"rendered":"DZIA\u0141 PORAD PRAWNYCH"},"content":{"rendered":"\t\t<div data-elementor-type=\"wp-page\" data-elementor-id=\"38399\" class=\"elementor elementor-38399\" data-elementor-post-type=\"page\">\n\t\t\t\t\t\t<section class=\"elementor-section elementor-top-section elementor-element elementor-element-4634659 elementor-section-boxed elementor-section-height-default elementor-section-height-default\" data-id=\"4634659\" data-element_type=\"section\" data-e-type=\"section\">\n\t\t\t\t\t\t<div class=\"elementor-container elementor-column-gap-default\">\n\t\t\t\t\t<div class=\"elementor-column elementor-col-50 elementor-top-column elementor-element elementor-element-357dfcd\" data-id=\"357dfcd\" data-element_type=\"column\" data-e-type=\"column\">\n\t\t\t<div class=\"elementor-widget-wrap elementor-element-populated\">\n\t\t\t\t\t\t<div class=\"elementor-element elementor-element-006b0ae elementor-widget elementor-widget-text-editor\" data-id=\"006b0ae\" data-element_type=\"widget\" data-e-type=\"widget\" data-widget_type=\"text-editor.default\">\n\t\t\t\t<div class=\"elementor-widget-container\">\n\t\t\t\t\t\t\t\t\t<p><strong>Dzia\u0142 Porad Prawnych<\/strong><\/p>\t\t\t\t\t\t\t\t<\/div>\n\t\t\t\t<\/div>\n\t\t\t\t<div class=\"elementor-element elementor-element-ac5058f elementor-widget elementor-widget-text-editor\" data-id=\"ac5058f\" data-element_type=\"widget\" data-e-type=\"widget\" data-widget_type=\"text-editor.default\">\n\t\t\t\t<div class=\"elementor-widget-container\">\n\t\t\t\t\t\t\t\t\t<p><b>Dzia\u0142 porad prawnych\u00a0<\/b>udziela wsparcia prawnego. Zapewnia kompleksow\u0105 porad\u0119 prawn\u0105 dla cz\u0142onk\u00f3w Solidarno\u015bci. Co wa\u017cne, nie ogranicza si\u0119 ono jedynie do doradztwa, ale tak\u017ce oferuje\u00a0profesjonaln\u0105 reprezentacj\u0119, dzi\u0119ki kt\u00f3rej nasi cz\u0142onkowie na \u017cadnym etapie nie s\u0105 pozostawieni bez opieki prawnej.<\/p><p>Nasza pomoc prawna obejmuje\u00a0wszystkie potrzeby naszych cz\u0142onk\u00f3w, tak\u017ce tych niezwi\u0105zanych z dzia\u0142alno\u015bci\u0105 zawodow\u0105.<\/p><p><strong>Wszystkie konsultacje nale\u017cy wcze\u015bniej ustali\u0107 telefonicznie.<\/strong><\/p><hr \/><p><strong><a href=\"http:\/\/www.solidarnosc.org.pl\/bbial\/swiadectwo-pracy\/\">ZMIANY W KODEKSIE PRACY OD 1 STYCZNIA 2017 \u00bb<\/a><\/strong><\/p><p><strong>PODSTAWOWE ZAGADNIENIA<\/strong><\/p><ul><li><a href=\"http:\/\/www.solidarnosc.org.pl\/bbial\/wp-content\/uploads\/2015\/09\/Konstytucja-RP.pdf\" target=\"_blank\" rel=\"noopener noreferrer\">Konstytucja Rzeczpospolitej Polskiej<\/a><\/li><li><a href=\"http:\/\/www.solidarnosc.org.pl\/bbial\/wp-content\/uploads\/2015\/09\/kodeks-pracy.pdf\" target=\"_blank\" rel=\"noopener noreferrer\">Kodeks Pracy<\/a><\/li><li><a href=\"http:\/\/www.solidarnosc.org.pl\/bbial\/wp-content\/uploads\/2018\/12\/Ustawa-o-zz.pdf\" target=\"_blank\" rel=\"noopener noreferrer\">Ustawa o zwi\u0105zkach zawodowych<\/a><\/li><li><a href=\"http:\/\/www.solidarnosc.org.pl\/bbial\/wp-content\/uploads\/2019\/05\/STATUT_NSZZ_Solidarno_z_zaznaczonymi_zmianami_dokonanymi_podczas_XXIX_KZD_2018_tekst_jednolity.pdf\" target=\"_blank\" rel=\"noopener noreferrer\">Statut NSZZ \u201eSolidarno\u015b\u0107\u201d<\/a><\/li><li><a href=\"http:\/\/www.solidarnosc.org.pl\/bbial\/wp-content\/uploads\/2015\/10\/Uchwa%C5%82a-KZD-ws.-dzia%C5%82alno%C5%9Bci-finansowej-Zwi%C4%85zku.pdf\" rel=\"attachment wp-att-2769\">Uchwa\u0142a KZD ws. dzia\u0142alno\u015bci finansowej Zwi\u0105zku<\/a><\/li><li><a href=\"http:\/\/www.solidarnosc.org.pl\/bbial\/wp-content\/uploads\/2015\/09\/Ustawa-o-rozwi%C4%85zywaniu-spor%C3%B3w-zbiorowych.pdf\" target=\"blank\" rel=\"noopener noreferrer\">Ustawa o rozwi\u0105zywaniu spor\u00f3w zbiorowych<\/a><\/li><li><a href=\"http:\/\/www.solidarnosc.org.pl\/bbial\/wp-content\/uploads\/2015\/09\/Ustawa-o-szczeg%C3%B3lnych-zasadach-rozwi%C4%85zywania-z-pracownikami.pdf\" target=\"_blank\" rel=\"noopener noreferrer\">Ustawa o szczeg\u00f3lnych zasadach rozwi\u0105zywania z pracownikami stosunk\u00f3w pracy z przyczyn niedotycz\u0105cych pracownik\u00f3w<\/a><\/li><li><a href=\"http:\/\/www.solidarnosc.org.pl\/bbial\/wp-content\/uploads\/2015\/09\/Rozporz%C4%85dzenie-w-sprawie-usprawiedliwiania-nieobecno%C5%9Bci.pdf\">Rozporz\u0105dzenie w sprawie sposobu usprawiedliwiania nieobecno\u015bci w pracy oraz udzielania pracownikom zwolnie\u0144 od pracy<\/a>\u00a0<\/li><li><a href=\"http:\/\/www.solidarnosc.org.pl\/bbial\/wp-content\/uploads\/2015\/09\/Ustawa-o-ochronie-danych-osobowych.pdf\" target=\"blank\" rel=\"noopener noreferrer\">Ustawa o ochronie danych osobowych<\/a><\/li><li><a href=\"http:\/\/www.solidarnosc.org.pl\/bbial\/wp-content\/uploads\/2015\/09\/Karta-Nauczyciela.pdf\" target=\"_blank\" rel=\"noopener noreferrer\">Karta Nauczyciela<\/a><\/li><li><a href=\"http:\/\/www.solidarnosc.org.pl\/bbial\/wp-content\/uploads\/2015\/09\/Ustawa-o-Radzie-Dialogu-Spo%C5%82ecznego-i-innych-instytucjach-dialogu.pdf\" target=\"blank\" rel=\"noopener noreferrer\">Ustawa o Radzie Dialogu Spo\u0142ecznego i innych instytucjach dialogu<\/a>\u00a0<\/li><li><a href=\"http:\/\/www.solidarnosc.org.pl\/bbial\/wp-content\/uploads\/2015\/09\/Rozporz%C4%85dzenie-w-sprawie-trybu-post%C4%99powania-przed-kolegiami-arbitra%C5%BCowymi.pdf\" target=\"blank\" rel=\"noopener noreferrer\">Rozporz\u0105dzenie w sprawie trybu post\u0119powania przed kolegiami arbitra\u017cowymi<\/a>\u00a0<\/li><li><a href=\"http:\/\/www.solidarnosc.org.pl\/bbial\/wp-content\/uploads\/2015\/09\/zasady_udzielania_urlopu_.pdf\" target=\"_blank\" rel=\"noopener noreferrer\">Rozporz\u0105dzenie w sprawie szczeg\u00f3\u0142owych zasady udzielania urlopu wypoczynkowego<\/a><\/li><li><a href=\"http:\/\/www.solidarnosc.org.pl\/bbial\/wp-content\/uploads\/2015\/09\/Udzielanie-urlopu-bezp%C5%82atnego-i-zwolnie%C5%84-od-pracy-pracownikom-pe%C5%82ni%C4%85cym-z-wyboru-funkcje-w-zwi%C4%85zkach-zawodowych.pdf\" target=\"_blank\" rel=\"noopener noreferrer\">Udzielanie urlopu bezp\u0142atnego i zwolnie\u0144 od pracy pracownikom pe\u0142ni\u0105cym z wyboru funkcje w zwi\u0105zkach zawodowych<\/a><\/li><li><a href=\"http:\/\/www.solidarnosc.org.pl\/bbial\/wp-content\/uploads\/2015\/09\/Rozporz%C4%85dzenie-ws.-powiadamiania-przez-pracodawc%C4%99-zak%C5%82adowej-organizacji-zwi%C4%85zkowej-o-liczbie-os%C3%B3b.pdf\" target=\"_blank\" rel=\"noopener noreferrer\">Rozporz\u0105dzenie ws. powiadamiania przez pracodawc\u0119 zak\u0142adowej organizacji zwi\u0105zkowej o liczbie os\u00f3b stanowi\u0105cych kadr\u0119 kierownicz\u0105<\/a><\/li><li><a href=\"http:\/\/www.solidarnosc.org.pl\/bbial\/wp-content\/uploads\/2015\/09\/ustawa-o-osobach-represjonowanych.pdf\" target=\"_blank\" rel=\"noopener noreferrer\">Ustawa o dzia\u0142aczach opozycji antykomunistycznej oraz osobach represjonowanych z powod\u00f3w politycznych<\/a><\/li><\/ul><p>\u00a0<\/p><p><a href=\"http:\/\/diariuszzwiazkowy.pl\/index.html\" target=\"_blank\" rel=\"noopener noreferrer\">Wi\u0119cej dokument\u00f3w na portalu \u201eDiariusz zwi\u0105zkowy\u201d<\/a><\/p><p><a href=\"http:\/\/www.tygodniksolidarnosc.com\/pl\/753\/porady-prawne.html\" target=\"blank\" rel=\"noopener noreferrer\">Porady prawne na portalu \u201eTygodnik Solidarno\u015b\u0107\u201d<\/a><\/p>\t\t\t\t\t\t\t\t<\/div>\n\t\t\t\t<\/div>\n\t\t\t\t\t<\/div>\n\t\t<\/div>\n\t\t\t\t<div class=\"elementor-column elementor-col-50 elementor-top-column elementor-element elementor-element-7e85c0d\" data-id=\"7e85c0d\" data-element_type=\"column\" data-e-type=\"column\">\n\t\t\t<div class=\"elementor-widget-wrap elementor-element-populated\">\n\t\t\t\t\t\t<div class=\"elementor-element elementor-element-8b1ea1b elementor-widget elementor-widget-text-editor\" data-id=\"8b1ea1b\" data-element_type=\"widget\" data-e-type=\"widget\" data-widget_type=\"text-editor.default\">\n\t\t\t\t<div class=\"elementor-widget-container\">\n\t\t\t\t\t\t\t\t\t<p><strong>Dy\u017cury prawnik\u00f3w<\/strong><\/p>\t\t\t\t\t\t\t\t<\/div>\n\t\t\t\t<\/div>\n\t\t\t\t<div class=\"elementor-element elementor-element-d371c6c elementor-widget elementor-widget-text-editor\" data-id=\"d371c6c\" data-element_type=\"widget\" data-e-type=\"widget\" data-widget_type=\"text-editor.default\">\n\t\t\t\t<div class=\"elementor-widget-container\">\n\t\t\t\t\t\t\t\t\t<p><b>Poniedzia\u0142ek &#8211; pi\u0105tek<\/b><br \/>8.00 &#8211; 16.00<\/p><p>tel. 33 812 67 53 oraz 33 812 67 90<br \/>email: prawnicy.bbial@solidarnosc.org.pl<\/p>\t\t\t\t\t\t\t\t<\/div>\n\t\t\t\t<\/div>\n\t\t\t\t<div class=\"elementor-element elementor-element-1e0963c elementor-widget elementor-widget-text-editor\" data-id=\"1e0963c\" data-element_type=\"widget\" data-e-type=\"widget\" data-widget_type=\"text-editor.default\">\n\t\t\t\t<div class=\"elementor-widget-container\">\n\t\t\t\t\t\t\t\t\t<p><strong>TERMIN WSZYSTKICH KONSULTACJI NALE\u017bY USTALI\u0106 TELEFONICZNIE<\/strong><\/p>\t\t\t\t\t\t\t\t<\/div>\n\t\t\t\t<\/div>\n\t\t\t\t<div class=\"elementor-element elementor-element-1fb1226 elementor-widget elementor-widget-text-editor\" data-id=\"1fb1226\" data-element_type=\"widget\" data-e-type=\"widget\" data-widget_type=\"text-editor.default\">\n\t\t\t\t<div class=\"elementor-widget-container\">\n\t\t\t\t\t\t\t\t\t<h4 class=\"elementor-icon-box-title\">Radca prawny mgr El\u017cbieta Kami\u0144ska-Waluk<\/h4><p class=\"elementor-icon-box-description\"><b>Godziny dy\u017cur\u00f3w:<\/b><br \/>poniedzia\u0142ek &#8211; wtorek &#8211; \u015broda : godz. 8.00-16.00<br \/>czwartek: godz. 8.00-14.00<\/p><p>tel. 739 200 320<br \/>email:\u00a0<b><a href=\"mailto:e.kaminska-waluk.bbial@solidarnosc.org.pl\">e.kaminska-waluk.bbial@solidarnosc.org.pl<\/a><\/b><\/p>\t\t\t\t\t\t\t\t<\/div>\n\t\t\t\t<\/div>\n\t\t\t\t<div class=\"elementor-element elementor-element-d32eec9 elementor-widget elementor-widget-text-editor\" data-id=\"d32eec9\" data-element_type=\"widget\" data-e-type=\"widget\" data-widget_type=\"text-editor.default\">\n\t\t\t\t<div class=\"elementor-widget-container\">\n\t\t\t\t\t\t\t\t\t<h4 class=\"elementor-icon-box-title\">Adwokat mgr Weronika Harla<\/h4><p class=\"elementor-icon-box-description\"><b>Godziny dy\u017cur\u00f3w:<\/b><br \/>\u015broda &#8211; czwartek &#8211; pi\u0105tek : godz. 8.00-16.00<\/p><p>tel.\u00a0506 194 582<br \/>email: <strong><a href=\"mailto:prawnicy.bbial@solidarnosc.org.pl\">prawnicy.bbial@solidarnosc.org.pl<\/a><\/strong><\/p>\t\t\t\t\t\t\t\t<\/div>\n\t\t\t\t<\/div>\n\t\t\t\t<div class=\"elementor-element elementor-element-5f688d8 elementor-widget elementor-widget-text-editor\" data-id=\"5f688d8\" data-element_type=\"widget\" data-e-type=\"widget\" data-widget_type=\"text-editor.default\">\n\t\t\t\t<div class=\"elementor-widget-container\">\n\t\t\t\t\t\t\t\t\t<h4 class=\"elementor-icon-box-title\">Radca prawny mgr Mariusz W\u00f3jcik<\/h4><p class=\"elementor-icon-box-description\"><b>Godziny dy\u017cur\u00f3w:<\/b><br \/>poniedzia\u0142ek &#8211; wtorek &#8211; \u015broda &#8211; pi\u0105tek : godz. 9.00-16.00<br \/>czwartek : godz. 10.00-12.00<\/p><p>tel. 506 195 720<br \/>email:\u00a0<b><a href=\"mailto:m.wojcik.bbial@solidarnosc.org.pl\">m.wojcik.bbial@solidarnosc.org.pl<\/a><\/b><\/p>\t\t\t\t\t\t\t\t<\/div>\n\t\t\t\t<\/div>\n\t\t\t\t\t<\/div>\n\t\t<\/div>\n\t\t\t\t\t<\/div>\n\t\t<\/section>\n\t\t\t\t<\/div>\n\t\t","protected":false},"excerpt":{"rendered":"<p>Dzia\u0142 Porad Prawnych Dzia\u0142 porad prawnych\u00a0udziela wsparcia prawnego. Zapewnia kompleksow\u0105 porad\u0119 prawn\u0105 dla cz\u0142onk\u00f3w Solidarno\u015bci. Co wa\u017cne, nie ogranicza si\u0119 ono jedynie do doradztwa, ale tak\u017ce oferuje\u00a0profesjonaln\u0105 reprezentacj\u0119, dzi\u0119ki kt\u00f3rej nasi cz\u0142onkowie na \u017cadnym etapie nie s\u0105 pozostawieni bez opieki prawnej. Nasza pomoc prawna obejmuje\u00a0wszystkie potrzeby naszych cz\u0142onk\u00f3w, tak\u017ce tych niezwi\u0105zanych z dzia\u0142alno\u015bci\u0105 zawodow\u0105. Wszystkie [&hellip;]<\/p>\n","protected":false},"author":1,"featured_media":0,"parent":0,"menu_order":0,"comment_status":"closed","ping_status":"closed","template":"","meta":{"footnotes":""},"class_list":["post-38399","page","type-page","status-publish","hentry"],"_links":{"self":[{"href":"https:\/\/www.solidarnosc.org.pl\/bbial\/wp-json\/wp\/v2\/pages\/38399","targetHints":{"allow":["GET"]}}],"collection":[{"href":"https:\/\/www.solidarnosc.org.pl\/bbial\/wp-json\/wp\/v2\/pages"}],"about":[{"href":"https:\/\/www.solidarnosc.org.pl\/bbial\/wp-json\/wp\/v2\/types\/page"}],"author":[{"embeddable":true,"href":"https:\/\/www.solidarnosc.org.pl\/bbial\/wp-json\/wp\/v2\/users\/1"}],"replies":[{"embeddable":true,"href":"https:\/\/www.solidarnosc.org.pl\/bbial\/wp-json\/wp\/v2\/comments?post=38399"}],"version-history":[{"count":13,"href":"https:\/\/www.solidarnosc.org.pl\/bbial\/wp-json\/wp\/v2\/pages\/38399\/revisions"}],"predecessor-version":[{"id":41953,"href":"https:\/\/www.solidarnosc.org.pl\/bbial\/wp-json\/wp\/v2\/pages\/38399\/revisions\/41953"}],"wp:attachment":[{"href":"https:\/\/www.solidarnosc.org.pl\/bbial\/wp-json\/wp\/v2\/media?parent=38399"}],"curies":[{"name":"wp","href":"https:\/\/api.w.org\/{rel}","templated":true}]}}