{"id":38395,"date":"2024-12-03T16:17:38","date_gmt":"2024-12-03T14:17:38","guid":{"rendered":"https:\/\/www.solidarnosc.org.pl\/bbial\/?page_id=38395"},"modified":"2024-12-19T11:25:48","modified_gmt":"2024-12-19T09:25:48","slug":"regionalna-komisja-rewizyjna","status":"publish","type":"page","link":"https:\/\/www.solidarnosc.org.pl\/bbial\/regionalna-komisja-rewizyjna\/","title":{"rendered":"REGIONALNA KOMISJA REWIZYJNA"},"content":{"rendered":"\t\t<div data-elementor-type=\"wp-page\" data-elementor-id=\"38395\" class=\"elementor elementor-38395\" data-elementor-post-type=\"page\">\n\t\t\t\t\t\t<section class=\"elementor-section elementor-top-section elementor-element elementor-element-a905af5 elementor-section-boxed elementor-section-height-default elementor-section-height-default\" data-id=\"a905af5\" data-element_type=\"section\" data-e-type=\"section\">\n\t\t\t\t\t\t<div class=\"elementor-container elementor-column-gap-default\">\n\t\t\t\t\t<div class=\"elementor-column elementor-col-100 elementor-top-column elementor-element elementor-element-7713c01\" data-id=\"7713c01\" data-element_type=\"column\" data-e-type=\"column\">\n\t\t\t<div class=\"elementor-widget-wrap elementor-element-populated\">\n\t\t\t\t\t\t<div class=\"elementor-element elementor-element-a2c956f elementor-widget elementor-widget-text-editor\" data-id=\"a2c956f\" data-element_type=\"widget\" data-e-type=\"widget\" data-widget_type=\"text-editor.default\">\n\t\t\t\t<div class=\"elementor-widget-container\">\n\t\t\t\t\t\t\t\t\t<ol><li>REGIONALNA KOMISJA REWIZYJNA<\/li><\/ol><p><strong>KADENCJA 2023-2028:<\/strong><\/p><ol><li><b style=\"background-color: transparent; color: var( --e-global-color-text ); font-family: var( --e-global-typography-text-font-family ), Sans-serif;\">Kwa\u015bny Krzysztof (PG Silesia) \u2013 przewodnicz\u0105cy RKR<\/b><\/li><li><b>J\u0119dras Celina (ASK Poland) \u2013 zast\u0119pca RKR<\/b><\/li><li><b>Dobrogoszcz B\u0142a\u017cej (O\u015bwiata B-B)<\/b><\/li><li><b>Ellmann Miros\u0142aw (Adler Polska B-B)<\/b><\/li><li><b>Gw\u00f3\u017ad\u017a Grzegorz (Grammer)<\/b><\/li><li><b>Iskra Karol (Eaton)<\/b><\/li><li><b>Jerzy Lach (O\u015bwiata)<\/b><\/li><\/ol>\t\t\t\t\t\t\t\t<\/div>\n\t\t\t\t<\/div>\n\t\t\t\t\t<\/div>\n\t\t<\/div>\n\t\t\t\t\t<\/div>\n\t\t<\/section>\n\t\t\t\t<\/div>\n\t\t","protected":false},"excerpt":{"rendered":"<p>REGIONALNA KOMISJA REWIZYJNA KADENCJA 2023-2028: Kwa\u015bny Krzysztof (PG Silesia) \u2013 przewodnicz\u0105cy RKR J\u0119dras Celina (ASK Poland) \u2013 zast\u0119pca RKR Dobrogoszcz B\u0142a\u017cej (O\u015bwiata B-B) Ellmann Miros\u0142aw (Adler Polska B-B) Gw\u00f3\u017ad\u017a Grzegorz (Grammer) Iskra Karol (Eaton) Jerzy Lach (O\u015bwiata)<\/p>\n","protected":false},"author":1,"featured_media":0,"parent":0,"menu_order":0,"comment_status":"closed","ping_status":"closed","template":"","meta":{"footnotes":""},"class_list":["post-38395","page","type-page","status-publish","hentry"],"_links":{"self":[{"href":"https:\/\/www.solidarnosc.org.pl\/bbial\/wp-json\/wp\/v2\/pages\/38395","targetHints":{"allow":["GET"]}}],"collection":[{"href":"https:\/\/www.solidarnosc.org.pl\/bbial\/wp-json\/wp\/v2\/pages"}],"about":[{"href":"https:\/\/www.solidarnosc.org.pl\/bbial\/wp-json\/wp\/v2\/types\/page"}],"author":[{"embeddable":true,"href":"https:\/\/www.solidarnosc.org.pl\/bbial\/wp-json\/wp\/v2\/users\/1"}],"replies":[{"embeddable":true,"href":"https:\/\/www.solidarnosc.org.pl\/bbial\/wp-json\/wp\/v2\/comments?post=38395"}],"version-history":[{"count":10,"href":"https:\/\/www.solidarnosc.org.pl\/bbial\/wp-json\/wp\/v2\/pages\/38395\/revisions"}],"predecessor-version":[{"id":41829,"href":"https:\/\/www.solidarnosc.org.pl\/bbial\/wp-json\/wp\/v2\/pages\/38395\/revisions\/41829"}],"wp:attachment":[{"href":"https:\/\/www.solidarnosc.org.pl\/bbial\/wp-json\/wp\/v2\/media?parent=38395"}],"curies":[{"name":"wp","href":"https:\/\/api.w.org\/{rel}","templated":true}]}}