{"id":38393,"date":"2024-12-03T16:17:23","date_gmt":"2024-12-03T14:17:23","guid":{"rendered":"https:\/\/www.solidarnosc.org.pl\/bbial\/?page_id=38393"},"modified":"2024-12-19T22:17:27","modified_gmt":"2024-12-19T20:17:27","slug":"zarzad","status":"publish","type":"page","link":"https:\/\/www.solidarnosc.org.pl\/bbial\/zarzad\/","title":{"rendered":"ZARZ\u0104D REGIONU"},"content":{"rendered":"\t\t<div data-elementor-type=\"wp-page\" data-elementor-id=\"38393\" class=\"elementor elementor-38393\" data-elementor-post-type=\"page\">\n\t\t\t\t\t\t<section class=\"elementor-section elementor-top-section elementor-element elementor-element-b3b0b7c elementor-section-boxed elementor-section-height-default elementor-section-height-default\" data-id=\"b3b0b7c\" data-element_type=\"section\" data-e-type=\"section\">\n\t\t\t\t\t\t<div class=\"elementor-container elementor-column-gap-default\">\n\t\t\t\t\t<div class=\"elementor-column elementor-col-100 elementor-top-column elementor-element elementor-element-42af1d0\" data-id=\"42af1d0\" data-element_type=\"column\" data-e-type=\"column\">\n\t\t\t<div class=\"elementor-widget-wrap elementor-element-populated\">\n\t\t\t\t\t\t<div class=\"elementor-element elementor-element-8b6970d elementor-widget elementor-widget-heading\" data-id=\"8b6970d\" data-element_type=\"widget\" data-e-type=\"widget\" data-widget_type=\"heading.default\">\n\t\t\t\t<div class=\"elementor-widget-container\">\n\t\t\t\t\t<h2 class=\"elementor-heading-title elementor-size-default\">Cz\u0142onkowie Prezydium Zarz\u0105du Regionu Podbeskidzie NSZZ \u201eSolidarno\u015b\u0107\u201d<\/h2>\t\t\t\t<\/div>\n\t\t\t\t<\/div>\n\t\t\t\t<section class=\"elementor-section elementor-inner-section elementor-element elementor-element-d36c008 elementor-section-boxed elementor-section-height-default elementor-section-height-default\" data-id=\"d36c008\" data-element_type=\"section\" data-e-type=\"section\">\n\t\t\t\t\t\t<div class=\"elementor-container elementor-column-gap-default\">\n\t\t\t\t\t<div class=\"elementor-column elementor-col-25 elementor-inner-column elementor-element elementor-element-ea3c65a\" data-id=\"ea3c65a\" data-element_type=\"column\" data-e-type=\"column\">\n\t\t\t<div class=\"elementor-widget-wrap elementor-element-populated\">\n\t\t\t\t\t\t<div class=\"elementor-element elementor-element-c3c2413 elementor-widget elementor-widget-image\" data-id=\"c3c2413\" data-element_type=\"widget\" data-e-type=\"widget\" data-widget_type=\"image.default\">\n\t\t\t\t<div class=\"elementor-widget-container\">\n\t\t\t\t\t\t\t\t\t\t\t\t\t\t\t<img fetchpriority=\"high\" decoding=\"async\" width=\"300\" height=\"300\" src=\"https:\/\/www.solidarnosc.org.pl\/bbial\/wp-content\/uploads\/2024\/12\/marek_bogusz_solidarnosc-300x300.png\" class=\"attachment-medium size-medium wp-image-38614\" alt=\"\" srcset=\"https:\/\/www.solidarnosc.org.pl\/bbial\/wp-content\/uploads\/2024\/12\/marek_bogusz_solidarnosc-300x300.png 300w, https:\/\/www.solidarnosc.org.pl\/bbial\/wp-content\/uploads\/2024\/12\/marek_bogusz_solidarnosc-150x150.png 150w, https:\/\/www.solidarnosc.org.pl\/bbial\/wp-content\/uploads\/2024\/12\/marek_bogusz_solidarnosc.png 700w\" sizes=\"(max-width: 300px) 100vw, 300px\" \/>\t\t\t\t\t\t\t\t\t\t\t\t\t\t\t<\/div>\n\t\t\t\t<\/div>\n\t\t\t\t<div class=\"elementor-element elementor-element-def1c45 elementor-widget elementor-widget-text-editor\" data-id=\"def1c45\" data-element_type=\"widget\" data-e-type=\"widget\" data-widget_type=\"text-editor.default\">\n\t\t\t\t<div class=\"elementor-widget-container\">\n\t\t\t\t\t\t\t\t\t<p><strong>Marek Bogusz<br \/><\/strong>Przewodnicz\u0105cy ZR<\/p>\t\t\t\t\t\t\t\t<\/div>\n\t\t\t\t<\/div>\n\t\t\t\t<div class=\"elementor-element elementor-element-5d5e376 elementor-align-center elementor-icon-list--layout-traditional elementor-list-item-link-full_width elementor-widget elementor-widget-icon-list\" data-id=\"5d5e376\" data-element_type=\"widget\" data-e-type=\"widget\" data-widget_type=\"icon-list.default\">\n\t\t\t\t<div class=\"elementor-widget-container\">\n\t\t\t\t\t\t\t<ul class=\"elementor-icon-list-items\">\n\t\t\t\t\t\t\t<li class=\"elementor-icon-list-item\">\n\t\t\t\t\t\t\t\t\t\t\t<a href=\"mailto:przew.bbial@solidarnosc.org.pl\">\n\n\t\t\t\t\t\t\t\t\t\t\t\t<span class=\"elementor-icon-list-icon\">\n\t\t\t\t\t\t\t<i aria-hidden=\"true\" class=\"fas fa-envelope\"><\/i>\t\t\t\t\t\t<\/span>\n\t\t\t\t\t\t\t\t\t\t<span class=\"elementor-icon-list-text\">przew.bbial@solidarnosc.org.pl<\/span>\n\t\t\t\t\t\t\t\t\t\t\t<\/a>\n\t\t\t\t\t\t\t\t\t<\/li>\n\t\t\t\t\t\t<\/ul>\n\t\t\t\t\t\t<\/div>\n\t\t\t\t<\/div>\n\t\t\t\t\t<\/div>\n\t\t<\/div>\n\t\t\t\t<div class=\"elementor-column elementor-col-25 elementor-inner-column elementor-element elementor-element-630c0ed\" data-id=\"630c0ed\" data-element_type=\"column\" data-e-type=\"column\">\n\t\t\t<div class=\"elementor-widget-wrap elementor-element-populated\">\n\t\t\t\t\t\t<div class=\"elementor-element elementor-element-4872d20 elementor-widget elementor-widget-image\" data-id=\"4872d20\" data-element_type=\"widget\" data-e-type=\"widget\" data-widget_type=\"image.default\">\n\t\t\t\t<div class=\"elementor-widget-container\">\n\t\t\t\t\t\t\t\t\t\t\t\t\t\t\t<img decoding=\"async\" width=\"300\" height=\"300\" src=\"https:\/\/www.solidarnosc.org.pl\/bbial\/wp-content\/uploads\/2024\/12\/Lewandowski_Lukasz-2-300x300.jpg\" class=\"attachment-medium size-medium wp-image-38615\" alt=\"\" srcset=\"https:\/\/www.solidarnosc.org.pl\/bbial\/wp-content\/uploads\/2024\/12\/Lewandowski_Lukasz-2-300x300.jpg 300w, https:\/\/www.solidarnosc.org.pl\/bbial\/wp-content\/uploads\/2024\/12\/Lewandowski_Lukasz-2-150x150.jpg 150w, https:\/\/www.solidarnosc.org.pl\/bbial\/wp-content\/uploads\/2024\/12\/Lewandowski_Lukasz-2.jpg 598w\" sizes=\"(max-width: 300px) 100vw, 300px\" \/>\t\t\t\t\t\t\t\t\t\t\t\t\t\t\t<\/div>\n\t\t\t\t<\/div>\n\t\t\t\t<div class=\"elementor-element elementor-element-b50e6d3 elementor-widget elementor-widget-text-editor\" data-id=\"b50e6d3\" data-element_type=\"widget\" data-e-type=\"widget\" data-widget_type=\"text-editor.default\">\n\t\t\t\t<div class=\"elementor-widget-container\">\n\t\t\t\t\t\t\t\t\t<p><strong>\u0141ukasz Lewandowski<br \/><\/strong>Sekretarz ZR<\/p>\t\t\t\t\t\t\t\t<\/div>\n\t\t\t\t<\/div>\n\t\t\t\t<div class=\"elementor-element elementor-element-8e1644e elementor-align-center elementor-icon-list--layout-traditional elementor-list-item-link-full_width elementor-widget elementor-widget-icon-list\" data-id=\"8e1644e\" data-element_type=\"widget\" data-e-type=\"widget\" data-widget_type=\"icon-list.default\">\n\t\t\t\t<div class=\"elementor-widget-container\">\n\t\t\t\t\t\t\t<ul class=\"elementor-icon-list-items\">\n\t\t\t\t\t\t\t<li class=\"elementor-icon-list-item\">\n\t\t\t\t\t\t\t\t\t\t\t<a href=\"mailto:sekr.bbial@solidarnosc.org.pl\">\n\n\t\t\t\t\t\t\t\t\t\t\t\t<span class=\"elementor-icon-list-icon\">\n\t\t\t\t\t\t\t<i aria-hidden=\"true\" class=\"fas fa-envelope\"><\/i>\t\t\t\t\t\t<\/span>\n\t\t\t\t\t\t\t\t\t\t<span class=\"elementor-icon-list-text\">sekr.bbial@solidarnosc.org.pl<\/span>\n\t\t\t\t\t\t\t\t\t\t\t<\/a>\n\t\t\t\t\t\t\t\t\t<\/li>\n\t\t\t\t\t\t<\/ul>\n\t\t\t\t\t\t<\/div>\n\t\t\t\t<\/div>\n\t\t\t\t\t<\/div>\n\t\t<\/div>\n\t\t\t\t<div class=\"elementor-column elementor-col-25 elementor-inner-column elementor-element elementor-element-ac58bb6\" data-id=\"ac58bb6\" data-element_type=\"column\" data-e-type=\"column\">\n\t\t\t<div class=\"elementor-widget-wrap elementor-element-populated\">\n\t\t\t\t\t\t<div class=\"elementor-element elementor-element-0bb6e12 elementor-widget elementor-widget-image\" data-id=\"0bb6e12\" data-element_type=\"widget\" data-e-type=\"widget\" data-widget_type=\"image.default\">\n\t\t\t\t<div class=\"elementor-widget-container\">\n\t\t\t\t\t\t\t\t\t\t\t\t\t\t\t<img decoding=\"async\" width=\"300\" height=\"300\" src=\"https:\/\/www.solidarnosc.org.pl\/bbial\/wp-content\/uploads\/2024\/12\/Kolodziejski_Andrzej-300x300.jpg\" class=\"attachment-medium size-medium wp-image-38616\" alt=\"\" srcset=\"https:\/\/www.solidarnosc.org.pl\/bbial\/wp-content\/uploads\/2024\/12\/Kolodziejski_Andrzej-300x300.jpg 300w, https:\/\/www.solidarnosc.org.pl\/bbial\/wp-content\/uploads\/2024\/12\/Kolodziejski_Andrzej-150x150.jpg 150w, https:\/\/www.solidarnosc.org.pl\/bbial\/wp-content\/uploads\/2024\/12\/Kolodziejski_Andrzej.jpg 599w\" sizes=\"(max-width: 300px) 100vw, 300px\" \/>\t\t\t\t\t\t\t\t\t\t\t\t\t\t\t<\/div>\n\t\t\t\t<\/div>\n\t\t\t\t<div class=\"elementor-element elementor-element-8270e44 elementor-widget elementor-widget-text-editor\" data-id=\"8270e44\" data-element_type=\"widget\" data-e-type=\"widget\" data-widget_type=\"text-editor.default\">\n\t\t\t\t<div class=\"elementor-widget-container\">\n\t\t\t\t\t\t\t\t\t<p><strong>Andrzej Ko\u0142odziejski<br \/><\/strong>Skarbnik ZR<\/p>\t\t\t\t\t\t\t\t<\/div>\n\t\t\t\t<\/div>\n\t\t\t\t<div class=\"elementor-element elementor-element-dfc3b2a elementor-align-center elementor-icon-list--layout-traditional elementor-list-item-link-full_width elementor-widget elementor-widget-icon-list\" data-id=\"dfc3b2a\" data-element_type=\"widget\" data-e-type=\"widget\" data-widget_type=\"icon-list.default\">\n\t\t\t\t<div class=\"elementor-widget-container\">\n\t\t\t\t\t\t\t<ul class=\"elementor-icon-list-items\">\n\t\t\t\t\t\t\t<li class=\"elementor-icon-list-item\">\n\t\t\t\t\t\t\t\t\t\t\t<a href=\"mailto:skarb.bbial@solidarnosc.org.pl\">\n\n\t\t\t\t\t\t\t\t\t\t\t\t<span class=\"elementor-icon-list-icon\">\n\t\t\t\t\t\t\t<i aria-hidden=\"true\" class=\"fas fa-envelope\"><\/i>\t\t\t\t\t\t<\/span>\n\t\t\t\t\t\t\t\t\t\t<span class=\"elementor-icon-list-text\">skarb.bbial@solidarnosc.org.pl<\/span>\n\t\t\t\t\t\t\t\t\t\t\t<\/a>\n\t\t\t\t\t\t\t\t\t<\/li>\n\t\t\t\t\t\t<\/ul>\n\t\t\t\t\t\t<\/div>\n\t\t\t\t<\/div>\n\t\t\t\t\t<\/div>\n\t\t<\/div>\n\t\t\t\t<div class=\"elementor-column elementor-col-25 elementor-inner-column elementor-element elementor-element-30a1131\" data-id=\"30a1131\" data-element_type=\"column\" data-e-type=\"column\">\n\t\t\t<div class=\"elementor-widget-wrap elementor-element-populated\">\n\t\t\t\t\t\t<div class=\"elementor-element elementor-element-19af982 elementor-widget elementor-widget-image\" data-id=\"19af982\" data-element_type=\"widget\" data-e-type=\"widget\" data-widget_type=\"image.default\">\n\t\t\t\t<div class=\"elementor-widget-container\">\n\t\t\t\t\t\t\t\t\t\t\t\t\t\t\t<img loading=\"lazy\" decoding=\"async\" width=\"300\" height=\"300\" src=\"https:\/\/www.solidarnosc.org.pl\/bbial\/wp-content\/uploads\/2024\/12\/piotr_golab-300x300-1.png\" class=\"attachment-medium size-medium wp-image-38617\" alt=\"\" srcset=\"https:\/\/www.solidarnosc.org.pl\/bbial\/wp-content\/uploads\/2024\/12\/piotr_golab-300x300-1.png 300w, https:\/\/www.solidarnosc.org.pl\/bbial\/wp-content\/uploads\/2024\/12\/piotr_golab-300x300-1-150x150.png 150w\" sizes=\"(max-width: 300px) 100vw, 300px\" \/>\t\t\t\t\t\t\t\t\t\t\t\t\t\t\t<\/div>\n\t\t\t\t<\/div>\n\t\t\t\t<div class=\"elementor-element elementor-element-ecdb298 elementor-widget elementor-widget-text-editor\" data-id=\"ecdb298\" data-element_type=\"widget\" data-e-type=\"widget\" data-widget_type=\"text-editor.default\">\n\t\t\t\t<div class=\"elementor-widget-container\">\n\t\t\t\t\t\t\t\t\t<p><strong>Piotr Go\u0142\u0105b<\/strong><br \/>Cz\u0142onek Prezydium ZR<\/p>\t\t\t\t\t\t\t\t<\/div>\n\t\t\t\t<\/div>\n\t\t\t\t<div class=\"elementor-element elementor-element-ea961e3 elementor-align-center elementor-icon-list--layout-traditional elementor-list-item-link-full_width elementor-widget elementor-widget-icon-list\" data-id=\"ea961e3\" data-element_type=\"widget\" data-e-type=\"widget\" data-widget_type=\"icon-list.default\">\n\t\t\t\t<div class=\"elementor-widget-container\">\n\t\t\t\t\t\t\t<ul class=\"elementor-icon-list-items\">\n\t\t\t\t\t\t\t<li class=\"elementor-icon-list-item\">\n\t\t\t\t\t\t\t\t\t\t\t<a href=\"mailto:drz.bbial@solidarnosc.org.pl\">\n\n\t\t\t\t\t\t\t\t\t\t\t\t<span class=\"elementor-icon-list-icon\">\n\t\t\t\t\t\t\t<i aria-hidden=\"true\" class=\"fas fa-envelope\"><\/i>\t\t\t\t\t\t<\/span>\n\t\t\t\t\t\t\t\t\t\t<span class=\"elementor-icon-list-text\">drz.bbial@solidarnosc.org.pl<\/span>\n\t\t\t\t\t\t\t\t\t\t\t<\/a>\n\t\t\t\t\t\t\t\t\t<\/li>\n\t\t\t\t\t\t<\/ul>\n\t\t\t\t\t\t<\/div>\n\t\t\t\t<\/div>\n\t\t\t\t\t<\/div>\n\t\t<\/div>\n\t\t\t\t\t<\/div>\n\t\t<\/section>\n\t\t\t\t\t<\/div>\n\t\t<\/div>\n\t\t\t\t\t<\/div>\n\t\t<\/section>\n\t\t\t\t<section class=\"elementor-section elementor-top-section elementor-element elementor-element-6ac9dad elementor-section-boxed elementor-section-height-default elementor-section-height-default\" data-id=\"6ac9dad\" data-element_type=\"section\" data-e-type=\"section\" data-settings=\"{&quot;background_background&quot;:&quot;classic&quot;}\">\n\t\t\t\t\t\t<div class=\"elementor-container elementor-column-gap-default\">\n\t\t\t\t\t<div class=\"elementor-column elementor-col-100 elementor-top-column elementor-element elementor-element-52a094e\" data-id=\"52a094e\" data-element_type=\"column\" data-e-type=\"column\">\n\t\t\t<div class=\"elementor-widget-wrap elementor-element-populated\">\n\t\t\t\t\t\t<div class=\"elementor-element elementor-element-5c4f1ec elementor-widget elementor-widget-heading\" data-id=\"5c4f1ec\" data-element_type=\"widget\" data-e-type=\"widget\" data-widget_type=\"heading.default\">\n\t\t\t\t<div class=\"elementor-widget-container\">\n\t\t\t\t\t<h2 class=\"elementor-heading-title elementor-size-default\">Cz\u0142onkowie ZR Podbeskidzie NSZZ \u201eSolidarno\u015b\u0107\u201d<\/h2>\t\t\t\t<\/div>\n\t\t\t\t<\/div>\n\t\t\t\t<section class=\"elementor-section elementor-inner-section elementor-element elementor-element-96b3dd3 elementor-section-boxed elementor-section-height-default elementor-section-height-default\" data-id=\"96b3dd3\" data-element_type=\"section\" data-e-type=\"section\">\n\t\t\t\t\t\t<div class=\"elementor-container elementor-column-gap-default\">\n\t\t\t\t\t<div class=\"elementor-column elementor-col-50 elementor-inner-column elementor-element elementor-element-7f94296\" data-id=\"7f94296\" data-element_type=\"column\" data-e-type=\"column\">\n\t\t\t<div class=\"elementor-widget-wrap elementor-element-populated\">\n\t\t\t\t\t\t<div class=\"elementor-element elementor-element-0f0148e elementor-widget elementor-widget-text-editor\" data-id=\"0f0148e\" data-element_type=\"widget\" data-e-type=\"widget\" data-widget_type=\"text-editor.default\">\n\t\t\t\t<div class=\"elementor-widget-container\">\n\t\t\t\t\t\t\t\t\t<ul><li>Babij Grzegorz (PG \u201eSilesia\u201d)<\/li><li>Biegun Andrzej (Browar \u017bywiec)<\/li><li>Bogusz Marek (Tauron Ciep\u0142o)<\/li><li>Bryl Adam (ABB)<\/li><li>Chrz\u0105szcz Jerzy (Starostwo Powiatowe w O\u015bwi\u0119cimiu)<\/li><li>Czerwik Joanna (Oddzia\u0142 \u201eS\u201d O\u015bwi\u0119cim)<\/li><li>Dziasek Ryszard (Teksid Iron Skocz\u00f3w)<\/li><li>Gala Jacek (\u017bywiec Zdr\u00f3j)<\/li><li>Go\u0142\u0105b Piotr* (Sekcja Ochrony Zdrowia)<\/li><li>Janoszek Barbara (Aptiv Jele\u015bnia)<\/li><li>Jaworski Krzysztof (Grupa K\u0119ty)<\/li><li>Kitowski Miros\u0142aw (Polifarb Cieszyn)<\/li><li>Klajman Jaros\u0142aw (Tauron Ciep\u0142o B-B)<\/li><li>Ko\u0142der Roman (Paged)<\/li><li>Ko\u0142odziejski Andrzej (S\u0142u\u017cba Wi\u0119zienna)<\/li><li>Kubas Miros\u0142aw (Nadle\u015bnictwo Bielsko)<\/li><li>Kubica Andrzej (Hutchinson 1 \u017bywiec)<\/li><li>Kurasiewicz Justyna* (Sekcja O\u015bwiaty i Wychowania)<\/li><\/ul>\t\t\t\t\t\t\t\t<\/div>\n\t\t\t\t<\/div>\n\t\t\t\t\t<\/div>\n\t\t<\/div>\n\t\t\t\t<div class=\"elementor-column elementor-col-50 elementor-inner-column elementor-element elementor-element-6a52c1e\" data-id=\"6a52c1e\" data-element_type=\"column\" data-e-type=\"column\">\n\t\t\t<div class=\"elementor-widget-wrap elementor-element-populated\">\n\t\t\t\t\t\t<div class=\"elementor-element elementor-element-6d2714e elementor-widget elementor-widget-text-editor\" data-id=\"6d2714e\" data-element_type=\"widget\" data-e-type=\"widget\" data-widget_type=\"text-editor.default\">\n\t\t\t\t<div class=\"elementor-widget-container\">\n\t\t\t\t\t\t\t\t\t<div class=\"swm_column swm_one_half \"><ul><li>Lewandowski \u0141ukasz (FCA B-B)<\/li><li>\u0141abuz Pawe\u0142 (Sews Cabind \u017bywiec)<\/li><li>\u0141ukowski Piotr (MZK B-B)<\/li><li>Marek Micha\u0142 (Oddzia\u0142 \u201eS\u201d Cieszyn)<\/li><li>Ma\u017cul Maciej (Babiog\u00f3rski PN Zawoja)<\/li><li>Mynarski Henryk (Ceva B-B)<\/li><li>Niedbalski Mariusz (Best Autotech Poland)<\/li><li>Niemczyk Micha\u0142 (Policja)<\/li><li>Pezda Jan* (Sekcja Bran\u017cy Metalowc\u00f3w)<\/li><li>Pietrzyk Mateusz (Stra\u017c Po\u017carna Bielsko)<\/li><li>P\u0142onka Ewa (Celma-Indukta S.A.)<\/li><li>Schmeichel Krzysztof (\u015arubena \u017bywiec)<\/li><li>Skrzyp Stanis\u0142aw (Famed \u017bywiec)<\/li><li>Sobczyk Adam (UNIMOT Terminale SA)<\/li><li>Szczepa\u0144ska Maria* (Sekcja Emeryt\u00f3w i Rencist\u00f3w)<\/li><li>Talaga Krzysztof (Enersys)<\/li><li>Tyra\u0142a Rafa\u0142 (Proseat B-B)<\/li><\/ul><\/div><hr \/><p>*) Przewodnicz\u0105cy Sekcji Regionalnej<\/p>\t\t\t\t\t\t\t\t<\/div>\n\t\t\t\t<\/div>\n\t\t\t\t\t<\/div>\n\t\t<\/div>\n\t\t\t\t\t<\/div>\n\t\t<\/section>\n\t\t\t\t\t<\/div>\n\t\t<\/div>\n\t\t\t\t\t<\/div>\n\t\t<\/section>\n\t\t\t\t<\/div>\n\t\t","protected":false},"excerpt":{"rendered":"<p>Cz\u0142onkowie Prezydium Zarz\u0105du Regionu Podbeskidzie NSZZ \u201eSolidarno\u015b\u0107\u201d Marek BoguszPrzewodnicz\u0105cy ZR przew.bbial@solidarnosc.org.pl \u0141ukasz LewandowskiSekretarz ZR sekr.bbial@solidarnosc.org.pl Andrzej Ko\u0142odziejskiSkarbnik ZR skarb.bbial@solidarnosc.org.pl Piotr Go\u0142\u0105bCz\u0142onek Prezydium ZR drz.bbial@solidarnosc.org.pl Cz\u0142onkowie ZR Podbeskidzie NSZZ \u201eSolidarno\u015b\u0107\u201d Babij Grzegorz (PG \u201eSilesia\u201d) Biegun Andrzej (Browar \u017bywiec) Bogusz Marek (Tauron Ciep\u0142o) Bryl Adam (ABB) Chrz\u0105szcz Jerzy (Starostwo Powiatowe w O\u015bwi\u0119cimiu) Czerwik Joanna (Oddzia\u0142 \u201eS\u201d O\u015bwi\u0119cim) [&hellip;]<\/p>\n","protected":false},"author":1,"featured_media":0,"parent":0,"menu_order":0,"comment_status":"closed","ping_status":"closed","template":"","meta":{"footnotes":""},"class_list":["post-38393","page","type-page","status-publish","hentry"],"_links":{"self":[{"href":"https:\/\/www.solidarnosc.org.pl\/bbial\/wp-json\/wp\/v2\/pages\/38393","targetHints":{"allow":["GET"]}}],"collection":[{"href":"https:\/\/www.solidarnosc.org.pl\/bbial\/wp-json\/wp\/v2\/pages"}],"about":[{"href":"https:\/\/www.solidarnosc.org.pl\/bbial\/wp-json\/wp\/v2\/types\/page"}],"author":[{"embeddable":true,"href":"https:\/\/www.solidarnosc.org.pl\/bbial\/wp-json\/wp\/v2\/users\/1"}],"replies":[{"embeddable":true,"href":"https:\/\/www.solidarnosc.org.pl\/bbial\/wp-json\/wp\/v2\/comments?post=38393"}],"version-history":[{"count":14,"href":"https:\/\/www.solidarnosc.org.pl\/bbial\/wp-json\/wp\/v2\/pages\/38393\/revisions"}],"predecessor-version":[{"id":42353,"href":"https:\/\/www.solidarnosc.org.pl\/bbial\/wp-json\/wp\/v2\/pages\/38393\/revisions\/42353"}],"wp:attachment":[{"href":"https:\/\/www.solidarnosc.org.pl\/bbial\/wp-json\/wp\/v2\/media?parent=38393"}],"curies":[{"name":"wp","href":"https:\/\/api.w.org\/{rel}","templated":true}]}}