{"id":38389,"date":"2024-12-03T16:16:59","date_gmt":"2024-12-03T14:16:59","guid":{"rendered":"https:\/\/www.solidarnosc.org.pl\/bbial\/?page_id=38389"},"modified":"2024-12-19T22:17:08","modified_gmt":"2024-12-19T20:17:08","slug":"delegaci-na-kzd","status":"publish","type":"page","link":"https:\/\/www.solidarnosc.org.pl\/bbial\/o-nas\/delegaci-na-kzd\/","title":{"rendered":"DELEGACI NA KZD"},"content":{"rendered":"\t\t<div data-elementor-type=\"wp-page\" data-elementor-id=\"38389\" class=\"elementor elementor-38389\" data-elementor-post-type=\"page\">\n\t\t\t\t\t\t<section class=\"elementor-section elementor-top-section elementor-element elementor-element-83d5c06 elementor-section-boxed elementor-section-height-default elementor-section-height-default\" data-id=\"83d5c06\" data-element_type=\"section\" data-e-type=\"section\">\n\t\t\t\t\t\t<div class=\"elementor-container elementor-column-gap-default\">\n\t\t\t\t\t<div class=\"elementor-column elementor-col-100 elementor-top-column elementor-element elementor-element-c9575ca\" data-id=\"c9575ca\" data-element_type=\"column\" data-e-type=\"column\">\n\t\t\t<div class=\"elementor-widget-wrap elementor-element-populated\">\n\t\t\t\t\t\t<div class=\"elementor-element elementor-element-7fce8e6 elementor-widget elementor-widget-text-editor\" data-id=\"7fce8e6\" data-element_type=\"widget\" data-e-type=\"widget\" data-widget_type=\"text-editor.default\">\n\t\t\t\t<div class=\"elementor-widget-container\">\n\t\t\t\t\t\t\t\t\t<p>DELEGACI REGIONU PODBESKIDZIE NA KRAJOWY ZJAZD DELEGAT\u00d3W NSZZ \u201eSOLIDARNO\u015a\u0106\u201d.<\/p><p><strong>KADENCJA 2023-2028:<\/strong><\/p><ol><li><strong>\u00a0Bogusz Marek\u00a0<\/strong>(Przewodnicz\u0105cy ZR)<\/li><li><strong>\u00a0Babij Grzegorz<\/strong>\u00a0(Silesia)<\/li><li><strong>\u00a0Biegun Andrzej<\/strong>\u00a0(Gupa \u017bywiec)<\/li><li><strong>\u00a0Brzu\u015bnian Miros\u0142aw<\/strong>\u00a0(Tauron Dystrybucja)<\/li><li><strong>\u00a0Jaworski Krzysztof<\/strong>\u00a0(Grupa K\u0119ty)<\/li><li><strong>\u00a0Ko\u0142odziejski Andrzej<\/strong>\u00a0(S\u0142u\u017cba Wi\u0119zienna)<\/li><li><strong>\u00a0Skrzyp Stanis\u0142aw<\/strong>\u00a0(FAMED)<\/li><li><strong>\u00a0Tyra\u0142a Rafa\u0142\u00a0<\/strong>(Proseat)<\/li><\/ol>\t\t\t\t\t\t\t\t<\/div>\n\t\t\t\t<\/div>\n\t\t\t\t\t<\/div>\n\t\t<\/div>\n\t\t\t\t\t<\/div>\n\t\t<\/section>\n\t\t\t\t<\/div>\n\t\t","protected":false},"excerpt":{"rendered":"<p>DELEGACI REGIONU PODBESKIDZIE NA KRAJOWY ZJAZD DELEGAT\u00d3W NSZZ \u201eSOLIDARNO\u015a\u0106\u201d. KADENCJA 2023-2028: \u00a0Bogusz Marek\u00a0(Przewodnicz\u0105cy ZR) \u00a0Babij Grzegorz\u00a0(Silesia) \u00a0Biegun Andrzej\u00a0(Gupa \u017bywiec) \u00a0Brzu\u015bnian Miros\u0142aw\u00a0(Tauron Dystrybucja) \u00a0Jaworski Krzysztof\u00a0(Grupa K\u0119ty) \u00a0Ko\u0142odziejski Andrzej\u00a0(S\u0142u\u017cba Wi\u0119zienna) \u00a0Skrzyp Stanis\u0142aw\u00a0(FAMED) \u00a0Tyra\u0142a Rafa\u0142\u00a0(Proseat)<\/p>\n","protected":false},"author":1,"featured_media":0,"parent":42260,"menu_order":0,"comment_status":"closed","ping_status":"closed","template":"","meta":{"footnotes":""},"class_list":["post-38389","page","type-page","status-publish","hentry"],"_links":{"self":[{"href":"https:\/\/www.solidarnosc.org.pl\/bbial\/wp-json\/wp\/v2\/pages\/38389","targetHints":{"allow":["GET"]}}],"collection":[{"href":"https:\/\/www.solidarnosc.org.pl\/bbial\/wp-json\/wp\/v2\/pages"}],"about":[{"href":"https:\/\/www.solidarnosc.org.pl\/bbial\/wp-json\/wp\/v2\/types\/page"}],"author":[{"embeddable":true,"href":"https:\/\/www.solidarnosc.org.pl\/bbial\/wp-json\/wp\/v2\/users\/1"}],"replies":[{"embeddable":true,"href":"https:\/\/www.solidarnosc.org.pl\/bbial\/wp-json\/wp\/v2\/comments?post=38389"}],"version-history":[{"count":22,"href":"https:\/\/www.solidarnosc.org.pl\/bbial\/wp-json\/wp\/v2\/pages\/38389\/revisions"}],"predecessor-version":[{"id":41832,"href":"https:\/\/www.solidarnosc.org.pl\/bbial\/wp-json\/wp\/v2\/pages\/38389\/revisions\/41832"}],"up":[{"embeddable":true,"href":"https:\/\/www.solidarnosc.org.pl\/bbial\/wp-json\/wp\/v2\/pages\/42260"}],"wp:attachment":[{"href":"https:\/\/www.solidarnosc.org.pl\/bbial\/wp-json\/wp\/v2\/media?parent=38389"}],"curies":[{"name":"wp","href":"https:\/\/api.w.org\/{rel}","templated":true}]}}