{"id":38384,"date":"2024-12-03T16:15:35","date_gmt":"2024-12-03T14:15:35","guid":{"rendered":"https:\/\/www.solidarnosc.org.pl\/bbial\/?page_id=38384"},"modified":"2024-12-19T11:25:40","modified_gmt":"2024-12-19T09:25:40","slug":"europejskie-rady-zakladowe","status":"publish","type":"page","link":"https:\/\/www.solidarnosc.org.pl\/bbial\/europejskie-rady-zakladowe\/","title":{"rendered":"EUROPEJSKIE RADY ZAK\u0141ADOWE"},"content":{"rendered":"\t\t<div data-elementor-type=\"wp-page\" data-elementor-id=\"38384\" class=\"elementor elementor-38384\" data-elementor-post-type=\"page\">\n\t\t\t\t\t\t<section class=\"elementor-section elementor-top-section elementor-element elementor-element-d698162 elementor-section-boxed elementor-section-height-default elementor-section-height-default\" data-id=\"d698162\" data-element_type=\"section\" data-e-type=\"section\">\n\t\t\t\t\t\t<div class=\"elementor-container elementor-column-gap-default\">\n\t\t\t\t\t<div class=\"elementor-column elementor-col-100 elementor-top-column elementor-element elementor-element-b4a34d9\" data-id=\"b4a34d9\" data-element_type=\"column\" data-e-type=\"column\">\n\t\t\t<div class=\"elementor-widget-wrap elementor-element-populated\">\n\t\t\t\t\t\t<div class=\"elementor-element elementor-element-863ac04 elementor-widget elementor-widget-text-editor\" data-id=\"863ac04\" data-element_type=\"widget\" data-e-type=\"widget\" data-widget_type=\"text-editor.default\">\n\t\t\t\t<div class=\"elementor-widget-container\">\n\t\t\t\t\t\t\t\t\t<h4>Europejskie Rady Zak\u0142adowe<\/h4><div class=\"su-divider su-divider-style-default\">\u00a0<\/div><p><a href=\"http:\/\/www.europarl.europa.eu\/sides\/getDoc.do?pubRef=-\/\/EP\/\/TEXT+TA+P6-TA-2008-0602+0+DOC+XML+V0\/\/PL&amp;language=PL\" target=\"blank\">Nowy kszta\u0142t Dyrektywy o Europejskich Radach Zak\u0142adowych<\/a><\/p><p><a href=\"http:\/\/www.solidarnosc.org.pl\/bbial\/wp-content\/uploads\/2015\/09\/europejskie-rady-zak%C5%82adowe.pdf\" target=\"_blank\" rel=\"noopener\">Ustawa z dnia 5 kwietnia 2002 r. o europejskich radach zak\u0142adowych<\/a><\/p><p><a href=\"http:\/\/www.solidarnosc.org.pl\/bbial\/pdfy\/euro_rady\/dyrekt.pdf\" target=\"blank\">Dyrektywa Rady z dnia 22 wrze\u015bnia 1994 r. w sprawie ustanowienia Europejskiej Rady Zak\u0142adowej<\/a><\/p><p><a href=\"http:\/\/www.solidarnosc.org.pl\/bbial\/pdfy\/euro_rady\/rew_dyr.pdf\" target=\"blank\">Rewizja Dyrektywy o Europejskich Radach Zak\u0142adowych<\/a><\/p>\t\t\t\t\t\t\t\t<\/div>\n\t\t\t\t<\/div>\n\t\t\t\t\t<\/div>\n\t\t<\/div>\n\t\t\t\t\t<\/div>\n\t\t<\/section>\n\t\t\t\t<\/div>\n\t\t","protected":false},"excerpt":{"rendered":"<p>Europejskie Rady Zak\u0142adowe \u00a0 Nowy kszta\u0142t Dyrektywy o Europejskich Radach Zak\u0142adowych Ustawa z dnia 5 kwietnia 2002 r. o europejskich radach zak\u0142adowych Dyrektywa Rady z dnia 22 wrze\u015bnia 1994 r. w sprawie ustanowienia Europejskiej Rady Zak\u0142adowej Rewizja Dyrektywy o Europejskich Radach Zak\u0142adowych<\/p>\n","protected":false},"author":1,"featured_media":0,"parent":0,"menu_order":0,"comment_status":"closed","ping_status":"closed","template":"","meta":{"footnotes":""},"class_list":["post-38384","page","type-page","status-publish","hentry"],"_links":{"self":[{"href":"https:\/\/www.solidarnosc.org.pl\/bbial\/wp-json\/wp\/v2\/pages\/38384","targetHints":{"allow":["GET"]}}],"collection":[{"href":"https:\/\/www.solidarnosc.org.pl\/bbial\/wp-json\/wp\/v2\/pages"}],"about":[{"href":"https:\/\/www.solidarnosc.org.pl\/bbial\/wp-json\/wp\/v2\/types\/page"}],"author":[{"embeddable":true,"href":"https:\/\/www.solidarnosc.org.pl\/bbial\/wp-json\/wp\/v2\/users\/1"}],"replies":[{"embeddable":true,"href":"https:\/\/www.solidarnosc.org.pl\/bbial\/wp-json\/wp\/v2\/comments?post=38384"}],"version-history":[{"count":7,"href":"https:\/\/www.solidarnosc.org.pl\/bbial\/wp-json\/wp\/v2\/pages\/38384\/revisions"}],"predecessor-version":[{"id":41823,"href":"https:\/\/www.solidarnosc.org.pl\/bbial\/wp-json\/wp\/v2\/pages\/38384\/revisions\/41823"}],"wp:attachment":[{"href":"https:\/\/www.solidarnosc.org.pl\/bbial\/wp-json\/wp\/v2\/media?parent=38384"}],"curies":[{"name":"wp","href":"https:\/\/api.w.org\/{rel}","templated":true}]}}