{"id":38382,"date":"2024-12-03T16:15:28","date_gmt":"2024-12-03T14:15:28","guid":{"rendered":"https:\/\/www.solidarnosc.org.pl\/bbial\/?page_id=38382"},"modified":"2024-12-19T11:25:37","modified_gmt":"2024-12-19T09:25:37","slug":"spoleczna-inspekcja-pracy","status":"publish","type":"page","link":"https:\/\/www.solidarnosc.org.pl\/bbial\/spoleczna-inspekcja-pracy\/","title":{"rendered":"SPO\u0141ECZNA INSPEKCJA PRACY"},"content":{"rendered":"\t\t<div data-elementor-type=\"wp-page\" data-elementor-id=\"38382\" class=\"elementor elementor-38382\" data-elementor-post-type=\"page\">\n\t\t\t\t\t\t<section class=\"elementor-section elementor-top-section elementor-element elementor-element-9a5fc80 elementor-section-boxed elementor-section-height-default elementor-section-height-default\" data-id=\"9a5fc80\" data-element_type=\"section\" data-e-type=\"section\">\n\t\t\t\t\t\t<div class=\"elementor-container elementor-column-gap-default\">\n\t\t\t\t\t<div class=\"elementor-column elementor-col-100 elementor-top-column elementor-element elementor-element-4572ae3\" data-id=\"4572ae3\" data-element_type=\"column\" data-e-type=\"column\">\n\t\t\t<div class=\"elementor-widget-wrap elementor-element-populated\">\n\t\t\t\t\t\t<div class=\"elementor-element elementor-element-b54bf5a elementor-widget elementor-widget-text-editor\" data-id=\"b54bf5a\" data-element_type=\"widget\" data-e-type=\"widget\" data-widget_type=\"text-editor.default\">\n\t\t\t\t<div class=\"elementor-widget-container\">\n\t\t\t\t\t\t\t\t\t<h4>Spo\u0142eczna Inspekcja Pracy<\/h4><div class=\"su-divider su-divider-style-default\">\u00a0<\/div><div class=\"swm_column swm_one_half first \"><p><a href=\"http:\/\/www.solidarnosc.org.pl\/bbial\/wp-content\/uploads\/2015\/09\/Spo%C5%82eczna-inspekcja-pracy.pdf\" target=\"_blank\" rel=\"noopener\">Ustawa o spo\u0142ecznej inspekcji pracy<\/a><\/p><p><a href=\"http:\/\/www.solidarnosc.org.pl\/bbial\/wp-content\/uploads\/2015\/09\/Pa%C5%84stwowa-inspekcja-pracy.pdf\" target=\"_blank\" rel=\"noopener\">Ustawa o Pa\u0144stwowej Inspekcji Pracy<\/a><\/p><p><a href=\"http:\/\/www.solidarnosc.org.pl\/bbial\/wp-content\/uploads\/2015\/09\/ogolne_przepisy_bhp.pdf\" target=\"_blank\" rel=\"noopener\">Rozporz\u0105dzenie w sprawie og\u00f3lnych przepis\u00f3w bezpiecze\u0144stwa i higieny pracy<\/a><\/p><p><a href=\"http:\/\/www.solidarnosc.org.pl\/bbial\/pdfy\/sip\/poradnik_sip.pdf\" target=\"blank\">Poradnik Spo\u0142ecznego Inspektora Pracy<\/a>\u00a0<\/p><p><a href=\"http:\/\/www.solidarnosc.org.pl\/bbial\/wp-content\/uploads\/2015\/09\/ubezpieczenie-spoleczne-wypadki-przy-pracy.pdf\" target=\"_blank\" rel=\"noopener\">Ustawa z dnia 30 pa\u017adziernika 2002 r. o ubezpieczeniu spo\u0142ecznym z tytu\u0142u wypadk\u00f3w przy pracy i chor\u00f3b zawodowych<\/a><\/p><p><a href=\"http:\/\/www.solidarnosc.org.pl\/bbial\/wp-content\/uploads\/2015\/09\/obwieszczenie-MPiPS-wysokosci-kwot.pdf\" target=\"_blank\" rel=\"noopener\">Obwieszczenie Ministra Pracy i Polityki Spo\u0142ecznej z dnia 26 lutego 2015 r. w sprawie wysoko\u015bci kwot jednorazowych odszkodowa\u0144 z tytu\u0142u wypadku przy pracy lub choroby zawodowej<\/a><\/p><\/div>\t\t\t\t\t\t\t\t<\/div>\n\t\t\t\t<\/div>\n\t\t\t\t\t<\/div>\n\t\t<\/div>\n\t\t\t\t\t<\/div>\n\t\t<\/section>\n\t\t\t\t<\/div>\n\t\t","protected":false},"excerpt":{"rendered":"<p>Spo\u0142eczna Inspekcja Pracy \u00a0 Ustawa o spo\u0142ecznej inspekcji pracy Ustawa o Pa\u0144stwowej Inspekcji Pracy Rozporz\u0105dzenie w sprawie og\u00f3lnych przepis\u00f3w bezpiecze\u0144stwa i higieny pracy Poradnik Spo\u0142ecznego Inspektora Pracy\u00a0 Ustawa z dnia 30 pa\u017adziernika 2002 r. o ubezpieczeniu spo\u0142ecznym z tytu\u0142u wypadk\u00f3w przy pracy i chor\u00f3b zawodowych Obwieszczenie Ministra Pracy i Polityki Spo\u0142ecznej z dnia 26 lutego [&hellip;]<\/p>\n","protected":false},"author":1,"featured_media":0,"parent":0,"menu_order":0,"comment_status":"closed","ping_status":"closed","template":"","meta":{"footnotes":""},"class_list":["post-38382","page","type-page","status-publish","hentry"],"_links":{"self":[{"href":"https:\/\/www.solidarnosc.org.pl\/bbial\/wp-json\/wp\/v2\/pages\/38382","targetHints":{"allow":["GET"]}}],"collection":[{"href":"https:\/\/www.solidarnosc.org.pl\/bbial\/wp-json\/wp\/v2\/pages"}],"about":[{"href":"https:\/\/www.solidarnosc.org.pl\/bbial\/wp-json\/wp\/v2\/types\/page"}],"author":[{"embeddable":true,"href":"https:\/\/www.solidarnosc.org.pl\/bbial\/wp-json\/wp\/v2\/users\/1"}],"replies":[{"embeddable":true,"href":"https:\/\/www.solidarnosc.org.pl\/bbial\/wp-json\/wp\/v2\/comments?post=38382"}],"version-history":[{"count":7,"href":"https:\/\/www.solidarnosc.org.pl\/bbial\/wp-json\/wp\/v2\/pages\/38382\/revisions"}],"predecessor-version":[{"id":41820,"href":"https:\/\/www.solidarnosc.org.pl\/bbial\/wp-json\/wp\/v2\/pages\/38382\/revisions\/41820"}],"wp:attachment":[{"href":"https:\/\/www.solidarnosc.org.pl\/bbial\/wp-json\/wp\/v2\/media?parent=38382"}],"curies":[{"name":"wp","href":"https:\/\/api.w.org\/{rel}","templated":true}]}}