{"id":38380,"date":"2024-12-03T16:15:22","date_gmt":"2024-12-03T14:15:22","guid":{"rendered":"https:\/\/www.solidarnosc.org.pl\/bbial\/?page_id=38380"},"modified":"2024-12-19T11:25:34","modified_gmt":"2024-12-19T09:25:34","slug":"fundusz-socjalny","status":"publish","type":"page","link":"https:\/\/www.solidarnosc.org.pl\/bbial\/fundusz-socjalny\/","title":{"rendered":"FUNDUSZ SOCJALNY"},"content":{"rendered":"\t\t<div data-elementor-type=\"wp-page\" data-elementor-id=\"38380\" class=\"elementor elementor-38380\" data-elementor-post-type=\"page\">\n\t\t\t\t\t\t<section class=\"elementor-section elementor-top-section elementor-element elementor-element-380e58e elementor-section-boxed elementor-section-height-default elementor-section-height-default\" data-id=\"380e58e\" data-element_type=\"section\" data-e-type=\"section\">\n\t\t\t\t\t\t<div class=\"elementor-container elementor-column-gap-default\">\n\t\t\t\t\t<div class=\"elementor-column elementor-col-100 elementor-top-column elementor-element elementor-element-100683d\" data-id=\"100683d\" data-element_type=\"column\" data-e-type=\"column\">\n\t\t\t<div class=\"elementor-widget-wrap elementor-element-populated\">\n\t\t\t\t\t\t<div class=\"elementor-element elementor-element-c569d66 elementor-widget elementor-widget-text-editor\" data-id=\"c569d66\" data-element_type=\"widget\" data-e-type=\"widget\" data-widget_type=\"text-editor.default\">\n\t\t\t\t<div class=\"elementor-widget-container\">\n\t\t\t\t\t\t\t\t\t<h4>Fundusz socjalny<\/h4><div class=\"su-divider su-divider-style-default\">\u00a0<\/div><div class=\"swm_column swm_one_half first \"><p><a href=\"http:\/\/www.solidarnosc.org.pl\/bbial\/wp-content\/uploads\/2015\/09\/Zak%C5%82adowy-Fundusz-%C5%9Awiadcze%C5%84-Socjalnych.pdf\" target=\"_blank\" rel=\"noopener\">Ustawa o zak\u0142adowym funduszu \u015bwiadcze\u0144 socjalnych<\/a><\/p><p><a href=\"http:\/\/www.solidarnosc.org.pl\/bbial\/wp-content\/uploads\/2015\/09\/sposobu-ustalnia-liczby-osob-ZFSS.pdf\" target=\"_blank\" rel=\"noopener\">Rozporz\u0105dzenie ws. sposobu ustalania przeci\u0119tnej liczby zatrudnionych w celu naliczania odpisu na zak\u0142adowy fundusz \u015bwiadcze\u0144 socjalnych<\/a><\/p><p><a href=\"http:\/\/www.solidarnosc.org.pl\/bbial\/wp-content\/uploads\/2015\/09\/podatek-dochodowy-od-os-fizycznych.pdf\" target=\"_blank\" rel=\"noopener\">Ustawa o podatku dochodowym od os\u00f3b fizycznych<\/a><\/p><p><a href=\"http:\/\/www.solidarnosc.org.pl\/bbial\/wp-content\/uploads\/2015\/09\/pracownicze-kasy.pdf\" target=\"_blank\" rel=\"noopener\">Rozporz\u0105dzenie w sprawie pracowniczych kas zapomogowo-po\u017cyczkowych oraz sp\u00f3\u0142dzielczych kas\u00a0 oszcz\u0119dno\u015bciowo-kredytowych w zak\u0142adach pracy<\/a>\u00a0<\/p><\/div>\t\t\t\t\t\t\t\t<\/div>\n\t\t\t\t<\/div>\n\t\t\t\t\t<\/div>\n\t\t<\/div>\n\t\t\t\t\t<\/div>\n\t\t<\/section>\n\t\t\t\t<\/div>\n\t\t","protected":false},"excerpt":{"rendered":"<p>Fundusz socjalny \u00a0 Ustawa o zak\u0142adowym funduszu \u015bwiadcze\u0144 socjalnych Rozporz\u0105dzenie ws. sposobu ustalania przeci\u0119tnej liczby zatrudnionych w celu naliczania odpisu na zak\u0142adowy fundusz \u015bwiadcze\u0144 socjalnych Ustawa o podatku dochodowym od os\u00f3b fizycznych Rozporz\u0105dzenie w sprawie pracowniczych kas zapomogowo-po\u017cyczkowych oraz sp\u00f3\u0142dzielczych kas\u00a0 oszcz\u0119dno\u015bciowo-kredytowych w zak\u0142adach pracy\u00a0<\/p>\n","protected":false},"author":1,"featured_media":0,"parent":0,"menu_order":0,"comment_status":"closed","ping_status":"closed","template":"","meta":{"footnotes":""},"class_list":["post-38380","page","type-page","status-publish","hentry"],"_links":{"self":[{"href":"https:\/\/www.solidarnosc.org.pl\/bbial\/wp-json\/wp\/v2\/pages\/38380","targetHints":{"allow":["GET"]}}],"collection":[{"href":"https:\/\/www.solidarnosc.org.pl\/bbial\/wp-json\/wp\/v2\/pages"}],"about":[{"href":"https:\/\/www.solidarnosc.org.pl\/bbial\/wp-json\/wp\/v2\/types\/page"}],"author":[{"embeddable":true,"href":"https:\/\/www.solidarnosc.org.pl\/bbial\/wp-json\/wp\/v2\/users\/1"}],"replies":[{"embeddable":true,"href":"https:\/\/www.solidarnosc.org.pl\/bbial\/wp-json\/wp\/v2\/comments?post=38380"}],"version-history":[{"count":7,"href":"https:\/\/www.solidarnosc.org.pl\/bbial\/wp-json\/wp\/v2\/pages\/38380\/revisions"}],"predecessor-version":[{"id":41817,"href":"https:\/\/www.solidarnosc.org.pl\/bbial\/wp-json\/wp\/v2\/pages\/38380\/revisions\/41817"}],"wp:attachment":[{"href":"https:\/\/www.solidarnosc.org.pl\/bbial\/wp-json\/wp\/v2\/media?parent=38380"}],"curies":[{"name":"wp","href":"https:\/\/api.w.org\/{rel}","templated":true}]}}