{"id":38378,"date":"2024-12-03T16:14:58","date_gmt":"2024-12-03T14:14:58","guid":{"rendered":"https:\/\/www.solidarnosc.org.pl\/bbial\/?page_id=38378"},"modified":"2024-12-19T11:25:31","modified_gmt":"2024-12-19T09:25:31","slug":"wynagrodzenia","status":"publish","type":"page","link":"https:\/\/www.solidarnosc.org.pl\/bbial\/wynagrodzenia\/","title":{"rendered":"WYNAGRODZENIA"},"content":{"rendered":"\t\t<div data-elementor-type=\"wp-page\" data-elementor-id=\"38378\" class=\"elementor elementor-38378\" data-elementor-post-type=\"page\">\n\t\t\t\t\t\t<section class=\"elementor-section elementor-top-section elementor-element elementor-element-a9b56d6 elementor-section-boxed elementor-section-height-default elementor-section-height-default\" data-id=\"a9b56d6\" data-element_type=\"section\" data-e-type=\"section\">\n\t\t\t\t\t\t<div class=\"elementor-container elementor-column-gap-default\">\n\t\t\t\t\t<div class=\"elementor-column elementor-col-100 elementor-top-column elementor-element elementor-element-c4c2a83\" data-id=\"c4c2a83\" data-element_type=\"column\" data-e-type=\"column\">\n\t\t\t<div class=\"elementor-widget-wrap elementor-element-populated\">\n\t\t\t\t\t\t<div class=\"elementor-element elementor-element-1dd57b0 elementor-widget elementor-widget-text-editor\" data-id=\"1dd57b0\" data-element_type=\"widget\" data-e-type=\"widget\" data-widget_type=\"text-editor.default\">\n\t\t\t\t<div class=\"elementor-widget-container\">\n\t\t\t\t\t\t\t\t\t<h4>Wynagrodzenia<\/h4><div class=\"su-divider su-divider-style-default\">\u00a0<\/div><div class=\"swm_column swm_one_half first \"><p><a href=\"http:\/\/www.solidarnosc.org.pl\/bbial\/wp-content\/uploads\/2015\/09\/minimalne-wynagrodzenie.pdf\" target=\"_blank\" rel=\"noopener\">Ustawa o minimalnym wynagrodzeniu za prac\u0119<\/a><\/p><p><a href=\"http:\/\/www.solidarnosc.org.pl\/bbial\/wp-content\/uploads\/2015\/09\/rozporzadzenie-o-minimalnym-na-2015.pdf\" target=\"_blank\" rel=\"noopener\">Wynagrodzenie minimalne na 2015 r.<\/a><\/p><p><a href=\"http:\/\/www.solidarnosc.org.pl\/bbial\/wp-content\/uploads\/2015\/09\/rozporzadzenie-o-minimalnym-2016-r.pdf\" target=\"_blank\" rel=\"noopener\">Wynagrodzenie minimalne na 2016 r.<\/a><\/p><p><a href=\"http:\/\/prawo.sejm.gov.pl\/isap.nsf\/download.xsp\/WDU20180001794\/O\/D20181794.pdf\" target=\"_blank\" rel=\"noopener\">Wynagrodzenie minimalne na 2019 r.<\/a><\/p><p><a href=\"http:\/\/www.solidarnosc.org.pl\/bbial\/wp-content\/uploads\/2015\/09\/D2019000177801.pdf\">Wynagrodzenie minimalne na 2020 r.<\/a><\/p><p><a href=\"http:\/\/www.solidarnosc.org.pl\/bbial\/wp-content\/uploads\/2015\/09\/dodatkowe-wynagrodzenie-roczne-pracownikow-jednostek-budzetowych.pdf\" target=\"_blank\" rel=\"noopener\">Ustawa o dodatkowym wynagrodzeniu rocznym dla pracownik\u00f3w jednostek sfery bud\u017cetowej<\/a><\/p><p><a href=\"http:\/\/www.solidarnosc.org.pl\/bbial\/wp-content\/uploads\/2015\/09\/ochrona-roszcze%C5%84-pracowniczych-w-spr-niewyp%C5%82acalnosci-pracodawcy.pdf\" target=\"_blank\" rel=\"noopener\">Ustawa o ochronie roszcze\u0144 pracowniczych w razie niewyp\u0142acalno\u015bci pracodawcy<\/a><\/p><\/div>\t\t\t\t\t\t\t\t<\/div>\n\t\t\t\t<\/div>\n\t\t\t\t\t<\/div>\n\t\t<\/div>\n\t\t\t\t\t<\/div>\n\t\t<\/section>\n\t\t\t\t<\/div>\n\t\t","protected":false},"excerpt":{"rendered":"<p>Wynagrodzenia \u00a0 Ustawa o minimalnym wynagrodzeniu za prac\u0119 Wynagrodzenie minimalne na 2015 r. Wynagrodzenie minimalne na 2016 r. Wynagrodzenie minimalne na 2019 r. Wynagrodzenie minimalne na 2020 r. Ustawa o dodatkowym wynagrodzeniu rocznym dla pracownik\u00f3w jednostek sfery bud\u017cetowej Ustawa o ochronie roszcze\u0144 pracowniczych w razie niewyp\u0142acalno\u015bci pracodawcy<\/p>\n","protected":false},"author":1,"featured_media":0,"parent":0,"menu_order":0,"comment_status":"closed","ping_status":"closed","template":"","meta":{"footnotes":""},"class_list":["post-38378","page","type-page","status-publish","hentry"],"_links":{"self":[{"href":"https:\/\/www.solidarnosc.org.pl\/bbial\/wp-json\/wp\/v2\/pages\/38378","targetHints":{"allow":["GET"]}}],"collection":[{"href":"https:\/\/www.solidarnosc.org.pl\/bbial\/wp-json\/wp\/v2\/pages"}],"about":[{"href":"https:\/\/www.solidarnosc.org.pl\/bbial\/wp-json\/wp\/v2\/types\/page"}],"author":[{"embeddable":true,"href":"https:\/\/www.solidarnosc.org.pl\/bbial\/wp-json\/wp\/v2\/users\/1"}],"replies":[{"embeddable":true,"href":"https:\/\/www.solidarnosc.org.pl\/bbial\/wp-json\/wp\/v2\/comments?post=38378"}],"version-history":[{"count":7,"href":"https:\/\/www.solidarnosc.org.pl\/bbial\/wp-json\/wp\/v2\/pages\/38378\/revisions"}],"predecessor-version":[{"id":41814,"href":"https:\/\/www.solidarnosc.org.pl\/bbial\/wp-json\/wp\/v2\/pages\/38378\/revisions\/41814"}],"wp:attachment":[{"href":"https:\/\/www.solidarnosc.org.pl\/bbial\/wp-json\/wp\/v2\/media?parent=38378"}],"curies":[{"name":"wp","href":"https:\/\/api.w.org\/{rel}","templated":true}]}}