{"id":38372,"date":"2024-12-03T16:14:33","date_gmt":"2024-12-03T14:14:33","guid":{"rendered":"https:\/\/www.solidarnosc.org.pl\/bbial\/?page_id=38372"},"modified":"2026-03-12T11:28:54","modified_gmt":"2026-03-12T09:28:54","slug":"do-pobrania","status":"publish","type":"page","link":"https:\/\/www.solidarnosc.org.pl\/bbial\/do-pobrania\/","title":{"rendered":"DO POBRANIA, WNIOSKI"},"content":{"rendered":"\t\t<div data-elementor-type=\"wp-page\" data-elementor-id=\"38372\" class=\"elementor elementor-38372\" data-elementor-post-type=\"page\">\n\t\t\t\t\t\t<section class=\"elementor-section elementor-top-section elementor-element elementor-element-31231a4 elementor-section-boxed elementor-section-height-default elementor-section-height-default\" data-id=\"31231a4\" data-element_type=\"section\" data-e-type=\"section\">\n\t\t\t\t\t\t<div class=\"elementor-container elementor-column-gap-default\">\n\t\t\t\t\t<div class=\"elementor-column elementor-col-100 elementor-top-column elementor-element elementor-element-28e4d3e\" data-id=\"28e4d3e\" data-element_type=\"column\" data-e-type=\"column\">\n\t\t\t<div class=\"elementor-widget-wrap elementor-element-populated\">\n\t\t\t\t\t\t<div class=\"elementor-element elementor-element-b9988b3 elementor-widget elementor-widget-text-editor\" data-id=\"b9988b3\" data-element_type=\"widget\" data-e-type=\"widget\" data-widget_type=\"text-editor.default\">\n\t\t\t\t<div class=\"elementor-widget-container\">\n\t\t\t\t\t\t\t\t\t<p><strong>1)\u00a0Deklaracja cz\u0142onkowska \/ Klauzula do deklaracji<br \/><\/strong><strong><a href=\"http:\/\/www.solidarnosc.org.pl\/bbial\/wp-content\/uploads\/2018\/12\/deklaracja_czlonkowska_20182.pdf\" target=\"_blank\" rel=\"noopener noreferrer\">PDF\u00a0<\/a>|\u00a0<\/strong><strong><a href=\"http:\/\/www.solidarnosc.org.pl\/bbial\/wp-content\/uploads\/2019\/11\/DEKLARACJA-CZ%C5%81ONKOWSK11.doc\" target=\"_blank\" rel=\"noopener noreferrer\">DOC<\/a><\/strong><\/p><p><strong>2)\u00a0<\/strong>Wniosek o wydanie legitymacji elektronicznej<strong>\u00a0<a href=\"http:\/\/www.solidarnosc.org.pl\/bbial\/wp-content\/uploads\/2021\/08\/Wniosek-o-wydanie-legitymacji-elektronicznej_05_08_2021.pdf\" target=\"blank\" rel=\"noopener noreferrer\">PDF\u00a0<\/a>|\u00a0<\/strong><a href=\"http:\/\/www.solidarnosc.org.pl\/bbial\/wp-content\/uploads\/2021\/08\/Wniosek-o-wydanie-legitymacji-elektronicznej_05_08_2021.doc\"><strong>DOC<\/strong><\/a><\/p><p><strong>3)\u00a0<\/strong>Karta\u00a0<strong>LOTOS<\/strong><\/p><p><strong><a href=\"http:\/\/www.solidarnosc.org.pl\/bbial\/wp-content\/uploads\/2022\/07\/Wniosek-na-kart%C4%99-LOTOS_korekta.pdf\" target=\"blank\" rel=\"noopener noreferrer\">Wniosek o wydanie karty LOTOS (POBIERZ)<\/a><br \/><a href=\"http:\/\/www.solidarnosc.org.pl\/bbial\/wp-content\/uploads\/2022\/07\/Tabela-do-karty-LOTOS_1.xls\">Tabela zbiorcza do kart LOTOS (POBIERZ)<\/a><br \/><\/strong><em><strong>Tabel\u0119 prosz\u0119 wys\u0142a\u0107 na adres: pgolab5@wp.pl<\/strong><\/em><\/p><p><strong>4) Karta informacyjna organizacji zwi\u0105zkowej NSZZ \u201eSolidarno\u015b\u0107\u201d<\/strong><br \/><a href=\"http:\/\/www.solidarnosc.org.pl\/bbial\/wp-content\/uploads\/2019\/01\/Karta-informacyjna-organizacji-zak%C5%82adowej.xls\">XLS\u00a0<\/a>|\u00a0<a href=\"http:\/\/www.solidarnosc.org.pl\/bbial\/wp-content\/uploads\/2019\/01\/Karta-informacyjna-organizacji-zak%C5%82adowej.pdf\" target=\"blank\" rel=\"noopener noreferrer\">PDF<\/a><\/p><p><strong>5)\u00a0<a href=\"http:\/\/www.solidarnosc.org.pl\/bbial\/dok\/oddelegowanie.pdf\" target=\"blank\" rel=\"noopener noreferrer\">Oddelegowanie \u00bb<\/a><\/strong><\/p><p><strong>6) Zg\u0142oszenie na szkolenie<\/strong><br \/><a href=\"http:\/\/www.solidarnosc.org.pl\/bbial\/dok\/szkol\/zglosz.rtf\">RTF\u00a0<\/a>|\u00a0<a href=\"http:\/\/www.solidarnosc.org.pl\/bbial\/pdfy\/zglosz.pdf\" target=\"blank\" rel=\"noopener noreferrer\">PDF<\/a><\/p><p><b>7) Dokumenty do za\u0142o\u017cenia nowej organizacji zwi\u0105zkowej:<\/b><br \/><a href=\"https:\/\/www.solidarnosc.org.pl\/bbial\/wp-content\/uploads\/2025\/11\/etap_1_korekta.pdf\" target=\"_blank\" rel=\"noopener noreferrer\">Etap 1 \u2013 Lista os\u00f3b \u00bb<\/a><br \/><a href=\"https:\/\/www.solidarnosc.org.pl\/bbial\/wp-content\/uploads\/2025\/11\/etap_2_korekta.pdf\" target=\"_blank\" rel=\"noopener noreferrer\">Etap 2 \u2013 Uchwa\u0142a ws. za\u0142o\u017cenia organizacji zwi\u0105zkowej \u00bb<\/a><br \/><a href=\"http:\/\/www.solidarnosc.org.pl\/bbial\/dok\/nowe_org\/etap_3.pdf\" target=\"blank\" rel=\"noopener noreferrer\">Etap 3 \u2013 Wniosek o zarejestrowanie organizacji zwi\u0105zkowej w Regionie Podbeskidzie \u00bb<\/a>\u00a0,<br \/>\u2013\u00a0<a href=\"https:\/\/www.solidarnosc.org.pl\/bbial\/wp-content\/uploads\/2025\/11\/skladki_wniosek-2_11.pdf\">Wniosek ws. przekazywania sk\u0142adki zwi\u0105zkowej na rachunki bankowe\u00a0 \u00bb<\/a><\/p><p><strong>8)\u00a0<a href=\"http:\/\/www.solidarnosc.org.pl\/bbial\/wp-content\/uploads\/2019\/09\/SKARB_SKARBNIKA_ze_znakami_tysola_i_nbp.pdf\" target=\"blank\" rel=\"noopener\">Zwi\u0105zkowy poradnik finansowy \u201eSkarb skarbnika\u201d \u00bb<\/a><\/strong><\/p><p><b>9) Dokumenty do Urz\u0119du Skarbowego o nadanie NIP:<\/b><br \/><a href=\"http:\/\/www.solidarnosc.org.pl\/bbial\/wp-content\/uploads\/2023\/11\/nip_2-15-09-15-1.pdf\">Zg\u0142oszenie identyfikacyjne NIP-2 \u00bb<\/a><br \/><a href=\"http:\/\/www.solidarnosc.org.pl\/bbial\/dok\/porozumienie_adres.pdf\" target=\"blank\" rel=\"noopener noreferrer\">Porozumienie dotycz\u0105ce korzystania z adresu \u00bb<\/a><\/p><p><b>10) Dokumenty do G\u0142\u00f3wnego Urz\u0119du Statystycznego:<\/b><br \/><a href=\"http:\/\/www.solidarnosc.org.pl\/bbial\/wp-content\/uploads\/2018\/07\/rg-op-wniosek-o-wpis-do-krajowego-rejestru-urzedowego-podmiotow-gospodarki-narodowej-o-zmiane-cech-objetych-1537.pdf\">Wniosek o nadanie REGON-u \u00bb<\/a><\/p><p><strong>11)\u00a0<a href=\"http:\/\/www.solidarnosc.org.pl\/bbial\/dok\/swiadczenia.doc\">Wnioski statutowe \u00bb<\/a><\/strong><\/p><p><strong>12)<\/strong>\u00a0<a href=\"http:\/\/www.solidarnosc.org.pl\/bbial\/wp-content\/uploads\/2020\/06\/Wniosek-o-udzielenie-pomocy-ze-%C5%9Brodk%C3%B3w-Reg.-Funduszu-Strajkowego.pdf\" target=\"_blank\" rel=\"noopener noreferrer\">Wniosek o udzielenie pomocy ze \u015brodk\u00f3w Regionalnego Funduszu Strajkowego NSZZ \u201eSolidarno\u015b\u0107\u201d Regionu Podbeskidzie \u00bb<\/a><\/p><p><b>13) Dokumenty do Urz\u0119du Skarbowego<\/b><\/p><p><strong>BILANS dla jednostek mikro<\/strong><br \/><a href=\"https:\/\/www.solidarnosc.org.pl\/bbial\/wp-content\/uploads\/2025\/03\/bilans-dla-jednostki-mikro-11.pdf\" target=\"blank\" rel=\"noopener noreferrer\">http:\/\/www.druki.gofin.pl\/bilans-dla-jednostek-mikro,wzor,999,135.html \u00bb<\/a><\/p><p><strong>Rachunek zysk\u00f3w i strat<\/strong><br \/><a href=\"https:\/\/www.solidarnosc.org.pl\/bbial\/wp-content\/uploads\/2025\/03\/rachunek-zyskow-i-strat-dla-jednostki-mikro-4.pdf\" target=\"blank\" rel=\"noopener noreferrer\">https:\/\/druki.gofin.pl\/podglad\/dzial\/43\/druk\/844\/wersja\/1229 \u00bb<\/a><\/p><p><a href=\"https:\/\/www.solidarnosc.org.pl\/bbial\/wp-content\/uploads\/2026\/03\/CIT-83412-2.pdf\" target=\"blank\" rel=\"noopener noreferrer\"><strong>CIT-8\u00a0<\/strong>\u00bb<\/a><\/p><p><a href=\"https:\/\/www.solidarnosc.org.pl\/bbial\/wp-content\/uploads\/2026\/03\/CIT-8O2007.pdf\" target=\"blank\" rel=\"noopener noreferrer\"><strong>CIT-8\/0\u00a0<\/strong>\u00bb<\/a><\/p><p><strong>INFORMACJE UZUPE\u0141NIAJ\u0104CE DO BILANSU<\/strong><\/p><ol><li><a href=\"http:\/\/www.druki.gofin.pl\/informacje-uzupelniajace-do-bilansu-sporzadzanego-przez,wzor,930,125.html\" target=\"blank\" rel=\"noopener noreferrer\">http:\/\/www.druki.gofin.pl\/informacje-uzupelniajace-do-bilansu-sporzadzanego-przez,wzor,930,125.html \u00bb<\/a><\/li><li><strong><a href=\"http:\/\/www.solidarnosc.org.pl\/bbial\/wp-content\/uploads\/2022\/02\/Przyk%C5%82ad-Informacje-og%C3%B3lne-i-uzupe%C5%82niaj%C4%85ce-do-bilansu.doc\">Przyk\u0142ad \u00bb<\/a><br \/><\/strong><\/li><\/ol><p><strong>14)\u00a0 Sprawozdawczo\u015b\u0107 zwi\u0105zkowa<\/strong><\/p><p><strong>Przypominamy zak\u0142adowym organizacjom zwi\u0105zkowym o obowi\u0105zku powiadamiania pracodawcy o liczbie swoich cz\u0142onk\u00f3w. Termin up\u0142ywa 10 stycznia. R\u00f3wnocze\u015bnie przypominamy, \u017ce w tym samym terminie nale\u017cy dostarczy\u0107 do Zarz\u0105du Regionu \u2013 jak co roku \u2013 karty informacyjne zak\u0142adowych organizacji zwi\u0105zkowych (karta do pobrania w formatach:\u00a0<a href=\"http:\/\/www.solidarnosc.org.pl\/bbial\/wp-content\/uploads\/2020\/01\/Karta-informacyjna-organizacji-zak%C5%82adowej.pdf\" target=\"_blank\" rel=\"noopener noreferrer\">pdf \u00bb<\/a>,\u00a0<a href=\"http:\/\/www.solidarnosc.org.pl\/bbial\/wp-content\/uploads\/2020\/01\/Karta-informacyjna-organizacji-zak%C5%82adowej.xls\" target=\"_blank\" rel=\"noopener noreferrer\">xls \u00bb<\/a>).<br \/>Karty informacyjne prosimy sk\u0142ada\u0107 u pani Agaty Krawczyk.<br \/><\/strong><span id=\"more-2281\"><\/span><\/p><p>Zgodnie z przepisami znowelizowanej ustawy o zwi\u0105zkach zawodowych pocz\u0105wszy od 2019 r. informacja o liczbie cz\u0142onk\u00f3w organizacji zwi\u0105zkowych musi by\u0107 przedstawiana co sze\u015b\u0107 miesi\u0119cy (a nie jak to mia\u0142o miejsce dotychczas \u2013 co kwarta\u0142).\u00a0<strong>W\u0142adze zwi\u0105zku powinny przygotowa\u0107 t\u0119 informacj\u0119 wed\u0142ug stanu na dzie\u0144 30 czerwca i 31 grudnia, w terminie odpowiednio: do 10 lipca i 10 stycznia.<\/strong><\/p><p>Organizacja, kt\u00f3ra zostanie utworzona w trakcie roku, pierwsz\u0105 informacj\u0119 o liczbie cz\u0142onk\u00f3w b\u0119dzie przedk\u0142ada\u0142a pracodawcy w terminie dw\u00f3ch miesi\u0119cy od dnia powstania. Nie b\u0119dzie jej to jednak zwalnia\u0107 z obowi\u0105zku z\u0142o\u017cenia informacji p\u00f3\u0142rocznej.<\/p><p>Organizacji, kt\u00f3ra nie wype\u0142ni powy\u017cszych obowi\u0105zk\u00f3w w terminie, nie b\u0119d\u0105 przys\u0142ugiwa\u0142y uprawnienia zak\u0142adowej organizacji zwi\u0105zkowej do czasu wykonania tych obowi\u0105zk\u00f3w.<\/p><p>Wa\u017cne jest te\u017c to, \u017ce liczba cz\u0142onk\u00f3w zwi\u0105zku wskazana w informacji p\u00f3\u0142rocznej b\u0119dzie decydowa\u0142a o ustalaniu uprawnie\u0144 organizacji zwi\u0105zkowej. Ewentualne zmiany stanu liczbowego zwi\u0105zku, kt\u00f3re nast\u0105pi\u0105 w ci\u0105gu sze\u015bciomiesi\u0119cznego okresu sprawozdawczego, pozostan\u0105 bez wp\u0142ywu na te uprawnienia.<\/p><p><strong>Tekst znowelizowanej Ustawy o zwi\u0105zkach zawodowych znale\u017a\u0107 mo\u017cna\u00a0<a href=\"http:\/\/www.solidarnosc.org.pl\/bbial\/wp-content\/uploads\/2018\/12\/Ustawa-o-zz.pdf\" target=\"_blank\" rel=\"noopener noreferrer\">TUTAJ<\/a>. O opisanym wy\u017cej obowi\u0105zku informowania pracodawcy traktuje art. 25\u00b9. 2.<\/strong><\/p>\t\t\t\t\t\t\t\t<\/div>\n\t\t\t\t<\/div>\n\t\t\t\t\t<\/div>\n\t\t<\/div>\n\t\t\t\t\t<\/div>\n\t\t<\/section>\n\t\t\t\t<\/div>\n\t\t","protected":false},"excerpt":{"rendered":"<p>1)\u00a0Deklaracja cz\u0142onkowska \/ Klauzula do deklaracjiPDF\u00a0|\u00a0DOC 2)\u00a0Wniosek o wydanie legitymacji elektronicznej\u00a0PDF\u00a0|\u00a0DOC 3)\u00a0Karta\u00a0LOTOS Wniosek o wydanie karty LOTOS (POBIERZ)Tabela zbiorcza do kart LOTOS (POBIERZ)Tabel\u0119 prosz\u0119 wys\u0142a\u0107 na adres: pgolab5@wp.pl 4) Karta informacyjna organizacji zwi\u0105zkowej NSZZ \u201eSolidarno\u015b\u0107\u201dXLS\u00a0|\u00a0PDF 5)\u00a0Oddelegowanie \u00bb 6) Zg\u0142oszenie na szkolenieRTF\u00a0|\u00a0PDF 7) Dokumenty do za\u0142o\u017cenia nowej organizacji zwi\u0105zkowej:Etap 1 \u2013 Lista os\u00f3b \u00bbEtap 2 \u2013 [&hellip;]<\/p>\n","protected":false},"author":1,"featured_media":0,"parent":0,"menu_order":0,"comment_status":"closed","ping_status":"closed","template":"","meta":{"footnotes":""},"class_list":["post-38372","page","type-page","status-publish","hentry"],"_links":{"self":[{"href":"https:\/\/www.solidarnosc.org.pl\/bbial\/wp-json\/wp\/v2\/pages\/38372","targetHints":{"allow":["GET"]}}],"collection":[{"href":"https:\/\/www.solidarnosc.org.pl\/bbial\/wp-json\/wp\/v2\/pages"}],"about":[{"href":"https:\/\/www.solidarnosc.org.pl\/bbial\/wp-json\/wp\/v2\/types\/page"}],"author":[{"embeddable":true,"href":"https:\/\/www.solidarnosc.org.pl\/bbial\/wp-json\/wp\/v2\/users\/1"}],"replies":[{"embeddable":true,"href":"https:\/\/www.solidarnosc.org.pl\/bbial\/wp-json\/wp\/v2\/comments?post=38372"}],"version-history":[{"count":25,"href":"https:\/\/www.solidarnosc.org.pl\/bbial\/wp-json\/wp\/v2\/pages\/38372\/revisions"}],"predecessor-version":[{"id":46407,"href":"https:\/\/www.solidarnosc.org.pl\/bbial\/wp-json\/wp\/v2\/pages\/38372\/revisions\/46407"}],"wp:attachment":[{"href":"https:\/\/www.solidarnosc.org.pl\/bbial\/wp-json\/wp\/v2\/media?parent=38372"}],"curies":[{"name":"wp","href":"https:\/\/api.w.org\/{rel}","templated":true}]}}