{"id":38370,"date":"2024-12-03T16:14:13","date_gmt":"2024-12-03T14:14:13","guid":{"rendered":"https:\/\/www.solidarnosc.org.pl\/bbial\/?page_id=38370"},"modified":"2024-12-19T22:20:11","modified_gmt":"2024-12-19T20:20:11","slug":"przeglad-informacji-pracowniczych","status":"publish","type":"page","link":"https:\/\/www.solidarnosc.org.pl\/bbial\/przeglad-informacji-pracowniczych\/","title":{"rendered":"Przegl\u0105d Informacji Pracowniczych \u2013 archiwum"},"content":{"rendered":"\t\t<div data-elementor-type=\"wp-page\" data-elementor-id=\"38370\" class=\"elementor elementor-38370\" data-elementor-post-type=\"page\">\n\t\t\t\t\t\t<section class=\"elementor-section elementor-top-section elementor-element elementor-element-d8bed2d elementor-section-boxed elementor-section-height-default elementor-section-height-default\" data-id=\"d8bed2d\" data-element_type=\"section\" data-e-type=\"section\">\n\t\t\t\t\t\t<div class=\"elementor-container elementor-column-gap-default\">\n\t\t\t\t\t<div class=\"elementor-column elementor-col-100 elementor-top-column elementor-element elementor-element-e5fa386\" data-id=\"e5fa386\" data-element_type=\"column\" data-e-type=\"column\">\n\t\t\t<div class=\"elementor-widget-wrap elementor-element-populated\">\n\t\t\t\t\t\t<div class=\"elementor-element elementor-element-da62f4d elementor-widget elementor-widget-heading\" data-id=\"da62f4d\" data-element_type=\"widget\" data-e-type=\"widget\" data-widget_type=\"heading.default\">\n\t\t\t\t<div class=\"elementor-widget-container\">\n\t\t\t\t\t<h4 class=\"elementor-heading-title elementor-size-default\">Edycja biuletynu zamkni\u0119ta<\/h4>\t\t\t\t<\/div>\n\t\t\t\t<\/div>\n\t\t\t\t<section class=\"elementor-section elementor-inner-section elementor-element elementor-element-5b78d24 elementor-section-boxed elementor-section-height-default elementor-section-height-default\" data-id=\"5b78d24\" data-element_type=\"section\" data-e-type=\"section\">\n\t\t\t\t\t\t<div class=\"elementor-container elementor-column-gap-default\">\n\t\t\t\t\t<div class=\"elementor-column elementor-col-33 elementor-inner-column elementor-element elementor-element-ac392e4\" data-id=\"ac392e4\" data-element_type=\"column\" data-e-type=\"column\">\n\t\t\t<div class=\"elementor-widget-wrap elementor-element-populated\">\n\t\t\t\t\t\t<div class=\"elementor-element elementor-element-8545287 elementor-widget elementor-widget-text-editor\" data-id=\"8545287\" data-element_type=\"widget\" data-e-type=\"widget\" data-widget_type=\"text-editor.default\">\n\t\t\t\t<div class=\"elementor-widget-container\">\n\t\t\t\t\t\t\t\t\t<p><strong>2017<\/strong><\/p><ul><li><a href=\"http:\/\/www.solidarnosc.org.pl\/bbial\/wp-content\/uploads\/2017\/07\/PIP-07_17.pdf\" target=\"_blank\" rel=\"noopener\">LIPIEC 2017 | Numer 211<\/a><\/li><li><a href=\"http:\/\/www.solidarnosc.org.pl\/bbial\/wp-content\/uploads\/2017\/05\/PIP-05_17.pdf\" target=\"_blank\" rel=\"noopener\">MAJ 2017\u00a0 | Numer 210<\/a><\/li><li><a href=\"http:\/\/www.solidarnosc.org.pl\/bbial\/wp-content\/uploads\/2017\/05\/PIP-04_17.pdf\" target=\"_blank\" rel=\"noopener\">KWIECIE\u0143 2107 | Numer 209<\/a><\/li><li><a href=\"http:\/\/www.solidarnosc.org.pl\/bbial\/wp-content\/uploads\/2017\/04\/PIP-03_17.pdf\" target=\"_blank\" rel=\"noopener\">MARZEC 2017 | Numer 208<\/a><\/li><li><a href=\"http:\/\/www.solidarnosc.org.pl\/bbial\/wp-content\/uploads\/2017\/04\/PIP-02_17.pdf\" target=\"_blank\" rel=\"noopener\">LUTY 2017 | Numer 207<\/a><\/li><li><a href=\"http:\/\/www.solidarnosc.org.pl\/bbial\/wp-content\/uploads\/2017\/01\/PIP-01_17.pdf\" target=\"_blank\" rel=\"noopener\">STYCZE\u0143 2017 | Numer 206<\/a><\/li><\/ul>\t\t\t\t\t\t\t\t<\/div>\n\t\t\t\t<\/div>\n\t\t\t\t\t<\/div>\n\t\t<\/div>\n\t\t\t\t<div class=\"elementor-column elementor-col-33 elementor-inner-column elementor-element elementor-element-20e1ab3\" data-id=\"20e1ab3\" data-element_type=\"column\" data-e-type=\"column\">\n\t\t\t<div class=\"elementor-widget-wrap elementor-element-populated\">\n\t\t\t\t\t\t<div class=\"elementor-element elementor-element-bc791d1 elementor-widget elementor-widget-text-editor\" data-id=\"bc791d1\" data-element_type=\"widget\" data-e-type=\"widget\" data-widget_type=\"text-editor.default\">\n\t\t\t\t<div class=\"elementor-widget-container\">\n\t\t\t\t\t\t\t\t\t<p><strong>2016<\/strong><\/p><ul><li><a href=\"http:\/\/www.solidarnosc.org.pl\/bbial\/wp-content\/uploads\/2017\/01\/PIP-11_16.pdf\" target=\"_blank\" rel=\"noopener\">LISTOPAD 2016 | Numer 205<\/a><\/li><li><a href=\"http:\/\/www.solidarnosc.org.pl\/bbial\/wp-content\/uploads\/2016\/10\/PIP_10.16.pdf\" target=\"_blank\" rel=\"noopener\">PA\u0179DZIERNIK 2016 | Numer 204<\/a><\/li><li><a href=\"http:\/\/www.solidarnosc.org.pl\/bbial\/wp-content\/uploads\/2016\/09\/PIP_09-16.pdf\" target=\"_blank\" rel=\"noopener\">WRZESIE\u0143 2016 | Numer 203<\/a><\/li><li><a href=\"http:\/\/www.solidarnosc.org.pl\/bbial\/wp-content\/uploads\/2016\/09\/PIP_05.16.pdf\" target=\"_blank\" rel=\"noopener\">MAJ 2016\u00a0| Numer 202<\/a><\/li><li><a href=\"http:\/\/www.solidarnosc.org.pl\/bbial\/wp-content\/uploads\/2016\/04\/PIP_04.16.pdf\" target=\"_blank\" rel=\"noopener\">KWIECIE\u0143 2016 | Numer 201<\/a><\/li><li><a href=\"http:\/\/www.solidarnosc.org.pl\/bbial\/wp-content\/uploads\/2016\/03\/PIP_03.16.pdf\" target=\"blank\">MARZEC 2016\u00a0| Numer 200<\/a><\/li><li><a href=\"http:\/\/www.solidarnosc.org.pl\/bbial\/wp-content\/uploads\/2016\/09\/PIP_02.16.pdf\" target=\"_blank\" rel=\"noopener\">LUTY 2016\u00a0| Numer 199<\/a><\/li><li><a href=\"http:\/\/www.solidarnosc.org.pl\/bbial\/wp-content\/uploads\/2016\/01\/PIP_01.16.pdf\" target=\"blank\">STYCZE\u0143 2016 | Numer 198<\/a><\/li><\/ul>\t\t\t\t\t\t\t\t<\/div>\n\t\t\t\t<\/div>\n\t\t\t\t\t<\/div>\n\t\t<\/div>\n\t\t\t\t<div class=\"elementor-column elementor-col-33 elementor-inner-column elementor-element elementor-element-adbbc36\" data-id=\"adbbc36\" data-element_type=\"column\" data-e-type=\"column\">\n\t\t\t<div class=\"elementor-widget-wrap elementor-element-populated\">\n\t\t\t\t\t\t<div class=\"elementor-element elementor-element-ae58061 elementor-widget elementor-widget-text-editor\" data-id=\"ae58061\" data-element_type=\"widget\" data-e-type=\"widget\" data-widget_type=\"text-editor.default\">\n\t\t\t\t<div class=\"elementor-widget-container\">\n\t\t\t\t\t\t\t\t\t<p><strong>2015<\/strong><\/p><ul><li><a href=\"http:\/\/www.solidarnosc.org.pl\/bbial\/wp-content\/uploads\/2015\/12\/PIP_12_15.pdf\" target=\"blank\">GRUDZIE\u0143\u00a02015 | Numer 197<\/a><\/li><li><a href=\"http:\/\/www.solidarnosc.org.pl\/bbial\/wp-content\/uploads\/2015\/11\/pip_listopad_2015.pdf\" target=\"blank\">LISTOPAD 2015 | Numer 196<\/a><\/li><li><a href=\"http:\/\/www.solidarnosc.org.pl\/bbial\/wp-content\/uploads\/2016\/01\/PIP_10.15.pdf\" target=\"blank\">PA\u0179DZIERNIK 2015 | Numer 195<\/a><\/li><li><a href=\"http:\/\/www.solidarnosc.org.pl\/bbial\/wp-content\/uploads\/2015\/10\/pip_lipiec_2015.pdf\" target=\"blank\">LIPIEC 2015 | Numer 193<\/a><\/li><li><a href=\"http:\/\/www.solidarnosc.org.pl\/bbial\/wp-content\/uploads\/2015\/10\/pip_maj_2015.pdf\" target=\"blank\">MAJ 2015 | Numer 192<\/a><\/li><li><a href=\"http:\/\/www.solidarnosc.org.pl\/bbial\/wp-content\/uploads\/2015\/10\/pip_kwiecien_2015.pdf\" target=\"_blank\" rel=\"noopener\">KWIECIE\u0143 2015 | Numer 191<\/a><\/li><li><a href=\"http:\/\/www.solidarnosc.org.pl\/bbial\/wp-content\/uploads\/2015\/10\/pip_marzec_2015.pdf\" target=\"blank\">MARZEC 2015 | Numer 190<\/a><\/li><li><a href=\"http:\/\/www.solidarnosc.org.pl\/bbial\/wp-content\/uploads\/2015\/10\/pip_luty_2015.pdf\" target=\"blank\">LUTY 2015 | Numer 189<\/a><\/li><\/ul>\t\t\t\t\t\t\t\t<\/div>\n\t\t\t\t<\/div>\n\t\t\t\t\t<\/div>\n\t\t<\/div>\n\t\t\t\t\t<\/div>\n\t\t<\/section>\n\t\t\t\t\t<\/div>\n\t\t<\/div>\n\t\t\t\t\t<\/div>\n\t\t<\/section>\n\t\t\t\t<\/div>\n\t\t","protected":false},"excerpt":{"rendered":"<p>Edycja biuletynu zamkni\u0119ta 2017 LIPIEC 2017 | Numer 211 MAJ 2017\u00a0 | Numer 210 KWIECIE\u0143 2107 | Numer 209 MARZEC 2017 | Numer 208 LUTY 2017 | Numer 207 STYCZE\u0143 2017 | Numer 206 2016 LISTOPAD 2016 | Numer 205 PA\u0179DZIERNIK 2016 | Numer 204 WRZESIE\u0143 2016 | Numer 203 MAJ 2016\u00a0| Numer 202 KWIECIE\u0143 [&hellip;]<\/p>\n","protected":false},"author":1,"featured_media":0,"parent":0,"menu_order":0,"comment_status":"closed","ping_status":"closed","template":"","meta":{"footnotes":""},"class_list":["post-38370","page","type-page","status-publish","hentry"],"_links":{"self":[{"href":"https:\/\/www.solidarnosc.org.pl\/bbial\/wp-json\/wp\/v2\/pages\/38370","targetHints":{"allow":["GET"]}}],"collection":[{"href":"https:\/\/www.solidarnosc.org.pl\/bbial\/wp-json\/wp\/v2\/pages"}],"about":[{"href":"https:\/\/www.solidarnosc.org.pl\/bbial\/wp-json\/wp\/v2\/types\/page"}],"author":[{"embeddable":true,"href":"https:\/\/www.solidarnosc.org.pl\/bbial\/wp-json\/wp\/v2\/users\/1"}],"replies":[{"embeddable":true,"href":"https:\/\/www.solidarnosc.org.pl\/bbial\/wp-json\/wp\/v2\/comments?post=38370"}],"version-history":[{"count":7,"href":"https:\/\/www.solidarnosc.org.pl\/bbial\/wp-json\/wp\/v2\/pages\/38370\/revisions"}],"predecessor-version":[{"id":38955,"href":"https:\/\/www.solidarnosc.org.pl\/bbial\/wp-json\/wp\/v2\/pages\/38370\/revisions\/38955"}],"wp:attachment":[{"href":"https:\/\/www.solidarnosc.org.pl\/bbial\/wp-json\/wp\/v2\/media?parent=38370"}],"curies":[{"name":"wp","href":"https:\/\/api.w.org\/{rel}","templated":true}]}}