{"id":4918,"date":"2016-03-18T14:29:25","date_gmt":"2016-03-18T14:29:25","guid":{"rendered":"https:\/\/www.solidarnosc.org.pl\/bbial\/archiwumstrony\/?page_id=4918"},"modified":"2016-03-18T14:29:25","modified_gmt":"2016-03-18T14:29:25","slug":"szkolenie-negocjator-doskonaly","status":"publish","type":"page","link":"https:\/\/www.solidarnosc.org.pl\/bbial\/archiwumstrony\/galeria\/szkolenie-negocjator-doskonaly\/","title":{"rendered":"Szkolenie &#8211; &#8222;Negocjator doskona\u0142y&#8221;"},"content":{"rendered":"\n\t\t<style type=\"text\/css\">\n\t\t\t#gallery-1 {\n\t\t\t\tmargin: auto;\n\t\t\t}\n\t\t\t#gallery-1 .gallery-item {\n\t\t\t\tfloat: left;\n\t\t\t\tmargin-top: 10px;\n\t\t\t\ttext-align: center;\n\t\t\t\twidth: 33%;\n\t\t\t}\n\t\t\t#gallery-1 img {\n\t\t\t\tborder: 2px solid #cfcfcf;\n\t\t\t}\n\t\t\t#gallery-1 .gallery-caption {\n\t\t\t\tmargin-left: 0;\n\t\t\t}\n\t\t\t\/* see gallery_shortcode() in wp-includes\/media.php *\/\n\t\t<\/style>\n\t\t<div id='gallery-1' class='gallery galleryid-4918 gallery-columns-3 gallery-size-medium'><dl class='gallery-item'>\n\t\t\t<dt class='gallery-icon landscape'>\n\t\t\t\t<a href='https:\/\/www.solidarnosc.org.pl\/bbial\/archiwumstrony\/wp-content\/uploads\/2016\/03\/mms_20160314_3.jpg'><img width=\"300\" height=\"225\" src=\"https:\/\/www.solidarnosc.org.pl\/bbial\/archiwumstrony\/wp-content\/uploads\/2016\/03\/mms_20160314_3-300x225.jpg\" class=\"attachment-medium size-medium\" alt=\"\" srcset=\"https:\/\/www.solidarnosc.org.pl\/bbial\/archiwumstrony\/wp-content\/uploads\/2016\/03\/mms_20160314_3-300x225.jpg 300w, https:\/\/www.solidarnosc.org.pl\/bbial\/archiwumstrony\/wp-content\/uploads\/2016\/03\/mms_20160314_3.jpg 1024w, https:\/\/www.solidarnosc.org.pl\/bbial\/archiwumstrony\/wp-content\/uploads\/2016\/03\/mms_20160314_3-800x600.jpg 800w, https:\/\/www.solidarnosc.org.pl\/bbial\/archiwumstrony\/wp-content\/uploads\/2016\/03\/mms_20160314_3-456x342.jpg 456w\" sizes=\"(max-width: 300px) 100vw, 300px\" \/><\/a>\n\t\t\t<\/dt><\/dl><dl class='gallery-item'>\n\t\t\t<dt class='gallery-icon landscape'>\n\t\t\t\t<a href='https:\/\/www.solidarnosc.org.pl\/bbial\/archiwumstrony\/wp-content\/uploads\/2016\/03\/mms_20160314_2.jpg'><img width=\"300\" height=\"225\" src=\"https:\/\/www.solidarnosc.org.pl\/bbial\/archiwumstrony\/wp-content\/uploads\/2016\/03\/mms_20160314_2-300x225.jpg\" class=\"attachment-medium size-medium\" alt=\"\" srcset=\"https:\/\/www.solidarnosc.org.pl\/bbial\/archiwumstrony\/wp-content\/uploads\/2016\/03\/mms_20160314_2-300x225.jpg 300w, https:\/\/www.solidarnosc.org.pl\/bbial\/archiwumstrony\/wp-content\/uploads\/2016\/03\/mms_20160314_2.jpg 1024w, https:\/\/www.solidarnosc.org.pl\/bbial\/archiwumstrony\/wp-content\/uploads\/2016\/03\/mms_20160314_2-800x600.jpg 800w, https:\/\/www.solidarnosc.org.pl\/bbial\/archiwumstrony\/wp-content\/uploads\/2016\/03\/mms_20160314_2-456x342.jpg 456w\" sizes=\"(max-width: 300px) 100vw, 300px\" \/><\/a>\n\t\t\t<\/dt><\/dl><dl class='gallery-item'>\n\t\t\t<dt class='gallery-icon landscape'>\n\t\t\t\t<a href='https:\/\/www.solidarnosc.org.pl\/bbial\/archiwumstrony\/wp-content\/uploads\/2016\/03\/mms_20160314.jpg'><img width=\"300\" height=\"225\" src=\"https:\/\/www.solidarnosc.org.pl\/bbial\/archiwumstrony\/wp-content\/uploads\/2016\/03\/mms_20160314-300x225.jpg\" class=\"attachment-medium size-medium\" alt=\"\" srcset=\"https:\/\/www.solidarnosc.org.pl\/bbial\/archiwumstrony\/wp-content\/uploads\/2016\/03\/mms_20160314-300x225.jpg 300w, https:\/\/www.solidarnosc.org.pl\/bbial\/archiwumstrony\/wp-content\/uploads\/2016\/03\/mms_20160314.jpg 1024w, https:\/\/www.solidarnosc.org.pl\/bbial\/archiwumstrony\/wp-content\/uploads\/2016\/03\/mms_20160314-800x600.jpg 800w, https:\/\/www.solidarnosc.org.pl\/bbial\/archiwumstrony\/wp-content\/uploads\/2016\/03\/mms_20160314-456x342.jpg 456w\" sizes=\"(max-width: 300px) 100vw, 300px\" \/><\/a>\n\t\t\t<\/dt><\/dl><br style=\"clear: both\" \/>\n\t\t<\/div>\n\n","protected":false},"excerpt":{"rendered":"","protected":false},"author":5,"featured_media":0,"parent":422,"menu_order":0,"comment_status":"closed","ping_status":"closed","template":"","meta":{"_links_to":"","_links_to_target":""},"yoast_head":"<!-- This site is optimized with the Yoast SEO plugin v20.6-RC4 - https:\/\/yoast.com\/wordpress\/plugins\/seo\/ -->\n<title>&#032;-&#032; Szkolenie - &quot;Negocjator doskona\u0142y&quot;<\/title>\n<meta name=\"robots\" content=\"index, follow, max-snippet:-1, max-image-preview:large, max-video-preview:-1\" \/>\n<link rel=\"canonical\" href=\"https:\/\/www.solidarnosc.org.pl\/bbial\/archiwumstrony\/galeria\/szkolenie-negocjator-doskonaly\/\" \/>\n<meta property=\"og:locale\" content=\"pl_PL\" \/>\n<meta property=\"og:type\" content=\"article\" \/>\n<meta property=\"og:title\" content=\"&#032;-&#032; Szkolenie - &quot;Negocjator doskona\u0142y&quot;\" \/>\n<meta property=\"og:url\" content=\"https:\/\/www.solidarnosc.org.pl\/bbial\/archiwumstrony\/galeria\/szkolenie-negocjator-doskonaly\/\" \/>\n<meta property=\"og:site_name\" content=\"NSZZ SOLIDARNO\u015a\u0106\" \/>\n<meta property=\"article:publisher\" content=\"https:\/\/www.facebook.com\/RegionPodbeskidzieNSZZSolidarnosc\/?locale=pl_PL\" \/>\n<meta property=\"og:image\" content=\"https:\/\/www.solidarnosc.org.pl\/bbial\/archiwumstrony\/wp-content\/uploads\/2016\/03\/mms_20160314_3-300x225.jpg\" \/>\n<meta name=\"twitter:card\" content=\"summary_large_image\" \/>\n<script type=\"application\/ld+json\" class=\"yoast-schema-graph\">{\"@context\":\"https:\/\/schema.org\",\"@graph\":[{\"@type\":\"WebPage\",\"@id\":\"https:\/\/www.solidarnosc.org.pl\/bbial\/archiwumstrony\/galeria\/szkolenie-negocjator-doskonaly\/\",\"url\":\"https:\/\/www.solidarnosc.org.pl\/bbial\/archiwumstrony\/galeria\/szkolenie-negocjator-doskonaly\/\",\"name\":\"&#32;-&#32; Szkolenie - \\\"Negocjator doskona\u0142y\\\"\",\"isPartOf\":{\"@id\":\"https:\/\/www.solidarnosc.org.pl\/bbial\/archiwumstrony\/#website\"},\"datePublished\":\"2016-03-18T14:29:25+00:00\",\"dateModified\":\"2016-03-18T14:29:25+00:00\",\"breadcrumb\":{\"@id\":\"https:\/\/www.solidarnosc.org.pl\/bbial\/archiwumstrony\/galeria\/szkolenie-negocjator-doskonaly\/#breadcrumb\"},\"inLanguage\":\"pl-PL\",\"potentialAction\":[{\"@type\":\"ReadAction\",\"target\":[\"https:\/\/www.solidarnosc.org.pl\/bbial\/archiwumstrony\/galeria\/szkolenie-negocjator-doskonaly\/\"]}]},{\"@type\":\"BreadcrumbList\",\"@id\":\"https:\/\/www.solidarnosc.org.pl\/bbial\/archiwumstrony\/galeria\/szkolenie-negocjator-doskonaly\/#breadcrumb\",\"itemListElement\":[{\"@type\":\"ListItem\",\"position\":1,\"name\":\"Strona g\u0142\u00f3wna\",\"item\":\"https:\/\/www.solidarnosc.org.pl\/bbial\/archiwumstrony\/\"},{\"@type\":\"ListItem\",\"position\":2,\"name\":\"GALERIE ZDJ\u0118\u0106 Z WYDARZE\u0143\",\"item\":\"https:\/\/www.solidarnosc.org.pl\/bbial\/archiwumstrony\/galeria\/\"},{\"@type\":\"ListItem\",\"position\":3,\"name\":\"Szkolenie &#8211; &#8222;Negocjator doskona\u0142y&#8221;\"}]},{\"@type\":\"WebSite\",\"@id\":\"https:\/\/www.solidarnosc.org.pl\/bbial\/archiwumstrony\/#website\",\"url\":\"https:\/\/www.solidarnosc.org.pl\/bbial\/archiwumstrony\/\",\"name\":\"NSZZ SOLIDARNO\u015a\u0106\",\"description\":\"Region Podbeskidzie\",\"publisher\":{\"@id\":\"https:\/\/www.solidarnosc.org.pl\/bbial\/archiwumstrony\/#organization\"},\"potentialAction\":[{\"@type\":\"SearchAction\",\"target\":{\"@type\":\"EntryPoint\",\"urlTemplate\":\"https:\/\/www.solidarnosc.org.pl\/bbial\/archiwumstrony\/?s={search_term_string}\"},\"query-input\":\"required name=search_term_string\"}],\"inLanguage\":\"pl-PL\"},{\"@type\":\"Organization\",\"@id\":\"https:\/\/www.solidarnosc.org.pl\/bbial\/archiwumstrony\/#organization\",\"name\":\"NSZZ SOLIDARNO\u015a\u0106\",\"url\":\"https:\/\/www.solidarnosc.org.pl\/bbial\/archiwumstrony\/\",\"logo\":{\"@type\":\"ImageObject\",\"inLanguage\":\"pl-PL\",\"@id\":\"https:\/\/www.solidarnosc.org.pl\/bbial\/archiwumstrony\/#\/schema\/logo\/image\/\",\"url\":\"https:\/\/www.solidarnosc.org.pl\/bbial\/archiwumstrony\/wp-content\/uploads\/2023\/10\/logo-nszz-s-podeskidzie.jpg\",\"contentUrl\":\"https:\/\/www.solidarnosc.org.pl\/bbial\/archiwumstrony\/wp-content\/uploads\/2023\/10\/logo-nszz-s-podeskidzie.jpg\",\"width\":1626,\"height\":1030,\"caption\":\"NSZZ SOLIDARNO\u015a\u0106\"},\"image\":{\"@id\":\"https:\/\/www.solidarnosc.org.pl\/bbial\/archiwumstrony\/#\/schema\/logo\/image\/\"},\"sameAs\":[\"https:\/\/www.facebook.com\/RegionPodbeskidzieNSZZSolidarnosc\/?locale=pl_PL\"]}]}<\/script>\n<!-- \/ Yoast SEO plugin. -->","yoast_head_json":{"title":"&#32;-&#32; Szkolenie - \"Negocjator doskona\u0142y\"","robots":{"index":"index","follow":"follow","max-snippet":"max-snippet:-1","max-image-preview":"max-image-preview:large","max-video-preview":"max-video-preview:-1"},"canonical":"https:\/\/www.solidarnosc.org.pl\/bbial\/archiwumstrony\/galeria\/szkolenie-negocjator-doskonaly\/","og_locale":"pl_PL","og_type":"article","og_title":"&#32;-&#32; Szkolenie - \"Negocjator doskona\u0142y\"","og_url":"https:\/\/www.solidarnosc.org.pl\/bbial\/archiwumstrony\/galeria\/szkolenie-negocjator-doskonaly\/","og_site_name":"NSZZ SOLIDARNO\u015a\u0106","article_publisher":"https:\/\/www.facebook.com\/RegionPodbeskidzieNSZZSolidarnosc\/?locale=pl_PL","og_image":[{"url":"https:\/\/www.solidarnosc.org.pl\/bbial\/archiwumstrony\/wp-content\/uploads\/2016\/03\/mms_20160314_3-300x225.jpg"}],"twitter_card":"summary_large_image","schema":{"@context":"https:\/\/schema.org","@graph":[{"@type":"WebPage","@id":"https:\/\/www.solidarnosc.org.pl\/bbial\/archiwumstrony\/galeria\/szkolenie-negocjator-doskonaly\/","url":"https:\/\/www.solidarnosc.org.pl\/bbial\/archiwumstrony\/galeria\/szkolenie-negocjator-doskonaly\/","name":"&#32;-&#32; Szkolenie - \"Negocjator doskona\u0142y\"","isPartOf":{"@id":"https:\/\/www.solidarnosc.org.pl\/bbial\/archiwumstrony\/#website"},"datePublished":"2016-03-18T14:29:25+00:00","dateModified":"2016-03-18T14:29:25+00:00","breadcrumb":{"@id":"https:\/\/www.solidarnosc.org.pl\/bbial\/archiwumstrony\/galeria\/szkolenie-negocjator-doskonaly\/#breadcrumb"},"inLanguage":"pl-PL","potentialAction":[{"@type":"ReadAction","target":["https:\/\/www.solidarnosc.org.pl\/bbial\/archiwumstrony\/galeria\/szkolenie-negocjator-doskonaly\/"]}]},{"@type":"BreadcrumbList","@id":"https:\/\/www.solidarnosc.org.pl\/bbial\/archiwumstrony\/galeria\/szkolenie-negocjator-doskonaly\/#breadcrumb","itemListElement":[{"@type":"ListItem","position":1,"name":"Strona g\u0142\u00f3wna","item":"https:\/\/www.solidarnosc.org.pl\/bbial\/archiwumstrony\/"},{"@type":"ListItem","position":2,"name":"GALERIE ZDJ\u0118\u0106 Z WYDARZE\u0143","item":"https:\/\/www.solidarnosc.org.pl\/bbial\/archiwumstrony\/galeria\/"},{"@type":"ListItem","position":3,"name":"Szkolenie &#8211; &#8222;Negocjator doskona\u0142y&#8221;"}]},{"@type":"WebSite","@id":"https:\/\/www.solidarnosc.org.pl\/bbial\/archiwumstrony\/#website","url":"https:\/\/www.solidarnosc.org.pl\/bbial\/archiwumstrony\/","name":"NSZZ SOLIDARNO\u015a\u0106","description":"Region Podbeskidzie","publisher":{"@id":"https:\/\/www.solidarnosc.org.pl\/bbial\/archiwumstrony\/#organization"},"potentialAction":[{"@type":"SearchAction","target":{"@type":"EntryPoint","urlTemplate":"https:\/\/www.solidarnosc.org.pl\/bbial\/archiwumstrony\/?s={search_term_string}"},"query-input":"required name=search_term_string"}],"inLanguage":"pl-PL"},{"@type":"Organization","@id":"https:\/\/www.solidarnosc.org.pl\/bbial\/archiwumstrony\/#organization","name":"NSZZ SOLIDARNO\u015a\u0106","url":"https:\/\/www.solidarnosc.org.pl\/bbial\/archiwumstrony\/","logo":{"@type":"ImageObject","inLanguage":"pl-PL","@id":"https:\/\/www.solidarnosc.org.pl\/bbial\/archiwumstrony\/#\/schema\/logo\/image\/","url":"https:\/\/www.solidarnosc.org.pl\/bbial\/archiwumstrony\/wp-content\/uploads\/2023\/10\/logo-nszz-s-podeskidzie.jpg","contentUrl":"https:\/\/www.solidarnosc.org.pl\/bbial\/archiwumstrony\/wp-content\/uploads\/2023\/10\/logo-nszz-s-podeskidzie.jpg","width":1626,"height":1030,"caption":"NSZZ SOLIDARNO\u015a\u0106"},"image":{"@id":"https:\/\/www.solidarnosc.org.pl\/bbial\/archiwumstrony\/#\/schema\/logo\/image\/"},"sameAs":["https:\/\/www.facebook.com\/RegionPodbeskidzieNSZZSolidarnosc\/?locale=pl_PL"]}]}},"_links":{"self":[{"href":"https:\/\/www.solidarnosc.org.pl\/bbial\/archiwumstrony\/wp-json\/wp\/v2\/pages\/4918"}],"collection":[{"href":"https:\/\/www.solidarnosc.org.pl\/bbial\/archiwumstrony\/wp-json\/wp\/v2\/pages"}],"about":[{"href":"https:\/\/www.solidarnosc.org.pl\/bbial\/archiwumstrony\/wp-json\/wp\/v2\/types\/page"}],"author":[{"embeddable":true,"href":"https:\/\/www.solidarnosc.org.pl\/bbial\/archiwumstrony\/wp-json\/wp\/v2\/users\/5"}],"replies":[{"embeddable":true,"href":"https:\/\/www.solidarnosc.org.pl\/bbial\/archiwumstrony\/wp-json\/wp\/v2\/comments?post=4918"}],"version-history":[{"count":2,"href":"https:\/\/www.solidarnosc.org.pl\/bbial\/archiwumstrony\/wp-json\/wp\/v2\/pages\/4918\/revisions"}],"predecessor-version":[{"id":4920,"href":"https:\/\/www.solidarnosc.org.pl\/bbial\/archiwumstrony\/wp-json\/wp\/v2\/pages\/4918\/revisions\/4920"}],"up":[{"embeddable":true,"href":"https:\/\/www.solidarnosc.org.pl\/bbial\/archiwumstrony\/wp-json\/wp\/v2\/pages\/422"}],"wp:attachment":[{"href":"https:\/\/www.solidarnosc.org.pl\/bbial\/archiwumstrony\/wp-json\/wp\/v2\/media?parent=4918"}],"curies":[{"name":"wp","href":"https:\/\/api.w.org\/{rel}","templated":true}]}}