{"id":3392,"date":"2015-11-24T08:37:22","date_gmt":"2015-11-24T08:37:22","guid":{"rendered":"https:\/\/www.solidarnosc.org.pl\/bbial\/archiwumstrony\/?page_id=3392"},"modified":"2024-01-16T16:48:45","modified_gmt":"2024-01-16T15:48:45","slug":"dzial-szkolen","status":"publish","type":"page","link":"https:\/\/www.solidarnosc.org.pl\/bbial\/archiwumstrony\/dzial-szkolen\/","title":{"rendered":"Dzia\u0142 Szkole\u0144"},"content":{"rendered":"\t\t<div data-elementor-type=\"wp-page\" data-elementor-id=\"3392\" class=\"elementor elementor-3392\">\n\t\t\t\t\t\t\t\t\t<section class=\"elementor-section elementor-top-section elementor-element elementor-element-1f2a36a0 elementor-section-full_width elementor-section-height-default elementor-section-height-default\" data-id=\"1f2a36a0\" data-element_type=\"section\">\n\t\t\t\t\t\t<div class=\"elementor-container elementor-column-gap-default\">\n\t\t\t\t\t<div class=\"elementor-column elementor-col-100 elementor-top-column elementor-element elementor-element-63674dd1\" data-id=\"63674dd1\" data-element_type=\"column\">\n\t\t\t<div class=\"elementor-widget-wrap elementor-element-populated\">\n\t\t\t\t\t\t\t\t<section class=\"elementor-section elementor-inner-section elementor-element elementor-element-2d62d73b elementor-section-boxed elementor-section-height-default elementor-section-height-default\" data-id=\"2d62d73b\" data-element_type=\"section\">\n\t\t\t\t\t\t<div class=\"elementor-container elementor-column-gap-default\">\n\t\t\t\t\t<div class=\"elementor-column elementor-col-50 elementor-inner-column elementor-element elementor-element-10f8d0d6\" data-id=\"10f8d0d6\" data-element_type=\"column\">\n\t\t\t<div class=\"elementor-widget-wrap elementor-element-populated\">\n\t\t\t\t\t\t\t\t<div class=\"elementor-element elementor-element-5f432e6e elementor-widget elementor-widget-text-editor\" data-id=\"5f432e6e\" data-element_type=\"widget\" data-widget_type=\"text-editor.default\">\n\t\t\t\t<div class=\"elementor-widget-container\">\n\t\t\t<style>\/*! elementor - v3.16.0 - 17-10-2023 *\/\n.elementor-widget-text-editor.elementor-drop-cap-view-stacked .elementor-drop-cap{background-color:#69727d;color:#fff}.elementor-widget-text-editor.elementor-drop-cap-view-framed .elementor-drop-cap{color:#69727d;border:3px solid;background-color:transparent}.elementor-widget-text-editor:not(.elementor-drop-cap-view-default) .elementor-drop-cap{margin-top:8px}.elementor-widget-text-editor:not(.elementor-drop-cap-view-default) .elementor-drop-cap-letter{width:1em;height:1em}.elementor-widget-text-editor .elementor-drop-cap{float:left;text-align:center;line-height:1;font-size:50px}.elementor-widget-text-editor .elementor-drop-cap-letter{display:inline-block}<\/style>\t\t\t\t<h3>Dzia\u0142 Szkole\u0144<div class=\"su-divider su-divider-style-default\" style=\"margin:15px 0;border-width:3px;border-color:#054c73\"><\/div><\/h3>\n<p><strong><a href=\"\" target=\"_self\"><i class=\"fa i_box  fa-phone-square size_tiny \" style=\" background:#1e73be; border-radius:1000px;  color:#ffffff; margin:0px;\"><\/i><\/a> <span style=\"font-size: 12pt;\">tel:<\/span><\/strong><span style=\"font-size: 12pt;\"> +48 603 321 939<\/span><\/p>\n<p><strong><a href=\"\" target=\"_self\"><i class=\"fa i_box  fa-keyboard-o size_tiny \" style=\" background:#1e73be; border-radius:1000px;  color:#ffffff; margin:0px;\"><\/i><\/a> email:<\/strong> skarb.bbial@solidarnosc.org.pl<\/p>\n<hr \/>\n<h4><strong>Dokumenty:\u00a0\u00a0<\/strong><\/h4>\n<ul>\n<li>\n<p><span style=\"font-size: 12pt;\">Zg\u0142oszenie na szkolenie\u00a0<a href=\"https:\/\/www.solidarnosc.org.pl\/bbial\/archiwumstrony\/dok\/szkol\/zglosz.rtf\">RTF\u00a0\u00bb<\/a>|\u00a0<a href=\"https:\/\/www.solidarnosc.org.pl\/bbial\/archiwumstrony\/dok\/szkol\/zglosz.pdf\" target=\"blank\" rel=\"noopener noreferrer\">PDF \u00bb<\/a><\/span><\/p>\n<\/li>\n<li>\n<p><span style=\"font-size: 12pt;\">Regionalny regulamin szkole\u0144\u00a0 NSZZ &#8222;Solidarno\u015b\u0107&#8221; Regionu Podbeskidzie <a href=\"https:\/\/www.solidarnosc.org.pl\/bbial\/archiwumstrony\/archiwumstrony\/wp-content\/uploads\/2015\/10\/regulamin_szkolen_ujednolicony.pdf\" target=\"_blank\" rel=\"noopener noreferrer\">PDF \u00bb<\/a><\/span><\/p>\n<\/li>\n<li>\n<p><span style=\"font-size: 12pt;\">Harmonogram szkole\u0144 zwi\u0105zkowych 2024 <a href=\"https:\/\/www.solidarnosc.org.pl\/bbial\/archiwumstrony\/archiwumstrony\/wp-content\/uploads\/2024\/01\/harmnogram-szkolen-na-2024-rok-scaled.jpg\" rel=\"noopener noreferrer\">ZOBACZ \u00bb<\/a><\/span><\/p>\n<\/li>\n<li>\n<p><span style=\"font-size: 12pt;\">Harmonogram imprez sportowo-rekreacyjnych w 2023 <a href=\"https:\/\/www.solidarnosc.org.pl\/bbial\/archiwumstrony\/archiwumstrony\/wp-content\/uploads\/2023\/07\/Imprezy-sportowo-rekreacyjne-2023-1.pdf\" target=\"blank\" rel=\"noopener noreferrer\">PDF \u00bb<\/a><\/span><\/p>\n<\/li>\n<\/ul>\n<hr \/>\n<p><span style=\"color: #ff0000;\">Na\u00a0<strong>12 grudnia 2023 r.<\/strong>\u00a0planowane jest w siedzibie Zarz\u0105du Regionu\u00a0<strong>szkolenie dla skarbnik\u00f3w i przewodnicz\u0105cych organizacji<\/strong>.<\/span><\/p>\n<p><span style=\"color: #ff0000;\">Rozpocz\u0119cie \u2013 godz.\u00a0<strong>9:00<\/strong><\/span><\/p>\n<p><span style=\"color: #ff0000;\">Zapisy \u2013 Skarbnik ZR\u00a0<strong>Andrzej Ko\u0142odziejski\u00a0<\/strong><\/span><\/p>\n<hr \/>\n<p>Zg\u0142oszenia mo\u017cna dostarczy\u0107 osobi\u015bcie, przes\u0142a\u0107 listownie, faksem lub na adres e-mail.<br \/><span style=\"color: red; font-size: 12pt;\"><b>Prosimy zg\u0142asza\u0107 zapotrzebowanie na inne szkolenia !<\/b><\/span><\/p>\n<p><div class=\"su-divider su-divider-style-default\" style=\"margin:15px 0;border-width:3px;border-color:#054c73\"><\/div><\/p>\n<p><a href=\"https:\/\/www.solidarnosc.org.pl\/bbial\/archiwumstrony\/events\" class=\"su-button su-button-style-flat\" style=\"color:#FFFFFF;background-color:#2D89EF;border-color:#246ec0;border-radius:0px;-moz-border-radius:0px;-webkit-border-radius:0px\" target=\"_self\"><span style=\"color:#FFFFFF;padding:6px 16px;font-size:13px;line-height:20px;border-color:#6cadf4;border-radius:0px;-moz-border-radius:0px;-webkit-border-radius:0px;text-shadow:none;-moz-text-shadow:none;-webkit-text-shadow:none\"><i class=\"sui sui-newspaper-o\" style=\"font-size:13px;color:#FFFFFF\"><\/i> Kalendarz szkole\u0144 i imprez<\/span><\/a><\/p>\t\t\t\t\t\t<\/div>\n\t\t\t\t<\/div>\n\t\t\t\t\t<\/div>\n\t\t<\/div>\n\t\t\t\t<div class=\"elementor-column elementor-col-50 elementor-inner-column elementor-element elementor-element-4c8f8371\" data-id=\"4c8f8371\" data-element_type=\"column\" data-settings=\"{&quot;background_background&quot;:&quot;classic&quot;}\">\n\t\t\t<div class=\"elementor-widget-wrap elementor-element-populated\">\n\t\t\t\t\t\t\t\t<div class=\"elementor-element elementor-element-c2c96ba elementor-widget elementor-widget-heading\" data-id=\"c2c96ba\" data-element_type=\"widget\" data-widget_type=\"heading.default\">\n\t\t\t\t<div class=\"elementor-widget-container\">\n\t\t\t<style>\/*! elementor - v3.16.0 - 17-10-2023 *\/\n.elementor-heading-title{padding:0;margin:0;line-height:1}.elementor-widget-heading .elementor-heading-title[class*=elementor-size-]>a{color:inherit;font-size:inherit;line-height:inherit}.elementor-widget-heading .elementor-heading-title.elementor-size-small{font-size:15px}.elementor-widget-heading .elementor-heading-title.elementor-size-medium{font-size:19px}.elementor-widget-heading .elementor-heading-title.elementor-size-large{font-size:29px}.elementor-widget-heading .elementor-heading-title.elementor-size-xl{font-size:39px}.elementor-widget-heading .elementor-heading-title.elementor-size-xxl{font-size:59px}<\/style><h2 class=\"elementor-heading-title elementor-size-default\">Koordynator\u200b<\/h2>\t\t<\/div>\n\t\t\t\t<\/div>\n\t\t\t\t<div class=\"elementor-element elementor-element-05bcd66 elementor-widget elementor-widget-image\" data-id=\"05bcd66\" data-element_type=\"widget\" data-widget_type=\"image.default\">\n\t\t\t\t<div class=\"elementor-widget-container\">\n\t\t\t<style>\/*! elementor - v3.16.0 - 17-10-2023 *\/\n.elementor-widget-image{text-align:center}.elementor-widget-image a{display:inline-block}.elementor-widget-image a img[src$=\".svg\"]{width:48px}.elementor-widget-image img{vertical-align:middle;display:inline-block}<\/style>\t\t\t\t\t\t\t\t\t\t\t\t<img src=\"https:\/\/www.solidarnosc.org.pl\/bbial\/archiwumstrony\/archiwumstrony\/wp-content\/uploads\/2023\/08\/Kolodziejski_Andrzej.jpg\" title=\"\" alt=\"\" loading=\"lazy\" \/>\t\t\t\t\t\t\t\t\t\t\t\t\t\t\t<\/div>\n\t\t\t\t<\/div>\n\t\t\t\t<div class=\"elementor-element elementor-element-7264594a elementor-position-left elementor-view-default elementor-mobile-position-top elementor-vertical-align-top elementor-widget elementor-widget-icon-box\" data-id=\"7264594a\" data-element_type=\"widget\" data-widget_type=\"icon-box.default\">\n\t\t\t\t<div class=\"elementor-widget-container\">\n\t\t\t<link rel=\"stylesheet\" href=\"https:\/\/www.solidarnosc.org.pl\/bbial\/archiwumstrony\/wp-content\/plugins\/elementor\/assets\/css\/widget-icon-box.min.css\">\t\t<div class=\"elementor-icon-box-wrapper\">\n\t\t\t\t\t\t<div class=\"elementor-icon-box-icon\">\n\t\t\t\t<span  class=\"elementor-icon elementor-animation-\">\n\t\t\t\t<i aria-hidden=\"true\" class=\"fas fa-tag\"><\/i>\t\t\t\t<\/span>\n\t\t\t<\/div>\n\t\t\t\t\t\t<div class=\"elementor-icon-box-content\">\n\t\t\t\t<h3 class=\"elementor-icon-box-title\">\n\t\t\t\t\t<span  >\n\t\t\t\t\t\tAndrzej Ko\u0142odziejski\t\t\t\t\t<\/span>\n\t\t\t\t<\/h3>\n\t\t\t\t\t\t\t\t\t<p class=\"elementor-icon-box-description\">\n\t\t\t\t\t\ttel. 603 321 939<br>email: <b><a href=\"mailto:skarb.bbial@solidarnosc.org.pl\">skarb.bbial@solidarnosc.org.pl<\/a><\/b>\t\t\t\t\t<\/p>\n\t\t\t\t\t\t\t<\/div>\n\t\t<\/div>\n\t\t\t\t<\/div>\n\t\t\t\t<\/div>\n\t\t\t\t\t<\/div>\n\t\t<\/div>\n\t\t\t\t\t\t\t<\/div>\n\t\t<\/section>\n\t\t\t\t\t<\/div>\n\t\t<\/div>\n\t\t\t\t\t\t\t<\/div>\n\t\t<\/section>\n\t\t\t\t\t\t\t<\/div>\n\t\t","protected":false},"excerpt":{"rendered":"<p>Dzia\u0142 Szkole\u0144 tel: +48 603 321 939 email: skarb.bbial@solidarnosc.org.pl Dokumenty:\u00a0\u00a0 Zg\u0142oszenie na szkolenie\u00a0RTF\u00a0\u00bb|\u00a0PDF \u00bb Regionalny regulamin szkole\u0144\u00a0 NSZZ &#8222;Solidarno\u015b\u0107&#8221; Regionu Podbeskidzie PDF \u00bb Harmonogram szkole\u0144 zwi\u0105zkowych 2024 ZOBACZ \u00bb Harmonogram imprez sportowo-rekreacyjnych w 2023 PDF \u00bb Na\u00a012 grudnia 2023 r.\u00a0planowane jest w siedzibie Zarz\u0105du Regionu\u00a0szkolenie dla skarbnik\u00f3w i przewodnicz\u0105cych organizacji. Rozpocz\u0119cie \u2013 godz.\u00a09:00 Zapisy \u2013 [&hellip;]<\/p>\n","protected":false},"author":1,"featured_media":0,"parent":0,"menu_order":0,"comment_status":"closed","ping_status":"closed","template":"","meta":{"_links_to":"","_links_to_target":""},"yoast_head":"<!-- This site is optimized with the Yoast SEO plugin v20.6-RC4 - https:\/\/yoast.com\/wordpress\/plugins\/seo\/ -->\n<title>&#032;-&#032; Dzia\u0142 Szkole\u0144<\/title>\n<meta name=\"robots\" content=\"index, follow, max-snippet:-1, max-image-preview:large, max-video-preview:-1\" \/>\n<link rel=\"canonical\" href=\"https:\/\/www.solidarnosc.org.pl\/bbial\/archiwumstrony\/dzial-szkolen\/\" \/>\n<meta property=\"og:locale\" content=\"pl_PL\" \/>\n<meta property=\"og:type\" content=\"article\" \/>\n<meta property=\"og:title\" content=\"&#032;-&#032; Dzia\u0142 Szkole\u0144\" \/>\n<meta property=\"og:description\" content=\"Dzia\u0142 Szkole\u0144 tel: +48 603 321 939 email: skarb.bbial@solidarnosc.org.pl Dokumenty:\u00a0\u00a0 Zg\u0142oszenie na szkolenie\u00a0RTF\u00a0\u00bb|\u00a0PDF \u00bb Regionalny regulamin szkole\u0144\u00a0 NSZZ &#8222;Solidarno\u015b\u0107&#8221; Regionu Podbeskidzie PDF \u00bb Harmonogram szkole\u0144 zwi\u0105zkowych 2024 ZOBACZ \u00bb Harmonogram imprez sportowo-rekreacyjnych w 2023 PDF \u00bb Na\u00a012 grudnia 2023 r.\u00a0planowane jest w siedzibie Zarz\u0105du Regionu\u00a0szkolenie dla skarbnik\u00f3w i przewodnicz\u0105cych organizacji. Rozpocz\u0119cie \u2013 godz.\u00a09:00 Zapisy \u2013 [&hellip;]\" \/>\n<meta property=\"og:url\" content=\"https:\/\/www.solidarnosc.org.pl\/bbial\/archiwumstrony\/dzial-szkolen\/\" \/>\n<meta property=\"og:site_name\" content=\"NSZZ SOLIDARNO\u015a\u0106\" \/>\n<meta property=\"article:publisher\" content=\"https:\/\/www.facebook.com\/RegionPodbeskidzieNSZZSolidarnosc\/?locale=pl_PL\" \/>\n<meta property=\"article:modified_time\" content=\"2024-01-16T15:48:45+00:00\" \/>\n<meta property=\"og:image\" content=\"https:\/\/www.solidarnosc.org.pl\/bbial\/archiwumstrony\/wp-content\/uploads\/2023\/08\/Kolodziejski_Andrzej.jpg\" \/>\n<meta name=\"twitter:card\" content=\"summary_large_image\" \/>\n<meta name=\"twitter:label1\" content=\"Szacowany czas czytania\" \/>\n\t<meta name=\"twitter:data1\" content=\"1 minuta\" \/>\n<script type=\"application\/ld+json\" class=\"yoast-schema-graph\">{\"@context\":\"https:\/\/schema.org\",\"@graph\":[{\"@type\":\"WebPage\",\"@id\":\"https:\/\/www.solidarnosc.org.pl\/bbial\/archiwumstrony\/dzial-szkolen\/\",\"url\":\"https:\/\/www.solidarnosc.org.pl\/bbial\/archiwumstrony\/dzial-szkolen\/\",\"name\":\"&#32;-&#32; Dzia\u0142 Szkole\u0144\",\"isPartOf\":{\"@id\":\"https:\/\/www.solidarnosc.org.pl\/bbial\/archiwumstrony\/#website\"},\"datePublished\":\"2015-11-24T08:37:22+00:00\",\"dateModified\":\"2024-01-16T15:48:45+00:00\",\"breadcrumb\":{\"@id\":\"https:\/\/www.solidarnosc.org.pl\/bbial\/archiwumstrony\/dzial-szkolen\/#breadcrumb\"},\"inLanguage\":\"pl-PL\",\"potentialAction\":[{\"@type\":\"ReadAction\",\"target\":[\"https:\/\/www.solidarnosc.org.pl\/bbial\/archiwumstrony\/dzial-szkolen\/\"]}]},{\"@type\":\"BreadcrumbList\",\"@id\":\"https:\/\/www.solidarnosc.org.pl\/bbial\/archiwumstrony\/dzial-szkolen\/#breadcrumb\",\"itemListElement\":[{\"@type\":\"ListItem\",\"position\":1,\"name\":\"Strona g\u0142\u00f3wna\",\"item\":\"https:\/\/www.solidarnosc.org.pl\/bbial\/archiwumstrony\/\"},{\"@type\":\"ListItem\",\"position\":2,\"name\":\"Dzia\u0142 Szkole\u0144\"}]},{\"@type\":\"WebSite\",\"@id\":\"https:\/\/www.solidarnosc.org.pl\/bbial\/archiwumstrony\/#website\",\"url\":\"https:\/\/www.solidarnosc.org.pl\/bbial\/archiwumstrony\/\",\"name\":\"NSZZ SOLIDARNO\u015a\u0106\",\"description\":\"Region Podbeskidzie\",\"publisher\":{\"@id\":\"https:\/\/www.solidarnosc.org.pl\/bbial\/archiwumstrony\/#organization\"},\"potentialAction\":[{\"@type\":\"SearchAction\",\"target\":{\"@type\":\"EntryPoint\",\"urlTemplate\":\"https:\/\/www.solidarnosc.org.pl\/bbial\/archiwumstrony\/?s={search_term_string}\"},\"query-input\":\"required name=search_term_string\"}],\"inLanguage\":\"pl-PL\"},{\"@type\":\"Organization\",\"@id\":\"https:\/\/www.solidarnosc.org.pl\/bbial\/archiwumstrony\/#organization\",\"name\":\"NSZZ SOLIDARNO\u015a\u0106\",\"url\":\"https:\/\/www.solidarnosc.org.pl\/bbial\/archiwumstrony\/\",\"logo\":{\"@type\":\"ImageObject\",\"inLanguage\":\"pl-PL\",\"@id\":\"https:\/\/www.solidarnosc.org.pl\/bbial\/archiwumstrony\/#\/schema\/logo\/image\/\",\"url\":\"https:\/\/www.solidarnosc.org.pl\/bbial\/archiwumstrony\/wp-content\/uploads\/2023\/10\/logo-nszz-s-podeskidzie.jpg\",\"contentUrl\":\"https:\/\/www.solidarnosc.org.pl\/bbial\/archiwumstrony\/wp-content\/uploads\/2023\/10\/logo-nszz-s-podeskidzie.jpg\",\"width\":1626,\"height\":1030,\"caption\":\"NSZZ SOLIDARNO\u015a\u0106\"},\"image\":{\"@id\":\"https:\/\/www.solidarnosc.org.pl\/bbial\/archiwumstrony\/#\/schema\/logo\/image\/\"},\"sameAs\":[\"https:\/\/www.facebook.com\/RegionPodbeskidzieNSZZSolidarnosc\/?locale=pl_PL\"]}]}<\/script>\n<!-- \/ Yoast SEO plugin. -->","yoast_head_json":{"title":"&#32;-&#32; Dzia\u0142 Szkole\u0144","robots":{"index":"index","follow":"follow","max-snippet":"max-snippet:-1","max-image-preview":"max-image-preview:large","max-video-preview":"max-video-preview:-1"},"canonical":"https:\/\/www.solidarnosc.org.pl\/bbial\/archiwumstrony\/dzial-szkolen\/","og_locale":"pl_PL","og_type":"article","og_title":"&#32;-&#32; Dzia\u0142 Szkole\u0144","og_description":"Dzia\u0142 Szkole\u0144 tel: +48 603 321 939 email: skarb.bbial@solidarnosc.org.pl Dokumenty:\u00a0\u00a0 Zg\u0142oszenie na szkolenie\u00a0RTF\u00a0\u00bb|\u00a0PDF \u00bb Regionalny regulamin szkole\u0144\u00a0 NSZZ &#8222;Solidarno\u015b\u0107&#8221; Regionu Podbeskidzie PDF \u00bb Harmonogram szkole\u0144 zwi\u0105zkowych 2024 ZOBACZ \u00bb Harmonogram imprez sportowo-rekreacyjnych w 2023 PDF \u00bb Na\u00a012 grudnia 2023 r.\u00a0planowane jest w siedzibie Zarz\u0105du Regionu\u00a0szkolenie dla skarbnik\u00f3w i przewodnicz\u0105cych organizacji. Rozpocz\u0119cie \u2013 godz.\u00a09:00 Zapisy \u2013 [&hellip;]","og_url":"https:\/\/www.solidarnosc.org.pl\/bbial\/archiwumstrony\/dzial-szkolen\/","og_site_name":"NSZZ SOLIDARNO\u015a\u0106","article_publisher":"https:\/\/www.facebook.com\/RegionPodbeskidzieNSZZSolidarnosc\/?locale=pl_PL","article_modified_time":"2024-01-16T15:48:45+00:00","og_image":[{"url":"https:\/\/www.solidarnosc.org.pl\/bbial\/archiwumstrony\/wp-content\/uploads\/2023\/08\/Kolodziejski_Andrzej.jpg"}],"twitter_card":"summary_large_image","twitter_misc":{"Szacowany czas czytania":"1 minuta"},"schema":{"@context":"https:\/\/schema.org","@graph":[{"@type":"WebPage","@id":"https:\/\/www.solidarnosc.org.pl\/bbial\/archiwumstrony\/dzial-szkolen\/","url":"https:\/\/www.solidarnosc.org.pl\/bbial\/archiwumstrony\/dzial-szkolen\/","name":"&#32;-&#32; Dzia\u0142 Szkole\u0144","isPartOf":{"@id":"https:\/\/www.solidarnosc.org.pl\/bbial\/archiwumstrony\/#website"},"datePublished":"2015-11-24T08:37:22+00:00","dateModified":"2024-01-16T15:48:45+00:00","breadcrumb":{"@id":"https:\/\/www.solidarnosc.org.pl\/bbial\/archiwumstrony\/dzial-szkolen\/#breadcrumb"},"inLanguage":"pl-PL","potentialAction":[{"@type":"ReadAction","target":["https:\/\/www.solidarnosc.org.pl\/bbial\/archiwumstrony\/dzial-szkolen\/"]}]},{"@type":"BreadcrumbList","@id":"https:\/\/www.solidarnosc.org.pl\/bbial\/archiwumstrony\/dzial-szkolen\/#breadcrumb","itemListElement":[{"@type":"ListItem","position":1,"name":"Strona g\u0142\u00f3wna","item":"https:\/\/www.solidarnosc.org.pl\/bbial\/archiwumstrony\/"},{"@type":"ListItem","position":2,"name":"Dzia\u0142 Szkole\u0144"}]},{"@type":"WebSite","@id":"https:\/\/www.solidarnosc.org.pl\/bbial\/archiwumstrony\/#website","url":"https:\/\/www.solidarnosc.org.pl\/bbial\/archiwumstrony\/","name":"NSZZ SOLIDARNO\u015a\u0106","description":"Region Podbeskidzie","publisher":{"@id":"https:\/\/www.solidarnosc.org.pl\/bbial\/archiwumstrony\/#organization"},"potentialAction":[{"@type":"SearchAction","target":{"@type":"EntryPoint","urlTemplate":"https:\/\/www.solidarnosc.org.pl\/bbial\/archiwumstrony\/?s={search_term_string}"},"query-input":"required name=search_term_string"}],"inLanguage":"pl-PL"},{"@type":"Organization","@id":"https:\/\/www.solidarnosc.org.pl\/bbial\/archiwumstrony\/#organization","name":"NSZZ SOLIDARNO\u015a\u0106","url":"https:\/\/www.solidarnosc.org.pl\/bbial\/archiwumstrony\/","logo":{"@type":"ImageObject","inLanguage":"pl-PL","@id":"https:\/\/www.solidarnosc.org.pl\/bbial\/archiwumstrony\/#\/schema\/logo\/image\/","url":"https:\/\/www.solidarnosc.org.pl\/bbial\/archiwumstrony\/wp-content\/uploads\/2023\/10\/logo-nszz-s-podeskidzie.jpg","contentUrl":"https:\/\/www.solidarnosc.org.pl\/bbial\/archiwumstrony\/wp-content\/uploads\/2023\/10\/logo-nszz-s-podeskidzie.jpg","width":1626,"height":1030,"caption":"NSZZ SOLIDARNO\u015a\u0106"},"image":{"@id":"https:\/\/www.solidarnosc.org.pl\/bbial\/archiwumstrony\/#\/schema\/logo\/image\/"},"sameAs":["https:\/\/www.facebook.com\/RegionPodbeskidzieNSZZSolidarnosc\/?locale=pl_PL"]}]}},"_links":{"self":[{"href":"https:\/\/www.solidarnosc.org.pl\/bbial\/archiwumstrony\/wp-json\/wp\/v2\/pages\/3392"}],"collection":[{"href":"https:\/\/www.solidarnosc.org.pl\/bbial\/archiwumstrony\/wp-json\/wp\/v2\/pages"}],"about":[{"href":"https:\/\/www.solidarnosc.org.pl\/bbial\/archiwumstrony\/wp-json\/wp\/v2\/types\/page"}],"author":[{"embeddable":true,"href":"https:\/\/www.solidarnosc.org.pl\/bbial\/archiwumstrony\/wp-json\/wp\/v2\/users\/1"}],"replies":[{"embeddable":true,"href":"https:\/\/www.solidarnosc.org.pl\/bbial\/archiwumstrony\/wp-json\/wp\/v2\/comments?post=3392"}],"version-history":[{"count":130,"href":"https:\/\/www.solidarnosc.org.pl\/bbial\/archiwumstrony\/wp-json\/wp\/v2\/pages\/3392\/revisions"}],"predecessor-version":[{"id":34751,"href":"https:\/\/www.solidarnosc.org.pl\/bbial\/archiwumstrony\/wp-json\/wp\/v2\/pages\/3392\/revisions\/34751"}],"wp:attachment":[{"href":"https:\/\/www.solidarnosc.org.pl\/bbial\/archiwumstrony\/wp-json\/wp\/v2\/media?parent=3392"}],"curies":[{"name":"wp","href":"https:\/\/api.w.org\/{rel}","templated":true}]}}