{"id":3021,"date":"2015-11-09T13:47:44","date_gmt":"2015-11-09T13:47:44","guid":{"rendered":"https:\/\/www.solidarnosc.org.pl\/bbial\/archiwumstrony\/?page_id=3021"},"modified":"2019-11-25T00:29:00","modified_gmt":"2019-11-25T00:29:00","slug":"europejskie-rady-zakladowe","status":"publish","type":"page","link":"https:\/\/www.solidarnosc.org.pl\/bbial\/archiwumstrony\/europejskie-rady-zakladowe\/","title":{"rendered":"Europejskie Rady Zak\u0142adowe"},"content":{"rendered":"<h4>Europejskie Rady Zak\u0142adowe<div class=\"su-divider su-divider-style-default\" style=\"margin:15px 0;border-width:3px;border-color:#054c73\"><\/div><\/h4>\n<p><a href=\"http:\/\/www.europarl.europa.eu\/sides\/getDoc.do?pubRef=-\/\/EP\/\/TEXT+TA+P6-TA-2008-0602+0+DOC+XML+V0\/\/PL&amp;language=PL\" target=\"blank\">Nowy kszta\u0142t Dyrektywy o Europejskich Radach Zak\u0142adowych <\/a><\/p>\n<p><a href=\"https:\/\/www.solidarnosc.org.pl\/bbial\/archiwumstrony\/wp-content\/uploads\/2015\/09\/europejskie-rady-zak\u0142adowe.pdf\" target=\"_blank\">Ustawa z dnia 5 kwietnia 2002 r. o europejskich radach zak\u0142adowych <\/a><\/p>\n<p><a href=\"https:\/\/www.solidarnosc.org.pl\/bbial\/archiwumstrony\/pdfy\/euro_rady\/dyrekt.pdf\" target=\"blank\">Dyrektywa Rady z dnia 22 wrze\u015bnia 1994 r. w sprawie ustanowienia Europejskiej Rady Zak\u0142adowej<\/a><\/p>\n<p><a href=\"https:\/\/www.solidarnosc.org.pl\/bbial\/archiwumstrony\/pdfy\/euro_rady\/rew_dyr.pdf\" target=\"blank\">Rewizja Dyrektywy o Europejskich Radach Zak\u0142adowych<\/a><\/p>\n","protected":false},"excerpt":{"rendered":"<p>Europejskie Rady Zak\u0142adowe Nowy kszta\u0142t Dyrektywy o Europejskich Radach Zak\u0142adowych Ustawa z dnia 5 kwietnia 2002 r. o europejskich radach zak\u0142adowych Dyrektywa Rady z dnia 22 wrze\u015bnia 1994 r. w sprawie ustanowienia Europejskiej Rady Zak\u0142adowej Rewizja Dyrektywy o Europejskich Radach Zak\u0142adowych<\/p>\n","protected":false},"author":5,"featured_media":0,"parent":0,"menu_order":0,"comment_status":"closed","ping_status":"closed","template":"","meta":{"_links_to":"","_links_to_target":""},"yoast_head":"<!-- This site is optimized with the Yoast SEO plugin v20.6-RC4 - https:\/\/yoast.com\/wordpress\/plugins\/seo\/ -->\n<title>&#032;-&#032; Europejskie Rady Zak\u0142adowe<\/title>\n<meta name=\"robots\" content=\"index, follow, max-snippet:-1, max-image-preview:large, max-video-preview:-1\" \/>\n<link rel=\"canonical\" href=\"https:\/\/www.solidarnosc.org.pl\/bbial\/archiwumstrony\/europejskie-rady-zakladowe\/\" \/>\n<meta property=\"og:locale\" content=\"pl_PL\" \/>\n<meta property=\"og:type\" content=\"article\" \/>\n<meta property=\"og:title\" content=\"&#032;-&#032; Europejskie Rady Zak\u0142adowe\" \/>\n<meta property=\"og:description\" content=\"Europejskie Rady Zak\u0142adowe Nowy kszta\u0142t Dyrektywy o Europejskich Radach Zak\u0142adowych Ustawa z dnia 5 kwietnia 2002 r. o europejskich radach zak\u0142adowych Dyrektywa Rady z dnia 22 wrze\u015bnia 1994 r. w sprawie ustanowienia Europejskiej Rady Zak\u0142adowej Rewizja Dyrektywy o Europejskich Radach Zak\u0142adowych\" \/>\n<meta property=\"og:url\" content=\"https:\/\/www.solidarnosc.org.pl\/bbial\/archiwumstrony\/europejskie-rady-zakladowe\/\" \/>\n<meta property=\"og:site_name\" content=\"NSZZ SOLIDARNO\u015a\u0106\" \/>\n<meta property=\"article:publisher\" content=\"https:\/\/www.facebook.com\/RegionPodbeskidzieNSZZSolidarnosc\/?locale=pl_PL\" \/>\n<meta property=\"article:modified_time\" content=\"2019-11-25T00:29:00+00:00\" \/>\n<meta property=\"og:image\" content=\"https:\/\/www.solidarnosc.org.pl\/bbial\/archiwumstrony\/wp-content\/uploads\/2023\/10\/logo-nszz-s-podeskidzie.jpg\" \/>\n\t<meta property=\"og:image:width\" content=\"1626\" \/>\n\t<meta property=\"og:image:height\" content=\"1030\" \/>\n\t<meta property=\"og:image:type\" content=\"image\/jpeg\" \/>\n<meta name=\"twitter:card\" content=\"summary_large_image\" \/>\n<script type=\"application\/ld+json\" class=\"yoast-schema-graph\">{\"@context\":\"https:\/\/schema.org\",\"@graph\":[{\"@type\":\"WebPage\",\"@id\":\"https:\/\/www.solidarnosc.org.pl\/bbial\/archiwumstrony\/europejskie-rady-zakladowe\/\",\"url\":\"https:\/\/www.solidarnosc.org.pl\/bbial\/archiwumstrony\/europejskie-rady-zakladowe\/\",\"name\":\"&#32;-&#32; Europejskie Rady Zak\u0142adowe\",\"isPartOf\":{\"@id\":\"https:\/\/www.solidarnosc.org.pl\/bbial\/archiwumstrony\/#website\"},\"datePublished\":\"2015-11-09T13:47:44+00:00\",\"dateModified\":\"2019-11-25T00:29:00+00:00\",\"breadcrumb\":{\"@id\":\"https:\/\/www.solidarnosc.org.pl\/bbial\/archiwumstrony\/europejskie-rady-zakladowe\/#breadcrumb\"},\"inLanguage\":\"pl-PL\",\"potentialAction\":[{\"@type\":\"ReadAction\",\"target\":[\"https:\/\/www.solidarnosc.org.pl\/bbial\/archiwumstrony\/europejskie-rady-zakladowe\/\"]}]},{\"@type\":\"BreadcrumbList\",\"@id\":\"https:\/\/www.solidarnosc.org.pl\/bbial\/archiwumstrony\/europejskie-rady-zakladowe\/#breadcrumb\",\"itemListElement\":[{\"@type\":\"ListItem\",\"position\":1,\"name\":\"Strona g\u0142\u00f3wna\",\"item\":\"https:\/\/www.solidarnosc.org.pl\/bbial\/archiwumstrony\/\"},{\"@type\":\"ListItem\",\"position\":2,\"name\":\"Europejskie Rady Zak\u0142adowe\"}]},{\"@type\":\"WebSite\",\"@id\":\"https:\/\/www.solidarnosc.org.pl\/bbial\/archiwumstrony\/#website\",\"url\":\"https:\/\/www.solidarnosc.org.pl\/bbial\/archiwumstrony\/\",\"name\":\"NSZZ SOLIDARNO\u015a\u0106\",\"description\":\"Region Podbeskidzie\",\"publisher\":{\"@id\":\"https:\/\/www.solidarnosc.org.pl\/bbial\/archiwumstrony\/#organization\"},\"potentialAction\":[{\"@type\":\"SearchAction\",\"target\":{\"@type\":\"EntryPoint\",\"urlTemplate\":\"https:\/\/www.solidarnosc.org.pl\/bbial\/archiwumstrony\/?s={search_term_string}\"},\"query-input\":\"required name=search_term_string\"}],\"inLanguage\":\"pl-PL\"},{\"@type\":\"Organization\",\"@id\":\"https:\/\/www.solidarnosc.org.pl\/bbial\/archiwumstrony\/#organization\",\"name\":\"NSZZ SOLIDARNO\u015a\u0106\",\"url\":\"https:\/\/www.solidarnosc.org.pl\/bbial\/archiwumstrony\/\",\"logo\":{\"@type\":\"ImageObject\",\"inLanguage\":\"pl-PL\",\"@id\":\"https:\/\/www.solidarnosc.org.pl\/bbial\/archiwumstrony\/#\/schema\/logo\/image\/\",\"url\":\"https:\/\/www.solidarnosc.org.pl\/bbial\/archiwumstrony\/wp-content\/uploads\/2023\/10\/logo-nszz-s-podeskidzie.jpg\",\"contentUrl\":\"https:\/\/www.solidarnosc.org.pl\/bbial\/archiwumstrony\/wp-content\/uploads\/2023\/10\/logo-nszz-s-podeskidzie.jpg\",\"width\":1626,\"height\":1030,\"caption\":\"NSZZ SOLIDARNO\u015a\u0106\"},\"image\":{\"@id\":\"https:\/\/www.solidarnosc.org.pl\/bbial\/archiwumstrony\/#\/schema\/logo\/image\/\"},\"sameAs\":[\"https:\/\/www.facebook.com\/RegionPodbeskidzieNSZZSolidarnosc\/?locale=pl_PL\"]}]}<\/script>\n<!-- \/ Yoast SEO plugin. -->","yoast_head_json":{"title":"&#32;-&#32; Europejskie Rady Zak\u0142adowe","robots":{"index":"index","follow":"follow","max-snippet":"max-snippet:-1","max-image-preview":"max-image-preview:large","max-video-preview":"max-video-preview:-1"},"canonical":"https:\/\/www.solidarnosc.org.pl\/bbial\/archiwumstrony\/europejskie-rady-zakladowe\/","og_locale":"pl_PL","og_type":"article","og_title":"&#32;-&#32; Europejskie Rady Zak\u0142adowe","og_description":"Europejskie Rady Zak\u0142adowe Nowy kszta\u0142t Dyrektywy o Europejskich Radach Zak\u0142adowych Ustawa z dnia 5 kwietnia 2002 r. o europejskich radach zak\u0142adowych Dyrektywa Rady z dnia 22 wrze\u015bnia 1994 r. w sprawie ustanowienia Europejskiej Rady Zak\u0142adowej Rewizja Dyrektywy o Europejskich Radach Zak\u0142adowych","og_url":"https:\/\/www.solidarnosc.org.pl\/bbial\/archiwumstrony\/europejskie-rady-zakladowe\/","og_site_name":"NSZZ SOLIDARNO\u015a\u0106","article_publisher":"https:\/\/www.facebook.com\/RegionPodbeskidzieNSZZSolidarnosc\/?locale=pl_PL","article_modified_time":"2019-11-25T00:29:00+00:00","og_image":[{"width":1626,"height":1030,"url":"https:\/\/www.solidarnosc.org.pl\/bbial\/archiwumstrony\/wp-content\/uploads\/2023\/10\/logo-nszz-s-podeskidzie.jpg","type":"image\/jpeg"}],"twitter_card":"summary_large_image","schema":{"@context":"https:\/\/schema.org","@graph":[{"@type":"WebPage","@id":"https:\/\/www.solidarnosc.org.pl\/bbial\/archiwumstrony\/europejskie-rady-zakladowe\/","url":"https:\/\/www.solidarnosc.org.pl\/bbial\/archiwumstrony\/europejskie-rady-zakladowe\/","name":"&#32;-&#32; Europejskie Rady Zak\u0142adowe","isPartOf":{"@id":"https:\/\/www.solidarnosc.org.pl\/bbial\/archiwumstrony\/#website"},"datePublished":"2015-11-09T13:47:44+00:00","dateModified":"2019-11-25T00:29:00+00:00","breadcrumb":{"@id":"https:\/\/www.solidarnosc.org.pl\/bbial\/archiwumstrony\/europejskie-rady-zakladowe\/#breadcrumb"},"inLanguage":"pl-PL","potentialAction":[{"@type":"ReadAction","target":["https:\/\/www.solidarnosc.org.pl\/bbial\/archiwumstrony\/europejskie-rady-zakladowe\/"]}]},{"@type":"BreadcrumbList","@id":"https:\/\/www.solidarnosc.org.pl\/bbial\/archiwumstrony\/europejskie-rady-zakladowe\/#breadcrumb","itemListElement":[{"@type":"ListItem","position":1,"name":"Strona g\u0142\u00f3wna","item":"https:\/\/www.solidarnosc.org.pl\/bbial\/archiwumstrony\/"},{"@type":"ListItem","position":2,"name":"Europejskie Rady Zak\u0142adowe"}]},{"@type":"WebSite","@id":"https:\/\/www.solidarnosc.org.pl\/bbial\/archiwumstrony\/#website","url":"https:\/\/www.solidarnosc.org.pl\/bbial\/archiwumstrony\/","name":"NSZZ SOLIDARNO\u015a\u0106","description":"Region Podbeskidzie","publisher":{"@id":"https:\/\/www.solidarnosc.org.pl\/bbial\/archiwumstrony\/#organization"},"potentialAction":[{"@type":"SearchAction","target":{"@type":"EntryPoint","urlTemplate":"https:\/\/www.solidarnosc.org.pl\/bbial\/archiwumstrony\/?s={search_term_string}"},"query-input":"required name=search_term_string"}],"inLanguage":"pl-PL"},{"@type":"Organization","@id":"https:\/\/www.solidarnosc.org.pl\/bbial\/archiwumstrony\/#organization","name":"NSZZ SOLIDARNO\u015a\u0106","url":"https:\/\/www.solidarnosc.org.pl\/bbial\/archiwumstrony\/","logo":{"@type":"ImageObject","inLanguage":"pl-PL","@id":"https:\/\/www.solidarnosc.org.pl\/bbial\/archiwumstrony\/#\/schema\/logo\/image\/","url":"https:\/\/www.solidarnosc.org.pl\/bbial\/archiwumstrony\/wp-content\/uploads\/2023\/10\/logo-nszz-s-podeskidzie.jpg","contentUrl":"https:\/\/www.solidarnosc.org.pl\/bbial\/archiwumstrony\/wp-content\/uploads\/2023\/10\/logo-nszz-s-podeskidzie.jpg","width":1626,"height":1030,"caption":"NSZZ SOLIDARNO\u015a\u0106"},"image":{"@id":"https:\/\/www.solidarnosc.org.pl\/bbial\/archiwumstrony\/#\/schema\/logo\/image\/"},"sameAs":["https:\/\/www.facebook.com\/RegionPodbeskidzieNSZZSolidarnosc\/?locale=pl_PL"]}]}},"_links":{"self":[{"href":"https:\/\/www.solidarnosc.org.pl\/bbial\/archiwumstrony\/wp-json\/wp\/v2\/pages\/3021"}],"collection":[{"href":"https:\/\/www.solidarnosc.org.pl\/bbial\/archiwumstrony\/wp-json\/wp\/v2\/pages"}],"about":[{"href":"https:\/\/www.solidarnosc.org.pl\/bbial\/archiwumstrony\/wp-json\/wp\/v2\/types\/page"}],"author":[{"embeddable":true,"href":"https:\/\/www.solidarnosc.org.pl\/bbial\/archiwumstrony\/wp-json\/wp\/v2\/users\/5"}],"replies":[{"embeddable":true,"href":"https:\/\/www.solidarnosc.org.pl\/bbial\/archiwumstrony\/wp-json\/wp\/v2\/comments?post=3021"}],"version-history":[{"count":6,"href":"https:\/\/www.solidarnosc.org.pl\/bbial\/archiwumstrony\/wp-json\/wp\/v2\/pages\/3021\/revisions"}],"predecessor-version":[{"id":16408,"href":"https:\/\/www.solidarnosc.org.pl\/bbial\/archiwumstrony\/wp-json\/wp\/v2\/pages\/3021\/revisions\/16408"}],"wp:attachment":[{"href":"https:\/\/www.solidarnosc.org.pl\/bbial\/archiwumstrony\/wp-json\/wp\/v2\/media?parent=3021"}],"curies":[{"name":"wp","href":"https:\/\/api.w.org\/{rel}","templated":true}]}}