{"id":2281,"date":"2015-09-27T19:02:56","date_gmt":"2015-09-27T19:02:56","guid":{"rendered":"https:\/\/www.solidarnosc.org.pl\/bbial\/archiwumstrony\/?page_id=2281"},"modified":"2024-10-14T13:24:43","modified_gmt":"2024-10-14T11:24:43","slug":"do-pobrania","status":"publish","type":"page","link":"https:\/\/www.solidarnosc.org.pl\/bbial\/archiwumstrony\/do-pobrania\/","title":{"rendered":"DO POBRANIA, WNIOSKI"},"content":{"rendered":"<div class=\"swm_column swm_one_half first \">\n<p><span style=\"color: #ff0000;\"><strong>1)\u00a0Deklaracja cz\u0142onkowska \/ Klauzula do deklaracji<br \/><\/strong><\/span><strong><span style=\"color: #ff0000;\"><a style=\"color: #ff0000;\" href=\"https:\/\/www.solidarnosc.org.pl\/bbial\/archiwumstrony\/wp-content\/uploads\/2018\/12\/deklaracja_czlonkowska_20182.pdf\" target=\"_blank\" rel=\"noopener noreferrer\">PDF <\/a>| <\/span><\/strong><strong><span style=\"color: #ff0000;\"><a style=\"color: #ff0000;\" href=\"https:\/\/www.solidarnosc.org.pl\/bbial\/archiwumstrony\/wp-content\/uploads\/2019\/11\/DEKLARACJA-CZ\u0141ONKOWSK11.doc\" target=\"_blank\" rel=\"noopener noreferrer\">DOC<\/a><\/span><\/strong><\/p>\n<p><span style=\"color: #999999;\"><strong>2) <\/strong><\/span><span style=\"color: #808080;\">Wniosek o wydanie legitymacji elektronicznej<\/span><strong>\u00a0<a href=\"https:\/\/www.solidarnosc.org.pl\/bbial\/archiwumstrony\/wp-content\/uploads\/2021\/08\/Wniosek-o-wydanie-legitymacji-elektronicznej_05_08_2021.pdf\" target=\"blank\" rel=\"noopener noreferrer\">PDF\u00a0<\/a>|\u00a0<\/strong><a href=\"https:\/\/www.solidarnosc.org.pl\/bbial\/archiwumstrony\/wp-content\/uploads\/2021\/08\/Wniosek-o-wydanie-legitymacji-elektronicznej_05_08_2021.doc\"><strong>DOC<\/strong><\/a><\/p>\n<p><strong><span style=\"color: #999999;\"><span style=\"color: #999999;\">3)<\/span> <\/span><\/strong><span style=\"color: #808080;\">Karta <strong>LOTOS<\/strong><\/span><\/p>\n<p><strong><a href=\"https:\/\/www.solidarnosc.org.pl\/bbial\/archiwumstrony\/wp-content\/uploads\/2022\/07\/Wniosek-na-kart\u0119-LOTOS_korekta.pdf\" target=\"blank\" rel=\"noopener noreferrer\">Wniosek o wydanie karty LOTOS (POBIERZ)<\/a><br \/><a href=\"https:\/\/www.solidarnosc.org.pl\/bbial\/archiwumstrony\/wp-content\/uploads\/2022\/07\/Tabela-do-karty-LOTOS_1.xls\">Tabela zbiorcza do kart LOTOS (POBIERZ)<\/a><br \/><\/strong><span style=\"color: #808080;\"><em><strong>Tabel\u0119 prosz\u0119 wys\u0142a\u0107 na adres: pgolab5@wp.pl<\/strong><\/em><\/span><\/p>\n<p><strong><span style=\"color: #999999;\">4) Karta informacyjna organizacji zwi\u0105zkowej NSZZ &#8222;Solidarno\u015b\u0107&#8221;<\/span><\/strong><br \/><span style=\"color: #999999;\"> <a style=\"color: #999999;\" href=\"https:\/\/www.solidarnosc.org.pl\/bbial\/archiwumstrony\/wp-content\/uploads\/2019\/01\/Karta-informacyjna-organizacji-zak\u0142adowej.xls\">XLS <\/a>|<\/span><span style=\"color: #999999;\"> <a style=\"color: #999999;\" href=\"https:\/\/www.solidarnosc.org.pl\/bbial\/archiwumstrony\/wp-content\/uploads\/2019\/01\/Karta-informacyjna-organizacji-zak\u0142adowej.pdf\" target=\"blank\" rel=\"noopener noreferrer\">PDF<\/a><\/span><\/p>\n<p><strong><span style=\"color: #999999;\">5) <a style=\"color: #999999;\" href=\"https:\/\/www.solidarnosc.org.pl\/bbial\/archiwumstrony\/dok\/oddelegowanie.pdf\" target=\"blank\" rel=\"noopener noreferrer\">Oddelegowanie \u00bb<\/a><\/span><\/strong><\/p>\n<p><strong><span style=\"color: #999999;\">6) Zg\u0142oszenie na szkolenie<\/span><\/strong><br \/><span style=\"color: #999999;\"> <a style=\"color: #999999;\" href=\"https:\/\/www.solidarnosc.org.pl\/bbial\/archiwumstrony\/dok\/szkol\/zglosz.rtf\">RTF <\/a>|<\/span><span style=\"color: #999999;\"> <a style=\"color: #999999;\" href=\"https:\/\/www.solidarnosc.org.pl\/bbial\/archiwumstrony\/pdfy\/zglosz.pdf\" target=\"blank\" rel=\"noopener noreferrer\">PDF<\/a><\/span><\/p>\n<p><span style=\"color: #999999;\"><b>7) Dokumenty do za\u0142o\u017cenia nowej organizacji zwi\u0105zkowej:<\/b><\/span><br \/><span style=\"color: #999999;\"> <a style=\"color: #999999;\" href=\"https:\/\/www.solidarnosc.org.pl\/bbial\/archiwumstrony\/wp-content\/uploads\/2019\/10\/etap_1_korekta.rtf\" target=\"_blank\" rel=\"noopener noreferrer\">Etap 1 &#8211; Lista os\u00f3b \u00bb<\/a><\/span><br \/><span style=\"color: #999999;\"> <a style=\"color: #999999;\" href=\"https:\/\/www.solidarnosc.org.pl\/bbial\/archiwumstrony\/wp-content\/uploads\/2019\/10\/etap_2_korekta.rtf\" target=\"_blank\" rel=\"noopener noreferrer\">Etap 2 &#8211; Uchwa\u0142a ws. za\u0142o\u017cenia organizacji zwi\u0105zkowej \u00bb<\/a><\/span><br \/><span style=\"color: #999999;\"> <a style=\"color: #999999;\" href=\"https:\/\/www.solidarnosc.org.pl\/bbial\/archiwumstrony\/dok\/nowe_org\/etap_3.pdf\" target=\"blank\" rel=\"noopener noreferrer\">Etap 3 &#8211; Wniosek o zarejestrowanie organizacji zwi\u0105zkowej w Regionie Podbeskidzie \u00bb<\/a>\u00a0<\/span><span style=\"color: #808080;\">,<\/span><br \/><span style=\"color: #999999;\">&#8211;\u00a0<a style=\"color: #999999;\" href=\"https:\/\/www.solidarnosc.org.pl\/bbial\/archiwumstrony\/wp-content\/uploads\/2021\/03\/skladki_wniosek-2_1.doc\">Wniosek ws. przekazywania sk\u0142adki zwi\u0105zkowej na rachunki bankowe\u00a0 \u00bb<\/a><\/span><\/p>\n<p><span style=\"color: #999999;\"><strong>8) <span style=\"color: #999999;\"><a style=\"color: #999999;\" href=\"https:\/\/www.solidarnosc.org.pl\/bbial\/archiwumstrony\/wp-content\/uploads\/2019\/09\/SKARB_SKARBNIKA_ze_znakami_tysola_i_nbp.pdf\" target=\"blank\" rel=\"noopener\">Zwi\u0105zkowy poradnik finansowy &#8222;Skarb skarbnika&#8221; \u00bb<\/a><\/span><\/strong><\/span><\/p>\n<p><span style=\"color: #999999;\"><b>9) Dokumenty do Urz\u0119du Skarbowego o nadanie NIP:<\/b><\/span><br \/><a href=\"https:\/\/www.solidarnosc.org.pl\/bbial\/archiwumstrony\/wp-content\/uploads\/2023\/11\/nip_2-15-09-15-1.pdf\"><span style=\"color: #999999;\"> Zg\u0142oszenie identyfikacyjne NIP-2 \u00bb<\/span><\/a><br \/><span style=\"color: #999999;\"> <a style=\"color: #999999;\" href=\"https:\/\/www.solidarnosc.org.pl\/bbial\/archiwumstrony\/dok\/porozumienie_adres.pdf\" target=\"blank\" rel=\"noopener noreferrer\">Porozumienie dotycz\u0105ce korzystania z adresu \u00bb<\/a><\/span><\/p>\n<p><span style=\"color: #999999;\"><b>10) Dokumenty do G\u0142\u00f3wnego Urz\u0119du Statystycznego:<\/b><\/span><br \/><span style=\"color: #999999;\"> <a style=\"color: #999999;\" href=\"https:\/\/www.solidarnosc.org.pl\/bbial\/archiwumstrony\/wp-content\/uploads\/2018\/07\/rg-op-wniosek-o-wpis-do-krajowego-rejestru-urzedowego-podmiotow-gospodarki-narodowej-o-zmiane-cech-objetych-1537.pdf\">Wniosek o nadanie REGON-u \u00bb<\/a><\/span><\/p>\n<p><strong><span style=\"color: #999999;\">11) <a style=\"color: #999999;\" href=\"https:\/\/www.solidarnosc.org.pl\/bbial\/archiwumstrony\/dok\/swiadczenia.doc\">Wnioski statutowe \u00bb<\/a><\/span><\/strong><\/p>\n<p><span style=\"color: #999999;\"><strong>12)<\/strong><\/span> <a style=\"color: #999999;\" href=\"https:\/\/www.solidarnosc.org.pl\/bbial\/archiwumstrony\/wp-content\/uploads\/2020\/06\/Wniosek-o-udzielenie-pomocy-ze-\u015brodk\u00f3w-Reg.-Funduszu-Strajkowego.pdf\" target=\"_blank\" rel=\"noopener noreferrer\">Wniosek o udzielenie pomocy ze \u015brodk\u00f3w Regionalnego Funduszu Strajkowego NSZZ &#8222;Solidarno\u015b\u0107&#8221; Regionu Podbeskidzie \u00bb<\/a><\/p>\n<p><span style=\"color: #999999;\"><b>13) Dokumenty do Urz\u0119du Skarbowego<\/b><\/span><\/p>\n<p><span style=\"color: #808080;\"><strong>BILANS dla jednostek mikro<\/strong><\/span><br \/><span style=\"color: #808080;\"><a style=\"color: #808080;\" href=\"http:\/\/www.druki.gofin.pl\/bilans-dla-jednostek-mikro,wzor,999,135.html\" target=\"blank\" rel=\"noopener noreferrer\">http:\/\/www.druki.gofin.pl\/bilans-dla-jednostek-mikro,wzor,999,135.html \u00bb<\/a><\/span><\/p>\n<p><span style=\"color: #808080;\"><strong>Rachunek zysk\u00f3w i strat<\/strong><\/span><br \/><span style=\"color: #808080;\"><a style=\"color: #808080;\" href=\"https:\/\/druki.gofin.pl\/podglad\/dzial\/43\/druk\/844\/wersja\/1229\" target=\"blank\" rel=\"noopener noreferrer\">https:\/\/druki.gofin.pl\/podglad\/dzial\/43\/druk\/844\/wersja\/1229 \u00bb<\/a><\/span><\/p>\n<p><a href=\"https:\/\/www.solidarnosc.org.pl\/bbial\/archiwumstrony\/wp-content\/uploads\/2024\/10\/CIT-8_33wersja.pdf\" target=\"blank\" rel=\"noopener noreferrer\"><span style=\"color: #808080;\"><strong>CIT-8 <\/strong><\/span><span style=\"color: #808080;\">\u00bb<\/span><\/a><\/p>\n<p><a href=\"https:\/\/www.solidarnosc.org.pl\/bbial\/archiwumstrony\/wp-content\/uploads\/2024\/10\/CIT-8O_19.pdf\" target=\"blank\" rel=\"noopener noreferrer\"><span style=\"color: #808080;\"><strong>CIT-8\/0 <\/strong><\/span><span style=\"color: #808080;\">\u00bb<\/span><\/a><\/p>\n<p><span style=\"color: #808080;\"><strong>INFORMACJE UZUPE\u0141NIAJ\u0104CE DO BILANSU <\/strong><\/span><\/p>\n<ol>\n<li style=\"list-style-type: none;\">\n<ol>\n<li><span style=\"color: #808080;\"><a style=\"color: #808080;\" href=\"http:\/\/www.druki.gofin.pl\/informacje-uzupelniajace-do-bilansu-sporzadzanego-przez,wzor,930,125.html\" target=\"blank\" rel=\"noopener noreferrer\">http:\/\/www.druki.gofin.pl\/informacje-uzupelniajace-do-bilansu-sporzadzanego-przez,wzor,930,125.html \u00bb<\/a><\/span><\/li>\n<li><span style=\"color: #808080;\"><strong><a href=\"https:\/\/www.solidarnosc.org.pl\/bbial\/archiwumstrony\/wp-content\/uploads\/2022\/02\/Przyk\u0142ad-Informacje-og\u00f3lne-i-uzupe\u0142niaj\u0105ce-do-bilansu.doc\">Przyk\u0142ad \u00bb<\/a><br \/><\/strong><\/span><\/li>\n<\/ol>\n<\/li>\n<\/ol>\n<p><span style=\"color: #808080;\"><strong>14)\u00a0 Sprawozdawczo\u015b\u0107 zwi\u0105zkowa <\/strong> <\/span><\/p>\n<p><strong>Przypominamy zak\u0142adowym organizacjom zwi\u0105zkowym o obowi\u0105zku powiadamiania pracodawcy o liczbie swoich cz\u0142onk\u00f3w. Termin up\u0142ywa 10 stycznia. R\u00f3wnocze\u015bnie przypominamy, \u017ce w tym samym terminie nale\u017cy dostarczy\u0107 do Zarz\u0105du Regionu &#8211; jak co roku &#8211; karty informacyjne zak\u0142adowych organizacji zwi\u0105zkowych (karta do pobrania w formatach: <a href=\"https:\/\/www.solidarnosc.org.pl\/bbial\/archiwumstrony\/wp-content\/uploads\/2020\/01\/Karta-informacyjna-organizacji-zak\u0142adowej.pdf\" target=\"_blank\" rel=\"noopener noreferrer\">pdf \u00bb<\/a>, <a href=\"https:\/\/www.solidarnosc.org.pl\/bbial\/archiwumstrony\/wp-content\/uploads\/2020\/01\/Karta-informacyjna-organizacji-zak\u0142adowej.xls\" target=\"_blank\" rel=\"noopener noreferrer\">xls \u00bb<\/a>). <br \/>Karty informacyjne prosimy sk\u0142ada\u0107 u pani Agaty Krawczyk.<br \/><\/strong><!--more--><\/p>\n<p>Zgodnie z przepisami znowelizowanej ustawy o zwi\u0105zkach zawodowych pocz\u0105wszy od 2019 r. informacja o liczbie cz\u0142onk\u00f3w organizacji zwi\u0105zkowych musi by\u0107 przedstawiana co sze\u015b\u0107 miesi\u0119cy (a nie jak to mia\u0142o miejsce dotychczas \u2013 co kwarta\u0142). <strong>W\u0142adze zwi\u0105zku powinny przygotowa\u0107 t\u0119 informacj\u0119 wed\u0142ug stanu na dzie\u0144 30 czerwca i 31 grudnia, w terminie odpowiednio: do 10 lipca i 10 stycznia.<\/strong><\/p>\n<p>Organizacja, kt\u00f3ra zostanie utworzona w trakcie roku, pierwsz\u0105 informacj\u0119 o liczbie cz\u0142onk\u00f3w b\u0119dzie przedk\u0142ada\u0142a pracodawcy w terminie dw\u00f3ch miesi\u0119cy od dnia powstania. Nie b\u0119dzie jej to jednak zwalnia\u0107 z obowi\u0105zku z\u0142o\u017cenia informacji p\u00f3\u0142rocznej.<\/p>\n<p>Organizacji, kt\u00f3ra nie wype\u0142ni powy\u017cszych obowi\u0105zk\u00f3w w terminie, nie b\u0119d\u0105 przys\u0142ugiwa\u0142y uprawnienia zak\u0142adowej organizacji zwi\u0105zkowej do czasu wykonania tych obowi\u0105zk\u00f3w.<\/p>\n<p>Wa\u017cne jest te\u017c to, \u017ce liczba cz\u0142onk\u00f3w zwi\u0105zku wskazana w informacji p\u00f3\u0142rocznej b\u0119dzie decydowa\u0142a o ustalaniu uprawnie\u0144 organizacji zwi\u0105zkowej. Ewentualne zmiany stanu liczbowego zwi\u0105zku, kt\u00f3re nast\u0105pi\u0105 w ci\u0105gu sze\u015bciomiesi\u0119cznego okresu sprawozdawczego, pozostan\u0105 bez wp\u0142ywu na te uprawnienia.<\/p>\n<p><strong>Tekst znowelizowanej Ustawy o zwi\u0105zkach zawodowych znale\u017a\u0107 mo\u017cna <a href=\"https:\/\/www.solidarnosc.org.pl\/bbial\/archiwumstrony\/wp-content\/uploads\/2018\/12\/Ustawa-o-zz.pdf\" target=\"_blank\" rel=\"noopener noreferrer\">TUTAJ<\/a>. O opisanym wy\u017cej obowi\u0105zku informowania pracodawcy traktuje art. 25\u00b9. 2. <\/strong><\/p>\n<p><span style=\"color: #808080;\">\u00a0<\/span><\/p>\n<p><span style=\"line-height: 1.5;\"><\/div><\/span><\/p>\n<div class=\"swm_column swm_one_half  \"><div class=\"image_lightbox image_left\"><img alt=\"\" src=\"https:\/\/www.solidarnosc.org.pl\/bbial\/archiwumstrony\/wp-content\/uploads\/2015\/09\/pisma-wzorcowe-solidarnosc.jpg\" class=\"\" \/><\/div> <\/div>\n","protected":false},"excerpt":{"rendered":"<p>1)\u00a0Deklaracja cz\u0142onkowska \/ Klauzula do deklaracjiPDF | DOC 2) Wniosek o wydanie legitymacji elektronicznej\u00a0PDF\u00a0|\u00a0DOC 3) Karta LOTOS Wniosek o wydanie karty LOTOS (POBIERZ)Tabela zbiorcza do kart LOTOS (POBIERZ)Tabel\u0119 prosz\u0119 wys\u0142a\u0107 na adres: pgolab5@wp.pl 4) Karta informacyjna organizacji zwi\u0105zkowej NSZZ &#8222;Solidarno\u015b\u0107&#8221; XLS | PDF 5) Oddelegowanie \u00bb 6) Zg\u0142oszenie na szkolenie RTF | PDF 7) Dokumenty [&hellip;]<\/p>\n","protected":false},"author":1,"featured_media":0,"parent":0,"menu_order":0,"comment_status":"closed","ping_status":"closed","template":"","meta":{"_links_to":"","_links_to_target":""},"yoast_head":"<!-- This site is optimized with the Yoast SEO plugin v20.6-RC4 - https:\/\/yoast.com\/wordpress\/plugins\/seo\/ -->\n<title>&#032;-&#032; DO POBRANIA, WNIOSKI<\/title>\n<meta name=\"robots\" content=\"index, follow, max-snippet:-1, max-image-preview:large, max-video-preview:-1\" \/>\n<link rel=\"canonical\" href=\"https:\/\/www.solidarnosc.org.pl\/bbial\/archiwumstrony\/do-pobrania\/\" \/>\n<meta property=\"og:locale\" content=\"pl_PL\" \/>\n<meta property=\"og:type\" content=\"article\" \/>\n<meta property=\"og:title\" content=\"&#032;-&#032; DO POBRANIA, WNIOSKI\" \/>\n<meta property=\"og:description\" content=\"1)\u00a0Deklaracja cz\u0142onkowska \/ Klauzula do deklaracjiPDF | DOC 2) Wniosek o wydanie legitymacji elektronicznej\u00a0PDF\u00a0|\u00a0DOC 3) Karta LOTOS Wniosek o wydanie karty LOTOS (POBIERZ)Tabela zbiorcza do kart LOTOS (POBIERZ)Tabel\u0119 prosz\u0119 wys\u0142a\u0107 na adres: pgolab5@wp.pl 4) Karta informacyjna organizacji zwi\u0105zkowej NSZZ &#8222;Solidarno\u015b\u0107&#8221; XLS | PDF 5) Oddelegowanie \u00bb 6) Zg\u0142oszenie na szkolenie RTF | PDF 7) Dokumenty [&hellip;]\" \/>\n<meta property=\"og:url\" content=\"https:\/\/www.solidarnosc.org.pl\/bbial\/archiwumstrony\/do-pobrania\/\" \/>\n<meta property=\"og:site_name\" content=\"NSZZ SOLIDARNO\u015a\u0106\" \/>\n<meta property=\"article:publisher\" content=\"https:\/\/www.facebook.com\/RegionPodbeskidzieNSZZSolidarnosc\/?locale=pl_PL\" \/>\n<meta property=\"article:modified_time\" content=\"2024-10-14T11:24:43+00:00\" \/>\n<meta property=\"og:image\" content=\"https:\/\/www.solidarnosc.org.pl\/bbial\/archiwumstrony\/wp-content\/uploads\/2023\/10\/logo-nszz-s-podeskidzie.jpg\" \/>\n\t<meta property=\"og:image:width\" content=\"1626\" \/>\n\t<meta property=\"og:image:height\" content=\"1030\" \/>\n\t<meta property=\"og:image:type\" content=\"image\/jpeg\" \/>\n<meta name=\"twitter:card\" content=\"summary_large_image\" \/>\n<meta name=\"twitter:label1\" content=\"Szacowany czas czytania\" \/>\n\t<meta name=\"twitter:data1\" content=\"3 minuty\" \/>\n<script type=\"application\/ld+json\" class=\"yoast-schema-graph\">{\"@context\":\"https:\/\/schema.org\",\"@graph\":[{\"@type\":\"WebPage\",\"@id\":\"https:\/\/www.solidarnosc.org.pl\/bbial\/archiwumstrony\/do-pobrania\/\",\"url\":\"https:\/\/www.solidarnosc.org.pl\/bbial\/archiwumstrony\/do-pobrania\/\",\"name\":\"&#32;-&#32; DO POBRANIA, WNIOSKI\",\"isPartOf\":{\"@id\":\"https:\/\/www.solidarnosc.org.pl\/bbial\/archiwumstrony\/#website\"},\"datePublished\":\"2015-09-27T19:02:56+00:00\",\"dateModified\":\"2024-10-14T11:24:43+00:00\",\"breadcrumb\":{\"@id\":\"https:\/\/www.solidarnosc.org.pl\/bbial\/archiwumstrony\/do-pobrania\/#breadcrumb\"},\"inLanguage\":\"pl-PL\",\"potentialAction\":[{\"@type\":\"ReadAction\",\"target\":[\"https:\/\/www.solidarnosc.org.pl\/bbial\/archiwumstrony\/do-pobrania\/\"]}]},{\"@type\":\"BreadcrumbList\",\"@id\":\"https:\/\/www.solidarnosc.org.pl\/bbial\/archiwumstrony\/do-pobrania\/#breadcrumb\",\"itemListElement\":[{\"@type\":\"ListItem\",\"position\":1,\"name\":\"Strona g\u0142\u00f3wna\",\"item\":\"https:\/\/www.solidarnosc.org.pl\/bbial\/archiwumstrony\/\"},{\"@type\":\"ListItem\",\"position\":2,\"name\":\"DO POBRANIA, WNIOSKI\"}]},{\"@type\":\"WebSite\",\"@id\":\"https:\/\/www.solidarnosc.org.pl\/bbial\/archiwumstrony\/#website\",\"url\":\"https:\/\/www.solidarnosc.org.pl\/bbial\/archiwumstrony\/\",\"name\":\"NSZZ SOLIDARNO\u015a\u0106\",\"description\":\"Region Podbeskidzie\",\"publisher\":{\"@id\":\"https:\/\/www.solidarnosc.org.pl\/bbial\/archiwumstrony\/#organization\"},\"potentialAction\":[{\"@type\":\"SearchAction\",\"target\":{\"@type\":\"EntryPoint\",\"urlTemplate\":\"https:\/\/www.solidarnosc.org.pl\/bbial\/archiwumstrony\/?s={search_term_string}\"},\"query-input\":\"required name=search_term_string\"}],\"inLanguage\":\"pl-PL\"},{\"@type\":\"Organization\",\"@id\":\"https:\/\/www.solidarnosc.org.pl\/bbial\/archiwumstrony\/#organization\",\"name\":\"NSZZ SOLIDARNO\u015a\u0106\",\"url\":\"https:\/\/www.solidarnosc.org.pl\/bbial\/archiwumstrony\/\",\"logo\":{\"@type\":\"ImageObject\",\"inLanguage\":\"pl-PL\",\"@id\":\"https:\/\/www.solidarnosc.org.pl\/bbial\/archiwumstrony\/#\/schema\/logo\/image\/\",\"url\":\"https:\/\/www.solidarnosc.org.pl\/bbial\/archiwumstrony\/wp-content\/uploads\/2023\/10\/logo-nszz-s-podeskidzie.jpg\",\"contentUrl\":\"https:\/\/www.solidarnosc.org.pl\/bbial\/archiwumstrony\/wp-content\/uploads\/2023\/10\/logo-nszz-s-podeskidzie.jpg\",\"width\":1626,\"height\":1030,\"caption\":\"NSZZ SOLIDARNO\u015a\u0106\"},\"image\":{\"@id\":\"https:\/\/www.solidarnosc.org.pl\/bbial\/archiwumstrony\/#\/schema\/logo\/image\/\"},\"sameAs\":[\"https:\/\/www.facebook.com\/RegionPodbeskidzieNSZZSolidarnosc\/?locale=pl_PL\"]}]}<\/script>\n<!-- \/ Yoast SEO plugin. -->","yoast_head_json":{"title":"&#32;-&#32; DO POBRANIA, WNIOSKI","robots":{"index":"index","follow":"follow","max-snippet":"max-snippet:-1","max-image-preview":"max-image-preview:large","max-video-preview":"max-video-preview:-1"},"canonical":"https:\/\/www.solidarnosc.org.pl\/bbial\/archiwumstrony\/do-pobrania\/","og_locale":"pl_PL","og_type":"article","og_title":"&#32;-&#32; DO POBRANIA, WNIOSKI","og_description":"1)\u00a0Deklaracja cz\u0142onkowska \/ Klauzula do deklaracjiPDF | DOC 2) Wniosek o wydanie legitymacji elektronicznej\u00a0PDF\u00a0|\u00a0DOC 3) Karta LOTOS Wniosek o wydanie karty LOTOS (POBIERZ)Tabela zbiorcza do kart LOTOS (POBIERZ)Tabel\u0119 prosz\u0119 wys\u0142a\u0107 na adres: pgolab5@wp.pl 4) Karta informacyjna organizacji zwi\u0105zkowej NSZZ &#8222;Solidarno\u015b\u0107&#8221; XLS | PDF 5) Oddelegowanie \u00bb 6) Zg\u0142oszenie na szkolenie RTF | PDF 7) Dokumenty [&hellip;]","og_url":"https:\/\/www.solidarnosc.org.pl\/bbial\/archiwumstrony\/do-pobrania\/","og_site_name":"NSZZ SOLIDARNO\u015a\u0106","article_publisher":"https:\/\/www.facebook.com\/RegionPodbeskidzieNSZZSolidarnosc\/?locale=pl_PL","article_modified_time":"2024-10-14T11:24:43+00:00","og_image":[{"width":1626,"height":1030,"url":"https:\/\/www.solidarnosc.org.pl\/bbial\/archiwumstrony\/wp-content\/uploads\/2023\/10\/logo-nszz-s-podeskidzie.jpg","type":"image\/jpeg"}],"twitter_card":"summary_large_image","twitter_misc":{"Szacowany czas czytania":"3 minuty"},"schema":{"@context":"https:\/\/schema.org","@graph":[{"@type":"WebPage","@id":"https:\/\/www.solidarnosc.org.pl\/bbial\/archiwumstrony\/do-pobrania\/","url":"https:\/\/www.solidarnosc.org.pl\/bbial\/archiwumstrony\/do-pobrania\/","name":"&#32;-&#32; DO POBRANIA, WNIOSKI","isPartOf":{"@id":"https:\/\/www.solidarnosc.org.pl\/bbial\/archiwumstrony\/#website"},"datePublished":"2015-09-27T19:02:56+00:00","dateModified":"2024-10-14T11:24:43+00:00","breadcrumb":{"@id":"https:\/\/www.solidarnosc.org.pl\/bbial\/archiwumstrony\/do-pobrania\/#breadcrumb"},"inLanguage":"pl-PL","potentialAction":[{"@type":"ReadAction","target":["https:\/\/www.solidarnosc.org.pl\/bbial\/archiwumstrony\/do-pobrania\/"]}]},{"@type":"BreadcrumbList","@id":"https:\/\/www.solidarnosc.org.pl\/bbial\/archiwumstrony\/do-pobrania\/#breadcrumb","itemListElement":[{"@type":"ListItem","position":1,"name":"Strona g\u0142\u00f3wna","item":"https:\/\/www.solidarnosc.org.pl\/bbial\/archiwumstrony\/"},{"@type":"ListItem","position":2,"name":"DO POBRANIA, WNIOSKI"}]},{"@type":"WebSite","@id":"https:\/\/www.solidarnosc.org.pl\/bbial\/archiwumstrony\/#website","url":"https:\/\/www.solidarnosc.org.pl\/bbial\/archiwumstrony\/","name":"NSZZ SOLIDARNO\u015a\u0106","description":"Region Podbeskidzie","publisher":{"@id":"https:\/\/www.solidarnosc.org.pl\/bbial\/archiwumstrony\/#organization"},"potentialAction":[{"@type":"SearchAction","target":{"@type":"EntryPoint","urlTemplate":"https:\/\/www.solidarnosc.org.pl\/bbial\/archiwumstrony\/?s={search_term_string}"},"query-input":"required name=search_term_string"}],"inLanguage":"pl-PL"},{"@type":"Organization","@id":"https:\/\/www.solidarnosc.org.pl\/bbial\/archiwumstrony\/#organization","name":"NSZZ SOLIDARNO\u015a\u0106","url":"https:\/\/www.solidarnosc.org.pl\/bbial\/archiwumstrony\/","logo":{"@type":"ImageObject","inLanguage":"pl-PL","@id":"https:\/\/www.solidarnosc.org.pl\/bbial\/archiwumstrony\/#\/schema\/logo\/image\/","url":"https:\/\/www.solidarnosc.org.pl\/bbial\/archiwumstrony\/wp-content\/uploads\/2023\/10\/logo-nszz-s-podeskidzie.jpg","contentUrl":"https:\/\/www.solidarnosc.org.pl\/bbial\/archiwumstrony\/wp-content\/uploads\/2023\/10\/logo-nszz-s-podeskidzie.jpg","width":1626,"height":1030,"caption":"NSZZ SOLIDARNO\u015a\u0106"},"image":{"@id":"https:\/\/www.solidarnosc.org.pl\/bbial\/archiwumstrony\/#\/schema\/logo\/image\/"},"sameAs":["https:\/\/www.facebook.com\/RegionPodbeskidzieNSZZSolidarnosc\/?locale=pl_PL"]}]}},"_links":{"self":[{"href":"https:\/\/www.solidarnosc.org.pl\/bbial\/archiwumstrony\/wp-json\/wp\/v2\/pages\/2281"}],"collection":[{"href":"https:\/\/www.solidarnosc.org.pl\/bbial\/archiwumstrony\/wp-json\/wp\/v2\/pages"}],"about":[{"href":"https:\/\/www.solidarnosc.org.pl\/bbial\/archiwumstrony\/wp-json\/wp\/v2\/types\/page"}],"author":[{"embeddable":true,"href":"https:\/\/www.solidarnosc.org.pl\/bbial\/archiwumstrony\/wp-json\/wp\/v2\/users\/1"}],"replies":[{"embeddable":true,"href":"https:\/\/www.solidarnosc.org.pl\/bbial\/archiwumstrony\/wp-json\/wp\/v2\/comments?post=2281"}],"version-history":[{"count":114,"href":"https:\/\/www.solidarnosc.org.pl\/bbial\/archiwumstrony\/wp-json\/wp\/v2\/pages\/2281\/revisions"}],"predecessor-version":[{"id":37375,"href":"https:\/\/www.solidarnosc.org.pl\/bbial\/archiwumstrony\/wp-json\/wp\/v2\/pages\/2281\/revisions\/37375"}],"wp:attachment":[{"href":"https:\/\/www.solidarnosc.org.pl\/bbial\/archiwumstrony\/wp-json\/wp\/v2\/media?parent=2281"}],"curies":[{"name":"wp","href":"https:\/\/api.w.org\/{rel}","templated":true}]}}