{"id":22633,"date":"2021-02-23T08:30:52","date_gmt":"2021-02-23T07:30:52","guid":{"rendered":"https:\/\/www.solidarnosc.org.pl\/bbial\/archiwumstrony\/?page_id=22633"},"modified":"2023-06-07T06:55:32","modified_gmt":"2023-06-07T04:55:32","slug":"sekcja-mlodych","status":"publish","type":"page","link":"https:\/\/www.solidarnosc.org.pl\/bbial\/archiwumstrony\/sekcja-mlodych\/","title":{"rendered":"Sekcja M\u0142odych"},"content":{"rendered":"<h3>Sekcja\u00a0M\u0142odych\u00a0<strong>NSZZ &#8222;Solidarno\u015b\u0107&#8221;\u00a0<\/strong><strong>REGIONU PODBESKIDZIE<br \/><div class=\"su-divider su-divider-style-default\" style=\"margin:15px 0;border-width:3px;border-color:#054c73\"><\/div><\/strong><\/h3>\n<h4 align=\"justify\">Serdecznie witamy w Regionalnej Sekcji M\u0142odych NSZZ &#8222;Solidarno\u015b\u0107&#8221;.<\/h4>\n<div class=\"recent_posts_square_posts\"><ul><li class=\"swm_blog_post\"><div class=\"swm_post_format\"><div class=\"post_format\"><a href=\"https:\/\/www.solidarnosc.org.pl\/bbial\/archiwumstrony\/wp-content\/uploads\/2021\/04\/Szkolenie.jpg\"  data-rel=\"prettyPhoto\" title=\"Organizowanie w czasach pandemii\"><img width=\"800\" height=\"400\" src=\"https:\/\/www.solidarnosc.org.pl\/bbial\/archiwumstrony\/wp-content\/uploads\/2021\/04\/Szkolenie-800x400.jpg\" class=\"attachment-blog-post size-blog-post wp-post-image\" alt=\"\" loading=\"lazy\" \/><\/a><\/div><\/div><div class=\"recent_posts_square_date\"><a href=\"https:\/\/www.solidarnosc.org.pl\/bbial\/archiwumstrony\/solidarnosc\/organizowanie-w-czasach-pandemii\/\" target=\"_self\">27<span class=\"d_month\">kw.<\/span><span class=\"d_year\">2021<\/span><\/a><\/div><div class=\"recent_posts_square_content\"><div><h2><a href=\"https:\/\/www.solidarnosc.org.pl\/bbial\/archiwumstrony\/solidarnosc\/organizowanie-w-czasach-pandemii\/\" target=\"_self\">Organizowanie w czasach pandemii<\/a><\/h2><\/div><p><h5 class=\"western\"><strong>JAK SKUTECZNIE ORGANIZOWA\u0106 ONLINE<\/strong><\/h5>\n<div class=\"article_toolbar_top\">\n<div class=\"article_info\">\n<h5 class=\"article_date\">Krajowa Sekcja M\u0142odych zaprasza na kolejne ju\u017c spotkanie, na kt\u00f3rym b\u0119dziemy rozmawia\u0107 o tym, jak rozwija\u0107 organizacj\u0119 zwi\u0105zkow\u0105, jak rozmawia\u0107 z lud\u017ami i z jakich narz\u0119dzi korzysta\u0107. Porozmawiamy o tym co si\u0119 zmieni\u0142o przez ostatni rok i jak pandemia wp\u0142yn\u0119\u0142a na zwi\u0105zek zawodowy. Zaryzykujemy te\u017c tez\u0119, \u017ce warto by\u0107 w zwi\u0105zku. Zapraszamy!<\/h5>\n<p><a href=\"https:\/\/www.solidarnosc.org.pl\/bbial\/archiwumstrony\/wp-content\/uploads\/2021\/04\/Szkolenie.jpg\" target=\"blank\"><img class=\"\" src=\"https:\/\/www.solidarnosc.org.pl\/bbial\/archiwumstrony\/wp-content\/uploads\/2021\/04\/Szkolenie.jpg\" width=\"802\" height=\"451\" \/><\/a><\/p>\n<div class=\"yt\">\u00a0<\/div>\n<p><iframe style=\"border: none; overflow: hidden;\" src=\"https:\/\/www.facebook.com\/plugins\/video.php?href=https%3A%2F%2Fwww.facebook.com%2Fsolidarnosc.mlodzi%2Fvideos%2F231324745457922%2F&amp;show_text=0&amp;width=560\" width=\"802\" height=\"451\" frameborder=\"0\" scrolling=\"no\" allowfullscreen=\"allowfullscreen\"><span data-mce-type=\"bookmark\" style=\"display: inline-block; width: 0px; overflow: hidden; line-height: 0;\" class=\"mce_SELRES_start\">\ufeff<\/span><\/iframe><\/p>\n<\/div>\n<\/div>\n<p>\u0179r\u00f3d\u0142o: Krajowa Sekcja M\u0142odych,\u00a0<span style=\"color: #ff0000;\"><a style=\"color: #ff0000;\" href=\"https:\/\/www.tysol.pl\/a64755-Na-zywo-Webinar-KSM-Status-w-zwiazku-Tak-czyli-jak-skutecznie-organizowac-online\" target=\"blank\">www.tysol.pl<\/a><\/span><br \/> Opublikowano: 26.04.2021<\/p>\n<p>&nbsp;<\/p>\n<\/p><div class=\"grid_date\"><span><i class=\"fa fa-user\"><\/i><a href=\"https:\/\/www.solidarnosc.org.pl\/bbial\/archiwumstrony\/author\/biuro\/\">Sekretariat<\/a><\/span><\/div><\/div><div class=\"clear\"><\/div><\/li><li class=\"swm_blog_post\"><div class=\"swm_post_format\"><div class=\"post_format\"><a href=\"https:\/\/www.solidarnosc.org.pl\/bbial\/archiwumstrony\/wp-content\/uploads\/2021\/03\/Superbohaterzy.jpg\"  data-rel=\"prettyPhoto\" title=\"\u201eJeste\u015bmy superbohaterami!\u201d Wygraj weekend w hotelu \u201eHyrny!\u201d\"><img width=\"750\" height=\"400\" src=\"https:\/\/www.solidarnosc.org.pl\/bbial\/archiwumstrony\/wp-content\/uploads\/2021\/03\/Superbohaterzy-750x400.jpg\" class=\"attachment-blog-post size-blog-post wp-post-image\" alt=\"\" loading=\"lazy\" \/><\/a><\/div><\/div><div class=\"recent_posts_square_date\"><a href=\"https:\/\/www.solidarnosc.org.pl\/bbial\/archiwumstrony\/solidarnosc\/jestesmy-superbohaterami-wygraj-weekend-w-hotelu-hyrny\/\" target=\"_self\">11<span class=\"d_month\">mar<\/span><span class=\"d_year\">2021<\/span><\/a><\/div><div class=\"recent_posts_square_content\"><div><h2><a href=\"https:\/\/www.solidarnosc.org.pl\/bbial\/archiwumstrony\/solidarnosc\/jestesmy-superbohaterami-wygraj-weekend-w-hotelu-hyrny\/\" target=\"_self\">\u201eJeste\u015bmy superbohaterami!\u201d Wygraj weekend w hotelu \u201eHyrny!\u201d<\/a><\/h2><\/div><p><h5>Sekcja M\u0142odych Regionu \u015al\u0105sko &#8211; D\u0105browskiego NSZZ\u00a0 \u201eSolidarno\u015b\u0107\u201d zaprasza Organizacje Zak\u0142adowa i Mi\u0119dzyzak\u0142adowe do udzia\u0142u w konkursie plastycznym pod has\u0142em \u201eJeste\u015bmy Superbohaterami\u201d.\u00a0<\/p>\n<p><img class=\" wp-image-22762 alignnone\" src=\"https:\/\/www.solidarnosc.org.pl\/bbial\/archiwumstrony\/wp-content\/uploads\/2021\/03\/1615221036_jestesmy.jpg\" alt=\"\" width=\"713\" height=\"997\" srcset=\"https:\/\/www.solidarnosc.org.pl\/bbial\/archiwumstrony\/wp-content\/uploads\/2021\/03\/1615221036_jestesmy.jpg 600w, https:\/\/www.solidarnosc.org.pl\/bbial\/archiwumstrony\/wp-content\/uploads\/2021\/03\/1615221036_jestesmy-215x300.jpg 215w, https:\/\/www.solidarnosc.org.pl\/bbial\/archiwumstrony\/wp-content\/uploads\/2021\/03\/1615221036_jestesmy-245x342.jpg 245w\" sizes=\"(max-width: 713px) 100vw, 713px\" \/><\/h5>\n<p><b>G\u0141\u00d3WNA NAGRODA?<\/b><br \/> Weekend w hotelu \u201eHyrny\u201d w Zakopanem.<\/p>\n<p><b>DLA KOGO?<\/b><br \/> Dla ka\u017cdego cz\u0142onka NSZZ \u201eSolidarno\u015b\u0107\u201d i jego rodziny. <br \/>Wiek &#8211; od 0 do 123 lat.<\/p>\n<p><b>JAK?<br \/><\/b>Technika pracy dowolna, format maksymalnie &#8211; A4. Wa\u017cne, \u017ceby w pracy pojawi\u0142o si\u0119 logo \u201eSolidarno\u015bci\u201d.<\/p>\n<p><b>KIEDY?<br \/><\/b>Do 31 marca 2021 r. Organizacje Zak\u0142adowe i Mi\u0119dzyzak\u0142adowe wysy\u0142aj\u0105 do nas dwie najlepsze prace ze swoich zak\u0142ad\u00f3w na adres: <br \/><strong>Sekcja M\u0142odych Regionu \u015al\u0105sko-D\u0105browskiego NSZZ\u00a0\u201eSolidarno\u015b\u0107\u201d,<\/strong><br \/><strong>ul. Floriana 7,<\/strong><br \/><strong>40-286 Katowice.<\/strong><\/p>\n<p><b>FINA\u0141 KONKURSU?<br \/><\/b>Jury w pi\u0119cioosobowym sk\u0142adzie wybierze 10 spo\u015br\u00f3d nades\u0142anych prac do konkursu fina\u0142owego. G\u0142osowanie odb\u0119dzie si\u0119 na\u00a0<a href=\"http:\/\/www.fb.com\/sekcjamlodych\" target=\"_blank\" rel=\"noopener\">www.fb.com\/sekcjamlodych<\/a>.<\/p>\n<p>Autor: kosa<br \/> \u0179r\u00f3d\u0142o: <span style=\"color: #ff0000;\"><a style=\"color: #ff0000;\" href=\"https:\/\/www.tysol.pl\/a62404-Jestesmy-superbohaterami-Wygraj-weekend-w-hotelu-Hyrny?fbclid=IwAR1a7BLh33E1oC5a5thPaoAO42uxJGzK5uUTP-CPN8xd3L5PrvdcbT7TRjI\" target=\"blank\">www.tysol.pl<\/a><\/span><\/p>\n<\/p><div class=\"grid_date\"><span><i class=\"fa fa-user\"><\/i><a href=\"https:\/\/www.solidarnosc.org.pl\/bbial\/archiwumstrony\/author\/biuro\/\">Sekretariat<\/a><\/span><\/div><\/div><div class=\"clear\"><\/div><\/li><li class=\"swm_blog_post\"><div class=\"swm_post_format\"><div class=\"post_format\"><a href=\"https:\/\/www.solidarnosc.org.pl\/bbial\/archiwumstrony\/wp-content\/uploads\/2020\/12\/IMG_4161.jpg\"  data-rel=\"prettyPhoto\" title=\"Pieluszka dla maluszka &#8211; promocja dobra i \u017cycia\"><img width=\"800\" height=\"400\" src=\"https:\/\/www.solidarnosc.org.pl\/bbial\/archiwumstrony\/wp-content\/uploads\/2020\/12\/IMG_4161-800x400.jpg\" class=\"attachment-blog-post size-blog-post wp-post-image\" alt=\"\" loading=\"lazy\" \/><\/a><\/div><\/div><div class=\"recent_posts_square_date\"><a href=\"https:\/\/www.solidarnosc.org.pl\/bbial\/archiwumstrony\/solidarnosc\/promocja-dobra-i-zycia\/\" target=\"_self\">09<span class=\"d_month\">gru<\/span><span class=\"d_year\">2020<\/span><\/a><\/div><div class=\"recent_posts_square_content\"><div><h2><a href=\"https:\/\/www.solidarnosc.org.pl\/bbial\/archiwumstrony\/solidarnosc\/promocja-dobra-i-zycia\/\" target=\"_self\">Pieluszka dla maluszka &#8211; promocja dobra i \u017cycia<\/a><\/h2><\/div><p><p>W niedziel\u0119 6 grudnia nast\u0105pi\u0142 fina\u0142 akcji \u201ePieluszka dla maluszka\u201d, zorganizowanej przez podbeskidzk\u0105 Sekcj\u0119 M\u0142odych NSZZ \u201eSolidarno\u015b\u0107\u201d wsp\u00f3lnie m.in. ze Stowarzyszeniem Aktywnych Polak\u00f3w i M\u0142odzie\u017c\u0105 Wszechpolsk\u0105. Efekty przesz\u0142y naj\u015bmielsze oczekiwania&#8230; <a href=\"https:\/\/www.solidarnosc.org.pl\/bbial\/archiwumstrony\/solidarnosc\/promocja-dobra-i-zycia\/#more-21896\" class=\"more-link\"><span aria-label=\"Czytaj dalej Pieluszka dla maluszka &#8211; promocja dobra i \u017cycia\">(wi\u0119cej&hellip;)<\/span><\/a><\/p>\n<\/p><div class=\"grid_date\"><span><i class=\"fa fa-user\"><\/i><a href=\"https:\/\/www.solidarnosc.org.pl\/bbial\/archiwumstrony\/author\/akasprzykowski\/\">Informacja zwi\u0105zkowa<\/a><\/span><\/div><\/div><div class=\"clear\"><\/div><\/li><li class=\"swm_blog_post\"><div class=\"swm_post_format\"><div class=\"post_format\"><a href=\"https:\/\/www.solidarnosc.org.pl\/bbial\/archiwumstrony\/wp-content\/uploads\/2020\/11\/Pieluszka.jpg\"  data-rel=\"prettyPhoto\" title=\"Pieluszka dla maluszka 2020\"><img width=\"800\" height=\"400\" src=\"https:\/\/www.solidarnosc.org.pl\/bbial\/archiwumstrony\/wp-content\/uploads\/2020\/11\/Pieluszka-800x400.jpg\" class=\"attachment-blog-post size-blog-post wp-post-image\" alt=\"\" loading=\"lazy\" \/><\/a><\/div><\/div><div class=\"recent_posts_square_date\"><a href=\"https:\/\/www.solidarnosc.org.pl\/bbial\/archiwumstrony\/solidarnosc\/pieluszka-dla-maluszka-2020\/\" target=\"_self\">05<span class=\"d_month\">lis<\/span><span class=\"d_year\">2020<\/span><\/a><\/div><div class=\"recent_posts_square_content\"><div><h2><a href=\"https:\/\/www.solidarnosc.org.pl\/bbial\/archiwumstrony\/solidarnosc\/pieluszka-dla-maluszka-2020\/\" target=\"_self\">Pieluszka dla maluszka 2020<\/a><\/h2><\/div><p><h5><span class=\"style-scope yt-formatted-string\" dir=\"auto\">Pomagamy mieszka\u0144com Domu Matki i Dziecka w Bielsku-Bia\u0142ej. Dzieciom, kt\u00f3re najbardziej potrzebuj\u0105 pomocy<\/span><span class=\"style-scope yt-formatted-string\" dir=\"auto\">.<\/span><\/h5>\n<div id=\"attachment_21256\" style=\"width: 301px\" class=\"wp-caption alignleft\"><img aria-describedby=\"caption-attachment-21256\" class=\"wp-image-21256\" src=\"https:\/\/www.solidarnosc.org.pl\/bbial\/archiwumstrony\/wp-content\/uploads\/2020\/10\/M\u0142odzi-w-solidarno\u015bci-1024x734.jpg\" alt=\"\" width=\"291\" height=\"208\" srcset=\"https:\/\/www.solidarnosc.org.pl\/bbial\/archiwumstrony\/wp-content\/uploads\/2020\/10\/M\u0142odzi-w-solidarno\u015bci-1024x734.jpg 1024w, https:\/\/www.solidarnosc.org.pl\/bbial\/archiwumstrony\/wp-content\/uploads\/2020\/10\/M\u0142odzi-w-solidarno\u015bci-300x215.jpg 300w, https:\/\/www.solidarnosc.org.pl\/bbial\/archiwumstrony\/wp-content\/uploads\/2020\/10\/M\u0142odzi-w-solidarno\u015bci-768x551.jpg 768w, https:\/\/www.solidarnosc.org.pl\/bbial\/archiwumstrony\/wp-content\/uploads\/2020\/10\/M\u0142odzi-w-solidarno\u015bci-800x574.jpg 800w, https:\/\/www.solidarnosc.org.pl\/bbial\/archiwumstrony\/wp-content\/uploads\/2020\/10\/M\u0142odzi-w-solidarno\u015bci-477x342.jpg 477w\" sizes=\"(max-width: 291px) 100vw, 291px\" \/><p id=\"caption-attachment-21256\" class=\"wp-caption-text\"><em>S\u0142awomir Janeczko (Sekcja M\u0142odych NSZZ &#8222;Solidarno\u015b\u0107&#8221; Region Podbeskidzie)<\/em><\/p><\/div>\n<p>Zobacz materia\u0142 filmowy &#8211; <a href=\"https:\/\/www.youtube.com\/watch?v=QoBPrEo6R9Y\">TUTAJ<\/a><\/p>\n<p>\u0179r\u00f3d\u0142o: #<span class=\"bold style-scope yt-formatted-string\" dir=\"auto\">cosiedziejetv<\/span><\/p>\n<\/p><div class=\"grid_date\"><span><i class=\"fa fa-user\"><\/i><a href=\"https:\/\/www.solidarnosc.org.pl\/bbial\/archiwumstrony\/author\/biuro\/\">Sekretariat<\/a><\/span><\/div><\/div><div class=\"clear\"><\/div><\/li><li class=\"swm_blog_post\"><div class=\"swm_post_format\"><div class=\"post_format\"><a href=\"https:\/\/www.solidarnosc.org.pl\/bbial\/archiwumstrony\/wp-content\/uploads\/2020\/04\/Logo-z-g\u00f3rami-i-krzy\u017cem-2.jpg\"  data-rel=\"prettyPhoto\" title=\"Wybory do Regionalnej Sekcji M\u0142odych NSZZ \u201eSolidarno\u015b\u0107\u201d Regionu Podbeskidzie\"><img width=\"800\" height=\"400\" src=\"https:\/\/www.solidarnosc.org.pl\/bbial\/archiwumstrony\/wp-content\/uploads\/2020\/04\/Logo-z-g\u00f3rami-i-krzy\u017cem-2-800x400.jpg\" class=\"attachment-blog-post size-blog-post wp-post-image\" alt=\"Logo - NSZZ Solidarno\u015b\u0107 Region Podbeskidzia\" loading=\"lazy\" \/><\/a><\/div><\/div><div class=\"recent_posts_square_date\"><a href=\"https:\/\/www.solidarnosc.org.pl\/bbial\/archiwumstrony\/solidarnosc\/wybory-do-regionalnej-sekcji-mlodych-nszz-solidarnosc-regionu-podbeskidzie\/\" target=\"_self\">29<span class=\"d_month\">wrz<\/span><span class=\"d_year\">2020<\/span><\/a><\/div><div class=\"recent_posts_square_content\"><div><h2><a href=\"https:\/\/www.solidarnosc.org.pl\/bbial\/archiwumstrony\/solidarnosc\/wybory-do-regionalnej-sekcji-mlodych-nszz-solidarnosc-regionu-podbeskidzie\/\" target=\"_self\">Wybory do Regionalnej Sekcji M\u0142odych NSZZ \u201eSolidarno\u015b\u0107\u201d Regionu Podbeskidzie<\/a><\/h2><\/div><p><p>W dniu 26.09.2020 r. w siedzibie NSZZ \u201eSolidarno\u015b\u0107\u201d\u00a0 Oddzia\u0142 Skocz\u00f3w odby\u0142y si\u0119 wybory do Regionalnej Sekcji M\u0142odych NSZZ \u201eSolidarno\u015b\u0107\u201d Regionu Podbeskidzie.<\/p>\n<p>W wyborach wzi\u0119li udzia\u0142 cz\u0142onkowie organizacji zwi\u0105zkowych NSZZ \u201eSolidarno\u015b\u0107\u201d z Paged-Meble SA w Jasienicy, Summit Autotech Poland (Skocz\u00f3w, Ba\u017canowice), Grammer Automotive Polska oraz \u015al\u0105skiego Centrum Reumatologii, Rehabilitacji i Zapobiegania Niepe\u0142nosprawno\u015bci im. Gen. J. Zi\u0119tka.<\/p>\n<p>W wyniku wybor\u00f3w wy\u0142oniono sze\u015bcioosobowy Zarz\u0105d. Przewodnicz\u0105cym Regionalnej Sekcji M\u0142odych zosta\u0142 S\u0142awomir Janeczko z Grammer Automotive Polska.<\/p>\n<p>Przewodnicz\u0105cy<br \/>NSZZ \u201eSolidarno\u015b\u0107\u201d O\/Skocz\u00f3w<br \/>Czes\u0142aw Chrapek<\/p>\n<\/p><div class=\"grid_date\"><span><i class=\"fa fa-user\"><\/i><a href=\"https:\/\/www.solidarnosc.org.pl\/bbial\/archiwumstrony\/author\/biuro\/\">Sekretariat<\/a><\/span><\/div><\/div><div class=\"clear\"><\/div><\/li><\/ul><\/div>\n<p><!--\n\n\n\n<p style=\"text-align: left;\">[su_button url=\"https:\/\/www.solidarnosc.org.pl\/bbial\/archiwumstrony\/category\/sekcje\/sekcja-mlodych\/\" style=\"flat\" background=\"#054c73\" radius=\"0\" icon=\"icon: folder-open-o\"]Zobacz wszystkie[\/su_button]\n\n\n\n--><\/p>\n","protected":false},"excerpt":{"rendered":"<p>Sekcja\u00a0M\u0142odych\u00a0NSZZ &#8222;Solidarno\u015b\u0107&#8221;\u00a0REGIONU PODBESKIDZIE Serdecznie witamy w Regionalnej Sekcji M\u0142odych NSZZ &#8222;Solidarno\u015b\u0107&#8221;.<\/p>\n","protected":false},"author":19,"featured_media":0,"parent":0,"menu_order":0,"comment_status":"closed","ping_status":"closed","template":"","meta":{"_links_to":"","_links_to_target":""},"yoast_head":"<!-- This site is optimized with the Yoast SEO plugin v20.6-RC4 - https:\/\/yoast.com\/wordpress\/plugins\/seo\/ -->\n<title>&#032;-&#032; Sekcja M\u0142odych<\/title>\n<meta name=\"robots\" content=\"index, follow, max-snippet:-1, max-image-preview:large, max-video-preview:-1\" \/>\n<link rel=\"canonical\" href=\"https:\/\/www.solidarnosc.org.pl\/bbial\/archiwumstrony\/sekcja-mlodych\/\" \/>\n<meta property=\"og:locale\" content=\"pl_PL\" \/>\n<meta property=\"og:type\" content=\"article\" \/>\n<meta property=\"og:title\" content=\"&#032;-&#032; Sekcja M\u0142odych\" \/>\n<meta property=\"og:description\" content=\"Sekcja\u00a0M\u0142odych\u00a0NSZZ &#8222;Solidarno\u015b\u0107&#8221;\u00a0REGIONU PODBESKIDZIE Serdecznie witamy w Regionalnej Sekcji M\u0142odych NSZZ &#8222;Solidarno\u015b\u0107&#8221;.\" \/>\n<meta property=\"og:url\" content=\"https:\/\/www.solidarnosc.org.pl\/bbial\/archiwumstrony\/sekcja-mlodych\/\" \/>\n<meta property=\"og:site_name\" content=\"NSZZ SOLIDARNO\u015a\u0106\" \/>\n<meta property=\"article:publisher\" content=\"https:\/\/www.facebook.com\/RegionPodbeskidzieNSZZSolidarnosc\/?locale=pl_PL\" \/>\n<meta property=\"article:modified_time\" content=\"2023-06-07T04:55:32+00:00\" \/>\n<meta property=\"og:image\" content=\"https:\/\/www.solidarnosc.org.pl\/bbial\/archiwumstrony\/wp-content\/uploads\/2023\/10\/logo-nszz-s-podeskidzie.jpg\" \/>\n\t<meta property=\"og:image:width\" content=\"1626\" \/>\n\t<meta property=\"og:image:height\" content=\"1030\" \/>\n\t<meta property=\"og:image:type\" content=\"image\/jpeg\" \/>\n<meta name=\"twitter:card\" content=\"summary_large_image\" \/>\n<script type=\"application\/ld+json\" class=\"yoast-schema-graph\">{\"@context\":\"https:\/\/schema.org\",\"@graph\":[{\"@type\":\"WebPage\",\"@id\":\"https:\/\/www.solidarnosc.org.pl\/bbial\/archiwumstrony\/sekcja-mlodych\/\",\"url\":\"https:\/\/www.solidarnosc.org.pl\/bbial\/archiwumstrony\/sekcja-mlodych\/\",\"name\":\"&#32;-&#32; Sekcja M\u0142odych\",\"isPartOf\":{\"@id\":\"https:\/\/www.solidarnosc.org.pl\/bbial\/archiwumstrony\/#website\"},\"datePublished\":\"2021-02-23T07:30:52+00:00\",\"dateModified\":\"2023-06-07T04:55:32+00:00\",\"breadcrumb\":{\"@id\":\"https:\/\/www.solidarnosc.org.pl\/bbial\/archiwumstrony\/sekcja-mlodych\/#breadcrumb\"},\"inLanguage\":\"pl-PL\",\"potentialAction\":[{\"@type\":\"ReadAction\",\"target\":[\"https:\/\/www.solidarnosc.org.pl\/bbial\/archiwumstrony\/sekcja-mlodych\/\"]}]},{\"@type\":\"BreadcrumbList\",\"@id\":\"https:\/\/www.solidarnosc.org.pl\/bbial\/archiwumstrony\/sekcja-mlodych\/#breadcrumb\",\"itemListElement\":[{\"@type\":\"ListItem\",\"position\":1,\"name\":\"Strona g\u0142\u00f3wna\",\"item\":\"https:\/\/www.solidarnosc.org.pl\/bbial\/archiwumstrony\/\"},{\"@type\":\"ListItem\",\"position\":2,\"name\":\"Sekcja M\u0142odych\"}]},{\"@type\":\"WebSite\",\"@id\":\"https:\/\/www.solidarnosc.org.pl\/bbial\/archiwumstrony\/#website\",\"url\":\"https:\/\/www.solidarnosc.org.pl\/bbial\/archiwumstrony\/\",\"name\":\"NSZZ SOLIDARNO\u015a\u0106\",\"description\":\"Region Podbeskidzie\",\"publisher\":{\"@id\":\"https:\/\/www.solidarnosc.org.pl\/bbial\/archiwumstrony\/#organization\"},\"potentialAction\":[{\"@type\":\"SearchAction\",\"target\":{\"@type\":\"EntryPoint\",\"urlTemplate\":\"https:\/\/www.solidarnosc.org.pl\/bbial\/archiwumstrony\/?s={search_term_string}\"},\"query-input\":\"required name=search_term_string\"}],\"inLanguage\":\"pl-PL\"},{\"@type\":\"Organization\",\"@id\":\"https:\/\/www.solidarnosc.org.pl\/bbial\/archiwumstrony\/#organization\",\"name\":\"NSZZ SOLIDARNO\u015a\u0106\",\"url\":\"https:\/\/www.solidarnosc.org.pl\/bbial\/archiwumstrony\/\",\"logo\":{\"@type\":\"ImageObject\",\"inLanguage\":\"pl-PL\",\"@id\":\"https:\/\/www.solidarnosc.org.pl\/bbial\/archiwumstrony\/#\/schema\/logo\/image\/\",\"url\":\"https:\/\/www.solidarnosc.org.pl\/bbial\/archiwumstrony\/wp-content\/uploads\/2023\/10\/logo-nszz-s-podeskidzie.jpg\",\"contentUrl\":\"https:\/\/www.solidarnosc.org.pl\/bbial\/archiwumstrony\/wp-content\/uploads\/2023\/10\/logo-nszz-s-podeskidzie.jpg\",\"width\":1626,\"height\":1030,\"caption\":\"NSZZ SOLIDARNO\u015a\u0106\"},\"image\":{\"@id\":\"https:\/\/www.solidarnosc.org.pl\/bbial\/archiwumstrony\/#\/schema\/logo\/image\/\"},\"sameAs\":[\"https:\/\/www.facebook.com\/RegionPodbeskidzieNSZZSolidarnosc\/?locale=pl_PL\"]}]}<\/script>\n<!-- \/ Yoast SEO plugin. -->","yoast_head_json":{"title":"&#32;-&#32; Sekcja M\u0142odych","robots":{"index":"index","follow":"follow","max-snippet":"max-snippet:-1","max-image-preview":"max-image-preview:large","max-video-preview":"max-video-preview:-1"},"canonical":"https:\/\/www.solidarnosc.org.pl\/bbial\/archiwumstrony\/sekcja-mlodych\/","og_locale":"pl_PL","og_type":"article","og_title":"&#32;-&#32; Sekcja M\u0142odych","og_description":"Sekcja\u00a0M\u0142odych\u00a0NSZZ &#8222;Solidarno\u015b\u0107&#8221;\u00a0REGIONU PODBESKIDZIE Serdecznie witamy w Regionalnej Sekcji M\u0142odych NSZZ &#8222;Solidarno\u015b\u0107&#8221;.","og_url":"https:\/\/www.solidarnosc.org.pl\/bbial\/archiwumstrony\/sekcja-mlodych\/","og_site_name":"NSZZ SOLIDARNO\u015a\u0106","article_publisher":"https:\/\/www.facebook.com\/RegionPodbeskidzieNSZZSolidarnosc\/?locale=pl_PL","article_modified_time":"2023-06-07T04:55:32+00:00","og_image":[{"width":1626,"height":1030,"url":"https:\/\/www.solidarnosc.org.pl\/bbial\/archiwumstrony\/wp-content\/uploads\/2023\/10\/logo-nszz-s-podeskidzie.jpg","type":"image\/jpeg"}],"twitter_card":"summary_large_image","schema":{"@context":"https:\/\/schema.org","@graph":[{"@type":"WebPage","@id":"https:\/\/www.solidarnosc.org.pl\/bbial\/archiwumstrony\/sekcja-mlodych\/","url":"https:\/\/www.solidarnosc.org.pl\/bbial\/archiwumstrony\/sekcja-mlodych\/","name":"&#32;-&#32; Sekcja M\u0142odych","isPartOf":{"@id":"https:\/\/www.solidarnosc.org.pl\/bbial\/archiwumstrony\/#website"},"datePublished":"2021-02-23T07:30:52+00:00","dateModified":"2023-06-07T04:55:32+00:00","breadcrumb":{"@id":"https:\/\/www.solidarnosc.org.pl\/bbial\/archiwumstrony\/sekcja-mlodych\/#breadcrumb"},"inLanguage":"pl-PL","potentialAction":[{"@type":"ReadAction","target":["https:\/\/www.solidarnosc.org.pl\/bbial\/archiwumstrony\/sekcja-mlodych\/"]}]},{"@type":"BreadcrumbList","@id":"https:\/\/www.solidarnosc.org.pl\/bbial\/archiwumstrony\/sekcja-mlodych\/#breadcrumb","itemListElement":[{"@type":"ListItem","position":1,"name":"Strona g\u0142\u00f3wna","item":"https:\/\/www.solidarnosc.org.pl\/bbial\/archiwumstrony\/"},{"@type":"ListItem","position":2,"name":"Sekcja M\u0142odych"}]},{"@type":"WebSite","@id":"https:\/\/www.solidarnosc.org.pl\/bbial\/archiwumstrony\/#website","url":"https:\/\/www.solidarnosc.org.pl\/bbial\/archiwumstrony\/","name":"NSZZ SOLIDARNO\u015a\u0106","description":"Region Podbeskidzie","publisher":{"@id":"https:\/\/www.solidarnosc.org.pl\/bbial\/archiwumstrony\/#organization"},"potentialAction":[{"@type":"SearchAction","target":{"@type":"EntryPoint","urlTemplate":"https:\/\/www.solidarnosc.org.pl\/bbial\/archiwumstrony\/?s={search_term_string}"},"query-input":"required name=search_term_string"}],"inLanguage":"pl-PL"},{"@type":"Organization","@id":"https:\/\/www.solidarnosc.org.pl\/bbial\/archiwumstrony\/#organization","name":"NSZZ SOLIDARNO\u015a\u0106","url":"https:\/\/www.solidarnosc.org.pl\/bbial\/archiwumstrony\/","logo":{"@type":"ImageObject","inLanguage":"pl-PL","@id":"https:\/\/www.solidarnosc.org.pl\/bbial\/archiwumstrony\/#\/schema\/logo\/image\/","url":"https:\/\/www.solidarnosc.org.pl\/bbial\/archiwumstrony\/wp-content\/uploads\/2023\/10\/logo-nszz-s-podeskidzie.jpg","contentUrl":"https:\/\/www.solidarnosc.org.pl\/bbial\/archiwumstrony\/wp-content\/uploads\/2023\/10\/logo-nszz-s-podeskidzie.jpg","width":1626,"height":1030,"caption":"NSZZ SOLIDARNO\u015a\u0106"},"image":{"@id":"https:\/\/www.solidarnosc.org.pl\/bbial\/archiwumstrony\/#\/schema\/logo\/image\/"},"sameAs":["https:\/\/www.facebook.com\/RegionPodbeskidzieNSZZSolidarnosc\/?locale=pl_PL"]}]}},"_links":{"self":[{"href":"https:\/\/www.solidarnosc.org.pl\/bbial\/archiwumstrony\/wp-json\/wp\/v2\/pages\/22633"}],"collection":[{"href":"https:\/\/www.solidarnosc.org.pl\/bbial\/archiwumstrony\/wp-json\/wp\/v2\/pages"}],"about":[{"href":"https:\/\/www.solidarnosc.org.pl\/bbial\/archiwumstrony\/wp-json\/wp\/v2\/types\/page"}],"author":[{"embeddable":true,"href":"https:\/\/www.solidarnosc.org.pl\/bbial\/archiwumstrony\/wp-json\/wp\/v2\/users\/19"}],"replies":[{"embeddable":true,"href":"https:\/\/www.solidarnosc.org.pl\/bbial\/archiwumstrony\/wp-json\/wp\/v2\/comments?post=22633"}],"version-history":[{"count":10,"href":"https:\/\/www.solidarnosc.org.pl\/bbial\/archiwumstrony\/wp-json\/wp\/v2\/pages\/22633\/revisions"}],"predecessor-version":[{"id":22662,"href":"https:\/\/www.solidarnosc.org.pl\/bbial\/archiwumstrony\/wp-json\/wp\/v2\/pages\/22633\/revisions\/22662"}],"wp:attachment":[{"href":"https:\/\/www.solidarnosc.org.pl\/bbial\/archiwumstrony\/wp-json\/wp\/v2\/media?parent=22633"}],"curies":[{"name":"wp","href":"https:\/\/api.w.org\/{rel}","templated":true}]}}