{"id":19186,"date":"2020-04-26T23:10:40","date_gmt":"2020-04-26T21:10:40","guid":{"rendered":"https:\/\/www.solidarnosc.org.pl\/bbial\/archiwumstrony\/?page_id=19186"},"modified":"2020-04-27T00:38:51","modified_gmt":"2020-04-26T22:38:51","slug":"polityka-prywatnosci","status":"publish","type":"page","link":"https:\/\/www.solidarnosc.org.pl\/bbial\/archiwumstrony\/dolacz-do-nas\/polityka-prywatnosci\/","title":{"rendered":"Polityka prywatno\u015bci"},"content":{"rendered":"<h3><b>Polityka prywatno\u015bci opisuje zasady przetwarzania przez nas informacji na Tw\u00f3j temat, w tym danych osobowych oraz ciasteczek, czyli tzw. cookies.<br \/><div class=\"su-divider su-divider-style-default\" style=\"margin:15px 0;border-width:3px;border-color:#054c73\"><\/div><\/b><\/h3>\n<hr \/>\n<div class=\"lh166\">\n<h2 class=\"pb-12\"><strong>1. Informacje og\u00f3lne<\/strong><\/h2>\n<ol>\n<li>Niniejsza polityka dotyczy Serwisu www, funkcjonuj\u0105cego pod adresem url:\u00a0<b>http:\/\/solidarnosc.org.pl\/bbial<\/b><\/li>\n<li>Operatorem serwisu oraz Administratorem danych osobowych jest: ZR NSZZ Solidarno\u015b\u0107 Regionu Podbeskidzie, 43-300 Bielsko-Bia\u0142a, ul. Adama Asnyka 19<\/li>\n<li>Adres kontaktowy poczty elektronicznej operatora: bbial@solidarnosc.org.pl<\/li>\n<li>Operator jest Administratorem Twoich danych osobowych w odniesieniu do danych podanych dobrowolnie w Serwisie.<\/li>\n<li>Serwis wykorzystuje dane osobowe w nast\u0119puj\u0105cych celach:\n<ul>\n<li>Prowadzenie newslettera<\/li>\n<li>Obs\u0142uga zapyta\u0144 przez formularz<\/li>\n<\/ul>\n<\/li>\n<li>Serwis realizuje funkcje pozyskiwania informacji o u\u017cytkownikach i ich zachowaniu w nast\u0119puj\u0105cy spos\u00f3b:\n<ol>\n<li>Poprzez dobrowolnie wprowadzone w formularzach dane, kt\u00f3re zostaj\u0105 wprowadzone do system\u00f3w Operatora.<\/li>\n<li>Poprzez zapisywanie w urz\u0105dzeniach ko\u0144cowych plik\u00f3w cookie (tzw. \u201eciasteczka\u201d).<\/li>\n<\/ol>\n<\/li>\n<\/ol>\n<h2 class=\"pb-12\"><strong>2. Wybrane metody ochrony danych stosowane przez Operatora<\/strong><\/h2>\n<ol>\n<li>Operator okresowo zmienia swoje has\u0142a administracyjne.<\/li>\n<\/ol>\n<h2 class=\"pb-12\"><strong>3. Hosting<\/strong><\/h2>\n<ol>\n<li>Serwis jest hostowany (technicznie utrzymywany) na serwera operatora: solidarnosc.org<\/li>\n<\/ol>\n<h2 class=\"pb-12\"><strong>4. Twoje prawa i dodatkowe informacje o sposobie wykorzystania danych<\/strong><\/h2>\n<ol>\n<li>W niekt\u00f3rych sytuacjach Administrator ma prawo przekazywa\u0107 Twoje dane osobowe innym odbiorcom, je\u015bli b\u0119dzie to niezb\u0119dne do wykonania zawartej z Tob\u0105 umowy lub do zrealizowania obowi\u0105zk\u00f3w ci\u0105\u017c\u0105cych na Administratorze. Dotyczy to takich grup odbiorc\u00f3w:\n<ul>\n<li>firma hostingowa na zasadzie powierzenia<\/li>\n<li>operatorzy pocztowi<\/li>\n<li>upowa\u017cnieni pracownicy i wsp\u00f3\u0142pracownicy, kt\u00f3rzy korzystaj\u0105 z danych w celu realizacji celu dzia\u0142ania strony<\/li>\n<\/ul>\n<\/li>\n<li>Twoje dane osobowe przetwarzane przez Administratora nie d\u0142u\u017cej, ni\u017c jest to konieczne do wykonania zwi\u0105zanych z nimi czynno\u015bci okre\u015blonych osobnymi przepisami (np. o prowadzeniu rachunkowo\u015bci). W odniesieniu do danych marketingowych dane nie b\u0119d\u0105 przetwarzane d\u0142u\u017cej ni\u017c przez 3 lata.<\/li>\n<li>Przys\u0142uguje Ci prawo \u017c\u0105dania od Administratora:\n<ul>\n<li>dost\u0119pu do danych osobowych Ciebie dotycz\u0105cych,<\/li>\n<li>ich sprostowania,<\/li>\n<li>usuni\u0119cia,<\/li>\n<li>ograniczenia przetwarzania,<\/li>\n<li>oraz przenoszenia danych.<\/li>\n<\/ul>\n<\/li>\n<li>Przys\u0142uguje Ci prawo do z\u0142o\u017cenia sprzeciwu w zakresie przetwarzania wskazanego w pkt 3.3 c) wobec przetwarzania danych osobowych w celu wykonania prawnie uzasadnionych interes\u00f3w realizowanych przez Administratora, w tym profilowania, przy czym prawo sprzeciwu nie b\u0119dzie mog\u0142o by\u0107 wykonane w przypadku istnienia wa\u017cnych prawnie uzasadnionych podstaw do przetwarzania, nadrz\u0119dnych wobec Ciebie interes\u00f3w, praw i wolno\u015bci, w szczeg\u00f3lno\u015bci ustalenia, dochodzenia lub obrony roszcze\u0144.<\/li>\n<li>Na dzia\u0142ania Administratora przys\u0142uguje skarga do Prezesa Urz\u0119du Ochrony Danych Osobowych, ul. Stawki 2, 00-193 Warszawa.<\/li>\n<li>Podanie danych osobowych jest dobrowolne, lecz niezb\u0119dne do obs\u0142ugi Serwisu.<\/li>\n<li>W stosunku do Ciebie mog\u0105 by\u0107 podejmowane czynno\u015bci polegaj\u0105ce na zautomatyzowanym podejmowaniu decyzji, w tym profilowaniu w celu \u015bwiadczenia us\u0142ug w ramach zawartej umowy oraz w celu prowadzenia przez Administratora marketingu bezpo\u015bredniego.<\/li>\n<li>Dane osobowe nie s\u0105 przekazywane od kraj\u00f3w trzecich w rozumieniu przepis\u00f3w o ochronie danych osobowych. Oznacza to, \u017ce nie przesy\u0142amy ich poza teren Unii Europejskiej.<\/li>\n<\/ol>\n<h2 class=\"pb-12\"><strong>5. Informacje w formularzach<\/strong><\/h2>\n<ol>\n<li>Serwis zbiera informacje podane dobrowolnie przez u\u017cytkownika, w tym dane osobowe, o ile zostan\u0105 one podane.<\/li>\n<li>Serwis mo\u017ce zapisa\u0107 informacje o parametrach po\u0142\u0105czenia (oznaczenie czasu, adres IP).<\/li>\n<li>Serwis, w niekt\u00f3rych wypadkach, mo\u017ce zapisa\u0107 informacj\u0119 u\u0142atwiaj\u0105c\u0105 powi\u0105zanie danych w formularzu z adresem e-mail u\u017cytkownika wype\u0142niaj\u0105cego formularz. W takim wypadku adres e-mail u\u017cytkownika pojawia si\u0119 wewn\u0105trz adresu url strony zawieraj\u0105cej formularz.<\/li>\n<li>Dane podane w formularzu s\u0105 przetwarzane w celu wynikaj\u0105cym z funkcji konkretnego formularza, np. w celu dokonania procesu obs\u0142ugi zg\u0142oszenia serwisowego lub kontaktu handlowego, rejestracji us\u0142ug itp. Ka\u017cdorazowo kontekst i opis formularza w czytelny spos\u00f3b informuje, do czego on s\u0142u\u017cy.<\/li>\n<\/ol>\n<h2 class=\"pb-12\"><strong>6. Logi Administratora<\/strong><\/h2>\n<ol>\n<li>Informacje zachowaniu u\u017cytkownik\u00f3w w serwisie mog\u0105 podlega\u0107 logowaniu. Dane te s\u0105 wykorzystywane w celu administrowania serwisem.<\/li>\n<\/ol>\n<h2 class=\"pb-12\"><strong>7. Istotne techniki marketingowe<\/strong><\/h2>\n<ol>\n<li>Operator stosuje analiz\u0119 statystyczn\u0105 ruchu na stronie, poprzez Google Analytics (Google Inc. z siedzib\u0105 w USA). Operator nie przekazuje do operatora tej us\u0142ugi danych osobowych, a jedynie zanonimizowane informacje. Us\u0142uga bazuje na wykorzystaniu ciasteczek w urz\u0105dzeniu ko\u0144cowym u\u017cytkownika. W zakresie informacji o preferencjach u\u017cytkownika gromadzonych przez sie\u0107 reklamow\u0105 Google u\u017cytkownik mo\u017ce przegl\u0105da\u0107 i edytowa\u0107 informacje wynikaj\u0105ce z plik\u00f3w cookies przy pomocy narz\u0119dzia: https:\/\/www.google.com\/ads\/preferences\/<\/li>\n<\/ol>\n<h2 class=\"pb-12\"><strong>8. Informacja o plikach cookies<\/strong><\/h2>\n<ol>\n<li>Serwis korzysta z plik\u00f3w cookies.<\/li>\n<li>Pliki cookies (tzw. \u201eciasteczka\u201d) stanowi\u0105 dane informatyczne, w szczeg\u00f3lno\u015bci pliki tekstowe, kt\u00f3re przechowywane s\u0105 w urz\u0105dzeniu ko\u0144cowym U\u017cytkownika Serwisu i przeznaczone s\u0105 do korzystania ze stron internetowych Serwisu. Cookies zazwyczaj zawieraj\u0105 nazw\u0119 strony internetowej, z kt\u00f3rej pochodz\u0105, czas przechowywania ich na urz\u0105dzeniu ko\u0144cowym oraz unikalny numer.<\/li>\n<li>Podmiotem zamieszczaj\u0105cym na urz\u0105dzeniu ko\u0144cowym U\u017cytkownika Serwisu pliki cookies oraz uzyskuj\u0105cym do nich dost\u0119p jest operator Serwisu.<\/li>\n<li>Pliki cookies wykorzystywane s\u0105 w nast\u0119puj\u0105cych celach:\n<ol>\n<li>utrzymanie sesji u\u017cytkownika Serwisu (po zalogowaniu), dzi\u0119ki kt\u00f3rej u\u017cytkownik nie musi na ka\u017cdej podstronie Serwisu ponownie wpisywa\u0107 loginu i has\u0142a;<\/li>\n<li>realizacji cel\u00f3w okre\u015blonych powy\u017cej w cz\u0119\u015bci &#8222;Istotne techniki marketingowe&#8221;;<\/li>\n<\/ol>\n<\/li>\n<li>W ramach Serwisu stosowane s\u0105 dwa zasadnicze rodzaje plik\u00f3w cookies: \u201esesyjne\u201d (session cookies) oraz \u201esta\u0142e\u201d (persistent cookies). Cookies \u201esesyjne\u201d s\u0105 plikami tymczasowymi, kt\u00f3re przechowywane s\u0105 w urz\u0105dzeniu ko\u0144cowym U\u017cytkownika do czasu wylogowania, opuszczenia strony internetowej lub wy\u0142\u0105czenia oprogramowania (przegl\u0105darki internetowej). \u201eSta\u0142e\u201d pliki cookies przechowywane s\u0105 w urz\u0105dzeniu ko\u0144cowym U\u017cytkownika przez czas okre\u015blony w parametrach plik\u00f3w cookies lub do czasu ich usuni\u0119cia przez U\u017cytkownika.<\/li>\n<li>Oprogramowanie do przegl\u0105dania stron internetowych (przegl\u0105darka internetowa) zazwyczaj domy\u015blnie dopuszcza przechowywanie plik\u00f3w cookies w urz\u0105dzeniu ko\u0144cowym U\u017cytkownika. U\u017cytkownicy Serwisu mog\u0105 dokona\u0107 zmiany ustawie\u0144 w tym zakresie.\u00a0Przegl\u0105darka internetowa umo\u017cliwia usuni\u0119cie plik\u00f3w cookies. Mo\u017cliwe jest tak\u017ce automatyczne blokowanie plik\u00f3w cookies Szczeg\u00f3\u0142owe informacje na ten temat zawiera pomoc lub dokumentacja przegl\u0105darki internetowej.<\/li>\n<li>Ograniczenia stosowania plik\u00f3w cookies mog\u0105 wp\u0142yn\u0105\u0107 na niekt\u00f3re funkcjonalno\u015bci dost\u0119pne na stronach internetowych Serwisu.<\/li>\n<li>Pliki cookies zamieszczane w urz\u0105dzeniu ko\u0144cowym U\u017cytkownika Serwisu wykorzystywane mog\u0105 by\u0107 r\u00f3wnie\u017c przez wsp\u00f3\u0142pracuj\u0105ce z operatorem Serwisu podmioty, w szczeg\u00f3lno\u015bci dotyczy to firm: Google (Google Inc. z siedzib\u0105 w USA), Facebook (Facebook Inc. z siedzib\u0105 w USA), Twitter (Twitter Inc. z siedzib\u0105 w USA).<\/li>\n<\/ol>\n<h2 class=\"pb-12\"><strong>9. Zarz\u0105dzanie plikami cookies \u2013 jak w praktyce wyra\u017ca\u0107 i cofa\u0107 zgod\u0119?<\/strong><\/h2>\n<ol>\n<li>Je\u015bli u\u017cytkownik nie chce otrzymywa\u0107 plik\u00f3w cookies, mo\u017ce zmieni\u0107 ustawienia przegl\u0105darki. Zastrzegamy, \u017ce wy\u0142\u0105czenie obs\u0142ugi plik\u00f3w cookies niezb\u0119dnych dla proces\u00f3w uwierzytelniania, bezpiecze\u0144stwa, utrzymania preferencji u\u017cytkownika mo\u017ce utrudni\u0107,\u00a0a w skrajnych przypadkach mo\u017ce uniemo\u017cliwi\u0107 korzystanie ze stron www<\/li>\n<li>W celu zarz\u0105dzania ustawienia cookies wybierz z listy poni\u017cej przegl\u0105dark\u0119 internetow\u0105, kt\u00f3rej u\u017cywasz i post\u0119puj zgodnie z instrukcjami:\n<ul>\n<li><a href=\"https:\/\/support.microsoft.com\/pl-pl\/help\/10607\/microsoft-edge-view-delete-browser-history\">Edge<\/a><\/li>\n<li><a href=\"https:\/\/support.microsoft.com\/pl-pl\/help\/278835\/how-to-delete-cookie-files-in-internet-explorer\">Internet Explorer<\/a><\/li>\n<li><a href=\"http:\/\/support.google.com\/chrome\/bin\/answer.py?hl=pl&amp;answer=95647\">Chrome<\/a><\/li>\n<li><a href=\"http:\/\/support.apple.com\/kb\/PH5042\">Safari<\/a><\/li>\n<li><a href=\"http:\/\/support.mozilla.org\/pl\/kb\/W%C5%82%C4%85czanie%20i%20wy%C5%82%C4%85czanie%20obs%C5%82ugi%20ciasteczek\">Firefox<\/a><\/li>\n<li><a href=\"http:\/\/help.opera.com\/Windows\/12.10\/pl\/cookies.html\">Opera<\/a><\/li>\n<\/ul>\n<p>Urz\u0105dzenia mobilne:<\/p>\n<ul>\n<li><a href=\"http:\/\/support.google.com\/chrome\/bin\/answer.py?hl=pl&amp;answer=95647\">Android<\/a><\/li>\n<li><a href=\"http:\/\/support.apple.com\/kb\/HT1677?viewlocale=pl_PL\">Safari (iOS)<\/a><\/li>\n<li><a href=\"http:\/\/www.windowsphone.com\/pl-pl\/how-to\/wp7\/web\/changing-privacy-and-other-browser-settings\">Windows Phone<\/a><\/li>\n<\/ul>\n<\/li>\n<\/ol>\n<div class=\"disclaimer pt-36\">\n<p>Niniejszy wz\u00f3r polityki zosta\u0142 wygenerowany bezp\u0142atnie, w celach informacyjnych, w oparciu o nasz\u0105 wiedz\u0119, bran\u017cowe praktyki i przepisy prawa obowi\u0105zuj\u0105ce na dzie\u0144 2018-08-14. Zalecamy sprawdzenie wzoru polityki przed u\u017cyciem jej na stronie. Wz\u00f3r opiera si\u0119 na najcz\u0119\u015bciej wyst\u0119puj\u0105cych na stronach internetowych sytuacjach, ale mo\u017ce nie odzwierciedla\u0107 pe\u0142nej i dok\u0142adnej specyfiki Twojej strony www. Przeczytaj uwa\u017cnie wygenerowany dokument i w razie potrzeb dostosuj go do Twojej sytuacji lub zasi\u0119gnij porady prawnej. Nie bierzemy odpowiedziano\u015bci za skutki pos\u0142ugiwania si\u0119 tym dokumentem, poniewa\u017c tylko Ty masz wp\u0142w na to, czy wszystkie informacje w nim zawarte s\u0105 zgodne z prawd\u0105. Zwr\u00f3\u0107 tak\u017ce uwag\u0119, \u017ce Polityka Prywatno\u015bci, nawet najlepsza, jest tylko jednym z ekment\u00f3w Twojej troski o dane osobowe i prywatno\u015b\u0107 u\u017cytkownika na stronie www.<\/p>\n<\/div>\n<\/div>\n","protected":false},"excerpt":{"rendered":"<p>Polityka prywatno\u015bci opisuje zasady przetwarzania przez nas informacji na Tw\u00f3j temat, w tym danych osobowych oraz ciasteczek, czyli tzw. cookies. 1. Informacje og\u00f3lne Niniejsza polityka dotyczy Serwisu www, funkcjonuj\u0105cego pod adresem url:\u00a0http:\/\/solidarnosc.org.pl\/bbial Operatorem serwisu oraz Administratorem danych osobowych jest: ZR NSZZ Solidarno\u015b\u0107 Regionu Podbeskidzie, 43-300 Bielsko-Bia\u0142a, ul. Adama Asnyka 19 Adres kontaktowy poczty elektronicznej operatora: [&hellip;]<\/p>\n","protected":false},"author":19,"featured_media":0,"parent":1061,"menu_order":0,"comment_status":"closed","ping_status":"closed","template":"","meta":{"_links_to":"","_links_to_target":""},"yoast_head":"<!-- This site is optimized with the Yoast SEO plugin v20.6-RC4 - https:\/\/yoast.com\/wordpress\/plugins\/seo\/ -->\n<title>&#032;-&#032; Polityka prywatno\u015bci<\/title>\n<meta name=\"robots\" content=\"index, follow, max-snippet:-1, max-image-preview:large, max-video-preview:-1\" \/>\n<link rel=\"canonical\" href=\"https:\/\/www.solidarnosc.org.pl\/bbial\/archiwumstrony\/dolacz-do-nas\/polityka-prywatnosci\/\" \/>\n<meta property=\"og:locale\" content=\"pl_PL\" \/>\n<meta property=\"og:type\" content=\"article\" \/>\n<meta property=\"og:title\" content=\"&#032;-&#032; Polityka prywatno\u015bci\" \/>\n<meta property=\"og:description\" content=\"Polityka prywatno\u015bci opisuje zasady przetwarzania przez nas informacji na Tw\u00f3j temat, w tym danych osobowych oraz ciasteczek, czyli tzw. cookies. 1. Informacje og\u00f3lne Niniejsza polityka dotyczy Serwisu www, funkcjonuj\u0105cego pod adresem url:\u00a0http:\/\/solidarnosc.org.pl\/bbial Operatorem serwisu oraz Administratorem danych osobowych jest: ZR NSZZ Solidarno\u015b\u0107 Regionu Podbeskidzie, 43-300 Bielsko-Bia\u0142a, ul. Adama Asnyka 19 Adres kontaktowy poczty elektronicznej operatora: [&hellip;]\" \/>\n<meta property=\"og:url\" content=\"https:\/\/www.solidarnosc.org.pl\/bbial\/archiwumstrony\/dolacz-do-nas\/polityka-prywatnosci\/\" \/>\n<meta property=\"og:site_name\" content=\"NSZZ SOLIDARNO\u015a\u0106\" \/>\n<meta property=\"article:publisher\" content=\"https:\/\/www.facebook.com\/RegionPodbeskidzieNSZZSolidarnosc\/?locale=pl_PL\" \/>\n<meta property=\"article:modified_time\" content=\"2020-04-26T22:38:51+00:00\" \/>\n<meta property=\"og:image\" content=\"https:\/\/www.solidarnosc.org.pl\/bbial\/archiwumstrony\/wp-content\/uploads\/2023\/10\/logo-nszz-s-podeskidzie.jpg\" \/>\n\t<meta property=\"og:image:width\" content=\"1626\" \/>\n\t<meta property=\"og:image:height\" content=\"1030\" \/>\n\t<meta property=\"og:image:type\" content=\"image\/jpeg\" \/>\n<meta name=\"twitter:card\" content=\"summary_large_image\" \/>\n<meta name=\"twitter:label1\" content=\"Szacowany czas czytania\" \/>\n\t<meta name=\"twitter:data1\" content=\"7 minut\" \/>\n<script type=\"application\/ld+json\" class=\"yoast-schema-graph\">{\"@context\":\"https:\/\/schema.org\",\"@graph\":[{\"@type\":\"WebPage\",\"@id\":\"https:\/\/www.solidarnosc.org.pl\/bbial\/archiwumstrony\/dolacz-do-nas\/polityka-prywatnosci\/\",\"url\":\"https:\/\/www.solidarnosc.org.pl\/bbial\/archiwumstrony\/dolacz-do-nas\/polityka-prywatnosci\/\",\"name\":\"&#32;-&#32; Polityka prywatno\u015bci\",\"isPartOf\":{\"@id\":\"https:\/\/www.solidarnosc.org.pl\/bbial\/archiwumstrony\/#website\"},\"datePublished\":\"2020-04-26T21:10:40+00:00\",\"dateModified\":\"2020-04-26T22:38:51+00:00\",\"breadcrumb\":{\"@id\":\"https:\/\/www.solidarnosc.org.pl\/bbial\/archiwumstrony\/dolacz-do-nas\/polityka-prywatnosci\/#breadcrumb\"},\"inLanguage\":\"pl-PL\",\"potentialAction\":[{\"@type\":\"ReadAction\",\"target\":[\"https:\/\/www.solidarnosc.org.pl\/bbial\/archiwumstrony\/dolacz-do-nas\/polityka-prywatnosci\/\"]}]},{\"@type\":\"BreadcrumbList\",\"@id\":\"https:\/\/www.solidarnosc.org.pl\/bbial\/archiwumstrony\/dolacz-do-nas\/polityka-prywatnosci\/#breadcrumb\",\"itemListElement\":[{\"@type\":\"ListItem\",\"position\":1,\"name\":\"Strona g\u0142\u00f3wna\",\"item\":\"https:\/\/www.solidarnosc.org.pl\/bbial\/archiwumstrony\/\"},{\"@type\":\"ListItem\",\"position\":2,\"name\":\"DO\u0141\u0104CZ DO NAS\",\"item\":\"https:\/\/www.solidarnosc.org.pl\/bbial\/archiwumstrony\/dolacz-do-nas\/\"},{\"@type\":\"ListItem\",\"position\":3,\"name\":\"Polityka prywatno\u015bci\"}]},{\"@type\":\"WebSite\",\"@id\":\"https:\/\/www.solidarnosc.org.pl\/bbial\/archiwumstrony\/#website\",\"url\":\"https:\/\/www.solidarnosc.org.pl\/bbial\/archiwumstrony\/\",\"name\":\"NSZZ SOLIDARNO\u015a\u0106\",\"description\":\"Region Podbeskidzie\",\"publisher\":{\"@id\":\"https:\/\/www.solidarnosc.org.pl\/bbial\/archiwumstrony\/#organization\"},\"potentialAction\":[{\"@type\":\"SearchAction\",\"target\":{\"@type\":\"EntryPoint\",\"urlTemplate\":\"https:\/\/www.solidarnosc.org.pl\/bbial\/archiwumstrony\/?s={search_term_string}\"},\"query-input\":\"required name=search_term_string\"}],\"inLanguage\":\"pl-PL\"},{\"@type\":\"Organization\",\"@id\":\"https:\/\/www.solidarnosc.org.pl\/bbial\/archiwumstrony\/#organization\",\"name\":\"NSZZ SOLIDARNO\u015a\u0106\",\"url\":\"https:\/\/www.solidarnosc.org.pl\/bbial\/archiwumstrony\/\",\"logo\":{\"@type\":\"ImageObject\",\"inLanguage\":\"pl-PL\",\"@id\":\"https:\/\/www.solidarnosc.org.pl\/bbial\/archiwumstrony\/#\/schema\/logo\/image\/\",\"url\":\"https:\/\/www.solidarnosc.org.pl\/bbial\/archiwumstrony\/wp-content\/uploads\/2023\/10\/logo-nszz-s-podeskidzie.jpg\",\"contentUrl\":\"https:\/\/www.solidarnosc.org.pl\/bbial\/archiwumstrony\/wp-content\/uploads\/2023\/10\/logo-nszz-s-podeskidzie.jpg\",\"width\":1626,\"height\":1030,\"caption\":\"NSZZ SOLIDARNO\u015a\u0106\"},\"image\":{\"@id\":\"https:\/\/www.solidarnosc.org.pl\/bbial\/archiwumstrony\/#\/schema\/logo\/image\/\"},\"sameAs\":[\"https:\/\/www.facebook.com\/RegionPodbeskidzieNSZZSolidarnosc\/?locale=pl_PL\"]}]}<\/script>\n<!-- \/ Yoast SEO plugin. -->","yoast_head_json":{"title":"&#32;-&#32; Polityka prywatno\u015bci","robots":{"index":"index","follow":"follow","max-snippet":"max-snippet:-1","max-image-preview":"max-image-preview:large","max-video-preview":"max-video-preview:-1"},"canonical":"https:\/\/www.solidarnosc.org.pl\/bbial\/archiwumstrony\/dolacz-do-nas\/polityka-prywatnosci\/","og_locale":"pl_PL","og_type":"article","og_title":"&#32;-&#32; Polityka prywatno\u015bci","og_description":"Polityka prywatno\u015bci opisuje zasady przetwarzania przez nas informacji na Tw\u00f3j temat, w tym danych osobowych oraz ciasteczek, czyli tzw. cookies. 1. Informacje og\u00f3lne Niniejsza polityka dotyczy Serwisu www, funkcjonuj\u0105cego pod adresem url:\u00a0http:\/\/solidarnosc.org.pl\/bbial Operatorem serwisu oraz Administratorem danych osobowych jest: ZR NSZZ Solidarno\u015b\u0107 Regionu Podbeskidzie, 43-300 Bielsko-Bia\u0142a, ul. Adama Asnyka 19 Adres kontaktowy poczty elektronicznej operatora: [&hellip;]","og_url":"https:\/\/www.solidarnosc.org.pl\/bbial\/archiwumstrony\/dolacz-do-nas\/polityka-prywatnosci\/","og_site_name":"NSZZ SOLIDARNO\u015a\u0106","article_publisher":"https:\/\/www.facebook.com\/RegionPodbeskidzieNSZZSolidarnosc\/?locale=pl_PL","article_modified_time":"2020-04-26T22:38:51+00:00","og_image":[{"width":1626,"height":1030,"url":"https:\/\/www.solidarnosc.org.pl\/bbial\/archiwumstrony\/wp-content\/uploads\/2023\/10\/logo-nszz-s-podeskidzie.jpg","type":"image\/jpeg"}],"twitter_card":"summary_large_image","twitter_misc":{"Szacowany czas czytania":"7 minut"},"schema":{"@context":"https:\/\/schema.org","@graph":[{"@type":"WebPage","@id":"https:\/\/www.solidarnosc.org.pl\/bbial\/archiwumstrony\/dolacz-do-nas\/polityka-prywatnosci\/","url":"https:\/\/www.solidarnosc.org.pl\/bbial\/archiwumstrony\/dolacz-do-nas\/polityka-prywatnosci\/","name":"&#32;-&#32; Polityka prywatno\u015bci","isPartOf":{"@id":"https:\/\/www.solidarnosc.org.pl\/bbial\/archiwumstrony\/#website"},"datePublished":"2020-04-26T21:10:40+00:00","dateModified":"2020-04-26T22:38:51+00:00","breadcrumb":{"@id":"https:\/\/www.solidarnosc.org.pl\/bbial\/archiwumstrony\/dolacz-do-nas\/polityka-prywatnosci\/#breadcrumb"},"inLanguage":"pl-PL","potentialAction":[{"@type":"ReadAction","target":["https:\/\/www.solidarnosc.org.pl\/bbial\/archiwumstrony\/dolacz-do-nas\/polityka-prywatnosci\/"]}]},{"@type":"BreadcrumbList","@id":"https:\/\/www.solidarnosc.org.pl\/bbial\/archiwumstrony\/dolacz-do-nas\/polityka-prywatnosci\/#breadcrumb","itemListElement":[{"@type":"ListItem","position":1,"name":"Strona g\u0142\u00f3wna","item":"https:\/\/www.solidarnosc.org.pl\/bbial\/archiwumstrony\/"},{"@type":"ListItem","position":2,"name":"DO\u0141\u0104CZ DO NAS","item":"https:\/\/www.solidarnosc.org.pl\/bbial\/archiwumstrony\/dolacz-do-nas\/"},{"@type":"ListItem","position":3,"name":"Polityka prywatno\u015bci"}]},{"@type":"WebSite","@id":"https:\/\/www.solidarnosc.org.pl\/bbial\/archiwumstrony\/#website","url":"https:\/\/www.solidarnosc.org.pl\/bbial\/archiwumstrony\/","name":"NSZZ SOLIDARNO\u015a\u0106","description":"Region Podbeskidzie","publisher":{"@id":"https:\/\/www.solidarnosc.org.pl\/bbial\/archiwumstrony\/#organization"},"potentialAction":[{"@type":"SearchAction","target":{"@type":"EntryPoint","urlTemplate":"https:\/\/www.solidarnosc.org.pl\/bbial\/archiwumstrony\/?s={search_term_string}"},"query-input":"required name=search_term_string"}],"inLanguage":"pl-PL"},{"@type":"Organization","@id":"https:\/\/www.solidarnosc.org.pl\/bbial\/archiwumstrony\/#organization","name":"NSZZ SOLIDARNO\u015a\u0106","url":"https:\/\/www.solidarnosc.org.pl\/bbial\/archiwumstrony\/","logo":{"@type":"ImageObject","inLanguage":"pl-PL","@id":"https:\/\/www.solidarnosc.org.pl\/bbial\/archiwumstrony\/#\/schema\/logo\/image\/","url":"https:\/\/www.solidarnosc.org.pl\/bbial\/archiwumstrony\/wp-content\/uploads\/2023\/10\/logo-nszz-s-podeskidzie.jpg","contentUrl":"https:\/\/www.solidarnosc.org.pl\/bbial\/archiwumstrony\/wp-content\/uploads\/2023\/10\/logo-nszz-s-podeskidzie.jpg","width":1626,"height":1030,"caption":"NSZZ SOLIDARNO\u015a\u0106"},"image":{"@id":"https:\/\/www.solidarnosc.org.pl\/bbial\/archiwumstrony\/#\/schema\/logo\/image\/"},"sameAs":["https:\/\/www.facebook.com\/RegionPodbeskidzieNSZZSolidarnosc\/?locale=pl_PL"]}]}},"_links":{"self":[{"href":"https:\/\/www.solidarnosc.org.pl\/bbial\/archiwumstrony\/wp-json\/wp\/v2\/pages\/19186"}],"collection":[{"href":"https:\/\/www.solidarnosc.org.pl\/bbial\/archiwumstrony\/wp-json\/wp\/v2\/pages"}],"about":[{"href":"https:\/\/www.solidarnosc.org.pl\/bbial\/archiwumstrony\/wp-json\/wp\/v2\/types\/page"}],"author":[{"embeddable":true,"href":"https:\/\/www.solidarnosc.org.pl\/bbial\/archiwumstrony\/wp-json\/wp\/v2\/users\/19"}],"replies":[{"embeddable":true,"href":"https:\/\/www.solidarnosc.org.pl\/bbial\/archiwumstrony\/wp-json\/wp\/v2\/comments?post=19186"}],"version-history":[{"count":4,"href":"https:\/\/www.solidarnosc.org.pl\/bbial\/archiwumstrony\/wp-json\/wp\/v2\/pages\/19186\/revisions"}],"predecessor-version":[{"id":19205,"href":"https:\/\/www.solidarnosc.org.pl\/bbial\/archiwumstrony\/wp-json\/wp\/v2\/pages\/19186\/revisions\/19205"}],"up":[{"embeddable":true,"href":"https:\/\/www.solidarnosc.org.pl\/bbial\/archiwumstrony\/wp-json\/wp\/v2\/pages\/1061"}],"wp:attachment":[{"href":"https:\/\/www.solidarnosc.org.pl\/bbial\/archiwumstrony\/wp-json\/wp\/v2\/media?parent=19186"}],"curies":[{"name":"wp","href":"https:\/\/api.w.org\/{rel}","templated":true}]}}